{"id":223198,"date":"2025-03-28T17:59:14","date_gmt":"2025-03-28T17:59:14","guid":{"rendered":"https:\/\/www.internetsociety.org\/?page_id=223198"},"modified":"2025-05-09T12:58:38","modified_gmt":"2025-05-09T12:58:38","slug":"closing-the-digital-divide","status":"publish","type":"page","link":"https:\/\/www.internetsociety.org\/es\/our-work\/closing-the-digital-divide\/","title":{"rendered":"Cerrar la brecha digital"},"content":{"rendered":"\n<section class=\"wp-block-uagb-columns uagb-columns__wrap uagb-columns__background-image uagb-columns__stack-mobile uagb-columns__valign- uagb-columns__gap-10 align uagb-block-72793661 uagb-columns__columns-1 uagb-columns__max_width-theme background-image-fallback-black uag-hide-tab uag-hide-mob\"><div class=\"uagb-columns__overlay\"><\/div><div class=\"uagb-columns__inner-wrap uagb-columns__columns-1\">\n<div class=\"wp-block-uagb-column uagb-column__wrap uagb-column__background-undefined uagb-block-3d6f7098\"><div class=\"uagb-column__overlay\"><\/div>\n<h1 class=\"wp-block-heading has-neutral-white-color has-text-color\">Cerrar <br>la brecha digital. <br>Para todos.<\/h1>\n<\/div>\n<\/div><\/section>\n\n\n\n<section class=\"wp-block-uagb-columns uagb-columns__wrap uagb-columns__background-none uagb-columns__stack-tablet uagb-columns__valign-top uagb-columns__gap-10 align uagb-block-de3d1d5d uagb-columns__columns-1 uagb-columns__max_width-theme uag-hide-desktop\"><div class=\"uagb-columns__overlay\"><\/div><div class=\"uagb-columns__inner-wrap uagb-columns__columns-1\">\n<div class=\"wp-block-uagb-column uagb-column__wrap uagb-column__background-undefined uagb-block-f338041f\"><div class=\"uagb-column__overlay\"><\/div>\n<h1 class=\"wp-block-heading has-text-align-left\">Cerrar la brecha digital. Para todos.<\/h1>\n\n\n\n<div style=\"height:30px\" aria-hidden=\"true\" class=\"wp-block-spacer\"><\/div>\n\n\n\n<figure class=\"wp-block-image size-full\"><img loading=\"lazy\" decoding=\"async\" width=\"1350\" height=\"800\" src=\"https:\/\/www.internetsociety.org\/wp-content\/uploads\/2024\/11\/NY-lady-cables-1.jpg\" alt=\"A woman wearing glasses and a scarf is holding a black wire\" class=\"wp-image-215935\" srcset=\"https:\/\/www.internetsociety.org\/wp-content\/uploads\/2024\/11\/NY-lady-cables-1.jpg 1350w, https:\/\/www.internetsociety.org\/wp-content\/uploads\/2024\/11\/NY-lady-cables-1-450x267.jpg 450w, https:\/\/www.internetsociety.org\/wp-content\/uploads\/2024\/11\/NY-lady-cables-1-1024x607.jpg 1024w, https:\/\/www.internetsociety.org\/wp-content\/uploads\/2024\/11\/NY-lady-cables-1-768x455.jpg 768w, https:\/\/www.internetsociety.org\/wp-content\/uploads\/2024\/11\/NY-lady-cables-1-250x148.jpg 250w\" sizes=\"auto, (max-width: 1350px) 100vw, 1350px\" \/><\/figure>\n<\/div>\n<\/div><\/section>\n\n\n\n<section class=\"wp-block-uagb-columns uagb-columns__wrap uagb-columns__background-none uagb-columns__stack-tablet uagb-columns__valign-top uagb-columns__gap-10 align uagb-block-7fc96a50 uagb-columns__columns-1 uagb-columns__max_width-theme\"><div class=\"uagb-columns__overlay\"><\/div><div class=\"uagb-columns__inner-wrap uagb-columns__columns-1\">\n<div class=\"wp-block-uagb-column uagb-column__wrap uagb-column__background-undefined uagb-block-8e5712d6\"><div class=\"uagb-column__overlay\"><\/div>\n<h2 class=\"wp-block-heading has-accent-purple-color has-text-color has-32-font-size\"><strong>Una tercera parte del mundo sigue sin tener acceso a Internet. Estamos cambiando eso.<\/strong><\/h2>\n\n\n\n<div style=\"height:20px\" aria-hidden=\"true\" class=\"wp-block-spacer\"><\/div>\n\n\n\n<p class=\"has-18-font-size\">La Internet es una necesidad de la vida moderna. Pero dos mil millones de personas a\u00fan no tienen acceso confiable y asequible a ella. Por eso es que nuestra comunidad global est\u00e1 trabajando para cerrar la brecha digital y asegurarse de que, sin importar en d\u00f3nde vivan las personas, puedan disfrutar de los beneficios que Internet tiene para ofrecer.<\/p>\n\n\n\n<p class=\"has-18-font-size\">Establecer acceso a Internet en lugares desatendidos o dif\u00edciles de alcanzar requiere de pasi\u00f3n y creatividad. Y tambi\u00e9n de recursos. Le brindamos a las personas la experiencia y los componentes t\u00e9cnicos que necesitan para establecer un acceso a Internet resiliente y asequible. Y juntos podemos promover pol\u00edticas que contribuyan al crecimiento de Internet y a crear un entorno seguro en l\u00ednea para todos.<\/p>\n\n\n\n<div style=\"height:40px\" aria-hidden=\"true\" class=\"wp-block-spacer uag-hide-tab uag-hide-mob\"><\/div>\n\n\n\n<div style=\"height:20px\" aria-hidden=\"true\" class=\"wp-block-spacer uag-hide-desktop\"><\/div>\n\n\n\n<h3 class=\"wp-block-heading has-32-font-size\">C\u00f3mo estamos cerrando la brecha digital<\/h3>\n\n\n\n<div style=\"height:20px\" aria-hidden=\"true\" class=\"wp-block-spacer\"><\/div>\n\n\n\n<p class=\"has-18-font-size\">Llevamos acceso a Internet a quienes m\u00e1s lo necesitan.<\/p>\n\n\n\n<p class=\"has-18-font-size\"><a href=\"https:\/\/www.internetsociety.org\/es\/action-plan\/connecting-the-unconnected\/\">Conectando a los desconectados<\/a><br>Las habilidades, la infraestructura y la normativa juegan un papel clave en el acceso a Internet. Logramos que la gente se conecte trabajando en estas tres \u00e1reas.<\/p>\n\n\n\n<p class=\"has-18-font-size\"><a href=\"https:\/\/www.internetsociety.org\/es\/action-plan\/measuring-the-internet\/\">Midiendo la Internet<\/a><br>Recabamos datos de Internet y analizamos las tendencias globales para ayudar a periodistas, formuladores de pol\u00edticas, organizaciones de la sociedad civil y a todos los interesados a entender la disponibilidad y resiliencia de Internet.<\/p>\n\n\n\n<p class=\"has-18-font-size\"><a href=\"https:\/\/www.internetsociety.org\/es\/action-plan\/sustainable-peering-infrastructure\/\">Infraestructura de peering sostenible<\/a><br>El peering disminuye los costos y mejora el desempe\u00f1o y la resiliencia de la red al utilizar puntos de intercambio de Internet (IXP) para reemplazar los costosos enlaces internacionales por tr\u00e1fico local.<\/p>\n<\/div>\n<\/div><\/section>\n\n\n\n<section class=\"wp-block-uagb-columns uagb-columns__wrap uagb-columns__background-image uagb-columns__stack-none uagb-columns__valign- uagb-columns__gap-10 align uagb-block-4d9bf2bb uagb-columns__columns-1 uagb-columns__max_width-theme background-image-fallback-white\"><div class=\"uagb-columns__overlay\"><\/div><div class=\"uagb-columns__inner-wrap uagb-columns__columns-1\">\n<div class=\"wp-block-uagb-column uagb-column__wrap uagb-column__background-undefined uagb-block-4c678b85\"><div class=\"uagb-column__overlay\"><\/div>\n<h3 class=\"wp-block-heading has-32-font-size\"><strong>Comunidades que conectamos<\/strong><\/h3>\n\n\n\n<div style=\"height:20px\" aria-hidden=\"true\" class=\"wp-block-spacer\"><\/div>\n\n\n\n<div class=\"wp-block-uagb-slider uagb-block-ad603c61 uagb-slider-container\"><div class=\"uagb-slides uagb-swiper\"><div class=\"swiper-wrapper\">\n<div class=\"wp-block-uagb-slider-child uagb-slider-child-wrap swiper-slide uagb-block-be2a7d87\"><div class=\"swiper-content\">\n<div class=\"wp-block-uagb-container uagb-block-b5f2db99 default uagb-is-root-container\">\n<section class=\"wp-block-uagb-columns uagb-columns__wrap uagb-columns__background-none uagb-columns__stack-tablet uagb-columns__valign-center uagb-columns__gap-10 align uagb-columns__reverse-tablet uagb-block-28598c2e uagb-columns__columns-2 uagb-columns__max_width-theme\"><div class=\"uagb-columns__overlay\"><\/div><div class=\"uagb-columns__inner-wrap uagb-columns__columns-2\">\n<div class=\"wp-block-uagb-column uagb-column__wrap uagb-column__background-color uagb-block-0876264a\"><div class=\"uagb-column__overlay\"><\/div>\n<h3 class=\"wp-block-heading has-28-font-size\">Redujimos la brecha digital en Ruanda<\/h3>\n\n\n\n<div style=\"height:20px\" aria-hidden=\"true\" class=\"wp-block-spacer\"><\/div>\n\n\n\n<p class=\"has-18-font-size\">Los docentes de una aldea de Ruanda ten\u00edan que viajar largas distancias para obtener acceso a Internet hasta que nuestro cap\u00edtulo en Ruanda <a href=\"https:\/\/www.internetsociety.org\/our-impact\/stories\/rwanda-chapter\/\" target=\"_blank\" rel=\"noreferrer noopener\">construy\u00f3 un centro de acceso a Internet para la comunidad<\/a>.<\/p>\n\n\n\n<p class=\"has-18-font-size\">Los centros de acceso a Internet alrededor del distrito de Bugesera en Ruanda han conectado a miles de docentes, estudiantes y miembros de la comunidad.<\/p>\n<\/div>\n\n\n\n<div class=\"wp-block-uagb-column uagb-column__wrap uagb-column__background-color uagb-block-e26e6e61\"><div class=\"uagb-column__overlay\"><\/div><div class=\"wp-block-image\">\n<figure class=\"alignleft size-full\"><img loading=\"lazy\" decoding=\"async\" width=\"530\" height=\"530\" src=\"https:\/\/www.internetsociety.org\/wp-content\/uploads\/2025\/04\/Child-at-Computer-1.jpg\" alt=\"\" class=\"wp-image-222911\" style=\"aspect-ratio:1;object-fit:cover\" srcset=\"https:\/\/www.internetsociety.org\/wp-content\/uploads\/2025\/04\/Child-at-Computer-1.jpg 530w, https:\/\/www.internetsociety.org\/wp-content\/uploads\/2025\/04\/Child-at-Computer-1-450x450.jpg 450w, https:\/\/www.internetsociety.org\/wp-content\/uploads\/2025\/04\/Child-at-Computer-1-150x150.jpg 150w, https:\/\/www.internetsociety.org\/wp-content\/uploads\/2025\/04\/Child-at-Computer-1-250x250.jpg 250w\" sizes=\"auto, (max-width: 530px) 100vw, 530px\" \/><\/figure>\n<\/div><\/div>\n<\/div><\/section>\n<\/div>\n<\/div><\/div>\n\n\n\n<div class=\"wp-block-uagb-slider-child uagb-slider-child-wrap swiper-slide uagb-block-a93aaebc\"><div class=\"swiper-content\">\n<div class=\"wp-block-uagb-container uagb-block-3017b8a1 default uagb-is-root-container\">\n<section class=\"wp-block-uagb-columns uagb-columns__wrap uagb-columns__background-none uagb-columns__stack-tablet uagb-columns__valign-center uagb-columns__gap-10 align uagb-columns__reverse-tablet uagb-block-7013c569 uagb-columns__columns-2 uagb-columns__max_width-theme\"><div class=\"uagb-columns__overlay\"><\/div><div class=\"uagb-columns__inner-wrap uagb-columns__columns-2\">\n<div class=\"wp-block-uagb-column uagb-column__wrap uagb-column__background-color uagb-block-3d73278c\"><div class=\"uagb-column__overlay\"><\/div>\n<h3 class=\"wp-block-heading has-28-font-size\">Llevamos Internet hasta alturas extremas en Nepal<\/h3>\n\n\n\n<div style=\"height:20px\" aria-hidden=\"true\" class=\"wp-block-spacer\"><\/div>\n\n\n\n<p class=\"has-18-font-size\">Ayudamos a construir la red comunitaria m\u00e1s alta del mundo, la cual est\u00e1 <a href=\"https:\/\/www.internetsociety.org\/es\/issues\/community-networks\/success-stories\/nepal\/\">creando nuevas oportunidades en los poblados nepaleses de Khuande y Khumjung<\/a>.<\/p>\n\n\n\n<p class=\"has-18-font-size\">Tambi\u00e9n regresamos para <a href=\"https:\/\/www.internetsociety.org\/blog\/2024\/06\/return-to-everest-happily-connected-sherpas\/\" target=\"_blank\" rel=\"noreferrer noopener\">capacitar a la poblaci\u00f3n local en inform\u00e1tica y redes de fibra \u00f3ptica<\/a> para que puedan gestionar y solucionar los problemas de red.<\/p>\n<\/div>\n\n\n\n<div class=\"wp-block-uagb-column uagb-column__wrap uagb-column__background-color uagb-block-7779069c\"><div class=\"uagb-column__overlay\"><\/div><div class=\"wp-block-image\">\n<figure class=\"alignleft size-full\"><img loading=\"lazy\" decoding=\"async\" width=\"578\" height=\"664\" src=\"https:\/\/www.internetsociety.org\/wp-content\/uploads\/2025\/02\/Sherpa-people-Nepal-1.jpg\" alt=\"A man and woman stand together in front of a stove\" class=\"wp-image-220587\" style=\"aspect-ratio:1;object-fit:cover\" srcset=\"https:\/\/www.internetsociety.org\/wp-content\/uploads\/2025\/02\/Sherpa-people-Nepal-1.jpg 578w, https:\/\/www.internetsociety.org\/wp-content\/uploads\/2025\/02\/Sherpa-people-Nepal-1-392x450.jpg 392w, https:\/\/www.internetsociety.org\/wp-content\/uploads\/2025\/02\/Sherpa-people-Nepal-1-250x287.jpg 250w\" sizes=\"auto, (max-width: 578px) 100vw, 578px\" \/><\/figure>\n<\/div><\/div>\n<\/div><\/section>\n<\/div>\n<\/div><\/div>\n\n\n\n<div class=\"wp-block-uagb-slider-child uagb-slider-child-wrap swiper-slide uagb-block-907235a6\"><div class=\"swiper-content\">\n<div class=\"wp-block-uagb-container uagb-block-00c745d0 default uagb-is-root-container\">\n<section class=\"wp-block-uagb-columns uagb-columns__wrap uagb-columns__background-none uagb-columns__stack-tablet uagb-columns__valign-center uagb-columns__gap-10 align uagb-columns__reverse-tablet uagb-block-239643ad uagb-columns__columns-2 uagb-columns__max_width-theme\"><div class=\"uagb-columns__overlay\"><\/div><div class=\"uagb-columns__inner-wrap uagb-columns__columns-2\">\n<div class=\"wp-block-uagb-column uagb-column__wrap uagb-column__background-color uagb-block-d94f760c\"><div class=\"uagb-column__overlay\"><\/div>\n<h3 class=\"wp-block-heading has-28-font-size\">Conectamos a las mujeres ind\u00edgenas del Chaco Sudamericano<\/h3>\n\n\n\n<div style=\"height:20px\" aria-hidden=\"true\" class=\"wp-block-spacer\"><\/div>\n\n\n\n<p class=\"has-18-font-size\">La regi\u00f3n del Gran Chaco es hogar de diversos pueblos ind\u00edgenas, muchos de los cuales carecen de las oportunidades que ofrece Internet.<\/p>\n\n\n\n<p class=\"has-18-font-size\">El proyecto NANUM Mujeres Conectadas ha <a href=\"https:\/\/www.internetsociety.org\/es\/issues\/community-networks\/success-stories\/south-american-chaco\/\">conectado a miles de personas en comunidades remotas<\/a>, incluidas cerca de<a href=\"https:\/\/www.internetsociety.org\/issues\/community-networks\/success-stories\/paraguayan-chaco\/\" target=\"_blank\" rel=\"noreferrer noopener\"> 20 comunidades Nivacl\u00e9<\/a> en Paraguay.<\/p>\n<\/div>\n\n\n\n<div class=\"wp-block-uagb-column uagb-column__wrap uagb-column__background-color uagb-block-338ce41f\"><div class=\"uagb-column__overlay\"><\/div><div class=\"wp-block-image\">\n<figure class=\"alignleft size-large\"><img loading=\"lazy\" decoding=\"async\" width=\"1450\" height=\"850\" src=\"https:\/\/www.internetsociety.org\/wp-content\/uploads\/2025\/03\/NANUM-Center-2.jpg\" alt=\"A woman pointing on an installation board\" class=\"wp-image-221788\" style=\"aspect-ratio:1;object-fit:cover\" srcset=\"https:\/\/www.internetsociety.org\/wp-content\/uploads\/2025\/03\/NANUM-Center-2.jpg 1450w, https:\/\/www.internetsociety.org\/wp-content\/uploads\/2025\/03\/NANUM-Center-2-450x264.jpg 450w, https:\/\/www.internetsociety.org\/wp-content\/uploads\/2025\/03\/NANUM-Center-2-1024x600.jpg 1024w, https:\/\/www.internetsociety.org\/wp-content\/uploads\/2025\/03\/NANUM-Center-2-768x450.jpg 768w, https:\/\/www.internetsociety.org\/wp-content\/uploads\/2025\/03\/NANUM-Center-2-250x147.jpg 250w\" sizes=\"auto, (max-width: 1450px) 100vw, 1450px\" \/><\/figure>\n<\/div><\/div>\n<\/div><\/section>\n<\/div>\n<\/div><\/div>\n\n\n\n<div class=\"wp-block-uagb-slider-child uagb-slider-child-wrap swiper-slide uagb-block-88d72494\"><div class=\"swiper-content\">\n<div class=\"wp-block-uagb-container uagb-block-14b9911c default uagb-is-root-container\">\n<section class=\"wp-block-uagb-columns uagb-columns__wrap uagb-columns__background-none uagb-columns__stack-tablet uagb-columns__valign-center uagb-columns__gap-10 align uagb-columns__reverse-tablet uagb-block-c25e5b94 uagb-columns__columns-2 uagb-columns__max_width-theme\"><div class=\"uagb-columns__overlay\"><\/div><div class=\"uagb-columns__inner-wrap uagb-columns__columns-2\">\n<div class=\"wp-block-uagb-column uagb-column__wrap uagb-column__background-color uagb-block-97a554b7\"><div class=\"uagb-column__overlay\"><\/div>\n<h3 class=\"wp-block-heading has-28-font-size\">Luego de casi una d\u00e9cada, el IXP de Bolivia se potencia<\/h3>\n\n\n\n<div style=\"height:20px\" aria-hidden=\"true\" class=\"wp-block-spacer\"><\/div>\n\n\n\n<p class=\"has-18-font-size\">Nuestro cap\u00edtulo en Bolivia <a href=\"https:\/\/www.internetsociety.org\/issues\/ixps\/success-stories\/bolivia\/\" target=\"_blank\" rel=\"noreferrer noopener\">se encarg\u00f3 de fomentar y mantener la confianza<\/a> para sacar del grupo un punto de intercambio de Internet ya existente e infrautilizado.<\/p>\n\n\n\n<p class=\"has-18-font-size\">Como resultado, el acceso y la resiliencia de Internet han mejorado dram\u00e1ticamente en la regi\u00f3n.<\/p>\n<\/div>\n\n\n\n<div class=\"wp-block-uagb-column uagb-column__wrap uagb-column__background-color uagb-block-50f100a7\"><div class=\"uagb-column__overlay\"><\/div><div class=\"wp-block-image\">\n<figure class=\"alignleft size-full\"><img loading=\"lazy\" decoding=\"async\" width=\"800\" height=\"536\" src=\"https:\/\/www.internetsociety.org\/wp-content\/uploads\/2025\/03\/girls-Bolivia.jpg\" alt=\"two girls with masks in front of the computers\" class=\"wp-image-221700\" style=\"aspect-ratio:1;object-fit:cover\" srcset=\"https:\/\/www.internetsociety.org\/wp-content\/uploads\/2025\/03\/girls-Bolivia.jpg 800w, https:\/\/www.internetsociety.org\/wp-content\/uploads\/2025\/03\/girls-Bolivia-450x302.jpg 450w, https:\/\/www.internetsociety.org\/wp-content\/uploads\/2025\/03\/girls-Bolivia-768x515.jpg 768w, https:\/\/www.internetsociety.org\/wp-content\/uploads\/2025\/03\/girls-Bolivia-250x168.jpg 250w\" sizes=\"auto, (max-width: 800px) 100vw, 800px\" \/><\/figure>\n<\/div><\/div>\n<\/div><\/section>\n<\/div>\n<\/div><\/div>\n<\/div><\/div><div class=\"swiper-pagination\"><\/div><div class=\"swiper-button-prev\"><\/div><div class=\"swiper-button-next\"><\/div><\/div>\n<\/div>\n<\/div><\/section>\n\n\n\n<section class=\"wp-block-uagb-columns uagb-columns__wrap uagb-columns__background-image uagb-columns__stack-mobile uagb-columns__valign- uagb-columns__gap-10 align uagb-block-97cd7c03 uagb-columns__columns-1 uagb-columns__max_width-theme background-image-fallback-black uag-hide-tab uag-hide-mob\"><div class=\"uagb-columns__overlay\"><\/div><div class=\"uagb-columns__inner-wrap uagb-columns__columns-1\">\n<div class=\"wp-block-uagb-column uagb-column__wrap uagb-column__background-color uagb-block-6c4fbb6d\"><div class=\"uagb-column__overlay\"><\/div>\n<h3 class=\"wp-block-heading has-white-color has-text-color has-32-font-size\"><strong>Juntos, podemos construir un mundo m\u00e1s conectado.<\/strong><\/h3>\n\n\n\n<div style=\"height:20px\" aria-hidden=\"true\" class=\"wp-block-spacer\"><\/div>\n\n\n\n<p class=\"has-neutral-white-color has-text-color has-18-font-size\">Todos merecen acceso a Internet confiable, sin importar su ubicaci\u00f3n o circunstancias.<\/p>\n\n\n\n<p class=\"has-neutral-white-color has-text-color has-18-font-size\">Al trabajar directamente con las comunidades m\u00e1s afectadas por la pobreza y la exclusi\u00f3n, podemos conectar a los desconectados, cerrar la brecha digital y crear un mundo m\u00e1s equitativo.<\/p>\n\n\n\n<div style=\"height:20px\" aria-hidden=\"true\" class=\"wp-block-spacer\"><\/div>\n\n\n\n<div class=\"wp-block-buttons is-horizontal is-content-justification-left is-layout-flex wp-container-core-buttons-is-layout-92fc3979 wp-block-buttons-is-layout-flex\">\n<div class=\"wp-block-button hover-background-transparent hover-border-white is-style-fill\"><a class=\"wp-block-button__link has-ground-navy-color has-accent-yellow-background-color has-text-color has-background wp-element-button\" href=\"https:\/\/www.internetsociety.org\/es\/get-involved\/\"><strong>Participe<\/strong><\/a><\/div>\n<\/div>\n<\/div>\n<\/div><\/section>\n\n\n\n<section class=\"wp-block-uagb-columns uagb-columns__wrap uagb-columns__background-color uagb-columns__stack-tablet uagb-columns__valign-top uagb-columns__gap-10 align uagb-block-456ebeaf uagb-columns__columns-1 uagb-columns__max_width-theme uag-hide-desktop\"><div class=\"uagb-columns__overlay\"><\/div><div class=\"uagb-columns__inner-wrap uagb-columns__columns-1\">\n<div class=\"wp-block-uagb-column uagb-column__wrap uagb-column__background-undefined uagb-block-a85a1003\"><div class=\"uagb-column__overlay\"><\/div>\n<h3 class=\"wp-block-heading has-ground-navy-color has-text-color has-32-font-size\"><strong>Juntos, podemos construir un mundo m\u00e1s conectado.<\/strong><\/h3>\n\n\n\n<div style=\"height:30px\" aria-hidden=\"true\" class=\"wp-block-spacer\"><\/div>\n\n\n\n<figure class=\"wp-block-image size-full\"><img loading=\"lazy\" decoding=\"async\" width=\"1440\" height=\"705\" src=\"https:\/\/www.internetsociety.org\/wp-content\/uploads\/2024\/11\/Tusheti-men-on-a-mountain-peak.jpg\" alt=\"Two people atop a mountain, gazing at the clouds\" class=\"wp-image-216010\" srcset=\"https:\/\/www.internetsociety.org\/wp-content\/uploads\/2024\/11\/Tusheti-men-on-a-mountain-peak.jpg 1440w, https:\/\/www.internetsociety.org\/wp-content\/uploads\/2024\/11\/Tusheti-men-on-a-mountain-peak-450x220.jpg 450w, https:\/\/www.internetsociety.org\/wp-content\/uploads\/2024\/11\/Tusheti-men-on-a-mountain-peak-1024x501.jpg 1024w, https:\/\/www.internetsociety.org\/wp-content\/uploads\/2024\/11\/Tusheti-men-on-a-mountain-peak-768x376.jpg 768w, https:\/\/www.internetsociety.org\/wp-content\/uploads\/2024\/11\/Tusheti-men-on-a-mountain-peak-250x122.jpg 250w\" sizes=\"auto, (max-width: 1440px) 100vw, 1440px\" \/><\/figure>\n\n\n\n<div style=\"height:30px\" aria-hidden=\"true\" class=\"wp-block-spacer\"><\/div>\n\n\n\n<p class=\"has-18-font-size\">Todos merecen acceso a Internet confiable, sin importar su ubicaci\u00f3n o circunstancias.<\/p>\n\n\n\n<p class=\"has-18-font-size\">Al trabajar directamente con las comunidades m\u00e1s afectadas por la pobreza y la exclusi\u00f3n, podemos conectar a los desconectados, cerrar la brecha digital y crear un mundo m\u00e1s equitativo.<\/p>\n\n\n\n<div style=\"height:20px\" aria-hidden=\"true\" class=\"wp-block-spacer\"><\/div>\n\n\n\n<div class=\"wp-block-buttons is-horizontal is-content-justification-left is-layout-flex wp-container-core-buttons-is-layout-92fc3979 wp-block-buttons-is-layout-flex\">\n<div class=\"wp-block-button hover-background-transparent hover-border-white is-style-fill\"><a class=\"wp-block-button__link has-ground-navy-color has-accent-yellow-background-color has-text-color has-background wp-element-button\" href=\"https:\/\/www.internetsociety.org\/es\/get-involved\/\"><strong>Participe<\/strong><\/a><\/div>\n<\/div>\n<\/div>\n<\/div><\/section>\n\n\n\n<p class=\"has-text-align-center has-neutral-white-color has-ground-navy-background-color has-text-color has-background has-12-font-size\">Derechos de autor:<br>\u00a9 Chris Gregory, \u00a9Victor Ndonnang\/Internet Society, \u00a9 Nyani Quarmyne, \u00a9 Gustavo Castellanos Echaz\u00fa, \u00a9 Carlos Sanabria, \u00a9 Nyani Quarmyne<\/p>\n","protected":false},"excerpt":{"rendered":"<p>Apoyamos redes comunitarias con recursos, experiencia y promoci\u00f3n para ayudar a conectar a quienes a menudo son olvidados.<\/p>\n","protected":false},"author":46,"featured_media":215937,"parent":47380,"menu_order":0,"comment_status":"closed","ping_status":"closed","template":"page-wide.php","meta":{"_acf_changed":false,"_uag_custom_page_level_css":"","footnotes":""},"categories":[99,67,119],"tags":[],"region_news_regions":[],"content_category":[],"ppma_author":[4057],"class_list":["post-223198","page","type-page","status-publish","has-post-thumbnail","hentry","category-about-internet-society","category-acceso-es","category-quienes-somos"],"acf":[],"uagb_featured_image_src":{"full":["https:\/\/www.internetsociety.org\/wp-content\/uploads\/2024\/11\/NY-lady-cables-1.jpg",1350,800,false],"thumbnail":["https:\/\/www.internetsociety.org\/wp-content\/uploads\/2024\/11\/NY-lady-cables-1-150x150.jpg",150,150,true],"medium":["https:\/\/www.internetsociety.org\/wp-content\/uploads\/2024\/11\/NY-lady-cables-1-450x267.jpg",450,267,true],"medium_large":["https:\/\/www.internetsociety.org\/wp-content\/uploads\/2024\/11\/NY-lady-cables-1-768x455.jpg",768,455,true],"large":["https:\/\/www.internetsociety.org\/wp-content\/uploads\/2024\/11\/NY-lady-cables-1-1024x607.jpg",1024,607,true],"1536x1536":["https:\/\/www.internetsociety.org\/wp-content\/uploads\/2024\/11\/NY-lady-cables-1.jpg",1350,800,false],"2048x2048":["https:\/\/www.internetsociety.org\/wp-content\/uploads\/2024\/11\/NY-lady-cables-1.jpg",1350,800,false],"post-thumbnail":["https:\/\/www.internetsociety.org\/wp-content\/uploads\/2024\/11\/NY-lady-cables-1-250x148.jpg",250,148,true],"square":["https:\/\/www.internetsociety.org\/wp-content\/uploads\/2024\/11\/NY-lady-cables-1-600x600.jpg",600,600,true],"gform-image-choice-sm":["https:\/\/www.internetsociety.org\/wp-content\/uploads\/2024\/11\/NY-lady-cables-1.jpg",300,178,false],"gform-image-choice-md":["https:\/\/www.internetsociety.org\/wp-content\/uploads\/2024\/11\/NY-lady-cables-1.jpg",400,237,false],"gform-image-choice-lg":["https:\/\/www.internetsociety.org\/wp-content\/uploads\/2024\/11\/NY-lady-cables-1.jpg",600,356,false]},"uagb_author_info":{"display_name":"Ivana Trbovic","author_link":"https:\/\/www.internetsociety.org\/es\/author\/trbovic\/"},"uagb_comment_info":0,"uagb_excerpt":"Apoyamos redes comunitarias con recursos, experiencia y promoci\u00f3n para ayudar a conectar a quienes a menudo son olvidados.","_links":{"self":[{"href":"https:\/\/www.internetsociety.org\/es\/wp-json\/wp\/v2\/pages\/223198","targetHints":{"allow":["GET"]}}],"collection":[{"href":"https:\/\/www.internetsociety.org\/es\/wp-json\/wp\/v2\/pages"}],"about":[{"href":"https:\/\/www.internetsociety.org\/es\/wp-json\/wp\/v2\/types\/page"}],"author":[{"embeddable":true,"href":"https:\/\/www.internetsociety.org\/es\/wp-json\/wp\/v2\/users\/46"}],"replies":[{"embeddable":true,"href":"https:\/\/www.internetsociety.org\/es\/wp-json\/wp\/v2\/comments?post=223198"}],"version-history":[{"count":0,"href":"https:\/\/www.internetsociety.org\/es\/wp-json\/wp\/v2\/pages\/223198\/revisions"}],"up":[{"embeddable":true,"href":"https:\/\/www.internetsociety.org\/es\/wp-json\/wp\/v2\/pages\/47380"}],"wp:featuredmedia":[{"embeddable":true,"href":"https:\/\/www.internetsociety.org\/es\/wp-json\/wp\/v2\/media\/215937"}],"wp:attachment":[{"href":"https:\/\/www.internetsociety.org\/es\/wp-json\/wp\/v2\/media?parent=223198"}],"wp:term":[{"taxonomy":"category","embeddable":true,"href":"https:\/\/www.internetsociety.org\/es\/wp-json\/wp\/v2\/categories?post=223198"},{"taxonomy":"post_tag","embeddable":true,"href":"https:\/\/www.internetsociety.org\/es\/wp-json\/wp\/v2\/tags?post=223198"},{"taxonomy":"region_news_regions","embeddable":true,"href":"https:\/\/www.internetsociety.org\/es\/wp-json\/wp\/v2\/region_news_regions?post=223198"},{"taxonomy":"content_category","embeddable":true,"href":"https:\/\/www.internetsociety.org\/es\/wp-json\/wp\/v2\/content_category?post=223198"},{"taxonomy":"author","embeddable":true,"href":"https:\/\/www.internetsociety.org\/es\/wp-json\/wp\/v2\/ppma_author?post=223198"}],"curies":[{"name":"wp","href":"https:\/\/api.w.org\/{rel}","templated":true}]}}