{"id":223104,"date":"2025-03-06T16:48:23","date_gmt":"2025-03-06T16:48:23","guid":{"rendered":"https:\/\/www.internetsociety.org\/?page_id=223104"},"modified":"2025-09-24T11:01:55","modified_gmt":"2025-09-24T11:01:55","slug":"asignacion-de-espectro-hay-lugar-para-todos","status":"publish","type":"page","link":"https:\/\/www.internetsociety.org\/es\/resources\/advancing-community-connectivity\/spectrum-allocation\/","title":{"rendered":"Asignaci\u00f3n de espectro: Hay lugar para todos"},"content":{"rendered":"\n<section class=\"wp-block-uagb-columns uagb-columns__wrap uagb-columns__background-image uagb-columns__stack-mobile uagb-columns__valign- uagb-columns__gap-10 align uagb-block-1b60d478 uagb-columns__columns-1 uagb-columns__max_width-theme background-image-fallback-black\"><div class=\"uagb-columns__overlay\"><\/div><div class=\"uagb-columns__inner-wrap uagb-columns__columns-1\">\n<div class=\"wp-block-uagb-column uagb-column__wrap uagb-column__background-undefined uagb-block-6da44868\"><div class=\"uagb-column__overlay\"><\/div>\n<p class=\"has-neutral-white-color has-text-color has-18-font-size\"><a href=\"https:\/\/www.internetsociety.org\/es\/resources\/advancing-community-connectivity\/overview\/\">Promoci\u00f3n de la conectividad comunitaria<\/a> &gt; Asignaci\u00f3n de espectro: Hay lugar para todos<\/p>\n\n\n\n<div style=\"height:30px\" aria-hidden=\"true\" class=\"wp-block-spacer\"><\/div>\n\n\n\n<h1 class=\"wp-block-heading has-neutral-white-color has-text-color\">Asignaci\u00f3n de espectro: Hay lugar para todos<\/h1>\n\n\n\n<section class=\"wp-block-uagb-columns uagb-columns__wrap uagb-columns__background-color uagb-columns__stack-tablet uagb-columns__valign-center uagb-columns__gap-10 align uagb-block-f5cc051d uagb-columns__columns-1 uagb-columns__max_width-theme\"><div class=\"uagb-columns__overlay\"><\/div><div class=\"uagb-columns__inner-wrap uagb-columns__columns-1\">\n<div class=\"wp-block-uagb-column uagb-column__wrap uagb-column__background-undefined uagb-block-b5e92d07\"><div class=\"uagb-column__overlay\"><\/div>\n<p class=\"has-neutral-white-color has-text-color has-28-font-size\"><strong><strong>Descubra c\u00f3mo una gesti\u00f3n m\u00e1s inteligente del espectro puede ampliar el acceso a Internet. Aprenda c\u00f3mo los cambios de pol\u00edticas pueden liberar espectro no utilizado, permitiendo que redes tanto grandes como peque\u00f1as ofrezcan conectividad de calidad a m\u00e1s comunidades.<\/strong><\/strong><\/p>\n<\/div>\n<\/div><\/section>\n<\/div>\n<\/div><\/section>\n\n\n\n<section class=\"wp-block-uagb-columns uagb-columns__wrap uagb-columns__background-none uagb-columns__stack-tablet uagb-columns__valign-top uagb-columns__gap-10 align uagb-block-de3d1d5d uagb-columns__columns-2 uagb-columns__max_width-theme\"><div class=\"uagb-columns__overlay\"><\/div><div class=\"uagb-columns__inner-wrap uagb-columns__columns-2\">\n<div class=\"wp-block-uagb-column uagb-column__wrap uagb-column__background-undefined uagb-block-f338041f\"><div class=\"uagb-column__overlay\"><\/div>\n<p class=\"has-18-font-size\">Existe la creencia err\u00f3nea de que el espectro es un recurso escaso, pero esto no es cierto. Hay espacio m\u00e1s que suficiente para que todos lo usen. Sin embargo, establecer las condiciones para un acceso asequible implica determinar c\u00f3mo gestionarlo de manera eficaz. Es posible crear marcos que permitan a actores grandes y peque\u00f1os compartir el espectro, de modo que m\u00e1s comunidades tengan acceso a una conectividad significativa y de calidad. A continuaci\u00f3n se presentan algunas maneras en que los cambios de pol\u00edticas se pueden utilizar para liberar espectro no utilizado o subutilizado, y con ello, generar nuevas oportunidades.<\/p>\n<\/div>\n\n\n\n<div class=\"wp-block-uagb-column uagb-column__wrap uagb-column__background-color uagb-block-526f2fae uag-hide-tab uag-hide-mob\"><div class=\"uagb-column__overlay\"><\/div>\n<section class=\"wp-block-uagb-columns uagb-columns__wrap uagb-columns__background-color uagb-columns__stack-mobile uagb-columns__valign- uagb-columns__gap-10 align uagb-block-fdf24225 uagb-columns__columns-1 uagb-columns__max_width-theme uag-hide-tab uag-hide-mob\"><div class=\"uagb-columns__overlay\"><\/div><div class=\"uagb-columns__inner-wrap uagb-columns__columns-1\">\n<div class=\"wp-block-uagb-column uagb-column__wrap uagb-column__background-undefined uagb-block-97d3e113\"><div class=\"uagb-column__overlay\"><\/div>\n<p class=\"has-text-align-left has-depth-green-color has-text-color has-link-color has-18-font-size wp-elements-018fbc05b03981214d89d523f8fe84e6\"><strong>Volver a <a href=\"\/es\/resources\/advancing-community-connectivity\/overview\/\">Impulsar la conectividad comunitaria:<br>Estrategias de pol\u00edticas para cerrar la brecha digital<\/a><\/strong><\/p>\n<\/div>\n<\/div><\/section>\n<\/div>\n<\/div><\/section>\n\n\n\n<section class=\"wp-block-uagb-columns uagb-columns__wrap uagb-columns__background-none uagb-columns__stack-tablet uagb-columns__valign-center uagb-columns__gap-10 align uagb-columns__reverse-tablet uagb-block-90bee086 uagb-columns__columns-2 uagb-columns__max_width-theme\"><div class=\"uagb-columns__overlay\"><\/div><div class=\"uagb-columns__inner-wrap uagb-columns__columns-2\">\n<div class=\"wp-block-uagb-column uagb-column__wrap uagb-column__background-color uagb-block-709bb893\"><div class=\"uagb-column__overlay\"><\/div>\n<h2 class=\"wp-block-heading has-32-font-size\">Asignar espectro para Wi-Fi<\/h2>\n\n\n\n<div style=\"height:20px\" aria-hidden=\"true\" class=\"wp-block-spacer\"><\/div>\n\n\n\n<p class=\"has-18-font-size\">El Wi-Fi suele ser la opci\u00f3n m\u00e1s asequible a la hora de configurar una red peque\u00f1a, especialmente en una comunidad desconectada. Esta porci\u00f3n del espectro puede utilizarse para crear una red comunitaria en malla usando enrutadores y repetidores dom\u00e9sticos est\u00e1ndar para llevar Internet de calidad y a bajo costo incluso a zonas remotas.<\/p>\n\n\n\n<p class=\"has-18-font-size\">El Wi-Fi es un uso del espectro que no requiere licencia, por lo que al asignar espectro para esta tecnolog\u00eda tambi\u00e9n se reduce la carga de las licencias, algo que de otro modo podr\u00eda ser un gran obst\u00e1culo para el \u00e9xito. Y gracias a esta exenci\u00f3n de licencia, tanto las iniciativas comunitarias como las grandes empresas de telecomunicaciones pueden compartirlo.<\/p>\n\n\n\n<p class=\"has-18-font-size\"><img decoding=\"async\" style=\"width: 45px; vertical-align: middle;\" src=\"https:\/\/www.internetsociety.org\/wp-content\/uploads\/2024\/12\/Iconography-Innovation-Dark-RGB-1.png\" alt=\"lightbulb icon\"><strong><strong>Cu\u00e1ndo funciona mejor<\/strong>:<\/strong> Esto funciona mejor en una comunidad donde las personas est\u00e1n completamente desconectadas, especialmente si las empresas de telecomunicaciones establecidas no consideran la zona como una oportunidad de mercado viable.<\/p>\n\n\n\n<p class=\"has-18-font-size\"><img decoding=\"async\" style=\"width: 45px; vertical-align: middle; margin-right: 10px;\" src=\"https:\/\/www.internetsociety.org\/wp-content\/uploads\/2025\/02\/Icon-National-Internet-Gateways-Dark.png\" alt=\"wifi behind the bars\"><strong><strong>Cu\u00e1ndo pueden surgir obst\u00e1culos<\/strong>:<\/strong> Puede ser un desaf\u00edo en zonas donde las empresas de telecomunicaciones m\u00e1s grandes ya est\u00e1n operando pero sin ofrecer acceso asequible a todas las personas que lo necesitan.<\/p>\n\n\n\n<div style=\"height:10px\" aria-hidden=\"true\" class=\"wp-block-spacer\"><\/div>\n\n\n\n<p class=\"has-18-font-size\"><strong><strong>Seguir leyendo<\/strong><\/strong><\/p>\n\n\n\n<ul class=\"wp-block-list has-18-font-size\">\n<li><a href=\"https:\/\/www.larcg.com\/wp-content\/uploads\/2021\/05\/ALCA87_30_04_2021.pdf\" target=\"_blank\" rel=\"noreferrer noopener\">Costa Rica asigna la totalidad de la banda de 6&nbsp;Ghz para Wi-Fi<\/a><\/li>\n\n\n\n<li><a href=\"https:\/\/www.wi-fi.org\/regulations-enabling-6-ghz-wi-fi\">Mapa mundial que muestra d\u00f3nde se ha adoptado o se est\u00e1 considerando la banda completa de 6 GHz para Wi-Fi<\/a><\/li>\n<\/ul>\n<\/div>\n\n\n\n<div class=\"wp-block-uagb-column uagb-column__wrap uagb-column__background-color uagb-block-f344f435\"><div class=\"uagb-column__overlay\"><\/div><div class=\"wp-block-image\">\n<figure class=\"aligncenter size-full\"><img loading=\"lazy\" decoding=\"async\" width=\"578\" height=\"664\" src=\"https:\/\/www.internetsociety.org\/wp-content\/uploads\/2025\/02\/Sherpa-people-Nepal-1.jpg\" alt=\"A man and woman stand together in front of a stove\" class=\"wp-image-220587\" style=\"aspect-ratio:2\/3;object-fit:cover\" srcset=\"https:\/\/www.internetsociety.org\/wp-content\/uploads\/2025\/02\/Sherpa-people-Nepal-1.jpg 578w, https:\/\/www.internetsociety.org\/wp-content\/uploads\/2025\/02\/Sherpa-people-Nepal-1-392x450.jpg 392w, https:\/\/www.internetsociety.org\/wp-content\/uploads\/2025\/02\/Sherpa-people-Nepal-1-250x287.jpg 250w\" sizes=\"auto, (max-width: 578px) 100vw, 578px\" \/><\/figure>\n<\/div><\/div>\n<\/div><\/section>\n\n\n\n<section class=\"wp-block-uagb-columns uagb-columns__wrap uagb-columns__background-none uagb-columns__stack-tablet uagb-columns__valign-center uagb-columns__gap-10 align uagb-block-3b1e54b4 uagb-columns__columns-2 uagb-columns__max_width-theme\"><div class=\"uagb-columns__overlay\"><\/div><div class=\"uagb-columns__inner-wrap uagb-columns__columns-2\">\n<div class=\"wp-block-uagb-column uagb-column__wrap uagb-column__background-color uagb-block-5eca0fa2\"><div class=\"uagb-column__overlay\"><\/div><div class=\"wp-block-image\">\n<figure class=\"aligncenter size-full\"><img loading=\"lazy\" decoding=\"async\" width=\"667\" height=\"1000\" src=\"https:\/\/www.internetsociety.org\/wp-content\/uploads\/2025\/02\/antenna-installation-NYC.jpg\" alt=\"Two people collaborating on a rooftop, utilizing a ladder for their work tasks.\" class=\"wp-image-220583\" style=\"aspect-ratio:2\/3;object-fit:cover\" srcset=\"https:\/\/www.internetsociety.org\/wp-content\/uploads\/2025\/02\/antenna-installation-NYC.jpg 667w, https:\/\/www.internetsociety.org\/wp-content\/uploads\/2025\/02\/antenna-installation-NYC-300x450.jpg 300w, https:\/\/www.internetsociety.org\/wp-content\/uploads\/2025\/02\/antenna-installation-NYC-250x375.jpg 250w\" sizes=\"auto, (max-width: 667px) 100vw, 667px\" \/><\/figure>\n<\/div><\/div>\n\n\n\n<div class=\"wp-block-uagb-column uagb-column__wrap uagb-column__background-color uagb-block-d3713cd7\"><div class=\"uagb-column__overlay\"><\/div>\n<h2 class=\"wp-block-heading has-28-font-size\">Gesti\u00f3n din\u00e1mica del espectro<\/h2>\n\n\n\n<div style=\"height:20px\" aria-hidden=\"true\" class=\"wp-block-spacer\"><\/div>\n\n\n\n<p class=\"has-18-font-size\">Este es uno de los aspectos m\u00e1s dif\u00edciles de lograr, pero tambi\u00e9n representa la mejor manera de preparar su espectro para satisfacer las demandas de conectividad y tr\u00e1fico del futuro.<\/p>\n\n\n\n<p class=\"has-18-font-size\">Un excelente ejemplo es el espectro radioel\u00e9ctrico del llamado servicio de radio de banda ancha ciudadana, o CBRS, en Estados Unidos. Este implica mantener una base de datos de todos los usuarios del espectro en un \u00e1rea geogr\u00e1fica determinada y usarla para gestionar su uso a nivel granular. Cuando un usuario no est\u00e1 utilizando el espectro, este est\u00e1 disponible para que otros lo hagan\u2014algo parecido a una conversaci\u00f3n por turnos, pero para se\u00f1ales\u2014.<\/p>\n\n\n\n<p class=\"has-18-font-size\">Gestionar el espectro de esta manera tambi\u00e9n permite a los usuarios finales disfrutar de transiciones fluidas al usar la conectividad, por ejemplo, usar un tel\u00e9fono con el Wi-Fi y pasar a una red m\u00f3vil al salir de su casa.<\/p>\n\n\n\n<p class=\"has-18-font-size\"><img decoding=\"async\" style=\"width: 45px; vertical-align: middle;\" src=\"https:\/\/www.internetsociety.org\/wp-content\/uploads\/2024\/12\/Iconography-Innovation-Dark-RGB-1.png\" alt=\"lightbulb icon\"><strong><strong>Cu\u00e1ndo funciona mejor<\/strong>:<\/strong> Esto es eficaz cuando se pueden identificar todas las organizaciones y proveedores en una determinada \u00e1rea geogr\u00e1fica. Puede ser usado con \u00e9xito por las comunidades ind\u00edgenas de Estados Unidos y tiene potencial a nivel mundial.<\/p>\n\n\n\n<p class=\"has-18-font-size\"><img decoding=\"async\" style=\"width: 45px; vertical-align: middle; margin-right: 10px;\" src=\"https:\/\/www.internetsociety.org\/wp-content\/uploads\/2025\/02\/Icon-National-Internet-Gateways-Dark.png\" alt=\"wifi behind the bars\"><strong><strong>Cu\u00e1ndo pueden surgir obst\u00e1culos<\/strong>:<\/strong> Es fundamental evitar interferencias entre diferentes proveedores, por lo que, si no es posible identificarlos a todos y crear la base de datos, esto no ser\u00e1 viable.<\/p>\n\n\n\n<div style=\"height:10px\" aria-hidden=\"true\" class=\"wp-block-spacer\"><\/div>\n\n\n\n<p class=\"has-18-font-size\"><strong><strong>Seguir leyendo<\/strong><\/strong><\/p>\n\n\n\n<ul class=\"wp-block-list has-18-font-size\">\n<li><a href=\"https:\/\/www.fcc.gov\/wireless\/bureau-divisions\/mobility-division\/35-ghz-band\/35-ghz-band-overview\">Implementaci\u00f3n exitosa del Acceso Din\u00e1mico al Espectro usando CBRS en Estados Unidos<\/a><\/li>\n<\/ul>\n<\/div>\n<\/div><\/section>\n\n\n\n<section class=\"wp-block-uagb-columns uagb-columns__wrap uagb-columns__background-none uagb-columns__stack-tablet uagb-columns__valign-center uagb-columns__gap-10 align uagb-columns__reverse-tablet uagb-block-28598c2e uagb-columns__columns-2 uagb-columns__max_width-theme\"><div class=\"uagb-columns__overlay\"><\/div><div class=\"uagb-columns__inner-wrap uagb-columns__columns-2\">\n<div class=\"wp-block-uagb-column uagb-column__wrap uagb-column__background-color uagb-block-0876264a\"><div class=\"uagb-column__overlay\"><\/div>\n<h2 class=\"wp-block-heading has-32-font-size\">Pol\u00edticas que promueven la compartici\u00f3n<\/h2>\n\n\n\n<div style=\"height:20px\" aria-hidden=\"true\" class=\"wp-block-spacer\"><\/div>\n\n\n\n<p class=\"has-18-font-size\">Todos se benefician cuando existen pol\u00edticas que promueven la compartici\u00f3n del espectro entre actores de todos los tama\u00f1os. En muchos pa\u00edses, las pol\u00edticas de espectro a\u00fan est\u00e1n dise\u00f1adas en torno a una o dos grandes empresas de telecomunicaciones establecidas, que pueden tener una asignaci\u00f3n a nivel nacional, incluso en \u00e1reas donde no les conviene prestar servicios.<\/p>\n\n\n\n<p class=\"has-18-font-size\">Hoy en d\u00eda, existe un gran potencial para diversificar el mercado, lo que puede llevar a que esta cobertura genere zonas desconectadas que, si bien cuentan con espectro disponible, este no se utiliza. Los reguladores pueden crear pol\u00edticas que especifiquen que los proveedores deben usar su espectro asignado o cederlo a un usuario potencial que s\u00ed lo utilice.<\/p>\n\n\n\n<p class=\"has-18-font-size\"><img decoding=\"async\" style=\"width: 45px; vertical-align: middle;\" src=\"https:\/\/www.internetsociety.org\/wp-content\/uploads\/2024\/12\/Iconography-Innovation-Dark-RGB-1.png\" alt=\"lightbulb icon\"><strong><strong>Cu\u00e1ndo funciona mejor<\/strong>:<\/strong> Este enfoque funciona bien cuando los operadores establecidos participan en la conversaci\u00f3n y hay tiempo suficiente para establecer nuevos acuerdos.<\/p>\n\n\n\n<p class=\"has-18-font-size\"><img decoding=\"async\" style=\"width: 45px; vertical-align: middle; margin-right: 10px;\" src=\"https:\/\/www.internetsociety.org\/wp-content\/uploads\/2025\/02\/Icon-National-Internet-Gateways-Dark.png\" alt=\"wifi behind the bars\"><strong><strong>Cu\u00e1ndo pueden surgir obst\u00e1culos<\/strong>:<\/strong> En pa\u00edses que dependen fuertemente de las elevadas tarifas de asignaci\u00f3n de espectro de los operadores establecidos, puede resultar m\u00e1s dif\u00edcil ofrecer incentivos para que participen en las mejoras.<\/p>\n\n\n\n<div style=\"height:10px\" aria-hidden=\"true\" class=\"wp-block-spacer\"><\/div>\n\n\n\n<p class=\"has-18-font-size\"><strong><strong>Seguir leyendo<\/strong><\/strong><\/p>\n\n\n\n<ul class=\"wp-block-list has-18-font-size\">\n<li><a href=\"https:\/\/www.icasa.org.za\/legislation-and-regulations\/inquiries\/dynamic-spectrum-access-and-opportunistic-spectrum-management\">Sud\u00e1frica lidera la compartici\u00f3n de espectro en \u00c1frica<\/a><\/li>\n\n\n\n<li><a href=\"https:\/\/www.ofcom.org.uk\/spectrum\/frequencies\/consultation-supporting-increased-use-of-shared-spectrum\/\">El Reino Unido contin\u00faa mejorando su marco de acceso compartido<\/a><\/li>\n<\/ul>\n<\/div>\n\n\n\n<div class=\"wp-block-uagb-column uagb-column__wrap uagb-column__background-color uagb-block-e26e6e61\"><div class=\"uagb-column__overlay\"><\/div><div class=\"wp-block-image\">\n<figure class=\"aligncenter size-full\"><img loading=\"lazy\" decoding=\"async\" width=\"1000\" height=\"667\" src=\"https:\/\/www.internetsociety.org\/wp-content\/uploads\/2025\/02\/Medium-DSCF8032.jpg\" alt=\"Two men collaborating on a tower against a backdrop of a clear blue sky\" class=\"wp-image-220507\" style=\"aspect-ratio:2\/3;object-fit:cover\" srcset=\"https:\/\/www.internetsociety.org\/wp-content\/uploads\/2025\/02\/Medium-DSCF8032.jpg 1000w, https:\/\/www.internetsociety.org\/wp-content\/uploads\/2025\/02\/Medium-DSCF8032-450x300.jpg 450w, https:\/\/www.internetsociety.org\/wp-content\/uploads\/2025\/02\/Medium-DSCF8032-768x512.jpg 768w, https:\/\/www.internetsociety.org\/wp-content\/uploads\/2025\/02\/Medium-DSCF8032-250x167.jpg 250w\" sizes=\"auto, (max-width: 1000px) 100vw, 1000px\" \/><\/figure>\n<\/div><\/div>\n<\/div><\/section>\n\n\n\n<section class=\"wp-block-uagb-columns uagb-columns__wrap uagb-columns__background-color uagb-columns__stack-mobile uagb-columns__valign- uagb-columns__gap-10 align uagb-block-952da590 uagb-columns__columns-1 uagb-columns__max_width-theme uag-hide-desktop\"><div class=\"uagb-columns__overlay\"><\/div><div class=\"uagb-columns__inner-wrap uagb-columns__columns-1\">\n<div class=\"wp-block-uagb-column uagb-column__wrap uagb-column__background-color uagb-block-f77d880c\"><div class=\"uagb-column__overlay\"><\/div>\n<p class=\"has-text-align-center has-depth-green-color has-text-color has-link-color has-18-font-size wp-elements-dc624dc3700c93c817b54c983a690922\"><strong>Volver a <a href=\"\/es\/resources\/advancing-community-connectivity\/overview\/\">Impulsar la conectividad comunitaria:<br>Estrategias de pol\u00edticas para cerrar la brecha digital<\/a><\/strong><\/p>\n<\/div>\n<\/div><\/section>\n\n\n\n<p class=\"has-text-align-center has-neutral-white-color has-ground-navy-background-color has-text-color has-background has-12-font-size\">Derechos de autor: <br>\u00a9 Nyani Quarmyne, \u00a9 Chris Gregory, \u00a9 Nyani Quarmyne<\/p>\n","protected":false},"excerpt":{"rendered":"<p>Descubra c\u00f3mo una gesti\u00f3n m\u00e1s inteligente del espectro puede ampliar el acceso a Internet. Aprenda c\u00f3mo los cambios de pol\u00edticas pueden liberar espectro no utilizado.<\/p>\n","protected":false},"author":46,"featured_media":0,"parent":223920,"menu_order":0,"comment_status":"closed","ping_status":"closed","template":"page-wide.php","meta":{"_acf_changed":false,"_uag_custom_page_level_css":"","footnotes":""},"categories":[67,173],"tags":[],"region_news_regions":[6030],"content_category":[6106],"ppma_author":[4057],"class_list":["post-223104","page","type-page","status-publish","hentry","category-acceso-es","category-politicas-publicas","region_news_regions-global","content_category-resources-type"],"acf":[],"uagb_featured_image_src":{"full":false,"thumbnail":false,"medium":false,"medium_large":false,"large":false,"1536x1536":false,"2048x2048":false,"post-thumbnail":false,"square":false,"gform-image-choice-sm":false,"gform-image-choice-md":false,"gform-image-choice-lg":false},"uagb_author_info":{"display_name":"Ivana Trbovic","author_link":"https:\/\/www.internetsociety.org\/es\/author\/trbovic\/"},"uagb_comment_info":0,"uagb_excerpt":"Descubra c\u00f3mo una gesti\u00f3n m\u00e1s inteligente del espectro puede ampliar el acceso a Internet. Aprenda c\u00f3mo los cambios de pol\u00edticas pueden liberar espectro no utilizado.","_links":{"self":[{"href":"https:\/\/www.internetsociety.org\/es\/wp-json\/wp\/v2\/pages\/223104","targetHints":{"allow":["GET"]}}],"collection":[{"href":"https:\/\/www.internetsociety.org\/es\/wp-json\/wp\/v2\/pages"}],"about":[{"href":"https:\/\/www.internetsociety.org\/es\/wp-json\/wp\/v2\/types\/page"}],"author":[{"embeddable":true,"href":"https:\/\/www.internetsociety.org\/es\/wp-json\/wp\/v2\/users\/46"}],"replies":[{"embeddable":true,"href":"https:\/\/www.internetsociety.org\/es\/wp-json\/wp\/v2\/comments?post=223104"}],"version-history":[{"count":0,"href":"https:\/\/www.internetsociety.org\/es\/wp-json\/wp\/v2\/pages\/223104\/revisions"}],"up":[{"embeddable":true,"href":"https:\/\/www.internetsociety.org\/es\/wp-json\/wp\/v2\/pages\/223920"}],"wp:attachment":[{"href":"https:\/\/www.internetsociety.org\/es\/wp-json\/wp\/v2\/media?parent=223104"}],"wp:term":[{"taxonomy":"category","embeddable":true,"href":"https:\/\/www.internetsociety.org\/es\/wp-json\/wp\/v2\/categories?post=223104"},{"taxonomy":"post_tag","embeddable":true,"href":"https:\/\/www.internetsociety.org\/es\/wp-json\/wp\/v2\/tags?post=223104"},{"taxonomy":"region_news_regions","embeddable":true,"href":"https:\/\/www.internetsociety.org\/es\/wp-json\/wp\/v2\/region_news_regions?post=223104"},{"taxonomy":"content_category","embeddable":true,"href":"https:\/\/www.internetsociety.org\/es\/wp-json\/wp\/v2\/content_category?post=223104"},{"taxonomy":"author","embeddable":true,"href":"https:\/\/www.internetsociety.org\/es\/wp-json\/wp\/v2\/ppma_author?post=223104"}],"curies":[{"name":"wp","href":"https:\/\/api.w.org\/{rel}","templated":true}]}}