{"id":223101,"date":"2025-03-06T16:47:58","date_gmt":"2025-03-06T16:47:58","guid":{"rendered":"https:\/\/www.internetsociety.org\/?page_id=223101"},"modified":"2025-09-24T11:01:38","modified_gmt":"2025-09-24T11:01:38","slug":"licencias-marcos-para-el-siglo-xxi-y-mas-alla","status":"publish","type":"page","link":"https:\/\/www.internetsociety.org\/es\/resources\/advancing-community-connectivity\/licensing\/","title":{"rendered":"Licencias: Marcos para el Siglo XXI y m\u00e1s all\u00e1"},"content":{"rendered":"\n<section class=\"wp-block-uagb-columns uagb-columns__wrap uagb-columns__background-image uagb-columns__stack-mobile uagb-columns__valign- uagb-columns__gap-10 align uagb-block-1b60d478 uagb-columns__columns-1 uagb-columns__max_width-theme background-image-fallback-black\"><div class=\"uagb-columns__overlay\"><\/div><div class=\"uagb-columns__inner-wrap uagb-columns__columns-1\">\n<div class=\"wp-block-uagb-column uagb-column__wrap uagb-column__background-undefined uagb-block-6da44868\"><div class=\"uagb-column__overlay\"><\/div>\n<p class=\"has-neutral-white-color has-text-color has-18-font-size\"><a href=\"https:\/\/www.internetsociety.org\/es\/resources\/advancing-community-connectivity\/overview\/\" rel=\"noreferrer noopener\">Promoci\u00f3n de la conectividad comunitaria<\/a> &gt; Licencias: Marcos para el Siglo XXI y m\u00e1s all\u00e1<\/p>\n\n\n\n<div style=\"height:30px\" aria-hidden=\"true\" class=\"wp-block-spacer\"><\/div>\n\n\n\n<h1 class=\"wp-block-heading has-neutral-white-color has-text-color\">Licencias: Marcos para el Siglo XXI y m\u00e1s all\u00e1<\/h1>\n\n\n\n<section class=\"wp-block-uagb-columns uagb-columns__wrap uagb-columns__background-color uagb-columns__stack-tablet uagb-columns__valign-center uagb-columns__gap-10 align uagb-block-f5cc051d uagb-columns__columns-1 uagb-columns__max_width-theme\"><div class=\"uagb-columns__overlay\"><\/div><div class=\"uagb-columns__inner-wrap uagb-columns__columns-1\">\n<div class=\"wp-block-uagb-column uagb-column__wrap uagb-column__background-undefined uagb-block-b5e92d07\"><div class=\"uagb-column__overlay\"><\/div>\n<p class=\"has-neutral-white-color has-text-color has-28-font-size\"><strong><strong>Promueva una conectividad inclusiva con marcos de licencias que apoyen a las redes comunitarias y los ISP m\u00e1s peque\u00f1os. Descubra c\u00f3mo la modernizaci\u00f3n de las regulaciones puede crear una Internet m\u00e1s competitiva y accesible para todos.<\/strong><\/strong><\/p>\n<\/div>\n<\/div><\/section>\n<\/div>\n<\/div><\/section>\n\n\n\n<section class=\"wp-block-uagb-columns uagb-columns__wrap uagb-columns__background-none uagb-columns__stack-tablet uagb-columns__valign-top uagb-columns__gap-10 align uagb-block-de3d1d5d uagb-columns__columns-2 uagb-columns__max_width-theme\"><div class=\"uagb-columns__overlay\"><\/div><div class=\"uagb-columns__inner-wrap uagb-columns__columns-2\">\n<div class=\"wp-block-uagb-column uagb-column__wrap uagb-column__background-undefined uagb-block-f338041f\"><div class=\"uagb-column__overlay\"><\/div>\n<p class=\"has-18-font-size\">A menos que se hayan actualizado espec\u00edficamente para la era de Internet, los marcos regulatorios de la mayor\u00eda de los pa\u00edses a\u00fan se basan en la \u00e9poca en que solo unas pocas empresas telef\u00f3nicas dominaban el sector. Esto significa que, por defecto, tienden a favorecer soluciones de arriba hacia abajo y a limitar qui\u00e9n puede obtener una licencia, a veces con graves restricciones. Un marco de concesi\u00f3n de licencias que considere soluciones de abajo hacia arriba, incluso licencias para redes comunitarias y redes m\u00e1s peque\u00f1as, podr\u00eda allanarle el camino a una variedad de actores, lo que beneficiar\u00eda al mercado en su conjunto.<\/p>\n<\/div>\n\n\n\n<div class=\"wp-block-uagb-column uagb-column__wrap uagb-column__background-color uagb-block-526f2fae uag-hide-tab uag-hide-mob\"><div class=\"uagb-column__overlay\"><\/div>\n<section class=\"wp-block-uagb-columns uagb-columns__wrap uagb-columns__background-color uagb-columns__stack-mobile uagb-columns__valign- uagb-columns__gap-10 align uagb-block-fdf24225 uagb-columns__columns-1 uagb-columns__max_width-theme uag-hide-tab uag-hide-mob\"><div class=\"uagb-columns__overlay\"><\/div><div class=\"uagb-columns__inner-wrap uagb-columns__columns-1\">\n<div class=\"wp-block-uagb-column uagb-column__wrap uagb-column__background-undefined uagb-block-97d3e113\"><div class=\"uagb-column__overlay\"><\/div>\n<p class=\"has-text-align-left has-depth-green-color has-text-color has-link-color has-18-font-size wp-elements-5f6c34a4e6ec2b644eca1c3c0609c6e7\"><strong>Siguiente lectura: <a href=\"https:\/\/www.internetsociety.org\/es\/resources\/advancing-community-connectivity\/spectrum-allocation\/\">Asignaci\u00f3n de espectro: Hay lugar para todos<\/a><\/strong><\/p>\n<\/div>\n<\/div><\/section>\n<\/div>\n<\/div><\/section>\n\n\n\n<section class=\"wp-block-uagb-columns uagb-columns__wrap uagb-columns__background-none uagb-columns__stack-tablet uagb-columns__valign-center uagb-columns__gap-10 align uagb-columns__reverse-tablet uagb-block-90bee086 uagb-columns__columns-2 uagb-columns__max_width-theme\"><div class=\"uagb-columns__overlay\"><\/div><div class=\"uagb-columns__inner-wrap uagb-columns__columns-2\">\n<div class=\"wp-block-uagb-column uagb-column__wrap uagb-column__background-color uagb-block-709bb893\"><div class=\"uagb-column__overlay\"><\/div>\n<h2 class=\"wp-block-heading has-32-font-size\">Licencias para soluciones lideradas por la comunidad<\/h2>\n\n\n\n<div style=\"height:20px\" aria-hidden=\"true\" class=\"wp-block-spacer\"><\/div>\n\n\n\n<p class=\"has-18-font-size\">En algunos pa\u00edses, solo las grandes empresas pueden obtener una licencia, o el n\u00famero de licencias disponible es limitado. Actualizar las pol\u00edticas para que las licencias sean asequibles y accesibles puede abrirle el camino a todo tipo de soluciones de conectividad lideradas por la comunidad.<\/p>\n\n\n\n<p class=\"has-18-font-size\">En zonas donde hay muchas redes ilegales, permitir que obtengan una licencia las hace m\u00e1s sostenibles, aunque m\u00e1s no sea al evitar su clausura. Tambi\u00e9n ayuda a los reguladores y proveedores a ver d\u00f3nde y c\u00f3mo se despliega infraestructura, y muestra d\u00f3nde las \u201czonas muertas\u201d de Internet en realidad tienen acceso, corrigiendo as\u00ed la imagen de qui\u00e9nes est\u00e1n realmente desconectados.<\/p>\n\n\n\n<p class=\"has-18-font-size\">Colaborar con las comunidades y las empresas establecidas puede generar un mercado m\u00e1s diverso y competitivo, y reducir la brecha digital.<\/p>\n\n\n\n<p class=\"has-18-font-size\"><img decoding=\"async\" style=\"width: 45px; vertical-align: middle;\" src=\"https:\/\/www.internetsociety.org\/wp-content\/uploads\/2024\/12\/Iconography-Innovation-Dark-RGB-1.png\" alt=\"lightbulb icon\"><strong><strong>Cu\u00e1ndo funciona mejor<\/strong>:<\/strong> Legislar expl\u00edcitamente las licencias para las soluciones comunitarias puede ser particularmente \u00fatil en zonas que podr\u00edan no ser rentables para las empresas establecidas o en aquellas donce proliferan las redes ilegales.<\/p>\n\n\n\n<p class=\"has-18-font-size\"><img decoding=\"async\" style=\"width: 45px; vertical-align: middle; margin-right: 10px;\" src=\"https:\/\/www.internetsociety.org\/wp-content\/uploads\/2025\/02\/Icon-National-Internet-Gateways-Dark.png\" alt=\"wifi behind the bars\"><strong><strong>Cu\u00e1ndo pueden surgir obst\u00e1culos<\/strong>:<\/strong> Si las comunidades desconocen los cambios en las pol\u00edticas, podr\u00edan quedar desconectadas o recurrir a redes ilegales. Las actualizaciones de las pol\u00edticas deben comunicarse a quienes m\u00e1s necesitan la conectividad.<\/p>\n\n\n\n<div style=\"height:10px\" aria-hidden=\"true\" class=\"wp-block-spacer\"><\/div>\n\n\n\n<p class=\"has-18-font-size\"><strong><strong>Seguir leyendo<\/strong><\/strong><\/p>\n\n\n\n<ul class=\"wp-block-list has-18-font-size\">\n<li><a href=\"https:\/\/www.kictanet.or.ke\/kenya-ratifies-the-community-networks-licensing-framework\/\">Un marco de licencias comunitarias en Kenia<\/a><\/li>\n\n\n\n<li><a href=\"https:\/\/www.enacom.gob.ar\/multimedia\/normativas\/2018\/res4958.pdf\">Resoluci\u00f3n 4958\/2018 de la Rep\u00fablica Argentina que actualiza su marco de licencias para incluir a las redes comunitarias<\/a><\/li>\n<\/ul>\n<\/div>\n\n\n\n<div class=\"wp-block-uagb-column uagb-column__wrap uagb-column__background-color uagb-block-f344f435\"><div class=\"uagb-column__overlay\"><\/div><div class=\"wp-block-image\">\n<figure class=\"aligncenter size-full\"><img loading=\"lazy\" decoding=\"async\" width=\"566\" height=\"721\" src=\"https:\/\/www.internetsociety.org\/wp-content\/uploads\/2025\/02\/Elcuy-pole-installation-1.jpg\" alt=\"Three men are collaborating on a pole installation in a vast desert landscape\" class=\"wp-image-220573\" style=\"aspect-ratio:2\/3;object-fit:cover\" srcset=\"https:\/\/www.internetsociety.org\/wp-content\/uploads\/2025\/02\/Elcuy-pole-installation-1.jpg 566w, https:\/\/www.internetsociety.org\/wp-content\/uploads\/2025\/02\/Elcuy-pole-installation-1-353x450.jpg 353w, https:\/\/www.internetsociety.org\/wp-content\/uploads\/2025\/02\/Elcuy-pole-installation-1-250x318.jpg 250w\" sizes=\"auto, (max-width: 566px) 100vw, 566px\" \/><\/figure>\n<\/div><\/div>\n<\/div><\/section>\n\n\n\n<section class=\"wp-block-uagb-columns uagb-columns__wrap uagb-columns__background-none uagb-columns__stack-tablet uagb-columns__valign-center uagb-columns__gap-10 align uagb-block-3b1e54b4 uagb-columns__columns-2 uagb-columns__max_width-theme\"><div class=\"uagb-columns__overlay\"><\/div><div class=\"uagb-columns__inner-wrap uagb-columns__columns-2\">\n<div class=\"wp-block-uagb-column uagb-column__wrap uagb-column__background-color uagb-block-5eca0fa2\"><div class=\"uagb-column__overlay\"><\/div><div class=\"wp-block-image\">\n<figure class=\"aligncenter size-full\"><img loading=\"lazy\" decoding=\"async\" width=\"666\" height=\"507\" src=\"https:\/\/www.internetsociety.org\/wp-content\/uploads\/2019\/11\/Medium-WaimanaloInternetSociety057-e1682072686264.jpg\" alt=\"Three men talking Waimanalo Internet\" class=\"wp-image-107819\" style=\"aspect-ratio:2\/3;object-fit:cover\" srcset=\"https:\/\/www.internetsociety.org\/wp-content\/uploads\/2019\/11\/Medium-WaimanaloInternetSociety057-e1682072686264.jpg 666w, https:\/\/www.internetsociety.org\/wp-content\/uploads\/2019\/11\/Medium-WaimanaloInternetSociety057-e1682072686264-450x343.jpg 450w, https:\/\/www.internetsociety.org\/wp-content\/uploads\/2019\/11\/Medium-WaimanaloInternetSociety057-e1682072686264-250x190.jpg 250w\" sizes=\"auto, (max-width: 666px) 100vw, 666px\" \/><\/figure>\n<\/div><\/div>\n\n\n\n<div class=\"wp-block-uagb-column uagb-column__wrap uagb-column__background-color uagb-block-d3713cd7\"><div class=\"uagb-column__overlay\"><\/div>\n<h2 class=\"wp-block-heading has-28-font-size\">Procesos de solicitud simplificados<\/h2>\n\n\n\n<div style=\"height:20px\" aria-hidden=\"true\" class=\"wp-block-spacer\"><\/div>\n\n\n\n<p class=\"has-18-font-size\">Obtener una licencia es un proceso de varios pasos. Puede incluir registrar una nueva empresa, asegurar el financiamiento y obtener informaci\u00f3n que muchas veces no est\u00e1 f\u00e1cilmente disponible.<\/p>\n\n\n\n<p class=\"has-18-font-size\">Simplificar estos procesos y hacerlos m\u00e1s comprensibles puede reducir las barreras, y facilitar las solicitudes es bueno para todos. Sin embargo, quienes se encuentran en zonas desatendidas o desconectadas podr\u00edan no tener acceso a los formularios y sistemas de notificaci\u00f3n en l\u00ednea, por lo que ser\u00eda \u00fatil encontrar estrategias que no requieran conectividad permanente.<\/p>\n\n\n\n<p class=\"has-18-font-size\">Una red de lugares f\u00edsicos que tengan los materiales necesarios para presentar una solicitud, o incluso organizar asistencia presencial en vivo, hace que el proceso sea m\u00e1s flexible y accesible para quienes buscan conectar a todos, incluso a s\u00ed mismos.<\/p>\n\n\n\n<p class=\"has-18-font-size\"><img decoding=\"async\" style=\"width: 45px; vertical-align: middle;\" src=\"https:\/\/www.internetsociety.org\/wp-content\/uploads\/2024\/12\/Iconography-Innovation-Dark-RGB-1.png\" alt=\"lightbulb icon\"><strong><strong>Cu\u00e1ndo funciona mejor<\/strong>:<\/strong> Establecer puntos f\u00edsicos puede ser particularmente \u00fatil en las zonas rurales, donde la gente pueda acudir a un centro con bastante frecuencia, recibir informaci\u00f3n y actuar en consecuencia.<\/p>\n\n\n\n<p class=\"has-18-font-size\"><img decoding=\"async\" style=\"width: 45px; vertical-align: middle; margin-right: 10px;\" src=\"https:\/\/www.internetsociety.org\/wp-content\/uploads\/2025\/02\/Icon-National-Internet-Gateways-Dark.png\" alt=\"wifi behind the bars\"><strong><strong>Cu\u00e1ndo pueden surgir obst\u00e1culos<\/strong>:<\/strong> Si se ofrece un espacio f\u00edsico, este debe ser un lugar donde las personas se sientan seguras. Una poblaci\u00f3n marginada no siempre se sentir\u00e1 c\u00f3moda en ciertos edificios municipales o gubernamentales.<\/p>\n\n\n\n<div style=\"height:10px\" aria-hidden=\"true\" class=\"wp-block-spacer\"><\/div>\n\n\n\n<p class=\"has-18-font-size\"><strong><strong>Seguir leyendo<\/strong><\/strong><\/p>\n\n\n\n<ul class=\"wp-block-list has-18-font-size\">\n<li><a href=\"https:\/\/www.internetsociety.org\/indigenet\/tribal-priority-window\/\">La FCC permite a las tribus reconocidas en Estados Unidos acceder al espectro no utilizado en tierras tribales<\/a><\/li>\n\n\n\n<li><a href=\"https:\/\/www.isocfoundation.org\/story\/course-guides-brazilian-community-networks-on-how-to-get-legal-recognition\/\">C\u00f3mo las redes comunitarias en Brasil superaron los obst\u00e1culos burocr\u00e1ticos<\/a><\/li>\n<\/ul>\n<\/div>\n<\/div><\/section>\n\n\n\n<section class=\"wp-block-uagb-columns uagb-columns__wrap uagb-columns__background-none uagb-columns__stack-tablet uagb-columns__valign-center uagb-columns__gap-10 align uagb-columns__reverse-tablet uagb-block-28598c2e uagb-columns__columns-2 uagb-columns__max_width-theme\"><div class=\"uagb-columns__overlay\"><\/div><div class=\"uagb-columns__inner-wrap uagb-columns__columns-2\">\n<div class=\"wp-block-uagb-column uagb-column__wrap uagb-column__background-color uagb-block-0876264a\"><div class=\"uagb-column__overlay\"><\/div>\n<h2 class=\"wp-block-heading has-32-font-size\">Designaci\u00f3n de espectro exento de licencia<\/h2>\n\n\n\n<div style=\"height:20px\" aria-hidden=\"true\" class=\"wp-block-spacer\"><\/div>\n\n\n\n<p class=\"has-18-font-size\">Para usar espectro sujeto a licencia o establecer un ISP, los proveedores deben obtener una licencia, pagar tarifas elevadas y adquirir equipos costosos, lo cual no siempre es posible. Designar m\u00e1s espectro como \u201csin licencia\u201d o \u201cexento de licencia\u201d para su uso en tecnolog\u00edas como Wi-Fi elimina por completo el requisito de las licencias para las redes comunitarias y otros actores m\u00e1s peque\u00f1os, para quienes una licencia y equipos costosos podr\u00edan no ser una opci\u00f3n viable.<\/p>\n\n\n\n<p class=\"has-18-font-size\">Para lograrlo, a menudo es posible liberar partes del espectro que ya no se utilizan, como las destinadas a operaciones militares obsoletas o tecnolog\u00edas en desuso. Cuando existe espectro sin usar o subutilizado, si este no se declara expl\u00edcitamente como exento de licencia, puede terminar siendo licenciado nuevamente a los grandes proveedores de telecomunicaciones y no estar disponible como un beneficio p\u00fablico.<\/p>\n\n\n\n<p class=\"has-18-font-size\"><img decoding=\"async\" style=\"width: 45px; vertical-align: middle;\" src=\"https:\/\/www.internetsociety.org\/wp-content\/uploads\/2024\/12\/Iconography-Innovation-Dark-RGB-1.png\" alt=\"lightbulb icon\"><strong><strong>Cu\u00e1ndo funciona mejor<\/strong>:<\/strong> En pa\u00edses con bajo desarrollo de Internet, contar con espectro exento de licencia significa desbloquear oportunidades para una conectividad confiable y de bajo costo, lo que eventualmente puede incluso expandir el mercado para otros actores de mayor escala.<\/p>\n\n\n\n<p class=\"has-18-font-size\"><img decoding=\"async\" style=\"width: 45px; vertical-align: middle; margin-right: 10px;\" src=\"https:\/\/www.internetsociety.org\/wp-content\/uploads\/2025\/02\/Icon-National-Internet-Gateways-Dark.png\" alt=\"wifi behind the bars\"><strong><strong>Cu\u00e1ndo pueden surgir obst\u00e1culos<\/strong>:<\/strong> Cuando los grandes operadores establecidos han pagado altas tarifas por derechos de licencia exclusivos, puede ser dif\u00edcil para el regulador liberar m\u00e1s espectro sin licencia.<\/p>\n\n\n\n<div style=\"height:10px\" aria-hidden=\"true\" class=\"wp-block-spacer\"><\/div>\n\n\n\n<p class=\"has-18-font-size\"><strong><strong>Seguir leyendo<\/strong><\/strong><\/p>\n\n\n\n<ul class=\"wp-block-list has-18-font-size\">\n<li><a href=\"https:\/\/www.larcg.com\/wp-content\/uploads\/2021\/05\/ALCA87_30_04_2021.pdf\" target=\"_blank\" rel=\"noreferrer noopener\">Costa Rica asigna la totalidad de la banda de 6&nbsp;Ghz para Wi-Fi<\/a><\/li>\n<\/ul>\n<\/div>\n\n\n\n<div class=\"wp-block-uagb-column uagb-column__wrap uagb-column__background-color uagb-block-e26e6e61\"><div class=\"uagb-column__overlay\"><\/div><div class=\"wp-block-image\">\n<figure class=\"aligncenter size-full\"><img loading=\"lazy\" decoding=\"async\" width=\"1440\" height=\"1080\" src=\"https:\/\/www.internetsociety.org\/wp-content\/uploads\/2024\/05\/NANUM-community.jpg\" alt=\"Multicultural individuals posing in front of an urban structure\" class=\"wp-image-210674\" style=\"aspect-ratio:2\/3;object-fit:cover\" srcset=\"https:\/\/www.internetsociety.org\/wp-content\/uploads\/2024\/05\/NANUM-community.jpg 1440w, https:\/\/www.internetsociety.org\/wp-content\/uploads\/2024\/05\/NANUM-community-450x338.jpg 450w, https:\/\/www.internetsociety.org\/wp-content\/uploads\/2024\/05\/NANUM-community-1024x768.jpg 1024w, https:\/\/www.internetsociety.org\/wp-content\/uploads\/2024\/05\/NANUM-community-768x576.jpg 768w, https:\/\/www.internetsociety.org\/wp-content\/uploads\/2024\/05\/NANUM-community-250x188.jpg 250w\" sizes=\"auto, (max-width: 1440px) 100vw, 1440px\" \/><\/figure>\n<\/div><\/div>\n<\/div><\/section>\n\n\n\n<section class=\"wp-block-uagb-columns uagb-columns__wrap uagb-columns__background-color uagb-columns__stack-mobile uagb-columns__valign- uagb-columns__gap-10 align uagb-block-952da590 uagb-columns__columns-1 uagb-columns__max_width-theme uag-hide-desktop\"><div class=\"uagb-columns__overlay\"><\/div><div class=\"uagb-columns__inner-wrap uagb-columns__columns-1\">\n<div class=\"wp-block-uagb-column uagb-column__wrap uagb-column__background-color uagb-block-f77d880c\"><div class=\"uagb-column__overlay\"><\/div>\n<p class=\"has-text-align-center has-depth-green-color has-text-color has-link-color has-18-font-size wp-elements-32abd0a0afe81942b503a48b51087cf4\"><strong>Siguiente lectura: <a href=\"https:\/\/www.internetsociety.org\/es\/resources\/advancing-community-connectivity\/spectrum-allocation\/\">Asignaci\u00f3n de espectro: Hay lugar para todos<\/a><\/strong><\/p>\n<\/div>\n<\/div><\/section>\n\n\n\n<p class=\"has-text-align-center has-neutral-white-color has-ground-navy-background-color has-text-color has-background has-12-font-size\">Derechos de autor: <br>\u00a9 Christian O&#8217;Flaherty\/Internet Society, \u00a9 Elyse Butler, \u00a9 Jos\u00e9 Elizeche<\/p>\n","protected":false},"excerpt":{"rendered":"<p>Promueva una conectividad inclusiva con marcos de licencias que apoyen a las redes comunitarias y los ISP m\u00e1s peque\u00f1os.<\/p>\n","protected":false},"author":46,"featured_media":218920,"parent":223920,"menu_order":0,"comment_status":"closed","ping_status":"closed","template":"page-wide.php","meta":{"_acf_changed":false,"_uag_custom_page_level_css":"","footnotes":""},"categories":[67,173],"tags":[],"region_news_regions":[6030],"content_category":[6106],"ppma_author":[4057],"class_list":["post-223101","page","type-page","status-publish","has-post-thumbnail","hentry","category-acceso-es","category-politicas-publicas","region_news_regions-global","content_category-resources-type"],"acf":[],"uagb_featured_image_src":{"full":["https:\/\/www.internetsociety.org\/wp-content\/uploads\/2025\/01\/Ruth-and-others.png",938,514,false],"thumbnail":["https:\/\/www.internetsociety.org\/wp-content\/uploads\/2025\/01\/Ruth-and-others-150x150.png",150,150,true],"medium":["https:\/\/www.internetsociety.org\/wp-content\/uploads\/2025\/01\/Ruth-and-others-450x247.png",450,247,true],"medium_large":["https:\/\/www.internetsociety.org\/wp-content\/uploads\/2025\/01\/Ruth-and-others-768x421.png",768,421,true],"large":["https:\/\/www.internetsociety.org\/wp-content\/uploads\/2025\/01\/Ruth-and-others.png",938,514,false],"1536x1536":["https:\/\/www.internetsociety.org\/wp-content\/uploads\/2025\/01\/Ruth-and-others.png",938,514,false],"2048x2048":["https:\/\/www.internetsociety.org\/wp-content\/uploads\/2025\/01\/Ruth-and-others.png",938,514,false],"post-thumbnail":["https:\/\/www.internetsociety.org\/wp-content\/uploads\/2025\/01\/Ruth-and-others-250x137.png",250,137,true],"square":["https:\/\/www.internetsociety.org\/wp-content\/uploads\/2025\/01\/Ruth-and-others-600x514.png",600,514,true],"gform-image-choice-sm":["https:\/\/www.internetsociety.org\/wp-content\/uploads\/2025\/01\/Ruth-and-others-300x300.png",300,300,true],"gform-image-choice-md":["https:\/\/www.internetsociety.org\/wp-content\/uploads\/2025\/01\/Ruth-and-others-400x400.png",400,400,true],"gform-image-choice-lg":["https:\/\/www.internetsociety.org\/wp-content\/uploads\/2025\/01\/Ruth-and-others-600x514.png",600,514,true]},"uagb_author_info":{"display_name":"Ivana Trbovic","author_link":"https:\/\/www.internetsociety.org\/es\/author\/trbovic\/"},"uagb_comment_info":0,"uagb_excerpt":"Promueva una conectividad inclusiva con marcos de licencias que apoyen a las redes comunitarias y los ISP m\u00e1s peque\u00f1os.","_links":{"self":[{"href":"https:\/\/www.internetsociety.org\/es\/wp-json\/wp\/v2\/pages\/223101","targetHints":{"allow":["GET"]}}],"collection":[{"href":"https:\/\/www.internetsociety.org\/es\/wp-json\/wp\/v2\/pages"}],"about":[{"href":"https:\/\/www.internetsociety.org\/es\/wp-json\/wp\/v2\/types\/page"}],"author":[{"embeddable":true,"href":"https:\/\/www.internetsociety.org\/es\/wp-json\/wp\/v2\/users\/46"}],"replies":[{"embeddable":true,"href":"https:\/\/www.internetsociety.org\/es\/wp-json\/wp\/v2\/comments?post=223101"}],"version-history":[{"count":0,"href":"https:\/\/www.internetsociety.org\/es\/wp-json\/wp\/v2\/pages\/223101\/revisions"}],"up":[{"embeddable":true,"href":"https:\/\/www.internetsociety.org\/es\/wp-json\/wp\/v2\/pages\/223920"}],"wp:featuredmedia":[{"embeddable":true,"href":"https:\/\/www.internetsociety.org\/es\/wp-json\/wp\/v2\/media\/218920"}],"wp:attachment":[{"href":"https:\/\/www.internetsociety.org\/es\/wp-json\/wp\/v2\/media?parent=223101"}],"wp:term":[{"taxonomy":"category","embeddable":true,"href":"https:\/\/www.internetsociety.org\/es\/wp-json\/wp\/v2\/categories?post=223101"},{"taxonomy":"post_tag","embeddable":true,"href":"https:\/\/www.internetsociety.org\/es\/wp-json\/wp\/v2\/tags?post=223101"},{"taxonomy":"region_news_regions","embeddable":true,"href":"https:\/\/www.internetsociety.org\/es\/wp-json\/wp\/v2\/region_news_regions?post=223101"},{"taxonomy":"content_category","embeddable":true,"href":"https:\/\/www.internetsociety.org\/es\/wp-json\/wp\/v2\/content_category?post=223101"},{"taxonomy":"author","embeddable":true,"href":"https:\/\/www.internetsociety.org\/es\/wp-json\/wp\/v2\/ppma_author?post=223101"}],"curies":[{"name":"wp","href":"https:\/\/api.w.org\/{rel}","templated":true}]}}