{"id":223088,"date":"2025-03-06T16:47:43","date_gmt":"2025-03-06T16:47:43","guid":{"rendered":"https:\/\/www.internetsociety.org\/?page_id=223088"},"modified":"2025-09-24T11:01:47","modified_gmt":"2025-09-24T11:01:47","slug":"financiamiento-caminos-sostenibles-hacia-un-acceso-accesible","status":"publish","type":"page","link":"https:\/\/www.internetsociety.org\/es\/resources\/advancing-community-connectivity\/financing\/","title":{"rendered":"Financiamiento: Caminos sostenibles hacia un acceso accesible"},"content":{"rendered":"\n<section class=\"wp-block-uagb-columns uagb-columns__wrap uagb-columns__background-image uagb-columns__stack-mobile uagb-columns__valign- uagb-columns__gap-10 align uagb-block-1b60d478 uagb-columns__columns-1 uagb-columns__max_width-theme background-image-fallback-black\"><div class=\"uagb-columns__overlay\"><\/div><div class=\"uagb-columns__inner-wrap uagb-columns__columns-1\">\n<div class=\"wp-block-uagb-column uagb-column__wrap uagb-column__background-undefined uagb-block-6da44868\"><div class=\"uagb-column__overlay\"><\/div>\n<p class=\"has-neutral-white-color has-text-color has-18-font-size\"><a href=\"https:\/\/www.internetsociety.org\/es\/resources\/advancing-community-connectivity\/overview\/\">Promoci\u00f3n de la conectividad comunitaria<\/a> > Financiamiento: Caminos sostenibles hacia un acceso accesible<\/p>\n\n\n\n<div style=\"height:30px\" aria-hidden=\"true\" class=\"wp-block-spacer\"><\/div>\n\n\n\n<h1 class=\"wp-block-heading has-neutral-white-color has-text-color\">Financiamiento: Caminos sostenibles hacia un acceso accesible\n<\/h1>\n\n\n\n<section class=\"wp-block-uagb-columns uagb-columns__wrap uagb-columns__background-color uagb-columns__stack-tablet uagb-columns__valign-center uagb-columns__gap-10 align uagb-block-f5cc051d uagb-columns__columns-1 uagb-columns__max_width-theme\"><div class=\"uagb-columns__overlay\"><\/div><div class=\"uagb-columns__inner-wrap uagb-columns__columns-1\">\n<div class=\"wp-block-uagb-column uagb-column__wrap uagb-column__background-undefined uagb-block-b5e92d07\"><div class=\"uagb-column__overlay\"><\/div>\n<p class=\"has-neutral-white-color has-text-color has-28-font-size\"><strong><strong>Explore estrategias de financiamiento para redes comunitarias y proveedores locales de servicios de Internet. Aprenda c\u00f3mo gestionar la sostenibilidad financiera, la inclusi\u00f3n regulatoria y un financiamiento innovador m\u00e1s all\u00e1 de los Fondos de Servicio y Acceso Universal<\/strong><\/strong><\/p>\n<\/div>\n<\/div><\/section>\n<\/div>\n<\/div><\/section>\n\n\n\n<section class=\"wp-block-uagb-columns uagb-columns__wrap uagb-columns__background-none uagb-columns__stack-tablet uagb-columns__valign-top uagb-columns__gap-10 align uagb-block-de3d1d5d uagb-columns__columns-2 uagb-columns__max_width-theme\"><div class=\"uagb-columns__overlay\"><\/div><div class=\"uagb-columns__inner-wrap uagb-columns__columns-2\">\n<div class=\"wp-block-uagb-column uagb-column__wrap uagb-column__background-undefined uagb-block-f338041f\"><div class=\"uagb-column__overlay\"><\/div>\n<p class=\"has-18-font-size\">Antes de empezar, estas redes necesitan fondos para cubrir costos administrativos, regulatorios y de equipamiento. Despu\u00e9s, para seguir operando, requieren fondos para mantener y actualizar los sistemas y para atender a los clientes, incluida la gesti\u00f3n de cobros. Aunque no tengan fines de lucro, deben ser financieramente sostenibles. Es importante crear un entorno regulatorio que las reconozca expl\u00edcitamente, en vez de reproducir las condiciones que dieron lugar a las fallas del mercado. Pero existen diversas oportunidades para abordar estos diferentes desaf\u00edos de financiamiento, que van mucho m\u00e1s all\u00e1 de los Fondos de Servicio y Acceso Universal.<br><\/p>\n<\/div>\n\n\n\n<div class=\"wp-block-uagb-column uagb-column__wrap uagb-column__background-color uagb-block-526f2fae uag-hide-tab uag-hide-mob\"><div class=\"uagb-column__overlay\"><\/div>\n<section class=\"wp-block-uagb-columns uagb-columns__wrap uagb-columns__background-color uagb-columns__stack-mobile uagb-columns__valign- uagb-columns__gap-10 align uagb-block-fdf24225 uagb-columns__columns-1 uagb-columns__max_width-theme uag-hide-tab uag-hide-mob\"><div class=\"uagb-columns__overlay\"><\/div><div class=\"uagb-columns__inner-wrap uagb-columns__columns-1\">\n<div class=\"wp-block-uagb-column uagb-column__wrap uagb-column__background-undefined uagb-block-97d3e113\"><div class=\"uagb-column__overlay\"><\/div>\n<p class=\"has-text-align-left has-depth-green-color has-text-color has-link-color has-18-font-size wp-elements-f1e08d11bfd69f75cdf04618ef41eb1a\"><strong>Siguiente lectura: <a href=\"https:\/\/www.internetsociety.org\/resources\/advancing-community-connectivity\/licensing\/\">Licencias: Marcos para el Siglo XXI y m\u00e1s all\u00e1<\/a><\/strong><\/p>\n<\/div>\n<\/div><\/section>\n<\/div>\n<\/div><\/section>\n\n\n\n<section class=\"wp-block-uagb-columns uagb-columns__wrap uagb-columns__background-none uagb-columns__stack-tablet uagb-columns__valign-center uagb-columns__gap-10 align uagb-columns__reverse-tablet uagb-block-28598c2e uagb-columns__columns-2 uagb-columns__max_width-theme\"><div class=\"uagb-columns__overlay\"><\/div><div class=\"uagb-columns__inner-wrap uagb-columns__columns-2\">\n<div class=\"wp-block-uagb-column uagb-column__wrap uagb-column__background-color uagb-block-0876264a\"><div class=\"uagb-column__overlay\"><\/div>\n<h2 class=\"wp-block-heading has-32-font-size\">Mantener la red activa a largo plazo<\/h2>\n\n\n\n<div style=\"height:20px\" aria-hidden=\"true\" class=\"wp-block-spacer\"><\/div>\n\n\n\n<p class=\"has-18-font-size\">Ya sea una red comunitaria, una red municipal o un peque\u00f1o proveedor de servicios de Internet, un proyecto liderado por la comunidad necesita un plan para generar ingresos, incluso si es gestionado \u00edntegramente por voluntarios y no tiene fines de lucro. Tendr\u00e1 que mantener y actualizar los equipos. Necesitar\u00e1 sistemas de atenci\u00f3n al cliente, facturaci\u00f3n y pago, as\u00ed como servicios web como correo electr\u00f3nico y herramientas de gesti\u00f3n. Algunas redes adoptan un modelo de franquicia, reciben inversiones o incluso implementan algo similar a un cibercaf\u00e9, donde los usuarios solo pagan por su comida, su bebida y otros servicios como la impresi\u00f3n.<\/p>\n\n\n\n<p class=\"has-18-font-size\">Mejorar el entorno de pol\u00edticas para las peque\u00f1as empresas\u2014incluyendo capacitaci\u00f3n empresarial para redes comunitarias\u2014puede contribuir al \u00e9xito a largo plazo de estas importantes iniciativas.<\/p>\n\n\n\n<p class=\"has-18-font-size\"><img decoding=\"async\" style=\"width: 45px; vertical-align: middle;\" src=\"https:\/\/www.internetsociety.org\/wp-content\/uploads\/2024\/12\/Iconography-Innovation-Dark-RGB-1.png\" alt=\"lightbulb icon\"><strong><strong>Cu\u00e1ndo funciona mejor<\/strong>:<\/strong> Un enfoque exitoso reconoce que las comunidades suelen tener soluciones propias, que son \u00fanicas para ellas. No tenga miedo de aprovechar lo que ya funciona.<\/p>\n\n\n\n<p class=\"has-18-font-size\"><img decoding=\"async\" style=\"width: 45px; vertical-align: middle; margin-right: 10px;\" src=\"https:\/\/www.internetsociety.org\/wp-content\/uploads\/2025\/02\/Icon-National-Internet-Gateways-Dark.png\" alt=\"wifi behind the bars\"><strong><strong>Cu\u00e1ndo pueden surgir obst\u00e1culos<\/strong>:<\/strong> Al inicio de un proyecto suele haber mucha energ\u00eda entre los voluntarios. Aseg\u00farese de que el entusiasmo inicial no se convierta en resentimiento si algunas personas terminan trabajando mucho cuando preferir\u00edan recibir una compensaci\u00f3n.<\/p>\n\n\n\n<div style=\"height:10px\" aria-hidden=\"true\" class=\"wp-block-spacer\"><\/div>\n\n\n\n<p class=\"has-18-font-size\"><strong><strong>Seguir leyendo<\/strong><\/strong><\/p>\n\n\n\n<ul class=\"wp-block-list has-18-font-size\">\n<li><a href=\"https:\/\/b4rn.org.uk\/support\/faqs\">B4RN, a cooperative using government vouchers in the UK<\/a><\/li>\n\n\n\n<li><a href=\"https:\/\/www.internetsociety.org\/wp-content\/uploads\/2022\/10\/Financing-Mechanisms-for-Locally-Owned-Internet-Infrastructure.pdf\" target=\"_blank\" rel=\"noreferrer noopener\">En Sud\u00e1frica, Zenzeleni utiliza una estructura cooperativa para crecer<\/a>&nbsp;(PDF, p\u00e1gina 116)<\/li>\n<\/ul>\n<\/div>\n\n\n\n<div class=\"wp-block-uagb-column uagb-column__wrap uagb-column__background-color uagb-block-e26e6e61\"><div class=\"uagb-column__overlay\"><\/div><div class=\"wp-block-image\">\n<figure class=\"aligncenter size-full\"><img loading=\"lazy\" decoding=\"async\" width=\"400\" height=\"661\" src=\"https:\/\/www.internetsociety.org\/wp-content\/uploads\/2025\/02\/Medium-Community-Networks-Zenzelini-S.Africa-June-2018.jpg\" alt=\"A family gathers outside their home \" class=\"wp-image-220562\" style=\"aspect-ratio:2\/3;object-fit:cover\" srcset=\"https:\/\/www.internetsociety.org\/wp-content\/uploads\/2025\/02\/Medium-Community-Networks-Zenzelini-S.Africa-June-2018.jpg 400w, https:\/\/www.internetsociety.org\/wp-content\/uploads\/2025\/02\/Medium-Community-Networks-Zenzelini-S.Africa-June-2018-272x450.jpg 272w, https:\/\/www.internetsociety.org\/wp-content\/uploads\/2025\/02\/Medium-Community-Networks-Zenzelini-S.Africa-June-2018-250x413.jpg 250w\" sizes=\"auto, (max-width: 400px) 100vw, 400px\" \/><\/figure>\n<\/div><\/div>\n<\/div><\/section>\n\n\n\n<section class=\"wp-block-uagb-columns uagb-columns__wrap uagb-columns__background-none uagb-columns__stack-tablet uagb-columns__valign-center uagb-columns__gap-10 align uagb-block-3b1e54b4 uagb-columns__columns-2 uagb-columns__max_width-theme\"><div class=\"uagb-columns__overlay\"><\/div><div class=\"uagb-columns__inner-wrap uagb-columns__columns-2\">\n<div class=\"wp-block-uagb-column uagb-column__wrap uagb-column__background-color uagb-block-5eca0fa2\"><div class=\"uagb-column__overlay\"><\/div><div class=\"wp-block-image\">\n<figure class=\"aligncenter size-full\"><img loading=\"lazy\" decoding=\"async\" width=\"1000\" height=\"667\" src=\"https:\/\/www.internetsociety.org\/wp-content\/uploads\/2025\/02\/person-assembles-antenna.jpg\" alt=\"A man is engaged in assembling an antenna within a room\" class=\"wp-image-220568\" style=\"aspect-ratio:2\/3;object-fit:cover\" srcset=\"https:\/\/www.internetsociety.org\/wp-content\/uploads\/2025\/02\/person-assembles-antenna.jpg 1000w, https:\/\/www.internetsociety.org\/wp-content\/uploads\/2025\/02\/person-assembles-antenna-450x300.jpg 450w, https:\/\/www.internetsociety.org\/wp-content\/uploads\/2025\/02\/person-assembles-antenna-768x512.jpg 768w, https:\/\/www.internetsociety.org\/wp-content\/uploads\/2025\/02\/person-assembles-antenna-250x167.jpg 250w\" sizes=\"auto, (max-width: 1000px) 100vw, 1000px\" \/><\/figure>\n<\/div><\/div>\n\n\n\n<div class=\"wp-block-uagb-column uagb-column__wrap uagb-column__background-color uagb-block-d3713cd7\"><div class=\"uagb-column__overlay\"><\/div>\n<h2 class=\"wp-block-heading has-28-font-size\">Reducir las barreras de entrada financieras<\/h2>\n\n\n\n<div style=\"height:20px\" aria-hidden=\"true\" class=\"wp-block-spacer\"><\/div>\n\n\n\n<p class=\"has-18-font-size\">Los mecanismos de financiaci\u00f3n para conectividad local var\u00edan seg\u00fan el pa\u00eds, e incluso seg\u00fan las regiones o \u00e1reas locales. Las oportunidades para mejorar el acceso van desde opciones de financiaci\u00f3n empresarial tradicional y pr\u00e9stamos de cooperativas de ahorro y cr\u00e9dito, hasta otras m\u00e1s espec\u00edficas para telecomunicaciones, como la simplificaci\u00f3n de licencias o la optimizaci\u00f3n de la elaboraci\u00f3n de informes para los procesos administrativos y de subvenciones. Tambi\u00e9n pueden incluir programas de vales, exenciones de tarifas para la importaci\u00f3n de equipos, asistencia t\u00e9cnica de calidad asegurada para los estudios de viabilidad, y subvenciones para la instalaci\u00f3n. Otra opci\u00f3n son las subvenciones de montos m\u00e1s importantes, distribuidas en tramos que se liberan seg\u00fan se van cumpliendo diferentes hitos.&nbsp;<\/p>\n\n\n\n<p class=\"has-18-font-size\">Sin embargo, no existe una soluci\u00f3n universal. La clave est\u00e1 en identificar todos los activos que ya posee una comunidad, incluso los menos convencionales, y empezar por ah\u00ed.<\/p>\n\n\n\n<p class=\"has-18-font-size\"><img decoding=\"async\" style=\"width: 45px; vertical-align: middle;\" src=\"https:\/\/www.internetsociety.org\/wp-content\/uploads\/2024\/12\/Iconography-Innovation-Dark-RGB-1.png\" alt=\"lightbulb icon\"><strong><strong>Cu\u00e1ndo funciona mejor<\/strong><\/strong>:Un proyecto liderado por la comunidad siempre ser\u00e1 m\u00e1s exitoso si es dirigido por y para personas que conocen las necesidades y capacidades de la poblaci\u00f3n y la zona.<\/p>\n\n\n\n<p class=\"has-18-font-size\"><img decoding=\"async\" style=\"width: 45px; vertical-align: middle; margin-right: 10px;\" src=\"https:\/\/www.internetsociety.org\/wp-content\/uploads\/2025\/02\/Icon-National-Internet-Gateways-Dark.png\" alt=\"wifi behind the bars\"><strong><strong>Cu\u00e1ndo pueden surgir obst\u00e1culos<\/strong>:<\/strong> Si bien los costos iniciales pueden cubrirse con donaciones y subvenciones y una red comunitaria podr\u00eda no cobrar a los usuarios finales por el acceso, esto debe decidirse teniendo en cuenta la sostenibilidad financiera.<\/p>\n<\/div>\n<\/div><\/section>\n\n\n\n<section class=\"wp-block-uagb-columns uagb-columns__wrap uagb-columns__background-none uagb-columns__stack-tablet uagb-columns__valign-center uagb-columns__gap-10 align uagb-columns__reverse-tablet uagb-block-90bee086 uagb-columns__columns-2 uagb-columns__max_width-theme\"><div class=\"uagb-columns__overlay\"><\/div><div class=\"uagb-columns__inner-wrap uagb-columns__columns-2\">\n<div class=\"wp-block-uagb-column uagb-column__wrap uagb-column__background-color uagb-block-709bb893\"><div class=\"uagb-column__overlay\"><\/div>\n<h2 class=\"wp-block-heading has-32-font-size\">Fondos de Servicio y Acceso Universal<br><\/h2>\n\n\n\n<div style=\"height:20px\" aria-hidden=\"true\" class=\"wp-block-spacer\"><\/div>\n\n\n\n<p class=\"has-18-font-size\">La mayor\u00eda de los pa\u00edses cuentan con un fondo que proviene de un porcentaje de las ganancias obtenidas por las grandes empresas de telecomunicaciones establecidas. Este fondo puede utilizarse para financiar el acceso universal a Internet, aunque puede ser dif\u00edcil acceder a estos recursos. A menudo este dinero termina sin utilizarse o se destina a otros prop\u00f3sitos ajenos a Internet.&nbsp;<\/p>\n\n\n\n<p class=\"has-18-font-size\">Es necesario establecer pol\u00edticas para que haya mecanismos para invertir esos fondos en actores e iniciativas m\u00e1s peque\u00f1os. Esto podr\u00eda incluir aspectos administrativos, como un proceso est\u00e1ndar de solicitud de fondos, o agregar requisitos, como la obligaci\u00f3n de conectar una zona sin conexi\u00f3n ofreci\u00e9ndole la misma calidad de servicio que a una m\u00e1s rentable.<\/p>\n\n\n\n<p class=\"has-18-font-size\"><img decoding=\"async\" style=\"width: 45px; vertical-align: middle;\" src=\"https:\/\/www.internetsociety.org\/wp-content\/uploads\/2024\/12\/Iconography-Innovation-Dark-RGB-1.png\" alt=\"lightbulb icon\"><strong><strong>Cu\u00e1ndo funciona mejor<\/strong>:<\/strong>&nbsp;Estos fondos est\u00e1n disponibles para todos los tipos de soluciones reconocidas, incluso para aquellas lideradas por la comunidad.<br><\/p>\n\n\n\n<p class=\"has-18-font-size\"><img decoding=\"async\" style=\"width: 45px; vertical-align: middle; margin-right: 10px;\" src=\"https:\/\/www.internetsociety.org\/wp-content\/uploads\/2025\/02\/Icon-National-Internet-Gateways-Dark.png\" alt=\"wifi behind the bars\"><strong><strong>Cu\u00e1ndo pueden surgir obst\u00e1culos<\/strong>:<\/strong> Si solo los grandes operadores pueden acceder a estos fondos, el trabajo de los grupos o comunidades que buscan establecer algo como una peque\u00f1a red comunitaria podr\u00eda ser m\u00e1s dif\u00edcil.<\/p>\n\n\n\n<div style=\"height:10px\" aria-hidden=\"true\" class=\"wp-block-spacer\"><\/div>\n\n\n\n<p class=\"has-18-font-size\"><strong><strong>Seguir leyendo<\/strong><\/strong><\/p>\n\n\n\n<ul class=\"wp-block-list has-18-font-size\">\n<li><a href=\"https:\/\/pulse.internetsociety.org\/blog\/modernizing-the-universal-service-fund-the-appropriate-path-forward\">Gu\u00eda general para modernizar un Fondo de Servicio Universal<\/a><\/li>\n\n\n\n<li><a href=\"https:\/\/a4ai.org\/wp-content\/uploads\/2022\/01\/USAF-Report-English.pdf\">C\u00f3mo utilizan los FSU los pa\u00edses de Am\u00e9rica Latina y el Caribe<\/a><\/li>\n<\/ul>\n<\/div>\n\n\n\n<div class=\"wp-block-uagb-column uagb-column__wrap uagb-column__background-color uagb-block-f344f435\"><div class=\"uagb-column__overlay\"><\/div><div class=\"wp-block-image\">\n<figure class=\"aligncenter size-full\"><img loading=\"lazy\" decoding=\"async\" width=\"1500\" height=\"1125\" src=\"https:\/\/www.internetsociety.org\/wp-content\/uploads\/2025\/02\/P1104593-1.jpg\" alt=\"\" class=\"wp-image-220282\" style=\"aspect-ratio:2\/3;object-fit:cover\" srcset=\"https:\/\/www.internetsociety.org\/wp-content\/uploads\/2025\/02\/P1104593-1.jpg 1500w, https:\/\/www.internetsociety.org\/wp-content\/uploads\/2025\/02\/P1104593-1-450x338.jpg 450w, https:\/\/www.internetsociety.org\/wp-content\/uploads\/2025\/02\/P1104593-1-1024x768.jpg 1024w, https:\/\/www.internetsociety.org\/wp-content\/uploads\/2025\/02\/P1104593-1-768x576.jpg 768w, https:\/\/www.internetsociety.org\/wp-content\/uploads\/2025\/02\/P1104593-1-250x188.jpg 250w\" sizes=\"auto, (max-width: 1500px) 100vw, 1500px\" \/><\/figure>\n<\/div><\/div>\n<\/div><\/section>\n\n\n\n<section class=\"wp-block-uagb-columns uagb-columns__wrap uagb-columns__background-color uagb-columns__stack-mobile uagb-columns__valign- uagb-columns__gap-10 align uagb-block-952da590 uagb-columns__columns-1 uagb-columns__max_width-theme uag-hide-desktop\"><div class=\"uagb-columns__overlay\"><\/div><div class=\"uagb-columns__inner-wrap uagb-columns__columns-1\">\n<div class=\"wp-block-uagb-column uagb-column__wrap uagb-column__background-color uagb-block-f77d880c\"><div class=\"uagb-column__overlay\"><\/div>\n<p class=\"has-text-align-center has-depth-green-color has-text-color has-link-color has-18-font-size wp-elements-adcd7151c138b0f38b8235b075b949f6\"><strong>Siguiente lectura: <a href=\"https:\/\/www.internetsociety.org\/resources\/advancing-community-connectivity\/licensing\/\">Licencias: Marcos para el Siglo XXI y m\u00e1s all\u00e1<\/a><\/strong><\/p>\n<\/div>\n<\/div><\/section>\n\n\n\n<p class=\"has-text-align-center has-neutral-white-color has-ground-navy-background-color has-text-color has-background has-12-font-size\">Derechos de autor: <br>\u00a9 Jos\u00e9 Elizeche, \u00a9 Atul Loke, \u00a9 Nyani Quarmyne<\/p>\n\n\n\n<p><\/p>\n","protected":false},"excerpt":{"rendered":"<p>Explore estrategias de financiamiento para redes comunitarias y proveedores locales de servicios de Internet.<\/p>\n","protected":false},"author":46,"featured_media":220564,"parent":223920,"menu_order":0,"comment_status":"closed","ping_status":"closed","template":"page-wide.php","meta":{"_acf_changed":false,"_uag_custom_page_level_css":"","footnotes":""},"categories":[67,173],"tags":[],"region_news_regions":[6030],"content_category":[6106],"ppma_author":[4057],"class_list":["post-223088","page","type-page","status-publish","has-post-thumbnail","hentry","category-acceso-es","category-politicas-publicas","region_news_regions-global","content_category-resources-type"],"acf":[],"uagb_featured_image_src":{"full":["https:\/\/www.internetsociety.org\/wp-content\/uploads\/2025\/02\/Medium-Community-Networks-Zenzelini-S.Africa-June-2018.jpg",400,661,false],"thumbnail":["https:\/\/www.internetsociety.org\/wp-content\/uploads\/2025\/02\/Medium-Community-Networks-Zenzelini-S.Africa-June-2018-150x150.jpg",150,150,true],"medium":["https:\/\/www.internetsociety.org\/wp-content\/uploads\/2025\/02\/Medium-Community-Networks-Zenzelini-S.Africa-June-2018-272x450.jpg",272,450,true],"medium_large":["https:\/\/www.internetsociety.org\/wp-content\/uploads\/2025\/02\/Medium-Community-Networks-Zenzelini-S.Africa-June-2018.jpg",400,661,false],"large":["https:\/\/www.internetsociety.org\/wp-content\/uploads\/2025\/02\/Medium-Community-Networks-Zenzelini-S.Africa-June-2018.jpg",400,661,false],"1536x1536":["https:\/\/www.internetsociety.org\/wp-content\/uploads\/2025\/02\/Medium-Community-Networks-Zenzelini-S.Africa-June-2018.jpg",400,661,false],"2048x2048":["https:\/\/www.internetsociety.org\/wp-content\/uploads\/2025\/02\/Medium-Community-Networks-Zenzelini-S.Africa-June-2018.jpg",400,661,false],"post-thumbnail":["https:\/\/www.internetsociety.org\/wp-content\/uploads\/2025\/02\/Medium-Community-Networks-Zenzelini-S.Africa-June-2018-250x413.jpg",250,413,true],"square":["https:\/\/www.internetsociety.org\/wp-content\/uploads\/2025\/02\/Medium-Community-Networks-Zenzelini-S.Africa-June-2018-400x600.jpg",400,600,true],"gform-image-choice-sm":["https:\/\/www.internetsociety.org\/wp-content\/uploads\/2025\/02\/Medium-Community-Networks-Zenzelini-S.Africa-June-2018.jpg",182,300,false],"gform-image-choice-md":["https:\/\/www.internetsociety.org\/wp-content\/uploads\/2025\/02\/Medium-Community-Networks-Zenzelini-S.Africa-June-2018.jpg",242,400,false],"gform-image-choice-lg":["https:\/\/www.internetsociety.org\/wp-content\/uploads\/2025\/02\/Medium-Community-Networks-Zenzelini-S.Africa-June-2018.jpg",363,600,false]},"uagb_author_info":{"display_name":"Ivana Trbovic","author_link":"https:\/\/www.internetsociety.org\/es\/author\/trbovic\/"},"uagb_comment_info":0,"uagb_excerpt":"Explore estrategias de financiamiento para redes comunitarias y proveedores locales de servicios de Internet.","_links":{"self":[{"href":"https:\/\/www.internetsociety.org\/es\/wp-json\/wp\/v2\/pages\/223088","targetHints":{"allow":["GET"]}}],"collection":[{"href":"https:\/\/www.internetsociety.org\/es\/wp-json\/wp\/v2\/pages"}],"about":[{"href":"https:\/\/www.internetsociety.org\/es\/wp-json\/wp\/v2\/types\/page"}],"author":[{"embeddable":true,"href":"https:\/\/www.internetsociety.org\/es\/wp-json\/wp\/v2\/users\/46"}],"replies":[{"embeddable":true,"href":"https:\/\/www.internetsociety.org\/es\/wp-json\/wp\/v2\/comments?post=223088"}],"version-history":[{"count":0,"href":"https:\/\/www.internetsociety.org\/es\/wp-json\/wp\/v2\/pages\/223088\/revisions"}],"up":[{"embeddable":true,"href":"https:\/\/www.internetsociety.org\/es\/wp-json\/wp\/v2\/pages\/223920"}],"wp:featuredmedia":[{"embeddable":true,"href":"https:\/\/www.internetsociety.org\/es\/wp-json\/wp\/v2\/media\/220564"}],"wp:attachment":[{"href":"https:\/\/www.internetsociety.org\/es\/wp-json\/wp\/v2\/media?parent=223088"}],"wp:term":[{"taxonomy":"category","embeddable":true,"href":"https:\/\/www.internetsociety.org\/es\/wp-json\/wp\/v2\/categories?post=223088"},{"taxonomy":"post_tag","embeddable":true,"href":"https:\/\/www.internetsociety.org\/es\/wp-json\/wp\/v2\/tags?post=223088"},{"taxonomy":"region_news_regions","embeddable":true,"href":"https:\/\/www.internetsociety.org\/es\/wp-json\/wp\/v2\/region_news_regions?post=223088"},{"taxonomy":"content_category","embeddable":true,"href":"https:\/\/www.internetsociety.org\/es\/wp-json\/wp\/v2\/content_category?post=223088"},{"taxonomy":"author","embeddable":true,"href":"https:\/\/www.internetsociety.org\/es\/wp-json\/wp\/v2\/ppma_author?post=223088"}],"curies":[{"name":"wp","href":"https:\/\/api.w.org\/{rel}","templated":true}]}}