{"id":222106,"date":"2025-04-04T15:24:01","date_gmt":"2025-04-04T15:24:01","guid":{"rendered":"https:\/\/www.internetsociety.org\/la-bourse-peering\/"},"modified":"2025-09-19T18:04:42","modified_gmt":"2025-09-19T18:04:42","slug":"la-bourse-peering","status":"publish","type":"page","link":"https:\/\/www.internetsociety.org\/es\/fellowships\/peering\/","title":{"rendered":"Beca de Peering"},"content":{"rendered":"\n<div class=\"wp-block-cover\" style=\"min-height:600px;aspect-ratio:unset;\"><span aria-hidden=\"true\" class=\"wp-block-cover__background has-background-dim-0 has-background-dim\" style=\"background-color:#8b6a5e\"><\/span><img loading=\"lazy\" decoding=\"async\" width=\"2000\" height=\"1500\" class=\"wp-block-cover__image-background wp-image-222180\" alt=\"A group of people wearing black shirts pose excitedly for a photo\" src=\"https:\/\/www.internetsociety.org\/wp-content\/uploads\/2025\/04\/afpif-group.jpg\" style=\"object-position:50% 35%\" data-object-fit=\"cover\" data-object-position=\"50% 35%\" srcset=\"https:\/\/www.internetsociety.org\/wp-content\/uploads\/2025\/04\/afpif-group.jpg 2000w, https:\/\/www.internetsociety.org\/wp-content\/uploads\/2025\/04\/afpif-group-450x338.jpg 450w, https:\/\/www.internetsociety.org\/wp-content\/uploads\/2025\/04\/afpif-group-1024x768.jpg 1024w, https:\/\/www.internetsociety.org\/wp-content\/uploads\/2025\/04\/afpif-group-768x576.jpg 768w, https:\/\/www.internetsociety.org\/wp-content\/uploads\/2025\/04\/afpif-group-1536x1152.jpg 1536w, https:\/\/www.internetsociety.org\/wp-content\/uploads\/2025\/04\/afpif-group-250x188.jpg 250w\" sizes=\"auto, (max-width: 2000px) 100vw, 2000px\" \/><div class=\"wp-block-cover__inner-container is-layout-flow wp-block-cover-is-layout-flow\">\n<p class=\"has-text-align-center has-large-font-size\"><\/p>\n<\/div><\/div>\n\n\n\n<section class=\"wp-block-uagb-columns uagb-columns__wrap uagb-columns__background-color uagb-columns__stack-mobile uagb-columns__valign- uagb-columns__gap-10 align uagb-block-483db077 uagb-columns__columns-2 uagb-columns__max_width-theme\"><div class=\"uagb-columns__overlay\"><\/div><div class=\"uagb-columns__inner-wrap uagb-columns__columns-2\">\n<div class=\"wp-block-uagb-column uagb-column__wrap uagb-column__background-color uagb-block-a520f38e\"><div class=\"uagb-column__overlay\"><\/div>\n<h1 class=\"wp-block-heading has-accent-purple-color has-text-color uag-hide-desktop uag-hide-tab\">Beca de Peering<\/h1>\n\n\n\n<div style=\"height:20px\" aria-hidden=\"true\" class=\"wp-block-spacer uag-hide-desktop uag-hide-tab\"><\/div>\n\n\n\n<section class=\"wp-block-uagb-columns uagb-columns__wrap uagb-columns__background-color uagb-columns__stack-mobile uagb-columns__valign- uagb-columns__gap-10 align uagb-block-d419938b uagb-columns__columns-1 uagb-columns__max_width-theme background-image-fallback-black\"><div class=\"uagb-columns__overlay\"><\/div><div class=\"uagb-columns__inner-wrap uagb-columns__columns-1\">\n<div class=\"wp-block-uagb-column uagb-column__wrap uagb-column__background-undefined uagb-block-595c3f5a\"><div class=\"uagb-column__overlay\"><\/div>\n<h2 class=\"wp-block-heading has-neutral-white-color has-text-color has-28-font-size\" id=\"at-a-glance\">En un vistazo<\/h2>\n\n\n\n<div style=\"height:20px\" aria-hidden=\"true\" class=\"wp-block-spacer\"><\/div>\n\n\n\n\n\n\n<p class=\"has-neutral-white-color has-text-color has-link-color has-18-font-size wp-elements-ff5111cfd8941775edbca48eb1ae1a99\">Estado actual:<br>cerrado<\/p>\n\n\n\n\n<div class=\"wp-block-buttons is-content-justification-left is-layout-flex wp-container-core-buttons-is-layout-fdcfc74e wp-block-buttons-is-layout-flex\">\n<div class=\"wp-block-button is-style-fill\"><a class=\"wp-block-button__link has-accent-purple-color has-neutral-white-background-color has-text-color has-background wp-element-button\" href=\"https:\/\/www.internetsociety.org\/fellowships\/peering\/\"><strong>M\u00e1s informaci\u00f3n<\/strong><\/a><\/div>\n<\/div>\n<\/div>\n<\/div><\/section>\n<\/div>\n\n\n\n<div class=\"wp-block-uagb-column uagb-column__wrap uagb-column__background-undefined uagb-block-5c672ad5\"><div class=\"uagb-column__overlay\"><\/div>\n<h1 class=\"wp-block-heading has-accent-purple-color has-text-color uag-hide-mob\" id=\"early-career-fellowship\">Beca de Peering<\/h1>\n\n\n\n<div style=\"height:20px\" aria-hidden=\"true\" class=\"wp-block-spacer uag-hide-mob\"><\/div>\n\n\n\n<h2 class=\"wp-block-heading has-accent-purple-color has-text-color has-48-font-size\" id=\"about-the-program\">Acerca de la beca<\/h2>\n\n\n\n<div style=\"height:20px\" aria-hidden=\"true\" class=\"wp-block-spacer\"><\/div>\n\n\n\n<p>En el mundo actual donde los desaf\u00edos se entrelazan, abordar las complejidades de Internet exige un conocimiento s\u00f3lido de la din\u00e1mica del peering y el intercambio de tr\u00e1fico. La Beca de Peering apoya a quienes trabajan para que el acceso a Internet sea asequible, confiable y resiliente al mejorar la infraestructura local de interconexi\u00f3n a Internet y promover un entorno de pol\u00edticas propicio que respalde un ecosistema de Internet pujante.<\/p>\n\n\n\n<p>Este atractivo programa de seis meses est\u00e1 dise\u00f1ado para brindar a 15 profesionales del peering y la interconexi\u00f3n las habilidades, conocimientos y herramientas necesarios para enfrentar los desaf\u00edos del sector, y, a la vez, maximizar las oportunidades que impulsan el crecimiento de Internet y el desarrollo de la comunidad en eventos de peering. Esta beca es una de las formas en que Internet Society respalda los esfuerzos para lograr un acceso asequible y confiable.<\/p>\n\n\n\n<p>Expectativas:<\/p>\n\n\n\n<ul class=\"wp-block-list\">\n<li><strong>Cobertura de contenido virtual:<\/strong>&nbsp;participar en sesiones en l\u00ednea y foros colaborativos.<\/li>\n\n\n\n<li><strong>Participaci\u00f3n en eventos de peering presenciales:<\/strong>&nbsp;involucrarse de manera directa con la comunidad global de peering.<\/li>\n\n\n\n<li><strong>Capacitaci\u00f3n t\u00e9cnica y de promoci\u00f3n:<\/strong>&nbsp;ampliar su experiencia en enrutamiento, IXP y pol\u00edticas de Internet.<\/li>\n\n\n\n<li><strong>Interacci\u00f3n con profesionales de la industria:<\/strong>&nbsp;establecer conexiones que amplifiquen su impacto regional y global.<\/li>\n\n\n\n<li><strong>Impulsar el impacto local:<\/strong>&nbsp;trabajar en iniciativas que respalden el avance del peering y la interconexi\u00f3n en su pa\u00eds o regi\u00f3n.<\/li>\n<\/ul>\n\n\n\n<div style=\"height:20px\" aria-hidden=\"true\" class=\"wp-block-spacer\"><\/div>\n\n\n\n<h3 class=\"wp-block-heading has-accent-purple-color has-text-color\" id=\"about-the-program\">\u00bfPor qu\u00e9 postularse?<\/h3>\n\n\n\n<div style=\"height:20px\" aria-hidden=\"true\" class=\"wp-block-spacer\"><\/div>\n\n\n\n<p>Este programa ofrece la oportunidad de:<\/p>\n\n\n\n<ul class=\"wp-block-list\">\n<li>Formar parte de una red de l\u00edderes experimentados de Internet que contin\u00faan perfeccionando sus habilidades y competencias, apoyan activamente la misi\u00f3n de Internet Society y abogan por una Internet abierta, conectada globalmente, segura y confiable.<\/li>\n\n\n\n<li>Profundizar sus conocimientos a trav\u00e9s de capacitaci\u00f3n impartida por profesionales con amplia experiencia en peering.<\/li>\n\n\n\n<li>Compartir redes, aprender de los enfoques de los dem\u00e1s, trabajar juntos y forjar relaciones que mejorar\u00e1n significativamente las iniciativas de peering e interconexi\u00f3n en su comunidad, pa\u00eds y regi\u00f3n al participar en eventos relevantes del sector.<\/li>\n\n\n\n<li>Contribuir a que el acceso a Internet sea asequible, confiable y resiliente al mejorar la infraestructura local de interconexi\u00f3n a Internet y promover un entorno de pol\u00edticas propicio que respalde un ecosistema de Internet pujante.<\/li>\n<\/ul>\n\n\n\n<div style=\"height:20px\" aria-hidden=\"true\" class=\"wp-block-spacer\"><\/div>\n\n\n\n<h2 class=\"wp-block-heading has-accent-purple-color has-text-color has-26-font-size\"><span style=\"line-height: 1.4\"><span class=\"tadv-color\" style=\"color:#7e245c\">Si cumple con estos requisitos, visite la <a href=\"https:\/\/www.internetsociety.org\/fellowships\/peering\/\"><span style=\"text-decoration: underline;\">p\u00e1gina web en ingl\u00e9s.<\/span><\/a><\/span><\/span><\/h2>\n<\/div>\n<\/div><\/section>\n\n\n\n<p class=\"has-text-align-center has-neutral-white-color has-ground-navy-background-color has-text-color has-background has-link-color has-12-font-size wp-elements-c714c91d47c28f9001a418bdd13a9dc4\">Cr\u00e9dit d&#8217;image: \u00a9 Victor Ndonnang<\/p>\n","protected":false},"excerpt":{"rendered":"<p>La Beca de Peering apoya a quienes trabajan para que el acceso a Internet sea asequible, confiable y resiliente.<\/p>\n","protected":false},"author":1844,"featured_media":222180,"parent":224073,"menu_order":0,"comment_status":"closed","ping_status":"closed","template":"page-wide.php","meta":{"_acf_changed":false,"_uag_custom_page_level_css":"","footnotes":""},"categories":[5694,5675,119],"tags":[6150,6149],"region_news_regions":[6030],"content_category":[],"ppma_author":[5969],"class_list":["post-222106","page","type-page","status-publish","has-post-thumbnail","hentry","category-comunidad","category-dar-forma-a-la-internet-del-futuro","category-quienes-somos","tag-becas","tag-exalumnos","region_news_regions-global"],"acf":[],"uagb_featured_image_src":{"full":["https:\/\/www.internetsociety.org\/wp-content\/uploads\/2025\/04\/afpif-group.jpg",2000,1500,false],"thumbnail":["https:\/\/www.internetsociety.org\/wp-content\/uploads\/2025\/04\/afpif-group-150x150.jpg",150,150,true],"medium":["https:\/\/www.internetsociety.org\/wp-content\/uploads\/2025\/04\/afpif-group-450x338.jpg",450,338,true],"medium_large":["https:\/\/www.internetsociety.org\/wp-content\/uploads\/2025\/04\/afpif-group-768x576.jpg",768,576,true],"large":["https:\/\/www.internetsociety.org\/wp-content\/uploads\/2025\/04\/afpif-group-1024x768.jpg",1024,768,true],"1536x1536":["https:\/\/www.internetsociety.org\/wp-content\/uploads\/2025\/04\/afpif-group-1536x1152.jpg",1536,1152,true],"2048x2048":["https:\/\/www.internetsociety.org\/wp-content\/uploads\/2025\/04\/afpif-group.jpg",2000,1500,false],"post-thumbnail":["https:\/\/www.internetsociety.org\/wp-content\/uploads\/2025\/04\/afpif-group-250x188.jpg",250,188,true],"square":["https:\/\/www.internetsociety.org\/wp-content\/uploads\/2025\/04\/afpif-group-600x600.jpg",600,600,true],"gform-image-choice-sm":["https:\/\/www.internetsociety.org\/wp-content\/uploads\/2025\/04\/afpif-group.jpg",300,225,false],"gform-image-choice-md":["https:\/\/www.internetsociety.org\/wp-content\/uploads\/2025\/04\/afpif-group.jpg",400,300,false],"gform-image-choice-lg":["https:\/\/www.internetsociety.org\/wp-content\/uploads\/2025\/04\/afpif-group.jpg",600,450,false]},"uagb_author_info":{"display_name":"Celia Richardson","author_link":"https:\/\/www.internetsociety.org\/es\/author\/richardson\/"},"uagb_comment_info":0,"uagb_excerpt":"La Beca de Peering apoya a quienes trabajan para que el acceso a Internet sea asequible, confiable y resiliente.","_links":{"self":[{"href":"https:\/\/www.internetsociety.org\/es\/wp-json\/wp\/v2\/pages\/222106","targetHints":{"allow":["GET"]}}],"collection":[{"href":"https:\/\/www.internetsociety.org\/es\/wp-json\/wp\/v2\/pages"}],"about":[{"href":"https:\/\/www.internetsociety.org\/es\/wp-json\/wp\/v2\/types\/page"}],"author":[{"embeddable":true,"href":"https:\/\/www.internetsociety.org\/es\/wp-json\/wp\/v2\/users\/1844"}],"replies":[{"embeddable":true,"href":"https:\/\/www.internetsociety.org\/es\/wp-json\/wp\/v2\/comments?post=222106"}],"version-history":[{"count":0,"href":"https:\/\/www.internetsociety.org\/es\/wp-json\/wp\/v2\/pages\/222106\/revisions"}],"up":[{"embeddable":true,"href":"https:\/\/www.internetsociety.org\/es\/wp-json\/wp\/v2\/pages\/224073"}],"wp:featuredmedia":[{"embeddable":true,"href":"https:\/\/www.internetsociety.org\/es\/wp-json\/wp\/v2\/media\/222180"}],"wp:attachment":[{"href":"https:\/\/www.internetsociety.org\/es\/wp-json\/wp\/v2\/media?parent=222106"}],"wp:term":[{"taxonomy":"category","embeddable":true,"href":"https:\/\/www.internetsociety.org\/es\/wp-json\/wp\/v2\/categories?post=222106"},{"taxonomy":"post_tag","embeddable":true,"href":"https:\/\/www.internetsociety.org\/es\/wp-json\/wp\/v2\/tags?post=222106"},{"taxonomy":"region_news_regions","embeddable":true,"href":"https:\/\/www.internetsociety.org\/es\/wp-json\/wp\/v2\/region_news_regions?post=222106"},{"taxonomy":"content_category","embeddable":true,"href":"https:\/\/www.internetsociety.org\/es\/wp-json\/wp\/v2\/content_category?post=222106"},{"taxonomy":"author","embeddable":true,"href":"https:\/\/www.internetsociety.org\/es\/wp-json\/wp\/v2\/ppma_author?post=222106"}],"curies":[{"name":"wp","href":"https:\/\/api.w.org\/{rel}","templated":true}]}}