{"id":221464,"date":"2025-03-04T07:30:00","date_gmt":"2025-03-04T07:30:00","guid":{"rendered":"https:\/\/www.internetsociety.org\/iniciativa-de-cofinanciacion-de-la-conectividad\/"},"modified":"2026-02-17T11:32:55","modified_gmt":"2026-02-17T11:32:55","slug":"iniciativa-de-cofinanciacion-de-la-conectividad","status":"publish","type":"page","link":"https:\/\/www.internetsociety.org\/es\/issues\/access\/connectivity-co-funding-initiative\/","title":{"rendered":"Iniciativa de cofinanciamiento para conectividad"},"content":{"rendered":"\n<section class=\"wp-block-uagb-columns uagb-columns__wrap uagb-columns__background-image uagb-columns__stack-mobile uagb-columns__valign- uagb-columns__gap-10 align uagb-block-ffc93ebd uagb-columns__columns-1 uagb-columns__max_width-custom background-image-fallback-black uag-hide-mob\"><div class=\"uagb-columns__overlay\"><\/div><div class=\"uagb-columns__inner-wrap uagb-columns__columns-1\">\n<div class=\"wp-block-uagb-column uagb-column__wrap uagb-column__background-undefined uagb-block-c95947c4\"><div class=\"uagb-column__overlay\"><\/div>\n<h1 class=\"wp-block-heading animated fadeIn has-neutral-white-color has-text-color\">Iniciativa de cofinanciamiento para conectividad<\/h1>\n\n\n\n<div style=\"height:50px\" aria-hidden=\"true\" class=\"wp-block-spacer\"><\/div>\n\n\n\n<section class=\"wp-block-uagb-columns uagb-columns__wrap uagb-columns__background-color uagb-columns__stack-mobile uagb-columns__valign- uagb-columns__gap-10 align uagb-block-77f5da99 uagb-columns__columns-1 uagb-columns__max_width-theme animated fadeIn background-image-fallback-white\"><div class=\"uagb-columns__overlay\"><\/div><div class=\"uagb-columns__inner-wrap uagb-columns__columns-1\">\n<div class=\"wp-block-uagb-column uagb-column__wrap uagb-column__background-undefined uagb-block-bf6c64fb\"><div class=\"uagb-column__overlay\"><\/div>\n<p class=\"has-18-font-size\">Creemos que Internet es un recurso que enriquece la vida de las personas y una fuerza positiva para la sociedad. Pero miles de millones de personas en todo el mundo no tienen acceso a ella ni a las oportunidades que brinda.<\/p>\n\n\n\n<p class=\"has-18-font-size\">Por eso hemos puesto en marcha la Iniciativa de cofinanciamieto para conectividad\u2014para ayudar a alcanzar nuestro objetivo de garantizar que las personas de todo el mundo tengan acceso a un Internet asequible, fiable y resistente.<\/p>\n\n\n\n<h2 class=\"wp-block-heading has-depth-green-color has-text-color has-28-font-size uag-hide-tab uag-hide-mob\"><strong style=\"line-height:1.4\">Durante los pr\u00f3ximos cinco a\u00f1os, Internet Society y la Internet Society Foundation invertir\u00e1n en iniciativas centradas en la conectividad y tratar\u00e1n de asociarse con otras organizaciones que crean en el impacto positivo de que Internet llegue a todo el mundo.<\/strong><\/h2>\n\n\n\n<h2 class=\"wp-block-heading has-depth-green-color has-text-color has-32-font-size uag-hide-desktop\"><strong>Durante los pr\u00f3ximos cinco a\u00f1os, Internet Society y la Internet Society Foundation invertir\u00e1n en iniciativas centradas en la conectividad y tratar\u00e1n de asociarse con otras organizaciones que crean en el impacto positivo de que Internet llegue a todo el mundo.<\/strong><\/h2>\n<\/div>\n<\/div><\/section>\n<\/div>\n<\/div><\/section>\n\n\n\n<section class=\"wp-block-uagb-columns uagb-columns__wrap uagb-columns__background-color uagb-columns__stack-tablet uagb-columns__valign-top uagb-columns__gap-10 align uagb-block-de3d1d5d uagb-columns__columns-1 uagb-columns__max_width-theme uag-hide-desktop uag-hide-tab\"><div class=\"uagb-columns__overlay\"><\/div><div class=\"uagb-columns__inner-wrap uagb-columns__columns-1\">\n<div class=\"wp-block-uagb-column uagb-column__wrap uagb-column__background-undefined uagb-block-f338041f\"><div class=\"uagb-column__overlay\"><\/div>\n<h1 class=\"wp-block-heading has-text-align-left\">Iniciativa de cofinanciamiento para conectividad<\/h1>\n\n\n\n<div style=\"height:30px\" aria-hidden=\"true\" class=\"wp-block-spacer\"><\/div>\n\n\n\n<figure class=\"wp-block-image size-full\"><img loading=\"lazy\" decoding=\"async\" width=\"1000\" height=\"667\" src=\"https:\/\/www.internetsociety.org\/wp-content\/uploads\/2020\/08\/Medium-CTG3876.jpg\" alt=\"Dos personas de pie en un tejado, mirando fijamente un objeto invisible.\" class=\"wp-image-121440\" srcset=\"https:\/\/www.internetsociety.org\/wp-content\/uploads\/2020\/08\/Medium-CTG3876.jpg 1000w, https:\/\/www.internetsociety.org\/wp-content\/uploads\/2020\/08\/Medium-CTG3876-450x300.jpg 450w, https:\/\/www.internetsociety.org\/wp-content\/uploads\/2020\/08\/Medium-CTG3876-768x512.jpg 768w, https:\/\/www.internetsociety.org\/wp-content\/uploads\/2020\/08\/Medium-CTG3876-250x167.jpg 250w\" sizes=\"auto, (max-width: 1000px) 100vw, 1000px\" \/><\/figure>\n\n\n\n<div style=\"height:20px\" aria-hidden=\"true\" class=\"wp-block-spacer\"><\/div>\n\n\n\n<p class=\"has-18-font-size\">Creemos que Internet es un recurso que enriquece la vida de las personas y una fuerza positiva para la sociedad. Pero miles de millones de personas en todo el mundo no tienen acceso a ella ni a las oportunidades que brinda.<\/p>\n\n\n\n<p class=\"has-18-font-size\">Por eso hemos puesto en marcha la Iniciativa de cofinanciamieto para conectividad\u2014para ayudar a alcanzar nuestro objetivo de garantizar que las personas de todo el mundo tengan acceso a un Internet asequible, fiable y resistente.<\/p>\n\n\n\n<h2 class=\"wp-block-heading has-depth-green-color has-text-color has-26-font-size\"><strong style=\"line-height:1.4\">Durante los pr\u00f3ximos cinco a\u00f1os, Internet Society y la Internet Society Foundation invertir\u00e1n en iniciativas centradas en la conectividad y tratar\u00e1n de asociarse con otras organizaciones que crean en el impacto positivo de que Internet llegue a todo el mundo.<\/strong><\/h2>\n<\/div>\n<\/div><\/section>\n\n\n\n<section class=\"wp-block-uagb-columns uagb-columns__wrap uagb-columns__background-color uagb-columns__stack-mobile uagb-columns__valign- uagb-columns__gap-10 align uagb-columns__reverse-mobile uagb-block-774cf726 uagb-columns__columns-2 uagb-columns__max_width-custom\"><div class=\"uagb-columns__overlay\"><\/div><div class=\"uagb-columns__inner-wrap uagb-columns__columns-2\">\n<div class=\"wp-block-uagb-column uagb-column__wrap uagb-column__background-undefined uagb-block-e1fd0b78\"><div class=\"uagb-column__overlay\"><\/div>\n<h3 class=\"wp-block-heading has-32-font-size uag-hide-tab uag-hide-mob\"><strong>\u00bfQu\u00e9 apoyar\u00e1 la Iniciativa de cofinanciamiento para conectividad?<\/strong><\/h3>\n\n\n\n<h3 class=\"wp-block-heading uag-hide-desktop\"><strong>\u00bfQu\u00e9 apoyar\u00e1 la Iniciativa de cofinanciamiento para conectividad?<\/strong><\/h3>\n\n\n\n<div style=\"height:20px\" aria-hidden=\"true\" class=\"wp-block-spacer\"><\/div>\n\n\n\n<p class=\"has-18-font-size\">La Iniciativa de cofinanciamiento para conectividad se centrar\u00e1 en apoyar a las poblaciones marginadas y desatendidas. En l\u00ednea con la Estrategia 2030, la iniciativa financiar\u00e1 proyectos que promuevan la conectividad centrada en la comunidad y faciliten un acceso asequible y robusto. Estos proyectos podr\u00e1n consistir en:<\/p>\n\n\n\n<ul class=\"wp-block-list has-18-font-size\">\n<li>Favorecer el despliegue de infraestructura y la capacitaci\u00f3n de las comunidades para que gestionen sus propias redes.<\/li>\n\n\n\n<li>Conectar a las comunidades a las que no llegan los proveedores comerciales de servicios de Internet.<\/li>\n\n\n\n<li>Programas de formaci\u00f3n para crear capacidad t\u00e9cnica, empoderar a grupos marginados y formar a la pr\u00f3xima generaci\u00f3n de l\u00edderes de Internet.<\/li>\n\n\n\n<li>Creaci\u00f3n y fortalecimiento de soluciones de conectividad de \u00faltimo tramo centradas en la comunidad para la gente, las empresas, las escuelas y los centros sanitarios de las zonas desatendidas.<\/li>\n\n\n\n<li>Fomentar redes de propiedad local que creen puestos de trabajo e impulsen el esp\u00edritu emprendedor, retengan el valor en las comunidades y promuevan la autosuficiencia.<\/li>\n\n\n\n<li>Aumentar el impacto global trabajando con los m\u00e1s de 130 cap\u00edtulos locales de Internet Society y sus m\u00e1s de 133 000 miembros en todo el mundo.<\/li>\n<\/ul>\n<\/div>\n\n\n\n<div class=\"wp-block-uagb-column uagb-column__wrap uagb-column__background-undefined uagb-block-9ec2654d\"><div class=\"uagb-column__overlay\"><\/div>\n<figure class=\"wp-block-image size-full\"><img loading=\"lazy\" decoding=\"async\" width=\"674\" height=\"887\" src=\"https:\/\/www.internetsociety.org\/wp-content\/uploads\/2026\/02\/DSC00294.jpg\" alt=\"Una mujer se encuentra junto a una llamativa torre roja.\" class=\"wp-image-244949\" srcset=\"https:\/\/www.internetsociety.org\/wp-content\/uploads\/2026\/02\/DSC00294.jpg 674w, https:\/\/www.internetsociety.org\/wp-content\/uploads\/2026\/02\/DSC00294-342x450.jpg 342w, https:\/\/www.internetsociety.org\/wp-content\/uploads\/2026\/02\/DSC00294-250x329.jpg 250w\" sizes=\"auto, (max-width: 674px) 100vw, 674px\" \/><\/figure>\n<\/div>\n<\/div><\/section>\n\n\n\n<section class=\"wp-block-uagb-columns uagb-columns__wrap uagb-columns__background-image uagb-columns__stack-mobile uagb-columns__valign- uagb-columns__gap-10 align uagb-block-d53d1486 uagb-columns__columns-1 uagb-columns__max_width-custom background-image-fallback-white uag-hide-mob\"><div class=\"uagb-columns__overlay\"><\/div><div class=\"uagb-columns__inner-wrap uagb-columns__columns-1\">\n<div class=\"wp-block-uagb-column uagb-column__wrap uagb-column__background-color uagb-block-e5f1ee51\"><div class=\"uagb-column__overlay\"><\/div>\n<h3 class=\"wp-block-heading has-text-align-left has-32-font-size uag-hide-tab uag-hide-mob\"><strong>Los cofinanciadores marcan la diferencia<\/strong><\/h3>\n\n\n\n<h3 class=\"wp-block-heading uag-hide-desktop\"><strong><strong>Los cofinanciadores marcan la diferencia<\/strong><\/strong><\/h3>\n\n\n\n<div style=\"height:30px\" aria-hidden=\"true\" class=\"wp-block-spacer\"><\/div>\n\n\n\n<p class=\"has-ground-navy-color has-text-color has-18-font-size\">Juntos podemos hacer mucho m\u00e1s. Movidos por la visi\u00f3n de un mundo m\u00e1s equitativo y conectado, los cofinanciadores, nuestra comunidad y nuestros socios ayudan a ampliar el impacto del trabajo realizado al contribuir a algunos o a todos los programas, entre ellos la Iniciativa de cofinanciamiento para conectividad. A medida que vaya creciendo nuestra comunidad, presentaremos a los socios que participan en el fondo.<\/p>\n\n\n\n<p class=\"has-ground-navy-color has-text-color has-link-color has-18-font-size wp-elements-dc6fd9a1da78a26dc9b682ffdf10a85e\"><a href=\"https:\/\/www.internetsociety.org\/es\/news\/press-releases\/2025\/internet-society-extends-multi-year-partnership-with-meta-and-announces-connectivity-co-funding-initiative\/\" type=\"link\" id=\"https:\/\/www.internetsociety.org\/es\/news\/press-releases\/2025\/internet-society-extends-multi-year-partnership-with-meta-and-announces-connectivity-co-funding-initiative\/\">Descubra el compromiso de Meta<\/a> con la Iniciativa de cofinanciamiento para conectividad, programa al que se une como el primer cofinanciador.<\/p>\n\n\n\n<div style=\"height:20px\" aria-hidden=\"true\" class=\"wp-block-spacer\"><\/div>\n\n\n\n<p class=\"has-depth-green-color has-text-color has-link-color has-26-font-size wp-elements-8d9065045c413af70548b543559b9840\"><strong>\u00bfQuiere tener un impacto global?<\/strong><br><strong><a href=\"maito:giving@isoc.org\">P\u00f3ngase en contacto con nosotros<\/a>\u00a0para informarse sobre las v\u00edas de colaboraci\u00f3n con Internet Society y convertirse en cofinanciador.<\/strong><\/p>\n<\/div>\n<\/div><\/section>\n\n\n\n<section class=\"wp-block-uagb-columns uagb-columns__wrap uagb-columns__background-color uagb-columns__stack-tablet uagb-columns__valign-top uagb-columns__gap-10 align uagb-block-09b50100 uagb-columns__columns-1 uagb-columns__max_width-theme uag-hide-desktop uag-hide-tab\"><div class=\"uagb-columns__overlay\"><\/div><div class=\"uagb-columns__inner-wrap uagb-columns__columns-1\">\n<div class=\"wp-block-uagb-column uagb-column__wrap uagb-column__background-color uagb-block-187c2f04 animated fadeIn slow\"><div class=\"uagb-column__overlay\"><\/div>\n<figure class=\"wp-block-image size-large uag-hide-desktop\"><img decoding=\"async\" src=\"https:\/\/www.internetsociety.org\/wp-content\/uploads\/2025\/02\/Medium-DSCF7665.jpg\" alt=\"Varios j\u00f3venes vestidos con ropa tradicional prepar\u00e1ndose para un baile.\"\/><\/figure>\n\n\n\n<div style=\"height:30px\" aria-hidden=\"true\" class=\"wp-block-spacer\"><\/div>\n\n\n\n<h3 class=\"wp-block-heading\"><strong>Los cofinanciadores marcan la diferencia<\/strong><\/h3>\n\n\n\n<div style=\"height:30px\" aria-hidden=\"true\" class=\"wp-block-spacer\"><\/div>\n\n\n\n<p class=\"has-18-font-size\">Juntos podemos hacer mucho m\u00e1s. Movidos por la visi\u00f3n de un mundo m\u00e1s equitativo y conectado, los cofinanciadores, nuestra comunidad y nuestros socios ayudan a ampliar el impacto del trabajo realizado al contribuir a algunos o a todos los programas, entre ellos la Iniciativa de cofinanciamiento para conectividad. A medida que vaya creciendo nuestra comunidad, presentaremos a los socios que participan en el fondo.<\/p>\n\n\n\n<p class=\"has-18-font-size\"><a href=\"https:\/\/www.internetsociety.org\/es\/news\/press-releases\/2025\/internet-society-extends-multi-year-partnership-with-meta-and-announces-connectivity-co-funding-initiative\/\" type=\"link\" id=\"https:\/\/www.internetsociety.org\/es\/news\/press-releases\/2025\/internet-society-extends-multi-year-partnership-with-meta-and-announces-connectivity-co-funding-initiative\/\">Descubra el compromiso de Meta con la Iniciativa de cofinanciamiento para conectividad, programa al que se une como el primer cofinanciador.<\/a><\/p>\n\n\n\n<div style=\"height:20px\" aria-hidden=\"true\" class=\"wp-block-spacer\"><\/div>\n\n\n\n<p class=\"has-green-color has-text-color has-link-color has-26-font-size wp-elements-b6ab8f12f51cb8022151dd70185652f6\"><strong>\u00bfQuiere tener un impacto global?<\/strong><br><strong><a href=\"maito:giving@isoc.org\">P\u00f3ngase en contacto con nosotros<\/a>&nbsp;para informarse sobre las v\u00edas de colaboraci\u00f3n con Internet Society y convertirse en cofinanciador.<\/strong><\/p>\n<\/div>\n<\/div><\/section>\n\n\n\n<p class=\"has-text-align-center has-neutral-white-color has-ground-navy-background-color has-text-color has-background has-12-font-size\">Copyright de las im\u00e1genes:<br>\u00a9 Chris Gregory, \u00a9 Ed Mukoma\/Internet Society Foundation, \u00a9 Nyani Quarmyne<\/p>\n","protected":false},"excerpt":{"rendered":"<p><b>Convocamos a nuestros socios a unirse a nuestro compromiso de expandir la conectividad global.<\/b><\/p>\n<p>Durante los pr\u00f3ximos cinco a\u00f1os, Internet Society y la Internet Society Foundation invertir\u00e1n en iniciativas centradas en la conectividad dirigidas a apoyar a las poblaciones marginadas y desatendidas.<\/p>\n","protected":false},"author":46,"featured_media":221131,"parent":0,"menu_order":0,"comment_status":"closed","ping_status":"closed","template":"page-wide.php","meta":{"_acf_changed":false,"_uag_custom_page_level_css":"","footnotes":""},"categories":[67,119],"tags":[5320,6310],"region_news_regions":[],"content_category":[],"ppma_author":[4057],"class_list":["post-221464","page","type-page","status-publish","has-post-thumbnail","hentry","category-acceso-es","category-quienes-somos","tag-alianzas","tag-pagina-principal"],"acf":[],"uagb_featured_image_src":{"full":["https:\/\/www.internetsociety.org\/wp-content\/uploads\/2025\/03\/connectivity-NY.jpg",800,367,false],"thumbnail":["https:\/\/www.internetsociety.org\/wp-content\/uploads\/2025\/03\/connectivity-NY-150x150.jpg",150,150,true],"medium":["https:\/\/www.internetsociety.org\/wp-content\/uploads\/2025\/03\/connectivity-NY-450x206.jpg",450,206,true],"medium_large":["https:\/\/www.internetsociety.org\/wp-content\/uploads\/2025\/03\/connectivity-NY-768x352.jpg",768,352,true],"large":["https:\/\/www.internetsociety.org\/wp-content\/uploads\/2025\/03\/connectivity-NY.jpg",800,367,false],"1536x1536":["https:\/\/www.internetsociety.org\/wp-content\/uploads\/2025\/03\/connectivity-NY.jpg",800,367,false],"2048x2048":["https:\/\/www.internetsociety.org\/wp-content\/uploads\/2025\/03\/connectivity-NY.jpg",800,367,false],"post-thumbnail":["https:\/\/www.internetsociety.org\/wp-content\/uploads\/2025\/03\/connectivity-NY-250x115.jpg",250,115,true],"square":["https:\/\/www.internetsociety.org\/wp-content\/uploads\/2025\/03\/connectivity-NY-600x367.jpg",600,367,true],"gform-image-choice-sm":["https:\/\/www.internetsociety.org\/wp-content\/uploads\/2025\/03\/connectivity-NY.jpg",300,138,false],"gform-image-choice-md":["https:\/\/www.internetsociety.org\/wp-content\/uploads\/2025\/03\/connectivity-NY.jpg",400,184,false],"gform-image-choice-lg":["https:\/\/www.internetsociety.org\/wp-content\/uploads\/2025\/03\/connectivity-NY.jpg",600,275,false]},"uagb_author_info":{"display_name":"Ivana Trbovic","author_link":"https:\/\/www.internetsociety.org\/es\/author\/trbovic\/"},"uagb_comment_info":0,"uagb_excerpt":"Convocamos a nuestros socios a unirse a nuestro compromiso de expandir la conectividad global.Durante los pr\u00f3ximos cinco a\u00f1os, Internet Society y la Internet Society Foundation invertir\u00e1n en iniciativas centradas en la conectividad dirigidas a apoyar a las poblaciones marginadas y desatendidas.","_links":{"self":[{"href":"https:\/\/www.internetsociety.org\/es\/wp-json\/wp\/v2\/pages\/221464","targetHints":{"allow":["GET"]}}],"collection":[{"href":"https:\/\/www.internetsociety.org\/es\/wp-json\/wp\/v2\/pages"}],"about":[{"href":"https:\/\/www.internetsociety.org\/es\/wp-json\/wp\/v2\/types\/page"}],"author":[{"embeddable":true,"href":"https:\/\/www.internetsociety.org\/es\/wp-json\/wp\/v2\/users\/46"}],"replies":[{"embeddable":true,"href":"https:\/\/www.internetsociety.org\/es\/wp-json\/wp\/v2\/comments?post=221464"}],"version-history":[{"count":0,"href":"https:\/\/www.internetsociety.org\/es\/wp-json\/wp\/v2\/pages\/221464\/revisions"}],"wp:featuredmedia":[{"embeddable":true,"href":"https:\/\/www.internetsociety.org\/es\/wp-json\/wp\/v2\/media\/221131"}],"wp:attachment":[{"href":"https:\/\/www.internetsociety.org\/es\/wp-json\/wp\/v2\/media?parent=221464"}],"wp:term":[{"taxonomy":"category","embeddable":true,"href":"https:\/\/www.internetsociety.org\/es\/wp-json\/wp\/v2\/categories?post=221464"},{"taxonomy":"post_tag","embeddable":true,"href":"https:\/\/www.internetsociety.org\/es\/wp-json\/wp\/v2\/tags?post=221464"},{"taxonomy":"region_news_regions","embeddable":true,"href":"https:\/\/www.internetsociety.org\/es\/wp-json\/wp\/v2\/region_news_regions?post=221464"},{"taxonomy":"content_category","embeddable":true,"href":"https:\/\/www.internetsociety.org\/es\/wp-json\/wp\/v2\/content_category?post=221464"},{"taxonomy":"author","embeddable":true,"href":"https:\/\/www.internetsociety.org\/es\/wp-json\/wp\/v2\/ppma_author?post=221464"}],"curies":[{"name":"wp","href":"https:\/\/api.w.org\/{rel}","templated":true}]}}