{"id":221354,"date":"2025-02-19T21:48:19","date_gmt":"2025-02-19T21:48:19","guid":{"rendered":"https:\/\/www.internetsociety.org\/?page_id=221354"},"modified":"2026-04-14T10:34:30","modified_gmt":"2026-04-14T10:34:30","slug":"beca-de-la-comunidad","status":"publish","type":"page","link":"https:\/\/www.internetsociety.org\/es\/fellowships\/community\/","title":{"rendered":"Beca de la Comunidad"},"content":{"rendered":"\n<div class=\"wp-block-cover\" style=\"min-height:800px;aspect-ratio:unset;\"><img decoding=\"async\" class=\"wp-block-cover__image-background wp-image-229445 size-full\" alt=\"A group of people smile and throw up peace signs and thumbs up.\" src=\"https:\/\/www.internetsociety.org\/wp-content\/uploads\/2025\/08\/Fellows-1.jpg\" data-object-fit=\"cover\"\/><span aria-hidden=\"true\" class=\"wp-block-cover__background has-background-dim-0 has-background-dim\" style=\"background-color:#7b6a69\"><\/span><div class=\"wp-block-cover__inner-container is-layout-flow wp-block-cover-is-layout-flow\">\n<p class=\"has-text-align-center has-large-font-size\"><\/p>\n<\/div><\/div>\n\n\n\n<section class=\"wp-block-uagb-columns uagb-columns__wrap uagb-columns__background-color uagb-columns__stack-mobile uagb-columns__valign- uagb-columns__gap-10 align uagb-block-483db077 uagb-columns__columns-2 uagb-columns__max_width-theme\"><div class=\"uagb-columns__overlay\"><\/div><div class=\"uagb-columns__inner-wrap uagb-columns__columns-2\">\n<div class=\"wp-block-uagb-column uagb-column__wrap uagb-column__background-color uagb-block-a520f38e\"><div class=\"uagb-column__overlay\"><\/div>\n<h1 class=\"wp-block-heading has-accent-purple-color has-text-color uag-hide-desktop uag-hide-tab\">Beca de la Comunidad<\/h1>\n\n\n\n<div style=\"height:20px\" aria-hidden=\"true\" class=\"wp-block-spacer uag-hide-desktop uag-hide-tab\"><\/div>\n\n\n\n<section class=\"wp-block-uagb-columns uagb-columns__wrap uagb-columns__background-color uagb-columns__stack-mobile uagb-columns__valign- uagb-columns__gap-10 align uagb-block-d419938b uagb-columns__columns-1 uagb-columns__max_width-theme background-image-fallback-black\"><div class=\"uagb-columns__overlay\"><\/div><div class=\"uagb-columns__inner-wrap uagb-columns__columns-1\">\n<div class=\"wp-block-uagb-column uagb-column__wrap uagb-column__background-undefined uagb-block-595c3f5a\"><div class=\"uagb-column__overlay\"><\/div>\n<h2 class=\"wp-block-heading has-neutral-white-color has-text-color has-28-font-size\" id=\"at-a-glance\">En un vistazo<\/h2>\n\n\n\n<div style=\"height:20px\" aria-hidden=\"true\" class=\"wp-block-spacer\"><\/div>\n\n\n\n<p class=\"has-neutral-white-color has-text-color has-18-font-size\">Estado actual:<br>abierta<\/p>\n\n\n\n<p class=\"has-neutral-white-color has-text-color has-18-font-size\"><\/p>\n\n\n\n<div class=\"wp-block-buttons is-content-justification-left is-layout-flex wp-container-core-buttons-is-layout-fdcfc74e wp-block-buttons-is-layout-flex\">\n<div class=\"wp-block-button is-style-fill\"><a class=\"wp-block-button__link has-accent-purple-color has-neutral-white-background-color has-text-color has-background wp-element-button\" href=\"https:\/\/www.internetsociety.org\/es\/community\/\"><strong><strong>M\u00e1s informaci\u00f3n<\/strong><\/strong><\/a><\/div>\n<\/div>\n\n\n\n<p class=\"has-neutral-white-color has-text-color has-18-font-size\"><\/p>\n<\/div>\n<\/div><\/section>\n<\/div>\n\n\n\n<div class=\"wp-block-uagb-column uagb-column__wrap uagb-column__background-undefined uagb-block-5c672ad5\"><div class=\"uagb-column__overlay\"><\/div>\n<h1 class=\"wp-block-heading has-accent-purple-color has-text-color uag-hide-mob\" id=\"early-career-fellowship\">Beca de la Comunidad<\/h1>\n\n\n\n<div style=\"height:20px\" aria-hidden=\"true\" class=\"wp-block-spacer uag-hide-mob\"><\/div>\n\n\n\n<p>La Beca de la Comunidad tiene como objetivo apoyar a nuestra comunidad con conocimientos de defensa y habilidades pr\u00e1cticas para construir y defender una Internet que sea confiable, asequible, segura y digna de confianza para todos.<\/p>\n\n\n\n<p>Los solicitantes seleccionados para esta beca pasar\u00e1n seis meses participando en el aprendizaje virtual y un encuentro en persona, lo que dar\u00e1 como resultado la creaci\u00f3n de un plan de promoci\u00f3n relevante para su pa\u00eds, regi\u00f3n o experiencia basado en temas relacionados con Internet.<\/p>\n\n\n\n<p>Todos los solicitantes deben cumplir los siguientes criterios:<\/p>\n\n\n\n<ul class=\"wp-block-list\">\n<li>Ser l\u00edder o miembro de un&nbsp;<a href=\"https:\/\/www.internetsociety.org\/es\/chapters\/\"><strong>cap\u00edtulo<\/strong><\/a>,&nbsp;<a href=\"https:\/\/www.internetsociety.org\/sigs\/\"><strong>grupo de inter\u00e9s especial<\/strong><\/a>,&nbsp;<a href=\"https:\/\/www.internetsociety.org\/sigs\/\"><strong>grupo permanente<\/strong><\/a>&nbsp;o&nbsp;<a href=\"https:\/\/www.internetsociety.org\/es\/about-internet-society\/organization-members\/\"><strong>representante de una organizaci\u00f3n<\/strong><\/a>.<\/li>\n\n\n\n<li>Estar disponible para participar en sesiones de capacitaci\u00f3n en l\u00ednea y viajar a un taller en persona.<\/li>\n\n\n\n<li>Tener dominio del idioma ingl\u00e9s tanto verbal como escrito.<\/li>\n\n\n\n<li>Tener un pasaporte v\u00e1lido (vigente hasta abril de 2026) y poder viajar.<\/li>\n\n\n\n<li>Tener acceso continuo a Internet.<\/li>\n\n\n\n<li>Ser capaz de dedicar aproximadamente 2 horas semanales durante el transcurso del programa.<\/li>\n\n\n\n<li>Asistir a todas las sesiones obligatorias, que se llevar\u00e1n a cabo entre las 13:00 y las 17:00 UTC.<\/li>\n\n\n\n<li>Completar todos los entregables obligatorios durante el programa.<\/li>\n\n\n\n<li>Asistir al taller en persona (se requiere viajar).<\/li>\n\n\n\n<li>Tener inter\u00e9s en la defensa de Internet.<\/li>\n<\/ul>\n\n\n\n<div style=\"height:20px\" aria-hidden=\"true\" class=\"wp-block-spacer\"><\/div>\n\n\n\n<h2 class=\"wp-block-heading has-accent-purple-color has-text-color has-26-font-size\">Si cumple con estos criterios,&nbsp;<span style=\"text-decoration: underline;\"><a href=\"https:\/\/www.internetsociety.org\/es\/community\/\">visite nuestra p\u00e1gina en ingl\u00e9s y obtenga m\u00e1s informaci\u00f3n<\/a>.<\/span><\/h2>\n<\/div>\n<\/div><\/section>\n","protected":false},"excerpt":{"rendered":"<p>Beca de la Comunidad En un vistazo Estado actual:abierta Beca de la Comunidad La Beca de la Comunidad tiene como objetivo apoyar a nuestra comunidad con conocimientos de defensa y habilidades pr\u00e1cticas para construir y defender una Internet que sea confiable, asequible, segura y digna de confianza para todos. Los solicitantes seleccionados para esta beca [&hellip;]<\/p>\n","protected":false},"author":48,"featured_media":0,"parent":224073,"menu_order":0,"comment_status":"closed","ping_status":"closed","template":"page-wide.php","meta":{"_acf_changed":false,"_uag_custom_page_level_css":"","footnotes":""},"categories":[5694,119],"tags":[6150,6149],"region_news_regions":[6030],"content_category":[],"ppma_author":[4039],"class_list":["post-221354","page","type-page","status-publish","hentry","category-comunidad","category-quienes-somos","tag-becas","tag-exalumnos","region_news_regions-global"],"acf":[],"uagb_featured_image_src":{"full":false,"thumbnail":false,"medium":false,"medium_large":false,"large":false,"1536x1536":false,"2048x2048":false,"post-thumbnail":false,"square":false,"gform-image-choice-sm":false,"gform-image-choice-md":false,"gform-image-choice-lg":false},"uagb_author_info":{"display_name":"Henri Wohlfarth","author_link":"https:\/\/www.internetsociety.org\/es\/author\/wohlfarth\/"},"uagb_comment_info":0,"uagb_excerpt":"Beca de la Comunidad En un vistazo Estado actual:abierta Beca de la Comunidad La Beca de la Comunidad tiene como objetivo apoyar a nuestra comunidad con conocimientos de defensa y habilidades pr\u00e1cticas para construir y defender una Internet que sea confiable, asequible, segura y digna de confianza para todos. Los solicitantes seleccionados para esta beca&hellip;","_links":{"self":[{"href":"https:\/\/www.internetsociety.org\/es\/wp-json\/wp\/v2\/pages\/221354","targetHints":{"allow":["GET"]}}],"collection":[{"href":"https:\/\/www.internetsociety.org\/es\/wp-json\/wp\/v2\/pages"}],"about":[{"href":"https:\/\/www.internetsociety.org\/es\/wp-json\/wp\/v2\/types\/page"}],"author":[{"embeddable":true,"href":"https:\/\/www.internetsociety.org\/es\/wp-json\/wp\/v2\/users\/48"}],"replies":[{"embeddable":true,"href":"https:\/\/www.internetsociety.org\/es\/wp-json\/wp\/v2\/comments?post=221354"}],"version-history":[{"count":0,"href":"https:\/\/www.internetsociety.org\/es\/wp-json\/wp\/v2\/pages\/221354\/revisions"}],"up":[{"embeddable":true,"href":"https:\/\/www.internetsociety.org\/es\/wp-json\/wp\/v2\/pages\/224073"}],"wp:attachment":[{"href":"https:\/\/www.internetsociety.org\/es\/wp-json\/wp\/v2\/media?parent=221354"}],"wp:term":[{"taxonomy":"category","embeddable":true,"href":"https:\/\/www.internetsociety.org\/es\/wp-json\/wp\/v2\/categories?post=221354"},{"taxonomy":"post_tag","embeddable":true,"href":"https:\/\/www.internetsociety.org\/es\/wp-json\/wp\/v2\/tags?post=221354"},{"taxonomy":"region_news_regions","embeddable":true,"href":"https:\/\/www.internetsociety.org\/es\/wp-json\/wp\/v2\/region_news_regions?post=221354"},{"taxonomy":"content_category","embeddable":true,"href":"https:\/\/www.internetsociety.org\/es\/wp-json\/wp\/v2\/content_category?post=221354"},{"taxonomy":"author","embeddable":true,"href":"https:\/\/www.internetsociety.org\/es\/wp-json\/wp\/v2\/ppma_author?post=221354"}],"curies":[{"name":"wp","href":"https:\/\/api.w.org\/{rel}","templated":true}]}}