{"id":218534,"date":"2024-12-18T18:33:23","date_gmt":"2024-12-18T18:33:23","guid":{"rendered":"https:\/\/www.internetsociety.org\/?page_id=218534"},"modified":"2025-02-21T22:27:53","modified_gmt":"2025-02-21T22:27:53","slug":"estructura-y-organizaciones-relacionadas","status":"publish","type":"page","link":"https:\/\/www.internetsociety.org\/es\/transparencia\/estructura-y-organizaciones-relacionadas\/","title":{"rendered":"Estructura y organizaciones relacionadas"},"content":{"rendered":"\n<section class=\"wp-block-uagb-columns uagb-columns__wrap uagb-columns__background-image uagb-columns__stack-mobile uagb-columns__valign- uagb-columns__gap-10 align uagb-block-d6a40f3e uagb-columns__columns-1 uagb-columns__max_width-theme background-image-fallback-black\"><div class=\"uagb-columns__overlay\"><\/div><div class=\"uagb-columns__inner-wrap uagb-columns__columns-1\">\n<div class=\"wp-block-uagb-column uagb-column__wrap uagb-column__background-undefined uagb-block-87a6a79b\"><div class=\"uagb-column__overlay\"><\/div>\n<p class=\"has-neutral-white-color has-text-color has-18-font-size\"><a href=\"https:\/\/www.internetsociety.org\/es\/transparencia\/\">Transparencia<\/a> &gt; Estructura y organizaciones relacionadas<\/p>\n\n\n\n<div style=\"height:30px\" aria-hidden=\"true\" class=\"wp-block-spacer\"><\/div>\n\n\n\n<h1 class=\"wp-block-heading has-neutral-white-color has-text-color\">Estructura y organizaciones relacionadas<\/h1>\n<\/div>\n<\/div><\/section>\n\n\n\n<section class=\"wp-block-uagb-columns uagb-columns__wrap uagb-columns__background-none uagb-columns__stack-tablet uagb-columns__valign- uagb-columns__gap-10 align uagb-block-f5cc051d uagb-columns__columns-1 uagb-columns__max_width-theme\"><div class=\"uagb-columns__overlay\"><\/div><div class=\"uagb-columns__inner-wrap uagb-columns__columns-1\">\n<div class=\"wp-block-uagb-column uagb-column__wrap uagb-column__background-undefined uagb-block-b5e92d07\"><div class=\"uagb-column__overlay\"><\/div>\n<p class=\"has-18-font-size\">Internet Society es una corporaci\u00f3n sin fines de lucro del distrito de Columbia y es una entidad ben\u00e9fica p\u00fablica como se describe en la secci\u00f3n 501(c)(3) de los EE. UU. Internet Society es el \u00fanico miembro de la Internet Engineering Task Force Administration LLC (IETF LLC), el Registro de Inter\u00e9s P\u00fablico (PIR), la Internet Society Foundation y la Connected Giving Foundation (CGF).<\/p>\n\n\n\n<div style=\"height:40px\" aria-hidden=\"true\" class=\"wp-block-spacer\"><\/div>\n\n\n<div class=\"wp-block-image is-style-default\">\n<figure class=\"aligncenter size-full is-resized\"><img loading=\"lazy\" decoding=\"async\" width=\"924\" height=\"563\" src=\"https:\/\/www.internetsociety.org\/wp-content\/uploads\/2025\/02\/structure-chart-es.png\" alt=\"Diagrama de flujo que muestra la estructura de Internet Society y sus organizaciones relacionadas. Internet Society es la organizaci\u00f3n matriz y IETF est\u00e1 en la misma l\u00ednea como entidad ignorada. PIR (financiaci\u00f3n de Internet Society y subsidiarias), Internet Society Foundation (concesi\u00f3n de subvenciones, recaudaci\u00f3n de fondos, comunicaciones, desarrollo comunitario y capacitaci\u00f3n) y Connected Giving Foundation (gesti\u00f3n de inversiones) son todas organizaciones relacionadas.\n\" class=\"wp-image-220037\" style=\"width:800px\" srcset=\"https:\/\/www.internetsociety.org\/wp-content\/uploads\/2025\/02\/structure-chart-es.png 924w, https:\/\/www.internetsociety.org\/wp-content\/uploads\/2025\/02\/structure-chart-es-450x274.png 450w, https:\/\/www.internetsociety.org\/wp-content\/uploads\/2025\/02\/structure-chart-es-768x468.png 768w, https:\/\/www.internetsociety.org\/wp-content\/uploads\/2025\/02\/structure-chart-es-250x152.png 250w\" sizes=\"auto, (max-width: 924px) 100vw, 924px\" \/><\/figure>\n<\/div>\n\n\n<div style=\"height:60px\" aria-hidden=\"true\" class=\"wp-block-spacer\"><\/div>\n\n\n\n<h2 class=\"wp-block-heading has-32-font-size\" id=\"cgf\">Connected Giving Foundation<\/h2>\n\n\n\n<div style=\"height:20px\" aria-hidden=\"true\" class=\"wp-block-spacer\"><\/div>\n\n\n\n<p class=\"has-18-font-size\">La Connected Giving Foundation es una corporaci\u00f3n sin fines de lucro de Pensilvania y es una entidad ben\u00e9fica p\u00fablica seg\u00fan se describe en la secci\u00f3n 501(c)(3) de los EE. UU. CGF es una subsidiaria de Internet Society y respalda la misi\u00f3n de Internet Society. CGF administra los activos de inversi\u00f3n a beneficio de Internet Society, y de la Internet Society Foundation.<\/p>\n\n\n\n<div style=\"height:20px\" aria-hidden=\"true\" class=\"wp-block-spacer\"><\/div>\n\n\n\n<h2 class=\"wp-block-heading has-32-font-size\" id=\"ietf\">Internet Engineering Task Force Administration LLC (IETF LLC)<\/h2>\n\n\n\n<div style=\"height:20px\" aria-hidden=\"true\" class=\"wp-block-spacer\"><\/div>\n\n\n\n<p class=\"has-18-font-size\">IETF LLC es una sociedad de responsabilidad limitada de Delaware. Desde 1992, Internet Society ha respaldado a la <a href=\"https:\/\/www.internetsociety.org\/es\/about-the-ietf\/\" target=\"_blank\" rel=\"noreferrer noopener\">Internet Engineering Task Force (IETF)<\/a> mediante el otorgamiento de una sede corporativa para la IETF. En 2018, se fund\u00f3 la IETF LLC para proporcionar una sede legal corporativa independiente para los grupos responsables de los est\u00e1ndares sobre infraestructura de Internet, incluidos IETF e IAB.<\/p>\n\n\n\n<p class=\"has-18-font-size\">IETF LLC es una \u201cLLC de miembro \u00fanico\u201d y es una \u201centidad excluida\u201d de <a href=\"\/es\/\" target=\"_blank\" rel=\"noreferrer noopener\">Internet Society<\/a>. Cuando una LLC (es decir, una \u201csociedad de responsabilidad limitada\u201d) es \u201cexcluida\u201d, significa que, a efectos fiscales del gobierno federal de Estados Unidos, la LLC se considera una divisi\u00f3n o una sucursal de su miembro exclusivo. Como Internet Society es el \u00fanico miembro de IETF LLC, el Servicio Federal de Rentas Internas (IRS) contempla a la IETF LLC como una divisi\u00f3n o una sucursal de Internet Society aunque, t\u00e9cnicamente, la IETF es una entidad separada y, en general, opera de manera independiente de Internet Society.&nbsp;<\/p>\n\n\n\n<p class=\"has-18-font-size\">Como una LLC excluida de Internet Society, la IETF adem\u00e1s recibe el trato de entidad ben\u00e9fica p\u00fablica 501(c)(3). Adquiere la condici\u00f3n de entidad ben\u00e9fica p\u00fablica de Internet Society aunque la IETF no tenga un registro independiente en el IRS. Esta condici\u00f3n especial tambi\u00e9n permite que la IETF reciba donaciones deducibles de impuestos a efectos fiscales federales de Estados Unidos sin contar con un registro independiente en el IRS. Un donante puede hacer donaciones directamente a la IETF o directamente a Internet Society a beneficio de IETF. En ambos casos, el IRS contempla las donaciones como donaciones a Internet Society a efectos fiscales federales. No obstante, las donaciones son para sostener las actividades de la IETF en lugar de las actividades de Internet Society.<\/p>\n\n\n\n<p class=\"has-18-font-size\">La condici\u00f3n especial de la IETF LLC tambi\u00e9n significa que la IETF no presenta su propio formulario 990 de IRS; est\u00e1 incorporado en el formulario 990 de Internet Society.&nbsp;<\/p>\n\n\n\n<div style=\"height:20px\" aria-hidden=\"true\" class=\"wp-block-spacer\"><\/div>\n\n\n\n<h2 class=\"wp-block-heading has-32-font-size\" id=\"foundation\">Internet Society Foundation<\/h2>\n\n\n\n<div style=\"height:20px\" aria-hidden=\"true\" class=\"wp-block-spacer\"><\/div>\n\n\n\n<p class=\"has-18-font-size\"><a href=\"https:\/\/www.isocfoundation.org\/es\/\" target=\"_blank\" rel=\"noreferrer noopener\">Internet Society Foundation<\/a> es una corporaci\u00f3n sin fines de lucro del distrito de Columbia y es una entidad ben\u00e9fica p\u00fablica seg\u00fan la secci\u00f3n 501(c)(3) de los EE. UU. Es subsidiaria de Internet Society y respalda su misi\u00f3n. Como recurso central de los <a href=\"https:\/\/www.isocfoundation.org\/es\/programas-de-subvenciones\/\" target=\"_blank\" rel=\"noreferrer noopener\">programas de subvenciones<\/a>, la Fundaci\u00f3n trabaja para ampliar el acceso y la conectividad a Internet, generar resiliencia en Internet, promover la inclusi\u00f3n digital y posibilitar la investigaci\u00f3n sobre el futuro y la sostenibilidad de Internet. Asimismo, la Fundaci\u00f3n sustenta trabajos importantes en materia de promoci\u00f3n de la gobernanza de Internet y el apoyo a una Internet segura.<\/p>\n\n\n\n<p class=\"has-18-font-size\">La Fundaci\u00f3n tambi\u00e9n administra las subvenciones en nombre de los programas de subvenciones de Internet Society, participa de la recaudaci\u00f3n de fondos para el sostenimiento de Internet Society, coordina programas de formaci\u00f3n y capacitaci\u00f3n en l\u00ednea, maneja las comunicaciones y, por otro lado, brinda asistencia para hacer crecer el impacto de Internet Society.<\/p>\n\n\n\n<div style=\"height:20px\" aria-hidden=\"true\" class=\"wp-block-spacer\"><\/div>\n\n\n\n<h2 class=\"wp-block-heading has-32-font-size\" id=\"pir\">Registro de Inter\u00e9s P\u00fablico (PIR)<\/h2>\n\n\n\n<div style=\"height:20px\" aria-hidden=\"true\" class=\"wp-block-spacer\"><\/div>\n\n\n\n<p class=\"has-18-font-size\"><a href=\"https:\/\/www.internetsociety.org\/pir\/\" target=\"_blank\" rel=\"noreferrer noopener\">El Registro de Inter\u00e9s P\u00fablico (PIR)<\/a> es una corporaci\u00f3n sin fines de lucro de Pensilvania y es una entidad ben\u00e9fica p\u00fablica seg\u00fan la secci\u00f3n 501(c)(3) de los EE. UU. El PIR es una subsidiaria de Internet Society, y respalda la misi\u00f3n de Internet Society. El PIR es un operador de registros que administra el dominio de primer nivel .ORG junto con otros dominios de primer nivel (TLD) para organizaciones sin fines de lucro. Las actividades del PIR tambi\u00e9n contemplan la financiaci\u00f3n de Internet Society, y la Internet Society Foundation.<\/p>\n<\/div>\n<\/div><\/section>\n","protected":false},"excerpt":{"rendered":"<p>Transparencia &gt; Estructura y organizaciones relacionadas Estructura y organizaciones relacionadas Internet Society es una corporaci\u00f3n sin fines de lucro del distrito de Columbia y es una entidad ben\u00e9fica p\u00fablica como se describe en la secci\u00f3n 501(c)(3) de los EE. UU. Internet Society es el \u00fanico miembro de la Internet Engineering Task Force Administration LLC (IETF [&hellip;]<\/p>\n","protected":false},"author":46,"featured_media":0,"parent":218539,"menu_order":0,"comment_status":"closed","ping_status":"closed","template":"page-wide.php","meta":{"_acf_changed":false,"_uag_custom_page_level_css":"","footnotes":""},"categories":[119],"tags":[],"region_news_regions":[],"content_category":[],"ppma_author":[4057],"class_list":["post-218534","page","type-page","status-publish","hentry","category-quienes-somos"],"acf":[],"uagb_featured_image_src":{"full":false,"thumbnail":false,"medium":false,"medium_large":false,"large":false,"1536x1536":false,"2048x2048":false,"post-thumbnail":false,"square":false,"gform-image-choice-sm":false,"gform-image-choice-md":false,"gform-image-choice-lg":false},"uagb_author_info":{"display_name":"Ivana Trbovic","author_link":"https:\/\/www.internetsociety.org\/es\/author\/trbovic\/"},"uagb_comment_info":0,"uagb_excerpt":"Transparencia &gt; Estructura y organizaciones relacionadas Estructura y organizaciones relacionadas Internet Society es una corporaci\u00f3n sin fines de lucro del distrito de Columbia y es una entidad ben\u00e9fica p\u00fablica como se describe en la secci\u00f3n 501(c)(3) de los EE. UU. Internet Society es el \u00fanico miembro de la Internet Engineering Task Force Administration LLC (IETF&hellip;","_links":{"self":[{"href":"https:\/\/www.internetsociety.org\/es\/wp-json\/wp\/v2\/pages\/218534","targetHints":{"allow":["GET"]}}],"collection":[{"href":"https:\/\/www.internetsociety.org\/es\/wp-json\/wp\/v2\/pages"}],"about":[{"href":"https:\/\/www.internetsociety.org\/es\/wp-json\/wp\/v2\/types\/page"}],"author":[{"embeddable":true,"href":"https:\/\/www.internetsociety.org\/es\/wp-json\/wp\/v2\/users\/46"}],"replies":[{"embeddable":true,"href":"https:\/\/www.internetsociety.org\/es\/wp-json\/wp\/v2\/comments?post=218534"}],"version-history":[{"count":0,"href":"https:\/\/www.internetsociety.org\/es\/wp-json\/wp\/v2\/pages\/218534\/revisions"}],"up":[{"embeddable":true,"href":"https:\/\/www.internetsociety.org\/es\/wp-json\/wp\/v2\/pages\/218539"}],"wp:attachment":[{"href":"https:\/\/www.internetsociety.org\/es\/wp-json\/wp\/v2\/media?parent=218534"}],"wp:term":[{"taxonomy":"category","embeddable":true,"href":"https:\/\/www.internetsociety.org\/es\/wp-json\/wp\/v2\/categories?post=218534"},{"taxonomy":"post_tag","embeddable":true,"href":"https:\/\/www.internetsociety.org\/es\/wp-json\/wp\/v2\/tags?post=218534"},{"taxonomy":"region_news_regions","embeddable":true,"href":"https:\/\/www.internetsociety.org\/es\/wp-json\/wp\/v2\/region_news_regions?post=218534"},{"taxonomy":"content_category","embeddable":true,"href":"https:\/\/www.internetsociety.org\/es\/wp-json\/wp\/v2\/content_category?post=218534"},{"taxonomy":"author","embeddable":true,"href":"https:\/\/www.internetsociety.org\/es\/wp-json\/wp\/v2\/ppma_author?post=218534"}],"curies":[{"name":"wp","href":"https:\/\/api.w.org\/{rel}","templated":true}]}}