{"id":216291,"date":"2024-11-18T17:03:42","date_gmt":"2024-11-18T17:03:42","guid":{"rendered":"https:\/\/www.internetsociety.org\/?page_id=216291"},"modified":"2026-02-26T15:09:09","modified_gmt":"2026-02-26T15:09:09","slug":"archivos","status":"publish","type":"page","link":"https:\/\/www.internetsociety.org\/es\/about-internet-society\/informes-de-organizacion\/archivos\/","title":{"rendered":"Archivos de los Informes Anteriores de la organizaci\u00f3n"},"content":{"rendered":"\n<section class=\"wp-block-uagb-columns uagb-columns__wrap uagb-columns__background-image uagb-columns__stack-mobile uagb-columns__valign- uagb-columns__gap-10 align uagb-block-d6a40f3e uagb-columns__columns-1 uagb-columns__max_width-custom background-image-fallback-white\"><div class=\"uagb-columns__overlay\"><\/div><div class=\"uagb-columns__inner-wrap uagb-columns__columns-1\">\n<div class=\"wp-block-uagb-column uagb-column__wrap uagb-column__background-undefined uagb-block-87a6a79b\"><div class=\"uagb-column__overlay\"><\/div>\n<h1 class=\"wp-block-heading\">Archivos de los Informes Anteriores de la organizaci\u00f3n<\/h1>\n<\/div>\n<\/div><\/section>\n\n\n\n<section class=\"wp-block-uagb-columns uagb-columns__wrap uagb-columns__background-color uagb-columns__stack-tablet uagb-columns__valign- uagb-columns__gap-10 align uagb-block-29daa086 uagb-columns__columns-1 uagb-columns__max_width-custom grid-post-filter-view\"><div class=\"uagb-columns__overlay\"><\/div><div class=\"uagb-columns__inner-wrap uagb-columns__columns-1\">\n<div class=\"wp-block-uagb-column uagb-column__wrap uagb-column__background-undefined uagb-block-48634806\"><div class=\"uagb-column__overlay\"><\/div>\n<h2 class=\"wp-block-heading has-depth-blue-color has-text-color has-32-font-size\">Informes Anuales (2015-2019)<\/h2>\n\n\n\n<div style=\"height:20px\" aria-hidden=\"true\" class=\"wp-block-spacer\"><\/div>\n\n\n\n<div class=\"wp-block-columns is-layout-flex wp-container-core-columns-is-layout-9d6595d7 wp-block-columns-is-layout-flex\">\n<div class=\"wp-block-column is-layout-flow wp-block-column-is-layout-flow\">\n<h3 class=\"wp-block-heading has-28-font-size\" id=\"annual-reports\">Plan de Acci\u00f3n<\/h3>\n\n\n\n<div style=\"height:20px\" aria-hidden=\"true\" class=\"wp-block-spacer\"><\/div>\n\n\n\n<ul class=\"wp-block-list has-18-font-size\">\n<li>Plan de Acci\u00f3n 2020, <span class=\"tadv-color\" style=\"color:#2b72d6\"><a href=\"https:\/\/www.internetsociety.org\/wp-content\/uploads\/2019\/12\/ActionPlan2020_ES.pdf\">PDF<\/a><\/span>, <span class=\"tadv-color\" style=\"color:#2b72d6\"><a href=\"https:\/\/web.archive.org\/web\/20250420011958\/https:\/\/www.internetsociety.org\/es\/action-plan\/2020\/\">versi\u00f3n archivada en l\u00ednea<\/a><\/span><span class=\"tadv-color\" style=\"color:#2b72d6\"><\/span><\/li>\n\n\n\n<li>Plan de Acci\u00f3n 2019, <span class=\"tadv-color\" style=\"color:#2b72d6\"><a href=\"https:\/\/www.internetsociety.org\/wp-content\/uploads\/2018\/12\/2019-ISOC-Action-Plan-ES.pdf\">PDF<\/a><\/span>, <span class=\"tadv-color\" style=\"color:#2b72d6\"><a href=\"https:\/\/web.archive.org\/web\/20240526022740\/https:\/\/www.internetsociety.org\/es\/action-plan\/2019\/\">versi\u00f3n archivada en l\u00ednea<\/a><\/span><span class=\"tadv-color\" style=\"color:#2b72d6\"><\/span><\/li>\n\n\n\n<li>Plan de Acci\u00f3n 2018, <span class=\"tadv-color\" style=\"color:#2b72d6\"><a href=\"https:\/\/www.internetsociety.org\/wp-content\/uploads\/2017\/09\/New-ISOC-2018-Action-Plan_BoT-Singapore_FINAL2-R.pdf\">PDF<\/a><\/span>,<span class=\"tadv-color\" style=\"color:#2b72d6\"><a href=\"https:\/\/web.archive.org\/web\/20230318225107\/https:\/\/www.internetsociety.org\/es\/action-plan\/2018\/\">versi\u00f3n archivada en l\u00ednea<\/a><\/span><span class=\"tadv-color\" style=\"color:#2b72d6\"><\/span><\/li>\n\n\n\n<li>Plan de Acci\u00f3n 2017, <span class=\"tadv-color\" style=\"color:#2b72d6\"><a href=\"https:\/\/www.internetsociety.org\/wp-content\/uploads\/2017\/06\/Internet-Society-Action-Plan-2017.pdf\">PDF<\/a><\/span>,\u00a0<span class=\"tadv-color\" style=\"color:#2b72d6\"><a href=\"https:\/\/web.archive.org\/web\/20240710172609\/https:\/\/www.internetsociety.org\/action-plan\/2017\/\">versi\u00f3n archivada en l\u00ednea<\/a><\/span>\u00a0(en ingl\u00e9s)<span class=\"tadv-color\" style=\"color:#2b72d6\"><\/span><\/li>\n\n\n\n<li>Plan de Acci\u00f3n 2016, <span class=\"tadv-color\" style=\"color:#2b72d6\"><a href=\"https:\/\/www.internetsociety.org\/wp-content\/uploads\/2017\/08\/2016-InternetSociety-Plan-Approved_0.pdf\">PDF<\/a><\/span>, <span class=\"tadv-color\" style=\"color:#2b72d6\"><a href=\"https:\/\/web.archive.org\/web\/20240719114151\/https:\/\/www.internetsociety.org\/resources\/doc\/2015\/internet-society-2016-action-plan\">versi\u00f3n archivada en l\u00ednea<\/a><\/span> (en ingl\u00e9s)<span class=\"tadv-color\" style=\"color:#2b72d6\"><\/span><\/li>\n\n\n\n<li>Plan de Acci\u00f3n 2015,\u00a0<span class=\"tadv-color\" style=\"color:#2b72d6\"><a href=\"https:\/\/www.internetsociety.org\/wp-content\/uploads\/2017\/08\/11_2015-InternetSociety-Plan-Approved2028229.pdf\">PDF<\/a><\/span>,\u00a0<span class=\"tadv-color\" style=\"color:#2b72d6\"><a href=\"https:\/\/web.archive.org\/web\/20240420034236\/https:\/\/www.internetsociety.org\/resources\/doc\/2014\/internet-society-2015-action-plan\/\">versi\u00f3n archivada en l\u00ednea<\/a><\/span>\u00a0(en ingl\u00e9s)<span class=\"tadv-color\" style=\"color:#2b72d6\"><\/span><\/li>\n<\/ul>\n<\/div>\n\n\n\n<div class=\"wp-block-column is-layout-flow wp-block-column-is-layout-flow\">\n<h3 class=\"wp-block-heading has-28-font-size\" id=\"annual-reports\">Revisi\u00f3n anual<\/h3>\n\n\n\n<div style=\"height:20px\" aria-hidden=\"true\" class=\"wp-block-spacer\"><\/div>\n\n\n\n<ul class=\"wp-block-list has-18-font-size\">\n<li>Informe de Impacto 2020, <span class=\"tadv-color\" style=\"color:#2b72d6\"><a href=\"https:\/\/www.internetsociety.org\/wp-content\/uploads\/2021\/05\/Impact_Report_2020-ES.pdf\">PDF<\/a><\/span>, <span class=\"tadv-color\" style=\"color:#2b72d6\"><a href=\"https:\/\/web.archive.org\/web\/20250517114149\/https:\/\/www.internetsociety.org\/es\/impact-report\/2020\/\">versi\u00f3n archivada en l\u00ednea<\/a><\/span><span class=\"tadv-color\" style=\"color:#2b72d6\"><\/span><\/li>\n\n\n\n<li>Informe de Impacto 2019, <span class=\"tadv-color\" style=\"color:#2b72d6\"><a href=\"https:\/\/www.internetsociety.org\/wp-content\/uploads\/2020\/03\/2019_ImpactReport_ES.pdf\">PDF<\/a><\/span>, <span class=\"tadv-color\" style=\"color:#2b72d6\"><a href=\"https:\/\/web.archive.org\/web\/20230625052730\/https:\/\/www.internetsociety.org\/es\/impact-report\/2019\/\">versi\u00f3n archivada en l\u00ednea<\/a><\/span><span class=\"tadv-color\" style=\"color:#2b72d6\"><\/span><\/li>\n\n\n\n<li>ISOC en n\u00fameros 2018, <span class=\"tadv-color\" style=\"color:#2b72d6\"><a href=\"https:\/\/www.internetsociety.org\/wp-content\/uploads\/2024\/12\/ISOC-2018-End-of-Year-ES.pdf\">PDF<\/a><\/span>, <span class=\"tadv-color\" style=\"color:#2b72d6\"><a href=\"https:\/\/web.archive.org\/web\/20240715210526\/https:\/\/www.internetsociety.org\/es\/isoc-in-numbers\/2018\/\">versi\u00f3n archivada en l\u00ednea<\/a><\/span><span class=\"tadv-color\" style=\"color:#2b72d6\"><\/span><\/li>\n\n\n\n<li>ISOC en n\u00fameros 2017, <span class=\"tadv-color\" style=\"color:#2b72d6\"><a href=\"https:\/\/www.internetsociety.org\/wp-content\/uploads\/2024\/12\/ISOC-2017-End-of-Year-ES.pdf\">PDF<\/a><\/span>, <span class=\"tadv-color\" style=\"color:#2b72d6\"><a href=\"https:\/\/web.archive.org\/web\/20240418200448\/https:\/\/www.internetsociety.org\/es\/isoc-in-numbers\/2017\/\">versi\u00f3n archivada en l\u00ednea<\/a><\/span><span class=\"tadv-color\" style=\"color:#2b72d6\"><\/span><\/li>\n\n\n\n<li>ISOC en n\u00fameros 2016, <span class=\"tadv-color\" style=\"color:#2b72d6\"><a href=\"https:\/\/www.internetsociety.org\/wp-content\/uploads\/2024\/12\/ISOC-2016-End-of-Year-EN.pdf\">PDF<\/a><\/span>, <span class=\"tadv-color\" style=\"color:#2b72d6\"><a href=\"https:\/\/web.archive.org\/web\/20240206071014\/https:\/\/www.internetsociety.org\/isoc-in-numbers\/2016\/\">versi\u00f3n archivada en l\u00ednea<\/a><\/span> (en ingles)<span class=\"tadv-color\" style=\"color:#2b72d6\"><\/span><\/li>\n\n\n\n<li>ISOC en n\u00fameros 2015, <span class=\"tadv-color\" style=\"color:#2b72d6\"><a href=\"https:\/\/www.internetsociety.org\/wp-content\/uploads\/2017\/10\/ISOCinNumbers2015.pdf\">PDF<\/a><\/span>, <span class=\"tadv-color\" style=\"color:#2b72d6\"><a href=\"https:\/\/web.archive.org\/web\/20240225212635\/https:\/\/www.internetsociety.org\/isoc-in-numbers\/2015\/\">versi\u00f3n archivada en l\u00ednea<\/a><\/span>\u00a0(en ingl\u00e9s)<span class=\"tadv-color\" style=\"color:#2b72d6\"><\/span><\/li>\n<\/ul>\n<\/div>\n<\/div>\n\n\n\n<div style=\"height:30px\" aria-hidden=\"true\" class=\"wp-block-spacer\"><\/div>\n\n\n\n<p class=\"has-18-font-size\"><a href=\"https:\/\/www.internetsociety.org\/about-internet-society\/organization-reports\/archives\/#2003-2014\">Visite la p\u00e1gina en ingl\u00e9s<\/a> para ver las revisiones anuales 2003-2014, ya que se publicaron \u00fanicamente en ingl\u00e9s.<\/p>\n<\/div>\n<\/div><\/section>\n\n\n\n<section class=\"wp-block-uagb-columns uagb-columns__wrap uagb-columns__background-color uagb-columns__stack-tablet uagb-columns__valign- uagb-columns__gap-10 align uagb-block-8d4710c6 uagb-columns__columns-1 uagb-columns__max_width-custom grid-post-filter-view\"><div class=\"uagb-columns__overlay\"><\/div><div class=\"uagb-columns__inner-wrap uagb-columns__columns-1\">\n<div class=\"wp-block-uagb-column uagb-column__wrap uagb-column__background-undefined uagb-block-6f1bcead\"><div class=\"uagb-column__overlay\"><\/div>\n<h2 class=\"wp-block-heading has-depth-blue-color has-text-color has-32-font-size\">\u00daltimos Informes y Estados Financieros<\/h2>\n\n\n\n<div style=\"height:20px\" aria-hidden=\"true\" class=\"wp-block-spacer\"><\/div>\n\n\n\n<p class=\"has-18-font-size\">Estamos comprometidos con la rendici\u00f3n de cuentas y la transparencia continuas. <a href=\"https:\/\/www.internetsociety.org\/es\/about-internet-society\/informes-de-organizacion\/\">Encuentre los \u00faltimos informes anuales, estados financieros anuales y Formularios 990<\/a>.<\/p>\n\n\n\n<div class=\"wp-block-columns is-layout-flex wp-container-core-columns-is-layout-9d6595d7 wp-block-columns-is-layout-flex\">\n<div class=\"wp-block-column is-vertically-aligned-center is-layout-flow wp-block-column-is-layout-flow\" style=\"flex-basis:11%\"><div class=\"wp-block-image is-style-default\">\n<figure class=\"alignright size-full\"><a href=\"https:\/\/www.charitynavigator.org\/ein\/54-1650477\"><img loading=\"lazy\" decoding=\"async\" width=\"500\" height=\"500\" src=\"https:\/\/www.internetsociety.org\/wp-content\/uploads\/2024\/02\/Four-Star-Rating-Badge-CN.png\" alt=\"Sello de cuatro estrellas de Charity Navigator\" class=\"wp-image-207155\" style=\"object-fit:cover\" srcset=\"https:\/\/www.internetsociety.org\/wp-content\/uploads\/2024\/02\/Four-Star-Rating-Badge-CN.png 500w, https:\/\/www.internetsociety.org\/wp-content\/uploads\/2024\/02\/Four-Star-Rating-Badge-CN-450x450.png 450w, https:\/\/www.internetsociety.org\/wp-content\/uploads\/2024\/02\/Four-Star-Rating-Badge-CN-150x150.png 150w, https:\/\/www.internetsociety.org\/wp-content\/uploads\/2024\/02\/Four-Star-Rating-Badge-CN-250x250.png 250w\" sizes=\"auto, (max-width: 500px) 100vw, 500px\" \/><\/a><\/figure>\n<\/div><\/div>\n\n\n\n<div class=\"wp-block-column is-vertically-aligned-center is-layout-flow wp-block-column-is-layout-flow\" style=\"flex-basis:10%\">\n<figure class=\"wp-block-image size-medium is-style-default\"><a href=\"https:\/\/www.guidestar.org\/profile\/54-1650477\"><img loading=\"lazy\" decoding=\"async\" width=\"450\" height=\"450\" src=\"https:\/\/www.internetsociety.org\/wp-content\/uploads\/2024\/02\/candid-platinum-2024-450x450.png\" alt=\"Transparencia Platino 2024 Candid\" class=\"wp-image-207159\" style=\"object-fit:cover\" srcset=\"https:\/\/www.internetsociety.org\/wp-content\/uploads\/2024\/02\/candid-platinum-2024-450x450.png 450w, https:\/\/www.internetsociety.org\/wp-content\/uploads\/2024\/02\/candid-platinum-2024-150x150.png 150w, https:\/\/www.internetsociety.org\/wp-content\/uploads\/2024\/02\/candid-platinum-2024-250x250.png 250w, https:\/\/www.internetsociety.org\/wp-content\/uploads\/2024\/02\/candid-platinum-2024.png 500w\" sizes=\"auto, (max-width: 450px) 100vw, 450px\" \/><\/a><\/figure>\n<\/div>\n<\/div>\n<\/div>\n<\/div><\/section>\n","protected":false},"excerpt":{"rendered":"<p>Archivos de los Informes Anteriores de la organizaci\u00f3n Informes Anuales (2015-2019) Plan de Acci\u00f3n Revisi\u00f3n anual Visite la p\u00e1gina en ingl\u00e9s para ver las revisiones anuales 2003-2014, ya que se publicaron \u00fanicamente en ingl\u00e9s. \u00daltimos Informes y Estados Financieros Estamos comprometidos con la rendici\u00f3n de cuentas y la transparencia continuas. Encuentre los \u00faltimos informes anuales, [&hellip;]<\/p>\n","protected":false},"author":46,"featured_media":125495,"parent":150146,"menu_order":0,"comment_status":"closed","ping_status":"closed","template":"page-wide.php","meta":{"_acf_changed":false,"_uag_custom_page_level_css":"","footnotes":""},"categories":[119],"tags":[],"region_news_regions":[6030],"content_category":[6106],"ppma_author":[4057],"class_list":["post-216291","page","type-page","status-publish","has-post-thumbnail","hentry","category-quienes-somos","region_news_regions-global","content_category-resources-type"],"acf":[],"uagb_featured_image_src":{"full":["https:\/\/www.internetsociety.org\/wp-content\/uploads\/2020\/11\/internet-society-logo-bg.jpg",1280,554,false],"thumbnail":["https:\/\/www.internetsociety.org\/wp-content\/uploads\/2020\/11\/internet-society-logo-bg-150x150.jpg",150,150,true],"medium":["https:\/\/www.internetsociety.org\/wp-content\/uploads\/2020\/11\/internet-society-logo-bg-450x195.jpg",450,195,true],"medium_large":["https:\/\/www.internetsociety.org\/wp-content\/uploads\/2020\/11\/internet-society-logo-bg-768x332.jpg",768,332,true],"large":["https:\/\/www.internetsociety.org\/wp-content\/uploads\/2020\/11\/internet-society-logo-bg-1024x443.jpg",1024,443,true],"1536x1536":["https:\/\/www.internetsociety.org\/wp-content\/uploads\/2020\/11\/internet-society-logo-bg.jpg",1280,554,false],"2048x2048":["https:\/\/www.internetsociety.org\/wp-content\/uploads\/2020\/11\/internet-society-logo-bg.jpg",1280,554,false],"post-thumbnail":["https:\/\/www.internetsociety.org\/wp-content\/uploads\/2020\/11\/internet-society-logo-bg-250x108.jpg",250,108,true],"square":["https:\/\/www.internetsociety.org\/wp-content\/uploads\/2020\/11\/internet-society-logo-bg-600x554.jpg",600,554,true],"gform-image-choice-sm":["https:\/\/www.internetsociety.org\/wp-content\/uploads\/2020\/11\/internet-society-logo-bg.jpg",300,130,false],"gform-image-choice-md":["https:\/\/www.internetsociety.org\/wp-content\/uploads\/2020\/11\/internet-society-logo-bg.jpg",400,173,false],"gform-image-choice-lg":["https:\/\/www.internetsociety.org\/wp-content\/uploads\/2020\/11\/internet-society-logo-bg.jpg",600,260,false]},"uagb_author_info":{"display_name":"Ivana Trbovic","author_link":"https:\/\/www.internetsociety.org\/es\/author\/trbovic\/"},"uagb_comment_info":0,"uagb_excerpt":"Archivos de los Informes Anteriores de la organizaci\u00f3n Informes Anuales (2015-2019) Plan de Acci\u00f3n Revisi\u00f3n anual Visite la p\u00e1gina en ingl\u00e9s para ver las revisiones anuales 2003-2014, ya que se publicaron \u00fanicamente en ingl\u00e9s. \u00daltimos Informes y Estados Financieros Estamos comprometidos con la rendici\u00f3n de cuentas y la transparencia continuas. Encuentre los \u00faltimos informes anuales,&hellip;","_links":{"self":[{"href":"https:\/\/www.internetsociety.org\/es\/wp-json\/wp\/v2\/pages\/216291","targetHints":{"allow":["GET"]}}],"collection":[{"href":"https:\/\/www.internetsociety.org\/es\/wp-json\/wp\/v2\/pages"}],"about":[{"href":"https:\/\/www.internetsociety.org\/es\/wp-json\/wp\/v2\/types\/page"}],"author":[{"embeddable":true,"href":"https:\/\/www.internetsociety.org\/es\/wp-json\/wp\/v2\/users\/46"}],"replies":[{"embeddable":true,"href":"https:\/\/www.internetsociety.org\/es\/wp-json\/wp\/v2\/comments?post=216291"}],"version-history":[{"count":0,"href":"https:\/\/www.internetsociety.org\/es\/wp-json\/wp\/v2\/pages\/216291\/revisions"}],"up":[{"embeddable":true,"href":"https:\/\/www.internetsociety.org\/es\/wp-json\/wp\/v2\/pages\/150146"}],"wp:featuredmedia":[{"embeddable":true,"href":"https:\/\/www.internetsociety.org\/es\/wp-json\/wp\/v2\/media\/125495"}],"wp:attachment":[{"href":"https:\/\/www.internetsociety.org\/es\/wp-json\/wp\/v2\/media?parent=216291"}],"wp:term":[{"taxonomy":"category","embeddable":true,"href":"https:\/\/www.internetsociety.org\/es\/wp-json\/wp\/v2\/categories?post=216291"},{"taxonomy":"post_tag","embeddable":true,"href":"https:\/\/www.internetsociety.org\/es\/wp-json\/wp\/v2\/tags?post=216291"},{"taxonomy":"region_news_regions","embeddable":true,"href":"https:\/\/www.internetsociety.org\/es\/wp-json\/wp\/v2\/region_news_regions?post=216291"},{"taxonomy":"content_category","embeddable":true,"href":"https:\/\/www.internetsociety.org\/es\/wp-json\/wp\/v2\/content_category?post=216291"},{"taxonomy":"author","embeddable":true,"href":"https:\/\/www.internetsociety.org\/es\/wp-json\/wp\/v2\/ppma_author?post=216291"}],"curies":[{"name":"wp","href":"https:\/\/api.w.org\/{rel}","templated":true}]}}