{"id":215438,"date":"2024-10-18T14:45:11","date_gmt":"2024-10-18T14:45:11","guid":{"rendered":"https:\/\/www.internetsociety.org\/donate-2\/mas-formas-de-dar\/"},"modified":"2025-11-26T11:49:23","modified_gmt":"2025-11-26T11:49:23","slug":"mas-formas-de-dar","status":"publish","type":"page","link":"https:\/\/www.internetsociety.org\/es\/donate\/more-ways-to-give\/","title":{"rendered":"M\u00e1s formas de dar"},"content":{"rendered":"\n<section class=\"wp-block-uagb-columns uagb-columns__wrap uagb-columns__background-image uagb-columns__stack-mobile uagb-columns__valign- uagb-columns__gap-10 align uagb-block-d6a40f3e uagb-columns__columns-1 uagb-columns__max_width-theme background-image-fallback-black\"><div class=\"uagb-columns__overlay\"><\/div><div class=\"uagb-columns__inner-wrap uagb-columns__columns-1\">\n<div class=\"wp-block-uagb-column uagb-column__wrap uagb-column__background-color uagb-block-87a6a79b\"><div class=\"uagb-column__overlay\"><\/div>\n<h1 class=\"wp-block-heading has-neutral-white-color has-text-color\">M\u00e1s formas de dar<\/h1>\n\n\n\n<div style=\"height:30px\" aria-hidden=\"true\" class=\"wp-block-spacer\"><\/div>\n\n\n\n<p class=\"has-neutral-white-color has-text-color has-32-font-size\"><strong>Tu apoyo es vital para nuestra labor de garantizar que Internet sea un recurso que enriquezca la vida de las personas y una fuerza positiva para la sociedad.<\/strong><\/p>\n\n\n\n<p class=\"has-neutral-white-color has-text-color has-link-color has-32-font-size wp-elements-7eb663810656becd854992eceaab372e\">Busca la modalidad de donaci\u00f3n que te resulte m\u00e1s eficaz.<\/p>\n\n\n\n<!-- Fundraise Up: the new standard for online giving -->\n<script>(function(w,d,s,n,a){if(!w[n]){var l='call,catch,on,once,set,then,track'\n.split(','),i,o=function(n){return'function'==typeof n?o.l.push([arguments])&&o\n:function(){return o.l.push([n,arguments])&&o}},t=d.getElementsByTagName(s)[0],\nj=d.createElement(s);j.async=!0;j.src='https:\/\/cdn.fundraiseup.com\/widget\/'+a;\nt.parentNode.insertBefore(j,t);o.s=Date.now();o.v=4;o.h=w.location.href;o.l=[];\nfor(i=0;i<7;i++)o[l[i]]=o(l[i]);w[n]=o} })(window,document,'script','FundraiseUp','AZGRHYPJ'); window.fundraiseup_livemode = true; <\/script>\n<!-- End Fundraise Up -->\n\n<p><a href=\"#XERZJGLJ\" style=\"display: none\"><\/a><\/p>\n<\/div>\n<\/div><\/section>\n\n\n\n<section class=\"wp-block-uagb-columns uagb-columns__wrap uagb-columns__background-color uagb-columns__stack-tablet uagb-columns__valign- uagb-columns__gap-10 align uagb-block-81a1ee11 uagb-columns__columns-1 uagb-columns__max_width-custom\"><div class=\"uagb-columns__overlay\"><\/div><div class=\"uagb-columns__inner-wrap uagb-columns__columns-1\">\n<div class=\"wp-block-uagb-column uagb-column__wrap uagb-column__background-color uagb-block-3cd5ef6d\"><div class=\"uagb-column__overlay\"><\/div>\n<h2 class=\"wp-block-heading has-28-font-size\">1. Inicia una recaudaci\u00f3n de fondos<\/h2>\n\n\n\n<div style=\"height:20px\" aria-hidden=\"true\" class=\"wp-block-spacer\"><\/div>\n\n\n\n<p class=\"has-18-font-size\">Cuando trabajamos juntos, podemos conseguir cosas m\u00e1s grandes. Apoya nuestro trabajo difundiendo nuestra misi\u00f3n a trav\u00e9s de tu red. <a href=\"https:\/\/donate.internetsociety.org\/start-a-fundraiser\/\">Inicia tu propia recaudaci\u00f3n de fondos a trav\u00e9s de nuestra plataforma de donaciones<\/a> o <a href=\"https:\/\/www.facebook.com\/fund\/InternetSociety\/\">de Facebook<\/a> para recaudar fondos para Internet Society. <\/p>\n\n\n\n<div style=\"height:20px\" aria-hidden=\"true\" class=\"wp-block-spacer\"><\/div>\n\n\n\n<h2 class=\"wp-block-heading has-28-font-size\">2. Iguala tu donaci\u00f3n<\/h2>\n\n\n\n<div style=\"height:20px\" aria-hidden=\"true\" class=\"wp-block-spacer\"><\/div>\n\n\n\n<p class=\"has-18-font-size\">Maximiza tu impacto ben\u00e9fico. Muchas empresas ofrecen deducciones en n\u00f3mina o donaciones de contrapartida que pueden duplicar o triplicar tu donaci\u00f3n. Tambi\u00e9n puedes convertir las horas de voluntariado en una donaci\u00f3n en met\u00e1lico. Utiliza el siguiente campo de b\u00fasqueda para comprobar si tu empresa ofrece estos programas.<\/p>\n\n\n\n<section class=\"wp-block-uagb-columns uagb-columns__wrap uagb-columns__background-none uagb-columns__stack-mobile uagb-columns__valign- uagb-columns__gap-10 align uagb-block-16312600 uagb-columns__columns-1 uagb-columns__max_width-theme\"><div class=\"uagb-columns__overlay\"><\/div><div class=\"uagb-columns__inner-wrap uagb-columns__columns-1\">\n<div class=\"wp-block-uagb-column uagb-column__wrap uagb-column__background-undefined uagb-block-c35e2973\"><div class=\"uagb-column__overlay\"><\/div>\n<script>var DDCONF = { API_KEY: \"hBGPMIhYqJHJDzbt\" };<\/script> <script src=\"https:\/\/doublethedonation.com\/api\/js\/ddplugin.js\"><\/script> <div id=\"dd-container\"> Informaci\u00f3n sobre <a href=\"https:\/\/doublethedonation.com\/matching-grant-resources\/matching-gift-basics\/\">donaciones de contrapartida<\/a> y <a href=\"https:\/\/doublethedonation.com\/matching-grant-resources\/volunteer-grant-basics\/\">becas de voluntariado<\/a> facilitada por <br\/> <a href=\"https:\/\/doublethedonation.com\">Duplica la donaci\u00f3n<\/a> <\/div>\n<\/div>\n<\/div><\/section>\n\n\n\n<h2 class=\"wp-block-heading has-28-font-size\">3. Dona acciones<\/h2>\n\n\n\n<div style=\"height:20px\" aria-hidden=\"true\" class=\"wp-block-spacer\"><\/div>\n\n\n\n<p class=\"has-18-font-size\">Podemos aceptar donaciones en forma de acciones, que pueden obtenerse de la mayor\u00eda de las cuentas de intermediaci\u00f3n burs\u00e1til. Para facilitar la transferencia de acciones, ponte en contacto con <a href=\"mailto:giving@isoc.org\" target=\"_blank\" rel=\"noreferrer noopener\">giving@isoc.org<\/a>.<\/p>\n\n\n\n<div style=\"height:20px\" aria-hidden=\"true\" class=\"wp-block-spacer\"><\/div>\n\n\n\n<h2 class=\"wp-block-heading has-28-font-size\">4. Donaciones a trav\u00e9s de cuentas IRA<\/h2>\n\n\n\n<div style=\"height:20px\" aria-hidden=\"true\" class=\"wp-block-spacer\"><\/div>\n\n\n\n<p class=\"has-18-font-size\">Las distribuciones ben\u00e9ficas cualificadas (\"IRA Charitable Rollovers\") permiten a las personas de 70\u00bd a\u00f1os o m\u00e1s utilizar sus cuentas IRA tradicionales o Roth para realizar donaciones ben\u00e9ficas eficientes desde el punto de vista fiscal. Para iniciar una distribuci\u00f3n ben\u00e9fica cualificada a favor de Internet Society, <a href=\"https:\/\/www.internetsociety.org\/wp-content\/uploads\/2025\/11\/QCD-2025-Instructions.pdf\">env\u00eda este formulario<\/a> al administrador de tu cuenta IRA y p\u00eddele que env\u00ede tanto el formulario como tu donaci\u00f3n a Internet Society.<\/p>\n\n\n\n<div style=\"height:20px\" aria-hidden=\"true\" class=\"wp-block-spacer\"><\/div>\n\n\n\n<h2 class=\"wp-block-heading has-28-font-size\">5. Dona desde la Uni\u00f3n Europea<\/h2>\n\n\n\n<div style=\"height:20px\" aria-hidden=\"true\" class=\"wp-block-spacer\"><\/div>\n\n\n\n<p class=\"has-18-font-size\">Donors in select EU countries giving \u20ac40+ can receive tax credit through our partners the King Baudouin Foundation and Transnational Giving Network through the <a href=\"https:\/\/donate.transnationalgiving.eu\/landing\/Internet_Society_ISOC?lang=en_EN\" target=\"_blank\" rel=\"noreferrer noopener\">European Friends Fund Internet Society<\/a>. A tax certificate will be issued directly to you or your local tax authority. If your country of tax residence is not available from the selected list, please contact <a href=\"mailto:giving@isoc.org\" target=\"_blank\" rel=\"noreferrer noopener\">giving@isoc.org<\/a>.<\/p>\n\n\n\n<p class=\"has-18-font-size\">Las donaciones sin certificaci\u00f3n fiscal ni Gift Aid procedentes de la UE y el Reino Unido pueden hacerse con tarjeta, Google Pay o PayPal, o mediante transferencia a un banco suizo. Para facilitar una transferencia bancaria, ponte en contacto con <a href=\"mailto:giving@isoc.org\" target=\"_blank\" rel=\"noreferrer noopener\">giving@isoc.org<\/a>.<\/p>\n\n\n\n<div style=\"height:20px\" aria-hidden=\"true\" class=\"wp-block-spacer\"><\/div>\n\n\n\n<h2 class=\"wp-block-heading has-28-font-size\">6. Dona con un cheque<\/h2>\n\n\n\n<div style=\"height:20px\" aria-hidden=\"true\" class=\"wp-block-spacer\"><\/div>\n\n\n\n<p class=\"has-18-font-size\">Si prefieres hacer un donativo por cheque, exti\u00e9ndelo a nombre de \u00abInternet Society\u00bb. Si donas en honor a alguien, ind\u00edcalo en la nota del cheque. Los certificados fiscales se enviar\u00e1n por correo en un plazo de cuatro a seis semanas tras la tramitaci\u00f3n de la donaci\u00f3n.<\/p>\n\n\n\n<p class=\"has-18-font-size\">Internet Society<br>A la atenci\u00f3n de: Donaciones<br>11710 Plaza America Drive, Suite 400, Reston, Virginia, 20190, EE. UU.<\/p>\n\n\n\n<div style=\"height:20px\" aria-hidden=\"true\" class=\"wp-block-spacer\"><\/div>\n\n\n\n<h2 class=\"wp-block-heading has-28-font-size\">7. Donar a trav\u00e9s de subvenciones<\/h2>\n\n\n\n<div style=\"height:20px\" aria-hidden=\"true\" class=\"wp-block-spacer\"><\/div>\n\n\n\n<p class=\"has-18-font-size\">Las donaciones de instituciones y donantes nos permiten crear soluciones transformadoras, ampliar el impacto y beneficiar a comunidades de todo el mundo. Ponte en <a href=\"mailto:fundraising@isocfoundation.org\">contacto con nosotros<\/a> para hablar de oportunidades de apoyo y asociaci\u00f3n.<\/p>\n<\/div>\n<\/div><\/section>\n\n\n\n<div class=\"wp-block-columns is-layout-flex wp-container-core-columns-is-layout-9d6595d7 wp-block-columns-is-layout-flex\">\n<div class=\"wp-block-column uag-hide-mob is-layout-flow wp-block-column-is-layout-flow\" style=\"flex-basis:10%\"><\/div>\n\n\n\n<div class=\"wp-block-column is-vertically-aligned-top is-layout-flow wp-block-column-is-layout-flow\" style=\"flex-basis:50%\"><\/div>\n\n\n\n<div class=\"wp-block-column uag-hide-mob is-layout-flow wp-block-column-is-layout-flow\" style=\"flex-basis:30%\"><\/div>\n\n\n\n<div class=\"wp-block-column is-layout-flow wp-block-column-is-layout-flow\" style=\"flex-basis:10%\"><\/div>\n<\/div>\n\n\n\n<div class=\"wp-block-columns are-vertically-aligned-top is-not-stacked-on-mobile margin-bottom-0 is-layout-flex wp-container-core-columns-is-layout-9d6595d7 wp-block-columns-is-layout-flex\">\n<div class=\"wp-block-column is-vertically-aligned-top is-layout-flow wp-block-column-is-layout-flow\" style=\"flex-basis:10%\"><\/div>\n\n\n\n<div class=\"wp-block-column is-vertically-aligned-top is-layout-flow wp-block-column-is-layout-flow\" style=\"flex-basis:80%\">\n<div style=\"height:60px\" aria-hidden=\"true\" class=\"wp-block-spacer uag-hide-tab uag-hide-mob\"><\/div>\n\n\n\n<div style=\"height:40px\" aria-hidden=\"true\" class=\"wp-block-spacer uag-hide-desktop\"><\/div>\n\n\n\n<div class=\"wp-block-media-text is-stacked-on-mobile is-image-fill-element\"><figure class=\"wp-block-media-text__media\"><img loading=\"lazy\" decoding=\"async\" width=\"1000\" height=\"650\" src=\"https:\/\/www.internetsociety.org\/wp-content\/uploads\/2024\/08\/group-with-computers.jpg\" alt=\"Un grupo de personas sentadas con ordenadores\" class=\"wp-image-213444 size-full\" style=\"object-position:50% 50%\" srcset=\"https:\/\/www.internetsociety.org\/wp-content\/uploads\/2024\/08\/group-with-computers.jpg 1000w, https:\/\/www.internetsociety.org\/wp-content\/uploads\/2024\/08\/group-with-computers-450x293.jpg 450w, https:\/\/www.internetsociety.org\/wp-content\/uploads\/2024\/08\/group-with-computers-768x499.jpg 768w, https:\/\/www.internetsociety.org\/wp-content\/uploads\/2024\/08\/group-with-computers-250x163.jpg 250w\" sizes=\"auto, (max-width: 1000px) 100vw, 1000px\" \/><\/figure><div class=\"wp-block-media-text__content\">\n<div style=\"height:40px\" aria-hidden=\"true\" class=\"wp-block-spacer uag-hide-tab uag-hide-mob\"><\/div>\n\n\n\n<h2 class=\"wp-block-heading has-depth-green-color has-text-color has-link-color uag-hide-tab uag-hide-mob wp-elements-ab50a1376bf6e2794d93fbefb372b302\" style=\"font-size:32px\"><strong>\u00bfPor qu\u00e9 Internet Society?<\/strong><\/h2>\n\n\n\n<div style=\"height:20px\" aria-hidden=\"true\" class=\"wp-block-spacer uag-hide-desktop\"><\/div>\n\n\n\n<h2 class=\"wp-block-heading has-text-align-left has-depth-green-color has-text-color uag-hide-desktop\" style=\"font-size:26px\"><strong>\u00bfPor qu\u00e9 Internet Society?<\/strong><\/h2>\n\n\n\n<div style=\"height:20px\" aria-hidden=\"true\" class=\"wp-block-spacer\"><\/div>\n\n\n\n<p style=\"font-size:18px\">Como organizaci\u00f3n ben\u00e9fica mundial, trabajamos con nuestra comunidad de m\u00e1s de 120 000 personas y socios con ideas afines que entienden que Internet es un recurso fundamental al que la gente debe tener acceso y que debemos proteger. Entendemos el valor que aporta Internet porque nuestros fundadores son las personas que ayudaron a construirlo.<\/p>\n\n\n\n<p class=\"has-18-font-size\">A diferencia de muchas organizaciones ben\u00e9ficas, nuestros gastos de funcionamiento est\u00e1n totalmente cubiertos por una organizaci\u00f3n sin \u00e1nimo de lucro, lo que significa que el 100 % de tu donaci\u00f3n financia directamente las iniciativas para garantizar el acceso universal a Internet. A menos que se indique lo contrario, las donaciones ser\u00e1n utilizadas por Internet Society donde m\u00e1s se necesiten y son desgravables fiscalmente en la medida en que lo permita la ley.<\/p>\n\n\n\n<p class=\"has-18-font-size\">Estamos comprometidos con la rendici\u00f3n de cuentas y la transparencia continuas, consulta <a href=\"https:\/\/www.internetsociety.org\/es\/about-internet-society\/informes-de-organizacion\/#financial-reports\">nuestros datos financieros<\/a>.<\/p>\n\n\n\n<div style=\"height:40px\" aria-hidden=\"true\" class=\"wp-block-spacer uag-hide-tab uag-hide-mob\"><\/div>\n<\/div><\/div>\n\n\n\n<div style=\"height:40px\" aria-hidden=\"true\" class=\"wp-block-spacer uag-hide-desktop\"><\/div>\n\n\n\n<div style=\"height:60px\" aria-hidden=\"true\" class=\"wp-block-spacer uag-hide-tab uag-hide-mob\"><\/div>\n<\/div>\n\n\n\n<div class=\"wp-block-column is-vertically-aligned-top is-layout-flow wp-block-column-is-layout-flow\" style=\"flex-basis:10%\"><\/div>\n<\/div>\n\n\n\n<p class=\"has-text-align-center has-neutral-white-color has-ground-navy-background-color has-text-color has-background has-link-color has-12-font-size wp-elements-d942cdcb098e1da8acc1b148b494f5a8\">Derechos de autor de las im\u00e1genes:<br>\u00a9 Jos\u00e9 Elizeche, \u00a9 Internet Society<\/p>\n","protected":false},"excerpt":{"rendered":"<p>M\u00e1s formas de dar Tu apoyo es vital para nuestra labor de garantizar que Internet sea un recurso que enriquezca la vida de las personas y una fuerza positiva para la sociedad. Busca la modalidad de donaci\u00f3n que te resulte m\u00e1s eficaz. 1. Inicia una recaudaci\u00f3n de fondos Cuando trabajamos juntos, podemos conseguir cosas m\u00e1s [&hellip;]<\/p>\n","protected":false},"author":46,"featured_media":0,"parent":192702,"menu_order":0,"comment_status":"closed","ping_status":"closed","template":"page-wide.php","meta":{"_acf_changed":false,"_uag_custom_page_level_css":"","footnotes":""},"categories":[],"tags":[],"region_news_regions":[],"content_category":[],"ppma_author":[4057],"class_list":["post-215438","page","type-page","status-publish","hentry"],"acf":[],"uagb_featured_image_src":{"full":false,"thumbnail":false,"medium":false,"medium_large":false,"large":false,"1536x1536":false,"2048x2048":false,"post-thumbnail":false,"square":false,"gform-image-choice-sm":false,"gform-image-choice-md":false,"gform-image-choice-lg":false},"uagb_author_info":{"display_name":"Ivana Trbovic","author_link":"https:\/\/www.internetsociety.org\/es\/author\/trbovic\/"},"uagb_comment_info":0,"uagb_excerpt":"M\u00e1s formas de dar Tu apoyo es vital para nuestra labor de garantizar que Internet sea un recurso que enriquezca la vida de las personas y una fuerza positiva para la sociedad. Busca la modalidad de donaci\u00f3n que te resulte m\u00e1s eficaz. 1. Inicia una recaudaci\u00f3n de fondos Cuando trabajamos juntos, podemos conseguir cosas m\u00e1s&hellip;","_links":{"self":[{"href":"https:\/\/www.internetsociety.org\/es\/wp-json\/wp\/v2\/pages\/215438","targetHints":{"allow":["GET"]}}],"collection":[{"href":"https:\/\/www.internetsociety.org\/es\/wp-json\/wp\/v2\/pages"}],"about":[{"href":"https:\/\/www.internetsociety.org\/es\/wp-json\/wp\/v2\/types\/page"}],"author":[{"embeddable":true,"href":"https:\/\/www.internetsociety.org\/es\/wp-json\/wp\/v2\/users\/46"}],"replies":[{"embeddable":true,"href":"https:\/\/www.internetsociety.org\/es\/wp-json\/wp\/v2\/comments?post=215438"}],"version-history":[{"count":0,"href":"https:\/\/www.internetsociety.org\/es\/wp-json\/wp\/v2\/pages\/215438\/revisions"}],"up":[{"embeddable":true,"href":"https:\/\/www.internetsociety.org\/es\/wp-json\/wp\/v2\/pages\/192702"}],"wp:attachment":[{"href":"https:\/\/www.internetsociety.org\/es\/wp-json\/wp\/v2\/media?parent=215438"}],"wp:term":[{"taxonomy":"category","embeddable":true,"href":"https:\/\/www.internetsociety.org\/es\/wp-json\/wp\/v2\/categories?post=215438"},{"taxonomy":"post_tag","embeddable":true,"href":"https:\/\/www.internetsociety.org\/es\/wp-json\/wp\/v2\/tags?post=215438"},{"taxonomy":"region_news_regions","embeddable":true,"href":"https:\/\/www.internetsociety.org\/es\/wp-json\/wp\/v2\/region_news_regions?post=215438"},{"taxonomy":"content_category","embeddable":true,"href":"https:\/\/www.internetsociety.org\/es\/wp-json\/wp\/v2\/content_category?post=215438"},{"taxonomy":"author","embeddable":true,"href":"https:\/\/www.internetsociety.org\/es\/wp-json\/wp\/v2\/ppma_author?post=215438"}],"curies":[{"name":"wp","href":"https:\/\/api.w.org\/{rel}","templated":true}]}}