{"id":213354,"date":"2024-08-13T18:32:57","date_gmt":"2024-08-13T18:32:57","guid":{"rendered":"https:\/\/www.internetsociety.org\/?page_id=213354"},"modified":"2024-08-29T15:00:07","modified_gmt":"2024-08-29T15:00:07","slug":"done-apoye-a-los-capitulos-de-internet-society","status":"publish","type":"page","link":"https:\/\/www.internetsociety.org\/es\/donate\/beyond-the-net\/","title":{"rendered":"Done: Apoye a los cap\u00edtulos de Internet Society"},"content":{"rendered":"\n<section class=\"wp-block-uagb-columns uagb-columns__wrap uagb-columns__background-image uagb-columns__stack-none uagb-columns__valign- uagb-columns__gap-10 align uagb-block-2d0e1fc4 uagb-columns__columns-1 uagb-columns__max_width-theme background-image-fallback-black uag-hide-tab uag-hide-mob\"><div class=\"uagb-columns__overlay\"><\/div><div class=\"uagb-columns__inner-wrap uagb-columns__columns-1\">\n<div class=\"wp-block-uagb-column uagb-column__wrap uagb-column__background-color uagb-block-95543dee\"><div class=\"uagb-column__overlay\"><\/div>\n<h1 class=\"wp-block-heading has-text-align-left has-neutral-white-color has-text-color\">Apoye el programa Beyond the Net<\/h1>\n\n\n\n<div style=\"height:20px\" aria-hidden=\"true\" class=\"wp-block-spacer\"><\/div>\n\n\n\n<p class=\"has-text-align-left\"><\/p>\n\n\n\n<!-- Fundraise Up: the new standard for online giving -->\n<script>(function(w,d,s,n,a){if(!w[n]){var l='call,catch,on,once,set,then,track'\n.split(','),i,o=function(n){return'function'==typeof n?o.l.push([arguments])&&o\n:function(){return o.l.push([n,arguments])&&o}},t=d.getElementsByTagName(s)[0],\nj=d.createElement(s);j.async=!0;j.src='https:\/\/cdn.fundraiseup.com\/widget\/'+a;\nt.parentNode.insertBefore(j,t);o.s=Date.now();o.v=4;o.h=w.location.href;o.l=[];\nfor(i=0;i<7;i++)o[l[i]]=o(l[i]);w[n]=o}\n})(window,document,'script','FundraiseUp','AZGRHYPJ');\nwindow.fundraiseup_livemode = true;\n<\/script>\n<!-- End Fundraise Up -->\n\n<p><a href=\"#XVJKRFJC\" style=\"display: none\"><\/a><\/p>\n<\/div>\n<\/div><\/section>\n\n\n\n<figure class=\"wp-block-image size-large uag-hide-desktop\"><img decoding=\"async\" src=\"https:\/\/www.internetsociety.org\/wp-content\/uploads\/2023\/08\/Works-in-Nepal.jpg\" alt=\"Workers with spades posing for a photo\"\/><\/figure>\n\n\n\n<div class=\"wp-block-columns is-not-stacked-on-mobile uag-hide-desktop is-layout-flex wp-container-core-columns-is-layout-9d6595d7 wp-block-columns-is-layout-flex\">\n<div class=\"wp-block-column is-layout-flow wp-block-column-is-layout-flow\" style=\"flex-basis:1%\"><\/div>\n\n\n\n<div class=\"wp-block-column is-layout-flow wp-block-column-is-layout-flow\" style=\"flex-basis:98%\">\n<div style=\"height:40px\" aria-hidden=\"true\" class=\"wp-block-spacer\"><\/div>\n\n\n\n<h1 class=\"wp-block-heading has-text-align-center\">Apoye el programa Beyond the Net<\/h1>\n<\/div>\n\n\n\n<div class=\"wp-block-column is-layout-flow wp-block-column-is-layout-flow\" style=\"flex-basis:1%\"><\/div>\n<\/div>\n\n\n\n<div class=\"wp-block-columns are-vertically-aligned-top is-not-stacked-on-mobile margin-bottom-0 is-layout-flex wp-container-core-columns-is-layout-9d6595d7 wp-block-columns-is-layout-flex\">\n<div class=\"wp-block-column is-vertically-aligned-top is-layout-flow wp-block-column-is-layout-flow\" style=\"flex-basis:7%\"><\/div>\n\n\n\n<div class=\"wp-block-column is-vertically-aligned-top is-layout-flow wp-block-column-is-layout-flow\" style=\"flex-basis:83%\">\n<div style=\"height:40px\" aria-hidden=\"true\" class=\"wp-block-spacer uag-hide-tab uag-hide-mob\"><\/div>\n\n\n\n<div style=\"height:40px\" aria-hidden=\"true\" class=\"wp-block-spacer\"><\/div>\n\n\n\n<div class=\"wp-block-media-text has-media-on-the-right is-stacked-on-mobile is-vertically-aligned-center is-image-fill\" style=\"grid-template-columns:auto 47%\"><div class=\"wp-block-media-text__content\">\n<div style=\"height:30px\" aria-hidden=\"true\" class=\"wp-block-spacer uag-hide-desktop\"><\/div>\n\n\n\n<h2 class=\"wp-block-heading has-depth-blue-color has-text-color has-link-color has-32-font-size uag-hide-tab uag-hide-mob wp-elements-d3ed12414d037eb350295816955ab7f5\"><strong>Como voluntario en nuestra comunidad de cap\u00edtulos, su compromiso con un mundo donde exista una Internet abierta, conectada globalmente, segura y confiable est\u00e1 en el centro de nuestra misi\u00f3n compartida.<\/strong><\/h2>\n\n\n\n<div style=\"height:20px\" aria-hidden=\"true\" class=\"wp-block-spacer\"><\/div>\n\n\n\n<h2 class=\"wp-block-heading has-text-align-left has-depth-blue-color has-text-color uag-hide-desktop\" style=\"font-size:26px\"><strong>Como voluntario en nuestra comunidad de cap\u00edtulos, su compromiso con un mundo donde exista una Internet abierta, conectada globalmente, segura y confiable est\u00e1 en el centro de nuestra misi\u00f3n compartida.<\/strong><\/h2>\n\n\n\n<div style=\"height:20px\" aria-hidden=\"true\" class=\"wp-block-spacer\"><\/div>\n\n\n\n<p class=\"has-18-font-size\"><strong>Somos Internet Society.<\/strong><\/p>\n\n\n\n<p class=\"has-18-font-size\">Juntos, defendemos un mundo donde Internet sea realmente para todos. Si bien compartimos una visi\u00f3n global, cada comunidad traza su propio camino hacia el futuro.<\/p>\n\n\n\n<p class=\"has-18-font-size\">Sus conocimientos y experiencias locales impulsan nuestra misi\u00f3n colectiva de una Internet que enriquezca la vida de las personas.<\/p>\n\n\n\n<p class=\"uag-hide-desktop\"><a href=\"#XVJKRFJC\" style=\"display: none\"><\/a><\/p>\n\n\n\n<div style=\"height:20px\" aria-hidden=\"true\" class=\"wp-block-spacer\"><\/div>\n\n\n\n<h2 class=\"wp-block-heading has-depth-blue-color has-text-color has-link-color uag-hide-tab uag-hide-mob wp-elements-a2a8bf3a11bc190a4e01fd71999e763b\" style=\"font-size:32px\"><strong>Beyond the Net est\u00e1 creciendo para empoderar a nuestra comunidad de cap\u00edtulos<\/strong><\/h2>\n\n\n\n<h2 class=\"wp-block-heading has-text-align-left has-depth-blue-color has-text-color uag-hide-desktop\" style=\"font-size:26px\"><strong>Beyond the Net est\u00e1 creciendo para empoderar a nuestra comunidad de cap\u00edtulos<\/strong><\/h2>\n\n\n\n<div style=\"height:20px\" aria-hidden=\"true\" class=\"wp-block-spacer\"><\/div>\n\n\n\n<p class=\"has-18-font-size\">En 2023, <a href=\"https:\/\/www.isocfoundation.org\/wp-content\/uploads\/2024\/02\/20240229_Beyond-the-Net-Grant-Program.pdf\">se otorgaron m\u00e1s de 50 subvenciones de Beyond the Net<\/a> en 32 pa\u00edses, promoviendo una Internet abierta, confiable y conectada globalmente con un financiamiento total de casi USD 700.000. Beyond the Net est\u00e1 creciendo para satisfacer las necesidades de proyectos cr\u00edticos impulsados por los cap\u00edtulos de Internet Society.<\/p>\n\n\n\n<p class=\"has-18-font-size\"><a href=\"https:\/\/www.internetsociety.org\/es\/donate\/beyond-the-net\/?form=btn\">\u00danase a nosotros para recaudar <strong>USD 40.000<\/strong> este a\u00f1o<\/a> para brindar a los cap\u00edtulos herramientas fundamentales que posibiliten un cambio duradero. Cada d\u00f3lar que done ayudar\u00e1 a empoderar a un cap\u00edtulo para que pueda implementar proyectos transformadores que promuevan el aprendizaje, la participaci\u00f3n y la conectividad basados en la comunidad.<\/p>\n\n\n\n<div style=\"height:40px\" aria-hidden=\"true\" class=\"wp-block-spacer uag-hide-tab uag-hide-mob\"><\/div>\n<\/div><figure class=\"wp-block-media-text__media\" style=\"background-image:url(https:\/\/www.internetsociety.org\/wp-content\/uploads\/2024\/06\/digital-skills-training.jpg);background-position:50% 50%\"><img loading=\"lazy\" decoding=\"async\" width=\"1000\" height=\"854\" src=\"https:\/\/www.internetsociety.org\/wp-content\/uploads\/2024\/06\/digital-skills-training.jpg\" alt=\"A group of adults sit at computers.\" class=\"wp-image-212056 size-full\" srcset=\"https:\/\/www.internetsociety.org\/wp-content\/uploads\/2024\/06\/digital-skills-training.jpg 1000w, https:\/\/www.internetsociety.org\/wp-content\/uploads\/2024\/06\/digital-skills-training-450x384.jpg 450w, https:\/\/www.internetsociety.org\/wp-content\/uploads\/2024\/06\/digital-skills-training-768x656.jpg 768w, https:\/\/www.internetsociety.org\/wp-content\/uploads\/2024\/06\/digital-skills-training-250x214.jpg 250w\" sizes=\"auto, (max-width: 1000px) 100vw, 1000px\" \/><\/figure><\/div>\n\n\n\n<div style=\"height:40px\" aria-hidden=\"true\" class=\"wp-block-spacer uag-hide-desktop\"><\/div>\n<\/div>\n\n\n\n<div class=\"wp-block-column is-vertically-aligned-top is-layout-flow wp-block-column-is-layout-flow\" style=\"flex-basis:10%\"><\/div>\n<\/div>\n\n\n\n<div style=\"height:20px\" aria-hidden=\"true\" class=\"wp-block-spacer uag-hide-desktop\"><\/div>\n\n\n\n<div style=\"height:50px\" aria-hidden=\"true\" class=\"wp-block-spacer uag-hide-tab uag-hide-mob\"><\/div>\n\n\n\n<section class=\"wp-block-uagb-columns uagb-columns__wrap uagb-columns__background-image uagb-columns__stack-mobile uagb-columns__valign- uagb-columns__gap-10 align uagb-block-97cd7c03 uagb-columns__columns-1 uagb-columns__max_width-theme background-image-fallback-black uag-hide-tab uag-hide-mob\"><div class=\"uagb-columns__overlay\"><\/div><div class=\"uagb-columns__inner-wrap uagb-columns__columns-1\">\n<div class=\"wp-block-uagb-column uagb-column__wrap uagb-column__background-color uagb-block-6c4fbb6d\"><div class=\"uagb-column__overlay\"><\/div>\n<h3 class=\"wp-block-heading has-white-color has-text-color has-28-font-size\"><strong>Alcance global, impacto local<\/strong>.<\/h3>\n\n\n\n<div style=\"height:30px\" aria-hidden=\"true\" class=\"wp-block-spacer\"><\/div>\n\n\n\n<p class=\"has-neutral-white-color has-text-color has-link-color has-18-font-size wp-elements-6143fdd6451248a3a184b6313e663ca4\">Su donaci\u00f3n apoya tanto a Internet Society como a nuestra comunidad de cap\u00edtulos.<\/p>\n\n\n\n<p class=\"has-neutral-white-color has-text-color has-link-color has-18-font-size wp-elements-e77cc18c74efcf6221f01a629b8df227\">Al donar a Internet Society, puede ayudar a asegurar nuestra visi\u00f3n compartida de una Internet que sea una fuerza para el bien en el mundo.<\/p>\n\n\n\n<div style=\"height:20px\" aria-hidden=\"true\" class=\"wp-block-spacer\"><\/div>\n\n\n\n<p><a href=\"#XVJKRFJC\" style=\"display: none\"><\/a><\/p>\n<\/div>\n<\/div><\/section>\n\n\n\n<figure class=\"wp-block-image size-large uag-hide-desktop\"><img loading=\"lazy\" decoding=\"async\" width=\"1024\" height=\"704\" src=\"https:\/\/www.internetsociety.org\/wp-content\/uploads\/2024\/08\/IMG_6451-1-1024x704.jpg\" alt=\"kids playing in a backyard\" class=\"wp-image-213305\" srcset=\"https:\/\/www.internetsociety.org\/wp-content\/uploads\/2024\/08\/IMG_6451-1-1024x704.jpg 1024w, https:\/\/www.internetsociety.org\/wp-content\/uploads\/2024\/08\/IMG_6451-1-450x309.jpg 450w, https:\/\/www.internetsociety.org\/wp-content\/uploads\/2024\/08\/IMG_6451-1-768x528.jpg 768w, https:\/\/www.internetsociety.org\/wp-content\/uploads\/2024\/08\/IMG_6451-1-250x172.jpg 250w, https:\/\/www.internetsociety.org\/wp-content\/uploads\/2024\/08\/IMG_6451-1.jpg 1440w\" sizes=\"auto, (max-width: 1024px) 100vw, 1024px\" \/><\/figure>\n\n\n\n<div class=\"wp-block-columns is-not-stacked-on-mobile margin-bottom-0 has-neutral-white-background-color has-background uag-hide-desktop is-layout-flex wp-container-core-columns-is-layout-9d6595d7 wp-block-columns-is-layout-flex\">\n<div class=\"wp-block-column is-layout-flow wp-block-column-is-layout-flow\" style=\"flex-basis:1%\"><\/div>\n\n\n\n<div class=\"wp-block-column is-layout-flow wp-block-column-is-layout-flow\" style=\"flex-basis:98%\">\n<div style=\"height:40px\" aria-hidden=\"true\" class=\"wp-block-spacer\"><\/div>\n\n\n\n<h3 class=\"wp-block-heading has-28-font-size uag-hide-desktop\"><strong><strong>Alcance global, impacto local<\/strong><\/strong><\/h3>\n\n\n\n<div style=\"height:30px\" aria-hidden=\"true\" class=\"wp-block-spacer uag-hide-desktop\"><\/div>\n\n\n\n<p class=\"has-18-font-size uag-hide-desktop\">Su donaci\u00f3n apoya tanto a Internet Society como a nuestra comunidad de cap\u00edtulos.<\/p>\n\n\n\n<p class=\"has-18-font-size uag-hide-desktop\">Al donar a Internet Society, puede ayudar a asegurar nuestra visi\u00f3n compartida de una Internet que sea una fuerza para el bien en el mundo.<\/p>\n\n\n\n<p><a href=\"#XVJKRFJC\"><\/a><\/p>\n\n\n\n<div style=\"height:30px\" aria-hidden=\"true\" class=\"wp-block-spacer uag-hide-desktop\"><\/div>\n<\/div>\n\n\n\n<div class=\"wp-block-column is-layout-flow wp-block-column-is-layout-flow\" style=\"flex-basis:1%\"><\/div>\n<\/div>\n\n\n\n<p class=\"has-text-align-center has-white-color has-ground-navy-background-color has-text-color has-background has-12-font-size\">Derechos de autor:<br> \u00a9 Naveed Haq, \u00a9 Victor Ndonnang, \u00a9Internet Society Kyrgyzstan Chapter<\/p>\n","protected":false},"excerpt":{"rendered":"<p>\u00danase a nosotros para recaudar USD 40.000 este a\u00f1o para brindar a los cap\u00edtulos herramientas fundamentales que posibiliten un cambio duradero.<\/p>\n","protected":false},"author":46,"featured_media":213307,"parent":192702,"menu_order":0,"comment_status":"closed","ping_status":"closed","template":"page-wide.php","meta":{"_acf_changed":false,"_uag_custom_page_level_css":"","footnotes":""},"categories":[],"tags":[],"region_news_regions":[],"content_category":[],"ppma_author":[4057],"class_list":["post-213354","page","type-page","status-publish","has-post-thumbnail","hentry"],"acf":[],"uagb_featured_image_src":{"full":["https:\/\/www.internetsociety.org\/wp-content\/uploads\/2024\/08\/IMG_6451-1.jpg",1440,990,false],"thumbnail":["https:\/\/www.internetsociety.org\/wp-content\/uploads\/2024\/08\/IMG_6451-1-150x150.jpg",150,150,true],"medium":["https:\/\/www.internetsociety.org\/wp-content\/uploads\/2024\/08\/IMG_6451-1-450x309.jpg",450,309,true],"medium_large":["https:\/\/www.internetsociety.org\/wp-content\/uploads\/2024\/08\/IMG_6451-1-768x528.jpg",768,528,true],"large":["https:\/\/www.internetsociety.org\/wp-content\/uploads\/2024\/08\/IMG_6451-1-1024x704.jpg",1024,704,true],"1536x1536":["https:\/\/www.internetsociety.org\/wp-content\/uploads\/2024\/08\/IMG_6451-1.jpg",1440,990,false],"2048x2048":["https:\/\/www.internetsociety.org\/wp-content\/uploads\/2024\/08\/IMG_6451-1.jpg",1440,990,false],"post-thumbnail":["https:\/\/www.internetsociety.org\/wp-content\/uploads\/2024\/08\/IMG_6451-1-250x172.jpg",250,172,true],"square":["https:\/\/www.internetsociety.org\/wp-content\/uploads\/2024\/08\/IMG_6451-1-600x600.jpg",600,600,true],"gform-image-choice-sm":["https:\/\/www.internetsociety.org\/wp-content\/uploads\/2024\/08\/IMG_6451-1.jpg",300,206,false],"gform-image-choice-md":["https:\/\/www.internetsociety.org\/wp-content\/uploads\/2024\/08\/IMG_6451-1.jpg",400,275,false],"gform-image-choice-lg":["https:\/\/www.internetsociety.org\/wp-content\/uploads\/2024\/08\/IMG_6451-1.jpg",600,413,false]},"uagb_author_info":{"display_name":"Ivana Trbovic","author_link":"https:\/\/www.internetsociety.org\/es\/author\/trbovic\/"},"uagb_comment_info":0,"uagb_excerpt":"\u00danase a nosotros para recaudar USD 40.000 este a\u00f1o para brindar a los cap\u00edtulos herramientas fundamentales que posibiliten un cambio duradero.","_links":{"self":[{"href":"https:\/\/www.internetsociety.org\/es\/wp-json\/wp\/v2\/pages\/213354","targetHints":{"allow":["GET"]}}],"collection":[{"href":"https:\/\/www.internetsociety.org\/es\/wp-json\/wp\/v2\/pages"}],"about":[{"href":"https:\/\/www.internetsociety.org\/es\/wp-json\/wp\/v2\/types\/page"}],"author":[{"embeddable":true,"href":"https:\/\/www.internetsociety.org\/es\/wp-json\/wp\/v2\/users\/46"}],"replies":[{"embeddable":true,"href":"https:\/\/www.internetsociety.org\/es\/wp-json\/wp\/v2\/comments?post=213354"}],"version-history":[{"count":0,"href":"https:\/\/www.internetsociety.org\/es\/wp-json\/wp\/v2\/pages\/213354\/revisions"}],"up":[{"embeddable":true,"href":"https:\/\/www.internetsociety.org\/es\/wp-json\/wp\/v2\/pages\/192702"}],"wp:featuredmedia":[{"embeddable":true,"href":"https:\/\/www.internetsociety.org\/es\/wp-json\/wp\/v2\/media\/213307"}],"wp:attachment":[{"href":"https:\/\/www.internetsociety.org\/es\/wp-json\/wp\/v2\/media?parent=213354"}],"wp:term":[{"taxonomy":"category","embeddable":true,"href":"https:\/\/www.internetsociety.org\/es\/wp-json\/wp\/v2\/categories?post=213354"},{"taxonomy":"post_tag","embeddable":true,"href":"https:\/\/www.internetsociety.org\/es\/wp-json\/wp\/v2\/tags?post=213354"},{"taxonomy":"region_news_regions","embeddable":true,"href":"https:\/\/www.internetsociety.org\/es\/wp-json\/wp\/v2\/region_news_regions?post=213354"},{"taxonomy":"content_category","embeddable":true,"href":"https:\/\/www.internetsociety.org\/es\/wp-json\/wp\/v2\/content_category?post=213354"},{"taxonomy":"author","embeddable":true,"href":"https:\/\/www.internetsociety.org\/es\/wp-json\/wp\/v2\/ppma_author?post=213354"}],"curies":[{"name":"wp","href":"https:\/\/api.w.org\/{rel}","templated":true}]}}