{"id":207550,"date":"2024-02-29T15:56:36","date_gmt":"2024-02-29T15:56:36","guid":{"rendered":"https:\/\/www.internetsociety.org\/?page_id=207550"},"modified":"2025-08-27T13:45:54","modified_gmt":"2025-08-27T13:45:54","slug":"contrarrestar-las-amenazas-de-internet","status":"publish","type":"page","link":"https:\/\/www.internetsociety.org\/es\/action-plan\/countering-internet-threats\/","title":{"rendered":"Proteger una Internet abierta"},"content":{"rendered":"\n<section class=\"wp-block-uagb-columns uagb-columns__wrap uagb-columns__background-image uagb-columns__stack-mobile uagb-columns__valign- uagb-columns__gap-10 align uagb-block-d6a40f3e uagb-columns__columns-1 uagb-columns__max_width-theme background-image-fallback-black\"><div class=\"uagb-columns__overlay\"><\/div><div class=\"uagb-columns__inner-wrap uagb-columns__columns-1\">\n<div class=\"wp-block-uagb-column uagb-column__wrap uagb-column__background-undefined uagb-block-87a6a79b\"><div class=\"uagb-column__overlay\"><\/div>\n<h1 class=\"wp-block-heading has-neutral-white-color has-text-color\">Proteger <br>una Internet abierta<\/h1>\n<\/div>\n<\/div><\/section>\n\n\n\n<div class=\"wp-block-columns is-layout-flex wp-container-core-columns-is-layout-9d6595d7 wp-block-columns-is-layout-flex\">\n<div class=\"wp-block-column is-layout-flow wp-block-column-is-layout-flow\" style=\"flex-basis:10%\"><\/div>\n\n\n\n<div class=\"wp-block-column is-layout-flow wp-block-column-is-layout-flow\" style=\"flex-basis:80%\">\n<div style=\"height:40px\" aria-hidden=\"true\" class=\"wp-block-spacer uag-hide-mob\"><\/div>\n\n\n\n<h2 class=\"wp-block-heading has-accent-purple-color has-text-color has-32-font-size\" id=\"we-will-equip-the-global-encryption-coalition-and-the-internet-society-community-with-the-tools-needed-to-help-increase-awareness-of-the-value-of-encryption\">Es f\u00e1cil culpar a Internet de los problemas sociales. Sin embargo, algunos de estos problemas son muy anteriores a Internet y solo son m\u00e1s visibles porque Internet permite que las personas se comuniquen con facilidad. Pero los gobiernos y las corporaciones est\u00e1n tomando decisiones que la amenazan. Nosotros nos oponemos a esta tendencia.<\/h2>\n\n\n\n<div style=\"height:40px\" aria-hidden=\"true\" class=\"wp-block-spacer\"><\/div>\n\n\n\n<p class=\"has-18-font-size\">Todos queremos soluciones que promuevan experiencias m\u00e1s seguras en l\u00ednea. Pero, con demasiada frecuencia, los gobiernos intentan \u00abarreglar\u00bb estos problemas de una manera que erosiona el acceso de las personas a Internet. Si no les ayudamos a comprender c\u00f3mo encontrar soluciones que protejan Internet, puede que pronto no tengamos nada que proteger.<\/p>\n\n\n\n<p class=\"has-18-font-size\">Internet necesita quien la defienda. Estamos en una posici\u00f3n \u00fanica para movilizar a nuestros miembros, socios y otros adherentes para alzar nuestras voces con el objetivo de proteger Internet.<\/p>\n<\/div>\n\n\n\n<div class=\"wp-block-column is-layout-flow wp-block-column-is-layout-flow\" style=\"flex-basis:10%\"><\/div>\n<\/div>\n\n\n\n<div style=\"height:30px\" aria-hidden=\"true\" class=\"wp-block-spacer uag-hide-mob\"><\/div>\n\n\n\n<div class=\"wp-block-columns margin-bottom-0 has-neutral-white-background-color has-background is-layout-flex wp-container-core-columns-is-layout-9d6595d7 wp-block-columns-is-layout-flex\">\n<div class=\"wp-block-column is-layout-flow wp-block-column-is-layout-flow\" style=\"flex-basis:5.5%\"><\/div>\n\n\n\n<div class=\"wp-block-column is-layout-flow wp-block-column-is-layout-flow\" style=\"flex-basis:89%\">\n<div style=\"height:40px\" aria-hidden=\"true\" class=\"wp-block-spacer uag-hide-mob\"><\/div>\n\n\n\n<div class=\"wp-block-media-text alignwide has-media-on-the-right is-stacked-on-mobile is-vertically-aligned-top is-image-fill-element\" style=\"grid-template-columns:auto 33%\"><div class=\"wp-block-media-text__content\">\n<div style=\"height:20px\" aria-hidden=\"true\" class=\"wp-block-spacer uag-hide-desktop uag-hide-tab\"><\/div>\n\n\n\n<div class=\"wp-block-uagb-info-box uagb-block-fbf14fa1 uagb-infobox__content-wrap  uagb-infobox-icon-above-title uagb-infobox-image-valign-top\"><div class=\"uagb-ifb-content\"><div class=\"uagb-ifb-title-wrap\"><h3 class=\"uagb-ifb-title\">Necesitamos que todos defiendan Internet.<\/h3><\/div><p class=\"uagb-ifb-desc\">Internet es para todas las personas. Es el medio de la gente. Debemos poner fin a las malas pol\u00edticas y ayudar a los gobiernos a tomar decisiones que salvaguarden la Internet que conocemos y amamos. Internet es nuestra, manteng\u00e1mosla as\u00ed.<\/p><\/div><\/div>\n\n\n\n<div style=\"height:20px\" aria-hidden=\"true\" class=\"wp-block-spacer\"><\/div>\n\n\n\n<div class=\"wp-block-buttons is-vertical is-content-justification-left is-layout-flex wp-container-core-buttons-is-layout-41619b2b wp-block-buttons-is-layout-flex\">\n<div class=\"wp-block-button is-style-fill\"><a class=\"wp-block-button__link has-neutral-white-color has-depth-green-background-color has-text-color has-background wp-element-button\" href=\"https:\/\/www.internetsociety.org\/action-plan\/protecting-the-internet-against-fragmentation\/our-net\/\"><strong>Ayudemos a proteger a Internet<\/strong><\/a><\/div>\n<\/div>\n<\/div><figure class=\"wp-block-media-text__media\"><img loading=\"lazy\" decoding=\"async\" width=\"1024\" height=\"533\" src=\"https:\/\/www.internetsociety.org\/wp-content\/uploads\/2024\/03\/NANUM-women-computers-2.jpg\" alt=\"women in front of the computer screens\" class=\"wp-image-208326 size-large\" style=\"object-position:50% 50%\" srcset=\"https:\/\/www.internetsociety.org\/wp-content\/uploads\/2024\/03\/NANUM-women-computers-2.jpg 1024w, https:\/\/www.internetsociety.org\/wp-content\/uploads\/2024\/03\/NANUM-women-computers-2-450x234.jpg 450w, https:\/\/www.internetsociety.org\/wp-content\/uploads\/2024\/03\/NANUM-women-computers-2-768x400.jpg 768w, https:\/\/www.internetsociety.org\/wp-content\/uploads\/2024\/03\/NANUM-women-computers-2-250x130.jpg 250w\" sizes=\"auto, (max-width: 1024px) 100vw, 1024px\" \/><\/figure><\/div>\n\n\n\n<div style=\"height:40px\" aria-hidden=\"true\" class=\"wp-block-spacer uag-hide-mob\"><\/div>\n<\/div>\n\n\n\n<div class=\"wp-block-column is-layout-flow wp-block-column-is-layout-flow\" style=\"flex-basis:10%\"><\/div>\n<\/div>\n\n\n\n<div class=\"wp-block-columns is-layout-flex wp-container-core-columns-is-layout-9d6595d7 wp-block-columns-is-layout-flex\">\n<div class=\"wp-block-column is-layout-flow wp-block-column-is-layout-flow\" style=\"flex-basis:10%\"><\/div>\n\n\n\n<div class=\"wp-block-column is-layout-flow wp-block-column-is-layout-flow\" style=\"flex-basis:80%\">\n<div style=\"height:40px\" aria-hidden=\"true\" class=\"wp-block-spacer uag-hide-mob\"><\/div>\n\n\n\n<h4 class=\"wp-block-heading has-green-color has-text-color\" id=\"how-the-ndss-symposium-helps-to-strengthen-the-internet\">Abordar la falta de confianza en Internet<\/h4>\n\n\n\n<div style=\"height:20px\" aria-hidden=\"true\" class=\"wp-block-spacer\"><\/div>\n\n\n\n<p class=\"has-18-font-size\">Para defender Internet, nos centraremos en:<\/p>\n\n\n\n<ul class=\"wp-block-list has-18-font-size\">\n<li>Sostener nuestros esfuerzos de promoci\u00f3n y educaci\u00f3n en los pa\u00edses donde veamos surgir amenazas importantes e influyentes.<\/li>\n\n\n\n<li>Colaborar con los miembros, los cap\u00edtulos y los defensores de Internet Society en todas las regiones para predecir, alertar y abogar para detener las amenazas emergentes.<\/li>\n\n\n\n<li>Fortalecer y ampliar nuestra base de defensores con ideas afines para amplificar nuestro mensaje para detener la fragmentaci\u00f3n.<\/li>\n<\/ul>\n\n\n\n<div style=\"height:40px\" aria-hidden=\"true\" class=\"wp-block-spacer\"><\/div>\n\n\n\n<h4 class=\"wp-block-heading has-green-color has-text-color\" id=\"how-the-ndss-symposium-helps-to-strengthen-the-internet\">Participe<\/h4>\n<\/div>\n\n\n\n<div class=\"wp-block-column uag-hide-mob is-layout-flow wp-block-column-is-layout-flow\" style=\"flex-basis:10%\"><\/div>\n<\/div>\n\n\n\n<section class=\"wp-block-uagb-columns uagb-columns__wrap uagb-columns__background-color uagb-columns__stack-tablet uagb-columns__valign-top uagb-columns__gap-10 align uagb-block-0c8abc1f uagb-columns__columns-4 uagb-columns__max_width-theme\"><div class=\"uagb-columns__overlay\"><\/div><div class=\"uagb-columns__inner-wrap uagb-columns__columns-4\">\n<div class=\"wp-block-uagb-column uagb-column__wrap uagb-column__background-color uagb-block-c5cbb46e\"><div class=\"uagb-column__overlay\"><\/div>\n<figure class=\"wp-block-image size-full is-style-default margin-bottom-0 vertical-align-bottom\"><img loading=\"lazy\" decoding=\"async\" width=\"600\" height=\"276\" src=\"https:\/\/www.internetsociety.org\/wp-content\/uploads\/2023\/12\/Fragmentation-Mix-3-600x275-1.png\" alt=\"\" class=\"wp-image-205777\" style=\"aspect-ratio:3\/2;object-fit:cover\" srcset=\"https:\/\/www.internetsociety.org\/wp-content\/uploads\/2023\/12\/Fragmentation-Mix-3-600x275-1.png 600w, https:\/\/www.internetsociety.org\/wp-content\/uploads\/2023\/12\/Fragmentation-Mix-3-600x275-1-450x207.png 450w, https:\/\/www.internetsociety.org\/wp-content\/uploads\/2023\/12\/Fragmentation-Mix-3-600x275-1-250x115.png 250w\" sizes=\"auto, (max-width: 600px) 100vw, 600px\" \/><\/figure>\n\n\n\n<div style=\"height:20px\" aria-hidden=\"true\" class=\"wp-block-spacer\"><\/div>\n\n\n\n<div class=\"wp-block-uagb-info-box uagb-block-6e38d95b uagb-infobox__content-wrap  uagb-infobox_cta-type-all uagb-infobox-icon-above-title uagb-infobox-image-valign-top\"><a href=\"https:\/\/internetsociety.org\/resources\/internet-fragmentation\/\" class=\"uagb-infobox-link-wrap uagb-infbox__link-to-all\" target=\"_self\" aria-label=\"Infobox Link\" rel=\"noopener noreferrer\" onclick=\"return true;\"><\/a><div class=\"uagb-ifb-content\"><div class=\"uagb-ifb-title-wrap\"><h5 class=\"uagb-ifb-title\">Aprende sobre la fragmentaci\u00f3n de Internet<\/h5><\/div><p class=\"uagb-ifb-desc\">La fragmentaci\u00f3n de Internet nos afecta a todos. Descubre c\u00f3mo la fragmentaci\u00f3n est\u00e1 rompiendo Internet.<\/p><div class=\"uagb-ifb-button-wrapper wp-block-button\"><\/div><\/div><\/div>\n<\/div>\n\n\n\n<div class=\"wp-block-uagb-column uagb-column__wrap uagb-column__background-color uagb-block-74b7a2c7\"><div class=\"uagb-column__overlay\"><\/div>\n<figure class=\"wp-block-image size-full is-style-default margin-bottom-0 vertical-align-bottom\"><img loading=\"lazy\" decoding=\"async\" width=\"600\" height=\"275\" src=\"https:\/\/www.internetsociety.org\/wp-content\/uploads\/2024\/02\/flowers.jpg\" alt=\"California poppies blooming in a field - vibrant orange flowers in a sunny meadow.\" class=\"wp-image-207449\" style=\"aspect-ratio:3\/2;object-fit:cover\" srcset=\"https:\/\/www.internetsociety.org\/wp-content\/uploads\/2024\/02\/flowers.jpg 600w, https:\/\/www.internetsociety.org\/wp-content\/uploads\/2024\/02\/flowers-450x206.jpg 450w, https:\/\/www.internetsociety.org\/wp-content\/uploads\/2024\/02\/flowers-250x115.jpg 250w\" sizes=\"auto, (max-width: 600px) 100vw, 600px\" \/><\/figure>\n\n\n\n<div style=\"height:20px\" aria-hidden=\"true\" class=\"wp-block-spacer\"><\/div>\n\n\n\n<div class=\"wp-block-uagb-info-box uagb-block-8afe33bc uagb-infobox__content-wrap  uagb-infobox_cta-type-all uagb-infobox-icon-above-title uagb-infobox-image-valign-top\"><a href=\"https:\/\/www.internetsociety.org\/es\/issues\/internet-way-of-networking\/internet-impact-assessment-toolkit\/\" class=\"uagb-infobox-link-wrap uagb-infbox__link-to-all\" target=\"_self\" aria-label=\"Infobox Link\" rel=\"noopener noreferrer\" onclick=\"return true;\"><\/a><div class=\"uagb-ifb-content\"><div class=\"uagb-ifb-title-wrap\"><h5 class=\"uagb-ifb-title\">Descubre qu\u00e9 necesita Internet para existir y prosperar<\/h5><\/div><p class=\"uagb-ifb-desc\">Utiliza una herramienta pr\u00e1ctica que ayuda a evaluar si una pol\u00edtica o decisi\u00f3n podr\u00eda afectar a Internet.<\/p><div class=\"uagb-ifb-button-wrapper wp-block-button\"><\/div><\/div><\/div>\n<\/div>\n\n\n\n<div class=\"wp-block-uagb-column uagb-column__wrap uagb-column__background-color uagb-block-4d8f3576\"><div class=\"uagb-column__overlay\"><\/div>\n<figure class=\"wp-block-image size-full is-style-default margin-bottom-0 vertical-align-bottom\"><img loading=\"lazy\" decoding=\"async\" width=\"600\" height=\"275\" src=\"https:\/\/www.internetsociety.org\/wp-content\/uploads\/2024\/02\/person-at-laptop.jpg\" alt=\"A man in a safety vest is focused on his laptop\" class=\"wp-image-207453\" style=\"aspect-ratio:3\/2;object-fit:cover\" srcset=\"https:\/\/www.internetsociety.org\/wp-content\/uploads\/2024\/02\/person-at-laptop.jpg 600w, https:\/\/www.internetsociety.org\/wp-content\/uploads\/2024\/02\/person-at-laptop-450x206.jpg 450w, https:\/\/www.internetsociety.org\/wp-content\/uploads\/2024\/02\/person-at-laptop-250x115.jpg 250w\" sizes=\"auto, (max-width: 600px) 100vw, 600px\" \/><\/figure>\n\n\n\n<div style=\"height:20px\" aria-hidden=\"true\" class=\"wp-block-spacer\"><\/div>\n\n\n\n<div class=\"wp-block-uagb-info-box uagb-block-d9cd8911 uagb-infobox__content-wrap  uagb-infobox_cta-type-all uagb-infobox-icon-above-title uagb-infobox-image-valign-top\"><a href=\"https:\/\/app.smartsheet.com\/b\/form\/fe81a0ff61fd4fd497d8f41084e34faa\" class=\"uagb-infobox-link-wrap uagb-infbox__link-to-all\" target=\"_self\" aria-label=\"Infobox Link\" rel=\"noopener noreferrer\" onclick=\"return true;\"><\/a><div class=\"uagb-ifb-content\"><div class=\"uagb-ifb-title-wrap\"><h5 class=\"uagb-ifb-title\">Informa una amenaza<\/h5><\/div><p class=\"uagb-ifb-desc\">\u00bfHas visto alguna pol\u00edtica o decisi\u00f3n que podr\u00eda afectar la Internet abierta y global? Comp\u00e1rtela con nosotros.<\/p><div class=\"uagb-ifb-button-wrapper wp-block-button\"><\/div><\/div><\/div>\n<\/div>\n\n\n\n<div class=\"wp-block-uagb-column uagb-column__wrap uagb-column__background-color uagb-block-e6ad69ef\"><div class=\"uagb-column__overlay\"><\/div>\n<figure class=\"wp-block-image size-full is-style-default\"><img loading=\"lazy\" decoding=\"async\" width=\"600\" height=\"275\" src=\"https:\/\/www.internetsociety.org\/wp-content\/uploads\/2024\/02\/girl-smiling-600-275.jpg\" alt=\"A woman in a white shirt smiling in front of trees.\" class=\"wp-image-207417\" style=\"aspect-ratio:3\/2;object-fit:cover\" srcset=\"https:\/\/www.internetsociety.org\/wp-content\/uploads\/2024\/02\/girl-smiling-600-275.jpg 600w, https:\/\/www.internetsociety.org\/wp-content\/uploads\/2024\/02\/girl-smiling-600-275-450x206.jpg 450w, https:\/\/www.internetsociety.org\/wp-content\/uploads\/2024\/02\/girl-smiling-600-275-250x115.jpg 250w\" sizes=\"auto, (max-width: 600px) 100vw, 600px\" \/><\/figure>\n\n\n\n<div style=\"height:20px\" aria-hidden=\"true\" class=\"wp-block-spacer\"><\/div>\n\n\n\n<div class=\"wp-block-uagb-info-box uagb-block-4be958dc uagb-infobox__content-wrap  uagb-infobox_cta-type-all uagb-infobox-icon-above-title uagb-infobox-image-valign-top\"><a href=\"https:\/\/www.internetsociety.org\/donate\/\" class=\"uagb-infobox-link-wrap uagb-infbox__link-to-all\" target=\"_self\" aria-label=\"Infobox Link\" rel=\"noopener noreferrer\" onclick=\"return true;\"><\/a><div class=\"uagb-ifb-content\"><div class=\"uagb-ifb-title-wrap\"><h5 class=\"uagb-ifb-title\">Colabora con nosotros<\/h5><\/div><p class=\"uagb-ifb-desc\">Dona hoy para ayudar a defender una Internet para todos.<\/p><div class=\"uagb-ifb-button-wrapper wp-block-button\"><\/div><\/div><\/div>\n<\/div>\n<\/div><\/section>\n\n\n\n<div class=\"wp-block-columns margin-bottom-0 has-neutral-white-background-color has-background is-layout-flex wp-container-core-columns-is-layout-9d6595d7 wp-block-columns-is-layout-flex\">\n<div class=\"wp-block-column is-layout-flow wp-block-column-is-layout-flow\" style=\"flex-basis:10%\"><\/div>\n\n\n\n<div class=\"wp-block-column is-layout-flow wp-block-column-is-layout-flow\" style=\"flex-basis:80%\">\n<div style=\"height:40px\" aria-hidden=\"true\" class=\"wp-block-spacer uag-hide-mob\"><\/div>\n\n\n\n<h4 class=\"wp-block-heading has-depth-teal-color has-text-color\" id=\"how-the-ndss-symposium-helps-to-strengthen-the-internet\">Noticias<\/h4>\n\n\n\n<div style=\"height:20px\" aria-hidden=\"true\" class=\"wp-block-spacer\"><\/div>\n\n\n\n\t\t\t<div class=\"wp-block-uagb-post-grid uagb-post-grid  uagb-post__image-position-top uagb-post__image-disabled uagb-block-a8fd20a7     uagb-post__items uagb-post__columns-3 is-grid uagb-post__columns-tablet-2 uagb-post__columns-mobile-1 uagb-post__equal-height\" data-total=\"0\" style=\"\">\n\n\t\t\t\t\t\t\t\t\t<p class=\"uagb-post__no-posts\">\n\t\t\t\t\t\tNo post found!\t\t\t\t\t<\/p>\n\t\t\t\t\t\t\t\t\t\t<div class=\"uagb-post-pagination-wrap\">\n\t\t\t\t\t\t\t\t\t\t\t<\/div>\n\t\t\t\t\t\t\t\t<\/div>\n\t\t\t\n\n\n<div style=\"height:40px\" aria-hidden=\"true\" class=\"wp-block-spacer\"><\/div>\n\n\n\n<h4 class=\"wp-block-heading has-depth-teal-color has-text-color\" id=\"how-the-ndss-symposium-helps-to-strengthen-the-internet\">Recursos<\/h4>\n\n\n\n<div style=\"height:20px\" aria-hidden=\"true\" class=\"wp-block-spacer\"><\/div>\n\n\n\n\t\t\t<div class=\"wp-block-uagb-post-grid uagb-post-grid  uagb-post__image-position-top uagb-post__image-disabled uagb-block-950df4b8     uagb-post__items uagb-post__columns-3 is-grid uagb-post__columns-tablet-2 uagb-post__columns-mobile-1 uagb-post__equal-height\" data-total=\"0\" style=\"\">\n\n\t\t\t\t\t\t\t\t\t<p class=\"uagb-post__no-posts\">\n\t\t\t\t\t\tNo post found!\t\t\t\t\t<\/p>\n\t\t\t\t\t\t\t\t\t\t<div class=\"uagb-post-pagination-wrap\">\n\t\t\t\t\t\t\t\t\t\t\t<\/div>\n\t\t\t\t\t\t\t\t<\/div>\n\t\t\t\n\n\n<div style=\"height:40px\" aria-hidden=\"true\" class=\"wp-block-spacer\"><\/div>\n<\/div>\n\n\n\n<div class=\"wp-block-column is-layout-flow wp-block-column-is-layout-flow\" style=\"flex-basis:10%\"><\/div>\n<\/div>\n\n\n\n<p class=\"has-text-align-center has-neutral-white-color has-ground-navy-background-color has-text-color has-background has-link-color has-12-font-size wp-elements-9af26cbcec3b80d2b15d8d3ec81341aa\">Cr\u00e9dito de la imagen:<br>\u00a9 Nyani Quarmyne, \u00a9 Gustavo Castellanos Echaz\u00fa, \u00a9 Internet Society, \u00a9 Unsplash, \u00a9 Nyani Quarmyne, \u00a9 Frederic Courbet\/Panos Pictures<\/p>\n","protected":false},"excerpt":{"rendered":"<p>Proteja Internet y defi\u00e9ndase de las amenazas emergentes. \u00danase a nosotros para defender una Internet global y abierta para todos.<\/p>\n","protected":false},"author":46,"featured_media":207460,"parent":223313,"menu_order":0,"comment_status":"closed","ping_status":"closed","template":"page-wide.php","meta":{"_acf_changed":false,"_uag_custom_page_level_css":"","footnotes":""},"categories":[119],"tags":[669,5940],"region_news_regions":[],"content_category":[],"ppma_author":[4057],"class_list":["post-207550","page","type-page","status-publish","has-post-thumbnail","hentry","category-quienes-somos","tag-actionplan","tag-plan-de-accion"],"acf":[],"uagb_featured_image_src":{"full":["https:\/\/www.internetsociety.org\/wp-content\/uploads\/2024\/02\/camera-field.jpg",1399,642,false],"thumbnail":["https:\/\/www.internetsociety.org\/wp-content\/uploads\/2024\/02\/camera-field-150x150.jpg",150,150,true],"medium":["https:\/\/www.internetsociety.org\/wp-content\/uploads\/2024\/02\/camera-field-450x207.jpg",450,207,true],"medium_large":["https:\/\/www.internetsociety.org\/wp-content\/uploads\/2024\/02\/camera-field-768x352.jpg",768,352,true],"large":["https:\/\/www.internetsociety.org\/wp-content\/uploads\/2024\/02\/camera-field-1024x470.jpg",1024,470,true],"1536x1536":["https:\/\/www.internetsociety.org\/wp-content\/uploads\/2024\/02\/camera-field.jpg",1399,642,false],"2048x2048":["https:\/\/www.internetsociety.org\/wp-content\/uploads\/2024\/02\/camera-field.jpg",1399,642,false],"post-thumbnail":["https:\/\/www.internetsociety.org\/wp-content\/uploads\/2024\/02\/camera-field-250x115.jpg",250,115,true],"square":["https:\/\/www.internetsociety.org\/wp-content\/uploads\/2024\/02\/camera-field-600x600.jpg",600,600,true],"gform-image-choice-sm":["https:\/\/www.internetsociety.org\/wp-content\/uploads\/2024\/02\/camera-field.jpg",300,138,false],"gform-image-choice-md":["https:\/\/www.internetsociety.org\/wp-content\/uploads\/2024\/02\/camera-field.jpg",400,184,false],"gform-image-choice-lg":["https:\/\/www.internetsociety.org\/wp-content\/uploads\/2024\/02\/camera-field.jpg",600,275,false]},"uagb_author_info":{"display_name":"Ivana Trbovic","author_link":"https:\/\/www.internetsociety.org\/es\/author\/trbovic\/"},"uagb_comment_info":0,"uagb_excerpt":"Proteja Internet y defi\u00e9ndase de las amenazas emergentes. \u00danase a nosotros para defender una Internet global y abierta para todos.","_links":{"self":[{"href":"https:\/\/www.internetsociety.org\/es\/wp-json\/wp\/v2\/pages\/207550","targetHints":{"allow":["GET"]}}],"collection":[{"href":"https:\/\/www.internetsociety.org\/es\/wp-json\/wp\/v2\/pages"}],"about":[{"href":"https:\/\/www.internetsociety.org\/es\/wp-json\/wp\/v2\/types\/page"}],"author":[{"embeddable":true,"href":"https:\/\/www.internetsociety.org\/es\/wp-json\/wp\/v2\/users\/46"}],"replies":[{"embeddable":true,"href":"https:\/\/www.internetsociety.org\/es\/wp-json\/wp\/v2\/comments?post=207550"}],"version-history":[{"count":0,"href":"https:\/\/www.internetsociety.org\/es\/wp-json\/wp\/v2\/pages\/207550\/revisions"}],"up":[{"embeddable":true,"href":"https:\/\/www.internetsociety.org\/es\/wp-json\/wp\/v2\/pages\/223313"}],"wp:featuredmedia":[{"embeddable":true,"href":"https:\/\/www.internetsociety.org\/es\/wp-json\/wp\/v2\/media\/207460"}],"wp:attachment":[{"href":"https:\/\/www.internetsociety.org\/es\/wp-json\/wp\/v2\/media?parent=207550"}],"wp:term":[{"taxonomy":"category","embeddable":true,"href":"https:\/\/www.internetsociety.org\/es\/wp-json\/wp\/v2\/categories?post=207550"},{"taxonomy":"post_tag","embeddable":true,"href":"https:\/\/www.internetsociety.org\/es\/wp-json\/wp\/v2\/tags?post=207550"},{"taxonomy":"region_news_regions","embeddable":true,"href":"https:\/\/www.internetsociety.org\/es\/wp-json\/wp\/v2\/region_news_regions?post=207550"},{"taxonomy":"content_category","embeddable":true,"href":"https:\/\/www.internetsociety.org\/es\/wp-json\/wp\/v2\/content_category?post=207550"},{"taxonomy":"author","embeddable":true,"href":"https:\/\/www.internetsociety.org\/es\/wp-json\/wp\/v2\/ppma_author?post=207550"}],"curies":[{"name":"wp","href":"https:\/\/api.w.org\/{rel}","templated":true}]}}