{"id":205723,"date":"2023-12-14T13:31:03","date_gmt":"2023-12-14T13:31:03","guid":{"rendered":"https:\/\/www.internetsociety.org\/?page_id=205723"},"modified":"2023-12-14T20:32:23","modified_gmt":"2023-12-14T20:32:23","slug":"asociarse-con-internet-society","status":"publish","type":"page","link":"https:\/\/www.internetsociety.org\/es\/partnerships\/","title":{"rendered":"Asociarse con Internet Society"},"content":{"rendered":"\n<section class=\"wp-block-uagb-columns uagb-columns__wrap uagb-columns__background-image uagb-columns__stack-mobile uagb-columns__valign- uagb-columns__gap-10 align uagb-block-d6a40f3e uagb-columns__columns-1 uagb-columns__max_width-theme background-image-fallback-black\"><div class=\"uagb-columns__overlay\"><\/div><div class=\"uagb-columns__inner-wrap uagb-columns__columns-1\">\n<div class=\"wp-block-uagb-column uagb-column__wrap uagb-column__background-undefined uagb-block-87a6a79b\"><div class=\"uagb-column__overlay\"><\/div>\n<h1 class=\"wp-block-heading has-neutral-white-color has-text-color\">Socios de Internet Society<\/h1>\n<\/div>\n<\/div><\/section>\n\n\n\n<div class=\"wp-block-columns is-layout-flex wp-container-core-columns-is-layout-9d6595d7 wp-block-columns-is-layout-flex\">\n<div class=\"wp-block-column uag-hide-mob is-layout-flow wp-block-column-is-layout-flow\" style=\"flex-basis:10%\"><\/div>\n\n\n\n<div class=\"wp-block-column is-layout-flow wp-block-column-is-layout-flow\" style=\"flex-basis:80%\">\n<div style=\"height:40px\" aria-hidden=\"true\" class=\"wp-block-spacer\"><\/div>\n\n\n\n<h2 class=\"wp-block-heading has-accent-purple-color has-text-color has-link-color has-32-font-size wp-elements-040287950c031c72e68ad8b8835bc6de\">Creemos que Internet es para todas las personas y necesita la participaci\u00f3n de todos nosotros para funcionar de la mejor manera.<\/h2>\n\n\n\n<div style=\"height:20px\" aria-hidden=\"true\" class=\"wp-block-spacer\"><\/div>\n\n\n\n<p class=\"has-18-font-size\">Con socios comprometidos con la misi\u00f3n a nuestro lado, logramos un mayor impacto y podemos llegar m\u00e1s lejos.<\/p>\n\n\n\n<p class=\"has-18-font-size\">Esto es m\u00e1s que una simple forma de trabajar.<\/p>\n\n\n\n<p class=\"has-18-font-size\">La idea de las alianzas es una parte intr\u00ednseca de nuestra cultura. Hacer algo en cooperaci\u00f3n con otras organizaciones es incluso m\u00e1s valioso que hacerlo por nuestra cuenta.<\/p>\n\n\n\n<p class=\"has-18-font-size\">Trabajamos junto con una amplia gama de organizaciones, entre ellas gobiernos, organizaciones internacionales, empresas privadas, organizaciones de la sociedad civil, instituciones acad\u00e9micas y organizaciones de la comunidad t\u00e9cnica.<\/p>\n\n\n\n<h3 class=\"wp-block-heading has-26-font-size\">Para hablar con nosotros sobre estas alianzas, escr\u00edbenos a\u00a0<a href=\"mailto:partnerships@isoc.org\">partnerships@isoc.org<\/a>.<\/h3>\n\n\n\n<div style=\"height:30px\" aria-hidden=\"true\" class=\"wp-block-spacer\"><\/div>\n<\/div>\n\n\n\n<div class=\"wp-block-column uag-hide-mob is-layout-flow wp-block-column-is-layout-flow\" style=\"flex-basis:10%\"><\/div>\n<\/div>\n\n\n\n<div class=\"wp-block-columns margin-bottom-0 has-neutral-white-background-color has-background is-layout-flex wp-container-core-columns-is-layout-9d6595d7 wp-block-columns-is-layout-flex\">\n<div class=\"wp-block-column uag-hide-mob is-layout-flow wp-block-column-is-layout-flow\" style=\"flex-basis:10%\"><\/div>\n\n\n\n<div class=\"wp-block-column is-layout-flow wp-block-column-is-layout-flow\" style=\"flex-basis:80%\">\n<div style=\"height:40px\" aria-hidden=\"true\" class=\"wp-block-spacer\"><\/div>\n\n\n\n<h4 class=\"wp-block-heading has-green-color has-text-color\" id=\"how-the-ndss-symposium-helps-to-strengthen-the-internet\">Noticias<\/h4>\n\n\n\n<div style=\"height:30px\" aria-hidden=\"true\" class=\"wp-block-spacer\"><\/div>\n\n\n\n\t\t\t<div class=\"wp-block-uagb-post-grid uagb-post-grid  uagb-post__image-position-top uagb-post__image-disabled uagb-block-dc931352     uagb-post__items uagb-post__columns-3 is-grid uagb-post__columns-tablet-2 uagb-post__columns-mobile-1 uagb-post__equal-height\" data-total=\"2\" style=\"\">\n\n\t\t\t\t\t\t\t\t\t\t\t\t<article class=\"uagb-post__inner-wrap\">\t\t\t\t\t\t\t\t<h5 class=\"uagb-post__title uagb-post__text\">\n\t\t\t\t<a href=\"https:\/\/www.internetsociety.org\/es\/blog\/2023\/03\/asi-creo-la-comunidad-de-espirito-santinho-la-primera-red-comunitaria-de-fibra-de-brasil\/\" target=\"_self\" rel=\"bookmark noopener noreferrer\">As\u00ed cre\u00f3 la comunidad de Esp\u00edrito Santinho la primera red comunitaria de fibra de Brasil<\/a>\n\t\t\t<\/h5>\n\t\t\t\t\t\t<div class='uagb-post__text uagb-post-grid-byline'>\n\t\t\t\t\t\t\t\t<time datetime=\"2023-03-14T18:23:07+00:00\" class=\"uagb-post__date\">\n\t\t\t\t<span class=\"dashicons-calendar dashicons\"><\/span>\t\t\t\t\t14 de marzo de 2023\t\t\t\t<\/time>\n\t\t\t\t\t\t<\/div>\n\t\t\t\n\t\t\t\t\t\t\t\t\t<\/article>\n\t\t\t\t\t\t\t\t\t\t\t\t\t\t\t\t<article class=\"uagb-post__inner-wrap\">\t\t\t\t\t\t\t\t<h5 class=\"uagb-post__title uagb-post__text\">\n\t\t\t\t<a href=\"https:\/\/www.internetsociety.org\/es\/blog\/2021\/08\/una-alianza-para-promover-los-derechos-digitales-y-el-desarrollo-de-internet-en-africa\/\" target=\"_self\" rel=\"bookmark noopener noreferrer\">Una alianza para promover los derechos digitales y el desarrollo de Internet en \u00c1frica<\/a>\n\t\t\t<\/h5>\n\t\t\t\t\t\t<div class='uagb-post__text uagb-post-grid-byline'>\n\t\t\t\t\t\t\t\t<time datetime=\"2021-08-19T14:28:52+00:00\" class=\"uagb-post__date\">\n\t\t\t\t<span class=\"dashicons-calendar dashicons\"><\/span>\t\t\t\t\t19 de agosto de 2021\t\t\t\t<\/time>\n\t\t\t\t\t\t<\/div>\n\t\t\t\n\t\t\t\t\t\t\t\t\t<\/article>\n\t\t\t\t\t\t\t\t\t\t\t\t\t\t\t\t<article class=\"uagb-post__inner-wrap\">\t\t\t\t\t\t\t\t<h5 class=\"uagb-post__title uagb-post__text\">\n\t\t\t\t<a href=\"https:\/\/www.internetsociety.org\/es\/blog\/2021\/06\/apoyo-a-los-ixp-en-asia-pacifico-nueva-asociacion-con-la-asia-pacific-internet-exchange-association\/\" target=\"_self\" rel=\"bookmark noopener noreferrer\">Apoyo a los IXP en Asia-Pac\u00edfico: nueva asociaci\u00f3n con la Asia Pacific Internet Exchange Association<\/a>\n\t\t\t<\/h5>\n\t\t\t\t\t\t<div class='uagb-post__text uagb-post-grid-byline'>\n\t\t\t\t\t\t\t\t<time datetime=\"2021-06-10T15:22:51+00:00\" class=\"uagb-post__date\">\n\t\t\t\t<span class=\"dashicons-calendar dashicons\"><\/span>\t\t\t\t\t10 de junio de 2021\t\t\t\t<\/time>\n\t\t\t\t\t\t<\/div>\n\t\t\t\n\t\t\t\t\t\t\t\t\t<\/article>\n\t\t\t\t\t\t\t\t\t\t\t\t\t\t\t\t<article class=\"uagb-post__inner-wrap\">\t\t\t\t\t\t\t\t<h5 class=\"uagb-post__title uagb-post__text\">\n\t\t\t\t<a href=\"https:\/\/www.internetsociety.org\/es\/blog\/2021\/05\/las-mujeres-africanas-impulsaran-la-digitalizacion-y-la-transformacion-afchix-e-internet-society-renuevan-su-colaboracion\/\" target=\"_self\" rel=\"bookmark noopener noreferrer\">Las mujeres africanas impulsar\u00e1n la digitalizaci\u00f3n y la transformaci\u00f3n: AfChix e Internet Society renuevan su colaboraci\u00f3n<\/a>\n\t\t\t<\/h5>\n\t\t\t\t\t\t<div class='uagb-post__text uagb-post-grid-byline'>\n\t\t\t\t\t\t\t\t<time datetime=\"2021-05-27T11:00:00+00:00\" class=\"uagb-post__date\">\n\t\t\t\t<span class=\"dashicons-calendar dashicons\"><\/span>\t\t\t\t\t27 de mayo de 2021\t\t\t\t<\/time>\n\t\t\t\t\t\t<\/div>\n\t\t\t\n\t\t\t\t\t\t\t\t\t<\/article>\n\t\t\t\t\t\t\t\t\t\t\t\t\t\t\t\t<article class=\"uagb-post__inner-wrap\">\t\t\t\t\t\t\t\t<h5 class=\"uagb-post__title uagb-post__text\">\n\t\t\t\t<a href=\"https:\/\/www.internetsociety.org\/es\/blog\/2021\/01\/acabar-en-igualdad-la-subvencion-epic-de-truist-persigue-el-objetivo-de-ampliar-el-potencial-de-las-comunidades-mediante-el-acceso-de-banda-ancha\/\" target=\"_self\" rel=\"bookmark noopener noreferrer\">Acabar en igualdad: la subvenci\u00f3n EPIC de Truist persigue el objetivo de ampliar el potencial de las comunidades mediante el acceso de banda ancha<\/a>\n\t\t\t<\/h5>\n\t\t\t\t\t\t<div class='uagb-post__text uagb-post-grid-byline'>\n\t\t\t\t\t\t\t\t<time datetime=\"2021-01-25T13:00:00+00:00\" class=\"uagb-post__date\">\n\t\t\t\t<span class=\"dashicons-calendar dashicons\"><\/span>\t\t\t\t\t25 de enero de 2021\t\t\t\t<\/time>\n\t\t\t\t\t\t<\/div>\n\t\t\t\n\t\t\t\t\t\t\t\t\t<\/article>\n\t\t\t\t\t\t\t\t\t\t\t\t\t\t\t\t<article class=\"uagb-post__inner-wrap\">\t\t\t\t\t\t\t\t<h5 class=\"uagb-post__title uagb-post__text\">\n\t\t\t\t<a href=\"https:\/\/www.internetsociety.org\/es\/blog\/2020\/08\/internet-society-y-la-asociacion-para-el-progreso-de-las-comunicaciones-formalizan-un-memorando-de-entendimiento\/\" target=\"_self\" rel=\"bookmark noopener noreferrer\">Internet Society y la Asociaci\u00f3n para el Progreso de las Comunicaciones formalizan un Memorando de Entendimiento<\/a>\n\t\t\t<\/h5>\n\t\t\t\t\t\t<div class='uagb-post__text uagb-post-grid-byline'>\n\t\t\t\t\t\t\t\t<time datetime=\"2020-08-20T13:01:50+00:00\" class=\"uagb-post__date\">\n\t\t\t\t<span class=\"dashicons-calendar dashicons\"><\/span>\t\t\t\t\t20 de agosto de 2020\t\t\t\t<\/time>\n\t\t\t\t\t\t<\/div>\n\t\t\t\n\t\t\t\t\t\t\t\t\t<\/article>\n\t\t\t\t\t\t\t\t\t\t\t\t\t<div class=\"uagb-post-pagination-wrap\">\n\t\t\t\t\t\t<span aria-current=\"page\" class=\"page-numbers current\">1<\/span>\n<a class=\"page-numbers\" href=\"https:\/\/www.internetsociety.org\/es\/wp-json\/wp\/v2\/pages\/205723\/page\/2\/\">2<\/a>\n<a class=\"next page-numbers\" href=\"https:\/\/www.internetsociety.org\/es\/wp-json\/wp\/v2\/pages\/205723\/page\/2\/\">\u00bb<\/a>\t\t\t\t\t<\/div>\n\t\t\t\t\t\t\t\t<\/div>\n\t\t\t\n\n\n<div style=\"height:40px\" aria-hidden=\"true\" class=\"wp-block-spacer\"><\/div>\n<\/div>\n\n\n\n<div class=\"wp-block-column uag-hide-mob is-layout-flow wp-block-column-is-layout-flow\" style=\"flex-basis:10%\"><\/div>\n<\/div>\n\n\n\n<p class=\"has-text-align-center has-neutral-white-color has-ground-navy-background-color has-text-color has-background has-12-font-size\">Derechos de autor:<br>\u00a9 Internet Society \/ Nyani Quarmyne \/ Panos Pictures<\/p>\n","protected":false},"excerpt":{"rendered":"<p>Socios de Internet Society Creemos que Internet es para todas las personas y necesita la participaci\u00f3n de todos nosotros para funcionar de la mejor manera. Con socios comprometidos con la misi\u00f3n a nuestro lado, logramos un mayor impacto y podemos llegar m\u00e1s lejos. Esto es m\u00e1s que una simple forma de trabajar. La idea de [&hellip;]<\/p>\n","protected":false},"author":46,"featured_media":124207,"parent":0,"menu_order":0,"comment_status":"closed","ping_status":"closed","template":"page-wide.php","meta":{"_acf_changed":false,"_uag_custom_page_level_css":"","footnotes":""},"categories":[119],"tags":[],"region_news_regions":[],"content_category":[],"ppma_author":[4057],"class_list":["post-205723","page","type-page","status-publish","has-post-thumbnail","hentry","category-quienes-somos"],"acf":[],"uagb_featured_image_src":{"full":["https:\/\/www.internetsociety.org\/wp-content\/uploads\/2017\/08\/AfPIF-2016-1-1-e1601056788194.jpg",1400,594,false],"thumbnail":["https:\/\/www.internetsociety.org\/wp-content\/uploads\/2017\/08\/AfPIF-2016-1-1-150x150.jpg",150,150,true],"medium":["https:\/\/www.internetsociety.org\/wp-content\/uploads\/2017\/08\/AfPIF-2016-1-1-300x127.jpg",300,127,true],"medium_large":["https:\/\/www.internetsociety.org\/wp-content\/uploads\/2017\/08\/AfPIF-2016-1-1-768x326.jpg",768,326,true],"large":["https:\/\/www.internetsociety.org\/wp-content\/uploads\/2017\/08\/AfPIF-2016-1-1-1024x434.jpg",1024,434,true],"1536x1536":["https:\/\/www.internetsociety.org\/wp-content\/uploads\/2017\/08\/AfPIF-2016-1-1-e1601056788194.jpg",1400,594,false],"2048x2048":["https:\/\/www.internetsociety.org\/wp-content\/uploads\/2017\/08\/AfPIF-2016-1-1-e1601056788194.jpg",1400,594,false],"post-thumbnail":["https:\/\/www.internetsociety.org\/wp-content\/uploads\/2017\/08\/AfPIF-2016-1-1-250x106.jpg",250,106,true],"square":["https:\/\/www.internetsociety.org\/wp-content\/uploads\/2017\/08\/AfPIF-2016-1-1-600x600.jpg",600,600,true],"gform-image-choice-sm":["https:\/\/www.internetsociety.org\/wp-content\/uploads\/2017\/08\/AfPIF-2016-1-1-e1601056788194.jpg",300,127,false],"gform-image-choice-md":["https:\/\/www.internetsociety.org\/wp-content\/uploads\/2017\/08\/AfPIF-2016-1-1-e1601056788194.jpg",400,170,false],"gform-image-choice-lg":["https:\/\/www.internetsociety.org\/wp-content\/uploads\/2017\/08\/AfPIF-2016-1-1-e1601056788194.jpg",600,255,false]},"uagb_author_info":{"display_name":"Ivana Trbovic","author_link":"https:\/\/www.internetsociety.org\/es\/author\/trbovic\/"},"uagb_comment_info":0,"uagb_excerpt":"Socios de Internet Society Creemos que Internet es para todas las personas y necesita la participaci\u00f3n de todos nosotros para funcionar de la mejor manera. Con socios comprometidos con la misi\u00f3n a nuestro lado, logramos un mayor impacto y podemos llegar m\u00e1s lejos. Esto es m\u00e1s que una simple forma de trabajar. La idea de&hellip;","_links":{"self":[{"href":"https:\/\/www.internetsociety.org\/es\/wp-json\/wp\/v2\/pages\/205723","targetHints":{"allow":["GET"]}}],"collection":[{"href":"https:\/\/www.internetsociety.org\/es\/wp-json\/wp\/v2\/pages"}],"about":[{"href":"https:\/\/www.internetsociety.org\/es\/wp-json\/wp\/v2\/types\/page"}],"author":[{"embeddable":true,"href":"https:\/\/www.internetsociety.org\/es\/wp-json\/wp\/v2\/users\/46"}],"replies":[{"embeddable":true,"href":"https:\/\/www.internetsociety.org\/es\/wp-json\/wp\/v2\/comments?post=205723"}],"version-history":[{"count":0,"href":"https:\/\/www.internetsociety.org\/es\/wp-json\/wp\/v2\/pages\/205723\/revisions"}],"wp:featuredmedia":[{"embeddable":true,"href":"https:\/\/www.internetsociety.org\/es\/wp-json\/wp\/v2\/media\/124207"}],"wp:attachment":[{"href":"https:\/\/www.internetsociety.org\/es\/wp-json\/wp\/v2\/media?parent=205723"}],"wp:term":[{"taxonomy":"category","embeddable":true,"href":"https:\/\/www.internetsociety.org\/es\/wp-json\/wp\/v2\/categories?post=205723"},{"taxonomy":"post_tag","embeddable":true,"href":"https:\/\/www.internetsociety.org\/es\/wp-json\/wp\/v2\/tags?post=205723"},{"taxonomy":"region_news_regions","embeddable":true,"href":"https:\/\/www.internetsociety.org\/es\/wp-json\/wp\/v2\/region_news_regions?post=205723"},{"taxonomy":"content_category","embeddable":true,"href":"https:\/\/www.internetsociety.org\/es\/wp-json\/wp\/v2\/content_category?post=205723"},{"taxonomy":"author","embeddable":true,"href":"https:\/\/www.internetsociety.org\/es\/wp-json\/wp\/v2\/ppma_author?post=205723"}],"curies":[{"name":"wp","href":"https:\/\/api.w.org\/{rel}","templated":true}]}}