{"id":203160,"date":"2022-04-06T17:23:08","date_gmt":"2022-04-06T17:23:08","guid":{"rendered":"https:\/\/www.internetsociety.org\/?page_id=203160"},"modified":"2026-03-05T12:26:47","modified_gmt":"2026-03-05T12:26:47","slug":"newsletter","status":"publish","type":"page","link":"https:\/\/www.internetsociety.org\/es\/newsletter\/","title":{"rendered":"Noticias y actualizaciones"},"content":{"rendered":"\n<section class=\"wp-block-uagb-columns uagb-columns__wrap uagb-columns__background-image uagb-columns__stack-mobile uagb-columns__valign- uagb-columns__gap-10 align uagb-block-56010335 uagb-columns__columns-1 uagb-columns__max_width-custom background-image-fallback-black\"><div class=\"uagb-columns__overlay\"><\/div><div class=\"uagb-columns__inner-wrap uagb-columns__columns-1\">\n<div class=\"wp-block-uagb-column uagb-column__wrap uagb-column__background-undefined uagb-block-4d291563\"><div class=\"uagb-column__overlay\"><\/div>\n<h1 class=\"wp-block-heading has-neutral-white-color has-text-color\">Internet Society<br>Noticias y Actualizaciones<\/h1>\n<\/div>\n<\/div><\/section>\n\n\n\n<section class=\"wp-block-uagb-columns uagb-columns__wrap uagb-columns__background-color uagb-columns__stack-tablet uagb-columns__valign- uagb-columns__gap-10 align uagb-block-774cf726 uagb-columns__columns-2 uagb-columns__max_width-custom\"><div class=\"uagb-columns__overlay\"><\/div><div class=\"uagb-columns__inner-wrap uagb-columns__columns-2\">\n<div class=\"wp-block-uagb-column uagb-column__wrap uagb-column__background-undefined uagb-block-e1fd0b78\"><div class=\"uagb-column__overlay\"><\/div>\n<h2 class=\"wp-block-heading has-accent-purple-color has-text-color has-32-font-size uag-hide-tab uag-hide-mob\" id=\"go-beyond-the-internet-headlines\"><strong>Recibe Internet en tu bandeja de entrada<\/strong><\/h2>\n\n\n\n<h2 class=\"wp-block-heading has-accent-purple-color has-text-color has-48-font-size uag-hide-desktop\" id=\"go-beyond-the-internet-headlines\"><strong>Recibe Internet en tu bandeja de entrada<\/strong><\/h2>\n\n\n\n<div style=\"height:20px\" aria-hidden=\"true\" class=\"wp-block-spacer\"><\/div>\n\n\n\n<p class=\"has-18-font-size\">Convocamos a todos a sumarse a nosotros en nuestra misi\u00f3n de proteger Internet. Suscr\u00edbete a nuestro bolet\u00edn y compartiremos contigo art\u00edculos sobre nuestro impacto global, te mantendremos actualizado sobre los temas urgentes que afectan a Internet y te mostraremos c\u00f3mo participar (y marcar la diferencia).<\/p>\n\n\n\n<div style=\"height:20px\" aria-hidden=\"true\" class=\"wp-block-spacer\"><\/div>\n\n\n\n<h3 class=\"wp-block-heading has-32-font-size uag-hide-tab uag-hide-mob\">\u00bfPor qu\u00e9 nosotros?<\/h3>\n\n\n\n<h3 class=\"wp-block-heading uag-hide-desktop\">\u00bfPor qu\u00e9 nosotros?<\/h3>\n\n\n\n<div style=\"height:20px\" aria-hidden=\"true\" class=\"wp-block-spacer\"><\/div>\n\n\n\n<p class=\"has-18-font-size\">Hace treinta a\u00f1os que abogamos por soluciones para hacer crecer y fortalecer Internet, de modo que cualquier persona, en cualquier lugar, pueda disfrutar de las oportunidades que ofrece.<\/p>\n<\/div>\n\n\n\n<div class=\"wp-block-uagb-column uagb-column__wrap uagb-column__background-undefined uagb-block-9ec2654d\"><div class=\"uagb-column__overlay\"><\/div>\n<style>\n.gform_wrapper .ginput_complex span {\n    margin-bottom: unset;\n}\n\n.body-text div {\nmargin-bottom:0px\n}\n.gform_wrapper .gform_heading {\nmargin-bottom:30px\n}\n\n.gform_wrapper .gfield {\n    padding-right: 0px\n}\n\n.gform_confirmation_message {\n        font-size: 18px; margin-bottom: 0px;\n    }\n<\/style>\n\n\n\n<section class=\"wp-block-uagb-columns uagb-columns__wrap uagb-columns__background-color uagb-columns__stack-mobile uagb-columns__valign- uagb-columns__gap-10 align uagb-block-fdcdc742 uagb-columns__columns-1 uagb-columns__max_width-theme\"><div class=\"uagb-columns__overlay\"><\/div><div class=\"uagb-columns__inner-wrap uagb-columns__columns-1\">\n<div class=\"wp-block-uagb-column uagb-column__wrap uagb-column__background-undefined uagb-block-456bd484\"><div class=\"uagb-column__overlay\"><\/div><script>\nvar gform;gform||(document.addEventListener(\"gform_main_scripts_loaded\",function(){gform.scriptsLoaded=!0}),document.addEventListener(\"gform\/theme\/scripts_loaded\",function(){gform.themeScriptsLoaded=!0}),window.addEventListener(\"DOMContentLoaded\",function(){gform.domLoaded=!0}),gform={domLoaded:!1,scriptsLoaded:!1,themeScriptsLoaded:!1,isFormEditor:()=>\"function\"==typeof InitializeEditor,callIfLoaded:function(o){return!(!gform.domLoaded||!gform.scriptsLoaded||!gform.themeScriptsLoaded&&!gform.isFormEditor()||(gform.isFormEditor()&&console.warn(\"The use of gform.initializeOnLoaded() is deprecated in the form editor context and will be removed in Gravity Forms 3.1.\"),o(),0))},initializeOnLoaded:function(o){gform.callIfLoaded(o)||(document.addEventListener(\"gform_main_scripts_loaded\",()=>{gform.scriptsLoaded=!0,gform.callIfLoaded(o)}),document.addEventListener(\"gform\/theme\/scripts_loaded\",()=>{gform.themeScriptsLoaded=!0,gform.callIfLoaded(o)}),window.addEventListener(\"DOMContentLoaded\",()=>{gform.domLoaded=!0,gform.callIfLoaded(o)}))},hooks:{action:{},filter:{}},addAction:function(o,r,e,t){gform.addHook(\"action\",o,r,e,t)},addFilter:function(o,r,e,t){gform.addHook(\"filter\",o,r,e,t)},doAction:function(o){gform.doHook(\"action\",o,arguments)},applyFilters:function(o){return gform.doHook(\"filter\",o,arguments)},removeAction:function(o,r){gform.removeHook(\"action\",o,r)},removeFilter:function(o,r,e){gform.removeHook(\"filter\",o,r,e)},addHook:function(o,r,e,t,n){null==gform.hooks[o][r]&&(gform.hooks[o][r]=[]);var d=gform.hooks[o][r];null==n&&(n=r+\"_\"+d.length),gform.hooks[o][r].push({tag:n,callable:e,priority:t=null==t?10:t})},doHook:function(r,o,e){var t;if(e=Array.prototype.slice.call(e,1),null!=gform.hooks[r][o]&&((o=gform.hooks[r][o]).sort(function(o,r){return o.priority-r.priority}),o.forEach(function(o){\"function\"!=typeof(t=o.callable)&&(t=window[t]),\"action\"==r?t.apply(null,e):e[0]=t.apply(null,e)})),\"filter\"==r)return e[0]},removeHook:function(o,r,t,n){var e;null!=gform.hooks[o][r]&&(e=(e=gform.hooks[o][r]).filter(function(o,r,e){return!!(null!=n&&n!=o.tag||null!=t&&t!=o.priority)}),gform.hooks[o][r]=e)}});\n<\/script>\n\n                <div class='gf_browser_gecko gform_wrapper gravity-theme gform-theme--no-framework' data-form-theme='gravity-theme' data-form-index='0' id='gform_wrapper_126' >\n                        <div class='gform_heading'>\n                            <p class='gform_description'><\/p>\n                        <\/div><form method='post' enctype='multipart\/form-data'  id='gform_126'  action='\/es\/wp-json\/wp\/v2\/pages\/203160' data-formid='126' novalidate>\n                        <div class='gform-body gform_body'><div id='gform_fields_126' class='gform_fields top_label form_sublabel_below description_below validation_below'><div id=\"field_126_3\" class=\"gfield gfield--type-honeypot gform_validation_container field_sublabel_below gfield--has-description field_description_below field_validation_below gfield_visibility_visible\"  ><label class='gfield_label gform-field-label' for='input_126_3'>Phone<\/label><div class='ginput_container'><input name='input_3' id='input_126_3' type='text' value='' autocomplete='new-password'\/><\/div><div class='gfield_description' id='gfield_description_126_3'>Este campo es un campo de validaci\u00f3n y debe quedar sin cambios.<\/div><\/div><fieldset id=\"field_126_2\" class=\"gfield gfield--type-name gfield--input-type-name gfield--width-full field_sublabel_above gfield--no-description field_description_above field_validation_below gfield_visibility_visible\"  ><legend class='gfield_label gform-field-label gfield_label_before_complex' >Nombre<\/legend><div class='ginput_complex ginput_container ginput_container--name no_prefix has_first_name no_middle_name has_last_name no_suffix gf_name_has_2 ginput_container_name gform-grid-row' id='input_126_2'>\n                            \n                            <span id='input_126_2_3_container' class='name_first gform-grid-col gform-grid-col--size-auto' >\n                                                    <label for='input_126_2_3' class='gform-field-label gform-field-label--type-sub '>Nombre<\/label>\n                                                    <input type='text' name='input_2.3' id='input_126_2_3' value=''   aria-required='false'     \/>\n                                                <\/span>\n                            \n                            <span id='input_126_2_6_container' class='name_last gform-grid-col gform-grid-col--size-auto' >\n                                                            <label for='input_126_2_6' class='gform-field-label gform-field-label--type-sub '>Apellidos<\/label>\n                                                            <input type='text' name='input_2.6' id='input_126_2_6' value=''   aria-required='false'     \/>\n                                                        <\/span>\n                            \n                        <\/div><\/fieldset><div id=\"field_126_1\" class=\"gfield gfield--type-email gfield--input-type-email gfield--width-full gfield_contains_required field_sublabel_below gfield--has-description field_description_below field_validation_below gfield_visibility_visible\"  ><label class='gfield_label gform-field-label' for='input_126_1'>Correo<span class=\"gfield_required\"><span class=\"gfield_required gfield_required_text\">(Obligatorio)<\/span><\/span><\/label><div class='ginput_container ginput_container_email'>\n                            <input name='input_1' id='input_126_1' type='email' value='' class='large'    aria-required=\"true\" aria-invalid=\"false\" aria-describedby=\"gfield_description_126_1\" \/>\n                        <\/div><div class='gfield_description' id='gfield_description_126_1'><p><span style=\" font-size: 16px;\">Puede darse de baja en cualquier momento. <a href=\"https:\/\/www.internetsociety.org\/terms-of-use\/\" target=\"_blank\" rel=\"noopener\">T\u00e9rminos y condiciones<\/a> y <a href=\"https:\/\/www.internetsociety.org\/es\/privacy-policy\/\" target=\"_blank\" rel=\"noopener\">pol\u00edtica de privacidad<\/a>. <\/span><\/p><\/div><\/div><\/div><\/div>\n        <div class='gform-footer gform_footer top_label'> <input type='submit' id='gform_submit_button_126' class='gform_button button' onclick='gform.submission.handleButtonClick(this);' data-submission-type='submit' value='Seguir'  \/> <input type='hidden' class='gform_hidden' name='gform_submission_speeds' value='{&quot;pages&quot;:[]}' \/>\n            <input type='hidden' class='gform_hidden' name='gform_submission_method' data-js='gform_submission_method_126' value='postback' \/>\n            <input type='hidden' class='gform_hidden' name='gform_theme' data-js='gform_theme_126' id='gform_theme_126' value='gravity-theme' \/>\n            <input type='hidden' class='gform_hidden' name='gform_style_settings' data-js='gform_style_settings_126' id='gform_style_settings_126' value='{&quot;inputPrimaryColor&quot;:&quot;#204ce5&quot;}' \/>\n            <input type='hidden' class='gform_hidden' name='is_submit_126' value='1' \/>\n            <input type='hidden' class='gform_hidden' name='gform_submit' value='126' \/>\n            \n            <input type='hidden' class='gform_hidden' name='gform_currency' data-currency='USD' value='iiUUgurv2GMxY8dbQinIJOjnfrLGdVBNhU86p\/IlSN\/JFxeHYr2bGjWo4Z3jMdr8Kt32uf84XjFHE0IAEZlhAeWHHK5FlLp8S\/UxQKKr1LezDnI=' \/>\n            <input type='hidden' class='gform_hidden' name='gform_unique_id' value='' \/>\n            <input type='hidden' class='gform_hidden' name='state_126' value='WyJbXSIsIjU0ZDliYjY0ZWJiMDFkYjEyNmRkMzliYmNiNThlODZlIl0=' \/>\n            <input type='hidden' autocomplete='off' class='gform_hidden' name='gform_target_page_number_126' id='gform_target_page_number_126' value='0' \/>\n            <input type='hidden' autocomplete='off' class='gform_hidden' name='gform_source_page_number_126' id='gform_source_page_number_126' value='1' \/>\n            <input type='hidden' name='gform_field_values' value='' \/>\n            \n        <\/div>\n                        <\/form>\n                        <\/div><script>\ngform.initializeOnLoaded( function() {gformInitSpinner( 126, 'https:\/\/www.internetsociety.org\/wp-content\/plugins\/gravityforms\/images\/spinner.svg', true );jQuery('#gform_ajax_frame_126').on('load',function(){var contents = jQuery(this).contents().find('*').html();var is_postback = contents.indexOf('GF_AJAX_POSTBACK') >= 0;if(!is_postback){return;}var form_content = jQuery(this).contents().find('#gform_wrapper_126');var is_confirmation = jQuery(this).contents().find('#gform_confirmation_wrapper_126').length > 0;var is_redirect = contents.indexOf('gformRedirect(){') >= 0;var is_form = form_content.length > 0 && ! is_redirect && ! is_confirmation;var mt = parseInt(jQuery('html').css('margin-top'), 10) + parseInt(jQuery('body').css('margin-top'), 10) + 100;if(is_form){jQuery('#gform_wrapper_126').html(form_content.html());if(form_content.hasClass('gform_validation_error')){jQuery('#gform_wrapper_126').addClass('gform_validation_error');} else {jQuery('#gform_wrapper_126').removeClass('gform_validation_error');}setTimeout( function() { \/* delay the scroll by 50 milliseconds to fix a bug in chrome *\/  }, 50 );if(window['gformInitDatepicker']) {gformInitDatepicker();}if(window['gformInitPriceFields']) {gformInitPriceFields();}var current_page = jQuery('#gform_source_page_number_126').val();gformInitSpinner( 126, 'https:\/\/www.internetsociety.org\/wp-content\/plugins\/gravityforms\/images\/spinner.svg', true );jQuery(document).trigger('gform_page_loaded', [126, current_page]);window['gf_submitting_126'] = false;}else if(!is_redirect){var confirmation_content = jQuery(this).contents().find('.GF_AJAX_POSTBACK').html();if(!confirmation_content){confirmation_content = contents;}jQuery('#gform_wrapper_126').replaceWith(confirmation_content);jQuery(document).trigger('gform_confirmation_loaded', [126]);window['gf_submitting_126'] = false;wp.a11y.speak(jQuery('#gform_confirmation_message_126').text());}else{jQuery('#gform_126').append(contents);if(window['gformRedirect']) {gformRedirect();}}jQuery(document).trigger(\"gform_pre_post_render\", [{ formId: \"126\", currentPage: \"current_page\", abort: function() { this.preventDefault(); } }]);        if (event && event.defaultPrevented) {                return;        }        const gformWrapperDiv = document.getElementById( \"gform_wrapper_126\" );        if ( gformWrapperDiv ) {            const visibilitySpan = document.createElement( \"span\" );            visibilitySpan.id = \"gform_visibility_test_126\";            gformWrapperDiv.insertAdjacentElement( \"afterend\", visibilitySpan );        }        const visibilityTestDiv = document.getElementById( \"gform_visibility_test_126\" );        let postRenderFired = false;        function triggerPostRender() {            if ( postRenderFired ) {                return;            }            postRenderFired = true;            gform.core.triggerPostRenderEvents( 126, current_page );            if ( visibilityTestDiv ) {                visibilityTestDiv.parentNode.removeChild( visibilityTestDiv );            }        }        function debounce( func, wait, immediate ) {            var timeout;            return function() {                var context = this, args = arguments;                var later = function() {                    timeout = null;                    if ( !immediate ) func.apply( context, args );                };                var callNow = immediate && !timeout;                clearTimeout( timeout );                timeout = setTimeout( later, wait );                if ( callNow ) func.apply( context, args );            };        }        const debouncedTriggerPostRender = debounce( function() {            triggerPostRender();        }, 200 );        if ( visibilityTestDiv && visibilityTestDiv.offsetParent === null ) {            const observer = new MutationObserver( ( mutations ) => {                mutations.forEach( ( mutation ) => {                    if ( mutation.type === 'attributes' && visibilityTestDiv.offsetParent !== null ) {                        debouncedTriggerPostRender();                        observer.disconnect();                    }                });            });            observer.observe( document.body, {                attributes: true,                childList: false,                subtree: true,                attributeFilter: [ 'style', 'class' ],            });        } else {            triggerPostRender();        }    } );} );\n<\/script>\n<\/div>\n<\/div><\/section>\n<\/div>\n<\/div><\/section>\n\n\n\n<p class=\"has-text-align-center has-neutral-white-color has-ground-navy-background-color has-text-color has-background has-12-font-size\">Derechos de autor: \u00a9 Ian Willms \/ Boreal \/ Panos<\/p>\n","protected":false},"excerpt":{"rendered":"<p>El bolet\u00edn que va m\u00e1s all\u00e1 de los titulares de Internet<\/p>\n","protected":false},"author":46,"featured_media":197987,"parent":0,"menu_order":0,"comment_status":"closed","ping_status":"closed","template":"page-wide.php","meta":{"_acf_changed":false,"_uag_custom_page_level_css":"","footnotes":""},"categories":[119],"tags":[],"region_news_regions":[],"content_category":[],"ppma_author":[4057],"class_list":["post-203160","page","type-page","status-publish","has-post-thumbnail","hentry","category-quienes-somos"],"acf":[],"uagb_featured_image_src":{"full":["https:\/\/www.internetsociety.org\/wp-content\/uploads\/2023\/08\/woman-canada.jpg",1440,701,false],"thumbnail":["https:\/\/www.internetsociety.org\/wp-content\/uploads\/2023\/08\/woman-canada-150x150.jpg",150,150,true],"medium":["https:\/\/www.internetsociety.org\/wp-content\/uploads\/2023\/08\/woman-canada-450x219.jpg",450,219,true],"medium_large":["https:\/\/www.internetsociety.org\/wp-content\/uploads\/2023\/08\/woman-canada-768x374.jpg",768,374,true],"large":["https:\/\/www.internetsociety.org\/wp-content\/uploads\/2023\/08\/woman-canada-1024x498.jpg",1024,498,true],"1536x1536":["https:\/\/www.internetsociety.org\/wp-content\/uploads\/2023\/08\/woman-canada.jpg",1440,701,false],"2048x2048":["https:\/\/www.internetsociety.org\/wp-content\/uploads\/2023\/08\/woman-canada.jpg",1440,701,false],"post-thumbnail":["https:\/\/www.internetsociety.org\/wp-content\/uploads\/2023\/08\/woman-canada-250x122.jpg",250,122,true],"square":["https:\/\/www.internetsociety.org\/wp-content\/uploads\/2023\/08\/woman-canada-600x600.jpg",600,600,true],"gform-image-choice-sm":["https:\/\/www.internetsociety.org\/wp-content\/uploads\/2023\/08\/woman-canada.jpg",300,146,false],"gform-image-choice-md":["https:\/\/www.internetsociety.org\/wp-content\/uploads\/2023\/08\/woman-canada.jpg",400,195,false],"gform-image-choice-lg":["https:\/\/www.internetsociety.org\/wp-content\/uploads\/2023\/08\/woman-canada.jpg",600,292,false]},"uagb_author_info":{"display_name":"Ivana Trbovic","author_link":"https:\/\/www.internetsociety.org\/es\/author\/trbovic\/"},"uagb_comment_info":0,"uagb_excerpt":"El bolet\u00edn que va m\u00e1s all\u00e1 de los titulares de Internet","_links":{"self":[{"href":"https:\/\/www.internetsociety.org\/es\/wp-json\/wp\/v2\/pages\/203160","targetHints":{"allow":["GET"]}}],"collection":[{"href":"https:\/\/www.internetsociety.org\/es\/wp-json\/wp\/v2\/pages"}],"about":[{"href":"https:\/\/www.internetsociety.org\/es\/wp-json\/wp\/v2\/types\/page"}],"author":[{"embeddable":true,"href":"https:\/\/www.internetsociety.org\/es\/wp-json\/wp\/v2\/users\/46"}],"replies":[{"embeddable":true,"href":"https:\/\/www.internetsociety.org\/es\/wp-json\/wp\/v2\/comments?post=203160"}],"version-history":[{"count":0,"href":"https:\/\/www.internetsociety.org\/es\/wp-json\/wp\/v2\/pages\/203160\/revisions"}],"wp:featuredmedia":[{"embeddable":true,"href":"https:\/\/www.internetsociety.org\/es\/wp-json\/wp\/v2\/media\/197987"}],"wp:attachment":[{"href":"https:\/\/www.internetsociety.org\/es\/wp-json\/wp\/v2\/media?parent=203160"}],"wp:term":[{"taxonomy":"category","embeddable":true,"href":"https:\/\/www.internetsociety.org\/es\/wp-json\/wp\/v2\/categories?post=203160"},{"taxonomy":"post_tag","embeddable":true,"href":"https:\/\/www.internetsociety.org\/es\/wp-json\/wp\/v2\/tags?post=203160"},{"taxonomy":"region_news_regions","embeddable":true,"href":"https:\/\/www.internetsociety.org\/es\/wp-json\/wp\/v2\/region_news_regions?post=203160"},{"taxonomy":"content_category","embeddable":true,"href":"https:\/\/www.internetsociety.org\/es\/wp-json\/wp\/v2\/content_category?post=203160"},{"taxonomy":"author","embeddable":true,"href":"https:\/\/www.internetsociety.org\/es\/wp-json\/wp\/v2\/ppma_author?post=203160"}],"curies":[{"name":"wp","href":"https:\/\/api.w.org\/{rel}","templated":true}]}}