{"id":198788,"date":"2023-09-05T17:07:31","date_gmt":"2023-09-05T17:07:31","guid":{"rendered":"https:\/\/www.internetsociety.org\/por-que-internet\/"},"modified":"2025-02-18T11:05:26","modified_gmt":"2025-02-18T11:05:26","slug":"por-que-internet","status":"publish","type":"page","link":"https:\/\/www.internetsociety.org\/es\/why-the-internet\/","title":{"rendered":"\u00bfPor qu\u00e9 Internet?"},"content":{"rendered":"\n<section class=\"wp-block-uagb-columns uagb-columns__wrap uagb-columns__background-image uagb-columns__stack-mobile uagb-columns__valign- uagb-columns__gap-10 align uagb-block-72793661 uagb-columns__columns-1 uagb-columns__max_width-theme background-image-fallback-black\"><div class=\"uagb-columns__overlay\"><\/div><div class=\"uagb-columns__inner-wrap uagb-columns__columns-1\">\n<div class=\"wp-block-uagb-column uagb-column__wrap uagb-column__background-undefined uagb-block-3d6f7098\"><div class=\"uagb-column__overlay\"><\/div>\n<h1 class=\"wp-block-heading has-neutral-white-color has-text-color\">\u00bfPor qu\u00e9 Internet?<\/h1>\n<\/div>\n<\/div><\/section>\n\n\n\n<div class=\"wp-block-columns is-layout-flex wp-container-core-columns-is-layout-9d6595d7 wp-block-columns-is-layout-flex\">\n<div class=\"wp-block-column is-layout-flow wp-block-column-is-layout-flow\" style=\"flex-basis:10%\"><\/div>\n\n\n\n<div class=\"wp-block-column is-layout-flow wp-block-column-is-layout-flow\" style=\"flex-basis:80%\">\n<div style=\"height:50px\" aria-hidden=\"true\" class=\"wp-block-spacer uag-hide-tab uag-hide-mob\"><\/div>\n\n\n\n<h2 class=\"wp-block-heading has-accent-purple-color has-text-color has-26-font-size\"><strong>Cuando nos conectamos a Internet, todo es posible.<\/strong><\/h2>\n\n\n\n<div style=\"height:20px\" aria-hidden=\"true\" class=\"wp-block-spacer\"><\/div>\n\n\n\n<p class=\"has-18-font-size\">Internet nos acerca a lo que m\u00e1s nos importa.<\/p>\n\n\n\n<p class=\"has-18-font-size\">Como oportunidades para estudiar o emprender un negocio, lo que nos permite mejorar nuestras vidas y enriquecer nuestras comunidades. O la capacidad de comunicarnos, para sonre\u00edrles a nuestros seres queridos lejanos o compartir conocimientos para avanzar en nuestra comprensi\u00f3n del mundo. Incluso nos ayuda a encontrar ese serie perfecta que merece una marat\u00f3n o a pasar horas viendo un v\u00eddeo tras otro sin parar para \u201cmatar\u201d el aburrimiento.<\/p>\n\n\n\n<p class=\"has-18-font-size\">Internet transforma nuestras vidas y nuestra sociedad para mejor. No es de una sola persona, gobierno o empresa: es de todos.<\/p>\n\n\n\n<div style=\"height:20px\" aria-hidden=\"true\" class=\"wp-block-spacer uag-hide-tab uag-hide-mob\"><\/div>\n<\/div>\n\n\n\n<div class=\"wp-block-column uag-hide-tab uag-hide-mob is-layout-flow wp-block-column-is-layout-flow\" style=\"flex-basis:10%\"><\/div>\n<\/div>\n\n\n\n<figure class=\"wp-block-image size-large uag-hide-desktop\"><img loading=\"lazy\" decoding=\"async\" width=\"1024\" height=\"498\" src=\"https:\/\/www.internetsociety.org\/wp-content\/uploads\/2023\/08\/woman-canada-1024x498.jpg\" alt=\"una mujer joven con el pelo negro corto de pie en un balc\u00f3n con vistas a la ciudad\" class=\"wp-image-197985\" srcset=\"https:\/\/www.internetsociety.org\/wp-content\/uploads\/2023\/08\/woman-canada-1024x498.jpg 1024w, https:\/\/www.internetsociety.org\/wp-content\/uploads\/2023\/08\/woman-canada-450x219.jpg 450w, https:\/\/www.internetsociety.org\/wp-content\/uploads\/2023\/08\/woman-canada-768x374.jpg 768w, https:\/\/www.internetsociety.org\/wp-content\/uploads\/2023\/08\/woman-canada-250x122.jpg 250w, https:\/\/www.internetsociety.org\/wp-content\/uploads\/2023\/08\/woman-canada.jpg 1440w\" sizes=\"auto, (max-width: 1024px) 100vw, 1024px\" \/><\/figure>\n\n\n\n<div style=\"height:30px\" aria-hidden=\"true\" class=\"wp-block-spacer uag-hide-desktop\"><\/div>\n\n\n\n<h3 class=\"wp-block-heading has-26-font-size uag-hide-desktop\"><strong>Miles de millones de personas no tienen acceso a las oportunidades que ofrece Internet.<\/strong><\/h3>\n\n\n\n<div style=\"height:30px\" aria-hidden=\"true\" class=\"wp-block-spacer uag-hide-desktop\"><\/div>\n\n\n\n<p class=\"has-32-font-size uag-hide-desktop\"><span style=\" color: #7e245c;\">1<\/span> <span style=\"font-size: 16px;\">de cada<\/span> <span style=\" color: #7e245c;\">3<\/span><br><span style=\"font-size: 16px;\"><span style=\"font-size: 16px;\">personas vive en el lado equivocado de la brecha digital.<\/span><\/span><\/p>\n\n\n\n<p class=\"has-32-font-size uag-hide-desktop\"><mark style=\"background-color:rgba(0, 0, 0, 0)\" class=\"has-inline-color has-accent-purple-color\"><span style=\" color: #7e245c;\">20<\/span><\/mark><br><span style=\"font-size: 16px;\">pa\u00edses bloquearon el acceso a redes sociales o plataformas de comunicaci\u00f3n en 2024.<\/span><\/p>\n\n\n\n<p class=\"has-32-font-size uag-hide-desktop\"><span style=\" color: #7e245c;\">124<\/span><br><span style=\"font-size: 16px;\">Apagones de Internet producidos en 2024.<\/span><\/p>\n\n\n\n<div style=\"height:10px\" aria-hidden=\"true\" class=\"wp-block-spacer\"><\/div>\n\n\n\n<div class=\"wp-block-uagb-counter uagb-block-bc4175e2 wp-block-uagb-counter--number uag-hide-desktop\"><div class=\"wp-block-uagb-counter__number\"><span class=\"uagb-counter-block-number\" data-duration=\"1.5\" data-to-value=\"2360000000\" data-from-value=\"0\" data-delimiter=\",\"><\/span><\/div><div class=\"wp-block-uagb-counter__title\">P\u00e9rdidas econ\u00f3micas mundiales (USD) debidas a cortes e interrupciones de Internet en 2024.<\/div><\/div>\n\n\n\n<p class=\"has-12-font-size uag-hide-desktop\">Fuentes: <br>Facts and Figures 2022 &#8211; Internet use (<a href=\"https:\/\/www.itu.int\/itu-d\/reports\/statistics\/2022\/11\/24\/ff22-internet-use\/\">ITU<\/a>), Acceso bloqueado, Apagones mundiales de Internet y NetLoss Calculator (<a href=\"https:\/\/pulse.internetsociety.org\/es\">Internet Society Pulse<\/a>)<\/p>\n\n\n\n<div style=\"height:10px\" aria-hidden=\"true\" class=\"wp-block-spacer uag-hide-desktop\"><\/div>\n\n\n\n<section class=\"wp-block-uagb-columns uagb-columns__wrap uagb-columns__background-image uagb-columns__stack-none uagb-columns__valign- uagb-columns__gap-10 align uagb-block-9a8ef2fd uagb-columns__columns-1 uagb-columns__max_width-theme background-image-fallback-black uag-hide-tab uag-hide-mob\"><div class=\"uagb-columns__overlay\"><\/div><div class=\"uagb-columns__inner-wrap uagb-columns__columns-1\">\n<div class=\"wp-block-uagb-column uagb-column__wrap uagb-column__background-undefined uagb-block-9d52efac\"><div class=\"uagb-column__overlay\"><\/div>\n<h3 class=\"wp-block-heading has-neutral-white-color has-text-color has-26-font-size\"><strong>Miles de millones de personas no tienen acceso a las oportunidades que ofrece Internet.<\/strong><\/h3>\n\n\n\n<div style=\"height:30px\" aria-hidden=\"true\" class=\"wp-block-spacer\"><\/div>\n\n\n\n<p class=\"has-neutral-white-color has-text-color has-32-font-size\"><span style=\" color: #eeca4a;\">1<\/span> <span style=\"font-size: 18px;\">de cada<\/span> <span style=\" color: #eeca4a;\">3<\/span><br><span style=\"font-size: 18px;\"><span style=\"font-size: 18px;\">personas vive en el lado equivocado de la brecha digital.<\/span><\/span><\/p>\n\n\n\n<p class=\"has-neutral-white-color has-text-color has-32-font-size\"><mark style=\"background-color:rgba(0, 0, 0, 0)\" class=\"has-inline-color has-accent-yellow-color\">20<\/mark><br><span style=\"font-size: 18px;\">pa\u00edses bloquearon el acceso a redes sociales o plataformas de comunicaci\u00f3n en 2024.<\/span><\/p>\n\n\n\n<p class=\"has-neutral-white-color has-text-color has-32-font-size\"><span style=\" color: #eeca4a;\">124<\/span><br><span style=\"font-size: 18px;\">Apagones de Internet producidos en 2024.<\/span><\/p>\n\n\n\n<div style=\"height:10px\" aria-hidden=\"true\" class=\"wp-block-spacer\"><\/div>\n\n\n\n<div class=\"wp-block-uagb-counter uagb-block-8978fe88 wp-block-uagb-counter--number\"><div class=\"wp-block-uagb-counter__number\"><span class=\"uagb-counter-block-number\" data-duration=\"1.5\" data-to-value=\"2360000000\" data-from-value=\"0\" data-delimiter=\",\"><\/span><\/div><div class=\"wp-block-uagb-counter__title\">P\u00e9rdidas econ\u00f3micas mundiales (USD) debidas a cortes e interrupciones de Internet en 2024.<\/div><\/div>\n\n\n\n<p class=\"has-text-align-right has-neutral-white-color has-text-color has-12-font-size\">Fuentes: Facts and Figures 2022 &#8211; Internet use (<a href=\"https:\/\/www.itu.int\/itu-d\/reports\/statistics\/2022\/11\/24\/ff22-internet-use\/\">ITU<\/a>), Acceso bloqueado,<br>Apagones mundiales de Internet y NetLoss Calculator (<a href=\"https:\/\/pulse.internetsociety.org\/es\">Internet Society Pulse<\/a>)<\/p>\n<\/div>\n<\/div><\/section>\n\n\n\n<div class=\"wp-block-columns margin-bottom-0 has-neutral-white-background-color has-background is-layout-flex wp-container-core-columns-is-layout-9d6595d7 wp-block-columns-is-layout-flex\">\n<div class=\"wp-block-column is-layout-flow wp-block-column-is-layout-flow\" style=\"flex-basis:10%\"><\/div>\n\n\n\n<div class=\"wp-block-column is-layout-flow wp-block-column-is-layout-flow\" style=\"flex-basis:80%\">\n<div style=\"height:40px\" aria-hidden=\"true\" class=\"wp-block-spacer uag-hide-tab uag-hide-mob\"><\/div>\n\n\n\n<h4 class=\"wp-block-heading\">As\u00ed nos ayuda Internet<\/h4>\n\n\n\n<div style=\"height:20px\" aria-hidden=\"true\" class=\"wp-block-spacer\"><\/div>\n\n\n\n<p class=\"has-18-font-size\">Descubre el poder transformador de Internet.<\/p>\n\n\n\n<div style=\"height:10px\" aria-hidden=\"true\" class=\"wp-block-spacer uag-hide-tab uag-hide-mob\"><\/div>\n<\/div>\n\n\n\n<div class=\"wp-block-column uag-hide-tab uag-hide-mob is-layout-flow wp-block-column-is-layout-flow\" style=\"flex-basis:10%\"><\/div>\n<\/div>\n\n\n\n<div class=\"wp-block-columns is-not-stacked-on-mobile margin-bottom-0 has-neutral-white-background-color has-background is-layout-flex wp-container-core-columns-is-layout-9d6595d7 wp-block-columns-is-layout-flex\">\n<div class=\"wp-block-column uag-hide-tab uag-hide-mob is-layout-flow wp-block-column-is-layout-flow\" style=\"flex-basis:7%\"><\/div>\n\n\n\n<div class=\"wp-block-column is-layout-flow wp-block-column-is-layout-flow\" style=\"flex-basis:100%\">\n<div class=\"wp-block-uagb-slider uagb-block-25a92d03 uagb-slider-container\"><div class=\"uagb-slides uagb-swiper\"><div class=\"swiper-wrapper\">\n<div class=\"wp-block-uagb-slider-child uagb-slider-child-wrap swiper-slide uagb-block-479c3392\"><div class=\"swiper-content\">\n<div class=\"wp-block-uagb-container uagb-block-0fca7e47 default uagb-is-root-container\">\n<div class=\"wp-block-media-text alignwide has-media-on-the-right is-stacked-on-mobile\"><div class=\"wp-block-media-text__content\">\n<div style=\"height:20px\" aria-hidden=\"true\" class=\"wp-block-spacer uag-hide-desktop uag-hide-tab\"><\/div>\n\n\n\n<h5 class=\"wp-block-heading\">Aprovechar la oportunidad en la cima del mundo<\/h5>\n\n\n\n<div style=\"height:20px\" aria-hidden=\"true\" class=\"wp-block-spacer\"><\/div>\n\n\n\n<p class=\"has-18-font-size\">Cuando el sherpa Chhepal vio que los j\u00f3venes abandonaban las comunidades del Everest en busca de mejores oportunidades, supo que Internet pod\u00eda salvar los pueblos que \u00e9l y sus antepasados siempre han llamado hogar.<\/p>\n<\/div><figure class=\"wp-block-media-text__media\"><img loading=\"lazy\" decoding=\"async\" width=\"1024\" height=\"683\" src=\"https:\/\/www.internetsociety.org\/wp-content\/uploads\/2023\/05\/man-at-everest-1024x683.jpg\" alt=\"un impresionante paisaje monta\u00f1oso, con picos nevados y un hombre sonriendo a la c\u00e1mara\" class=\"wp-image-191125 size-medium\" srcset=\"https:\/\/www.internetsociety.org\/wp-content\/uploads\/2023\/05\/man-at-everest-1024x683.jpg 1024w, https:\/\/www.internetsociety.org\/wp-content\/uploads\/2023\/05\/man-at-everest-450x300.jpg 450w, https:\/\/www.internetsociety.org\/wp-content\/uploads\/2023\/05\/man-at-everest-768x512.jpg 768w, https:\/\/www.internetsociety.org\/wp-content\/uploads\/2023\/05\/man-at-everest-250x167.jpg 250w, https:\/\/www.internetsociety.org\/wp-content\/uploads\/2023\/05\/man-at-everest.jpg 1200w\" sizes=\"auto, (max-width: 1024px) 100vw, 1024px\" \/><\/figure><\/div>\n<\/div>\n<\/div><\/div>\n\n\n\n<div class=\"wp-block-uagb-slider-child uagb-slider-child-wrap swiper-slide uagb-block-c1cf577b\"><div class=\"swiper-content\">\n<div class=\"wp-block-uagb-container uagb-block-e5361e55 default uagb-is-root-container\">\n<div class=\"wp-block-media-text alignwide has-media-on-the-right is-stacked-on-mobile\"><div class=\"wp-block-media-text__content\">\n<div style=\"height:20px\" aria-hidden=\"true\" class=\"wp-block-spacer uag-hide-desktop uag-hide-tab\"><\/div>\n\n\n\n<h5 class=\"wp-block-heading\">Un salvavidas durante la pandemia<\/h5>\n\n\n\n<div style=\"height:20px\" aria-hidden=\"true\" class=\"wp-block-spacer\"><\/div>\n\n\n\n<p class=\"has-18-font-size\">La ciudad de Nueva York, una de las m\u00e1s grandes del mundo, estuvo en crisis durante la pandemia de COVID-19. Jillian Murphy se preguntaba c\u00f3mo iban a sobrevivir a los primeros d\u00edas de la pandemia sin Internet.<\/p>\n<\/div><figure class=\"wp-block-media-text__media\"><img loading=\"lazy\" decoding=\"async\" width=\"800\" height=\"500\" src=\"https:\/\/www.internetsociety.org\/wp-content\/uploads\/2021\/06\/Medium-CTG4533.jpeg\" alt=\"una mujer sujetando cuerdas sonriendo\" class=\"wp-image-145564 size-medium\" srcset=\"https:\/\/www.internetsociety.org\/wp-content\/uploads\/2021\/06\/Medium-CTG4533.jpeg 800w, https:\/\/www.internetsociety.org\/wp-content\/uploads\/2021\/06\/Medium-CTG4533-450x281.jpeg 450w, https:\/\/www.internetsociety.org\/wp-content\/uploads\/2021\/06\/Medium-CTG4533-768x480.jpeg 768w, https:\/\/www.internetsociety.org\/wp-content\/uploads\/2021\/06\/Medium-CTG4533-250x156.jpeg 250w\" sizes=\"auto, (max-width: 800px) 100vw, 800px\" \/><\/figure><\/div>\n<\/div>\n<\/div><\/div>\n\n\n\n<div class=\"wp-block-uagb-slider-child uagb-slider-child-wrap swiper-slide uagb-block-4954d84f\"><div class=\"swiper-content\">\n<div class=\"wp-block-uagb-container uagb-block-089d7223 default uagb-is-root-container\">\n<div class=\"wp-block-media-text alignwide has-media-on-the-right is-stacked-on-mobile\"><div class=\"wp-block-media-text__content\">\n<div style=\"height:20px\" aria-hidden=\"true\" class=\"wp-block-spacer uag-hide-desktop uag-hide-tab\"><\/div>\n\n\n\n<h5 class=\"wp-block-heading\">Proteger una forma de vida y fomentar la esperanza<\/h5>\n\n\n\n<div style=\"height:20px\" aria-hidden=\"true\" class=\"wp-block-spacer\"><\/div>\n\n\n\n<p class=\"has-18-font-size\">Jorge Elias Oliveira Farias es un agricultor del Brasil rural con una peculiar actividad paralela: creador de contenidos. Una nueva conexi\u00f3n a Internet de alta velocidad le permite aprender las \u00faltimas t\u00e9cnicas agr\u00edcolas.<\/p>\n<\/div><figure class=\"wp-block-media-text__media\"><img loading=\"lazy\" decoding=\"async\" width=\"800\" height=\"533\" src=\"https:\/\/www.internetsociety.org\/wp-content\/uploads\/2023\/08\/Copia-de-IMG_9194-min.jpg\" alt=\"un hombre con gorra explicando algo\" class=\"wp-image-196961 size-medium\" srcset=\"https:\/\/www.internetsociety.org\/wp-content\/uploads\/2023\/08\/Copia-de-IMG_9194-min.jpg 800w, https:\/\/www.internetsociety.org\/wp-content\/uploads\/2023\/08\/Copia-de-IMG_9194-min-450x300.jpg 450w, https:\/\/www.internetsociety.org\/wp-content\/uploads\/2023\/08\/Copia-de-IMG_9194-min-768x512.jpg 768w, https:\/\/www.internetsociety.org\/wp-content\/uploads\/2023\/08\/Copia-de-IMG_9194-min-250x167.jpg 250w\" sizes=\"auto, (max-width: 800px) 100vw, 800px\" \/><\/figure><\/div>\n<\/div>\n<\/div><\/div>\n\n\n\n<div class=\"wp-block-uagb-slider-child uagb-slider-child-wrap swiper-slide uagb-block-d5654b24\"><div class=\"swiper-content\">\n<div class=\"wp-block-uagb-container uagb-block-46506fd3 default uagb-is-root-container\">\n<div class=\"wp-block-media-text alignwide has-media-on-the-right is-stacked-on-mobile\"><div class=\"wp-block-media-text__content\">\n<div style=\"height:20px\" aria-hidden=\"true\" class=\"wp-block-spacer uag-hide-desktop uag-hide-tab\"><\/div>\n\n\n\n<h5 class=\"wp-block-heading\">Crear oportunidades en una naci\u00f3n independiente y soberana<\/h5>\n\n\n\n<div style=\"height:20px\" aria-hidden=\"true\" class=\"wp-block-spacer\"><\/div>\n\n\n\n<p class=\"has-18-font-size\">El Estado Naci\u00f3n Independiente y Soberano de Haw\u00e1i necesitaba Internet, pero no obten\u00eda recursos de su Estado ni de su pa\u00eds. Brandon Makawa&#8217;awa&#8217;a y los habitantes de Waimanalo pusieron en marcha una red comunitaria que ayuda a su gente a estudiar y emprender con \u00e9xito.<\/p>\n<\/div><figure class=\"wp-block-media-text__media\"><img loading=\"lazy\" decoding=\"async\" width=\"1000\" height=\"667\" src=\"https:\/\/www.internetsociety.org\/wp-content\/uploads\/2021\/04\/Medium-WaimanaloPortraits27.jpg\" alt=\"a man holding 'Sovereign Kingdom of Hawaii' yellow sign\" class=\"wp-image-138156 size-full\" srcset=\"https:\/\/www.internetsociety.org\/wp-content\/uploads\/2021\/04\/Medium-WaimanaloPortraits27.jpg 1000w, https:\/\/www.internetsociety.org\/wp-content\/uploads\/2021\/04\/Medium-WaimanaloPortraits27-450x300.jpg 450w, https:\/\/www.internetsociety.org\/wp-content\/uploads\/2021\/04\/Medium-WaimanaloPortraits27-768x512.jpg 768w, https:\/\/www.internetsociety.org\/wp-content\/uploads\/2021\/04\/Medium-WaimanaloPortraits27-250x167.jpg 250w\" sizes=\"auto, (max-width: 1000px) 100vw, 1000px\" \/><\/figure><\/div>\n<\/div>\n<\/div><\/div>\n<\/div><\/div><div class=\"swiper-pagination\"><\/div><div class=\"swiper-button-prev\"><\/div><div class=\"swiper-button-next\"><\/div><\/div>\n\n\n\n<div style=\"height:40px\" aria-hidden=\"true\" class=\"wp-block-spacer\"><\/div>\n<\/div>\n\n\n\n<div class=\"wp-block-column uag-hide-tab uag-hide-mob is-layout-flow wp-block-column-is-layout-flow\" style=\"flex-basis:7%\"><\/div>\n<\/div>\n\n\n\n<div style=\"height:30px\" aria-hidden=\"true\" class=\"wp-block-spacer uag-hide-desktop\"><\/div>\n\n\n\n<h3 class=\"wp-block-heading has-26-font-size uag-hide-desktop\"><strong><strong>La promesa de Internet se puede cumplir.<\/strong><\/strong><\/h3>\n\n\n\n<div style=\"height:30px\" aria-hidden=\"true\" class=\"wp-block-spacer uag-hide-desktop\"><\/div>\n\n\n\n<p class=\"has-18-font-size uag-hide-desktop\">Marca la diferencia en la vida de personas como Jorge, Chhepal y Jillian.<\/p>\n\n\n\n<div class=\"wp-block-buttons uag-hide-desktop is-vertical is-layout-flex wp-container-core-buttons-is-layout-8cf370e7 wp-block-buttons-is-layout-flex\">\n<div class=\"wp-block-button hover-background-transparent hover-border-white is-style-fill\"><a class=\"wp-block-button__link has-ground-navy-color has-accent-yellow-background-color has-text-color has-background wp-element-button\" href=\"https:\/\/www.internetsociety.org\/es\/donate\/\"><strong>Donar ahora<\/strong><\/a><\/div>\n<\/div>\n\n\n\n<div style=\"height:30px\" aria-hidden=\"true\" class=\"wp-block-spacer uag-hide-desktop\"><\/div>\n\n\n\n<figure class=\"wp-block-image size-large uag-hide-desktop\"><img loading=\"lazy\" decoding=\"async\" width=\"1439\" height=\"550\" src=\"https:\/\/www.internetsociety.org\/wp-content\/uploads\/2023\/08\/man-three-kids-e1692697649218.jpeg\" alt=\"un hombre llevando a tres ni\u00f1os a la guarder\u00eda\" class=\"wp-image-197992\" srcset=\"https:\/\/www.internetsociety.org\/wp-content\/uploads\/2023\/08\/man-three-kids-e1692697649218.jpeg 1439w, https:\/\/www.internetsociety.org\/wp-content\/uploads\/2023\/08\/man-three-kids-e1692697649218-450x172.jpeg 450w, https:\/\/www.internetsociety.org\/wp-content\/uploads\/2023\/08\/man-three-kids-e1692697649218-1024x391.jpeg 1024w, https:\/\/www.internetsociety.org\/wp-content\/uploads\/2023\/08\/man-three-kids-e1692697649218-768x294.jpeg 768w, https:\/\/www.internetsociety.org\/wp-content\/uploads\/2023\/08\/man-three-kids-e1692697649218-250x96.jpeg 250w\" sizes=\"auto, (max-width: 1439px) 100vw, 1439px\" \/><\/figure>\n\n\n\n<section class=\"wp-block-uagb-columns uagb-columns__wrap uagb-columns__background-image uagb-columns__stack-mobile uagb-columns__valign- uagb-columns__gap-10 align uagb-block-97cd7c03 uagb-columns__columns-1 uagb-columns__max_width-theme background-image-fallback-black uag-hide-tab uag-hide-mob\"><div class=\"uagb-columns__overlay\"><\/div><div class=\"uagb-columns__inner-wrap uagb-columns__columns-1\">\n<div class=\"wp-block-uagb-column uagb-column__wrap uagb-column__background-undefined uagb-block-6c4fbb6d\"><div class=\"uagb-column__overlay\"><\/div>\n<h4 class=\"wp-block-heading has-white-color has-text-color has-26-font-size\"><strong>La promesa de Internet se puede cumplir.<\/strong><\/h4>\n\n\n\n<div style=\"height:30px\" aria-hidden=\"true\" class=\"wp-block-spacer\"><\/div>\n\n\n\n<p class=\"has-neutral-white-color has-text-color has-18-font-size\">Marca la diferencia en la vida de personas como Jorge, Chhepal y Jillian.<\/p>\n\n\n\n<div style=\"height:20px\" aria-hidden=\"true\" class=\"wp-block-spacer\"><\/div>\n\n\n\n<div class=\"wp-block-buttons is-vertical is-layout-flex wp-container-core-buttons-is-layout-8cf370e7 wp-block-buttons-is-layout-flex\">\n<div class=\"wp-block-button hover-background-transparent hover-border-white is-style-fill\"><a class=\"wp-block-button__link has-ground-navy-color has-accent-yellow-background-color has-text-color has-background wp-element-button\" href=\"https:\/\/www.internetsociety.org\/es\/donate\/\"><strong>Donar ahora<\/strong><\/a><\/div>\n<\/div>\n\n\n\n<div style=\"height:60px\" aria-hidden=\"true\" class=\"wp-block-spacer\"><\/div>\n<\/div>\n<\/div><\/section>\n\n\n\n<p class=\"has-text-align-center has-neutral-white-color has-ground-navy-background-color has-text-color has-background has-12-font-size\">Derechos de autor de la imagen:<br>\u00a9 Nyani Quarmyne, \u00a9Ian Willms \/ Boreal \/ Panos, \u00a9 Jo\u00e3o Aguiar, \u00a9 Chris Gregory, \u00a9 IBEBrasil, \u00a9 Nyani Quarmyne, \u00a9 Nyani Quarmyne <\/p>\n","protected":false},"excerpt":{"rendered":"<p>Internet nos mantiene sanos, informados y conectados, nos capacita para educar y ampl\u00eda el acceso a las oportunidades econ\u00f3micas.<\/p>\n","protected":false},"author":46,"featured_media":0,"parent":0,"menu_order":0,"comment_status":"closed","ping_status":"closed","template":"page-wide.php","meta":{"_acf_changed":false,"_uag_custom_page_level_css":"","footnotes":""},"categories":[],"tags":[],"region_news_regions":[],"content_category":[],"ppma_author":[4057],"class_list":["post-198788","page","type-page","status-publish","hentry"],"acf":[],"uagb_featured_image_src":{"full":false,"thumbnail":false,"medium":false,"medium_large":false,"large":false,"1536x1536":false,"2048x2048":false,"post-thumbnail":false,"square":false,"gform-image-choice-sm":false,"gform-image-choice-md":false,"gform-image-choice-lg":false},"uagb_author_info":{"display_name":"Ivana Trbovic","author_link":"https:\/\/www.internetsociety.org\/es\/author\/trbovic\/"},"uagb_comment_info":0,"uagb_excerpt":"Internet nos mantiene sanos, informados y conectados, nos capacita para educar y ampl\u00eda el acceso a las oportunidades econ\u00f3micas.","_links":{"self":[{"href":"https:\/\/www.internetsociety.org\/es\/wp-json\/wp\/v2\/pages\/198788","targetHints":{"allow":["GET"]}}],"collection":[{"href":"https:\/\/www.internetsociety.org\/es\/wp-json\/wp\/v2\/pages"}],"about":[{"href":"https:\/\/www.internetsociety.org\/es\/wp-json\/wp\/v2\/types\/page"}],"author":[{"embeddable":true,"href":"https:\/\/www.internetsociety.org\/es\/wp-json\/wp\/v2\/users\/46"}],"replies":[{"embeddable":true,"href":"https:\/\/www.internetsociety.org\/es\/wp-json\/wp\/v2\/comments?post=198788"}],"version-history":[{"count":0,"href":"https:\/\/www.internetsociety.org\/es\/wp-json\/wp\/v2\/pages\/198788\/revisions"}],"wp:attachment":[{"href":"https:\/\/www.internetsociety.org\/es\/wp-json\/wp\/v2\/media?parent=198788"}],"wp:term":[{"taxonomy":"category","embeddable":true,"href":"https:\/\/www.internetsociety.org\/es\/wp-json\/wp\/v2\/categories?post=198788"},{"taxonomy":"post_tag","embeddable":true,"href":"https:\/\/www.internetsociety.org\/es\/wp-json\/wp\/v2\/tags?post=198788"},{"taxonomy":"region_news_regions","embeddable":true,"href":"https:\/\/www.internetsociety.org\/es\/wp-json\/wp\/v2\/region_news_regions?post=198788"},{"taxonomy":"content_category","embeddable":true,"href":"https:\/\/www.internetsociety.org\/es\/wp-json\/wp\/v2\/content_category?post=198788"},{"taxonomy":"author","embeddable":true,"href":"https:\/\/www.internetsociety.org\/es\/wp-json\/wp\/v2\/ppma_author?post=198788"}],"curies":[{"name":"wp","href":"https:\/\/api.w.org\/{rel}","templated":true}]}}