{"id":192460,"date":"2023-05-22T16:18:36","date_gmt":"2023-05-22T16:18:36","guid":{"rendered":"https:\/\/www.internetsociety.org\/?page_id=192460"},"modified":"2025-09-24T10:56:06","modified_gmt":"2025-09-24T10:56:06","slug":"la-vision-50-50-para-el-trafico-de-internet","status":"publish","type":"page","link":"https:\/\/www.internetsociety.org\/es\/issues\/access\/50-50-vision\/","title":{"rendered":"La visi\u00f3n 50\/50 para el tr\u00e1fico de Internet"},"content":{"rendered":"\n<section class=\"wp-block-uagb-columns uagb-columns__wrap uagb-columns__background-image uagb-columns__stack-mobile uagb-columns__valign- uagb-columns__gap-10 align uagb-block-5c403a62 uagb-columns__columns-1 uagb-columns__max_width-theme background-image-fallback-black\"><div class=\"uagb-columns__overlay\"><\/div><div class=\"uagb-columns__inner-wrap uagb-columns__columns-1\">\n<div class=\"wp-block-uagb-column uagb-column__wrap uagb-column__background-undefined uagb-block-7297c3ab\"><div class=\"uagb-column__overlay\"><\/div>\n<div style=\"height:100px\" aria-hidden=\"true\" class=\"wp-block-spacer\"><\/div>\n\n\n\n<h1 class=\"wp-block-heading has-neutral-white-color has-text-color\">La visi\u00f3n 50\/50 <br>para el tr\u00e1fico de Internet <\/h1>\n\n\n\n<div style=\"height:100px\" aria-hidden=\"true\" class=\"wp-block-spacer\"><\/div>\n<\/div>\n<\/div><\/section>\n\n\n\n<div class=\"wp-block-columns is-layout-flex wp-container-core-columns-is-layout-9d6595d7 wp-block-columns-is-layout-flex\">\n<div class=\"wp-block-column is-layout-flow wp-block-column-is-layout-flow\" style=\"flex-basis:10%\"><\/div>\n\n\n\n<div class=\"wp-block-column is-layout-flow wp-block-column-is-layout-flow\" style=\"flex-basis:80%\">\n<div style=\"height:40px\" aria-hidden=\"true\" class=\"wp-block-spacer uag-hide-mob\"><\/div>\n\n\n\n<h2 class=\"wp-block-heading has-text-align-left has-accent-purple-color has-text-color has-48-font-size\">Mantener la mitad de todo el tr\u00e1fico a nivel local en econom\u00edas seleccionadas para 2025<\/h2>\n\n\n\n<div style=\"height:30px\" aria-hidden=\"true\" class=\"wp-block-spacer\"><\/div>\n\n\n\n<p class=\"has-18-font-size\">Es simple: la ruta m\u00e1s r\u00e1pida para llegar del punto A al punto B es una l\u00ednea recta. Pero, \u00bfqu\u00e9 sucede cuando el tr\u00e1fico de Internet comienza en el punto A y zigzaguea por lugares lejanos antes de llegar al punto B? El acceso a Internet es m\u00e1s lento y m\u00e1s costoso. Esta es la realidad para muchas personas que viven en \u00e1reas que carecen de infraestructura suficiente de Internet.<\/p>\n\n\n\n<p class=\"has-18-font-size\">Es aqu\u00ed donde la visi\u00f3n 50\/50 entra en juego: un plan ambicioso para mantener al menos la mitad de todo el tr\u00e1fico de Internet en econom\u00edas seleccionadas para 2025. Cuando alcancemos la meta, las personas que m\u00e1s lo necesitan tendr\u00e1n una Internet m\u00e1s r\u00e1pida, m\u00e1s resistente y m\u00e1s econ\u00f3mica.<\/p>\n\n\n\n<p class=\"has-18-font-size\">Internet Society ha ayudado a solucionar las brechas de conectividad durante muchos a\u00f1os, incluyendo a trav\u00e9s de la creaci\u00f3n de puntos de intercambio de Internet (IXP) para mejorar el flujo de tr\u00e1fico y mejorar el servicio de Internet. Los IXP crean rutas m\u00e1s cortas y directas para el tr\u00e1fico de Internet. Brindan una alternativa mas economica, a tener que enviar el tr\u00e1fico de Internet local a trav\u00e9s de enlaces internacionales, lo que puede ser mucho mas costoso. <\/p>\n\n\n\n<div style=\"height:20px\" aria-hidden=\"true\" class=\"wp-block-spacer\"><\/div>\n\n\n\n<h3 class=\"wp-block-heading has-26-font-size\"><strong>Es ahora que tenemos que ir a\u00fan m\u00e1s lejos.<\/strong><\/h3>\n\n\n\n<div style=\"height:20px\" aria-hidden=\"true\" class=\"wp-block-spacer\"><\/div>\n\n\n\n<p class=\"has-18-font-size\">Para alcazar esta visi\u00f3n, es necesario asociarnos y promoverla junto a los actores relevantes del econsistema de Internet, como los formuladores de pol\u00edticas, las comunidades t\u00e9cnicas y la comunidad de Internet Society.<\/p>\n<\/div>\n\n\n\n<div class=\"wp-block-column is-layout-flow wp-block-column-is-layout-flow\" style=\"flex-basis:10%\"><\/div>\n<\/div>\n\n\n\n<div class=\"wp-block-columns is-layout-flex wp-container-core-columns-is-layout-9d6595d7 wp-block-columns-is-layout-flex\">\n<div class=\"wp-block-column uag-hide-mob is-layout-flow wp-block-column-is-layout-flow\" style=\"flex-basis:10%\"><\/div>\n\n\n\n<div class=\"wp-block-column is-layout-flow wp-block-column-is-layout-flow\" style=\"flex-basis:26%\">\n<figure class=\"wp-block-image size-full is-style-default margin-bottom-0 vertical-align-bottom\"><img loading=\"lazy\" decoding=\"async\" width=\"600\" height=\"267\" src=\"https:\/\/www.internetsociety.org\/wp-content\/uploads\/2023\/05\/suriname-ixp.jpg\" alt=\"a man in a suit and tie standing in front of two other men\" class=\"wp-image-192316\" srcset=\"https:\/\/www.internetsociety.org\/wp-content\/uploads\/2023\/05\/suriname-ixp.jpg 600w, https:\/\/www.internetsociety.org\/wp-content\/uploads\/2023\/05\/suriname-ixp-450x200.jpg 450w, https:\/\/www.internetsociety.org\/wp-content\/uploads\/2023\/05\/suriname-ixp-250x111.jpg 250w\" sizes=\"auto, (max-width: 600px) 100vw, 600px\" \/><\/figure>\n\n\n\n<div class=\"wp-block-cover is-light\" style=\"min-height:100px;aspect-ratio:unset;\"><span aria-hidden=\"true\" class=\"wp-block-cover__background has-neutral-white-background-color has-background-dim-100 has-background-dim\"><\/span><div class=\"wp-block-cover__inner-container is-layout-flow wp-block-cover-is-layout-flow\">\n<p class=\"has-depth-green-color has-text-color has-18-font-size\">Para los <strong>formuladores de pol\u00edticas<\/strong>, buscamos pol\u00edticas que:<\/p>\n\n\n\n<ul class=\"has-18-font-size wp-block-list\">\n<li>fomenten un mercado de conectividad pr\u00f3spero y abierto, y que promuevan comunidades t\u00e9cnicas s\u00f3lidas<\/li>\n\n\n\n<li>simplifiquen los procesos reglamentarios y de pol\u00edticas para alentar a las entidades regionales e internacionales a participar en el entorno de interconexi\u00f3n local<\/li>\n\n\n\n<li>apoyen el aumento del tr\u00e1fico y el contenido local<\/li>\n<\/ul>\n\n\n\n<div style=\"height:40px\" aria-hidden=\"true\" class=\"wp-block-spacer\"><\/div>\n<\/div><\/div>\n\n\n\n<div style=\"height:30px\" aria-hidden=\"true\" class=\"wp-block-spacer\"><\/div>\n<\/div>\n\n\n\n<div class=\"wp-block-column is-layout-flow wp-block-column-is-layout-flow\" style=\"flex-basis:26%\">\n<figure class=\"wp-block-image size-full is-style-default margin-bottom-0 vertical-align-bottom\"><img loading=\"lazy\" decoding=\"async\" width=\"600\" height=\"267\" src=\"https:\/\/www.internetsociety.org\/wp-content\/uploads\/2023\/05\/man-with-cables-decix-small.jpg\" alt=\"a man with glasses adjusting cables in a patchpanel\" class=\"wp-image-192320\" srcset=\"https:\/\/www.internetsociety.org\/wp-content\/uploads\/2023\/05\/man-with-cables-decix-small.jpg 600w, https:\/\/www.internetsociety.org\/wp-content\/uploads\/2023\/05\/man-with-cables-decix-small-450x200.jpg 450w, https:\/\/www.internetsociety.org\/wp-content\/uploads\/2023\/05\/man-with-cables-decix-small-250x111.jpg 250w\" sizes=\"auto, (max-width: 600px) 100vw, 600px\" \/><\/figure>\n\n\n\n<div class=\"wp-block-cover is-light\" style=\"min-height:100px;aspect-ratio:unset;\"><span aria-hidden=\"true\" class=\"wp-block-cover__background has-neutral-white-background-color has-background-dim-100 has-background-dim\"><\/span><div class=\"wp-block-cover__inner-container is-layout-flow wp-block-cover-is-layout-flow\">\n<p class=\"has-depth-green-color has-text-color has-18-font-size\">Para las <strong>comunidades t\u00e9cnicas<\/strong>, buscamos una mayor participaci\u00f3n entre los actores locales para:<\/p>\n\n\n\n<ul class=\"has-18-font-size wp-block-list\">\n<li>apoyar activamente el intercambio de conocimientos<\/li>\n\n\n\n<li>alojar listas abiertas de correo y discusi\u00f3n<\/li>\n\n\n\n<li>organizar eventos y foros de intercambio de tr\u00e1fico (peering) que compartan las mejores pr\u00e1cticas y sirvan como una forma de encontrar socios de peering<\/li>\n\n\n\n<li>compartir esta visi\u00f3n y contribuir a garantizar que al menos el 50 por ciento del tr\u00e1fico local siga siendo local en sus comunidades<\/li>\n<\/ul>\n<\/div><\/div>\n\n\n\n<div style=\"height:30px\" aria-hidden=\"true\" class=\"wp-block-spacer\"><\/div>\n<\/div>\n\n\n\n<div class=\"wp-block-column is-layout-flow wp-block-column-is-layout-flow\" style=\"flex-basis:26%\">\n<figure class=\"wp-block-image size-full is-style-default margin-bottom-0 vertical-align-bottom\"><img loading=\"lazy\" decoding=\"async\" width=\"450\" height=\"200\" src=\"https:\/\/www.internetsociety.org\/wp-content\/uploads\/2023\/05\/proyecto-ixp-do.jpg\" alt=\"a group of people smiling at camera\" class=\"wp-image-192310\" srcset=\"https:\/\/www.internetsociety.org\/wp-content\/uploads\/2023\/05\/proyecto-ixp-do.jpg 450w, https:\/\/www.internetsociety.org\/wp-content\/uploads\/2023\/05\/proyecto-ixp-do-250x111.jpg 250w\" sizes=\"auto, (max-width: 450px) 100vw, 450px\" \/><\/figure>\n\n\n\n<div class=\"wp-block-cover is-light\" style=\"min-height:100px;aspect-ratio:unset;\"><span aria-hidden=\"true\" class=\"wp-block-cover__background has-neutral-white-background-color has-background-dim-100 has-background-dim\"><\/span><div class=\"wp-block-cover__inner-container is-layout-flow wp-block-cover-is-layout-flow\">\n<p class=\"has-depth-green-color has-text-color has-18-font-size\">Entrelazados con estos esfuerzos, los <strong>miembros individuales, organizaciones asociadas a Internet Society, cap\u00edtulos, los grupos especiales de Internet (SIG) y los socios<\/strong> desempe\u00f1an un papel integral al:<\/p>\n\n\n\n<ul class=\"has-18-font-size wp-block-list\">\n<li>tomar cursos de capacitaci\u00f3n sobre la importancia de los IXP y c\u00f3mo crearlos y apoyarlos<\/li>\n\n\n\n<li>defender el peering y la interconexi\u00f3n en sus comunidades locales<\/li>\n\n\n\n<li>comprometerse con los IXP locales para comprender su impacto en el ecosistema de Internet local<\/li>\n<\/ul>\n<\/div><\/div>\n\n\n\n<div style=\"height:30px\" aria-hidden=\"true\" class=\"wp-block-spacer\"><\/div>\n<\/div>\n\n\n\n<div class=\"wp-block-column uag-hide-mob is-layout-flow wp-block-column-is-layout-flow\" style=\"flex-basis:10%\"><\/div>\n<\/div>\n\n\n\n<div class=\"wp-block-columns is-layout-flex wp-container-core-columns-is-layout-9d6595d7 wp-block-columns-is-layout-flex\">\n<div class=\"wp-block-column uag-hide-mob is-layout-flow wp-block-column-is-layout-flow\" style=\"flex-basis:10%\"><\/div>\n\n\n\n<div class=\"wp-block-column is-layout-flow wp-block-column-is-layout-flow\" style=\"flex-basis:80%\">\n<h4 class=\"wp-block-heading\">\u00bfC\u00f3mo medimos esta visi\u00f3n?<\/h4>\n\n\n\n<div style=\"height:20px\" aria-hidden=\"true\" class=\"wp-block-spacer\"><\/div>\n\n\n\n<p class=\"has-18-font-size\"><a href=\"https:\/\/www.internetsociety.org\/wp-content\/uploads\/2024\/07\/50-50_Methodology-v2-Jan-2024_SP.pdf\">Hemos ideado una metodolog\u00eda<\/a> para comprender de d\u00f3nde se ofrece el contenido para que podamos medir nuestro progreso hacia la visi\u00f3n 50\/50.<\/p>\n\n\n\n<p class=\"has-18-font-size\">Pero medir los niveles de tr\u00e1fico local frente a los niveles de tr\u00e1fico no local no es sencillo. Los proveedores de acceso suelen conocer los servicios m\u00e1s utilizados, pero no distinguen entre el tr\u00e1fico local y el no local, y los datos que recopilan rara vez se comparten p\u00fablicamente.<\/p>\n\n\n\n<p class=\"has-18-font-size\">Para mapear los flujos de tr\u00e1fico, estamos utilizando los datos de dos herramientas de c\u00f3digo abierto ejecutadas por el Observatorio Abierto de Interferencia de Red (OONI) y el RIPE NCC (el Registro Regional de Internet para Europa, Medio Oriente y partes de Asia Central).<\/p>\n\n\n\n<p class=\"has-18-font-size\">Nuestra metodolog\u00eda cuantifica el nivel en el que los servicios Over The Top (OTT) (transmisi\u00f3n de video, navegaci\u00f3n web, redes sociales, etc.) obtienen su contenido de un servidor\/cach\u00e9 local en lugar de uno externo (fuera del pa\u00eds).<\/p>\n\n\n\n<p class=\"has-18-font-size\"><a href=\"https:\/\/pulse.internetsociety.org\/blog\/measure-the-health-of-the-internet-help-collect-local-traffic-measurements\">Lea m\u00e1s detalles sobre la metodolog\u00eda y c\u00f3mo implementar su propia sonda OONI o RIPE Atlas.<\/a><\/p>\n\n\n\n<div style=\"height:20px\" aria-hidden=\"true\" class=\"wp-block-spacer\"><\/div>\n<\/div>\n\n\n\n<div class=\"wp-block-column uag-hide-mob is-layout-flow wp-block-column-is-layout-flow\" style=\"flex-basis:10%\"><\/div>\n<\/div>\n\n\n\n<div class=\"wp-block-columns are-vertically-aligned-center margin-bottom-0 has-neutral-white-background-color has-background is-layout-flex wp-container-core-columns-is-layout-9d6595d7 wp-block-columns-is-layout-flex\">\n<div class=\"wp-block-column is-layout-flow wp-block-column-is-layout-flow\" style=\"flex-basis:6%\"><\/div>\n\n\n\n<div class=\"wp-block-column is-layout-flow wp-block-column-is-layout-flow\" style=\"flex-basis:84%\">\n<div style=\"height:40px\" aria-hidden=\"true\" class=\"wp-block-spacer uag-hide-mob\"><\/div>\n\n\n\n<div class=\"wp-block-media-text alignwide has-media-on-the-right is-stacked-on-mobile is-vertically-aligned-top is-image-fill\" style=\"grid-template-columns:auto 40%\"><div class=\"wp-block-media-text__content\">\n<div style=\"height:40px\" aria-hidden=\"true\" class=\"wp-block-spacer uag-hide-desktop uag-hide-tab\"><\/div>\n\n\n\n<h4 class=\"wp-block-heading animated zoomIn has-green-color has-text-color\">\u00a1\u00danase al movimiento 50\/50!<\/h4>\n\n\n\n<div style=\"height:20px\" aria-hidden=\"true\" class=\"wp-block-spacer\"><\/div>\n\n\n\n<p class=\"has-18-font-size\">Este es un objetivo ambicioso. Lo sabemos y no podemos hacerlo solos. Queremos que ustedes, su organizaci\u00f3n, su ISP y su comunidad t\u00e9cnica se unan a nosotros para hacer realidad esta visi\u00f3n. <\/p>\n\n\n\n<p class=\"has-18-font-size\">Ay\u00fadenos a construir una Internet m\u00e1s r\u00e1pida, m\u00e1s confiable y para todos, manteniendo el tr\u00e1fico que intercambiamos lo m\u00e1s cerca posible de casa. <\/p>\n\n\n\n<p class=\"has-18-font-size\"><a href=\"https:\/\/pulse.internetsociety.org\/blog\/measure-the-health-of-the-internet-help-collect-local-traffic-measurements\">Implemente una sonda OONI o RIPE Atlas<\/a>. <a href=\"https:\/\/www.internetsociety.org\/es\/events\/upcoming\/\">Asista a un foro de peering<\/a>. <a href=\"https:\/\/www.internetsociety.org\/es\/learning\/ixp-2-0\/\">Tome nuestro curso de IXP<\/a>. O env\u00edenos un correo electr\u00f3nico a ixp@isoc.org y h\u00e1ganos saber de qu\u00e9 forma desea contribuir.<\/p>\n\n\n\n<div style=\"height:10px\" aria-hidden=\"true\" class=\"wp-block-spacer\"><\/div>\n<\/div><figure class=\"wp-block-media-text__media\" style=\"background-image:url(https:\/\/www.internetsociety.org\/wp-content\/uploads\/2023\/05\/Medium-1AFPIF_2.jpg);background-position:50% 50%\"><img loading=\"lazy\" decoding=\"async\" width=\"1000\" height=\"800\" src=\"https:\/\/www.internetsociety.org\/wp-content\/uploads\/2023\/05\/Medium-1AFPIF_2.jpg\" alt=\"\" class=\"wp-image-192279 size-large\" srcset=\"https:\/\/www.internetsociety.org\/wp-content\/uploads\/2023\/05\/Medium-1AFPIF_2.jpg 1000w, https:\/\/www.internetsociety.org\/wp-content\/uploads\/2023\/05\/Medium-1AFPIF_2-450x360.jpg 450w, https:\/\/www.internetsociety.org\/wp-content\/uploads\/2023\/05\/Medium-1AFPIF_2-768x614.jpg 768w, https:\/\/www.internetsociety.org\/wp-content\/uploads\/2023\/05\/Medium-1AFPIF_2-250x200.jpg 250w\" sizes=\"auto, (max-width: 1000px) 100vw, 1000px\" \/><\/figure><\/div>\n\n\n\n<div style=\"height:50px\" aria-hidden=\"true\" class=\"wp-block-spacer uag-hide-mob\"><\/div>\n<\/div>\n\n\n\n<div class=\"wp-block-column is-layout-flow wp-block-column-is-layout-flow\" style=\"flex-basis:10%\"><\/div>\n<\/div>\n\n\n\n<p class=\"has-text-align-center has-neutral-white-color has-ground-navy-background-color has-text-color has-background has-12-font-size\">Derechos de autor: \u00a9 Nyani Quarmyne, \u00a9 Randy Berghout, \u00a9 DE-CIX, \u00a9 Internet Society, \u00a9 Lewis IHORINDEBA<\/p>\n","protected":false},"excerpt":{"rendered":"<p>Es aqu\u00ed donde la visi\u00f3n 50\/50 entra en juego: un plan ambicioso para mantener al menos la mitad de todo el tr\u00e1fico de Internet en econom\u00edas seleccionadas para 2025.<\/p>\n","protected":false},"author":46,"featured_media":192297,"parent":168098,"menu_order":0,"comment_status":"closed","ping_status":"closed","template":"page-wide.php","meta":{"_acf_changed":false,"_uag_custom_page_level_css":"","footnotes":""},"categories":[67,155],"tags":[],"region_news_regions":[],"content_category":[],"ppma_author":[4057],"class_list":["post-192460","page","type-page","status-publish","has-post-thumbnail","hentry","category-acceso-es","category-puntos-de-intercambio-de-trafico-de-internet"],"acf":[],"uagb_featured_image_src":{"full":["https:\/\/www.internetsociety.org\/wp-content\/uploads\/2023\/05\/AfPIF_Day2-e1684480317252.jpg",1450,640,false],"thumbnail":["https:\/\/www.internetsociety.org\/wp-content\/uploads\/2023\/05\/AfPIF_Day2-150x150.jpg",150,150,true],"medium":["https:\/\/www.internetsociety.org\/wp-content\/uploads\/2023\/05\/AfPIF_Day2-450x199.jpg",450,199,true],"medium_large":["https:\/\/www.internetsociety.org\/wp-content\/uploads\/2023\/05\/AfPIF_Day2-768x339.jpg",768,339,true],"large":["https:\/\/www.internetsociety.org\/wp-content\/uploads\/2023\/05\/AfPIF_Day2-1024x452.jpg",1024,452,true],"1536x1536":["https:\/\/www.internetsociety.org\/wp-content\/uploads\/2023\/05\/AfPIF_Day2-e1684480317252.jpg",1450,640,false],"2048x2048":["https:\/\/www.internetsociety.org\/wp-content\/uploads\/2023\/05\/AfPIF_Day2-e1684480317252.jpg",1450,640,false],"post-thumbnail":["https:\/\/www.internetsociety.org\/wp-content\/uploads\/2023\/05\/AfPIF_Day2-250x110.jpg",250,110,true],"square":["https:\/\/www.internetsociety.org\/wp-content\/uploads\/2023\/05\/AfPIF_Day2-600x600.jpg",600,600,true],"gform-image-choice-sm":["https:\/\/www.internetsociety.org\/wp-content\/uploads\/2023\/05\/AfPIF_Day2-e1684480317252.jpg",300,132,false],"gform-image-choice-md":["https:\/\/www.internetsociety.org\/wp-content\/uploads\/2023\/05\/AfPIF_Day2-e1684480317252.jpg",400,177,false],"gform-image-choice-lg":["https:\/\/www.internetsociety.org\/wp-content\/uploads\/2023\/05\/AfPIF_Day2-e1684480317252.jpg",600,265,false]},"uagb_author_info":{"display_name":"Ivana Trbovic","author_link":"https:\/\/www.internetsociety.org\/es\/author\/trbovic\/"},"uagb_comment_info":0,"uagb_excerpt":"Es aqu\u00ed donde la visi\u00f3n 50\/50 entra en juego: un plan ambicioso para mantener al menos la mitad de todo el tr\u00e1fico de Internet en econom\u00edas seleccionadas para 2025.","_links":{"self":[{"href":"https:\/\/www.internetsociety.org\/es\/wp-json\/wp\/v2\/pages\/192460","targetHints":{"allow":["GET"]}}],"collection":[{"href":"https:\/\/www.internetsociety.org\/es\/wp-json\/wp\/v2\/pages"}],"about":[{"href":"https:\/\/www.internetsociety.org\/es\/wp-json\/wp\/v2\/types\/page"}],"author":[{"embeddable":true,"href":"https:\/\/www.internetsociety.org\/es\/wp-json\/wp\/v2\/users\/46"}],"replies":[{"embeddable":true,"href":"https:\/\/www.internetsociety.org\/es\/wp-json\/wp\/v2\/comments?post=192460"}],"version-history":[{"count":0,"href":"https:\/\/www.internetsociety.org\/es\/wp-json\/wp\/v2\/pages\/192460\/revisions"}],"up":[{"embeddable":true,"href":"https:\/\/www.internetsociety.org\/es\/wp-json\/wp\/v2\/pages\/168098"}],"wp:featuredmedia":[{"embeddable":true,"href":"https:\/\/www.internetsociety.org\/es\/wp-json\/wp\/v2\/media\/192297"}],"wp:attachment":[{"href":"https:\/\/www.internetsociety.org\/es\/wp-json\/wp\/v2\/media?parent=192460"}],"wp:term":[{"taxonomy":"category","embeddable":true,"href":"https:\/\/www.internetsociety.org\/es\/wp-json\/wp\/v2\/categories?post=192460"},{"taxonomy":"post_tag","embeddable":true,"href":"https:\/\/www.internetsociety.org\/es\/wp-json\/wp\/v2\/tags?post=192460"},{"taxonomy":"region_news_regions","embeddable":true,"href":"https:\/\/www.internetsociety.org\/es\/wp-json\/wp\/v2\/region_news_regions?post=192460"},{"taxonomy":"content_category","embeddable":true,"href":"https:\/\/www.internetsociety.org\/es\/wp-json\/wp\/v2\/content_category?post=192460"},{"taxonomy":"author","embeddable":true,"href":"https:\/\/www.internetsociety.org\/es\/wp-json\/wp\/v2\/ppma_author?post=192460"}],"curies":[{"name":"wp","href":"https:\/\/api.w.org\/{rel}","templated":true}]}}