{"id":190285,"date":"2023-04-07T15:19:12","date_gmt":"2023-04-07T15:19:12","guid":{"rendered":"https:\/\/www.internetsociety.org\/proteger-internet-contra-la-fragmentacion\/"},"modified":"2025-08-27T13:42:40","modified_gmt":"2025-08-27T13:42:40","slug":"proteger-internet-contra-la-fragmentacion","status":"publish","type":"page","link":"https:\/\/www.internetsociety.org\/es\/action-plan\/protecting-the-internet-against-fragmentation\/","title":{"rendered":"Proteger a Internet de la fragmentaci\u00f3n"},"content":{"rendered":"\n<section class=\"wp-block-uagb-columns uagb-columns__wrap uagb-columns__background-image uagb-columns__stack-mobile uagb-columns__valign- uagb-columns__gap-10 align uagb-block-54e3f01f uagb-columns__columns-1 uagb-columns__max_width-theme background-image-fallback-black\"><div class=\"uagb-columns__overlay\"><\/div><div class=\"uagb-columns__inner-wrap uagb-columns__columns-1\">\n<div class=\"wp-block-uagb-column uagb-column__wrap uagb-column__background-undefined uagb-block-2e3955ef\"><div class=\"uagb-column__overlay\"><\/div>\n<div style=\"height:100px\" aria-hidden=\"true\" class=\"wp-block-spacer\"><\/div>\n\n\n\n<h1 class=\"wp-block-heading has-neutral-white-color has-text-color\">Proteger a Internet de la fragmentaci\u00f3n<\/h1>\n\n\n\n<div style=\"height:100px\" aria-hidden=\"true\" class=\"wp-block-spacer\"><\/div>\n<\/div>\n<\/div><\/section>\n\n\n\n<div class=\"wp-block-columns is-layout-flex wp-container-core-columns-is-layout-9d6595d7 wp-block-columns-is-layout-flex\">\n<div class=\"wp-block-column is-layout-flow wp-block-column-is-layout-flow\" style=\"flex-basis:10%\"><\/div>\n\n\n\n<div class=\"wp-block-column is-layout-flow wp-block-column-is-layout-flow\" style=\"flex-basis:80%\">\n<div style=\"height:40px\" aria-hidden=\"true\" class=\"wp-block-spacer\"><\/div>\n\n\n\n<h2 class=\"wp-block-heading has-accent-purple-color has-text-color has-32-font-size\" id=\"we-will-equip-the-global-encryption-coalition-and-the-internet-society-community-with-the-tools-needed-to-help-increase-awareness-of-the-value-of-encryption\">Un Internet fragmentado no es Internet. Creemos en un Internet unificado, abierto y global del que puede beneficiarse y al que puede acceder todo el mundo. Trabajamos para defender Internet contra las decisiones que podr\u00edan fragmentarlo.<\/h2>\n\n\n\n<div style=\"height:40px\" aria-hidden=\"true\" class=\"wp-block-spacer\"><\/div>\n\n\n\n<p class=\"has-18-font-size\">Internet es una fuerza del bien. Crea oportunidades pr\u00e1cticamente infinitas para todo aquel que lo usa. Sin embargo, gobiernos y empresas de todo el mundo toman decisiones cada vez m\u00e1s arriesgadas que pueden afectar negativamente al Internet abierto y global, y puede que ni siquiera se den cuenta.<\/p>\n\n\n\n<p class=\"has-18-font-size\">Tenemos una visi\u00f3n de un Internet m\u00e1s global a largo plazo, no menos. Que m\u00e1s gente pueda acceder a esta herramienta esencial independientemente de su ubicaci\u00f3n geogr\u00e1fica. Para lograrlo, necesitamos urgentemente proteger y defender Internet de la fragmentaci\u00f3n en redes aisladas que no puedan conectarse o interoperar entre s\u00ed de forma eficiente. Defendemos Internet contra las amenazas m\u00e1s acuciantes que podr\u00edan alterar las propiedades fundamentales que necesita Internet para <a href=\"https:\/\/www.internetsociety.org\/es\/resources\/doc\/2020\/internet-impact-assessment-toolkit\/critical-properties-of-the-internet\/\" target=\"_blank\" rel=\"noreferrer noopener\">existir<\/a> y <a href=\"https:\/\/www.internetsociety.org\/es\/resources\/doc\/2021\/enablers-of-open-globally-connected-secure-trustworthy-internet\/\" target=\"_blank\" rel=\"noreferrer noopener\">prosperar<\/a>.<\/p>\n<\/div>\n\n\n\n<div class=\"wp-block-column is-layout-flow wp-block-column-is-layout-flow\" style=\"flex-basis:10%\"><\/div>\n<\/div>\n\n\n\n<div style=\"height:30px\" aria-hidden=\"true\" class=\"wp-block-spacer\"><\/div>\n\n\n\n<div class=\"wp-block-columns margin-bottom-0 has-neutral-white-background-color has-background is-layout-flex wp-container-core-columns-is-layout-9d6595d7 wp-block-columns-is-layout-flex\">\n<div class=\"wp-block-column is-layout-flow wp-block-column-is-layout-flow\" style=\"flex-basis:5.5%\"><\/div>\n\n\n\n<div class=\"wp-block-column is-layout-flow wp-block-column-is-layout-flow\" style=\"flex-basis:89%\">\n<div style=\"height:40px\" aria-hidden=\"true\" class=\"wp-block-spacer\"><\/div>\n\n\n\n<div class=\"wp-block-media-text alignwide has-media-on-the-right is-stacked-on-mobile is-vertically-aligned-top is-image-fill-element\" style=\"grid-template-columns:auto 33%\"><div class=\"wp-block-media-text__content\">\n<div class=\"wp-block-uagb-info-box uagb-block-e9477f56 uagb-infobox__content-wrap  uagb-infobox-icon-above-title uagb-infobox-image-valign-top\"><div class=\"uagb-ifb-content\"><div class=\"uagb-ifb-title-wrap\"><h3 class=\"uagb-ifb-title\">Todos debemos defender a Internet para evitar que se fragmente.<\/h3><\/div><p class=\"uagb-ifb-desc\">Internet es para todas las personas. Es el medio de la gente.<br><br>Hay que resistirse a las pol\u00edticas y decisiones que amenazan con fragmentar Internet. Internet es nuestra.<\/p><\/div><\/div>\n\n\n\n<div style=\"height:20px\" aria-hidden=\"true\" class=\"wp-block-spacer\"><\/div>\n\n\n\n<div class=\"wp-block-buttons is-layout-flex wp-block-buttons-is-layout-flex\">\n<div class=\"wp-block-button\"><a class=\"wp-block-button__link has-neutral-white-color has-depth-green-background-color has-text-color has-background wp-element-button\" href=\"https:\/\/www.internetsociety.org\/action-plan\/protecting-the-internet-against-fragmentation\/our-net\/\">Ay\u00fadanos a proteger a Internet de la fragmentaci\u00f3n<\/a><\/div>\n<\/div>\n<\/div><figure class=\"wp-block-media-text__media\"><img decoding=\"async\" src=\"https:\/\/www.internetsociety.org\/wp-content\/uploads\/2023\/11\/two-women-Africa-summit-600.jpg\" alt=\"two women at a balcony hugged smiling\" class=\"wp-image-202757 size-large\" style=\"object-position:69% 44%\"\/><\/figure><\/div>\n\n\n\n<div style=\"height:40px\" aria-hidden=\"true\" class=\"wp-block-spacer\"><\/div>\n<\/div>\n\n\n\n<div class=\"wp-block-column is-layout-flow wp-block-column-is-layout-flow\" style=\"flex-basis:7%\"><\/div>\n<\/div>\n\n\n\n<div class=\"wp-block-columns is-layout-flex wp-container-core-columns-is-layout-9d6595d7 wp-block-columns-is-layout-flex\">\n<div class=\"wp-block-column is-layout-flow wp-block-column-is-layout-flow\" style=\"flex-basis:10%\"><\/div>\n\n\n\n<div class=\"wp-block-column is-layout-flow wp-block-column-is-layout-flow\" style=\"flex-basis:80%\">\n<div style=\"height:40px\" aria-hidden=\"true\" class=\"wp-block-spacer\"><\/div>\n\n\n\n<h4 class=\"wp-block-heading has-green-color has-text-color\" id=\"how-the-ndss-symposium-helps-to-strengthen-the-internet\">Fortalecimiento de Internet <\/h4>\n\n\n\n<div style=\"height:30px\" aria-hidden=\"true\" class=\"wp-block-spacer\"><\/div>\n\n\n\n<p class=\"has-18-font-size\">Fortalecemos Internet de la siguiente manera:<\/p>\n\n\n\n<ul class=\"wp-block-list has-18-font-size\">\n<li>Educando a los responsables pol\u00edticos y a las personas con poder de decision sobre la importancia de un Internet abierto y global.<\/li>\n\n\n\n<li>Trabajando con defensores en todo el mundo para posicionarse en contra de la fragmentaci\u00f3n<\/li>\n\n\n\n<li>Creando una narrativa entre la opini\u00f3n p\u00fablica sobre la necesidad de que Internet siga siendo abierto e interoperable<\/li>\n\n\n\n<li>Creando una red de organizaciones y empresas para promover y defender Internet<\/li>\n<\/ul>\n\n\n\n<div style=\"height:40px\" aria-hidden=\"true\" class=\"wp-block-spacer\"><\/div>\n\n\n\n<h4 class=\"wp-block-heading has-green-color has-text-color\" id=\"how-the-ndss-symposium-helps-to-strengthen-the-internet\">Participe <\/h4>\n\n\n\n<div style=\"height:20px\" aria-hidden=\"true\" class=\"wp-block-spacer\"><\/div>\n<\/div>\n\n\n\n<div class=\"wp-block-column is-layout-flow wp-block-column-is-layout-flow\" style=\"flex-basis:10%\"><\/div>\n<\/div>\n\n\n\n<div class=\"wp-block-columns is-layout-flex wp-container-core-columns-is-layout-9d6595d7 wp-block-columns-is-layout-flex\">\n<div class=\"wp-block-column is-layout-flow wp-block-column-is-layout-flow\" style=\"flex-basis:11%\"><\/div>\n\n\n\n<div class=\"wp-block-column is-layout-flow wp-block-column-is-layout-flow\" style=\"flex-basis:20%\">\n<figure class=\"wp-block-image size-full is-style-default margin-bottom-0 vertical-align-bottom\"><img loading=\"lazy\" decoding=\"async\" width=\"450\" height=\"200\" src=\"https:\/\/www.internetsociety.org\/wp-content\/uploads\/2023\/08\/two-girls-computer-small.jpg\" alt=\"dos ni\u00f1as sentadas mirando pantallas de port\u00e1tiles\" class=\"wp-image-196121\" srcset=\"https:\/\/www.internetsociety.org\/wp-content\/uploads\/2023\/08\/two-girls-computer-small.jpg 450w, https:\/\/www.internetsociety.org\/wp-content\/uploads\/2023\/08\/two-girls-computer-small-250x111.jpg 250w\" sizes=\"auto, (max-width: 450px) 100vw, 450px\" \/><\/figure>\n\n\n\n<div class=\"wp-block-cover is-light\" style=\"min-height:100px;aspect-ratio:unset;\"><span aria-hidden=\"true\" class=\"wp-block-cover__background has-neutral-white-background-color has-background-dim-100 has-background-dim\"><\/span><div class=\"wp-block-cover__inner-container is-layout-flow wp-block-cover-is-layout-flow\">\n<div class=\"wp-block-uagb-info-box uagb-block-d3370bf1 uagb-infobox__content-wrap  uagb-infobox_cta-type-all uagb-infobox-icon-above-title uagb-infobox-image-valign-top\"><a href=\"https:\/\/internetsociety.org\/resources\/internet-fragmentation\/\" class=\"uagb-infobox-link-wrap uagb-infbox__link-to-all\" target=\"_self\" aria-label=\"Infobox Link\" rel=\"noopener noreferrer\" onclick=\"return true;\"><\/a><div class=\"uagb-ifb-content\"><div class=\"uagb-ifb-title-wrap\"><h5 class=\"uagb-ifb-title\">\u00bfQu\u00e9 es la fragmentaci\u00f3n de Internet?<\/h5><\/div><p class=\"uagb-ifb-desc\">La fragmentaci\u00f3n de Internet nos afecta a todos. Conozca las diferentes formas en que est\u00e1 rompiendo Internet. <\/p><div class=\"uagb-ifb-button-wrapper wp-block-button\"><\/div><\/div><\/div>\n<\/div><\/div>\n\n\n\n<div style=\"height:30px\" aria-hidden=\"true\" class=\"wp-block-spacer\"><\/div>\n<\/div>\n\n\n\n<div class=\"wp-block-column is-layout-flow wp-block-column-is-layout-flow\" style=\"flex-basis:20%\">\n<figure class=\"wp-block-image size-full is-style-default margin-bottom-0 vertical-align-bottom\"><img loading=\"lazy\" decoding=\"async\" width=\"450\" height=\"200\" src=\"https:\/\/www.internetsociety.org\/wp-content\/uploads\/2023\/03\/forest-trees.jpg\" alt=\"\u00e1rboles de un bosque vistos desde arriba\" class=\"wp-image-188848\" srcset=\"https:\/\/www.internetsociety.org\/wp-content\/uploads\/2023\/03\/forest-trees.jpg 450w, https:\/\/www.internetsociety.org\/wp-content\/uploads\/2023\/03\/forest-trees-250x111.jpg 250w\" sizes=\"auto, (max-width: 450px) 100vw, 450px\" \/><\/figure>\n\n\n\n<div class=\"wp-block-cover is-light\" style=\"min-height:100px;aspect-ratio:unset;\"><span aria-hidden=\"true\" class=\"wp-block-cover__background has-neutral-white-background-color has-background-dim-100 has-background-dim\"><\/span><div class=\"wp-block-cover__inner-container is-layout-flow wp-block-cover-is-layout-flow\">\n<div class=\"wp-block-uagb-info-box uagb-block-4203aab3 uagb-infobox__content-wrap  uagb-infobox_cta-type-all uagb-infobox-icon-above-title uagb-infobox-image-valign-top\"><a href=\"https:\/\/internetsociety.org\/resources\/internet-impact-assessment-toolkit\/\" class=\"uagb-infobox-link-wrap uagb-infbox__link-to-all\" target=\"_self\" aria-label=\"Infobox Link\" rel=\"noopener noreferrer\" onclick=\"return true;\"><\/a><div class=\"uagb-ifb-content\"><div class=\"uagb-ifb-title-wrap\"><h5 class=\"uagb-ifb-title\">Inf\u00f3rmate sobre lo que necesita Internet para existir y prosperar<\/h5><\/div><p class=\"uagb-ifb-desc\">Accede a una herramienta pr\u00e1ctica que nos ayuda a evaluar si una pol\u00edtica o decisi\u00f3n puede repercutir en Internet.<\/p><div class=\"uagb-ifb-button-wrapper wp-block-button\"><\/div><\/div><\/div>\n<\/div><\/div>\n\n\n\n<div style=\"height:30px\" aria-hidden=\"true\" class=\"wp-block-spacer\"><\/div>\n<\/div>\n\n\n\n<div class=\"wp-block-column is-layout-flow wp-block-column-is-layout-flow\" style=\"flex-basis:20%\">\n<figure class=\"wp-block-image size-full is-style-default margin-bottom-0 vertical-align-bottom\"><img loading=\"lazy\" decoding=\"async\" width=\"450\" height=\"200\" src=\"https:\/\/www.internetsociety.org\/wp-content\/uploads\/2023\/03\/fellow_portraitsmall.jpg\" alt=\"un hombre sonriendo a c\u00e1mara\" class=\"wp-image-188842\" srcset=\"https:\/\/www.internetsociety.org\/wp-content\/uploads\/2023\/03\/fellow_portraitsmall.jpg 450w, https:\/\/www.internetsociety.org\/wp-content\/uploads\/2023\/03\/fellow_portraitsmall-250x111.jpg 250w\" sizes=\"auto, (max-width: 450px) 100vw, 450px\" \/><\/figure>\n\n\n\n<div class=\"wp-block-cover is-light\" style=\"min-height:100px;aspect-ratio:unset;\"><span aria-hidden=\"true\" class=\"wp-block-cover__background has-neutral-white-background-color has-background-dim-100 has-background-dim\"><\/span><div class=\"wp-block-cover__inner-container is-layout-flow wp-block-cover-is-layout-flow\">\n<div class=\"wp-block-uagb-info-box uagb-block-46cc5003 uagb-infobox__content-wrap  uagb-infobox_cta-type-all uagb-infobox-icon-above-title uagb-infobox-image-valign-top\"><a href=\"https:\/\/www.internetsociety.org\/get-involved\/advocate\/\" class=\"uagb-infobox-link-wrap uagb-infbox__link-to-all\" target=\"_self\" aria-label=\"Infobox Link\" rel=\"noopener noreferrer\" onclick=\"return true;\"><\/a><div class=\"uagb-ifb-content\"><div class=\"uagb-ifb-title-wrap\"><h5 class=\"uagb-ifb-title\">Hazte defensor de Internet<\/h5><\/div><p class=\"uagb-ifb-desc\">\u00bfHas detectado alguna amenaza para que Internet siga siendo abierto?<br>Cu\u00e9ntanoslo.<\/p><div class=\"uagb-ifb-button-wrapper wp-block-button\"><\/div><\/div><\/div>\n<\/div><\/div>\n\n\n\n<div style=\"height:30px\" aria-hidden=\"true\" class=\"wp-block-spacer\"><\/div>\n<\/div>\n\n\n\n<div class=\"wp-block-column is-layout-flow wp-block-column-is-layout-flow\" style=\"flex-basis:20%\">\n<figure class=\"wp-block-image size-full is-style-default margin-bottom-0 vertical-align-bottom\"><img loading=\"lazy\" decoding=\"async\" width=\"449\" height=\"200\" src=\"https:\/\/www.internetsociety.org\/wp-content\/uploads\/2023\/03\/people-smiling-small.jpg\" alt=\"tres mujeres de pie y un hombre con un tel\u00e9fono en la mano\" class=\"wp-image-188852\" srcset=\"https:\/\/www.internetsociety.org\/wp-content\/uploads\/2023\/03\/people-smiling-small.jpg 449w, https:\/\/www.internetsociety.org\/wp-content\/uploads\/2023\/03\/people-smiling-small-250x111.jpg 250w\" sizes=\"auto, (max-width: 449px) 100vw, 449px\" \/><\/figure>\n\n\n\n<div class=\"wp-block-cover is-light\" style=\"min-height:100px;aspect-ratio:unset;\"><span aria-hidden=\"true\" class=\"wp-block-cover__background has-neutral-white-background-color has-background-dim-100 has-background-dim\"><\/span><div class=\"wp-block-cover__inner-container is-layout-flow wp-block-cover-is-layout-flow\">\n<div class=\"wp-block-uagb-info-box uagb-block-1a6a2cda uagb-infobox__content-wrap  uagb-infobox_cta-type-all uagb-infobox-icon-above-title uagb-infobox-image-valign-top\"><a href=\"mailto:stopfragmentation@isoc.org\" class=\"uagb-infobox-link-wrap uagb-infbox__link-to-all\" target=\"_self\" aria-label=\"Infobox Link\" rel=\"noopener noreferrer\" onclick=\"return true;\"><\/a><div class=\"uagb-ifb-content\"><div class=\"uagb-ifb-title-wrap\"><h5 class=\"uagb-ifb-title\">Ponte en contacto<\/h5><\/div><p class=\"uagb-ifb-desc\">Ponte en contacto con nuestro equipo para obtener m\u00e1s informaci\u00f3n sobre c\u00f3mo podemos proteger Internet contra la fragmentaci\u00f3n.<\/p><div class=\"uagb-ifb-button-wrapper wp-block-button\"><\/div><\/div><\/div>\n<\/div><\/div>\n\n\n\n<div style=\"height:30px\" aria-hidden=\"true\" class=\"wp-block-spacer\"><\/div>\n<\/div>\n\n\n\n<div class=\"wp-block-column is-layout-flow wp-block-column-is-layout-flow\" style=\"flex-basis:11%\"><\/div>\n<\/div>\n\n\n\n<div class=\"wp-block-columns margin-bottom-0 has-neutral-white-background-color has-background is-layout-flex wp-container-core-columns-is-layout-9d6595d7 wp-block-columns-is-layout-flex\">\n<div class=\"wp-block-column is-layout-flow wp-block-column-is-layout-flow\" style=\"flex-basis:10%\"><\/div>\n\n\n\n<div class=\"wp-block-column is-layout-flow wp-block-column-is-layout-flow\" style=\"flex-basis:80%\">\n<div style=\"height:40px\" aria-hidden=\"true\" class=\"wp-block-spacer\"><\/div>\n\n\n\n<h4 class=\"wp-block-heading has-depth-teal-color has-text-color\" id=\"how-the-ndss-symposium-helps-to-strengthen-the-internet\">\u00daltimas noticias<\/h4>\n\n\n\n<div style=\"height:30px\" aria-hidden=\"true\" class=\"wp-block-spacer\"><\/div>\n\n\n\n\t\t\t<div class=\"wp-block-uagb-post-grid uagb-post-grid  uagb-post__image-position-top uagb-post__image-disabled uagb-block-3a8e5b2f     uagb-post__items uagb-post__columns-3 is-grid uagb-post__columns-tablet-2 uagb-post__columns-mobile-1 uagb-post__equal-height\" data-total=\"0\" style=\"\">\n\n\t\t\t\t\t\t\t\t\t<p class=\"uagb-post__no-posts\">\n\t\t\t\t\t\tNo post found!\t\t\t\t\t<\/p>\n\t\t\t\t\t\t\t\t\t\t<div class=\"uagb-post-pagination-wrap\">\n\t\t\t\t\t\t\t\t\t\t\t<\/div>\n\t\t\t\t\t\t\t\t<\/div>\n\t\t\t\n\n\n\n\n<div style=\"height:40px\" aria-hidden=\"true\" class=\"wp-block-spacer\"><\/div>\n<\/div>\n\n\n\n<div class=\"wp-block-column is-layout-flow wp-block-column-is-layout-flow\" style=\"flex-basis:10%\"><\/div>\n<\/div>\n\n\n\n<p class=\"has-text-align-center has-neutral-white-color has-ground-navy-background-color has-text-color has-background has-12-font-size\">Cr\u00e9dito de la imagen: <br>Juntos somos m\u00e1s fuertes \u00danete a Uncoalition: \u00a9 Nyani Quarmyne\/Panos Pictures, Convi\u00e9rtete en un defensor de Internet: \u00a9Frederic Courbet\/Panos Pictures<\/p>\n","protected":false},"excerpt":{"rendered":"<p>Un Internet fragmentado no es Internet. Trabajamos para defender Internet contra las decisiones que podr\u00edan fragmentarlo. <\/p>\n","protected":false},"author":46,"featured_media":179811,"parent":181935,"menu_order":0,"comment_status":"closed","ping_status":"closed","template":"page-wide.php","meta":{"_acf_changed":false,"_uag_custom_page_level_css":"","footnotes":""},"categories":[4898,4910],"tags":[],"region_news_regions":[],"content_category":[],"ppma_author":[4057],"class_list":["post-190285","page","type-page","status-publish","has-post-thumbnail","hentry","category-strong-internet","category-fortalecimiento-de-internet"],"acf":[],"uagb_featured_image_src":{"full":["https:\/\/www.internetsociety.org\/wp-content\/uploads\/2022\/10\/chuttersnap-cGXdjyP6-NU-unsplash-1280x550-1.jpg",1280,550,false],"thumbnail":["https:\/\/www.internetsociety.org\/wp-content\/uploads\/2022\/10\/chuttersnap-cGXdjyP6-NU-unsplash-1280x550-1-150x150.jpg",150,150,true],"medium":["https:\/\/www.internetsociety.org\/wp-content\/uploads\/2022\/10\/chuttersnap-cGXdjyP6-NU-unsplash-1280x550-1-450x193.jpg",450,193,true],"medium_large":["https:\/\/www.internetsociety.org\/wp-content\/uploads\/2022\/10\/chuttersnap-cGXdjyP6-NU-unsplash-1280x550-1-768x330.jpg",768,330,true],"large":["https:\/\/www.internetsociety.org\/wp-content\/uploads\/2022\/10\/chuttersnap-cGXdjyP6-NU-unsplash-1280x550-1-1024x440.jpg",1024,440,true],"1536x1536":["https:\/\/www.internetsociety.org\/wp-content\/uploads\/2022\/10\/chuttersnap-cGXdjyP6-NU-unsplash-1280x550-1.jpg",1280,550,false],"2048x2048":["https:\/\/www.internetsociety.org\/wp-content\/uploads\/2022\/10\/chuttersnap-cGXdjyP6-NU-unsplash-1280x550-1.jpg",1280,550,false],"post-thumbnail":["https:\/\/www.internetsociety.org\/wp-content\/uploads\/2022\/10\/chuttersnap-cGXdjyP6-NU-unsplash-1280x550-1-250x107.jpg",250,107,true],"square":["https:\/\/www.internetsociety.org\/wp-content\/uploads\/2022\/10\/chuttersnap-cGXdjyP6-NU-unsplash-1280x550-1-600x550.jpg",600,550,true],"gform-image-choice-sm":["https:\/\/www.internetsociety.org\/wp-content\/uploads\/2022\/10\/chuttersnap-cGXdjyP6-NU-unsplash-1280x550-1.jpg",300,129,false],"gform-image-choice-md":["https:\/\/www.internetsociety.org\/wp-content\/uploads\/2022\/10\/chuttersnap-cGXdjyP6-NU-unsplash-1280x550-1.jpg",400,172,false],"gform-image-choice-lg":["https:\/\/www.internetsociety.org\/wp-content\/uploads\/2022\/10\/chuttersnap-cGXdjyP6-NU-unsplash-1280x550-1.jpg",600,258,false]},"uagb_author_info":{"display_name":"Ivana Trbovic","author_link":"https:\/\/www.internetsociety.org\/es\/author\/trbovic\/"},"uagb_comment_info":0,"uagb_excerpt":"Un Internet fragmentado no es Internet. Trabajamos para defender Internet contra las decisiones que podr\u00edan fragmentarlo.","_links":{"self":[{"href":"https:\/\/www.internetsociety.org\/es\/wp-json\/wp\/v2\/pages\/190285","targetHints":{"allow":["GET"]}}],"collection":[{"href":"https:\/\/www.internetsociety.org\/es\/wp-json\/wp\/v2\/pages"}],"about":[{"href":"https:\/\/www.internetsociety.org\/es\/wp-json\/wp\/v2\/types\/page"}],"author":[{"embeddable":true,"href":"https:\/\/www.internetsociety.org\/es\/wp-json\/wp\/v2\/users\/46"}],"replies":[{"embeddable":true,"href":"https:\/\/www.internetsociety.org\/es\/wp-json\/wp\/v2\/comments?post=190285"}],"version-history":[{"count":0,"href":"https:\/\/www.internetsociety.org\/es\/wp-json\/wp\/v2\/pages\/190285\/revisions"}],"up":[{"embeddable":true,"href":"https:\/\/www.internetsociety.org\/es\/wp-json\/wp\/v2\/pages\/181935"}],"wp:featuredmedia":[{"embeddable":true,"href":"https:\/\/www.internetsociety.org\/es\/wp-json\/wp\/v2\/media\/179811"}],"wp:attachment":[{"href":"https:\/\/www.internetsociety.org\/es\/wp-json\/wp\/v2\/media?parent=190285"}],"wp:term":[{"taxonomy":"category","embeddable":true,"href":"https:\/\/www.internetsociety.org\/es\/wp-json\/wp\/v2\/categories?post=190285"},{"taxonomy":"post_tag","embeddable":true,"href":"https:\/\/www.internetsociety.org\/es\/wp-json\/wp\/v2\/tags?post=190285"},{"taxonomy":"region_news_regions","embeddable":true,"href":"https:\/\/www.internetsociety.org\/es\/wp-json\/wp\/v2\/region_news_regions?post=190285"},{"taxonomy":"content_category","embeddable":true,"href":"https:\/\/www.internetsociety.org\/es\/wp-json\/wp\/v2\/content_category?post=190285"},{"taxonomy":"author","embeddable":true,"href":"https:\/\/www.internetsociety.org\/es\/wp-json\/wp\/v2\/ppma_author?post=190285"}],"curies":[{"name":"wp","href":"https:\/\/api.w.org\/{rel}","templated":true}]}}