{"id":187009,"date":"2023-02-10T11:53:21","date_gmt":"2023-02-10T11:53:21","guid":{"rendered":"https:\/\/www.internetsociety.org\/programa-de-financiacion-de-comunidades-tecnicas-sostenibles\/"},"modified":"2026-01-08T17:23:23","modified_gmt":"2026-01-08T17:23:23","slug":"programa-de-financiacion-de-comunidades-tecnicas-sostenibles","status":"publish","type":"page","link":"https:\/\/www.internetsociety.org\/es\/funding-areas\/sustainable-technical-communities\/","title":{"rendered":"Programa de Financiaci\u00f3n de Comunidades T\u00e9cnicas Sostenibles"},"content":{"rendered":"\n<div class=\"wp-block-cover is-light\" style=\"min-height:400px;aspect-ratio:unset;\"><img loading=\"lazy\" decoding=\"async\" width=\"1280\" height=\"550\" class=\"wp-block-cover__image-background wp-image-176609\" alt=\"Peering bilateral discussions at AfPIF in Balaclava, Mauritius on 21 August 2019.\" src=\"https:\/\/www.internetsociety.org\/wp-content\/uploads\/2022\/08\/20190821_162551_DSCF2362.jpeg\" style=\"object-position:51% 29%\" data-object-fit=\"cover\" data-object-position=\"51% 29%\" srcset=\"https:\/\/www.internetsociety.org\/wp-content\/uploads\/2022\/08\/20190821_162551_DSCF2362.jpeg 1280w, https:\/\/www.internetsociety.org\/wp-content\/uploads\/2022\/08\/20190821_162551_DSCF2362-450x193.jpeg 450w, https:\/\/www.internetsociety.org\/wp-content\/uploads\/2022\/08\/20190821_162551_DSCF2362-1024x440.jpeg 1024w, https:\/\/www.internetsociety.org\/wp-content\/uploads\/2022\/08\/20190821_162551_DSCF2362-768x330.jpeg 768w, https:\/\/www.internetsociety.org\/wp-content\/uploads\/2022\/08\/20190821_162551_DSCF2362-250x107.jpeg 250w\" sizes=\"auto, (max-width: 1280px) 100vw, 1280px\" \/><span aria-hidden=\"true\" class=\"wp-block-cover__background has-background-dim-0 has-background-dim\"><\/span><div class=\"wp-block-cover__inner-container is-layout-flow wp-block-cover-is-layout-flow\">\n<p class=\"has-text-align-center has-large-font-size\"><\/p>\n<\/div><\/div>\n\n\n\n<section class=\"wp-block-uagb-columns uagb-columns__wrap uagb-columns__background-color uagb-columns__stack-mobile uagb-columns__valign- uagb-columns__gap-10 align uagb-block-e4192ee4 uagb-columns__columns-2 uagb-columns__max_width-theme\"><div class=\"uagb-columns__overlay\"><\/div><div class=\"uagb-columns__inner-wrap uagb-columns__columns-2\">\n<div class=\"wp-block-uagb-column uagb-column__wrap uagb-column__background-color uagb-block-be62980f\"><div class=\"uagb-column__overlay\"><\/div>\n<div style=\"height:40px\" aria-hidden=\"true\" class=\"wp-block-spacer\"><\/div>\n\n\n\n<section class=\"wp-block-uagb-columns uagb-columns__wrap uagb-columns__background-color uagb-columns__stack-mobile uagb-columns__valign- uagb-columns__gap-10 align uagb-block-98a651be uagb-columns__columns-1 uagb-columns__max_width-theme background-image-fallback-black\"><div class=\"uagb-columns__overlay\"><\/div><div class=\"uagb-columns__inner-wrap uagb-columns__columns-1\">\n<div class=\"wp-block-uagb-column uagb-column__wrap uagb-column__background-color uagb-block-1eca0a7e\"><div class=\"uagb-column__overlay\"><\/div>\n<h5 class=\"wp-block-heading has-white-color has-text-color\" id=\"at-a-glance\">De un vistazo<\/h5>\n\n\n\n<div style=\"height:20px\" aria-hidden=\"true\" class=\"wp-block-spacer\"><\/div>\n\n\n\n<p class=\"has-white-color has-text-color has-18-font-size\">Estado actual:<br>Cerrado<\/p>\n\n\n\n<p class=\"has-neutral-white-color has-text-color has-18-font-size\"><a href=\"#eligibility\">Elegibilidad<\/a><\/p>\n<p class=\"has-neutral-white-color has-text-color has-18-font-size\"><a href=\"#apply\">Instrucciones para presentar una solicitud<\/a><\/p>\n<\/div>\n<\/div><\/section>\n<\/div>\n\n\n\n<div class=\"wp-block-uagb-column uagb-column__wrap uagb-column__background-undefined uagb-block-cb247e72\"><div class=\"uagb-column__overlay\"><\/div>\n<div style=\"height:40px\" aria-hidden=\"true\" class=\"wp-block-spacer\"><\/div>\n\n\n\n<h1 class=\"wp-block-heading has-text-align-left has-depth-teal-color has-text-color\">Programa de Financiaci\u00f3n de Comunidades T\u00e9cnicas Sostenibles<\/h1>\n\n\n\n<div style=\"height:20px\" aria-hidden=\"true\" class=\"wp-block-spacer\"><\/div>\n\n\n\n<h2 class=\"wp-block-heading has-green-color has-text-color has-32-font-size\">Tenga en cuenta que el Programa de Financiamiento para Comunidades T\u00e9cnicas Sostenibles ha sido descontinuado y ya no est\u00e1 activo. Internet Society Foundation contin\u00faa apoyando a las comunidades t\u00e9cnicas mediante otras \u00e1reas de financiamiento. Visite nuestra p\u00e1gina de\u00a0<a href=\"https:\/\/www.isocfoundation.org\/es\/programas-de-subvenciones\/\" target=\"_blank\" rel=\"noreferrer noopener\">\u00c1reas de Financiamiento<\/a>\u00a0para explorar los programas y las oportunidades actuales.<\/h2>\n\n\n\n<div style=\"height:20px\" aria-hidden=\"true\" class=\"wp-block-spacer\"><\/div>\n\n\n\n<p>El programa de financiaci\u00f3n de comunidades t\u00e9cnicas sostenibles fomenta la organizaci\u00f3n de eventos t\u00e9cnicos, con el fin de capacitar a comunidades t\u00e9cnicas fuertes y sostenibles. <\/p>\n\n\n\n<div style=\"height:20px\" aria-hidden=\"true\" class=\"wp-block-spacer\"><\/div>\n\n\n\n<h3 class=\"wp-block-heading has-depth-teal-color has-text-color\">Objetivos del programa<\/h3>\n\n\n\n<div style=\"height:20px\" aria-hidden=\"true\" class=\"wp-block-spacer\"><\/div>\n\n\n\n<ul class=\"wp-block-list\">\n<li>Contribuir al intercambio de conocimientos y buenas pr\u00e1cticas sobre temas t\u00e9cnicos relacionados con el desarrollo y la evoluci\u00f3n de Internet, incluida la interconexi\u00f3n.<\/li>\n\n\n\n<li>Contribuir a reforzar la posici\u00f3n de las comunidades t\u00e9cnicas para ofrecer asesoramiento sobre la aplicaci\u00f3n de las pol\u00edticas y normativas relacionadas con Internet, y servir de centro de referencia sobre conocimientos t\u00e9cnicos para su(s) ecosistema(s) identificado(s).<\/li>\n\n\n\n<li>Apoyar a las comunidades t\u00e9cnicas para que aumenten los conocimientos t\u00e9cnicos en su(s) ecosistema(s) mediante formaci\u00f3n, contenidos y mejores pr\u00e1cticas sobre gobernanza y actividades administrativas.<\/li>\n\n\n\n<li>Reforzar el impacto de la misi\u00f3n de Internet Society Foundation mediante un di\u00e1logo abierto y colaborativo y acciones de seguimiento de los eventos financiados.<\/li>\n<\/ul>\n\n\n\n<p>La financiaci\u00f3n puede cubrir los costes asociados a la celebraci\u00f3n del acto (alquiler del espacio, catering) y\/o los costes asociados al fomento de una participaci\u00f3n diversa (publicidad, divulgaci\u00f3n).<\/p>\n\n\n\n<div style=\"height:20px\" aria-hidden=\"true\" class=\"wp-block-spacer\"><\/div>\n\n\n\n<h3 class=\"wp-block-heading has-depth-teal-color has-text-color\" id=\"definition\">\u00bfQu\u00e9 es una comunidad t\u00e9cnica?<\/h3>\n\n\n\n<div style=\"height:20px\" aria-hidden=\"true\" class=\"wp-block-spacer\"><\/div>\n\n\n\n<p>Una comunidad t\u00e9cnica es un grupo de personas afines con cierto grado de conocimiento t\u00e9cnico que se re\u00fanen a trav\u00e9s de diferentes canales, con la intenci\u00f3n de construir, promover y defender una Internet abierta, conectada globalmente, confiable y segura basada en las necesidades locales y regionales. Las personas tambi\u00e9n pueden reunirse alrededor de temas espec\u00edficos, sin estar, necesariamente, ubicados en el mismo pa\u00eds o territorio. Para lograr sus objetivos, una comunidad t\u00e9cnica puede llevar a cabo actividades de desarrollo de capacidades, aprovechar las alianzas con actores relevantes a nivel local\/regional, ofrecer asesoramiento sobre la implementaci\u00f3n de pol\u00edticas y regulaciones relacionadas con Internet, y servir como punto focal de experiencia t\u00e9cnica para su ecosistema local o regional. Algunos ejemplos de comunidades t\u00e9cnicas incluyen: Grupos de operadores de red (NOG), Redes nacionales de investigaci\u00f3n y educaci\u00f3n (NREN), Operadores de dominio de nivel superior con c\u00f3digo de pa\u00eds (ccTLD), CSIRT, entre otros.<\/p>\n\n\n\n<div class=\"wp-block-buttons is-layout-flex wp-block-buttons-is-layout-flex\">\n<div class=\"wp-block-button\"><a class=\"wp-block-button__link has-ground-navy-color has-ground-green-background-color has-text-color has-background wp-element-button\" href=\"https:\/\/www.internetsociety.org\/es\/blog\/2023\/10\/recursos-y-herramientas-para-crear-una-comunidad-tecnica\/\"><strong>Aprenda c\u00f3mo construir y mantener una comunidad t\u00e9cnica<\/strong><\/a><\/div>\n<\/div>\n\n\n\n<div style=\"height:40px\" aria-hidden=\"true\" class=\"wp-block-spacer\"><\/div>\n\n\n\n<h3 class=\"wp-block-heading has-text-align-left has-depth-teal-color has-text-color\">\u00bfTienes alguna pregunta?<\/h3>\n\n\n\n<div style=\"height:20px\" aria-hidden=\"true\" class=\"wp-block-spacer\"><\/div>\n\n\n\n<p>Si tienes alguna pregunta sobre este programa o el proceso de solicitud, <a href=\"mailto:foundation@isocfoundation.org\">ponte en contacto con nosotros<\/a>.<\/p>\n\n\n\n<p>Si deseas obtener m\u00e1s informaci\u00f3n sobre operaciones de red y peering, ofrecemos un grupo de cursos en l\u00ednea para cualquier persona interesada en reforzar tus conocimientos sobre estos temas: <a href=\"https:\/\/www.internetsociety.org\/learning\/ddcn\/\">Fundamentos de dise\u00f1o e implantaci\u00f3n de redes inform\u00e1ticas<\/a>, <a href=\"https:\/\/www.internetsociety.org\/learning\/network-operations\/\"> Introducci\u00f3n a las operaciones de red<\/a>, <a href=\"https:\/\/www.internetsociety.org\/learning\/advanced-network-operations\/\">Operaciones de red avanzadas 2.0<\/a> e <a href=\"https:\/\/www.internetsociety.org\/es\/learning\/ixp-2-0\/\">IXP 2.0<\/a>.<\/p>\n<\/div>\n<\/div><\/section>\n\n\n\n<p class=\"has-text-align-center has-white-color has-ground-navy-background-color has-text-color has-background has-12-font-size\">Cr\u00e9dito de la imagen: \u00a9 Nyani Quarmyne<\/p>\n","protected":false},"excerpt":{"rendered":"<p>Este programa de financiaci\u00f3n favorece la organizaci\u00f3n de eventos t\u00e9cnicos, con el fin de capacitar a comunidades t\u00e9cnicas fuertes y sostenibles. <\/p>\n","protected":false},"author":46,"featured_media":176611,"parent":167008,"menu_order":0,"comment_status":"closed","ping_status":"closed","template":"page-wide.php","meta":{"_acf_changed":false,"_uag_custom_page_level_css":"","footnotes":""},"categories":[99,67,119],"tags":[],"region_news_regions":[],"content_category":[],"ppma_author":[4057],"class_list":["post-187009","page","type-page","status-publish","has-post-thumbnail","hentry","category-about-internet-society","category-acceso-es","category-quienes-somos"],"acf":[],"uagb_featured_image_src":{"full":["https:\/\/www.internetsociety.org\/wp-content\/uploads\/2022\/08\/20190821_162551_DSCF2362.jpeg",1280,550,false],"thumbnail":["https:\/\/www.internetsociety.org\/wp-content\/uploads\/2022\/08\/20190821_162551_DSCF2362-150x150.jpeg",150,150,true],"medium":["https:\/\/www.internetsociety.org\/wp-content\/uploads\/2022\/08\/20190821_162551_DSCF2362-450x193.jpeg",450,193,true],"medium_large":["https:\/\/www.internetsociety.org\/wp-content\/uploads\/2022\/08\/20190821_162551_DSCF2362-768x330.jpeg",768,330,true],"large":["https:\/\/www.internetsociety.org\/wp-content\/uploads\/2022\/08\/20190821_162551_DSCF2362-1024x440.jpeg",1024,440,true],"1536x1536":["https:\/\/www.internetsociety.org\/wp-content\/uploads\/2022\/08\/20190821_162551_DSCF2362.jpeg",1280,550,false],"2048x2048":["https:\/\/www.internetsociety.org\/wp-content\/uploads\/2022\/08\/20190821_162551_DSCF2362.jpeg",1280,550,false],"post-thumbnail":["https:\/\/www.internetsociety.org\/wp-content\/uploads\/2022\/08\/20190821_162551_DSCF2362-250x107.jpeg",250,107,true],"square":["https:\/\/www.internetsociety.org\/wp-content\/uploads\/2022\/08\/20190821_162551_DSCF2362-600x550.jpeg",600,550,true],"gform-image-choice-sm":["https:\/\/www.internetsociety.org\/wp-content\/uploads\/2022\/08\/20190821_162551_DSCF2362.jpeg",300,129,false],"gform-image-choice-md":["https:\/\/www.internetsociety.org\/wp-content\/uploads\/2022\/08\/20190821_162551_DSCF2362.jpeg",400,172,false],"gform-image-choice-lg":["https:\/\/www.internetsociety.org\/wp-content\/uploads\/2022\/08\/20190821_162551_DSCF2362.jpeg",600,258,false]},"uagb_author_info":{"display_name":"Ivana Trbovic","author_link":"https:\/\/www.internetsociety.org\/es\/author\/trbovic\/"},"uagb_comment_info":0,"uagb_excerpt":"Este programa de financiaci\u00f3n favorece la organizaci\u00f3n de eventos t\u00e9cnicos, con el fin de capacitar a comunidades t\u00e9cnicas fuertes y sostenibles.","_links":{"self":[{"href":"https:\/\/www.internetsociety.org\/es\/wp-json\/wp\/v2\/pages\/187009","targetHints":{"allow":["GET"]}}],"collection":[{"href":"https:\/\/www.internetsociety.org\/es\/wp-json\/wp\/v2\/pages"}],"about":[{"href":"https:\/\/www.internetsociety.org\/es\/wp-json\/wp\/v2\/types\/page"}],"author":[{"embeddable":true,"href":"https:\/\/www.internetsociety.org\/es\/wp-json\/wp\/v2\/users\/46"}],"replies":[{"embeddable":true,"href":"https:\/\/www.internetsociety.org\/es\/wp-json\/wp\/v2\/comments?post=187009"}],"version-history":[{"count":0,"href":"https:\/\/www.internetsociety.org\/es\/wp-json\/wp\/v2\/pages\/187009\/revisions"}],"up":[{"embeddable":true,"href":"https:\/\/www.internetsociety.org\/es\/wp-json\/wp\/v2\/pages\/167008"}],"wp:featuredmedia":[{"embeddable":true,"href":"https:\/\/www.internetsociety.org\/es\/wp-json\/wp\/v2\/media\/176611"}],"wp:attachment":[{"href":"https:\/\/www.internetsociety.org\/es\/wp-json\/wp\/v2\/media?parent=187009"}],"wp:term":[{"taxonomy":"category","embeddable":true,"href":"https:\/\/www.internetsociety.org\/es\/wp-json\/wp\/v2\/categories?post=187009"},{"taxonomy":"post_tag","embeddable":true,"href":"https:\/\/www.internetsociety.org\/es\/wp-json\/wp\/v2\/tags?post=187009"},{"taxonomy":"region_news_regions","embeddable":true,"href":"https:\/\/www.internetsociety.org\/es\/wp-json\/wp\/v2\/region_news_regions?post=187009"},{"taxonomy":"content_category","embeddable":true,"href":"https:\/\/www.internetsociety.org\/es\/wp-json\/wp\/v2\/content_category?post=187009"},{"taxonomy":"author","embeddable":true,"href":"https:\/\/www.internetsociety.org\/es\/wp-json\/wp\/v2\/ppma_author?post=187009"}],"curies":[{"name":"wp","href":"https:\/\/api.w.org\/{rel}","templated":true}]}}