{"id":183830,"date":"2022-12-21T19:03:12","date_gmt":"2022-12-21T19:03:12","guid":{"rendered":"https:\/\/www.internetsociety.org\/?page_id=183830"},"modified":"2025-09-24T10:50:26","modified_gmt":"2025-09-24T10:50:26","slug":"global-internet-report","status":"publish","type":"page","link":"https:\/\/www.internetsociety.org\/es\/globalinternetreport\/","title":{"rendered":"Informe Global de Internet"},"content":{"rendered":"\n<section class=\"wp-block-uagb-columns uagb-columns__wrap uagb-columns__background-image uagb-columns__stack-mobile uagb-columns__valign- uagb-columns__gap-10 align uagb-block-c8eb28c5 uagb-columns__columns-1 uagb-columns__max_width-theme background-image-fallback-black\"><div class=\"uagb-columns__overlay\"><\/div><div class=\"uagb-columns__inner-wrap uagb-columns__columns-1\">\n<div class=\"wp-block-uagb-column uagb-column__wrap uagb-column__background-undefined uagb-block-65a31bf3\"><div class=\"uagb-column__overlay\"><\/div>\n<div style=\"height:100px\" aria-hidden=\"true\" class=\"wp-block-spacer\"><\/div>\n\n\n\n<h1 class=\"wp-block-heading has-white-color has-text-color\">Informe Global <br>de Internet<\/h1>\n\n\n\n<div style=\"height:100px\" aria-hidden=\"true\" class=\"wp-block-spacer\"><\/div>\n<\/div>\n<\/div><\/section>\n\n\n\n<div class=\"wp-block-columns is-layout-flex wp-container-core-columns-is-layout-9d6595d7 wp-block-columns-is-layout-flex\">\n<div class=\"wp-block-column uag-hide-tab uag-hide-mob is-layout-flow wp-block-column-is-layout-flow\" style=\"flex-basis:10%\"><\/div>\n\n\n\n<div class=\"wp-block-column is-layout-flow wp-block-column-is-layout-flow\" style=\"flex-basis:80%\">\n<div style=\"height:40px\" aria-hidden=\"true\" class=\"wp-block-spacer\"><\/div>\n\n\n\n<h2 class=\"wp-block-heading has-accent-purple-color has-text-color has-48-font-size\">De la confianza a la consolidaci\u00f3n, el acceso a la sostenibilidad, una mirada profunda a las fuerzas que dan forma a nuestro futuro digital.<\/h2>\n\n\n\n<div style=\"height:20px\" aria-hidden=\"true\" class=\"wp-block-spacer\"><\/div>\n\n\n\n<p class=\"has-18-font-size\">Lanzado inicialmente en 2014, nuestros informes globales de Internet est\u00e1n desarrollados para que la comunidad global de Internet conozca las caracter\u00edsticas importantes de la evoluci\u00f3n de Internet. El informe suele contener algunas recomendaciones sobre el tema y propone medidas para tomar o evitar seg\u00fan lo requieran el tema y las condiciones.<\/p>\n\n\n\n<div style=\"height:20px\" aria-hidden=\"true\" class=\"wp-block-spacer\"><\/div>\n<\/div>\n\n\n\n<div class=\"wp-block-column uag-hide-tab uag-hide-mob is-layout-flow wp-block-column-is-layout-flow\" style=\"flex-basis:10%\"><\/div>\n<\/div>\n\n\n\n<section class=\"wp-block-uagb-columns uagb-columns__wrap uagb-columns__background-color uagb-columns__stack-mobile uagb-columns__valign- uagb-columns__gap-10 align uagb-block-f5fe5b8f uagb-columns__columns-2 uagb-columns__max_width-theme\"><div class=\"uagb-columns__overlay\"><\/div><div class=\"uagb-columns__inner-wrap uagb-columns__columns-2\">\n<div class=\"wp-block-uagb-column uagb-column__wrap uagb-column__background-undefined uagb-block-96e31e3b\"><div class=\"uagb-column__overlay\"><\/div>\n<h3 class=\"wp-block-heading has-depth-green-color has-text-color has-32-font-size\">Informe Global de Internet 2019: Consolidaci\u00f3n en la Econom\u00eda de Internet<\/h3>\n\n\n\n<div style=\"height:20px\" aria-hidden=\"true\" class=\"wp-block-spacer\"><\/div>\n\n\n\n<p class=\"has-18-font-size\">En el informe de 2019, Internet Society pregunta si la econom\u00eda de Internet se est\u00e1 consolidando y, si es as\u00ed, cu\u00e1les podr\u00edan ser las repercusiones. Desde la supremac\u00eda de Facebook en las redes sociales, de Google en las b\u00fasquedas y de Amazon en las compras en l\u00ednea, las plataformas m\u00e1s grandes de Internet est\u00e1n capturando las interacciones humanas fundamentales. Esta supremac\u00eda, adem\u00e1s de las finanzas y el alcance que la acompa\u00f1an, permite que las plataformas extiendan su influencia y alcance hacia nuevos mercados: desde veh\u00edculos aut\u00f3nomos hasta inteligencia artificial, servicios de nube y mucho m\u00e1s. Esta ventaja se basa en los efectos sin precedentes de la red, las inmensas recopilaciones de datos de usuarios, la agilidad comercial y la libertad normativa que solo unas pocas compa\u00f1\u00edas m\u00e1s disfrutan.<\/p>\n\n\n\n<p class=\"has-18-font-size\">En este informe, Internet Society reconoce la incre\u00edble conveniencia que brindan estas plataformas al usuario de Internet. Al mismo tiempo, Internet Society tambi\u00e9n reconoce las inquietudes que se est\u00e1n expresando sobre esta supremac\u00eda y sobre la responsabilidad que estas compa\u00f1\u00edas tienen frente a la sociedad y la econom\u00eda. El informe de 2019 explora estos asuntos mediante el an\u00e1lisis de cinco temas y tendencias clave que surgieron de la gran interacci\u00f3n con la comunidad de Internet Society y de las encuestas y entrevistas con expertos, intelectuales y personas influyentes.<\/p>\n\n\n\n<div class=\"wp-block-buttons is-vertical is-layout-flex wp-container-core-buttons-is-layout-8cf370e7 wp-block-buttons-is-layout-flex\">\n<div class=\"wp-block-button\"><a class=\"wp-block-button__link has-white-color has-green-background-color has-text-color has-background wp-element-button\" href=\"https:\/\/www.internetsociety.org\/es\/resources\/doc\/2019\/global-internet-report-2019\/\">Lea Nuestro Informe 2019<\/a><\/div>\n<\/div>\n<\/div>\n\n\n\n<div class=\"wp-block-uagb-column uagb-column__wrap uagb-column__background-undefined uagb-block-74495f74\"><div class=\"uagb-column__overlay\"><\/div>\n<figure class=\"wp-block-image size-full\"><img loading=\"lazy\" decoding=\"async\" width=\"423\" height=\"384\" src=\"https:\/\/www.internetsociety.org\/wp-content\/uploads\/2022\/12\/internet-economy-SP.jpg\" alt=\"ilustraci\u00f3n en forma de tri\u00e1ngulo con Econom\u00eda de Internet en el centro y aplicaciones de Internet, provisi\u00f3n de acceso, e infraestructura del servicio en las esquinas\" class=\"wp-image-183965\" srcset=\"https:\/\/www.internetsociety.org\/wp-content\/uploads\/2022\/12\/internet-economy-SP.jpg 423w, https:\/\/www.internetsociety.org\/wp-content\/uploads\/2022\/12\/internet-economy-SP-250x227.jpg 250w\" sizes=\"auto, (max-width: 423px) 100vw, 423px\" \/><\/figure>\n\n\n\n<p class=\"has-12-font-size\">La econom\u00eda de Internet, como se entiende en este informe, se define, en t\u00e9rminos generales, como las actividades econ\u00f3micas que respaldan Internet o que dependen fundamentalmente de la existencia de Internet.<\/p>\n<\/div>\n<\/div><\/section>\n\n\n\n<section class=\"wp-block-uagb-columns uagb-columns__wrap uagb-columns__background-none uagb-columns__stack-mobile uagb-columns__valign- uagb-columns__gap-10 align uagb-block-d92afbd8 uagb-columns__columns-2 uagb-columns__max_width-theme\"><div class=\"uagb-columns__overlay\"><\/div><div class=\"uagb-columns__inner-wrap uagb-columns__columns-2\">\n<div class=\"wp-block-uagb-column uagb-column__wrap uagb-column__background-undefined uagb-block-78e4f062\"><div class=\"uagb-column__overlay\"><\/div>\n<h4 class=\"wp-block-heading has-depth-green-color has-text-color\">Informe Global de Internet 2017: Caminos Hacia Nuestro Futuro Digital<\/h4>\n\n\n\n<div style=\"height:20px\" aria-hidden=\"true\" class=\"wp-block-spacer\"><\/div>\n\n\n\n<p class=\"has-18-font-size\">El futuro de Internet es nuestro para dar forma a la pr\u00f3xima generaci\u00f3n. La humanidad debe estar en el centro de la Internet de ma\u00f1ana. No podemos tomar Internet por sentado. El camino a nuestro futuro digital descansa en nuestras manos. Podemos comenzar hoy tomando acciones que preservar\u00e1n los valores subyacentes de Internet y lo mantendr\u00e1n en curso para permanecer abierto, conectado y seguro a nivel mundial.<\/p>\n\n\n\n<div class=\"wp-block-buttons is-vertical is-layout-flex wp-container-core-buttons-is-layout-8cf370e7 wp-block-buttons-is-layout-flex\">\n<div class=\"wp-block-button\"><a class=\"wp-block-button__link has-white-color has-green-background-color has-text-color has-background wp-element-button\" href=\"https:\/\/www.internetsociety.org\/es\/resources\/doc\/2017\/global-internet-report-2017\/\">Lea Nuestro Informe 2017<\/a><\/div>\n<\/div>\n<\/div>\n\n\n\n<div class=\"wp-block-uagb-column uagb-column__wrap uagb-column__background-undefined uagb-block-45e478c9\"><div class=\"uagb-column__overlay\"><\/div>\n<figure class=\"wp-block-embed is-type-video is-provider-youtube wp-block-embed-youtube wp-embed-aspect-16-9 wp-has-aspect-ratio\"><div class=\"wp-block-embed__wrapper\">\n<iframe loading=\"lazy\" title=\"Hopes and Fears for the Future Internet\" width=\"500\" height=\"281\" src=\"https:\/\/www.youtube.com\/embed\/ncawg-7RwBA?feature=oembed\" frameborder=\"0\" allow=\"accelerometer; autoplay; clipboard-write; encrypted-media; gyroscope; picture-in-picture; web-share\" referrerpolicy=\"strict-origin-when-cross-origin\" allowfullscreen><\/iframe>\n<\/div><\/figure>\n<\/div>\n<\/div><\/section>\n\n\n\n<section class=\"wp-block-uagb-columns uagb-columns__wrap uagb-columns__background-none uagb-columns__stack-mobile uagb-columns__valign- uagb-columns__gap-10 align uagb-block-f3da0881 uagb-columns__columns-2 uagb-columns__max_width-theme\"><div class=\"uagb-columns__overlay\"><\/div><div class=\"uagb-columns__inner-wrap uagb-columns__columns-2\">\n<div class=\"wp-block-uagb-column uagb-column__wrap uagb-column__background-undefined uagb-block-1b6e6b46\"><div class=\"uagb-column__overlay\"><\/div>\n<h4 class=\"wp-block-heading has-depth-green-color has-text-color\">Informe Global de Internet 2016: La Econom\u00eda de Generar Confianza en L\u00ednea: Prevenci\u00f3n de Brechas de Datos<\/h4>\n\n\n\n<div style=\"height:20px\" aria-hidden=\"true\" class=\"wp-block-spacer\"><\/div>\n\n\n\n<p class=\"has-18-font-size\">Hoy estamos en un momento de evoluci\u00f3n en la evoluci\u00f3n de Internet. Las brechas de datos a gran escala, las incertidumbres sobre el uso de nuestros datos, el cibercrimen, la vigilancia y otras amenazas en l\u00ednea est\u00e1n erosionando la confianza de los usuarios y la forma en que usan Internet. La erosi\u00f3n de la confianza est\u00e1 afectando a Internet y est\u00e1 configurando el entorno pol\u00edtico para Internet en todo el mundo. El Global Internet Report 2016 analiza de cerca los datos de avance y proporciona recomendaciones claras para el camino a seguir.<\/p>\n\n\n\n<div class=\"wp-block-buttons is-vertical is-layout-flex wp-container-core-buttons-is-layout-8cf370e7 wp-block-buttons-is-layout-flex\">\n<div class=\"wp-block-button\"><a class=\"wp-block-button__link has-white-color has-green-background-color has-text-color has-background wp-element-button\" href=\"https:\/\/www.internetsociety.org\/resources\/doc\/2016\/global-internet-report-2016\/\">Lea Nuestro Informe 2016<\/a><\/div>\n<\/div>\n<\/div>\n\n\n\n<div class=\"wp-block-uagb-column uagb-column__wrap uagb-column__background-undefined uagb-block-10f19c68\"><div class=\"uagb-column__overlay\"><\/div>\n<figure class=\"wp-block-embed is-type-video is-provider-youtube wp-block-embed-youtube wp-embed-aspect-16-9 wp-has-aspect-ratio\"><div class=\"wp-block-embed__wrapper\">\n<iframe loading=\"lazy\" title=\"The Economics Of Trust: Data Breaches and How To Prevent Them\" width=\"500\" height=\"281\" src=\"https:\/\/www.youtube.com\/embed\/FxPRGDF-9iY?feature=oembed\" frameborder=\"0\" allow=\"accelerometer; autoplay; clipboard-write; encrypted-media; gyroscope; picture-in-picture; web-share\" referrerpolicy=\"strict-origin-when-cross-origin\" allowfullscreen><\/iframe>\n<\/div><\/figure>\n<\/div>\n<\/div><\/section>\n\n\n\n<section class=\"wp-block-uagb-columns uagb-columns__wrap uagb-columns__background-none uagb-columns__stack-mobile uagb-columns__valign- uagb-columns__gap-10 align uagb-block-d8dce69e uagb-columns__columns-2 uagb-columns__max_width-theme\"><div class=\"uagb-columns__overlay\"><\/div><div class=\"uagb-columns__inner-wrap uagb-columns__columns-2\">\n<div class=\"wp-block-uagb-column uagb-column__wrap uagb-column__background-undefined uagb-block-695aba85\"><div class=\"uagb-column__overlay\"><\/div>\n<h4 class=\"wp-block-heading has-depth-green-color has-text-color\">Informe Global de Internet 2015: Evoluci\u00f3n M\u00f3vil y Desarrollo de Internet Global<\/h4>\n\n\n\n<div style=\"height:20px\" aria-hidden=\"true\" class=\"wp-block-spacer\"><\/div>\n\n\n\n<p class=\"has-18-font-size\">Si bien no hay duda de que Internet m\u00f3vil lo est\u00e1 cambiando todo, todav\u00eda hay grandes razones por las que las personas no inician sesi\u00f3n. El Informe global de Internet de 2015 presenta datos que muestran que no siempre se trata de si est\u00e1 disponible, sino de c\u00f3mo el costo y la falta de contenido \u00fatil son fundamentales para que las personas no opten por participar.<\/p>\n\n\n\n<div class=\"wp-block-buttons is-vertical is-layout-flex wp-container-core-buttons-is-layout-8cf370e7 wp-block-buttons-is-layout-flex\">\n<div class=\"wp-block-button\"><a class=\"wp-block-button__link has-white-color has-green-background-color has-text-color has-background wp-element-button\" href=\"https:\/\/www.internetsociety.org\/resources\/doc\/2015\/global-internet-report-2015\/\">Lea Nuestro Informe 2015<\/a><\/div>\n<\/div>\n<\/div>\n\n\n\n<div class=\"wp-block-uagb-column uagb-column__wrap uagb-column__background-undefined uagb-block-764a69ee\"><div class=\"uagb-column__overlay\"><\/div>\n<figure class=\"wp-block-embed is-type-video is-provider-youtube wp-block-embed-youtube wp-embed-aspect-16-9 wp-has-aspect-ratio\"><div class=\"wp-block-embed__wrapper\">\n<iframe loading=\"lazy\" title=\"Global Internet Report 2015\" width=\"500\" height=\"281\" src=\"https:\/\/www.youtube.com\/embed\/NWnwn8RXOtE?feature=oembed\" frameborder=\"0\" allow=\"accelerometer; autoplay; clipboard-write; encrypted-media; gyroscope; picture-in-picture; web-share\" referrerpolicy=\"strict-origin-when-cross-origin\" allowfullscreen><\/iframe>\n<\/div><\/figure>\n<\/div>\n<\/div><\/section>\n\n\n\n<section class=\"wp-block-uagb-columns uagb-columns__wrap uagb-columns__background-none uagb-columns__stack-mobile uagb-columns__valign- uagb-columns__gap-10 align uagb-block-227793f8 uagb-columns__columns-2 uagb-columns__max_width-theme\"><div class=\"uagb-columns__overlay\"><\/div><div class=\"uagb-columns__inner-wrap uagb-columns__columns-2\">\n<div class=\"wp-block-uagb-column uagb-column__wrap uagb-column__background-undefined uagb-block-49fc4380\"><div class=\"uagb-column__overlay\"><\/div>\n<h4 class=\"wp-block-heading has-depth-green-color has-text-color\">Informe Global de Internet 2014: Acceso Abierto y Sostenible para Todos<\/h4>\n\n\n\n<div style=\"height:20px\" aria-hidden=\"true\" class=\"wp-block-spacer\"><\/div>\n\n\n\n<p class=\"has-18-font-size\">El primero de la serie, Informe Global de Internet 2014 se centra en la Internet abierta y sostenible: qu\u00e9 queremos decir con eso, qu\u00e9 beneficios aporta y c\u00f3mo superar las amenazas que impiden que aquellos de nosotros que ya estamos en l\u00ednea disfrutemos de todos los beneficios, y qu\u00e9 mantiene los no usuarios se conecten en primer lugar.<\/p>\n\n\n\n<div class=\"wp-block-buttons is-vertical is-layout-flex wp-container-core-buttons-is-layout-8cf370e7 wp-block-buttons-is-layout-flex\">\n<div class=\"wp-block-button\"><a class=\"wp-block-button__link has-white-color has-green-background-color has-text-color has-background wp-element-button\" href=\"https:\/\/www.internetsociety.org\/resources\/doc\/2015\/global-internet-report-2014\/\">Lea Nuestro Informe 2014<\/a><\/div>\n<\/div>\n<\/div>\n\n\n\n<div class=\"wp-block-uagb-column uagb-column__wrap uagb-column__background-undefined uagb-block-26478e56\"><div class=\"uagb-column__overlay\"><\/div>\n<figure class=\"wp-block-image size-large\"><img decoding=\"async\" src=\"https:\/\/www.internetsociety.org\/wp-content\/uploads\/2018\/03\/gir2014-1.png\" alt=\"un mapa mundial que muestra los niveles de penetraci\u00f3n de Internet en 2012\"\/><\/figure>\n<\/div>\n<\/div><\/section>\n\n\n\n<div class=\"wp-block-columns margin-bottom-0 has-neutral-white-background-color has-background is-layout-flex wp-container-core-columns-is-layout-9d6595d7 wp-block-columns-is-layout-flex\">\n<div class=\"wp-block-column uag-hide-tab uag-hide-mob is-layout-flow wp-block-column-is-layout-flow\" style=\"flex-basis:10%\"><\/div>\n\n\n\n<div class=\"wp-block-column is-layout-flow wp-block-column-is-layout-flow\" style=\"flex-basis:80%\">\n<div style=\"height:40px\" aria-hidden=\"true\" class=\"wp-block-spacer\"><\/div>\n\n\n\n<h4 class=\"wp-block-heading has-depth-green-color has-text-color\">Noticias <\/h4>\n\n\n\n<div style=\"height:30px\" aria-hidden=\"true\" class=\"wp-block-spacer\"><\/div>\n\n\n\n\t\t\t<div class=\"wp-block-uagb-post-grid uagb-post-grid  uagb-post__image-position-top uagb-post__image-disabled uagb-block-315b61c5     uagb-post__items uagb-post__columns-3 is-grid uagb-post__columns-tablet-2 uagb-post__columns-mobile-1 uagb-post__equal-height\" data-total=\"0\" style=\"\">\n\n\t\t\t\t\t\t\t\t\t<p class=\"uagb-post__no-posts\">\n\t\t\t\t\t\tNo post found!\t\t\t\t\t<\/p>\n\t\t\t\t\t\t\t\t\t\t<div class=\"uagb-post-pagination-wrap\">\n\t\t\t\t\t\t\t\t\t\t\t<\/div>\n\t\t\t\t\t\t\t\t<\/div>\n\t\t\t\n\n\n<div style=\"height:40px\" aria-hidden=\"true\" class=\"wp-block-spacer\"><\/div>\n<\/div>\n\n\n\n<div class=\"wp-block-column uag-hide-tab uag-hide-mob is-layout-flow wp-block-column-is-layout-flow\" style=\"flex-basis:10%\"><\/div>\n<\/div>\n\n\n\n<div class=\"wp-block-columns are-vertically-aligned-center is-not-stacked-on-mobile margin-bottom-0 has-neutral-green-background-color has-background is-layout-flex wp-container-core-columns-is-layout-9d6595d7 wp-block-columns-is-layout-flex\">\n<div class=\"wp-block-column is-vertically-aligned-center is-layout-flow wp-block-column-is-layout-flow\" style=\"flex-basis:10%\"><\/div>\n\n\n\n<div class=\"wp-block-column is-vertically-aligned-center is-layout-flow wp-block-column-is-layout-flow\" style=\"flex-basis:80%\">\n<div style=\"height:30px\" aria-hidden=\"true\" class=\"wp-block-spacer\"><\/div>\n\n\n\n<div class=\"wp-block-columns are-vertically-aligned-center is-layout-flex wp-container-core-columns-is-layout-9d6595d7 wp-block-columns-is-layout-flex\">\n<div class=\"wp-block-column is-vertically-aligned-center is-layout-flow wp-block-column-is-layout-flow\" style=\"flex-basis:66.66%\">\n<h5 class=\"wp-block-heading has-depth-teal-color has-text-color\">\u00bfTe result\u00f3 \u00fatil este recurso? Sin importar el monto, al donar est\u00e1s ayudando a financiar m\u00e1s investigaci\u00f3n y contenido como este.<\/h5>\n<\/div>\n\n\n\n<div class=\"wp-block-column is-vertically-aligned-center is-layout-flow wp-block-column-is-layout-flow\" style=\"flex-basis:33.33%\">\n<div class=\"wp-block-buttons is-horizontal is-content-justification-center is-layout-flex wp-container-core-buttons-is-layout-499968f5 wp-block-buttons-is-layout-flex\">\n<div class=\"wp-block-button animated fadeIn is-style-outline is-style-outline--1\"><a class=\"wp-block-button__link has-depth-teal-color has-text-color wp-element-button\" href=\"https:\/\/www.internetsociety.org\/es\/donate\/\"><strong>\u2665 Donar<\/strong><\/a><\/div>\n<\/div>\n<\/div>\n<\/div>\n\n\n\n<div style=\"height:20px\" aria-hidden=\"true\" class=\"wp-block-spacer\"><\/div>\n<\/div>\n\n\n\n<div class=\"wp-block-column is-vertically-aligned-center is-layout-flow wp-block-column-is-layout-flow\" style=\"flex-basis:10%\"><\/div>\n<\/div>\n","protected":false},"excerpt":{"rendered":"<p>Informe Global de Internet De la confianza a la consolidaci\u00f3n, el acceso a la sostenibilidad, una mirada profunda a las fuerzas que dan forma a nuestro futuro digital. Lanzado inicialmente en 2014, nuestros informes globales de Internet est\u00e1n desarrollados para que la comunidad global de Internet conozca las caracter\u00edsticas importantes de la evoluci\u00f3n de Internet. [&hellip;]<\/p>\n","protected":false},"author":46,"featured_media":0,"parent":0,"menu_order":0,"comment_status":"closed","ping_status":"closed","template":"page-wide.php","meta":{"_acf_changed":false,"_uag_custom_page_level_css":"","footnotes":""},"categories":[119],"tags":[2980],"region_news_regions":[6030],"content_category":[6106],"ppma_author":[4057],"class_list":["post-183830","page","type-page","status-publish","hentry","category-quienes-somos","tag-future-of-the-internet-es","region_news_regions-global","content_category-resources-type"],"acf":[],"uagb_featured_image_src":{"full":false,"thumbnail":false,"medium":false,"medium_large":false,"large":false,"1536x1536":false,"2048x2048":false,"post-thumbnail":false,"square":false,"gform-image-choice-sm":false,"gform-image-choice-md":false,"gform-image-choice-lg":false},"uagb_author_info":{"display_name":"Ivana Trbovic","author_link":"https:\/\/www.internetsociety.org\/es\/author\/trbovic\/"},"uagb_comment_info":0,"uagb_excerpt":"Informe Global de Internet De la confianza a la consolidaci\u00f3n, el acceso a la sostenibilidad, una mirada profunda a las fuerzas que dan forma a nuestro futuro digital. Lanzado inicialmente en 2014, nuestros informes globales de Internet est\u00e1n desarrollados para que la comunidad global de Internet conozca las caracter\u00edsticas importantes de la evoluci\u00f3n de Internet.&hellip;","_links":{"self":[{"href":"https:\/\/www.internetsociety.org\/es\/wp-json\/wp\/v2\/pages\/183830","targetHints":{"allow":["GET"]}}],"collection":[{"href":"https:\/\/www.internetsociety.org\/es\/wp-json\/wp\/v2\/pages"}],"about":[{"href":"https:\/\/www.internetsociety.org\/es\/wp-json\/wp\/v2\/types\/page"}],"author":[{"embeddable":true,"href":"https:\/\/www.internetsociety.org\/es\/wp-json\/wp\/v2\/users\/46"}],"replies":[{"embeddable":true,"href":"https:\/\/www.internetsociety.org\/es\/wp-json\/wp\/v2\/comments?post=183830"}],"version-history":[{"count":0,"href":"https:\/\/www.internetsociety.org\/es\/wp-json\/wp\/v2\/pages\/183830\/revisions"}],"wp:attachment":[{"href":"https:\/\/www.internetsociety.org\/es\/wp-json\/wp\/v2\/media?parent=183830"}],"wp:term":[{"taxonomy":"category","embeddable":true,"href":"https:\/\/www.internetsociety.org\/es\/wp-json\/wp\/v2\/categories?post=183830"},{"taxonomy":"post_tag","embeddable":true,"href":"https:\/\/www.internetsociety.org\/es\/wp-json\/wp\/v2\/tags?post=183830"},{"taxonomy":"region_news_regions","embeddable":true,"href":"https:\/\/www.internetsociety.org\/es\/wp-json\/wp\/v2\/region_news_regions?post=183830"},{"taxonomy":"content_category","embeddable":true,"href":"https:\/\/www.internetsociety.org\/es\/wp-json\/wp\/v2\/content_category?post=183830"},{"taxonomy":"author","embeddable":true,"href":"https:\/\/www.internetsociety.org\/es\/wp-json\/wp\/v2\/ppma_author?post=183830"}],"curies":[{"name":"wp","href":"https:\/\/api.w.org\/{rel}","templated":true}]}}