{"id":177179,"date":"2022-09-05T13:12:14","date_gmt":"2022-09-05T13:12:14","guid":{"rendered":"https:\/\/www.internetsociety.org\/?page_id=177179"},"modified":"2024-04-26T18:02:33","modified_gmt":"2024-04-26T18:02:33","slug":"hazte-defensor-de-internet","status":"publish","type":"page","link":"https:\/\/www.internetsociety.org\/es\/get-involved\/advocate\/","title":{"rendered":"Hazte defensor de Internet"},"content":{"rendered":"\n<section class=\"wp-block-uagb-columns uagb-columns__wrap uagb-columns__background-image uagb-columns__stack-mobile uagb-columns__valign- uagb-columns__gap-10 align uagb-block-d6a40f3e uagb-columns__columns-1 uagb-columns__max_width-theme background-image-fallback-black\"><div class=\"uagb-columns__overlay\"><\/div><div class=\"uagb-columns__inner-wrap uagb-columns__columns-1\">\n<div class=\"wp-block-uagb-column uagb-column__wrap uagb-column__background-undefined uagb-block-87a6a79b\"><div class=\"uagb-column__overlay\"><\/div>\n<h1 class=\"wp-block-heading has-neutral-white-color has-text-color\">Hazte defensor <br>de Internet<\/h1>\n<\/div>\n<\/div><\/section>\n\n\n\n<div class=\"wp-block-columns is-layout-flex wp-container-core-columns-is-layout-9d6595d7 wp-block-columns-is-layout-flex\">\n<div class=\"wp-block-column is-layout-flow wp-block-column-is-layout-flow\" style=\"flex-basis:10%\"><\/div>\n\n\n\n<div class=\"wp-block-column is-layout-flow wp-block-column-is-layout-flow\" style=\"flex-basis:80%\">\n<div style=\"height:40px\" aria-hidden=\"true\" class=\"wp-block-spacer uag-hide-mob\"><\/div>\n\n\n\n<h2 class=\"wp-block-heading has-accent-purple-color has-text-color has-32-font-size\" id=\"ixps-improve-the-end-user-experience-lower-cost-of-access-and-prompt-development-of-local-internet-ecosystems-and-cross-border-interconnection\">Internet ha transformado radicalmente nuestras vidas para mejor. Gracias a ello, hay pr\u00e1cticamente infinitas oportunidades para innovar y trabajar juntos por el bien com\u00fan.<\/h2>\n\n\n\n<div style=\"height:40px\" aria-hidden=\"true\" class=\"wp-block-spacer\"><\/div>\n\n\n\n<p class=\"has-18-font-size\">Debemos su \u00e9xito a una base de cinco propiedades: lo que Internet necesita para funcionar para todas las personas. A esto lo llamamos \u00abel modo Internet de interconectarse\u00bb y no podemos darlo por sentado.<\/p>\n\n\n\n<p class=\"has-18-font-size\">Aquello que constituye la grandeza de Internet tambi\u00e9n la hace vulnerable. Los gobiernos y las empresas toman cada vez m\u00e1s decisiones que podr\u00edan afectar a Internet, y puede que ni siquiera lo sepan. Debemos proteger Internet de las malas decisiones, o corremos el riesgo de perderla por completo.<\/p>\n\n\n\n<p class=\"has-18-font-size\">Depende de todos nosotros proteger y defender lo que Internet necesita para <a href=\"https:\/\/www.internetsociety.org\/es\/resources\/doc\/2020\/internet-impact-assessment-toolkit\/critical-properties-of-the-internet\/\" target=\"_blank\" rel=\"noreferrer noopener\">existir<\/a> y <a href=\"https:\/\/www.internetsociety.org\/es\/resources\/doc\/2021\/enablers-of-open-globally-connected-secure-trustworthy-internet\/\" target=\"_blank\" rel=\"noreferrer noopener\">prosperar<\/a>. No podemos dejar que <a href=\"https:\/\/www.internetsociety.org\/es\/action-plan\/protecting-the-internet-against-fragmentation\/\">Internet se convierta en una red fragmentada.<\/a><\/p>\n\n\n\n<div style=\"height:20px\" aria-hidden=\"true\" class=\"wp-block-spacer uag-hide-mob\"><\/div>\n<\/div>\n\n\n\n<div class=\"wp-block-column uag-hide-mob is-layout-flow wp-block-column-is-layout-flow\" style=\"flex-basis:10%\"><\/div>\n<\/div>\n\n\n\n<div class=\"wp-block-columns margin-bottom-0 has-neutral-white-background-color has-background is-layout-flex wp-container-core-columns-is-layout-9d6595d7 wp-block-columns-is-layout-flex\">\n<div class=\"wp-block-column is-layout-flow wp-block-column-is-layout-flow\" style=\"flex-basis:10%\"><\/div>\n\n\n\n<div class=\"wp-block-column is-layout-flow wp-block-column-is-layout-flow\" style=\"flex-basis:80%\">\n<div style=\"height:40px\" aria-hidden=\"true\" class=\"wp-block-spacer uag-hide-mob\"><\/div>\n\n\n\n<h3 class=\"wp-block-heading has-32-font-size\">\u00bfC\u00f3mo puedo defender Internet?<\/h3>\n\n\n\n<div style=\"height:20px\" aria-hidden=\"true\" class=\"wp-block-spacer\"><\/div>\n\n\n\n<p class=\"has-18-font-size\">Necesitamos tu ayuda. Si tienes cinco minutos, cinco horas o incluso m\u00e1s, promueve, promociona y aboga por una Internet abierta, globalmente conectada, segura y confiable. Juntos somos m\u00e1s fuertes. Siempre.<\/p>\n\n\n\n<p class=\"has-18-font-size\">A continuaci\u00f3n, encontrar\u00e1s varias formas de ayudar:<\/p>\n\n\n\n<section class=\"wp-block-uagb-columns uagb-columns__wrap uagb-columns__background-none uagb-columns__stack-mobile uagb-columns__valign- uagb-columns__gap-10 align uagb-block-1e8f26b5 uagb-columns__columns-2 uagb-columns__max_width-theme\"><div class=\"uagb-columns__overlay\"><\/div><div class=\"uagb-columns__inner-wrap uagb-columns__columns-2\">\n<div class=\"wp-block-uagb-column uagb-column__wrap uagb-column__background-color uagb-block-00ccde81 background-image-fallback-black\"><div class=\"uagb-column__overlay\"><\/div>\n<div class=\"wp-block-columns are-vertically-aligned-center is-layout-flex wp-container-core-columns-is-layout-9d6595d7 wp-block-columns-is-layout-flex\">\n<div class=\"wp-block-column is-vertically-aligned-center is-layout-flow wp-block-column-is-layout-flow\" style=\"flex-basis:10%\"><div id=\"svgItem-1\" aria-label=\"SVG image showing numbers: 1\" class=\"number_wrapper\" style=\"background-color:transparent; text-align:center\"><svg aria-labelledby=\"svgItem-1\" aria-label=\"1\" role=\"img\" class=\"number number-1 medium-small\"><use xmlns:xlink=\"http:\/\/www.w3.org\/1999\/xlink\" xlink:href=\"#icon-1\"><\/use><\/svg><\/div><\/div>\n\n\n\n<div class=\"wp-block-column is-vertically-aligned-center is-layout-flow wp-block-column-is-layout-flow\" style=\"flex-basis:90%\">\n<div style=\"height:20px\" aria-hidden=\"true\" class=\"wp-block-spacer\"><\/div>\n\n\n\n<h4 class=\"wp-block-heading has-neutral-white-color has-text-color\">Labores de detecci\u00f3n<\/h4>\n\n\n\n<div style=\"height:20px\" aria-hidden=\"true\" class=\"wp-block-spacer\"><\/div>\n\n\n\n<p class=\"has-neutral-white-color has-text-color has-18-font-size\">Detecta una amenaza legislativa, una decisi\u00f3n empresarial o un desarrollo tecnol\u00f3gico que pueda socavar una Internet abierta, globalmente conectada, segura y confiable.<\/p>\n\n\n\n<p class=\"has-neutral-white-color has-text-color has-18-font-size\"><a href=\"https:\/\/app.smartsheet.com\/b\/form\/fe81a0ff61fd4fd497d8f41084e34faa\">Haznos saber<\/a>.<\/p>\n<\/div>\n<\/div>\n<\/div>\n\n\n\n<div class=\"wp-block-uagb-column uagb-column__wrap uagb-column__background-color uagb-block-96a5913a background-image-fallback-black\"><div class=\"uagb-column__overlay\"><\/div>\n<div class=\"wp-block-columns are-vertically-aligned-center is-layout-flex wp-container-core-columns-is-layout-9d6595d7 wp-block-columns-is-layout-flex\">\n<div class=\"wp-block-column is-vertically-aligned-center is-layout-flow wp-block-column-is-layout-flow\" style=\"flex-basis:10%\"><div id=\"svgItem-2\" aria-label=\"SVG image showing numbers: 2\" class=\"number_wrapper\" style=\"background-color:transparent; text-align:center\"><svg aria-labelledby=\"svgItem-2\" aria-label=\"2\" role=\"img\" class=\"number number-2 medium-small\"><use xmlns:xlink=\"http:\/\/www.w3.org\/1999\/xlink\" xlink:href=\"#icon-2\"><\/use><\/svg><\/div><\/div>\n\n\n\n<div class=\"wp-block-column is-vertically-aligned-center is-layout-flow wp-block-column-is-layout-flow\" style=\"flex-basis:90%\">\n<div style=\"height:20px\" aria-hidden=\"true\" class=\"wp-block-spacer\"><\/div>\n\n\n\n<h4 class=\"wp-block-heading o-typing-delay-1s has-neutral-white-color has-text-color\">An\u00e1lisis<\/h4>\n\n\n\n<div style=\"height:20px\" aria-hidden=\"true\" class=\"wp-block-spacer\"><\/div>\n\n\n\n<p class=\"has-neutral-white-color has-text-color has-18-font-size\">Utiliza la herramienta de evaluaci\u00f3n de impacto a Internet para entender c\u00f3mo un problema podr\u00eda favorecer o amenazar lo que Internet necesita para existir y prosperar.<\/p>\n\n\n\n<p class=\"has-neutral-white-color has-text-color has-18-font-size\"><a href=\"https:\/\/www.internetsociety.org\/es\/blog\/2021\/11\/informes-sobre-el-impacto-en-internet-una-nueva-forma-de-evaluar-como-las-politicas-pueden-afectar-a-internet-y-como-puedes-crear-una\/\">Aprende a analizar una amenaza<\/a>.<\/p>\n<\/div>\n<\/div>\n<\/div>\n<\/div><\/section>\n\n\n\n<section class=\"wp-block-uagb-columns uagb-columns__wrap uagb-columns__background-none uagb-columns__stack-mobile uagb-columns__valign- uagb-columns__gap-10 align uagb-block-54f56c6c uagb-columns__columns-2 uagb-columns__max_width-theme\"><div class=\"uagb-columns__overlay\"><\/div><div class=\"uagb-columns__inner-wrap uagb-columns__columns-2\">\n<div class=\"wp-block-uagb-column uagb-column__wrap uagb-column__background-color uagb-block-ce8bc33b background-image-fallback-black\"><div class=\"uagb-column__overlay\"><\/div>\n<div class=\"wp-block-columns are-vertically-aligned-center is-layout-flex wp-container-core-columns-is-layout-9d6595d7 wp-block-columns-is-layout-flex\">\n<div class=\"wp-block-column is-vertically-aligned-center is-layout-flow wp-block-column-is-layout-flow\" style=\"flex-basis:10%\"><div id=\"svgItem-3\" aria-label=\"SVG image showing numbers: 3\" class=\"number_wrapper\" style=\"background-color:transparent; text-align:center\"><svg aria-labelledby=\"svgItem-3\" aria-label=\"3\" role=\"img\" class=\"number number-3 medium-small\"><use xmlns:xlink=\"http:\/\/www.w3.org\/1999\/xlink\" xlink:href=\"#icon-3\"><\/use><\/svg><\/div><\/div>\n\n\n\n<div class=\"wp-block-column is-vertically-aligned-center is-layout-flow wp-block-column-is-layout-flow\" style=\"flex-basis:90%\">\n<div style=\"height:20px\" aria-hidden=\"true\" class=\"wp-block-spacer\"><\/div>\n\n\n\n<h4 class=\"wp-block-heading o-typing-delay-3s has-neutral-white-color has-text-color\">Elaboraci\u00f3n de estrategias<\/h4>\n\n\n\n<div style=\"height:20px\" aria-hidden=\"true\" class=\"wp-block-spacer\"><\/div>\n\n\n\n<p class=\"has-neutral-white-color has-text-color has-18-font-size\">Identifica el objetivo de defensa y crea una estrategia para promover, proteger y defender Internet.<\/p>\n\n\n\n<p class=\"has-neutral-white-color has-text-color has-18-font-size\"><a href=\"https:\/\/www.internetsociety.org\/wp-content\/uploads\/2022\/09\/SMART-Advocacy-Goals-EN.pdf\">Comienza con metas de incidencia SMART<\/a>.<\/p>\n<\/div>\n<\/div>\n<\/div>\n\n\n\n<div class=\"wp-block-uagb-column uagb-column__wrap uagb-column__background-color uagb-block-b950ad1d background-image-fallback-black\"><div class=\"uagb-column__overlay\"><\/div>\n<div class=\"wp-block-columns are-vertically-aligned-center is-layout-flex wp-container-core-columns-is-layout-9d6595d7 wp-block-columns-is-layout-flex\">\n<div class=\"wp-block-column is-vertically-aligned-center is-layout-flow wp-block-column-is-layout-flow\" style=\"flex-basis:10%\"><div id=\"svgItem-4\" aria-label=\"SVG image showing numbers: 4\" class=\"number_wrapper\" style=\"background-color:transparent; text-align:center\"><svg aria-labelledby=\"svgItem-4\" aria-label=\"4\" role=\"img\" class=\"number number-4 medium-small\"><use xmlns:xlink=\"http:\/\/www.w3.org\/1999\/xlink\" xlink:href=\"#icon-4\"><\/use><\/svg><\/div><\/div>\n\n\n\n<div class=\"wp-block-column is-vertically-aligned-center is-layout-flow wp-block-column-is-layout-flow\" style=\"flex-basis:90%\">\n<div style=\"height:20px\" aria-hidden=\"true\" class=\"wp-block-spacer\"><\/div>\n\n\n\n<h4 class=\"wp-block-heading o-typing-delay-5s has-neutral-white-color has-text-color\">Uni\u00f3n<\/h4>\n\n\n\n<div style=\"height:20px\" aria-hidden=\"true\" class=\"wp-block-spacer\"><\/div>\n\n\n\n<p class=\"has-neutral-white-color has-text-color has-18-font-size\">Trabaja con un movimiento global de defensores de Internet con ideas afines para amplificar nuestro impacto.<\/p>\n\n\n\n<p class=\"has-neutral-white-color has-text-color has-18-font-size\"><a href=\"https:\/\/www.internetsociety.org\/es\/become-a-member\/\">Hazte miembro de Internet Society<\/a>.<\/p>\n<\/div>\n<\/div>\n<\/div>\n<\/div><\/section>\n\n\n\n<p class=\"has-18-font-size\">Para acceder a estos recursos, <a href=\"https:\/\/www.internetsociety.org\/get-involved\/advocate\/#resources\">visite nuestra p\u00e1gina en ingl\u00e9s<\/a>.<\/p>\n\n\n\n<div style=\"height:40px\" aria-hidden=\"true\" class=\"wp-block-spacer uag-hide-mob\"><\/div>\n<\/div>\n\n\n\n<div class=\"wp-block-column is-layout-flow wp-block-column-is-layout-flow\" style=\"flex-basis:10%\"><\/div>\n<\/div>\n\n\n\n<div class=\"wp-block-columns is-layout-flex wp-container-core-columns-is-layout-9d6595d7 wp-block-columns-is-layout-flex\">\n<div class=\"wp-block-column is-layout-flow wp-block-column-is-layout-flow\" style=\"flex-basis:10%\"><\/div>\n\n\n\n<div class=\"wp-block-column is-layout-flow wp-block-column-is-layout-flow\" style=\"flex-basis:50%\">\n<div style=\"height:40px\" aria-hidden=\"true\" class=\"wp-block-spacer uag-hide-mob\"><\/div>\n\n\n\n<h4 class=\"wp-block-heading\" id=\"ixps-improve-the-end-user-experience-lower-cost-of-access-and-prompt-development-of-local-internet-ecosystems-and-cross-border-interconnection\">Nuestros miembros en acci\u00f3n<\/h4>\n\n\n\n<div style=\"height:20px\" aria-hidden=\"true\" class=\"wp-block-spacer\"><\/div>\n\n\n\n<p class=\"has-18-font-size\">As\u00ed defienden algunos miembros de Internet Society una Internet que beneficie a todas las personas. Utilizan el modelo de defensa de cuatro pasos:<\/p>\n\n\n\n<ul style=\"color:#1d69d3\" class=\"has-text-color has-link-color has-18-font-size wp-block-list wp-elements-8e46145f127767374069b31c9deb9ece\">\n<li><a href=\"https:\/\/vimeo.com\/742399083\/8b3897c0fa?share=copy\">Brasil<\/a><\/li>\n\n\n\n<li><a href=\"https:\/\/vimeo.com\/742402021\/9426fa24e2?share=copy\">India<\/a><\/li>\n\n\n\n<li><a href=\"https:\/\/vimeo.com\/742400527\/c961682041\">Nigeria<\/a><\/li>\n\n\n\n<li><a href=\"https:\/\/vimeo.com\/742396849\/ed82664cde?share=copy\">Reino Unido<\/a><\/li>\n<\/ul>\n\n\n\n<div style=\"height:20px\" aria-hidden=\"true\" class=\"wp-block-spacer uag-hide-mob\"><\/div>\n<\/div>\n\n\n\n<div class=\"wp-block-column is-layout-flow wp-block-column-is-layout-flow\" style=\"flex-basis:30%\">\n<div style=\"height:40px\" aria-hidden=\"true\" class=\"wp-block-spacer uag-hide-mob\"><\/div>\n\n\n\n<div style=\"padding:56.25% 0 0 0;position:relative;\"><iframe src=\"https:\/\/player.vimeo.com\/video\/742396849?h=ed82664cde&amp;badge=0&amp;autopause=0&amp;player_id=0&amp;app_id=58479\" frameborder=\"0\" allow=\"autoplay; fullscreen; picture-in-picture\" allowfullscreen=\"\" style=\"position:absolute;top:0;left:0;width:100%;height:100%;\" title=\"Internet Way of Networking Case Study: United Kingdom\"><\/iframe><\/div><script src=\"https:\/\/player.vimeo.com\/api\/player.js\"><\/script>\n\n\n\n<div style=\"height:30px\" aria-hidden=\"true\" class=\"wp-block-spacer\"><\/div>\n<\/div>\n\n\n\n<div class=\"wp-block-column is-layout-flow wp-block-column-is-layout-flow\" style=\"flex-basis:10%\"><\/div>\n<\/div>\n\n\n\n<p class=\"has-text-align-center has-neutral-white-color has-ground-navy-background-color has-text-color has-background has-12-font-size\">Derechos de autor:<br>\u00a9\u00a9Frederic Courbet\/Panos Pictures<\/p>\n","protected":false},"excerpt":{"rendered":"<p>Si tienes cinco minutos, cinco horas o incluso m\u00e1s, aboga por un Internet abierto, globalmente conectado, seguro y fiable.<\/p>\n","protected":false},"author":46,"featured_media":176801,"parent":147590,"menu_order":0,"comment_status":"closed","ping_status":"closed","template":"page-wide.php","meta":{"_acf_changed":false,"_uag_custom_page_level_css":"","footnotes":""},"categories":[],"tags":[],"region_news_regions":[],"content_category":[],"ppma_author":[4057],"class_list":["post-177179","page","type-page","status-publish","has-post-thumbnail","hentry"],"acf":[],"uagb_featured_image_src":{"full":["https:\/\/www.internetsociety.org\/wp-content\/uploads\/2022\/08\/fellow_portraits-56-min.jpg",1400,783,false],"thumbnail":["https:\/\/www.internetsociety.org\/wp-content\/uploads\/2022\/08\/fellow_portraits-56-min-150x150.jpg",150,150,true],"medium":["https:\/\/www.internetsociety.org\/wp-content\/uploads\/2022\/08\/fellow_portraits-56-min-450x252.jpg",450,252,true],"medium_large":["https:\/\/www.internetsociety.org\/wp-content\/uploads\/2022\/08\/fellow_portraits-56-min-768x430.jpg",768,430,true],"large":["https:\/\/www.internetsociety.org\/wp-content\/uploads\/2022\/08\/fellow_portraits-56-min-1024x573.jpg",1024,573,true],"1536x1536":["https:\/\/www.internetsociety.org\/wp-content\/uploads\/2022\/08\/fellow_portraits-56-min.jpg",1400,783,false],"2048x2048":["https:\/\/www.internetsociety.org\/wp-content\/uploads\/2022\/08\/fellow_portraits-56-min.jpg",1400,783,false],"post-thumbnail":["https:\/\/www.internetsociety.org\/wp-content\/uploads\/2022\/08\/fellow_portraits-56-min-250x140.jpg",250,140,true],"square":["https:\/\/www.internetsociety.org\/wp-content\/uploads\/2022\/08\/fellow_portraits-56-min-600x600.jpg",600,600,true],"gform-image-choice-sm":["https:\/\/www.internetsociety.org\/wp-content\/uploads\/2022\/08\/fellow_portraits-56-min.jpg",300,168,false],"gform-image-choice-md":["https:\/\/www.internetsociety.org\/wp-content\/uploads\/2022\/08\/fellow_portraits-56-min.jpg",400,224,false],"gform-image-choice-lg":["https:\/\/www.internetsociety.org\/wp-content\/uploads\/2022\/08\/fellow_portraits-56-min.jpg",600,336,false]},"uagb_author_info":{"display_name":"Ivana Trbovic","author_link":"https:\/\/www.internetsociety.org\/es\/author\/trbovic\/"},"uagb_comment_info":0,"uagb_excerpt":"Si tienes cinco minutos, cinco horas o incluso m\u00e1s, aboga por un Internet abierto, globalmente conectado, seguro y fiable.","_links":{"self":[{"href":"https:\/\/www.internetsociety.org\/es\/wp-json\/wp\/v2\/pages\/177179","targetHints":{"allow":["GET"]}}],"collection":[{"href":"https:\/\/www.internetsociety.org\/es\/wp-json\/wp\/v2\/pages"}],"about":[{"href":"https:\/\/www.internetsociety.org\/es\/wp-json\/wp\/v2\/types\/page"}],"author":[{"embeddable":true,"href":"https:\/\/www.internetsociety.org\/es\/wp-json\/wp\/v2\/users\/46"}],"replies":[{"embeddable":true,"href":"https:\/\/www.internetsociety.org\/es\/wp-json\/wp\/v2\/comments?post=177179"}],"version-history":[{"count":0,"href":"https:\/\/www.internetsociety.org\/es\/wp-json\/wp\/v2\/pages\/177179\/revisions"}],"up":[{"embeddable":true,"href":"https:\/\/www.internetsociety.org\/es\/wp-json\/wp\/v2\/pages\/147590"}],"wp:featuredmedia":[{"embeddable":true,"href":"https:\/\/www.internetsociety.org\/es\/wp-json\/wp\/v2\/media\/176801"}],"wp:attachment":[{"href":"https:\/\/www.internetsociety.org\/es\/wp-json\/wp\/v2\/media?parent=177179"}],"wp:term":[{"taxonomy":"category","embeddable":true,"href":"https:\/\/www.internetsociety.org\/es\/wp-json\/wp\/v2\/categories?post=177179"},{"taxonomy":"post_tag","embeddable":true,"href":"https:\/\/www.internetsociety.org\/es\/wp-json\/wp\/v2\/tags?post=177179"},{"taxonomy":"region_news_regions","embeddable":true,"href":"https:\/\/www.internetsociety.org\/es\/wp-json\/wp\/v2\/region_news_regions?post=177179"},{"taxonomy":"content_category","embeddable":true,"href":"https:\/\/www.internetsociety.org\/es\/wp-json\/wp\/v2\/content_category?post=177179"},{"taxonomy":"author","embeddable":true,"href":"https:\/\/www.internetsociety.org\/es\/wp-json\/wp\/v2\/ppma_author?post=177179"}],"curies":[{"name":"wp","href":"https:\/\/api.w.org\/{rel}","templated":true}]}}