{"id":177177,"date":"2022-09-05T13:22:42","date_gmt":"2022-09-05T13:22:42","guid":{"rendered":"https:\/\/www.internetsociety.org\/?page_id=177177"},"modified":"2025-09-24T10:44:18","modified_gmt":"2025-09-24T10:44:18","slug":"alumni-network","status":"publish","type":"page","link":"https:\/\/www.internetsociety.org\/es\/shaping-future-of-the-internet\/alumni-network\/","title":{"rendered":"Presentamos Nuestra Red de Exalumnos"},"content":{"rendered":"\n<div class=\"wp-block-cover\" style=\"min-height:470px;aspect-ratio:unset;\"><img loading=\"lazy\" decoding=\"async\" width=\"1497\" height=\"711\" class=\"wp-block-cover__image-background wp-image-177212\" alt=\"a young woman and a man talk at a conference\" src=\"https:\/\/www.internetsociety.org\/wp-content\/uploads\/2022\/09\/woman-man-talk.jpg\" style=\"object-position:50% 50%\" data-object-fit=\"cover\" data-object-position=\"50% 50%\" srcset=\"https:\/\/www.internetsociety.org\/wp-content\/uploads\/2022\/09\/woman-man-talk.jpg 1497w, https:\/\/www.internetsociety.org\/wp-content\/uploads\/2022\/09\/woman-man-talk-450x214.jpg 450w, https:\/\/www.internetsociety.org\/wp-content\/uploads\/2022\/09\/woman-man-talk-1024x486.jpg 1024w, https:\/\/www.internetsociety.org\/wp-content\/uploads\/2022\/09\/woman-man-talk-768x365.jpg 768w, https:\/\/www.internetsociety.org\/wp-content\/uploads\/2022\/09\/woman-man-talk-250x119.jpg 250w\" sizes=\"auto, (max-width: 1497px) 100vw, 1497px\" \/><span aria-hidden=\"true\" class=\"wp-block-cover__background has-background-dim-0 has-background-dim\"><\/span><div class=\"wp-block-cover__inner-container is-layout-flow wp-block-cover-is-layout-flow\">\n<p class=\"has-text-align-center has-large-font-size\"><\/p>\n<\/div><\/div>\n\n\n\n<section class=\"wp-block-uagb-columns uagb-columns__wrap uagb-columns__background-color uagb-columns__stack-mobile uagb-columns__valign- uagb-columns__gap-10 align uagb-block-f16fca95 uagb-columns__columns-2 uagb-columns__max_width-theme\"><div class=\"uagb-columns__overlay\"><\/div><div class=\"uagb-columns__inner-wrap uagb-columns__columns-2\">\n<div class=\"wp-block-uagb-column uagb-column__wrap uagb-column__background-color uagb-block-06ce1e46\"><div class=\"uagb-column__overlay\"><\/div>\n<section class=\"wp-block-uagb-columns uagb-columns__wrap uagb-columns__background-color uagb-columns__stack-mobile uagb-columns__valign- uagb-columns__gap-10 align uagb-block-5e6ab07a uagb-columns__columns-1 uagb-columns__max_width-theme background-image-fallback-black\"><div class=\"uagb-columns__overlay\"><\/div><div class=\"uagb-columns__inner-wrap uagb-columns__columns-1\">\n<div class=\"wp-block-uagb-column uagb-column__wrap uagb-column__background-undefined uagb-block-922f195e\"><div class=\"uagb-column__overlay\"><\/div>\n<h5 class=\"wp-block-heading has-neutral-white-color has-text-color\" id=\"at-a-glance\">De un vistazo<\/h5>\n\n\n\n<div style=\"height:20px\" aria-hidden=\"true\" class=\"wp-block-spacer\"><\/div>\n\n\n\n<p class=\"has-neutral-white-color has-text-color has-18-font-size\">Estado actual: <br>Abierto<\/p>\n\n\n\n<p class=\"has-neutral-white-color has-text-color has-18-font-size\"><a href=\"#eligibility\">Elegibilidad<\/a><\/p>\n\n\n\n<p class=\"has-neutral-white-color has-text-color has-18-font-size\"><a href=\"#join\">\u00danete a la red<\/a><\/p>\n<\/div>\n<\/div><\/section>\n<\/div>\n\n\n\n<div class=\"wp-block-uagb-column uagb-column__wrap uagb-column__background-undefined uagb-block-a456c385\"><div class=\"uagb-column__overlay\"><\/div>\n<h1 class=\"wp-block-heading has-accent-purple-color has-text-color\" id=\"early-career-fellowship\">Red de Exalumnos<\/h1>\n\n\n\n<div style=\"height:30px\" aria-hidden=\"true\" class=\"wp-block-spacer\"><\/div>\n\n\n\n<p>Cuando te grad\u00faas de uno de nuestros programas de liderazgo, pol\u00edtica o aspectos t\u00e9cnicos, o completas una orientaci\u00f3n tem\u00e1tica de cursos en l\u00ednea, tu camino no tiene por qu\u00e9 acabar ah\u00ed. Podr\u00e1s unirte a una red interactiva de defensores de Internet.<\/p>\n\n\n\n<p>La Red de Exalumnos te ayuda a mantenerte conectado, a desarrollar tus competencias y a tener m\u00e1s \u00e9xito en el mercado laboral. <\/p>\n\n\n\n<p class=\"has-accent-purple-color has-text-color\"><strong>Al unirte a la Red de Exalumnos, podr\u00e1s seguir colaborando en la defensa de una Internet abierta, globalmente conectada, segura y confiable.<\/strong><\/p>\n\n\n\n<div style=\"height:20px\" aria-hidden=\"true\" class=\"wp-block-spacer\"><\/div>\n\n\n\n<h2 class=\"wp-block-heading has-accent-purple-color has-text-color has-48-font-size\">Una oportunidad para hacer contactos de calidad y para la formaci\u00f3n continua <\/h2>\n\n\n\n<div style=\"height:20px\" aria-hidden=\"true\" class=\"wp-block-spacer\"><\/div>\n\n\n\n<p>Podr\u00e1s hacer contactos de calidad participando en una animada comunidad de compa\u00f1eros para resolver problemas y defender Internet mientras te mantienes al tanto de las nuevas oportunidades de colaboraci\u00f3n.<\/p>\n\n\n\n<p>Gracias al acceso permanente a nuestros cursos de aprendizaje, a las oportunidades de formaci\u00f3n de los socios y al acceso exclusivo a un Centro de Desarrollo Profesional, podr\u00e1s seguir mejorando tus competencias y desarrollando tus habilidades. <\/p>\n\n\n\n<p>Podr\u00e1s relacionarte con los l\u00edderes de opini\u00f3n del sector, los pioneros de Internet y los expertos en la materia, lo que te brindar\u00e1 el apoyo que necesitas para seguir trabajando por el crecimiento y fortalecimiento de Internet. Y, por supuesto, tambi\u00e9n podr\u00e1s compartir tus experiencias y conocimientos con los dem\u00e1s.<\/p>\n\n\n\n<div style=\"height:20px\" aria-hidden=\"true\" class=\"wp-block-spacer\"><\/div>\n\n\n\n<h3 class=\"wp-block-heading has-accent-purple-color has-text-color\">\u00bfQu\u00e9 es lo que se puede hacer?<\/h3>\n\n\n\n<div style=\"height:20px\" aria-hidden=\"true\" class=\"wp-block-spacer\"><\/div>\n\n\n\n<p>Con la Red de Exalumnos podr\u00e1s hacer lo siguiente: <\/p>\n\n\n\n<ul class=\"wp-block-list\">\n<li>Desempe\u00f1ar un papel activo en el avance de los proyectos, las iniciativas y la misi\u00f3n de Internet Society. <\/li>\n\n\n\n<li>Participar en un evento anual de exalumnos para conmemorar su impacto a lo largo del a\u00f1o y estar en contacto con toda la comunidad de Internet Society.<\/li>\n\n\n\n<li>Acelerar tu desarrollo profesional con alertas sobre oportunidades de trabajo en el sector de Internet.<\/li>\n\n\n\n<li>Hacer contactos con los miembros y organizaciones asociadas de Internet Society.<\/li>\n\n\n\n<li>Participar en debates en grupo, charlas al aire libre, caf\u00e9s virtuales y mesas redondas.<\/li>\n\n\n\n<li>Ponerte en contacto con los l\u00edderes de opini\u00f3n del sector, la pol\u00edtica y el mundo acad\u00e9mico.<\/li>\n\n\n\n<li>Desarrollar competencias espec\u00edficas para una mayor eficacia en el mercado laboral. <\/li>\n\n\n\n<li>Conocer otras competencias y vocaciones relevantes relacionadas con Internet.<\/li>\n\n\n\n<li>\u00a1Y mucho m\u00e1s! <\/li>\n<\/ul>\n\n\n\n<div style=\"height:20px\" aria-hidden=\"true\" class=\"wp-block-spacer\"><\/div>\n\n\n\n<h3 class=\"wp-block-heading has-accent-purple-color has-text-color\" id=\"eligibility\">\u00bfQui\u00e9n puede unirse a la red? <\/h3>\n\n\n\n<div style=\"height:20px\" aria-hidden=\"true\" class=\"wp-block-spacer\"><\/div>\n\n\n\n<p>La Red de Exalumnos est\u00e1 abierta a los siguientes grupos: <\/p>\n\n\n\n<ul class=\"wp-block-list\">\n<li>Becarios de inicio de carrera <\/li>\n\n\n\n<li>Becarios de mitad de carrera <\/li>\n\n\n\n<li>Embajadores juveniles <\/li>\n\n\n\n<li>Embajadores juveniles del IGF <\/li>\n\n\n\n<li>Becarios de Youth@IGF <\/li>\n\n\n\n<li>Embajadores del IGF <\/li>\n\n\n\n<li>Becarios de Interconexi\u00f3n<\/li>\n\n\n\n<li>Becarios Comunitarios<\/li>\n\n\n\n<li>Asistentes al Programa para legisladores<\/li>\n\n\n\n<li>Tutores de formaci\u00f3n <\/li>\n\n\n\n<li>Estudiantes que hayan completado en un a\u00f1o natural al menos una orientaci\u00f3n tem\u00e1tica de cursos de Learning @ Internet Society.<\/li>\n<\/ul>\n\n\n\n<div style=\"height:40px\" aria-hidden=\"true\" class=\"wp-block-spacer\"><\/div>\n\n\n\n<h3 class=\"wp-block-heading has-text-align-left has-accent-purple-color has-text-color\" id=\"join\">C\u00f3mo unirse<\/h3>\n\n\n\n<div style=\"height:30px\" aria-hidden=\"true\" class=\"wp-block-spacer\"><\/div>\n\n\n\n<p>Si cumples los requisitos para formar parte de esta red porque completaste un programa, recibir\u00e1s una invitaci\u00f3n para entrar: \u00a1otra gran raz\u00f3n para <a href=\"https:\/\/www.internetsociety.org\/es\/shaping-future-of-the-internet\/\">inscribirse en uno de nuestros programas<\/a> ahora!<\/p>\n\n\n\n<p>Si deseas m\u00e1s informaci\u00f3n, env\u00eda un correo electr\u00f3nico a <a href=\"mailto:alumni@isoc.org\">alumni@isoc.org<\/a>.<\/p>\n<\/div>\n<\/div><\/section>\n\n\n\n<section class=\"wp-block-uagb-columns uagb-columns__wrap uagb-columns__background-color uagb-columns__stack-mobile uagb-columns__valign- uagb-columns__gap-10 align uagb-block-533444c9 uagb-columns__columns-2 uagb-columns__max_width-theme background-image-fallback-black\"><div class=\"uagb-columns__overlay\"><\/div><div class=\"uagb-columns__inner-wrap uagb-columns__columns-2\">\n<div class=\"wp-block-uagb-column uagb-column__wrap uagb-column__background-none uagb-block-a995c8e8\"><div class=\"uagb-column__overlay\"><\/div><\/div>\n\n\n\n<div class=\"wp-block-uagb-column uagb-column__wrap uagb-column__background-undefined uagb-block-bc834cda\"><div class=\"uagb-column__overlay\"><\/div>\n<p class=\"has-neutral-white-color has-text-color has-12-font-size\">Derechos de autor: \u00a9 Wes Hardaker<\/p>\n<\/div>\n<\/div><\/section>\n","protected":false},"excerpt":{"rendered":"<p><b>Donde los campeones de Internet con talento y pasi\u00f3n pueden aprender, abogar y compartir emocionantes oportunidades profesionales.<\/b><br \/>\n<br \/>Cuando se grad\u00faa de uno de nuestros programas de liderazgo, pol\u00edticas o aspectos t\u00e9cnicos, su viaje no tiene por qu\u00e9 culminar ah\u00ed. Puede unirse a una red de campeones de Internet. \u00a1Haga crecer sus conexiones con nuestra nueva Red de Exalumnos!<\/p>\n","protected":false},"author":46,"featured_media":177420,"parent":158291,"menu_order":0,"comment_status":"closed","ping_status":"closed","template":"page-wide.php","meta":{"_acf_changed":false,"_uag_custom_page_level_css":"","footnotes":""},"categories":[5694,119],"tags":[6150,6149],"region_news_regions":[6030],"content_category":[],"ppma_author":[4057],"class_list":["post-177177","page","type-page","status-publish","has-post-thumbnail","hentry","category-comunidad","category-quienes-somos","tag-becas","tag-exalumnos","region_news_regions-global"],"acf":[],"uagb_featured_image_src":{"full":["https:\/\/www.internetsociety.org\/wp-content\/uploads\/2022\/09\/woman-man-talk-small.jpeg",600,275,false],"thumbnail":["https:\/\/www.internetsociety.org\/wp-content\/uploads\/2022\/09\/woman-man-talk-small-150x150.jpeg",150,150,true],"medium":["https:\/\/www.internetsociety.org\/wp-content\/uploads\/2022\/09\/woman-man-talk-small-450x206.jpeg",450,206,true],"medium_large":["https:\/\/www.internetsociety.org\/wp-content\/uploads\/2022\/09\/woman-man-talk-small.jpeg",600,275,false],"large":["https:\/\/www.internetsociety.org\/wp-content\/uploads\/2022\/09\/woman-man-talk-small.jpeg",600,275,false],"1536x1536":["https:\/\/www.internetsociety.org\/wp-content\/uploads\/2022\/09\/woman-man-talk-small.jpeg",600,275,false],"2048x2048":["https:\/\/www.internetsociety.org\/wp-content\/uploads\/2022\/09\/woman-man-talk-small.jpeg",600,275,false],"post-thumbnail":["https:\/\/www.internetsociety.org\/wp-content\/uploads\/2022\/09\/woman-man-talk-small-250x115.jpeg",250,115,true],"square":["https:\/\/www.internetsociety.org\/wp-content\/uploads\/2022\/09\/woman-man-talk-small.jpeg",600,275,false],"gform-image-choice-sm":["https:\/\/www.internetsociety.org\/wp-content\/uploads\/2022\/09\/woman-man-talk-small.jpeg",300,138,false],"gform-image-choice-md":["https:\/\/www.internetsociety.org\/wp-content\/uploads\/2022\/09\/woman-man-talk-small.jpeg",400,183,false],"gform-image-choice-lg":["https:\/\/www.internetsociety.org\/wp-content\/uploads\/2022\/09\/woman-man-talk-small.jpeg",600,275,false]},"uagb_author_info":{"display_name":"Ivana Trbovic","author_link":"https:\/\/www.internetsociety.org\/es\/author\/trbovic\/"},"uagb_comment_info":0,"uagb_excerpt":"Donde los campeones de Internet con talento y pasi\u00f3n pueden aprender, abogar y compartir emocionantes oportunidades profesionales. Cuando se grad\u00faa de uno de nuestros programas de liderazgo, pol\u00edticas o aspectos t\u00e9cnicos, su viaje no tiene por qu\u00e9 culminar ah\u00ed. Puede unirse a una red de campeones de Internet. \u00a1Haga crecer sus conexiones con nuestra nueva&hellip;","_links":{"self":[{"href":"https:\/\/www.internetsociety.org\/es\/wp-json\/wp\/v2\/pages\/177177","targetHints":{"allow":["GET"]}}],"collection":[{"href":"https:\/\/www.internetsociety.org\/es\/wp-json\/wp\/v2\/pages"}],"about":[{"href":"https:\/\/www.internetsociety.org\/es\/wp-json\/wp\/v2\/types\/page"}],"author":[{"embeddable":true,"href":"https:\/\/www.internetsociety.org\/es\/wp-json\/wp\/v2\/users\/46"}],"replies":[{"embeddable":true,"href":"https:\/\/www.internetsociety.org\/es\/wp-json\/wp\/v2\/comments?post=177177"}],"version-history":[{"count":0,"href":"https:\/\/www.internetsociety.org\/es\/wp-json\/wp\/v2\/pages\/177177\/revisions"}],"up":[{"embeddable":true,"href":"https:\/\/www.internetsociety.org\/es\/wp-json\/wp\/v2\/pages\/158291"}],"wp:featuredmedia":[{"embeddable":true,"href":"https:\/\/www.internetsociety.org\/es\/wp-json\/wp\/v2\/media\/177420"}],"wp:attachment":[{"href":"https:\/\/www.internetsociety.org\/es\/wp-json\/wp\/v2\/media?parent=177177"}],"wp:term":[{"taxonomy":"category","embeddable":true,"href":"https:\/\/www.internetsociety.org\/es\/wp-json\/wp\/v2\/categories?post=177177"},{"taxonomy":"post_tag","embeddable":true,"href":"https:\/\/www.internetsociety.org\/es\/wp-json\/wp\/v2\/tags?post=177177"},{"taxonomy":"region_news_regions","embeddable":true,"href":"https:\/\/www.internetsociety.org\/es\/wp-json\/wp\/v2\/region_news_regions?post=177177"},{"taxonomy":"content_category","embeddable":true,"href":"https:\/\/www.internetsociety.org\/es\/wp-json\/wp\/v2\/content_category?post=177177"},{"taxonomy":"author","embeddable":true,"href":"https:\/\/www.internetsociety.org\/es\/wp-json\/wp\/v2\/ppma_author?post=177177"}],"curies":[{"name":"wp","href":"https:\/\/api.w.org\/{rel}","templated":true}]}}