{"id":176873,"date":"2022-08-12T15:07:03","date_gmt":"2022-08-12T15:07:03","guid":{"rendered":"https:\/\/www.internetsociety.org\/?page_id=176873"},"modified":"2025-12-23T18:52:45","modified_gmt":"2025-12-23T18:52:45","slug":"lo-que-internet-necesita-para-prosperar","status":"publish","type":"page","link":"https:\/\/www.internetsociety.org\/es\/learning\/what-internet-needs-to-thrive\/","title":{"rendered":"Lo que Internet Necesita para Prosperar"},"content":{"rendered":"\n<section class=\"wp-block-uagb-columns uagb-columns__wrap uagb-columns__background-image uagb-columns__stack-mobile uagb-columns__valign- uagb-columns__gap-10 align uagb-block-1e2da9a2 uagb-columns__columns-1 uagb-columns__max_width-theme background-image-fallback-black\"><div class=\"uagb-columns__overlay\"><\/div><div class=\"uagb-columns__inner-wrap uagb-columns__columns-1\">\n<div class=\"wp-block-uagb-column uagb-column__wrap uagb-column__background-undefined uagb-block-75c1f165\"><div class=\"uagb-column__overlay\"><\/div>\n<p class=\"has-neutral-white-color has-text-color has-18-font-size\"><a href=\"https:\/\/www.internetsociety.org\/es\/learning\/\">Learning<\/a> &gt; Lo que Internet Necesita para Prosperar<\/p>\n\n\n\n<div style=\"height:30px\" aria-hidden=\"true\" class=\"wp-block-spacer\"><\/div>\n\n\n\n<h1 class=\"wp-block-heading has-neutral-white-color has-text-color\">Lo que Internet Necesita para Prosperar<\/h1>\n<\/div>\n<\/div><\/section>\n\n\n\n<section class=\"wp-block-uagb-columns uagb-columns__wrap uagb-columns__background-none uagb-columns__stack-tablet uagb-columns__valign- uagb-columns__gap-5 align uagb-columns__reverse-tablet uagb-block-dcb638d4 uagb-columns__columns-2 uagb-columns__max_width-theme\"><div class=\"uagb-columns__overlay\"><\/div><div class=\"uagb-columns__inner-wrap uagb-columns__columns-2\">\n<div class=\"wp-block-uagb-column uagb-column__wrap uagb-column__background-undefined uagb-block-ec95259a\"><div class=\"uagb-column__overlay\"><\/div>\n<h2 class=\"wp-block-heading has-48-font-size\" id=\"que-es-el-curso-cifrado\">\u00bfQu\u00e9 es este curso?<\/h2>\n\n\n\n<div style=\"height:20px\" aria-hidden=\"true\" class=\"wp-block-spacer\"><\/div>\n\n\n\n<p>Internet se cre\u00f3 con la capacidad de empoderar a los usuarios a trav\u00e9s de las fronteras para dar forma colectivamente a su evoluci\u00f3n. Un conjunto compartido de objetivos gu\u00edan nuestro viaje colectivo hacia una mejor Internet. Estos objetivos nos dicen c\u00f3mo queremos que sea Internet, ahora y en el futuro.&nbsp;<\/p>\n\n\n\n<p>Al ver los cambios propuestos en las pol\u00edticas, tecnolog\u00edas y aplicaciones en relaci\u00f3n con estos objetivos, podemos comprender mejor si estamos en el camino correcto hacia una Internet pr\u00f3spera o si nos alejamos de nuestros objetivos. En este curso ofrecemos una descripci\u00f3n general del conjunto compartido de objetivos para Internet y c\u00f3mo las caracter\u00edsticas de apoyo o \u00abfacilitadores\u00bb ayudan a alcanzar estos objetivos.<\/p>\n\n\n\n<div style=\"height:30px\" aria-hidden=\"true\" class=\"wp-block-spacer\"><\/div>\n\n\n\n<h3 class=\"wp-block-heading\" id=\"cuales-son-los-objetivos-del-curso\">\u00bfCu\u00e1les son los objetivos del curso?<\/h3>\n\n\n\n<div style=\"height:20px\" aria-hidden=\"true\" class=\"wp-block-spacer\"><\/div>\n\n\n\n<ul class=\"wp-block-list\">\n<li>Describir los facilitadores de una Internet abierta, globalmente conectada, segura y confiable<\/li>\n\n\n\n<li>Explicar c\u00f3mo se pueden utilizar los facilitadores para simplificar la tarea de analizar los efectos potenciales de los cambios propuestos en relaci\u00f3n con los objetivos<\/li>\n\n\n\n<li>Proporcionar ejemplos de varios desarrollos que tengan un impacto positivo o negativo en los facilitadores y, en consecuencia, en la posibilidad de alcanzar los objetivos de Internet<\/li>\n<\/ul>\n\n\n\n<div style=\"height:30px\" aria-hidden=\"true\" class=\"wp-block-spacer\"><\/div>\n\n\n\n<h3 class=\"wp-block-heading\" id=\"quien-debe-asistir-a-este-curso\">\u00bfCu\u00e1les son los resultados esperados de este curso?<\/h3>\n\n\n\n<div style=\"height:20px\" aria-hidden=\"true\" class=\"wp-block-spacer\"><\/div>\n\n\n\n<ul class=\"wp-block-list\">\n<li>Describir a los principales facilitadores y su contribuci\u00f3n a una Internet (abierta, globalmente conectada, segura y confiable).<\/li>\n\n\n\n<li>Comprender el papel que desempe\u00f1an los facilitadores a la hora de contribuir al crecimiento y la seguridad de la conectividad global a Internet.<\/li>\n\n\n\n<li>Proponer cambios\/desarrollos que puedan impactar en estos facilitadores.<\/li>\n\n\n\n<li>Evaluar los efectos de los cambios propuestos en relaci\u00f3n con los objetivos generales de que Internet sea (abierta, globalmente conectada, segura y confiable).<\/li>\n\n\n\n<li>Proporcionar ejemplos de c\u00f3mo los desarrollos (positivos y negativos) se relacionan con los facilitadores.<\/li>\n\n\n\n<li>Evaluar los resultados y efectos de estos desarrollos en que Internet sea (abierta, globalmente conectada, segura y confiable).<\/li>\n\n\n\n<li>Aplicar los conocimientos y la comprensi\u00f3n de los impactos de los facilitadores a estudios reales (escenarios y casos).<\/li>\n\n\n\n<li>Usar conocimientos, creatividad y habilidades anal\u00edticas para proponer soluciones o mejoras con base en el curso y conocimiento del mundo real.<\/li>\n<\/ul>\n\n\n\n<div style=\"height:30px\" aria-hidden=\"true\" class=\"wp-block-spacer\"><\/div>\n\n\n\n<h3 class=\"wp-block-heading\" id=\"quien-debe-asistir-a-este-curso\">\u00bfQui\u00e9n debe asistir a este curso?<\/h3>\n\n\n\n<div style=\"height:20px\" aria-hidden=\"true\" class=\"wp-block-spacer\"><\/div>\n\n\n\n<p>Debe hacer este curso si:<\/p>\n\n\n\n<ul class=\"wp-block-list\">\n<li>Elabora pol\u00edticas o es un tecn\u00f3logo o un defensor que trabaja en asuntos relacionados con la regulaci\u00f3n de Internet<\/li>\n\n\n\n<li>Tiene conocimientos b\u00e1sicos de c\u00f3mo funciona Internet y le gustar\u00eda aprender sobre la base fundamental que lo mantiene funcionando para todos<\/li>\n\n\n\n<li>Quiere generar conocimientos sobre la importancia de proteger la base fundamental de Internet<\/li>\n\n\n\n<li>Desea poder abogar para evitar que una pol\u00edtica, tecnolog\u00eda o tendencia da\u00f1e las bases de Internet<\/li>\n\n\n\n<li>Desea aprender sobre cu\u00e1les son las consideraciones b\u00e1sicas que deben incluirse en una Evaluaci\u00f3n del impacto de Internet<\/li>\n<\/ul>\n\n\n\n<p>Requisitos:<\/p>\n\n\n\n<ul class=\"wp-block-list\">\n<li>&nbsp;Debe tener una buena comprensi\u00f3n del <a href=\"https:\/\/www.internetsociety.org\/action-plan\/internet-way-of-networking\/\">Modo Internet de Interconectarse<\/a> y sus propiedades fundamentales<\/li>\n<\/ul>\n\n\n\n<div style=\"height:30px\" aria-hidden=\"true\" class=\"wp-block-spacer\"><\/div>\n\n\n\n<h3 class=\"wp-block-heading\" id=\"como-me-inscribo-a-un-curso\">\u00bfC\u00f3mo me inscribo a un curso?<\/h3>\n\n\n\n<div style=\"height:20px\" aria-hidden=\"true\" class=\"wp-block-spacer\"><\/div>\n\n\n<div class=\"wp-block-uagb-faq uagb-faq__outer-wrap uagb-block-6c63f3e1 uagb-faq-icon-row-reverse uagb-faq-layout-accordion uagb-faq-expand-first-false uagb-faq-inactive-other-true uagb-faq__wrap uagb-buttons-layout-wrap uagb-faq-equal-height     \" data-faqtoggle=\"true\" role=\"tablist\"><div class=\"wp-block-uagb-faq-child uagb-faq-child__outer-wrap uagb-faq-item uagb-block-35a52c68 \" role=\"tab\" tabindex=\"0\"><div class=\"uagb-faq-questions-button uagb-faq-questions\">\t\t\t<span class=\"uagb-icon uagb-faq-icon-wrap\">\n\t\t\t\t\t\t\t\t<svg xmlns=\"https:\/\/www.w3.org\/2000\/svg\" viewBox= \"0 0 448 512\"><path d=\"M432 256c0 17.69-14.33 32.01-32 32.01H256v144c0 17.69-14.33 31.99-32 31.99s-32-14.3-32-31.99v-144H48c-17.67 0-32-14.32-32-32.01s14.33-31.99 32-31.99H192v-144c0-17.69 14.33-32.01 32-32.01s32 14.32 32 32.01v144h144C417.7 224 432 238.3 432 256z\"><\/path><\/svg>\n\t\t\t\t\t\t\t<\/span>\n\t\t\t\t\t\t<span class=\"uagb-icon-active uagb-faq-icon-wrap\">\n\t\t\t\t\t\t\t\t<svg xmlns=\"https:\/\/www.w3.org\/2000\/svg\" viewBox= \"0 0 448 512\"><path d=\"M400 288h-352c-17.69 0-32-14.32-32-32.01s14.31-31.99 32-31.99h352c17.69 0 32 14.3 32 31.99S417.7 288 400 288z\"><\/path><\/svg>\n\t\t\t\t\t\t\t<\/span>\n\t\t\t<h3 class=\"uagb-question\">\u00bfC\u00f3mo accedo a la plataforma de aprendizaje como miembro de Internet Society?<\/h3><\/div><div class=\"uagb-faq-content\"><p>Como miembro de Internet Society, puede iniciar sesi\u00f3n en <a href=\"https:\/\/learning.internetsociety.org\/\">learning.internetsociety.org<\/a> con sus credenciales de inicio de sesi\u00f3n de miembro. No es necesario crear una cuenta nueva. Si no recuerda su informaci\u00f3n de inicio de sesi\u00f3n, seleccione <strong>\u00bfOlvid\u00f3 su informaci\u00f3n de inicio de sesi\u00f3n?<\/strong> para recibir su nombre de usuario por correo electr\u00f3nico y recibir un enlace para restablecer su contrase\u00f1a. Una vez que haya iniciado sesi\u00f3n, podr\u00e1 ver el cat\u00e1logo de cursos y seleccionar el curso en el que desea inscribirse.<\/p><\/div><\/div><div class=\"wp-block-uagb-faq-child uagb-faq-child__outer-wrap uagb-faq-item uagb-block-6d55a69b \" role=\"tab\" tabindex=\"0\"><div class=\"uagb-faq-questions-button uagb-faq-questions\">\t\t\t<span class=\"uagb-icon uagb-faq-icon-wrap\">\n\t\t\t\t\t\t\t\t<svg xmlns=\"https:\/\/www.w3.org\/2000\/svg\" viewBox= \"0 0 448 512\"><path d=\"M432 256c0 17.69-14.33 32.01-32 32.01H256v144c0 17.69-14.33 31.99-32 31.99s-32-14.3-32-31.99v-144H48c-17.67 0-32-14.32-32-32.01s14.33-31.99 32-31.99H192v-144c0-17.69 14.33-32.01 32-32.01s32 14.32 32 32.01v144h144C417.7 224 432 238.3 432 256z\"><\/path><\/svg>\n\t\t\t\t\t\t\t<\/span>\n\t\t\t\t\t\t<span class=\"uagb-icon-active uagb-faq-icon-wrap\">\n\t\t\t\t\t\t\t\t<svg xmlns=\"https:\/\/www.w3.org\/2000\/svg\" viewBox= \"0 0 448 512\"><path d=\"M400 288h-352c-17.69 0-32-14.32-32-32.01s14.31-31.99 32-31.99h352c17.69 0 32 14.3 32 31.99S417.7 288 400 288z\"><\/path><\/svg>\n\t\t\t\t\t\t\t<\/span>\n\t\t\t<h3 class=\"uagb-question\">\u00bfC\u00f3mo accedo a la plataforma de aprendizaje si no soy miembro?<\/h3><\/div><div class=\"uagb-faq-content\"><p>Tanto los invitados como los miembros de Internet Society pueden acceder a la plataforma de aprendizaje. Para registrarse bajo cualquiera de estas premisas, haga clic en <strong>Registrarse<\/strong> en el cuadro de inicio de sesi\u00f3n en <a href=\"https:\/\/learning.internetsociety.org\/\">learning.internetsociety.org<\/a>. A continuaci\u00f3n, reg\u00edstrese como miembro o haga clic en el <strong>formulario de registro de invitado<\/strong> para registrarse como invitado. Una vez que cree una cuenta, puede usar las credenciales que cre\u00f3 (nombre de usuario y contrase\u00f1a) para iniciar sesi\u00f3n en <a href=\"https:\/\/learning.internetsociety.org\/\">learning.internetsociety.org<\/a>. Despu\u00e9s de haber iniciado sesi\u00f3n, podr\u00e1 ver el cat\u00e1logo de cursos e inscribirse en ellos.<\/p><\/div><\/div><div class=\"wp-block-uagb-faq-child uagb-faq-child__outer-wrap uagb-faq-item uagb-block-f0e286c9 \" role=\"tab\" tabindex=\"0\"><div class=\"uagb-faq-questions-button uagb-faq-questions\">\t\t\t<span class=\"uagb-icon uagb-faq-icon-wrap\">\n\t\t\t\t\t\t\t\t<svg xmlns=\"https:\/\/www.w3.org\/2000\/svg\" viewBox= \"0 0 448 512\"><path d=\"M432 256c0 17.69-14.33 32.01-32 32.01H256v144c0 17.69-14.33 31.99-32 31.99s-32-14.3-32-31.99v-144H48c-17.67 0-32-14.32-32-32.01s14.33-31.99 32-31.99H192v-144c0-17.69 14.33-32.01 32-32.01s32 14.32 32 32.01v144h144C417.7 224 432 238.3 432 256z\"><\/path><\/svg>\n\t\t\t\t\t\t\t<\/span>\n\t\t\t\t\t\t<span class=\"uagb-icon-active uagb-faq-icon-wrap\">\n\t\t\t\t\t\t\t\t<svg xmlns=\"https:\/\/www.w3.org\/2000\/svg\" viewBox= \"0 0 448 512\"><path d=\"M400 288h-352c-17.69 0-32-14.32-32-32.01s14.31-31.99 32-31.99h352c17.69 0 32 14.3 32 31.99S417.7 288 400 288z\"><\/path><\/svg>\n\t\t\t\t\t\t\t<\/span>\n\t\t\t<h3 class=\"uagb-question\">\u00bfC\u00f3mo me inscribo a un curso?<\/h3><\/div><div class=\"uagb-faq-content\"><p>Explore los cursos disponibles en el cat\u00e1logo de cursos o use la barra de b\u00fasqueda para encontrar el curso en el que le gustar\u00eda inscribirse. En la p\u00e1gina de cada curso, haga clic en el bot\u00f3n \u00abInscribirse\u00bb, en la esquina superior derecha de la p\u00e1gina para ser agregado inmediatamente a un curso. Una vez que se haya inscrito correctamente, podr\u00e1 ver el curso en \u00abMis cursos y planes de aprendizaje\u00bb. Tambi\u00e9n podr\u00e1 ver informaci\u00f3n sobre la persona instructora del curso, los foros del curso y acceder a los m\u00f3dulos que est\u00e9n disponibles. Si el curso a\u00fan no ha comenzado, no ver\u00e1 ning\u00fan m\u00f3dulo hasta el d\u00eda en que comience.<\/p><\/div><\/div><div class=\"wp-block-uagb-faq-child uagb-faq-child__outer-wrap uagb-faq-item uagb-block-22b0ca35 \" role=\"tab\" tabindex=\"0\"><div class=\"uagb-faq-questions-button uagb-faq-questions\">\t\t\t<span class=\"uagb-icon uagb-faq-icon-wrap\">\n\t\t\t\t\t\t\t\t<svg xmlns=\"https:\/\/www.w3.org\/2000\/svg\" viewBox= \"0 0 448 512\"><path d=\"M432 256c0 17.69-14.33 32.01-32 32.01H256v144c0 17.69-14.33 31.99-32 31.99s-32-14.3-32-31.99v-144H48c-17.67 0-32-14.32-32-32.01s14.33-31.99 32-31.99H192v-144c0-17.69 14.33-32.01 32-32.01s32 14.32 32 32.01v144h144C417.7 224 432 238.3 432 256z\"><\/path><\/svg>\n\t\t\t\t\t\t\t<\/span>\n\t\t\t\t\t\t<span class=\"uagb-icon-active uagb-faq-icon-wrap\">\n\t\t\t\t\t\t\t\t<svg xmlns=\"https:\/\/www.w3.org\/2000\/svg\" viewBox= \"0 0 448 512\"><path d=\"M400 288h-352c-17.69 0-32-14.32-32-32.01s14.31-31.99 32-31.99h352c17.69 0 32 14.3 32 31.99S417.7 288 400 288z\"><\/path><\/svg>\n\t\t\t\t\t\t\t<\/span>\n\t\t\t<h3 class=\"uagb-question\">\u00bfC\u00f3mo me uno a la lista de espera de un curso?<\/h3><\/div><div class=\"uagb-faq-content\"><p>Si se encuentra en la p\u00e1gina de un curso y el bot\u00f3n en la esquina superior derecha de la p\u00e1gina dice \u00abInscribirse (lista de espera)\u00bb, esto significa que el curso ha alcanzado el n\u00famero m\u00e1ximo de participantes que pueden inscribirse. Puede hacer clic en el bot\u00f3n para unirse a la lista de espera del curso y se le notificar\u00e1 si hay un lugar disponible.<\/p><\/div><\/div><div class=\"wp-block-uagb-faq-child uagb-faq-child__outer-wrap uagb-faq-item uagb-block-11532b2a \" role=\"tab\" tabindex=\"0\"><div class=\"uagb-faq-questions-button uagb-faq-questions\">\t\t\t<span class=\"uagb-icon uagb-faq-icon-wrap\">\n\t\t\t\t\t\t\t\t<svg xmlns=\"https:\/\/www.w3.org\/2000\/svg\" viewBox= \"0 0 448 512\"><path d=\"M432 256c0 17.69-14.33 32.01-32 32.01H256v144c0 17.69-14.33 31.99-32 31.99s-32-14.3-32-31.99v-144H48c-17.67 0-32-14.32-32-32.01s14.33-31.99 32-31.99H192v-144c0-17.69 14.33-32.01 32-32.01s32 14.32 32 32.01v144h144C417.7 224 432 238.3 432 256z\"><\/path><\/svg>\n\t\t\t\t\t\t\t<\/span>\n\t\t\t\t\t\t<span class=\"uagb-icon-active uagb-faq-icon-wrap\">\n\t\t\t\t\t\t\t\t<svg xmlns=\"https:\/\/www.w3.org\/2000\/svg\" viewBox= \"0 0 448 512\"><path d=\"M400 288h-352c-17.69 0-32-14.32-32-32.01s14.31-31.99 32-31.99h352c17.69 0 32 14.3 32 31.99S417.7 288 400 288z\"><\/path><\/svg>\n\t\t\t\t\t\t\t<\/span>\n\t\t\t<h3 class=\"uagb-question\">\u00bfC\u00f3mo selecciono el formato de curso correcto?<\/h3><\/div><div class=\"uagb-faq-content\"><p>Al navegar por el cat\u00e1logo de cursos, ver\u00e1 varias versiones del mismo curso disponibles. Todos los cursos est\u00e1n disponibles en ingl\u00e9s, franc\u00e9s y espa\u00f1ol, as\u00ed que primero seleccione el idioma adecuado para usted. Puede hacerlo en el cat\u00e1logo de cursos seleccionando el idioma de su elecci\u00f3n en el filtro de la izquierda, o eligiendo el curso que denota el idioma correcto (EN = ingl\u00e9s, FR = franc\u00e9s, ES = espa\u00f1ol).<br><br>Tambi\u00e9n tiene la opci\u00f3n de elegir el formato que mejor se adapte a su tipo de conexi\u00f3n. Todos los cursos tienen 3 opciones de formato: ancho de banda alto, ancho de banda bajo y basado en texto para todas las conexiones. En el cat\u00e1logo de cursos, puede filtrar por opci\u00f3n de ancho de banda en el filtro de la izquierda, o seleccionar la pesta\u00f1a \u00abInformaci\u00f3n adicional\u00bb al ver un curso para ver qu\u00e9 conexi\u00f3n de ancho de banda ha seleccionado.<br><br>Si tiene alguna pregunta sobre qu\u00e9 versi\u00f3n es mejor para usted, no dude en comunicarse con nosotros en <a href=\"mailto:learning@isoc.org\">learning@isoc.org<\/a> para obtener ayuda.<\/p><\/div><\/div><\/div>\n\n\n<div style=\"height:20px\" aria-hidden=\"true\" class=\"wp-block-spacer\"><\/div>\n\n\n\n\n<div class=\"wp-block-buttons is-vertical is-content-justification-left is-layout-flex wp-container-core-buttons-is-layout-c0ca7d81 wp-block-buttons-is-layout-flex\">\n<div class=\"wp-block-button\"><a class=\"wp-block-button__link has-depth-teal-background-color has-background wp-element-button\" href=\"https:\/\/learning.internetsociety.org\/learn\/lp\/1765\/lo-que-internet-necesita-para-prosperar-2026?generated_by=13044&amp;hash=0d2384b5aa4e2f69cab64bee09f9d7a2908ed280\">Reg\u00edstrese ahora<\/a><\/div>\n<\/div>\n\n<\/div>\n\n\n\n<div class=\"wp-block-uagb-column uagb-column__wrap uagb-column__background-none uagb-block-9e0004a6\"><div class=\"uagb-column__overlay\"><\/div>\n<div class=\"wp-block-cover is-light\" style=\"min-height:200px;aspect-ratio:unset;\"><span aria-hidden=\"true\" class=\"wp-block-cover__background has-neutral-white-background-color has-background-dim-100 has-background-dim\"><\/span><div class=\"wp-block-cover__inner-container is-layout-flow wp-block-cover-is-layout-flow\">\n<p class=\"has-text-align-center\">Tutorial a su propio ritmo<\/p>\n\n\n\n<p class=\"has-text-align-center\">Duraci\u00f3n:<br>aproximada 10 horas<\/p>\n\n\n\n<p class=\"has-text-align-center\">Disponible<br>en espa\u00f1ol, franc\u00e9s e ingl\u00e9s<\/p>\n\n\n\n<p class=\"has-text-align-center\">Ofrecido en l\u00ednea todo el a\u00f1o<\/p>\n\n\n\n\n<div class=\"wp-block-buttons is-vertical is-content-justification-center is-layout-flex wp-container-core-buttons-is-layout-4b2eccd6 wp-block-buttons-is-layout-flex\">\n<div class=\"wp-block-button\"><a class=\"wp-block-button__link has-depth-teal-background-color has-background wp-element-button\" href=\"https:\/\/learning.internetsociety.org\/learn\/lp\/1765\/lo-que-internet-necesita-para-prosperar-2026?generated_by=13044&amp;hash=0d2384b5aa4e2f69cab64bee09f9d7a2908ed280\">Reg\u00edstrese ahora<\/a><\/div>\n<\/div>\n\n<\/div><\/div>\n<\/div>\n<\/div><\/section>\n","protected":false},"excerpt":{"rendered":"<p>En este curso ofrecemos una descripci\u00f3n general del conjunto compartido de objetivos para Internet y c\u00f3mo las caracter\u00edsticas de apoyo o \u00abfacilitadores\u00bb ayudan a alcanzar estos objetivos.<\/p>\n","protected":false},"author":46,"featured_media":187809,"parent":134928,"menu_order":14,"comment_status":"closed","ping_status":"closed","template":"page-wide.php","meta":{"_acf_changed":false,"_uag_custom_page_level_css":"","footnotes":""},"categories":[],"tags":[6027],"region_news_regions":[6030],"content_category":[],"ppma_author":[4057],"class_list":["post-176873","page","type-page","status-publish","has-post-thumbnail","hentry","tag-curso-a-su-propio-ritmo","region_news_regions-global"],"acf":[],"uagb_featured_image_src":{"full":["https:\/\/www.internetsociety.org\/wp-content\/uploads\/2023\/03\/TeL-What-the-Internet-Needs-to-Thrive-Course.jpg",800,400,false],"thumbnail":["https:\/\/www.internetsociety.org\/wp-content\/uploads\/2023\/03\/TeL-What-the-Internet-Needs-to-Thrive-Course-150x150.jpg",150,150,true],"medium":["https:\/\/www.internetsociety.org\/wp-content\/uploads\/2023\/03\/TeL-What-the-Internet-Needs-to-Thrive-Course-450x225.jpg",450,225,true],"medium_large":["https:\/\/www.internetsociety.org\/wp-content\/uploads\/2023\/03\/TeL-What-the-Internet-Needs-to-Thrive-Course-768x384.jpg",768,384,true],"large":["https:\/\/www.internetsociety.org\/wp-content\/uploads\/2023\/03\/TeL-What-the-Internet-Needs-to-Thrive-Course.jpg",800,400,false],"1536x1536":["https:\/\/www.internetsociety.org\/wp-content\/uploads\/2023\/03\/TeL-What-the-Internet-Needs-to-Thrive-Course.jpg",800,400,false],"2048x2048":["https:\/\/www.internetsociety.org\/wp-content\/uploads\/2023\/03\/TeL-What-the-Internet-Needs-to-Thrive-Course.jpg",800,400,false],"post-thumbnail":["https:\/\/www.internetsociety.org\/wp-content\/uploads\/2023\/03\/TeL-What-the-Internet-Needs-to-Thrive-Course-250x125.jpg",250,125,true],"square":["https:\/\/www.internetsociety.org\/wp-content\/uploads\/2023\/03\/TeL-What-the-Internet-Needs-to-Thrive-Course-600x400.jpg",600,400,true],"gform-image-choice-sm":["https:\/\/www.internetsociety.org\/wp-content\/uploads\/2023\/03\/TeL-What-the-Internet-Needs-to-Thrive-Course.jpg",300,150,false],"gform-image-choice-md":["https:\/\/www.internetsociety.org\/wp-content\/uploads\/2023\/03\/TeL-What-the-Internet-Needs-to-Thrive-Course.jpg",400,200,false],"gform-image-choice-lg":["https:\/\/www.internetsociety.org\/wp-content\/uploads\/2023\/03\/TeL-What-the-Internet-Needs-to-Thrive-Course.jpg",600,300,false]},"uagb_author_info":{"display_name":"Ivana Trbovic","author_link":"https:\/\/www.internetsociety.org\/es\/author\/trbovic\/"},"uagb_comment_info":0,"uagb_excerpt":"En este curso ofrecemos una descripci\u00f3n general del conjunto compartido de objetivos para Internet y c\u00f3mo las caracter\u00edsticas de apoyo o \"facilitadores\" ayudan a alcanzar estos objetivos.","_links":{"self":[{"href":"https:\/\/www.internetsociety.org\/es\/wp-json\/wp\/v2\/pages\/176873","targetHints":{"allow":["GET"]}}],"collection":[{"href":"https:\/\/www.internetsociety.org\/es\/wp-json\/wp\/v2\/pages"}],"about":[{"href":"https:\/\/www.internetsociety.org\/es\/wp-json\/wp\/v2\/types\/page"}],"author":[{"embeddable":true,"href":"https:\/\/www.internetsociety.org\/es\/wp-json\/wp\/v2\/users\/46"}],"replies":[{"embeddable":true,"href":"https:\/\/www.internetsociety.org\/es\/wp-json\/wp\/v2\/comments?post=176873"}],"version-history":[{"count":0,"href":"https:\/\/www.internetsociety.org\/es\/wp-json\/wp\/v2\/pages\/176873\/revisions"}],"up":[{"embeddable":true,"href":"https:\/\/www.internetsociety.org\/es\/wp-json\/wp\/v2\/pages\/134928"}],"wp:featuredmedia":[{"embeddable":true,"href":"https:\/\/www.internetsociety.org\/es\/wp-json\/wp\/v2\/media\/187809"}],"wp:attachment":[{"href":"https:\/\/www.internetsociety.org\/es\/wp-json\/wp\/v2\/media?parent=176873"}],"wp:term":[{"taxonomy":"category","embeddable":true,"href":"https:\/\/www.internetsociety.org\/es\/wp-json\/wp\/v2\/categories?post=176873"},{"taxonomy":"post_tag","embeddable":true,"href":"https:\/\/www.internetsociety.org\/es\/wp-json\/wp\/v2\/tags?post=176873"},{"taxonomy":"region_news_regions","embeddable":true,"href":"https:\/\/www.internetsociety.org\/es\/wp-json\/wp\/v2\/region_news_regions?post=176873"},{"taxonomy":"content_category","embeddable":true,"href":"https:\/\/www.internetsociety.org\/es\/wp-json\/wp\/v2\/content_category?post=176873"},{"taxonomy":"author","embeddable":true,"href":"https:\/\/www.internetsociety.org\/es\/wp-json\/wp\/v2\/ppma_author?post=176873"}],"curies":[{"name":"wp","href":"https:\/\/api.w.org\/{rel}","templated":true}]}}