{"id":168103,"date":"2022-03-25T18:33:43","date_gmt":"2022-03-25T18:33:43","guid":{"rendered":"https:\/\/www.internetsociety.org\/?page_id=168103"},"modified":"2025-08-06T14:37:21","modified_gmt":"2025-08-06T14:37:21","slug":"proteccion-del-enrutamiento-global","status":"publish","type":"page","link":"https:\/\/www.internetsociety.org\/es\/action-plan\/securing-global-routing\/","title":{"rendered":"Protecci\u00f3n del enrutamiento global"},"content":{"rendered":"\n<section class=\"wp-block-uagb-columns uagb-columns__wrap uagb-columns__background-image uagb-columns__stack-mobile uagb-columns__valign- uagb-columns__gap-10 align uagb-block-d6a40f3e uagb-columns__columns-1 uagb-columns__max_width-theme background-image-fallback-black\"><div class=\"uagb-columns__overlay\"><\/div><div class=\"uagb-columns__inner-wrap uagb-columns__columns-1\">\n<div class=\"wp-block-uagb-column uagb-column__wrap uagb-column__background-undefined uagb-block-87a6a79b\"><div class=\"uagb-column__overlay\"><\/div>\n<h1 class=\"wp-block-heading has-neutral-white-color has-text-color\">Protecci\u00f3n del <br>enrutamiento global<\/h1>\n<\/div>\n<\/div><\/section>\n\n\n\n<div class=\"wp-block-columns is-layout-flex wp-container-core-columns-is-layout-9d6595d7 wp-block-columns-is-layout-flex\">\n<div class=\"wp-block-column is-layout-flow wp-block-column-is-layout-flow\" style=\"flex-basis:10%\"><\/div>\n\n\n\n<div class=\"wp-block-column is-layout-flow wp-block-column-is-layout-flow\" style=\"flex-basis:80%\">\n<div style=\"height:40px\" aria-hidden=\"true\" class=\"wp-block-spacer uag-hide-mob\"><\/div>\n\n\n\n<h2 class=\"wp-block-heading has-accent-purple-color has-text-color has-32-font-size\" id=\"by-virtue-of-being-open-the-internet-s-global-routing-system-is-vulnerable-to-leaks-errors-and-even-attacks-from-nefarious-actors\">El mundo necesita una Internet segura y resiliente.<\/h2>\n\n\n\n<div style=\"height:40px\" aria-hidden=\"true\" class=\"wp-block-spacer\"><\/div>\n\n\n\n<p class=\"has-18-font-size\">Si no se toman medidas para proteger el sistema de enrutamiento global, este es propenso a fugas de rutas y otros errores, as\u00ed como a secuestros de rutas por parte de actores malintencionados. Esto puede causar la desviaci\u00f3n del tr\u00e1fico y la denegaci\u00f3n de servicio, lo que da lugar a da\u00f1os a la reputaci\u00f3n, p\u00e9rdida de ingresos y exposici\u00f3n de datos confidenciales.<\/p>\n\n\n\n<p class=\"has-18-font-size\"><a href=\"https:\/\/www.manrs.org\/\">Normas Mutuamente Acordadas para la Seguridad del Enrutamiento (MANRS)<\/a> es una iniciativa respaldada por la industria que se basa en mejores pr\u00e1cticas bien establecidas al reunir acciones que pueden abordar las amenazas m\u00e1s comunes para el sistema de enrutamiento global. Al adoptar las acciones de MANRS, los operadores de red y otros actores del ecosistema pueden ayudar a garantizar que la informaci\u00f3n, desde el correo electr\u00f3nico hasta la transmisi\u00f3n de videos, llegue a su destino previsto. Necesitamos a MANRS para la seguridad global de todo lo que viaja por Internet.<\/p>\n\n\n\n<p class=\"has-18-font-size\">Las normas MANRS fueron creadas por miembros de la comunidad de operadores de red. Internet Society apoy\u00f3 esta iniciativa hasta enero de 2024, cuando la&nbsp;<a href=\"https:\/\/globalcyberalliance.org\/\" target=\"_blank\" rel=\"noreferrer noopener\">Global Cyber Alliance<\/a>&nbsp;asumi\u00f3 las funciones de secretar\u00eda y operativas. Internet Society contin\u00faa brindando financiaci\u00f3n, promoci\u00f3n y capacitaci\u00f3n.&nbsp;<a href=\"https:\/\/manrs.org\/about\/history\/\" target=\"_blank\" rel=\"noreferrer noopener\">Conozca la historia<\/a>.<\/p>\n<\/div>\n\n\n\n<div class=\"wp-block-column is-layout-flow wp-block-column-is-layout-flow\" style=\"flex-basis:10%\"><\/div>\n<\/div>\n\n\n\n<div style=\"height:30px\" aria-hidden=\"true\" class=\"wp-block-spacer uag-hide-mob\"><\/div>\n\n\n\n<div class=\"wp-block-columns margin-bottom-0 has-neutral-white-background-color has-background is-layout-flex wp-container-core-columns-is-layout-9d6595d7 wp-block-columns-is-layout-flex\">\n<div class=\"wp-block-column is-layout-flow wp-block-column-is-layout-flow\" style=\"flex-basis:10%\"><\/div>\n\n\n\n<div class=\"wp-block-column is-layout-flow wp-block-column-is-layout-flow\" style=\"flex-basis:80%\">\n<div style=\"height:40px\" aria-hidden=\"true\" class=\"wp-block-spacer uag-hide-mob\"><\/div>\n\n\n\n<div class=\"wp-block-columns uag-hide-tab uag-hide-mob is-layout-flex wp-container-core-columns-is-layout-9d6595d7 wp-block-columns-is-layout-flex\">\n<div class=\"wp-block-column is-layout-flow wp-block-column-is-layout-flow\" style=\"flex-basis:67%\">\n<div style=\"height:20px\" aria-hidden=\"true\" class=\"wp-block-spacer uag-hide-desktop uag-hide-tab\"><\/div>\n\n\n\n<div class=\"wp-block-uagb-info-box uagb-block-fbf14fa1 uagb-infobox__content-wrap  uagb-infobox-icon-above-title uagb-infobox-image-valign-top\"><div class=\"uagb-ifb-content\"><div class=\"uagb-ifb-title-wrap\"><h3 class=\"uagb-ifb-title\">Con la seguridad del enrutamiento, no tener noticias es una buena noticia <\/h3><\/div><p class=\"uagb-ifb-desc\">Muchas cosas pueden interrumpir Internet, pero la mayor\u00eda de los d\u00edas no tienen novedad. No hay titulares sobre apagones generalizados o sobre recoger las piezas despu\u00e9s de un incidente de pirater\u00eda. La gente realiza su trabajo, departe con sus seres queridos y se conecta con oportunidades transformadoras, gracias a que quienes implementan las acciones de MANRS hacen que Internet sea m\u00e1s segura.<\/p><\/div><\/div>\n\n\n\n<div style=\"height:20px\" aria-hidden=\"true\" class=\"wp-block-spacer\"><\/div>\n\n\n\n<div class=\"wp-block-buttons is-vertical is-content-justification-left is-layout-flex wp-container-core-buttons-is-layout-41619b2b wp-block-buttons-is-layout-flex\">\n<div class=\"wp-block-button is-style-fill\"><a class=\"wp-block-button__link has-neutral-white-color has-depth-green-background-color has-text-color has-background wp-element-button\" href=\"https:\/\/www.manrs.org\/resources\/training\/tutorials\/\">Realice un tutorial de MANRS<\/a><\/div>\n<\/div>\n<\/div>\n\n\n\n<div class=\"wp-block-column is-layout-flow wp-block-column-is-layout-flow\" style=\"flex-basis:33%\">\n<figure class=\"wp-block-embed is-type-video is-provider-youtube wp-block-embed-youtube wp-embed-aspect-16-9 wp-has-aspect-ratio\"><div class=\"wp-block-embed__wrapper\">\n<iframe loading=\"lazy\" title=\"What is MANRS?\" width=\"500\" height=\"281\" src=\"https:\/\/www.youtube.com\/embed\/nJINk5p-HEE?feature=oembed\" frameborder=\"0\" allow=\"accelerometer; autoplay; clipboard-write; encrypted-media; gyroscope; picture-in-picture; web-share\" referrerpolicy=\"strict-origin-when-cross-origin\" allowfullscreen><\/iframe>\n<\/div><\/figure>\n<\/div>\n<\/div>\n\n\n\n<div class=\"wp-block-uagb-info-box uagb-block-ed69b982 uagb-infobox__content-wrap  uagb-infobox-icon-above-title uagb-infobox-image-valign-top uag-hide-desktop\"><div class=\"uagb-ifb-content\"><div class=\"uagb-ifb-title-wrap\"><h3 class=\"uagb-ifb-title\">Con la seguridad del enrutamiento, no tener noticias es una buena noticia <\/h3><\/div><p class=\"uagb-ifb-desc\">Muchas cosas pueden interrumpir Internet, pero la mayor\u00eda de los d\u00edas no tienen novedad. No hay titulares sobre apagones generalizados o sobre recoger las piezas despu\u00e9s de un incidente de pirater\u00eda. La gente realiza su trabajo, departe con sus seres queridos y se conecta con oportunidades transformadoras, gracias a que quienes implementan las acciones de MANRS hacen que Internet sea m\u00e1s segura.<\/p><\/div><\/div>\n\n\n\n<div style=\"height:20px\" aria-hidden=\"true\" class=\"wp-block-spacer\"><\/div>\n\n\n\n<div class=\"wp-block-buttons uag-hide-desktop is-vertical is-content-justification-left is-layout-flex wp-container-core-buttons-is-layout-41619b2b wp-block-buttons-is-layout-flex\">\n<div class=\"wp-block-button is-style-fill\"><a class=\"wp-block-button__link has-neutral-white-color has-depth-green-background-color has-text-color has-background wp-element-button\" href=\"https:\/\/www.manrs.org\/resources\/training\/tutorials\/\">Realice un tutorial de MANRS<\/a><\/div>\n<\/div>\n\n\n\n<div style=\"height:40px\" aria-hidden=\"true\" class=\"wp-block-spacer uag-hide-desktop\"><\/div>\n\n\n\n<figure class=\"wp-block-embed is-type-video is-provider-youtube wp-block-embed-youtube wp-embed-aspect-16-9 wp-has-aspect-ratio uag-hide-desktop\"><div class=\"wp-block-embed__wrapper\">\n<iframe loading=\"lazy\" title=\"What is MANRS?\" width=\"500\" height=\"281\" src=\"https:\/\/www.youtube.com\/embed\/nJINk5p-HEE?feature=oembed\" frameborder=\"0\" allow=\"accelerometer; autoplay; clipboard-write; encrypted-media; gyroscope; picture-in-picture; web-share\" referrerpolicy=\"strict-origin-when-cross-origin\" allowfullscreen><\/iframe>\n<\/div><\/figure>\n<\/div>\n\n\n\n<div class=\"wp-block-column is-layout-flow wp-block-column-is-layout-flow\" style=\"flex-basis:10%\"><\/div>\n<\/div>\n\n\n\n<div class=\"wp-block-columns is-layout-flex wp-container-core-columns-is-layout-9d6595d7 wp-block-columns-is-layout-flex\">\n<div class=\"wp-block-column is-layout-flow wp-block-column-is-layout-flow\" style=\"flex-basis:10%\"><\/div>\n\n\n\n<div class=\"wp-block-column is-layout-flow wp-block-column-is-layout-flow\" style=\"flex-basis:80%\">\n<div style=\"height:40px\" aria-hidden=\"true\" class=\"wp-block-spacer uag-hide-mob\"><\/div>\n\n\n\n<h4 class=\"wp-block-heading has-green-color has-text-color\">Defensa de Internet<\/h4>\n\n\n\n<div style=\"height:20px\" aria-hidden=\"true\" class=\"wp-block-spacer\"><\/div>\n\n\n\n<p class=\"has-18-font-size\">Debido a que el enrutamiento global seguro es la base de una Internet confiable, estamos:<\/p>\n\n\n\n<ul class=\"wp-block-list has-18-font-size\">\n<li>Continuar operando los programas de capacitaci\u00f3n de MANRS.<\/li>\n\n\n\n<li>Permanecer activos en la comunidad MANRS y defender una mayor seguridad del enrutamiento.<\/li>\n<\/ul>\n\n\n\n<div style=\"height:40px\" aria-hidden=\"true\" class=\"wp-block-spacer\"><\/div>\n\n\n\n<h4 class=\"wp-block-heading has-green-color has-text-color\">Participe<\/h4>\n<\/div>\n\n\n\n<div class=\"wp-block-column is-layout-flow wp-block-column-is-layout-flow\" style=\"flex-basis:10%\"><\/div>\n<\/div>\n\n\n\n<section class=\"wp-block-uagb-columns uagb-columns__wrap uagb-columns__background-color uagb-columns__stack-tablet uagb-columns__valign-top uagb-columns__gap-10 align uagb-block-0c8abc1f uagb-columns__columns-3 uagb-columns__max_width-theme\"><div class=\"uagb-columns__overlay\"><\/div><div class=\"uagb-columns__inner-wrap uagb-columns__columns-3\">\n<div class=\"wp-block-uagb-column uagb-column__wrap uagb-column__background-color uagb-block-c5cbb46e\"><div class=\"uagb-column__overlay\"><\/div>\n<figure class=\"wp-block-image size-full is-style-default margin-bottom-0 vertical-align-bottom\"><img loading=\"lazy\" decoding=\"async\" width=\"598\" height=\"275\" src=\"https:\/\/www.internetsociety.org\/wp-content\/uploads\/2024\/03\/woman-training.jpg\" alt=\"Woman in an orange turban writing on paper.\" class=\"wp-image-207578\" srcset=\"https:\/\/www.internetsociety.org\/wp-content\/uploads\/2024\/03\/woman-training.jpg 598w, https:\/\/www.internetsociety.org\/wp-content\/uploads\/2024\/03\/woman-training-450x207.jpg 450w, https:\/\/www.internetsociety.org\/wp-content\/uploads\/2024\/03\/woman-training-250x115.jpg 250w\" sizes=\"auto, (max-width: 598px) 100vw, 598px\" \/><\/figure>\n\n\n\n<div style=\"height:20px\" aria-hidden=\"true\" class=\"wp-block-spacer\"><\/div>\n\n\n\n<div class=\"wp-block-uagb-info-box uagb-block-6e38d95b uagb-infobox__content-wrap  uagb-infobox_cta-type-all uagb-infobox-icon-above-title uagb-infobox-image-valign-top\"><a href=\"https:\/\/www.internetsociety.org\/es\/learning\/manrs\/\" class=\"uagb-infobox-link-wrap uagb-infbox__link-to-all\" target=\"_self\" aria-label=\"Infobox Link\" rel=\"noopener noreferrer\" onclick=\"return true;\"><\/a><div class=\"uagb-ifb-content\"><div class=\"uagb-ifb-title-wrap\"><h5 class=\"uagb-ifb-title\">Obtenga m\u00e1s informaci\u00f3n sobre MANRS<\/h5><\/div><p class=\"uagb-ifb-desc\">Realice nuestro curso en l\u00ednea y aprenda sobre la importancia de la seguridad del enrutamiento.<\/p><div class=\"uagb-ifb-button-wrapper wp-block-button\"><\/div><\/div><\/div>\n<\/div>\n\n\n\n<div class=\"wp-block-uagb-column uagb-column__wrap uagb-column__background-color uagb-block-74b7a2c7\"><div class=\"uagb-column__overlay\"><\/div>\n<figure class=\"wp-block-image size-full is-style-default margin-bottom-0 vertical-align-bottom\"><img loading=\"lazy\" decoding=\"async\" width=\"450\" height=\"200\" src=\"https:\/\/www.internetsociety.org\/wp-content\/uploads\/2022\/03\/MANRS-observatory-min.png\" alt=\"A world map\" class=\"wp-image-166977\" srcset=\"https:\/\/www.internetsociety.org\/wp-content\/uploads\/2022\/03\/MANRS-observatory-min.png 450w, https:\/\/www.internetsociety.org\/wp-content\/uploads\/2022\/03\/MANRS-observatory-min-250x111.png 250w\" sizes=\"auto, (max-width: 450px) 100vw, 450px\" \/><\/figure>\n\n\n\n<div style=\"height:20px\" aria-hidden=\"true\" class=\"wp-block-spacer\"><\/div>\n\n\n\n<div class=\"wp-block-uagb-info-box uagb-block-8afe33bc uagb-infobox__content-wrap  uagb-infobox_cta-type-all uagb-infobox-icon-above-title uagb-infobox-image-valign-top\"><a href=\"https:\/\/observatory.manrs.org\/#\/overview\" class=\"uagb-infobox-link-wrap uagb-infbox__link-to-all\" target=\"_self\" aria-label=\"Infobox Link\" rel=\"noopener noreferrer\" onclick=\"return true;\"><\/a><div class=\"uagb-ifb-content\"><div class=\"uagb-ifb-title-wrap\"><h5 class=\"uagb-ifb-title\">Observe la seguridad del enrutamiento en acci\u00f3n<\/h5><\/div><p class=\"uagb-ifb-desc\">Explore el observatorio MANRS.<\/p><div class=\"uagb-ifb-button-wrapper wp-block-button\"><\/div><\/div><\/div>\n<\/div>\n\n\n\n<div class=\"wp-block-uagb-column uagb-column__wrap uagb-column__background-color uagb-block-4d8f3576\"><div class=\"uagb-column__overlay\"><\/div>\n<figure class=\"wp-block-image size-full is-style-default margin-bottom-0 vertical-align-bottom\"><img loading=\"lazy\" decoding=\"async\" width=\"450\" height=\"200\" src=\"https:\/\/www.internetsociety.org\/wp-content\/uploads\/2022\/02\/MANRS-small.jpeg\" alt=\"MANRS logo\" class=\"wp-image-164869\" srcset=\"https:\/\/www.internetsociety.org\/wp-content\/uploads\/2022\/02\/MANRS-small.jpeg 450w, https:\/\/www.internetsociety.org\/wp-content\/uploads\/2022\/02\/MANRS-small-250x111.jpeg 250w\" sizes=\"auto, (max-width: 450px) 100vw, 450px\" \/><\/figure>\n\n\n\n<div style=\"height:20px\" aria-hidden=\"true\" class=\"wp-block-spacer\"><\/div>\n\n\n\n<div class=\"wp-block-uagb-info-box uagb-block-4be958dc uagb-infobox__content-wrap  uagb-infobox_cta-type-all uagb-infobox-icon-above-title uagb-infobox-image-valign-top\"><a href=\"https:\/\/www.manrs.org\/join\/\" class=\"uagb-infobox-link-wrap uagb-infbox__link-to-all\" target=\"_self\" aria-label=\"Infobox Link\" rel=\"noopener noreferrer\" onclick=\"return true;\"><\/a><div class=\"uagb-ifb-content\"><div class=\"uagb-ifb-title-wrap\"><h5 class=\"uagb-ifb-title\">\u00danase a MANRS<\/h5><\/div><p class=\"uagb-ifb-desc\">\u00danase a nuestros programas para operadores de redes, para IXP, para proveedores de CDN y de nube y para vendedores de equipos.<\/p><div class=\"uagb-ifb-button-wrapper wp-block-button\"><\/div><\/div><\/div>\n<\/div>\n<\/div><\/section>\n\n\n\n<div class=\"wp-block-columns margin-bottom-0 has-neutral-white-background-color has-background is-layout-flex wp-container-core-columns-is-layout-9d6595d7 wp-block-columns-is-layout-flex\">\n<div class=\"wp-block-column is-layout-flow wp-block-column-is-layout-flow\" style=\"flex-basis:10%\"><\/div>\n\n\n\n<div class=\"wp-block-column is-layout-flow wp-block-column-is-layout-flow\" style=\"flex-basis:80%\">\n<div style=\"height:40px\" aria-hidden=\"true\" class=\"wp-block-spacer uag-hide-mob\"><\/div>\n\n\n\n<h4 class=\"wp-block-heading has-depth-teal-color has-text-color\" id=\"how-the-ndss-symposium-helps-to-strengthen-the-internet\">Noticias<\/h4>\n\n\n\n<div style=\"height:20px\" aria-hidden=\"true\" class=\"wp-block-spacer uag-hide-mob\"><\/div>\n<\/div>\n\n\n\n<div class=\"wp-block-column is-layout-flow wp-block-column-is-layout-flow\" style=\"flex-basis:10%\"><\/div>\n<\/div>\n\n\n\n<div class=\"wp-block-columns margin-bottom-0 has-neutral-white-background-color has-background is-layout-flex wp-container-core-columns-is-layout-9d6595d7 wp-block-columns-is-layout-flex\">\n<div class=\"wp-block-column is-layout-flow wp-block-column-is-layout-flow\" style=\"flex-basis:7.5%\"><\/div>\n\n\n\n<div class=\"wp-block-column is-layout-flow wp-block-column-is-layout-flow\" style=\"flex-basis:85%\"><ul class=\"has-dates wp-block-rss\"><li class='wp-block-rss__item'><div class='wp-block-rss__item-title'><a href='https:\/\/manrs.org\/2026\/04\/join-netopsrev\/'>Call to Action: Join the MANRS Network Operators Program Review Working Group<\/a><\/div><time datetime=\"2026-04-15T12:55:24+00:00\" class=\"wp-block-rss__item-publish-date\">15 de abril de 2026<\/time> <\/li><li class='wp-block-rss__item'><div class='wp-block-rss__item-title'><a href='https:\/\/manrs.org\/2026\/03\/aspa-making-internet-routing-more-secure-via-cloudflare\/'>ASPA: making Internet routing more secure (via Cloudflare)<\/a><\/div><time datetime=\"2026-03-09T13:57:56+00:00\" class=\"wp-block-rss__item-publish-date\">9 de marzo de 2026<\/time> <\/li><li class='wp-block-rss__item'><div class='wp-block-rss__item-title'><a href='https:\/\/manrs.org\/2026\/03\/community-survey-results-shaping-the-future-of-manrs-actions\/'>Community Survey Results: Shaping the Future of MANRS Actions<\/a><\/div><time datetime=\"2026-03-04T14:03:26+00:00\" class=\"wp-block-rss__item-publish-date\">4 de marzo de 2026<\/time> <\/li><li class='wp-block-rss__item'><div class='wp-block-rss__item-title'><a href='https:\/\/manrs.org\/2026\/03\/interconnection-academy-gca-launch-partnership-to-strengthen-internet-security-training\/'>Interconnection Academy &amp; GCA Launch Partnership to Strengthen Internet Security Training<\/a><\/div><time datetime=\"2026-03-03T16:00:44+00:00\" class=\"wp-block-rss__item-publish-date\">3 de marzo de 2026<\/time> <\/li><li class='wp-block-rss__item'><div class='wp-block-rss__item-title'><a href='https:\/\/manrs.org\/2026\/02\/the-internet-routing-supply-chain-an-enterprisess-most-overlooked-dependency\/'>The Internet Routing Supply Chain: An Enterprise\u2019s Most Overlooked Dependency<\/a><\/div><time datetime=\"2026-02-17T07:00:00+00:00\" class=\"wp-block-rss__item-publish-date\">17 de febrero de 2026<\/time> <\/li><li class='wp-block-rss__item'><div class='wp-block-rss__item-title'><a href='https:\/\/manrs.org\/2026\/01\/help-shape-the-future-of-manrs-actions-community-survey-now-open\/'>Help Shape the Future of MANRS Actions: Community Survey Now Open<\/a><\/div><time datetime=\"2026-01-12T14:52:55+00:00\" class=\"wp-block-rss__item-publish-date\">12 de enero de 2026<\/time> <\/li><\/ul>\n\n\n<div style=\"height:40px\" aria-hidden=\"true\" class=\"wp-block-spacer\"><\/div>\n\n\n\n<div class=\"wp-block-buttons is-vertical is-content-justification-center is-layout-flex wp-container-core-buttons-is-layout-52c8502b wp-block-buttons-is-layout-flex\">\n<div class=\"wp-block-button is-style-fill\"><a class=\"wp-block-button__link has-neutral-white-color has-depth-green-background-color has-text-color has-background wp-element-button\" href=\"https:\/\/manrs.org\/blog\/\">Ver todas las noticias<\/a><\/div>\n<\/div>\n<\/div>\n\n\n\n<div class=\"wp-block-column is-layout-flow wp-block-column-is-layout-flow\" style=\"flex-basis:7.5%\"><\/div>\n<\/div>\n\n\n\n<div class=\"wp-block-columns margin-bottom-0 has-neutral-white-background-color has-background is-layout-flex wp-container-core-columns-is-layout-9d6595d7 wp-block-columns-is-layout-flex\">\n<div class=\"wp-block-column is-layout-flow wp-block-column-is-layout-flow\" style=\"flex-basis:10%\"><\/div>\n\n\n\n<div class=\"wp-block-column is-layout-flow wp-block-column-is-layout-flow\" style=\"flex-basis:80%\">\n<div style=\"height:40px\" aria-hidden=\"true\" class=\"wp-block-spacer uag-hide-mob\"><\/div>\n\n\n\n<h4 class=\"wp-block-heading has-depth-teal-color has-text-color\" id=\"how-the-ndss-symposium-helps-to-strengthen-the-internet\">Recursos<\/h4>\n\n\n\n<div style=\"height:20px\" aria-hidden=\"true\" class=\"wp-block-spacer\"><\/div>\n\n\n\n\t\t\t<div class=\"wp-block-uagb-post-grid uagb-post-grid  uagb-post__image-position-top uagb-post__image-disabled uagb-block-3dda45b8     uagb-post__items uagb-post__columns-3 is-grid uagb-post__columns-tablet-2 uagb-post__columns-mobile-1 uagb-post__equal-height\" data-total=\"1\" style=\"\">\n\n\t\t\t\t\t\t\t\t\t\t\t\t<article class=\"uagb-post__inner-wrap\">\t\t\t\t\t\t\t\t<div class='uagb-post__text uagb-post-grid-byline'>\n\t\t\t\t\t\t\t\t<time datetime=\"2018-10-24T16:34:52+00:00\" class=\"uagb-post__date\">\n\t\t\t\t\t\t\t\t\t24 de \r\noctubre de 2018\t\t\t\t<\/time>\n\t\t\t\t\t\t<\/div>\n\t\t\t\t\t\t<h5 class=\"uagb-post__title uagb-post__text\">\n\t\t\t\t<a href=\"https:\/\/www.internetsociety.org\/es\/resources\/doc\/2018\/seguridad-de-enrutamiento-para-legisladores\/\" target=\"_self\" rel=\"bookmark noopener noreferrer\">Seguridad de enrutamiento para legisladores<\/a>\n\t\t\t<\/h5>\n\t\t\t\n\t\t\t\t\t\t\t\t\t<\/article>\n\t\t\t\t\t\t\t\t\t\t\t\t\t<div class=\"uagb-post-pagination-wrap\">\n\t\t\t\t\t\t\t\t\t\t\t<\/div>\n\t\t\t\t\t\t\t\t<\/div>\n\t\t\t\n\n\n<div style=\"height:40px\" aria-hidden=\"true\" class=\"wp-block-spacer\"><\/div>\n<\/div>\n\n\n\n<div class=\"wp-block-column is-layout-flow wp-block-column-is-layout-flow\" style=\"flex-basis:10%\"><\/div>\n<\/div>\n\n\n\n<p class=\"has-text-align-center has-neutral-white-color has-ground-navy-background-color has-text-color has-background has-12-font-size\">Derechos de autor:<br>\u00a9 Nyani Quarmyne, \u00a9 Gagny Traor\u00e9<\/p>\n","protected":false},"excerpt":{"rendered":"<p>El mundo necesita una Internet segura y resiliente. Y una Internet confiable y global depende de que su tr\u00e1fico sea enrutado de forma segura.<\/p>\n","protected":false},"author":1720,"featured_media":201821,"parent":205205,"menu_order":0,"comment_status":"closed","ping_status":"closed","template":"page-wide.php","meta":{"_acf_changed":false,"_uag_custom_page_level_css":"","footnotes":""},"categories":[119,4910],"tags":[669],"region_news_regions":[],"content_category":[],"ppma_author":[5657],"class_list":["post-168103","page","type-page","status-publish","has-post-thumbnail","hentry","category-quienes-somos","category-fortalecimiento-de-internet","tag-actionplan"],"acf":[],"uagb_featured_image_src":{"full":["https:\/\/www.internetsociety.org\/wp-content\/uploads\/2023\/11\/Himalayah-peak-min-1.jpg",1440,600,false],"thumbnail":["https:\/\/www.internetsociety.org\/wp-content\/uploads\/2023\/11\/Himalayah-peak-min-1-150x150.jpg",150,150,true],"medium":["https:\/\/www.internetsociety.org\/wp-content\/uploads\/2023\/11\/Himalayah-peak-min-1-450x188.jpg",450,188,true],"medium_large":["https:\/\/www.internetsociety.org\/wp-content\/uploads\/2023\/11\/Himalayah-peak-min-1-768x320.jpg",768,320,true],"large":["https:\/\/www.internetsociety.org\/wp-content\/uploads\/2023\/11\/Himalayah-peak-min-1-1024x427.jpg",1024,427,true],"1536x1536":["https:\/\/www.internetsociety.org\/wp-content\/uploads\/2023\/11\/Himalayah-peak-min-1.jpg",1440,600,false],"2048x2048":["https:\/\/www.internetsociety.org\/wp-content\/uploads\/2023\/11\/Himalayah-peak-min-1.jpg",1440,600,false],"post-thumbnail":["https:\/\/www.internetsociety.org\/wp-content\/uploads\/2023\/11\/Himalayah-peak-min-1-250x104.jpg",250,104,true],"square":["https:\/\/www.internetsociety.org\/wp-content\/uploads\/2023\/11\/Himalayah-peak-min-1-600x600.jpg",600,600,true],"gform-image-choice-sm":["https:\/\/www.internetsociety.org\/wp-content\/uploads\/2023\/11\/Himalayah-peak-min-1.jpg",300,125,false],"gform-image-choice-md":["https:\/\/www.internetsociety.org\/wp-content\/uploads\/2023\/11\/Himalayah-peak-min-1.jpg",400,167,false],"gform-image-choice-lg":["https:\/\/www.internetsociety.org\/wp-content\/uploads\/2023\/11\/Himalayah-peak-min-1.jpg",600,250,false]},"uagb_author_info":{"display_name":"Jelena Mirkovic","author_link":"https:\/\/www.internetsociety.org\/es\/author\/"},"uagb_comment_info":0,"uagb_excerpt":"El mundo necesita una Internet segura y resiliente. Y una Internet confiable y global depende de que su tr\u00e1fico sea enrutado de forma segura.","_links":{"self":[{"href":"https:\/\/www.internetsociety.org\/es\/wp-json\/wp\/v2\/pages\/168103","targetHints":{"allow":["GET"]}}],"collection":[{"href":"https:\/\/www.internetsociety.org\/es\/wp-json\/wp\/v2\/pages"}],"about":[{"href":"https:\/\/www.internetsociety.org\/es\/wp-json\/wp\/v2\/types\/page"}],"author":[{"embeddable":true,"href":"https:\/\/www.internetsociety.org\/es\/wp-json\/wp\/v2\/users\/1720"}],"replies":[{"embeddable":true,"href":"https:\/\/www.internetsociety.org\/es\/wp-json\/wp\/v2\/comments?post=168103"}],"version-history":[{"count":0,"href":"https:\/\/www.internetsociety.org\/es\/wp-json\/wp\/v2\/pages\/168103\/revisions"}],"up":[{"embeddable":true,"href":"https:\/\/www.internetsociety.org\/es\/wp-json\/wp\/v2\/pages\/205205"}],"wp:featuredmedia":[{"embeddable":true,"href":"https:\/\/www.internetsociety.org\/es\/wp-json\/wp\/v2\/media\/201821"}],"wp:attachment":[{"href":"https:\/\/www.internetsociety.org\/es\/wp-json\/wp\/v2\/media?parent=168103"}],"wp:term":[{"taxonomy":"category","embeddable":true,"href":"https:\/\/www.internetsociety.org\/es\/wp-json\/wp\/v2\/categories?post=168103"},{"taxonomy":"post_tag","embeddable":true,"href":"https:\/\/www.internetsociety.org\/es\/wp-json\/wp\/v2\/tags?post=168103"},{"taxonomy":"region_news_regions","embeddable":true,"href":"https:\/\/www.internetsociety.org\/es\/wp-json\/wp\/v2\/region_news_regions?post=168103"},{"taxonomy":"content_category","embeddable":true,"href":"https:\/\/www.internetsociety.org\/es\/wp-json\/wp\/v2\/content_category?post=168103"},{"taxonomy":"author","embeddable":true,"href":"https:\/\/www.internetsociety.org\/es\/wp-json\/wp\/v2\/ppma_author?post=168103"}],"curies":[{"name":"wp","href":"https:\/\/api.w.org\/{rel}","templated":true}]}}