{"id":167220,"date":"2022-03-22T10:25:20","date_gmt":"2022-03-22T10:25:20","guid":{"rendered":"https:\/\/www.internetsociety.org\/?page_id=167220"},"modified":"2023-10-18T18:31:12","modified_gmt":"2023-10-18T18:31:12","slug":"explorar-la-soberania-digital","status":"publish","type":"page","link":"https:\/\/www.internetsociety.org\/es\/action-plan\/digital-sovereignty\/","title":{"rendered":"Explorar la Soberan\u00eda Digital"},"content":{"rendered":"\n<section class=\"wp-block-uagb-columns uagb-columns__wrap uagb-columns__background-image uagb-columns__stack-mobile uagb-columns__valign- uagb-columns__gap-10 align uagb-block-87de516f uagb-columns__columns-1 uagb-columns__max_width-theme background-image-fallback-black\"><div class=\"uagb-columns__overlay\"><\/div><div class=\"uagb-columns__inner-wrap uagb-columns__columns-1\">\n<div class=\"wp-block-uagb-column uagb-column__wrap uagb-column__background-undefined uagb-block-446fedea\"><div class=\"uagb-column__overlay\"><\/div>\n<div style=\"height:60px\" aria-hidden=\"true\" class=\"wp-block-spacer\"><\/div>\n\n\n\n<h1 class=\"wp-block-heading has-neutral-white-color has-text-color\">Explorando la Soberan\u00eda Digital&nbsp;<\/h1>\n\n\n\n<div style=\"height:60px\" aria-hidden=\"true\" class=\"wp-block-spacer\"><\/div>\n<\/div>\n<\/div><\/section>\n\n\n\n<div class=\"wp-block-columns is-layout-flex wp-container-core-columns-is-layout-9d6595d7 wp-block-columns-is-layout-flex\">\n<div class=\"wp-block-column is-layout-flow wp-block-column-is-layout-flow\" style=\"flex-basis:10%\"><\/div>\n\n\n\n<div class=\"wp-block-column is-layout-flow wp-block-column-is-layout-flow\" style=\"flex-basis:80%\">\n<div style=\"height:40px\" aria-hidden=\"true\" class=\"wp-block-spacer\"><\/div>\n\n\n\n<h2 class=\"wp-block-heading has-accent-purple-color has-text-color has-32-font-size\">Internet, por dise\u00f1o, no tiene fronteras. Pero, \u00bfest\u00e1 amenazada esta idea? <\/h2>\n\n\n\n<div style=\"height:40px\" aria-hidden=\"true\" class=\"wp-block-spacer\"><\/div>\n\n\n\n<p class=\"has-18-font-size\">Cada vez m\u00e1s, los gobiernos est\u00e1n utilizando el t\u00e9rmino \u00absoberan\u00eda digital\u00bb para justificar pol\u00edticas y medidas para controlar c\u00f3mo funciona Intenet. Est\u00e1n tratando de imponer l\u00edmites geogr\u00e1ficos a la Internet Global. \u00bfC\u00f3mo afectar\u00e1 esto a Internet? \u00bfQu\u00e9 deber\u00edamos decir y hacer al respecto? Estamos desarrollando una posici\u00f3n dentro de nuestra comunidad que podemos compartir con el mundo y usar para dar forma a las discusiones sobre el futuro de Internet. <\/p>\n\n\n\n<div style=\"height:20px\" aria-hidden=\"true\" class=\"wp-block-spacer\"><\/div>\n<\/div>\n\n\n\n<div class=\"wp-block-column is-layout-flow wp-block-column-is-layout-flow\" style=\"flex-basis:10%\"><\/div>\n<\/div>\n\n\n\n<div class=\"wp-block-columns margin-bottom-0 has-neutral-white-background-color has-background is-layout-flex wp-container-core-columns-is-layout-9d6595d7 wp-block-columns-is-layout-flex\">\n<div class=\"wp-block-column is-layout-flow wp-block-column-is-layout-flow\" style=\"flex-basis:5.5%\"><\/div>\n\n\n\n<div class=\"wp-block-column is-layout-flow wp-block-column-is-layout-flow\" style=\"flex-basis:90%\">\n<div style=\"height:20px\" aria-hidden=\"true\" class=\"wp-block-spacer\"><\/div>\n\n\n\n<div class=\"wp-block-media-text alignwide has-media-on-the-right is-stacked-on-mobile is-vertically-aligned-top is-image-fill\" style=\"grid-template-columns:auto 33%\"><div class=\"wp-block-media-text__content\">\n<div style=\"height:20px\" aria-hidden=\"true\" class=\"wp-block-spacer\"><\/div>\n\n\n\n<div class=\"wp-block-uagb-info-box uagb-block-10fb1df0 uagb-infobox__content-wrap  uagb-infobox-icon-above-title uagb-infobox-image-valign-top\"><div class=\"uagb-ifb-content\"><div class=\"uagb-ifb-title-wrap\"><h3 class=\"uagb-ifb-title\">Abordar la Soberan\u00eda Digital y su Impacto en Internet<\/h3><\/div><p class=\"uagb-ifb-desc\">Hemos explorado c\u00f3mo la pol\u00edtica de soberan\u00eda digital podr\u00eda afectar al desarrollo t\u00e9cnico y la evoluci\u00f3n de Internet. Nuestros datos hacen avanzar el debate mundial sobre este tema tan importante y abren la puerta a nuevos estudios sobre una tendencia emergente que podr\u00eda configurar el futuro de Internet.<\/p><\/div><\/div>\n\n\n\n<div style=\"height:20px\" aria-hidden=\"true\" class=\"wp-block-spacer\"><\/div>\n\n\n\n<div class=\"wp-block-buttons is-vertical is-content-justification-left is-layout-flex wp-container-core-buttons-is-layout-41619b2b wp-block-buttons-is-layout-flex\">\n<div class=\"wp-block-button is-style-fill\"><a class=\"wp-block-button__link has-neutral-white-color has-depth-green-background-color has-text-color has-background wp-element-button\" href=\"https:\/\/www.internetsociety.org\/es\/resources\/doc\/2022\/explorando-la-soberania-digital-y-su-impacto-en-internet\/\">Leer el Informe<\/a><\/div>\n<\/div>\n<\/div><figure class=\"wp-block-media-text__media\" style=\"background-image:url(https:\/\/www.internetsociety.org\/wp-content\/uploads\/2022\/03\/globe-net.jpg);background-position:50% 50%\"><img loading=\"lazy\" decoding=\"async\" width=\"1000\" height=\"641\" src=\"https:\/\/www.internetsociety.org\/wp-content\/uploads\/2022\/03\/globe-net.jpg\" alt=\"Black and silver round ball\" class=\"wp-image-166408 size-large\" srcset=\"https:\/\/www.internetsociety.org\/wp-content\/uploads\/2022\/03\/globe-net.jpg 1000w, https:\/\/www.internetsociety.org\/wp-content\/uploads\/2022\/03\/globe-net-450x288.jpg 450w, https:\/\/www.internetsociety.org\/wp-content\/uploads\/2022\/03\/globe-net-768x492.jpg 768w, https:\/\/www.internetsociety.org\/wp-content\/uploads\/2022\/03\/globe-net-250x160.jpg 250w\" sizes=\"auto, (max-width: 1000px) 100vw, 1000px\" \/><\/figure><\/div>\n\n\n\n<div style=\"height:20px\" aria-hidden=\"true\" class=\"wp-block-spacer\"><\/div>\n<\/div>\n\n\n\n<div class=\"wp-block-column is-layout-flow wp-block-column-is-layout-flow\" style=\"flex-basis:5.5%\"><\/div>\n<\/div>\n\n\n\n<div class=\"wp-block-columns is-layout-flex wp-container-core-columns-is-layout-9d6595d7 wp-block-columns-is-layout-flex\">\n<div class=\"wp-block-column is-layout-flow wp-block-column-is-layout-flow\" style=\"flex-basis:10%\"><\/div>\n\n\n\n<div class=\"wp-block-column is-layout-flow wp-block-column-is-layout-flow\" style=\"flex-basis:80%\">\n<div style=\"height:40px\" aria-hidden=\"true\" class=\"wp-block-spacer\"><\/div>\n\n\n\n<h4 class=\"wp-block-heading has-green-color has-text-color\">Fortalecimiento de Internet<\/h4>\n\n\n\n<div style=\"height:30px\" aria-hidden=\"true\" class=\"wp-block-spacer\"><\/div>\n\n\n\n<p class=\"has-18-font-size\">Al explorar c\u00f3mo la soberan\u00eda digital puede impactar en Internet, estamos ayudando a fortalecer Internet:<\/p>\n\n\n\n<ul class=\"has-18-font-size wp-block-list\">\n<li>Mirando las formas en que la soberan\u00eda digital se desarrolla en diferentes regiones del mundo<\/li>\n\n\n\n<li>Determinando nuestra posici\u00f3n en la soberan\u00eda digital con nuestra comunidad<\/li>\n\n\n\n<li>Proporcionando una base para el an\u00e1lisis futuro arraigado en el marco del Modo Internet de Interconectarse<\/li>\n<\/ul>\n\n\n\n<div style=\"height:40px\" aria-hidden=\"true\" class=\"wp-block-spacer\"><\/div>\n\n\n\n<h4 class=\"wp-block-heading has-green-color has-text-color\">Participe<\/h4>\n\n\n\n<div style=\"height:20px\" aria-hidden=\"true\" class=\"wp-block-spacer\"><\/div>\n<\/div>\n\n\n\n<div class=\"wp-block-column is-layout-flow wp-block-column-is-layout-flow\" style=\"flex-basis:10%\"><\/div>\n<\/div>\n\n\n\n<div class=\"wp-block-columns is-layout-flex wp-container-core-columns-is-layout-9d6595d7 wp-block-columns-is-layout-flex\">\n<div class=\"wp-block-column is-layout-flow wp-block-column-is-layout-flow\" style=\"flex-basis:11%\"><\/div>\n\n\n\n<div class=\"wp-block-column is-layout-flow wp-block-column-is-layout-flow\" style=\"flex-basis:26%\">\n<figure class=\"wp-block-image size-full is-style-default margin-bottom-0 vertical-align-bottom\"><img loading=\"lazy\" decoding=\"async\" width=\"450\" height=\"200\" src=\"https:\/\/www.internetsociety.org\/wp-content\/uploads\/2022\/03\/courtroom.jpg\" alt=\"Pillars of courtroom\" class=\"wp-image-166418\" srcset=\"https:\/\/www.internetsociety.org\/wp-content\/uploads\/2022\/03\/courtroom.jpg 450w, https:\/\/www.internetsociety.org\/wp-content\/uploads\/2022\/03\/courtroom-250x111.jpg 250w\" sizes=\"auto, (max-width: 450px) 100vw, 450px\" \/><\/figure>\n\n\n\n<div class=\"wp-block-cover is-light\" style=\"min-height:100px;aspect-ratio:unset;\"><span aria-hidden=\"true\" class=\"wp-block-cover__background has-neutral-white-background-color has-background-dim-100 has-background-dim\"><\/span><div class=\"wp-block-cover__inner-container is-layout-flow wp-block-cover-is-layout-flow\">\n<div class=\"wp-block-uagb-info-box uagb-block-04ff90b6 uagb-infobox__content-wrap  uagb-infobox_cta-type-all uagb-infobox-icon-above-title uagb-infobox-image-valign-top\"><a href=\"mailto:digisov@isoc.org\" class=\"uagb-infobox-link-wrap uagb-infbox__link-to-all\" target=\"_self\" aria-label=\"Infobox Link\" rel=\"noopener noreferrer\" onclick=\"return true;\"><\/a><div class=\"uagb-ifb-content\"><div class=\"uagb-ifb-title-wrap\"><h5 class=\"uagb-ifb-title\">Cu\u00e9ntenos c\u00f3mo le afecta la soberan\u00eda digital en el trabajo <\/h5><\/div><p class=\"uagb-ifb-desc\">\u00bfLa soberan\u00eda digital est\u00e1 ocurriendo donde usted est\u00e1? \u00bfC\u00f3mo piensa que afectar\u00e1 a Internet en su pa\u00eds? Env\u00edenos sus pensamientos. <\/p><div class=\"uagb-ifb-button-wrapper wp-block-button\"><\/div><\/div><\/div>\n\n\n\n<div style=\"height:5px\" aria-hidden=\"true\" class=\"wp-block-spacer\"><\/div>\n<\/div><\/div>\n\n\n\n<div style=\"height:30px\" aria-hidden=\"true\" class=\"wp-block-spacer\"><\/div>\n<\/div>\n\n\n\n<div class=\"wp-block-column is-layout-flow wp-block-column-is-layout-flow\" style=\"flex-basis:26%\">\n<figure class=\"wp-block-image size-full is-style-default margin-bottom-0 vertical-align-bottom\"><img loading=\"lazy\" decoding=\"async\" width=\"450\" height=\"200\" src=\"https:\/\/www.internetsociety.org\/wp-content\/uploads\/2022\/03\/library.jpeg\" alt=\"Books on the bookshelves and light blurbs hanging next to them\" class=\"wp-image-166415\" srcset=\"https:\/\/www.internetsociety.org\/wp-content\/uploads\/2022\/03\/library.jpeg 450w, https:\/\/www.internetsociety.org\/wp-content\/uploads\/2022\/03\/library-250x111.jpeg 250w\" sizes=\"auto, (max-width: 450px) 100vw, 450px\" \/><\/figure>\n\n\n\n<div class=\"wp-block-cover is-light\" style=\"min-height:100px;aspect-ratio:unset;\"><span aria-hidden=\"true\" class=\"wp-block-cover__background has-neutral-white-background-color has-background-dim-100 has-background-dim\"><\/span><div class=\"wp-block-cover__inner-container is-layout-flow wp-block-cover-is-layout-flow\">\n<div class=\"wp-block-uagb-info-box uagb-block-bbdf6df3 uagb-infobox__content-wrap  uagb-infobox_cta-type-all uagb-infobox-icon-above-title uagb-infobox-image-valign-top\"><a href=\"mailto:digisov@isoc.org\" class=\"uagb-infobox-link-wrap uagb-infbox__link-to-all\" target=\"_self\" aria-label=\"Infobox Link\" rel=\"noopener noreferrer\" onclick=\"return true;\"><\/a><div class=\"uagb-ifb-content\"><div class=\"uagb-ifb-title-wrap\"><h5 class=\"uagb-ifb-title\">Dir\u00edjanos a los recursos correctos<\/h5><\/div><p class=\"uagb-ifb-desc\">\u00bfHa le\u00eddo un estudio o art\u00edculo sobre soberan\u00eda digital \u00faltimamente? Comp\u00e1rtalo con nosotros. <\/p><div class=\"uagb-ifb-button-wrapper wp-block-button\"><\/div><\/div><\/div>\n\n\n\n<div style=\"height:45px\" aria-hidden=\"true\" class=\"wp-block-spacer\"><\/div>\n<\/div><\/div>\n\n\n\n<div style=\"height:30px\" aria-hidden=\"true\" class=\"wp-block-spacer\"><\/div>\n<\/div>\n\n\n\n<div class=\"wp-block-column is-layout-flow wp-block-column-is-layout-flow\" style=\"flex-basis:26%\"><\/div>\n\n\n\n<div class=\"wp-block-column is-layout-flow wp-block-column-is-layout-flow\" style=\"flex-basis:11%\"><\/div>\n<\/div>\n\n\n\n<div style=\"height:10px\" aria-hidden=\"true\" class=\"wp-block-spacer\"><\/div>\n","protected":false},"excerpt":{"rendered":"<p>Los gobiernos est\u00e1n tratando de imponer fronteras geogr\u00e1ficas en la Internet global.\u00bfC\u00f3mo afectar\u00e1 esto a Internet?<\/p>\n","protected":false},"author":11,"featured_media":160388,"parent":160441,"menu_order":0,"comment_status":"closed","ping_status":"closed","template":"page-wide.php","meta":{"_acf_changed":false,"_uag_custom_page_level_css":"","footnotes":""},"categories":[4910],"tags":[],"region_news_regions":[],"content_category":[],"ppma_author":[5657],"class_list":["post-167220","page","type-page","status-publish","has-post-thumbnail","hentry","category-fortalecimiento-de-internet"],"acf":[],"uagb_featured_image_src":{"full":["https:\/\/www.internetsociety.org\/wp-content\/uploads\/2021\/12\/m-exploring-digital-sovereignty-1.jpg",1280,720,false],"thumbnail":["https:\/\/www.internetsociety.org\/wp-content\/uploads\/2021\/12\/m-exploring-digital-sovereignty-1-150x150.jpg",150,150,true],"medium":["https:\/\/www.internetsociety.org\/wp-content\/uploads\/2021\/12\/m-exploring-digital-sovereignty-1-450x253.jpg",450,253,true],"medium_large":["https:\/\/www.internetsociety.org\/wp-content\/uploads\/2021\/12\/m-exploring-digital-sovereignty-1-768x432.jpg",768,432,true],"large":["https:\/\/www.internetsociety.org\/wp-content\/uploads\/2021\/12\/m-exploring-digital-sovereignty-1-1024x576.jpg",1024,576,true],"1536x1536":["https:\/\/www.internetsociety.org\/wp-content\/uploads\/2021\/12\/m-exploring-digital-sovereignty-1.jpg",1280,720,false],"2048x2048":["https:\/\/www.internetsociety.org\/wp-content\/uploads\/2021\/12\/m-exploring-digital-sovereignty-1.jpg",1280,720,false],"post-thumbnail":["https:\/\/www.internetsociety.org\/wp-content\/uploads\/2021\/12\/m-exploring-digital-sovereignty-1-250x141.jpg",250,141,true],"square":["https:\/\/www.internetsociety.org\/wp-content\/uploads\/2021\/12\/m-exploring-digital-sovereignty-1-600x600.jpg",600,600,true],"gform-image-choice-sm":["https:\/\/www.internetsociety.org\/wp-content\/uploads\/2021\/12\/m-exploring-digital-sovereignty-1.jpg",300,169,false],"gform-image-choice-md":["https:\/\/www.internetsociety.org\/wp-content\/uploads\/2021\/12\/m-exploring-digital-sovereignty-1.jpg",400,225,false],"gform-image-choice-lg":["https:\/\/www.internetsociety.org\/wp-content\/uploads\/2021\/12\/m-exploring-digital-sovereignty-1.jpg",600,338,false]},"uagb_author_info":{"display_name":"Internet Society","author_link":"https:\/\/www.internetsociety.org\/es\/author\/isoc\/"},"uagb_comment_info":0,"uagb_excerpt":"Los gobiernos est\u00e1n tratando de imponer fronteras geogr\u00e1ficas en la Internet global.\u00bfC\u00f3mo afectar\u00e1 esto a Internet?","_links":{"self":[{"href":"https:\/\/www.internetsociety.org\/es\/wp-json\/wp\/v2\/pages\/167220","targetHints":{"allow":["GET"]}}],"collection":[{"href":"https:\/\/www.internetsociety.org\/es\/wp-json\/wp\/v2\/pages"}],"about":[{"href":"https:\/\/www.internetsociety.org\/es\/wp-json\/wp\/v2\/types\/page"}],"author":[{"embeddable":true,"href":"https:\/\/www.internetsociety.org\/es\/wp-json\/wp\/v2\/users\/11"}],"replies":[{"embeddable":true,"href":"https:\/\/www.internetsociety.org\/es\/wp-json\/wp\/v2\/comments?post=167220"}],"version-history":[{"count":0,"href":"https:\/\/www.internetsociety.org\/es\/wp-json\/wp\/v2\/pages\/167220\/revisions"}],"up":[{"embeddable":true,"href":"https:\/\/www.internetsociety.org\/es\/wp-json\/wp\/v2\/pages\/160441"}],"wp:featuredmedia":[{"embeddable":true,"href":"https:\/\/www.internetsociety.org\/es\/wp-json\/wp\/v2\/media\/160388"}],"wp:attachment":[{"href":"https:\/\/www.internetsociety.org\/es\/wp-json\/wp\/v2\/media?parent=167220"}],"wp:term":[{"taxonomy":"category","embeddable":true,"href":"https:\/\/www.internetsociety.org\/es\/wp-json\/wp\/v2\/categories?post=167220"},{"taxonomy":"post_tag","embeddable":true,"href":"https:\/\/www.internetsociety.org\/es\/wp-json\/wp\/v2\/tags?post=167220"},{"taxonomy":"region_news_regions","embeddable":true,"href":"https:\/\/www.internetsociety.org\/es\/wp-json\/wp\/v2\/region_news_regions?post=167220"},{"taxonomy":"content_category","embeddable":true,"href":"https:\/\/www.internetsociety.org\/es\/wp-json\/wp\/v2\/content_category?post=167220"},{"taxonomy":"author","embeddable":true,"href":"https:\/\/www.internetsociety.org\/es\/wp-json\/wp\/v2\/ppma_author?post=167220"}],"curies":[{"name":"wp","href":"https:\/\/api.w.org\/{rel}","templated":true}]}}