{"id":167214,"date":"2022-03-22T10:48:41","date_gmt":"2022-03-22T10:48:41","guid":{"rendered":"https:\/\/www.internetsociety.org\/?page_id=167214"},"modified":"2023-10-18T18:05:20","modified_gmt":"2023-10-18T18:05:20","slug":"satelites-de-orbita-terrestre-baja","status":"publish","type":"page","link":"https:\/\/www.internetsociety.org\/es\/action-plan\/leos\/","title":{"rendered":"Sat\u00e9lites de \u00d3rbita Terrestre Baja"},"content":{"rendered":"\n<section class=\"wp-block-uagb-columns uagb-columns__wrap uagb-columns__background-image uagb-columns__stack-mobile uagb-columns__valign- uagb-columns__gap-10 align uagb-block-587400a6 uagb-columns__columns-1 uagb-columns__max_width-theme background-image-fallback-black\"><div class=\"uagb-columns__overlay\"><\/div><div class=\"uagb-columns__inner-wrap uagb-columns__columns-1\">\n<div class=\"wp-block-uagb-column uagb-column__wrap uagb-column__background-undefined uagb-block-6818bfce\"><div class=\"uagb-column__overlay\"><\/div>\n<div style=\"height:60px\" aria-hidden=\"true\" class=\"wp-block-spacer\"><\/div>\n\n\n\n<h1 class=\"wp-block-heading has-neutral-white-color has-text-color\">Sat\u00e9lites de \u00d3rbita Terrestre Baja (LEOs)<\/h1>\n\n\n\n<div style=\"height:60px\" aria-hidden=\"true\" class=\"wp-block-spacer\"><\/div>\n<\/div>\n<\/div><\/section>\n\n\n\n<div class=\"wp-block-columns is-layout-flex wp-container-core-columns-is-layout-9d6595d7 wp-block-columns-is-layout-flex\">\n<div class=\"wp-block-column is-layout-flow wp-block-column-is-layout-flow\" style=\"flex-basis:10%\"><\/div>\n\n\n\n<div class=\"wp-block-column is-layout-flow wp-block-column-is-layout-flow\" style=\"flex-basis:80%\">\n<div style=\"height:40px\" aria-hidden=\"true\" class=\"wp-block-spacer\"><\/div>\n\n\n\n<h2 class=\"wp-block-heading has-accent-purple-color has-text-color has-32-font-size\">Las constelaciones de sat\u00e9lites de \u00f3rbita baja para el acceso a Internet se vislumbran en el horizonte.<\/h2>\n\n\n\n<div style=\"height:40px\" aria-hidden=\"true\" class=\"wp-block-spacer\"><\/div>\n\n\n\n<p class=\"has-18-font-size\">Podr\u00edan contribuir a reducir el costo del acceso a Internet, aumentar la velocidad de acceso de los usuarios o reducir la brecha digital. Podr\u00edan tambi\u00e9n poner el acceso a Internet en manos de unas pocas grandes empresas, creando as\u00ed problemas de seguridad y privacidad. Dado que el despliegue de la mayor\u00eda de las constelaciones LEO se encuentra a\u00fan en sus primeras fases, y todav\u00eda se desconocen varios factores.<\/p>\n\n\n\n<p class=\"has-18-font-size\">A medida que la industria basada en LEO vaya madurando en los pr\u00f3ximos a\u00f1os, tienes la oportunidad de orientar el debate y dar forma al futuro de esta nueva forma de acceso a Internet.<\/p>\n<\/div>\n\n\n\n<div class=\"wp-block-column is-layout-flow wp-block-column-is-layout-flow\" style=\"flex-basis:10%\"><\/div>\n<\/div>\n\n\n\n<div style=\"height:30px\" aria-hidden=\"true\" class=\"wp-block-spacer\"><\/div>\n\n\n\n<div class=\"wp-block-columns margin-bottom-0 has-neutral-white-background-color has-background is-layout-flex wp-container-core-columns-is-layout-9d6595d7 wp-block-columns-is-layout-flex\">\n<div class=\"wp-block-column is-layout-flow wp-block-column-is-layout-flow\" style=\"flex-basis:5.5%\"><\/div>\n\n\n\n<div class=\"wp-block-column is-layout-flow wp-block-column-is-layout-flow\" style=\"flex-basis:89%\">\n<div style=\"height:20px\" aria-hidden=\"true\" class=\"wp-block-spacer\"><\/div>\n\n\n\n<div class=\"wp-block-media-text alignwide has-media-on-the-right is-stacked-on-mobile is-vertically-aligned-top is-image-fill\" style=\"grid-template-columns:auto 33%\"><div class=\"wp-block-media-text__content\">\n<div style=\"height:20px\" aria-hidden=\"true\" class=\"wp-block-spacer\"><\/div>\n\n\n\n<div class=\"wp-block-uagb-info-box uagb-block-fd944eb1 uagb-infobox__content-wrap  uagb-infobox-icon-above-title uagb-infobox-image-valign-top\"><div class=\"uagb-ifb-content\"><div class=\"uagb-ifb-title-wrap\"><h3 class=\"uagb-ifb-title\">\u00bfSon los Sat\u00e9lites de \u00f3rbita terrestre baja (LEOs) el futuro de Internet y cu\u00e1les son exactamente sus ventajas y desventajas?<\/h3><\/div><p class=\"uagb-ifb-desc\">Empresas emergentes como el sistema Starlink de SpaceX, el proyecto Kuiper de Amazon, OneWeb y Telesat compiten por lanzar grandes sistemas de sat\u00e9lites a la \u00f3rbita terrestre baja para proporcionar acceso a Internet. \u00bfSuperar\u00e1n la brecha digital o crear\u00e1n nuevos desafios?<br><br>El art\u00edculo \u00abPerspectivas sobre los sat\u00e9lites LEO\u00bb te ayuda a entender qu\u00e9 son los LEO, c\u00f3mo funcionan y las oportunidades que ofrecen a todo el mundo. Este art\u00edculo analiza en profundidad los problemas que plantean -asequibilidad, uso del espectro, desechos espaciales, interoperabilidad, seguridad, privacidad y normas abiertas- y algunas de las cuestiones que deber\u00edamos plantearnos ahora, cuando a\u00fan podemos dar forma al futuro de esta tecnolog\u00eda emergente.<\/p><\/div><\/div>\n\n\n\n<div style=\"height:20px\" aria-hidden=\"true\" class=\"wp-block-spacer\"><\/div>\n\n\n\n<div class=\"wp-block-buttons is-vertical is-content-justification-left is-layout-flex wp-container-core-buttons-is-layout-41619b2b wp-block-buttons-is-layout-flex\">\n<div class=\"wp-block-button is-style-fill\"><a class=\"wp-block-button__link has-neutral-white-color has-depth-green-background-color has-text-color has-background wp-element-button\" href=\"https:\/\/www.internetsociety.org\/resources\/doc\/2022\/perspectives-on-leo-satellites\/\">Leer el articulo completo<\/a><\/div>\n<\/div>\n<\/div><figure class=\"wp-block-media-text__media\" style=\"background-image:url(https:\/\/www.internetsociety.org\/wp-content\/uploads\/2022\/03\/leo-sats-2-min.jpg);background-position:50% 50%\"><img loading=\"lazy\" decoding=\"async\" width=\"900\" height=\"532\" src=\"https:\/\/www.internetsociety.org\/wp-content\/uploads\/2022\/03\/leo-sats-2-min.jpg\" alt=\"A globe with satellites floating around it\" class=\"wp-image-166354 size-large\" srcset=\"https:\/\/www.internetsociety.org\/wp-content\/uploads\/2022\/03\/leo-sats-2-min.jpg 900w, https:\/\/www.internetsociety.org\/wp-content\/uploads\/2022\/03\/leo-sats-2-min-450x266.jpg 450w, https:\/\/www.internetsociety.org\/wp-content\/uploads\/2022\/03\/leo-sats-2-min-768x454.jpg 768w, https:\/\/www.internetsociety.org\/wp-content\/uploads\/2022\/03\/leo-sats-2-min-250x148.jpg 250w\" sizes=\"auto, (max-width: 900px) 100vw, 900px\" \/><\/figure><\/div>\n\n\n\n<div style=\"height:20px\" aria-hidden=\"true\" class=\"wp-block-spacer\"><\/div>\n<\/div>\n\n\n\n<div class=\"wp-block-column is-layout-flow wp-block-column-is-layout-flow\" style=\"flex-basis:5.5%\"><\/div>\n<\/div>\n\n\n\n<div class=\"wp-block-columns is-layout-flex wp-container-core-columns-is-layout-9d6595d7 wp-block-columns-is-layout-flex\">\n<div class=\"wp-block-column is-layout-flow wp-block-column-is-layout-flow\" style=\"flex-basis:10%\"><\/div>\n\n\n\n<div class=\"wp-block-column is-layout-flow wp-block-column-is-layout-flow\" style=\"flex-basis:80%\">\n<div style=\"height:40px\" aria-hidden=\"true\" class=\"wp-block-spacer\"><\/div>\n\n\n\n<h4 class=\"wp-block-heading has-green-color has-text-color\" id=\"how-the-ndss-symposium-helps-to-strengthen-the-internet\">Crecimiento de Internet<\/h4>\n\n\n\n<div style=\"height:30px\" aria-hidden=\"true\" class=\"wp-block-spacer\"><\/div>\n\n\n\n<p class=\"has-18-font-size\">Entender los sat\u00e9lites LEO nos permite tomar decisiones m\u00e1s inteligentes y ayudar a que Internet prospere:<\/p>\n\n\n\n<ul class=\"has-18-font-size wp-block-list\">\n<li>An\u00e1lisis de los pros y contras de los sistemas de sat\u00e9lites LEO para reducir la brecha digital<\/li>\n\n\n\n<li>Determinar los factores que deben tener en cuenta los responsables pol\u00edticos y los expertos en tecnolog\u00eda<\/li>\n<\/ul>\n\n\n\n<div style=\"height:40px\" aria-hidden=\"true\" class=\"wp-block-spacer\"><\/div>\n\n\n\n<h4 class=\"wp-block-heading has-green-color has-text-color\" id=\"how-the-ndss-symposium-helps-to-strengthen-the-internet\">Participe<\/h4>\n\n\n\n<div style=\"height:20px\" aria-hidden=\"true\" class=\"wp-block-spacer\"><\/div>\n<\/div>\n\n\n\n<div class=\"wp-block-column is-layout-flow wp-block-column-is-layout-flow\" style=\"flex-basis:10%\"><\/div>\n<\/div>\n\n\n\n<div class=\"wp-block-columns is-layout-flex wp-container-core-columns-is-layout-9d6595d7 wp-block-columns-is-layout-flex\">\n<div class=\"wp-block-column is-layout-flow wp-block-column-is-layout-flow\" style=\"flex-basis:11%\"><\/div>\n\n\n\n<div class=\"wp-block-column is-layout-flow wp-block-column-is-layout-flow\" style=\"flex-basis:26%\">\n<figure class=\"wp-block-image size-full is-style-default margin-bottom-0 vertical-align-bottom\"><img loading=\"lazy\" decoding=\"async\" width=\"450\" height=\"200\" src=\"https:\/\/www.internetsociety.org\/wp-content\/uploads\/2022\/12\/satellite-sky.jpeg\" alt=\"a rocket blast on the sky\" class=\"wp-image-184291\" srcset=\"https:\/\/www.internetsociety.org\/wp-content\/uploads\/2022\/12\/satellite-sky.jpeg 450w, https:\/\/www.internetsociety.org\/wp-content\/uploads\/2022\/12\/satellite-sky-250x111.jpeg 250w\" sizes=\"auto, (max-width: 450px) 100vw, 450px\" \/><\/figure>\n\n\n\n<div class=\"wp-block-cover is-light\" style=\"min-height:100px;aspect-ratio:unset;\"><span aria-hidden=\"true\" class=\"wp-block-cover__background has-neutral-white-background-color has-background-dim-100 has-background-dim\"><\/span><div class=\"wp-block-cover__inner-container is-layout-flow wp-block-cover-is-layout-flow\">\n<div class=\"wp-block-uagb-info-box uagb-block-83c11092 uagb-infobox__content-wrap  uagb-infobox_cta-type-all uagb-infobox-icon-above-title uagb-infobox-image-valign-top\"><a href=\"https:\/\/www.internetsociety.org\/es\/blog\/2022\/02\/que-es-un-sistema-de-satelite-leo-y-como-puede-ayudar-a-que-internet-sea-mas-grande\/\" class=\"uagb-infobox-link-wrap uagb-infbox__link-to-all\" target=\"_self\" aria-label=\"Infobox Link\" rel=\"noopener noreferrer\" onclick=\"return true;\"><\/a><div class=\"uagb-ifb-content\"><div class=\"uagb-ifb-title-wrap\"><h5 class=\"uagb-ifb-title\">\u00bfQu\u00e9 es un sistema de sat\u00e9lites LEO?<\/h5><\/div><p class=\"uagb-ifb-desc\">Conoce los conceptos b\u00e1sicos y por qu\u00e9 son tan importantes.<\/p><div class=\"uagb-ifb-button-wrapper wp-block-button\"><\/div><\/div><\/div>\n<\/div><\/div>\n\n\n\n<div style=\"height:30px\" aria-hidden=\"true\" class=\"wp-block-spacer\"><\/div>\n<\/div>\n\n\n\n<div class=\"wp-block-column is-layout-flow wp-block-column-is-layout-flow\" style=\"flex-basis:26%\">\n<figure class=\"wp-block-image size-full is-style-default margin-bottom-0 vertical-align-bottom\"><img loading=\"lazy\" decoding=\"async\" width=\"450\" height=\"200\" src=\"https:\/\/www.internetsociety.org\/wp-content\/uploads\/2022\/03\/CN-event-delegate.jpeg\" alt=\"A person with headphones sitting in front of laptop\" class=\"wp-image-166374\" srcset=\"https:\/\/www.internetsociety.org\/wp-content\/uploads\/2022\/03\/CN-event-delegate.jpeg 450w, https:\/\/www.internetsociety.org\/wp-content\/uploads\/2022\/03\/CN-event-delegate-250x111.jpeg 250w\" sizes=\"auto, (max-width: 450px) 100vw, 450px\" \/><\/figure>\n\n\n\n<div class=\"wp-block-cover is-light\" style=\"min-height:100px;aspect-ratio:unset;\"><span aria-hidden=\"true\" class=\"wp-block-cover__background has-neutral-white-background-color has-background-dim-100 has-background-dim\"><\/span><div class=\"wp-block-cover__inner-container is-layout-flow wp-block-cover-is-layout-flow\">\n<div class=\"wp-block-uagb-info-box uagb-block-39b100a7 uagb-infobox__content-wrap  uagb-infobox_cta-type-all uagb-infobox-icon-above-title uagb-infobox-image-valign-top\"><a href=\"https:\/\/sso.internetsociety.org\/Account\/Login?ReturnUrl=%2Fconnect%2Fauthorize%2Fcallback%3Fclient_id%3DHL%26redirect_uri%3Dhttps%253A%252F%252Fconnect.internetsociety.org%26response_type%3Dcode%26scope%3Dopenid%26state%3Dhttps%253A%252F%252Fconnect.internetsociety.org%252Fcommunities%252Fcommunity-home%253FCommunityKey%253D515345b3-c36e-4937-ae1f-c495b16b1d59\" class=\"uagb-infobox-link-wrap uagb-infbox__link-to-all\" target=\"_self\" aria-label=\"Infobox Link\" rel=\"noopener noreferrer\" onclick=\"return true;\"><\/a><div class=\"uagb-ifb-content\"><div class=\"uagb-ifb-title-wrap\"><h5 class=\"uagb-ifb-title\">Red de expertos<\/h5><\/div><p class=\"uagb-ifb-desc\">Accede a las \u00faltimas novedades sobre esta tecnolog\u00eda y \u00fanete a otros interesados en LEO para el acceso a Internet.<\/p><div class=\"uagb-ifb-button-wrapper wp-block-button\"><\/div><\/div><\/div>\n<\/div><\/div>\n\n\n\n<div style=\"height:30px\" aria-hidden=\"true\" class=\"wp-block-spacer\"><\/div>\n<\/div>\n\n\n\n<div class=\"wp-block-column is-layout-flow wp-block-column-is-layout-flow\" style=\"flex-basis:26%\">\n<figure class=\"wp-block-image size-full is-style-default margin-bottom-0 vertical-align-bottom\"><img loading=\"lazy\" decoding=\"async\" width=\"450\" height=\"200\" src=\"https:\/\/www.internetsociety.org\/wp-content\/uploads\/2022\/03\/Policy-talk.jpeg\" alt=\"A group of people brainstorming at an event, some sitting, some standing\" class=\"wp-image-166368\" srcset=\"https:\/\/www.internetsociety.org\/wp-content\/uploads\/2022\/03\/Policy-talk.jpeg 450w, https:\/\/www.internetsociety.org\/wp-content\/uploads\/2022\/03\/Policy-talk-250x111.jpeg 250w\" sizes=\"auto, (max-width: 450px) 100vw, 450px\" \/><\/figure>\n\n\n\n<div class=\"wp-block-cover is-light\" style=\"min-height:100px;aspect-ratio:unset;\"><span aria-hidden=\"true\" class=\"wp-block-cover__background has-neutral-white-background-color has-background-dim-100 has-background-dim\"><\/span><div class=\"wp-block-cover__inner-container is-layout-flow wp-block-cover-is-layout-flow\">\n<div class=\"wp-block-uagb-info-box uagb-block-61de2548 uagb-infobox__content-wrap  uagb-infobox_cta-type-all uagb-infobox-icon-above-title uagb-infobox-image-valign-top\"><a href=\"https:\/\/www.internetsociety.org\/about-internet-society\/policy-development-process\/\" class=\"uagb-infobox-link-wrap uagb-infbox__link-to-all\" target=\"_self\" aria-label=\"Infobox Link\" rel=\"noopener noreferrer\" onclick=\"return true;\"><\/a><div class=\"uagb-ifb-content\"><div class=\"uagb-ifb-title-wrap\"><h5 class=\"uagb-ifb-title\">Participa en el proceso de desarrollo de pol\u00edticas<\/h5><\/div><p class=\"uagb-ifb-desc\">Inf\u00f3rmate sobre el proceso de desarrollo de pol\u00edticas de Internet Society y sobre c\u00f3mo puedes influir en el debate sobre los temas.<\/p><div class=\"uagb-ifb-button-wrapper wp-block-button\"><\/div><\/div><\/div>\n<\/div><\/div>\n\n\n\n<div style=\"height:30px\" aria-hidden=\"true\" class=\"wp-block-spacer\"><\/div>\n<\/div>\n\n\n\n<div class=\"wp-block-column is-layout-flow wp-block-column-is-layout-flow\" style=\"flex-basis:11%\"><\/div>\n<\/div>\n\n\n\n<div class=\"wp-block-columns margin-bottom-0 has-neutral-white-background-color has-background is-layout-flex wp-container-core-columns-is-layout-9d6595d7 wp-block-columns-is-layout-flex\">\n<div class=\"wp-block-column is-layout-flow wp-block-column-is-layout-flow\" style=\"flex-basis:10%\"><\/div>\n\n\n\n<div class=\"wp-block-column is-layout-flow wp-block-column-is-layout-flow\" style=\"flex-basis:80%\">\n<div style=\"height:40px\" aria-hidden=\"true\" class=\"wp-block-spacer\"><\/div>\n\n\n\n<h4 class=\"wp-block-heading has-green-color has-text-color\">Noticias<\/h4>\n\n\n\n<div style=\"height:30px\" aria-hidden=\"true\" class=\"wp-block-spacer\"><\/div>\n\n\n\n\t\t\t<div class=\"wp-block-uagb-post-grid uagb-post-grid  uagb-post__image-position-top uagb-post__image-disabled uagb-block-ff4a1168     uagb-post__items uagb-post__columns-3 is-grid uagb-post__columns-tablet-2 uagb-post__columns-mobile-1 uagb-post__equal-height\" data-total=\"1\" style=\"\">\n\n\t\t\t\t\t\t\t\t\t\t\t\t<article class=\"uagb-post__inner-wrap\">\t\t\t\t\t\t\t\t<h5 class=\"uagb-post__title uagb-post__text\">\n\t\t\t\t<a href=\"https:\/\/www.internetsociety.org\/es\/blog\/2022\/11\/satelites-de-orbita-terrestre-baja-para-internet-por-que-los-proximos-dos-anos-son-decisivos\/\" target=\"_self\" rel=\"bookmark noopener noreferrer\">Sat\u00e9lites de \u00f3rbita terrestre baja para Internet: por qu\u00e9 los pr\u00f3ximos dos a\u00f1os son decisivos<\/a>\n\t\t\t<\/h5>\n\t\t\t\t\t\t<div class='uagb-post__text uagb-post-grid-byline'>\n\t\t\t\t\t\t\t\t<time datetime=\"2022-11-21T11:00:00+00:00\" class=\"uagb-post__date\">\n\t\t\t\t<span class=\"dashicons-calendar dashicons\"><\/span>\t\t\t\t\t21 de noviembre de 2022\t\t\t\t<\/time>\n\t\t\t\t\t\t<\/div>\n\t\t\t\n\t\t\t\t\t\t\t\t\t<\/article>\n\t\t\t\t\t\t\t\t\t\t\t\t\t\t\t\t<article class=\"uagb-post__inner-wrap\">\t\t\t\t\t\t\t\t<h5 class=\"uagb-post__title uagb-post__text\">\n\t\t\t\t<a href=\"https:\/\/www.internetsociety.org\/es\/blog\/2022\/02\/que-es-un-sistema-de-satelite-leo-y-como-puede-ayudar-a-que-internet-sea-mas-grande\/\" target=\"_self\" rel=\"bookmark noopener noreferrer\">\u00bfQu\u00e9 es un sistema de sat\u00e9lite LEO y c\u00f3mo puede ayudar a que Internet sea m\u00e1s grande?<\/a>\n\t\t\t<\/h5>\n\t\t\t\t\t\t<div class='uagb-post__text uagb-post-grid-byline'>\n\t\t\t\t\t\t\t\t<time datetime=\"2022-02-02T21:10:30+00:00\" class=\"uagb-post__date\">\n\t\t\t\t<span class=\"dashicons-calendar dashicons\"><\/span>\t\t\t\t\t2 de febrero de 2022\t\t\t\t<\/time>\n\t\t\t\t\t\t<\/div>\n\t\t\t\n\t\t\t\t\t\t\t\t\t<\/article>\n\t\t\t\t\t\t\t\t\t\t\t\t\t<div class=\"uagb-post-pagination-wrap\">\n\t\t\t\t\t\t\t\t\t\t\t<\/div>\n\t\t\t\t\t\t\t\t<\/div>\n\t\t\t\n\n\n<div style=\"height:40px\" aria-hidden=\"true\" class=\"wp-block-spacer\"><\/div>\n<\/div>\n\n\n\n<div class=\"wp-block-column is-layout-flow wp-block-column-is-layout-flow\" style=\"flex-basis:10%\"><\/div>\n<\/div>\n\n\n\n<p class=\"has-text-align-center has-neutral-white-color has-ground-navy-background-color has-text-color has-background has-12-font-size\">Derechos de autor:<br>Lea el proceso de desarrollo de pol\u00edticas: \u00a9 Urban Pixel Lebanon, \u00danase a comunidad LEO: \u00a9 Nyani Quarmyne<\/p>\n","protected":false},"excerpt":{"rendered":"<p>Los sat\u00e9lites de \u00f3rbita terrestre baja podr\u00edan ayudar a cerrar la brecha digital, particularmente en las regiones rurales.<\/p>\n","protected":false},"author":11,"featured_media":166356,"parent":160441,"menu_order":0,"comment_status":"closed","ping_status":"closed","template":"page-wide.php","meta":{"_acf_changed":false,"_uag_custom_page_level_css":"","footnotes":""},"categories":[32],"tags":[],"region_news_regions":[],"content_category":[],"ppma_author":[5657],"class_list":["post-167214","page","type-page","status-publish","has-post-thumbnail","hentry","category-internet-access"],"acf":[],"uagb_featured_image_src":{"full":["https:\/\/www.internetsociety.org\/wp-content\/uploads\/2022\/03\/leo-sats-2-min.jpg",900,532,false],"thumbnail":["https:\/\/www.internetsociety.org\/wp-content\/uploads\/2022\/03\/leo-sats-2-min-150x150.jpg",150,150,true],"medium":["https:\/\/www.internetsociety.org\/wp-content\/uploads\/2022\/03\/leo-sats-2-min-450x266.jpg",450,266,true],"medium_large":["https:\/\/www.internetsociety.org\/wp-content\/uploads\/2022\/03\/leo-sats-2-min-768x454.jpg",768,454,true],"large":["https:\/\/www.internetsociety.org\/wp-content\/uploads\/2022\/03\/leo-sats-2-min.jpg",900,532,false],"1536x1536":["https:\/\/www.internetsociety.org\/wp-content\/uploads\/2022\/03\/leo-sats-2-min.jpg",900,532,false],"2048x2048":["https:\/\/www.internetsociety.org\/wp-content\/uploads\/2022\/03\/leo-sats-2-min.jpg",900,532,false],"post-thumbnail":["https:\/\/www.internetsociety.org\/wp-content\/uploads\/2022\/03\/leo-sats-2-min-250x148.jpg",250,148,true],"square":["https:\/\/www.internetsociety.org\/wp-content\/uploads\/2022\/03\/leo-sats-2-min-600x532.jpg",600,532,true],"gform-image-choice-sm":["https:\/\/www.internetsociety.org\/wp-content\/uploads\/2022\/03\/leo-sats-2-min.jpg",300,177,false],"gform-image-choice-md":["https:\/\/www.internetsociety.org\/wp-content\/uploads\/2022\/03\/leo-sats-2-min.jpg",400,236,false],"gform-image-choice-lg":["https:\/\/www.internetsociety.org\/wp-content\/uploads\/2022\/03\/leo-sats-2-min.jpg",600,355,false]},"uagb_author_info":{"display_name":"Internet Society","author_link":"https:\/\/www.internetsociety.org\/es\/author\/isoc\/"},"uagb_comment_info":0,"uagb_excerpt":"Los sat\u00e9lites de \u00f3rbita terrestre baja podr\u00edan ayudar a cerrar la brecha digital, particularmente en las regiones rurales.","_links":{"self":[{"href":"https:\/\/www.internetsociety.org\/es\/wp-json\/wp\/v2\/pages\/167214","targetHints":{"allow":["GET"]}}],"collection":[{"href":"https:\/\/www.internetsociety.org\/es\/wp-json\/wp\/v2\/pages"}],"about":[{"href":"https:\/\/www.internetsociety.org\/es\/wp-json\/wp\/v2\/types\/page"}],"author":[{"embeddable":true,"href":"https:\/\/www.internetsociety.org\/es\/wp-json\/wp\/v2\/users\/11"}],"replies":[{"embeddable":true,"href":"https:\/\/www.internetsociety.org\/es\/wp-json\/wp\/v2\/comments?post=167214"}],"version-history":[{"count":0,"href":"https:\/\/www.internetsociety.org\/es\/wp-json\/wp\/v2\/pages\/167214\/revisions"}],"up":[{"embeddable":true,"href":"https:\/\/www.internetsociety.org\/es\/wp-json\/wp\/v2\/pages\/160441"}],"wp:featuredmedia":[{"embeddable":true,"href":"https:\/\/www.internetsociety.org\/es\/wp-json\/wp\/v2\/media\/166356"}],"wp:attachment":[{"href":"https:\/\/www.internetsociety.org\/es\/wp-json\/wp\/v2\/media?parent=167214"}],"wp:term":[{"taxonomy":"category","embeddable":true,"href":"https:\/\/www.internetsociety.org\/es\/wp-json\/wp\/v2\/categories?post=167214"},{"taxonomy":"post_tag","embeddable":true,"href":"https:\/\/www.internetsociety.org\/es\/wp-json\/wp\/v2\/tags?post=167214"},{"taxonomy":"region_news_regions","embeddable":true,"href":"https:\/\/www.internetsociety.org\/es\/wp-json\/wp\/v2\/region_news_regions?post=167214"},{"taxonomy":"content_category","embeddable":true,"href":"https:\/\/www.internetsociety.org\/es\/wp-json\/wp\/v2\/content_category?post=167214"},{"taxonomy":"author","embeddable":true,"href":"https:\/\/www.internetsociety.org\/es\/wp-json\/wp\/v2\/ppma_author?post=167214"}],"curies":[{"name":"wp","href":"https:\/\/api.w.org\/{rel}","templated":true}]}}