{"id":167002,"date":"2022-03-28T10:38:32","date_gmt":"2022-03-28T10:38:32","guid":{"rendered":"https:\/\/www.internetsociety.org\/?page_id=167002"},"modified":"2023-07-12T11:21:16","modified_gmt":"2023-07-12T11:21:16","slug":"fundamentals-2022","status":"publish","type":"page","link":"https:\/\/www.internetsociety.org\/es\/chapters\/fundamentals-program\/2022\/","title":{"rendered":"Internet Society Fundamentals\u00a0"},"content":{"rendered":"\n<div class=\"wp-block-cover\" style=\"min-height:400px;aspect-ratio:unset;\"><span aria-hidden=\"true\" class=\"wp-block-cover__background has-background-dim-0 has-background-dim\"><\/span><img loading=\"lazy\" decoding=\"async\" width=\"1280\" height=\"555\" class=\"wp-block-cover__image-background wp-image-195686\" alt=\"A group of people posing for a photo\" src=\"https:\/\/www.internetsociety.org\/wp-content\/uploads\/2023\/07\/Young-leaders.jpg\" data-object-fit=\"cover\" srcset=\"https:\/\/www.internetsociety.org\/wp-content\/uploads\/2023\/07\/Young-leaders.jpg 1280w, https:\/\/www.internetsociety.org\/wp-content\/uploads\/2023\/07\/Young-leaders-450x195.jpg 450w, https:\/\/www.internetsociety.org\/wp-content\/uploads\/2023\/07\/Young-leaders-1024x444.jpg 1024w, https:\/\/www.internetsociety.org\/wp-content\/uploads\/2023\/07\/Young-leaders-768x333.jpg 768w, https:\/\/www.internetsociety.org\/wp-content\/uploads\/2023\/07\/Young-leaders-250x108.jpg 250w\" sizes=\"auto, (max-width: 1280px) 100vw, 1280px\" \/><div class=\"wp-block-cover__inner-container is-layout-flow wp-block-cover-is-layout-flow\">\n<p class=\"has-text-align-center has-large-font-size\"><\/p>\n<\/div><\/div>\n\n\n\n<section class=\"wp-block-uagb-columns uagb-columns__wrap uagb-columns__background-color uagb-columns__stack-mobile uagb-columns__valign- uagb-columns__gap-10 align uagb-block-350a58f1 uagb-columns__columns-2 uagb-columns__max_width-theme\"><div class=\"uagb-columns__overlay\"><\/div><div class=\"uagb-columns__inner-wrap uagb-columns__columns-2\">\n<div class=\"wp-block-uagb-column uagb-column__wrap uagb-column__background-color uagb-block-e12681e6\"><div class=\"uagb-column__overlay\"><\/div>\n<div style=\"height:40px\" aria-hidden=\"true\" class=\"wp-block-spacer\"><\/div>\n\n\n\n<section class=\"wp-block-uagb-columns uagb-columns__wrap uagb-columns__background-color uagb-columns__stack-mobile uagb-columns__valign- uagb-columns__gap-10 align uagb-block-d7b30b86 uagb-columns__columns-1 uagb-columns__max_width-theme background-image-fallback-black\"><div class=\"uagb-columns__overlay\"><\/div><div class=\"uagb-columns__inner-wrap uagb-columns__columns-1\">\n<div class=\"wp-block-uagb-column uagb-column__wrap uagb-column__background-undefined uagb-block-4d88a04d\"><div class=\"uagb-column__overlay\"><\/div>\n<h2 class=\"wp-block-heading has-neutral-white-color has-text-color has-28-font-size\">Resumen<\/h2>\n\n\n\n<div style=\"height:20px\" aria-hidden=\"true\" class=\"wp-block-spacer\"><\/div>\n\n\n\n<p class=\"has-neutral-white-color has-text-color has-18-font-size\">Estado del programa:<br>Comienza en junio de 2022<\/p>\n\n\n\n<p class=\"has-neutral-white-color has-text-color has-18-font-size\">Para los l\u00edderes y miembros de cap\u00edtulos, grupos de inter\u00e9s especial (SIG) o grupos permanentes (SG) para<\/p>\n<\/div>\n<\/div><\/section>\n<\/div>\n\n\n\n<div class=\"wp-block-uagb-column uagb-column__wrap uagb-column__background-undefined uagb-block-13464b06\"><div class=\"uagb-column__overlay\"><\/div>\n<div style=\"height:40px\" aria-hidden=\"true\" class=\"wp-block-spacer\"><\/div>\n\n\n\n<h1 class=\"wp-block-heading has-depth-blue-color has-text-color\">Internet Society Fundamentals 2022<\/h1>\n\n\n\n<div style=\"height:20px\" aria-hidden=\"true\" class=\"wp-block-spacer\"><\/div>\n\n\n\n<h2 class=\"wp-block-heading has-ground-blue-color has-text-color has-32-font-size\">\u00bfTe interesar\u00eda saber m\u00e1s sobre los Sat\u00e9lites de \u00d3rbita Baja, cifrado y otros proyectos de 2022? Mejor a\u00fan, \u00bfTe gustar\u00eda saber c\u00f3mo ampliar el trabajo de Internet Society con el fin de beneficiar a tu comunidad local?<\/h2>\n\n\n\n<div style=\"height:20px\" aria-hidden=\"true\" class=\"wp-block-spacer\"><\/div>\n\n\n\n<p>El programa Fundamentals de Internet Society tiene como objetivo desarrollar la pr\u00f3xima generaci\u00f3n de l\u00edderes comunitarios, proporcion\u00e1ndoles las herramientas y los conocimientos b\u00e1sicos que necesitan para marcar la diferencia, donde sea que est\u00e9n. <\/p>\n\n\n\n<p>A trav\u00e9s de una serie de v\u00eddeos breves sobre los temas tratados en&nbsp; <a href=\"https:\/\/www.internetsociety.org\/es\/action-plan\/2022\/\">Plan de Acci\u00f3n 2022<\/a>, seguidos de debates en l\u00ednea en directo, puedes dar el primer paso para ampliar el alcance de Internet y proteger su bienestar a largo plazo. <\/p>\n\n\n\n<p>Este programa es una oportunidad para los l\u00edderes y miembros de cap\u00edtulos, grupos de inter\u00e9s especial (SIG) o grupos permanentes (SG) para: <\/p>\n\n\n\n<ul class=\"wp-block-list\">\n<li>Conocer nuestros proyecto clave de 2022 y salir con un conocimiento exhaustivo del trabajo que estamos llevando a cabo en cada uno de ellos<\/li>\n\n\n\n<li>Establecer una red de contactos y compartir ideas con el staff de Internet Society, l\u00edderes de cap\u00edtulos, SIG y SG, y miembros de diferentes partes del mundo con ideas afines.<\/li>\n\n\n\n<li>Sobre la base de los conocimientos reci\u00e9n adquiridos, comprender\u00e1 c\u00f3mo contribuir directamente al trabajo de su cap\u00edtulo, SIG o SG<\/li>\n\n\n\n<li>En base a los conocimientos s recibidos, entender c\u00f3mo contribuir directamente al trabajo de su cap\u00edtulo, SIG o SG<\/li>\n<\/ul>\n\n\n\n<div style=\"height:10px\" aria-hidden=\"true\" class=\"wp-block-spacer\"><\/div>\n\n\n\n<p>Enviaremos una invitaci\u00f3n a todos los miembros de cap\u00edtulos, as\u00ed como a los miembros de grupos de inter\u00e9s especial y permanentes, para que participen en el programa.<\/p>\n\n\n\n<p class=\"has-depth-blue-color has-text-color\">\u00bfA\u00fan no eres miembro de un cap\u00edtulo o grupo de inter\u00e9s especial de Internet Society? Unite a uno ahora.<\/p>\n\n\n\n<div class=\"wp-block-buttons is-vertical is-content-justification-left is-nowrap is-layout-flex wp-container-core-buttons-is-layout-c3acae67 wp-block-buttons-is-layout-flex\">\n<div class=\"wp-block-button\"><a class=\"wp-block-button__link has-neutral-white-color has-depth-blue-background-color has-text-color has-background wp-element-button\" href=\"https:\/\/www.internetsociety.org\/es\/chapters\/\">Unite a un cap\u00edtulo<\/a><\/div>\n\n\n\n<div class=\"wp-block-button is-style-outline is-style-outline--1\"><a class=\"wp-block-button__link has-depth-blue-color has-text-color wp-element-button\" href=\"https:\/\/www.internetsociety.org\/es\/sigs\/\">Unite a un grupo de inter\u00e9s especial<\/a><\/div>\n<\/div>\n\n\n\n<div style=\"height:40px\" aria-hidden=\"true\" class=\"wp-block-spacer\"><\/div>\n\n\n\n<h3 class=\"wp-block-heading has-text-align-left has-depth-blue-color has-text-color\" id=\"timeline\">Calendario<\/h3>\n\n\n\n<div style=\"height:20px\" aria-hidden=\"true\" class=\"wp-block-spacer\"><\/div>\n\n\n\n<div class=\"wp-block-uagb-content-timeline uagb-timeline__outer-wrap uagb-block-808a5f0b-5fb4-4627-89c0-7fd1b9ea29a9 uagb-timeline__content-wrap uagb-timeline__left-block uagb-timeline__arrow-top  uagb-timeline\">\n<article class=\"wp-block-uagb-content-timeline-child uagb-timeline__field uagb-timeline-child-8c620b46-cb3e-4adb-bf94-f8bac1c7dec8 uagb-timeline__left uagb-timeline__field-wrap animated fadeIn delay-100ms\"><div class=\"uagb-timeline__marker out-view-uagb-timeline__icon\"><svg xmlns=\"https:\/\/www.w3.org\/2000\/svg\" viewBox=\"0 0 448 512\"><path d=\"M160 32V64H288V32C288 14.33 302.3 0 320 0C337.7 0 352 14.33 352 32V64H400C426.5 64 448 85.49 448 112V160H0V112C0 85.49 21.49 64 48 64H96V32C96 14.33 110.3 0 128 0C145.7 0 160 14.33 160 32zM0 192H448V464C448 490.5 426.5 512 400 512H48C21.49 512 0 490.5 0 464V192zM64 304C64 312.8 71.16 320 80 320H112C120.8 320 128 312.8 128 304V272C128 263.2 120.8 256 112 256H80C71.16 256 64 263.2 64 272V304zM192 304C192 312.8 199.2 320 208 320H240C248.8 320 256 312.8 256 304V272C256 263.2 248.8 256 240 256H208C199.2 256 192 263.2 192 272V304zM336 256C327.2 256 320 263.2 320 272V304C320 312.8 327.2 320 336 320H368C376.8 320 384 312.8 384 304V272C384 263.2 376.8 256 368 256H336zM64 432C64 440.8 71.16 448 80 448H112C120.8 448 128 440.8 128 432V400C128 391.2 120.8 384 112 384H80C71.16 384 64 391.2 64 400V432zM208 384C199.2 384 192 391.2 192 400V432C192 440.8 199.2 448 208 448H240C248.8 448 256 440.8 256 432V400C256 391.2 248.8 384 240 384H208zM320 432C320 440.8 327.2 448 336 448H368C376.8 448 384 440.8 384 432V400C384 391.2 376.8 384 368 384H336C327.2 384 320 391.2 320 400V432z\"><\/path><\/svg><\/div><div class=\"uagb-timeline__day-new uagb-timeline__day-left uagb-timeline__events-inner-new\"><div class=\"uagb-timeline__events-inner--content\"><h4 class=\"uagb-timeline__heading\">1 de junio 2022<\/h4><p class=\"uagb-timeline-desc-content\">V\u00eddeos de aprendizaje disponibles<\/p><div class=\"uagb-timeline__arrow\"><\/div><\/div><\/div><div class=\"uagb-timeline__date-new\"><\/div><\/article>\n\n\n\n<article class=\"wp-block-uagb-content-timeline-child uagb-timeline__field uagb-timeline-child-da1f31b9-68df-4c83-bdb3-6bfe03188797 uagb-timeline__left uagb-timeline__field-wrap animated fadeIn delay-200ms\"><div class=\"uagb-timeline__marker out-view-uagb-timeline__icon\"><svg xmlns=\"https:\/\/www.w3.org\/2000\/svg\" viewBox=\"0 0 448 512\"><path d=\"M160 32V64H288V32C288 14.33 302.3 0 320 0C337.7 0 352 14.33 352 32V64H400C426.5 64 448 85.49 448 112V160H0V112C0 85.49 21.49 64 48 64H96V32C96 14.33 110.3 0 128 0C145.7 0 160 14.33 160 32zM0 192H448V464C448 490.5 426.5 512 400 512H48C21.49 512 0 490.5 0 464V192zM64 304C64 312.8 71.16 320 80 320H112C120.8 320 128 312.8 128 304V272C128 263.2 120.8 256 112 256H80C71.16 256 64 263.2 64 272V304zM192 304C192 312.8 199.2 320 208 320H240C248.8 320 256 312.8 256 304V272C256 263.2 248.8 256 240 256H208C199.2 256 192 263.2 192 272V304zM336 256C327.2 256 320 263.2 320 272V304C320 312.8 327.2 320 336 320H368C376.8 320 384 312.8 384 304V272C384 263.2 376.8 256 368 256H336zM64 432C64 440.8 71.16 448 80 448H112C120.8 448 128 440.8 128 432V400C128 391.2 120.8 384 112 384H80C71.16 384 64 391.2 64 400V432zM208 384C199.2 384 192 391.2 192 400V432C192 440.8 199.2 448 208 448H240C248.8 448 256 440.8 256 432V400C256 391.2 248.8 384 240 384H208zM320 432C320 440.8 327.2 448 336 448H368C376.8 448 384 440.8 384 432V400C384 391.2 376.8 384 368 384H336C327.2 384 320 391.2 320 400V432z\"><\/path><\/svg><\/div><div class=\"uagb-timeline__day-new uagb-timeline__day-left uagb-timeline__events-inner-new\"><div class=\"uagb-timeline__events-inner--content\"><h4 class=\"uagb-timeline__heading\">28 &#8211; 30 de junio 2022<\/h4><p class=\"uagb-timeline-desc-content\">Sesiones en vivo para discutir actividades concretas<\/p><div class=\"uagb-timeline__arrow\"><\/div><\/div><\/div><div class=\"uagb-timeline__date-new\"><\/div><\/article>\n\n\n\n<article class=\"wp-block-uagb-content-timeline-child uagb-timeline__field uagb-timeline-child-94a9d5e2-61ba-4bdf-a298-c5de1707e630 uagb-timeline__left uagb-timeline__field-wrap animated fadeIn delay-500ms\"><div class=\"uagb-timeline__marker out-view-uagb-timeline__icon\"><svg xmlns=\"https:\/\/www.w3.org\/2000\/svg\" viewBox=\"0 0 448 512\"><path d=\"M160 32V64H288V32C288 14.33 302.3 0 320 0C337.7 0 352 14.33 352 32V64H400C426.5 64 448 85.49 448 112V160H0V112C0 85.49 21.49 64 48 64H96V32C96 14.33 110.3 0 128 0C145.7 0 160 14.33 160 32zM0 192H448V464C448 490.5 426.5 512 400 512H48C21.49 512 0 490.5 0 464V192zM64 304C64 312.8 71.16 320 80 320H112C120.8 320 128 312.8 128 304V272C128 263.2 120.8 256 112 256H80C71.16 256 64 263.2 64 272V304zM192 304C192 312.8 199.2 320 208 320H240C248.8 320 256 312.8 256 304V272C256 263.2 248.8 256 240 256H208C199.2 256 192 263.2 192 272V304zM336 256C327.2 256 320 263.2 320 272V304C320 312.8 327.2 320 336 320H368C376.8 320 384 312.8 384 304V272C384 263.2 376.8 256 368 256H336zM64 432C64 440.8 71.16 448 80 448H112C120.8 448 128 440.8 128 432V400C128 391.2 120.8 384 112 384H80C71.16 384 64 391.2 64 400V432zM208 384C199.2 384 192 391.2 192 400V432C192 440.8 199.2 448 208 448H240C248.8 448 256 440.8 256 432V400C256 391.2 248.8 384 240 384H208zM320 432C320 440.8 327.2 448 336 448H368C376.8 448 384 440.8 384 432V400C384 391.2 376.8 384 368 384H336C327.2 384 320 391.2 320 400V432z\"><\/path><\/svg><\/div><div class=\"uagb-timeline__day-new uagb-timeline__day-left uagb-timeline__events-inner-new\"><div class=\"uagb-timeline__events-inner--content\"><h4 class=\"uagb-timeline__heading\">Junio &#8211; octubre 2022:<\/h4><p class=\"uagb-timeline-desc-content\">Los participantes trabajan en actividades locales, con el apoyo de llamadas regulares de verificaci\u00f3n<\/p><div class=\"uagb-timeline__arrow\"><\/div><\/div><\/div><div class=\"uagb-timeline__date-new\"><\/div><\/article>\n\n\n\n<article class=\"wp-block-uagb-content-timeline-child uagb-timeline__field uagb-timeline-child-67c7b876-c58b-4a31-b8bb-8f9492418280 uagb-timeline__left uagb-timeline__field-wrap animated fadeIn delay-500ms\"><div class=\"uagb-timeline__marker out-view-uagb-timeline__icon\"><svg xmlns=\"https:\/\/www.w3.org\/2000\/svg\" viewBox=\"0 0 448 512\"><path d=\"M160 32V64H288V32C288 14.33 302.3 0 320 0C337.7 0 352 14.33 352 32V64H400C426.5 64 448 85.49 448 112V160H0V112C0 85.49 21.49 64 48 64H96V32C96 14.33 110.3 0 128 0C145.7 0 160 14.33 160 32zM0 192H448V464C448 490.5 426.5 512 400 512H48C21.49 512 0 490.5 0 464V192zM64 304C64 312.8 71.16 320 80 320H112C120.8 320 128 312.8 128 304V272C128 263.2 120.8 256 112 256H80C71.16 256 64 263.2 64 272V304zM192 304C192 312.8 199.2 320 208 320H240C248.8 320 256 312.8 256 304V272C256 263.2 248.8 256 240 256H208C199.2 256 192 263.2 192 272V304zM336 256C327.2 256 320 263.2 320 272V304C320 312.8 327.2 320 336 320H368C376.8 320 384 312.8 384 304V272C384 263.2 376.8 256 368 256H336zM64 432C64 440.8 71.16 448 80 448H112C120.8 448 128 440.8 128 432V400C128 391.2 120.8 384 112 384H80C71.16 384 64 391.2 64 400V432zM208 384C199.2 384 192 391.2 192 400V432C192 440.8 199.2 448 208 448H240C248.8 448 256 440.8 256 432V400C256 391.2 248.8 384 240 384H208zM320 432C320 440.8 327.2 448 336 448H368C376.8 448 384 440.8 384 432V400C384 391.2 376.8 384 368 384H336C327.2 384 320 391.2 320 400V432z\"><\/path><\/svg><\/div><div class=\"uagb-timeline__day-new uagb-timeline__day-left uagb-timeline__events-inner-new\"><div class=\"uagb-timeline__events-inner--content\"><h4 class=\"uagb-timeline__heading\">6 &#8211; 7 de septiembre 2022<\/h4><p class=\"uagb-timeline-desc-content\">Algunas de las actividades de Fundamentos se destacar\u00e1n en la <a href=\"https:\/\/www.internetsociety.org\/es\/events\/community-week\/2022\/\"><mark style=\"background-color:rgba(0, 0, 0, 0)\" class=\"has-inline-color has-depth-blue-color\">Semana de la Comunidad<\/mark><\/a><\/p><div class=\"uagb-timeline__arrow\"><\/div><\/div><\/div><div class=\"uagb-timeline__date-new\"><\/div><\/article>\n<div class=\"uagb-timeline__line\"><div class=\"uagb-timeline__line__inner\"><\/div><\/div><\/div>\n<\/div>\n<\/div><\/section>\n\n\n\n<p class=\"has-text-align-center has-white-color has-ground-navy-background-color has-text-color has-background has-12-font-size\">Cr\u00e9dito de la imagen: \u00a9 Wes Hardaker<\/p>\n","protected":false},"excerpt":{"rendered":"<p>Obtenga m\u00e1s informaci\u00f3n sobre los temas cubiertos en el Plan de Acci\u00f3n 2022, comparta sus ideas y contribuya al trabajo de su propio cap\u00edtulo.<\/p>\n","protected":false},"author":15,"featured_media":0,"parent":62277,"menu_order":0,"comment_status":"closed","ping_status":"closed","template":"page-wide.php","meta":{"_acf_changed":false,"_uag_custom_page_level_css":"","footnotes":""},"categories":[5694,119],"tags":[],"region_news_regions":[],"content_category":[],"ppma_author":[4040],"class_list":["post-167002","page","type-page","status-publish","hentry","category-comunidad","category-quienes-somos"],"acf":[],"uagb_featured_image_src":{"full":false,"thumbnail":false,"medium":false,"medium_large":false,"large":false,"1536x1536":false,"2048x2048":false,"post-thumbnail":false,"square":false,"gform-image-choice-sm":false,"gform-image-choice-md":false,"gform-image-choice-lg":false},"uagb_author_info":{"display_name":"April Froncek","author_link":"https:\/\/www.internetsociety.org\/es\/author\/froncek\/"},"uagb_comment_info":0,"uagb_excerpt":"Obtenga m\u00e1s informaci\u00f3n sobre los temas cubiertos en el Plan de Acci\u00f3n 2022, comparta sus ideas y contribuya al trabajo de su propio cap\u00edtulo.","_links":{"self":[{"href":"https:\/\/www.internetsociety.org\/es\/wp-json\/wp\/v2\/pages\/167002","targetHints":{"allow":["GET"]}}],"collection":[{"href":"https:\/\/www.internetsociety.org\/es\/wp-json\/wp\/v2\/pages"}],"about":[{"href":"https:\/\/www.internetsociety.org\/es\/wp-json\/wp\/v2\/types\/page"}],"author":[{"embeddable":true,"href":"https:\/\/www.internetsociety.org\/es\/wp-json\/wp\/v2\/users\/15"}],"replies":[{"embeddable":true,"href":"https:\/\/www.internetsociety.org\/es\/wp-json\/wp\/v2\/comments?post=167002"}],"version-history":[{"count":0,"href":"https:\/\/www.internetsociety.org\/es\/wp-json\/wp\/v2\/pages\/167002\/revisions"}],"up":[{"embeddable":true,"href":"https:\/\/www.internetsociety.org\/es\/wp-json\/wp\/v2\/pages\/62277"}],"wp:attachment":[{"href":"https:\/\/www.internetsociety.org\/es\/wp-json\/wp\/v2\/media?parent=167002"}],"wp:term":[{"taxonomy":"category","embeddable":true,"href":"https:\/\/www.internetsociety.org\/es\/wp-json\/wp\/v2\/categories?post=167002"},{"taxonomy":"post_tag","embeddable":true,"href":"https:\/\/www.internetsociety.org\/es\/wp-json\/wp\/v2\/tags?post=167002"},{"taxonomy":"region_news_regions","embeddable":true,"href":"https:\/\/www.internetsociety.org\/es\/wp-json\/wp\/v2\/region_news_regions?post=167002"},{"taxonomy":"content_category","embeddable":true,"href":"https:\/\/www.internetsociety.org\/es\/wp-json\/wp\/v2\/content_category?post=167002"},{"taxonomy":"author","embeddable":true,"href":"https:\/\/www.internetsociety.org\/es\/wp-json\/wp\/v2\/ppma_author?post=167002"}],"curies":[{"name":"wp","href":"https:\/\/api.w.org\/{rel}","templated":true}]}}