{"id":166590,"date":"2022-04-09T08:34:47","date_gmt":"2022-04-09T08:34:47","guid":{"rendered":"https:\/\/www.internetsociety.org\/?page_id=166590"},"modified":"2025-07-31T21:01:36","modified_gmt":"2025-07-31T21:01:36","slug":"compartiendo-los-ultimos-conocimientos-en-el-simposio-ndss","status":"publish","type":"page","link":"https:\/\/www.internetsociety.org\/es\/action-plan\/ndss-symposium\/","title":{"rendered":"Simposio de Seguridad de Redes y Sistemas Distribuidos"},"content":{"rendered":"\n<section class=\"wp-block-uagb-columns uagb-columns__wrap uagb-columns__background-image uagb-columns__stack-mobile uagb-columns__valign- uagb-columns__gap-10 align uagb-block-d6a40f3e uagb-columns__columns-1 uagb-columns__max_width-theme background-image-fallback-black\"><div class=\"uagb-columns__overlay\"><\/div><div class=\"uagb-columns__inner-wrap uagb-columns__columns-1\">\n<div class=\"wp-block-uagb-column uagb-column__wrap uagb-column__background-undefined uagb-block-87a6a79b\"><div class=\"uagb-column__overlay\"><\/div>\n<h1 class=\"wp-block-heading has-neutral-white-color has-text-color\">Compartiendo <br>los \u00faltimos conocimientos <br>en el simposio NDSS <\/h1>\n<\/div>\n<\/div><\/section>\n\n\n\n<div class=\"wp-block-columns is-layout-flex wp-container-core-columns-is-layout-9d6595d7 wp-block-columns-is-layout-flex\">\n<div class=\"wp-block-column is-layout-flow wp-block-column-is-layout-flow\" style=\"flex-basis:10%\"><\/div>\n\n\n\n<div class=\"wp-block-column is-layout-flow wp-block-column-is-layout-flow\" style=\"flex-basis:80%\">\n<div style=\"height:40px\" aria-hidden=\"true\" class=\"wp-block-spacer uag-hide-mob\"><\/div>\n\n\n\n<h2 class=\"wp-block-heading has-accent-purple-color has-text-color has-32-font-size\">Para mantener la solidez y la resiliencia de Internet, necesitamos m\u00e1s investigaci\u00f3n y colaboraci\u00f3n sobre los asuntos de seguridad a los que se enfrenta.<\/h2>\n\n\n\n<div style=\"height:40px\" aria-hidden=\"true\" class=\"wp-block-spacer\"><\/div>\n\n\n\n<div class=\"wp-block-columns is-layout-flex wp-container-core-columns-is-layout-9d6595d7 wp-block-columns-is-layout-flex\">\n<div class=\"wp-block-column is-layout-flow wp-block-column-is-layout-flow\" style=\"flex-basis:67%\">\n<p class=\"has-18-font-size\"><a href=\"https:\/\/www.ndss-symposium.org\/\">El Simposio de Seguridad de Redes y Sistemas Distribuidos (NDSS)<\/a> es una conferencia acad\u00e9mica internacional sobre seguridad que se enfoca en lo m\u00e1s reciente en materia de seguridad de redes y sistemas distribuidos.<\/p>\n\n\n\n<p class=\"has-18-font-size\">Durante 30 a\u00f1os, el Simposio ha reunido a investigadores acad\u00e9micos y de la industria, y a profesionales de la seguridad de todo el mundo para compartir conocimientos y discutir investigaciones de primer nivel revisadas por pares.<\/p>\n\n\n\n<p class=\"has-18-font-size\">El Simposio se ha convertido en una de las conferencias sobre seguridad m\u00e1s importantes a nivel internacional y atrae participantes de todo el mundo.<\/p>\n<\/div>\n\n\n\n<div class=\"wp-block-column is-layout-flow wp-block-column-is-layout-flow\" style=\"flex-basis:33%\">\n<p class=\"has-neutral-white-background-color has-background has-18-font-size\"><span style=\"font-size: 14px;\">El Simposio de NDSS, originalmente se denomino el Taller sobre Seguridad de redes y sistemas distribuidos, se llev\u00f3 a cabo por primera vez del 11 al 12 de febrero de 1993 en San Diego, California. Fue organizado como un taller del Grupo de Investigaci\u00f3n de Privacidad y Seguridad del Grupo de Trabajo de Investigaci\u00f3n de Internet y fue organizado por Internet Society y el Laboratorio Nacional Lawrence Livermore. Desde entonces, Internet Society ha organizado con orgullo el Simposio NDSS.<\/span><\/p>\n<\/div>\n<\/div>\n<\/div>\n\n\n\n<div class=\"wp-block-column is-layout-flow wp-block-column-is-layout-flow\" style=\"flex-basis:10%\"><\/div>\n<\/div>\n\n\n\n<div style=\"height:30px\" aria-hidden=\"true\" class=\"wp-block-spacer uag-hide-mob\"><\/div>\n\n\n\n<div class=\"wp-block-columns margin-bottom-0 has-neutral-white-background-color has-background is-layout-flex wp-container-core-columns-is-layout-9d6595d7 wp-block-columns-is-layout-flex\">\n<div class=\"wp-block-column is-layout-flow wp-block-column-is-layout-flow\" style=\"flex-basis:10%\"><\/div>\n\n\n\n<div class=\"wp-block-column is-layout-flow wp-block-column-is-layout-flow\" style=\"flex-basis:80%\">\n<div style=\"height:40px\" aria-hidden=\"true\" class=\"wp-block-spacer uag-hide-mob\"><\/div>\n\n\n\n<div class=\"wp-block-columns is-layout-flex wp-container-core-columns-is-layout-9d6595d7 wp-block-columns-is-layout-flex\">\n<div class=\"wp-block-column is-layout-flow wp-block-column-is-layout-flow\" style=\"flex-basis:67%\">\n<div style=\"height:20px\" aria-hidden=\"true\" class=\"wp-block-spacer uag-hide-desktop uag-hide-tab\"><\/div>\n\n\n\n<div class=\"wp-block-uagb-info-box uagb-block-ed69b982 uagb-infobox__content-wrap  uagb-infobox-icon-above-title uagb-infobox-image-valign-top\"><div class=\"uagb-ifb-content\"><div class=\"uagb-ifb-title-wrap\"><h3 class=\"uagb-ifb-title\">Simposio de NDSS 2025<\/h3><\/div><p class=\"uagb-ifb-desc\">El Simposio NDSS 2025 se celebr\u00f3 del 24 al 28 de febrero de 2025 en San Diego, California. Entre los asistentes se encuentran investigadores y educadores universitarios, directores de tecnolog\u00eda y privacidad, analistas de seguridad, administradores de sistemas y gerentes de seguridad y operaciones. <\/p><\/div><\/div>\n\n\n\n<div style=\"height:20px\" aria-hidden=\"true\" class=\"wp-block-spacer\"><\/div>\n\n\n\n<div class=\"wp-block-buttons is-layout-flex wp-block-buttons-is-layout-flex\">\n<div class=\"wp-block-button\"><a class=\"wp-block-button__link has-depth-green-background-color has-background wp-element-button\" href=\"https:\/\/www.ndss-symposium.org\/ndss2025\/\"><strong>Vea lo que sucedi\u00f3<\/strong><\/a><\/div>\n<\/div>\n<\/div>\n\n\n\n<div class=\"wp-block-column is-layout-flow wp-block-column-is-layout-flow\" style=\"flex-basis:33%\">\n<figure class=\"wp-block-embed is-type-video is-provider-youtube wp-block-embed-youtube wp-embed-aspect-16-9 wp-has-aspect-ratio\"><div class=\"wp-block-embed__wrapper\">\n<iframe loading=\"lazy\" title=\"NDSS Symposium Overview\" width=\"500\" height=\"281\" src=\"https:\/\/www.youtube.com\/embed\/1DyWJwcgn1k?feature=oembed&#038;enablejsapi=1&#038;origin=https:\/\/www.internetsociety.org\" frameborder=\"0\" allow=\"accelerometer; autoplay; clipboard-write; encrypted-media; gyroscope; picture-in-picture; web-share\" referrerpolicy=\"strict-origin-when-cross-origin\" allowfullscreen><\/iframe>\n<\/div><\/figure>\n<\/div>\n<\/div>\n\n\n\n<div style=\"height:20px\" aria-hidden=\"true\" class=\"wp-block-spacer uag-hide-mob\"><\/div>\n<\/div>\n\n\n\n<div class=\"wp-block-column is-layout-flow wp-block-column-is-layout-flow\" style=\"flex-basis:10%\"><\/div>\n<\/div>\n\n\n\n<div class=\"wp-block-columns is-layout-flex wp-container-core-columns-is-layout-9d6595d7 wp-block-columns-is-layout-flex\">\n<div class=\"wp-block-column is-layout-flow wp-block-column-is-layout-flow\" style=\"flex-basis:10%\"><\/div>\n\n\n\n<div class=\"wp-block-column is-layout-flow wp-block-column-is-layout-flow\" style=\"flex-basis:80%\">\n<div style=\"height:40px\" aria-hidden=\"true\" class=\"wp-block-spacer uag-hide-mob\"><\/div>\n\n\n\n<h4 class=\"wp-block-heading has-green-color has-text-color\">Abordar la falta de confianza en Internet<\/h4>\n\n\n\n<div style=\"height:20px\" aria-hidden=\"true\" class=\"wp-block-spacer\"><\/div>\n\n\n\n<p class=\"has-18-font-size\">A trav\u00e9s del intercambio colaborativo de investigaciones l\u00edderes sobre la seguridad de los sistemas, el Simposio de NDSS ayuda a la comunidad de Internet a hacer que Internet sea m\u00e1s segura: <\/p>\n\n\n\n<ul class=\"wp-block-list has-18-font-size\">\n<li>Los posibles nuevos ataques y vulnerabilidades de seguridad se pueden identificar, mitigar y compartir de manera abierta y accesible.&nbsp;<\/li>\n\n\n\n<li>Se pueden desarrollar, publicar y posiblemente estandarizar nuevas tecnolog\u00edas de seguridad, de manera abierta y accesible.<\/li>\n\n\n\n<li>La pr\u00f3xima generaci\u00f3n de investigadores y profesionales de la seguridad de Internet pueden emprender sus carreras con una s\u00f3lida red de colaboradores.&nbsp;<\/li>\n\n\n\n<li>Las comunidades acad\u00e9mica, industrial y de est\u00e1ndares pueden comprender mejor los problemas y soluciones de seguridad emergentes y estar\u00e1n mejor posicionados para trabajar juntos para resolverlos.<\/li>\n<\/ul>\n\n\n\n<div style=\"height:40px\" aria-hidden=\"true\" class=\"wp-block-spacer\"><\/div>\n\n\n\n<h4 class=\"wp-block-heading has-green-color has-text-color\">Participe<\/h4>\n<\/div>\n\n\n\n<div class=\"wp-block-column is-layout-flow wp-block-column-is-layout-flow\" style=\"flex-basis:10%\"><\/div>\n<\/div>\n\n\n\n<section class=\"wp-block-uagb-columns uagb-columns__wrap uagb-columns__background-color uagb-columns__stack-tablet uagb-columns__valign-top uagb-columns__gap-10 align uagb-block-0c8abc1f uagb-columns__columns-3 uagb-columns__max_width-theme\"><div class=\"uagb-columns__overlay\"><\/div><div class=\"uagb-columns__inner-wrap uagb-columns__columns-3\">\n<div class=\"wp-block-uagb-column uagb-column__wrap uagb-column__background-color uagb-block-c5cbb46e\"><div class=\"uagb-column__overlay\"><\/div>\n<figure class=\"wp-block-image size-full is-style-default margin-bottom-0 vertical-align-bottom\"><img loading=\"lazy\" decoding=\"async\" width=\"599\" height=\"275\" src=\"https:\/\/www.internetsociety.org\/wp-content\/uploads\/2024\/03\/people-talk-ndss-min.jpg\" alt=\"A diverse group of individuals gathered in a room, engaged in conversation\" class=\"wp-image-207598\" style=\"aspect-ratio:3\/2;object-fit:cover\" srcset=\"https:\/\/www.internetsociety.org\/wp-content\/uploads\/2024\/03\/people-talk-ndss-min.jpg 599w, https:\/\/www.internetsociety.org\/wp-content\/uploads\/2024\/03\/people-talk-ndss-min-450x207.jpg 450w, https:\/\/www.internetsociety.org\/wp-content\/uploads\/2024\/03\/people-talk-ndss-min-250x115.jpg 250w\" sizes=\"auto, (max-width: 599px) 100vw, 599px\" \/><\/figure>\n\n\n\n<div style=\"height:20px\" aria-hidden=\"true\" class=\"wp-block-spacer\"><\/div>\n\n\n\n<div class=\"wp-block-uagb-info-box uagb-block-6e38d95b uagb-infobox__content-wrap  uagb-infobox_cta-type-all uagb-infobox-icon-above-title uagb-infobox-image-valign-top\"><a href=\"https:\/\/www.ndss-symposium.org\/previous-conferences\/\" class=\"uagb-infobox-link-wrap uagb-infbox__link-to-all\" target=\"_self\" aria-label=\"Infobox Link\" rel=\"noopener noreferrer\" onclick=\"return true;\"><\/a><div class=\"uagb-ifb-content\"><div class=\"uagb-ifb-title-wrap\"><h5 class=\"uagb-ifb-title\">Aproveche al M\u00e1ximo el Acceso Abierto a la Investigaci\u00f3n <\/h5><\/div><p class=\"uagb-ifb-desc\">Cada trabajo de investigaci\u00f3n aceptado por el Simposio NDSS se pone a disposici\u00f3n de todos, en todas partes, junto con las diapositivas y los videos de las presentaciones. Este acceso abierto fortalece la investigaci\u00f3n colaborativa y es una de las mejores caracter\u00edsticas del simposio.<\/p><div class=\"uagb-ifb-button-wrapper wp-block-button\"><\/div><\/div><\/div>\n<\/div>\n\n\n\n<div class=\"wp-block-uagb-column uagb-column__wrap uagb-column__background-color uagb-block-74b7a2c7\"><div class=\"uagb-column__overlay\"><\/div>\n<figure class=\"wp-block-image size-full is-style-default margin-bottom-0 vertical-align-bottom\"><img loading=\"lazy\" decoding=\"async\" width=\"450\" height=\"200\" src=\"https:\/\/www.internetsociety.org\/wp-content\/uploads\/2022\/02\/Small-NDSS-Symposium-2019-1-e1644248454872.jpg\" alt=\"Three transparent glass award plaques on a table\" class=\"wp-image-164048\" style=\"aspect-ratio:3\/2;object-fit:cover\" srcset=\"https:\/\/www.internetsociety.org\/wp-content\/uploads\/2022\/02\/Small-NDSS-Symposium-2019-1-e1644248454872.jpg 450w, https:\/\/www.internetsociety.org\/wp-content\/uploads\/2022\/02\/Small-NDSS-Symposium-2019-1-e1644248454872-250x111.jpg 250w\" sizes=\"auto, (max-width: 450px) 100vw, 450px\" \/><\/figure>\n\n\n\n<div style=\"height:20px\" aria-hidden=\"true\" class=\"wp-block-spacer\"><\/div>\n\n\n\n<div class=\"wp-block-uagb-info-box uagb-block-8afe33bc uagb-infobox__content-wrap  uagb-infobox_cta-type-all uagb-infobox-icon-above-title uagb-infobox-image-valign-top\"><a href=\"https:\/\/www.ndss-symposium.org\/ndss-test-of-time-award\/\" class=\"uagb-infobox-link-wrap uagb-infbox__link-to-all\" target=\"_self\" aria-label=\"Infobox Link\" rel=\"noopener noreferrer\" onclick=\"return true;\"><\/a><div class=\"uagb-ifb-content\"><div class=\"uagb-ifb-title-wrap\"><h5 class=\"uagb-ifb-title\">Reputaci\u00f3n del Test of Time<\/h5><\/div><p class=\"uagb-ifb-desc\">Cada a\u00f1o, el premio Test of Time rinde homenaje a los art\u00edculos del Simposio de la NDSS publicados hace m\u00e1s de diez a\u00f1os que han tenido un impacto significativo en el mundo acad\u00e9mico y la industria. La entrega de este premio destaca la importancia de la investigaci\u00f3n fundamental explorada durante el Simposio de la NDSS.<\/p><div class=\"uagb-ifb-button-wrapper wp-block-button\"><\/div><\/div><\/div>\n<\/div>\n\n\n\n<div class=\"wp-block-uagb-column uagb-column__wrap uagb-column__background-color uagb-block-4d8f3576\"><div class=\"uagb-column__overlay\"><\/div>\n<figure class=\"wp-block-image size-full is-style-default margin-bottom-0 vertical-align-bottom\"><img loading=\"lazy\" decoding=\"async\" width=\"600\" height=\"275\" src=\"https:\/\/www.internetsociety.org\/wp-content\/uploads\/2024\/03\/NDSS-sponsor.jpg\" alt=\"People gathered around a poster board engaged in conversation.\" class=\"wp-image-207604\" style=\"aspect-ratio:3\/2;object-fit:cover\" srcset=\"https:\/\/www.internetsociety.org\/wp-content\/uploads\/2024\/03\/NDSS-sponsor.jpg 600w, https:\/\/www.internetsociety.org\/wp-content\/uploads\/2024\/03\/NDSS-sponsor-450x206.jpg 450w, https:\/\/www.internetsociety.org\/wp-content\/uploads\/2024\/03\/NDSS-sponsor-250x115.jpg 250w\" sizes=\"auto, (max-width: 600px) 100vw, 600px\" \/><\/figure>\n\n\n\n<div style=\"height:20px\" aria-hidden=\"true\" class=\"wp-block-spacer\"><\/div>\n\n\n\n<div class=\"wp-block-uagb-info-box uagb-block-4be958dc uagb-infobox__content-wrap  uagb-infobox_cta-type-all uagb-infobox-icon-above-title uagb-infobox-image-valign-top\"><a href=\"https:\/\/www.ndss-symposium.org\/sponsorship\/\" class=\"uagb-infobox-link-wrap uagb-infbox__link-to-all\" target=\"_self\" aria-label=\"Infobox Link\" rel=\"noopener noreferrer\" onclick=\"return true;\"><\/a><div class=\"uagb-ifb-content\"><div class=\"uagb-ifb-title-wrap\"><h5 class=\"uagb-ifb-title\">Convi\u00e9rtase en Patrocinador<\/h5><\/div><p class=\"uagb-ifb-desc\">Muestre el apoyo de su organizaci\u00f3n a la investigaci\u00f3n emergente y a la pr\u00f3xima generaci\u00f3n de l\u00edderes en el campo de la seguridad de los sistemas. Como patrocinador, recibir\u00e1 visibilidad y reconocimiento entre investigadores y profesionales de seguridad de primera calidad.<\/p><div class=\"uagb-ifb-button-wrapper wp-block-button\"><\/div><\/div><\/div>\n<\/div>\n<\/div><\/section>\n\n\n\n<div class=\"wp-block-columns margin-bottom-0 has-neutral-white-background-color has-background is-layout-flex wp-container-core-columns-is-layout-9d6595d7 wp-block-columns-is-layout-flex\">\n<div class=\"wp-block-column is-layout-flow wp-block-column-is-layout-flow\" style=\"flex-basis:10%\"><\/div>\n\n\n\n<div class=\"wp-block-column is-layout-flow wp-block-column-is-layout-flow\" style=\"flex-basis:80%\">\n<div style=\"height:40px\" aria-hidden=\"true\" class=\"wp-block-spacer uag-hide-mob\"><\/div>\n\n\n\n<h4 class=\"wp-block-heading has-depth-teal-color has-text-color\" id=\"how-the-ndss-symposium-helps-to-strengthen-the-internet\">Noticias<\/h4>\n\n\n\n<div style=\"height:20px\" aria-hidden=\"true\" class=\"wp-block-spacer\"><\/div>\n\n\n\n\t\t\t<div class=\"wp-block-uagb-post-grid uagb-post-grid  uagb-post__image-position-top uagb-post__image-disabled uagb-block-a8fd20a7     uagb-post__items uagb-post__columns-3 is-grid uagb-post__columns-tablet-2 uagb-post__columns-mobile-1 uagb-post__equal-height\" data-total=\"1\" style=\"\">\n\n\t\t\t\t\t\t\t\t\t\t\t\t<article class=\"uagb-post__inner-wrap\">\t\t\t\t\t\t\t\t<div class='uagb-post__text uagb-post-grid-byline'>\n\t\t\t\t\t\t\t\t<span class=\"uagb-post__author\">\n\t\t\t\t\t\t\t\t\t<a href=\"https:\/\/www.internetsociety.org\/es\/author\/odonoghue\/\" title=\"Entradas de Karen O&#039;Donoghue\" rel=\"author\" itemprop=\"author\" itemscope=\"itemscope\" itemtype=\"https:\/\/schema.org\/Person\">Karen O&#039;Donoghue<\/a>\t\t\t\t<\/span>\n\t\t\t\t\t\t\t<time datetime=\"2021-02-22T22:07:22+00:00\" class=\"uagb-post__date\">\n\t\t\t\t\t\t\t\t\t22 de febrero de 2021\t\t\t\t<\/time>\n\t\t\t\t\t\t<\/div>\n\t\t\t\t\t\t<h5 class=\"uagb-post__title uagb-post__text\">\n\t\t\t\t<a href=\"https:\/\/www.internetsociety.org\/es\/blog\/2021\/02\/los-mejores-y-mas-brillantes-expertos-en-seguridad-y-privacidad-se-reunen-virtualmente-en-el-ndss-2021\/\" target=\"_self\" rel=\"bookmark noopener noreferrer\">Los mejores y m\u00e1s brillantes expertos en seguridad y privacidad se re\u00fanen virtualmente en el NDSS 2021<\/a>\n\t\t\t<\/h5>\n\t\t\t\n\t\t\t\t\t\t\t\t\t<\/article>\n\t\t\t\t\t\t\t\t\t\t\t\t\t\t\t\t<article class=\"uagb-post__inner-wrap\">\t\t\t\t\t\t\t\t<div class='uagb-post__text uagb-post-grid-byline'>\n\t\t\t\t\t\t\t\t<span class=\"uagb-post__author\">\n\t\t\t\t\t\t\t\t\t<a href=\"https:\/\/www.internetsociety.org\/es\/author\/odonoghue\/\" title=\"Entradas de Karen O&#039;Donoghue\" rel=\"author\" itemprop=\"author\" itemscope=\"itemscope\" itemtype=\"https:\/\/schema.org\/Person\">Karen O&#039;Donoghue<\/a>\t\t\t\t<\/span>\n\t\t\t\t\t\t\t<time datetime=\"2020-02-21T21:27:09+00:00\" class=\"uagb-post__date\">\n\t\t\t\t\t\t\t\t\t21 de febrero de 2020\t\t\t\t<\/time>\n\t\t\t\t\t\t<\/div>\n\t\t\t\t\t\t<h5 class=\"uagb-post__title uagb-post__text\">\n\t\t\t\t<a href=\"https:\/\/www.internetsociety.org\/es\/blog\/2020\/02\/ndss-2020-el-mejor-en-investigacion-de-seguridad-por-el-bien-de-internet\/\" target=\"_self\" rel=\"bookmark noopener noreferrer\">NDSS 2020: el mejor en investigaci\u00f3n de seguridad \u2013 Por el bien de Internet<\/a>\n\t\t\t<\/h5>\n\t\t\t\n\t\t\t\t\t\t\t\t\t<\/article>\n\t\t\t\t\t\t\t\t\t\t\t\t\t\t\t\t<article class=\"uagb-post__inner-wrap\">\t\t\t\t\t\t\t\t<div class='uagb-post__text uagb-post-grid-byline'>\n\t\t\t\t\t\t\t\t<span class=\"uagb-post__author\">\n\t\t\t\t\t\t\t\t\t<a href=\"https:\/\/www.internetsociety.org\/es\/author\/ford\/\" title=\"Entradas de Mat Ford\" rel=\"author\" itemprop=\"author\" itemscope=\"itemscope\" itemtype=\"https:\/\/schema.org\/Person\">Mat Ford<\/a>\t\t\t\t<\/span>\n\t\t\t\t\t\t\t<time datetime=\"2018-02-20T21:40:48+00:00\" class=\"uagb-post__date\">\n\t\t\t\t\t\t\t\t\t20 de febrero de 2018\t\t\t\t<\/time>\n\t\t\t\t\t\t<\/div>\n\t\t\t\t\t\t<h5 class=\"uagb-post__title uagb-post__text\">\n\t\t\t\t<a href=\"https:\/\/www.internetsociety.org\/es\/blog\/2018\/02\/ndss-2018-automating-process-vulnerability-discovery\/\" target=\"_self\" rel=\"bookmark noopener noreferrer\">NDSS 2018: automatizando el proceso de detecci\u00f3n de vulnerabilidades<\/a>\n\t\t\t<\/h5>\n\t\t\t\n\t\t\t\t\t\t\t\t\t<\/article>\n\t\t\t\t\t\t\t\t\t\t\t\t\t\t\t\t<article class=\"uagb-post__inner-wrap\">\t\t\t\t\t\t\t\t<div class='uagb-post__text uagb-post-grid-byline'>\n\t\t\t\t\t\t\t\t<span class=\"uagb-post__author\">\n\t\t\t\t\t\t\t\t\t<a href=\"https:\/\/www.internetsociety.org\/es\/author\/kolkman\/\" title=\"Entradas de Olaf Kolkman\" rel=\"author\" itemprop=\"author\" itemscope=\"itemscope\" itemtype=\"https:\/\/schema.org\/Person\">Olaf Kolkman<\/a>\t\t\t\t<\/span>\n\t\t\t\t\t\t\t<time datetime=\"2018-02-18T14:00:09+00:00\" class=\"uagb-post__date\">\n\t\t\t\t\t\t\t\t\t18 de febrero de 2018\t\t\t\t<\/time>\n\t\t\t\t\t\t<\/div>\n\t\t\t\t\t\t<h5 class=\"uagb-post__title uagb-post__text\">\n\t\t\t\t<a href=\"https:\/\/www.internetsociety.org\/es\/blog\/2018\/02\/starting-today-ndss-highlights-best-internet-security-research\/\" target=\"_self\" rel=\"bookmark noopener noreferrer\">Simposio de Seguridad de Redes y Sistemas Distribuidos (NDSS) comienza hoy<\/a>\n\t\t\t<\/h5>\n\t\t\t\n\t\t\t\t\t\t\t\t\t<\/article>\n\t\t\t\t\t\t\t\t\t\t\t\t\t\t\t\t<article class=\"uagb-post__inner-wrap\">\t\t\t\t\t\t\t\t<div class='uagb-post__text uagb-post-grid-byline'>\n\t\t\t\t\t\t\t\t<span class=\"uagb-post__author\">\n\t\t\t\t\t\t\t\t\t<a href=\"https:\/\/www.internetsociety.org\/es\/author\/fwang\/\" title=\"Entradas de Fish Wang\" rel=\"author\" itemprop=\"author\" itemscope=\"itemscope\" itemtype=\"https:\/\/schema.org\/Person\">Fish Wang<\/a>\t\t\t\t<\/span>\n\t\t\t\t\t\t\t<time datetime=\"2018-02-14T20:02:32+00:00\" class=\"uagb-post__date\">\n\t\t\t\t\t\t\t\t\t14 de febrero de 2018\t\t\t\t<\/time>\n\t\t\t\t\t\t<\/div>\n\t\t\t\t\t\t<h5 class=\"uagb-post__title uagb-post__text\">\n\t\t\t\t<a href=\"https:\/\/www.internetsociety.org\/es\/blog\/2018\/02\/workshop-binary-analysis-research-bar-2018-ndss-18-february\/\" target=\"_self\" rel=\"bookmark noopener noreferrer\">Taller sobre investigaci\u00f3n de an\u00e1lisis binarios (BAR) 2018 en NDSS el 18 de febrero<\/a>\n\t\t\t<\/h5>\n\t\t\t\n\t\t\t\t\t\t\t\t\t<\/article>\n\t\t\t\t\t\t\t\t\t\t\t\t\t<div class=\"uagb-post-pagination-wrap\">\n\t\t\t\t\t\t\t\t\t\t\t<\/div>\n\t\t\t\t\t\t\t\t<\/div>\n\t\t\t\n\n\n<div style=\"height:40px\" aria-hidden=\"true\" class=\"wp-block-spacer\"><\/div>\n<\/div>\n\n\n\n<div class=\"wp-block-column is-layout-flow wp-block-column-is-layout-flow\" style=\"flex-basis:10%\"><\/div>\n<\/div>\n\n\n\n<p class=\"has-text-align-center has-neutral-white-color has-ground-navy-background-color has-text-color has-background has-12-font-size\">Derechos de autor: <br>\u00a9 Stonehouse Photographic, \u00a9 Wes Hardaker, \u00a9 Stonehouse Photographic, \u00a9 Wes Hardaker<\/p>\n","protected":false},"excerpt":{"rendered":"<p><b>Destacados acad\u00e9micos, investigadores y profesionales de la seguridad compartir\u00e1n \u00faltimos conocimientos sobre seguridad.<\/b><br \/>Desde 1993, el Simposio (NDSS) ha sido una de las conferencias de seguridad m\u00e1s importantes del mundo, donde los expertos intercambian ideas y discuten investigaciones de primer nivel revisadas por pares. Explore el archivo de trabajos aceptados.<\/p>\n","protected":false},"author":1720,"featured_media":0,"parent":223313,"menu_order":0,"comment_status":"closed","ping_status":"closed","template":"page-wide.php","meta":{"_acf_changed":false,"_uag_custom_page_level_css":"","footnotes":""},"categories":[119,4898,4910],"tags":[669,6158,5940],"region_news_regions":[],"content_category":[],"ppma_author":[5657],"class_list":{"0":"post-166590","1":"page","2":"type-page","3":"status-publish","4":"hentry","5":"category-quienes-somos","6":"category-strong-internet","7":"category-fortalecimiento-de-internet","8":"tag-actionplan","10":"tag-plan-de-accion"},"acf":[],"uagb_featured_image_src":{"full":false,"thumbnail":false,"medium":false,"medium_large":false,"large":false,"1536x1536":false,"2048x2048":false,"post-thumbnail":false,"square":false,"gform-image-choice-sm":false,"gform-image-choice-md":false,"gform-image-choice-lg":false},"uagb_author_info":{"display_name":"Jelena Mirkovic","author_link":"https:\/\/www.internetsociety.org\/es\/author\/"},"uagb_comment_info":0,"uagb_excerpt":"Destacados acad\u00e9micos, investigadores y profesionales de la seguridad compartir\u00e1n \u00faltimos conocimientos sobre seguridad.Desde 1993, el Simposio (NDSS) ha sido una de las conferencias de seguridad m\u00e1s importantes del mundo, donde los expertos intercambian ideas y discuten investigaciones de primer nivel revisadas por pares. Explore el archivo de trabajos aceptados.","_links":{"self":[{"href":"https:\/\/www.internetsociety.org\/es\/wp-json\/wp\/v2\/pages\/166590","targetHints":{"allow":["GET"]}}],"collection":[{"href":"https:\/\/www.internetsociety.org\/es\/wp-json\/wp\/v2\/pages"}],"about":[{"href":"https:\/\/www.internetsociety.org\/es\/wp-json\/wp\/v2\/types\/page"}],"author":[{"embeddable":true,"href":"https:\/\/www.internetsociety.org\/es\/wp-json\/wp\/v2\/users\/1720"}],"replies":[{"embeddable":true,"href":"https:\/\/www.internetsociety.org\/es\/wp-json\/wp\/v2\/comments?post=166590"}],"version-history":[{"count":0,"href":"https:\/\/www.internetsociety.org\/es\/wp-json\/wp\/v2\/pages\/166590\/revisions"}],"up":[{"embeddable":true,"href":"https:\/\/www.internetsociety.org\/es\/wp-json\/wp\/v2\/pages\/223313"}],"wp:attachment":[{"href":"https:\/\/www.internetsociety.org\/es\/wp-json\/wp\/v2\/media?parent=166590"}],"wp:term":[{"taxonomy":"category","embeddable":true,"href":"https:\/\/www.internetsociety.org\/es\/wp-json\/wp\/v2\/categories?post=166590"},{"taxonomy":"post_tag","embeddable":true,"href":"https:\/\/www.internetsociety.org\/es\/wp-json\/wp\/v2\/tags?post=166590"},{"taxonomy":"region_news_regions","embeddable":true,"href":"https:\/\/www.internetsociety.org\/es\/wp-json\/wp\/v2\/region_news_regions?post=166590"},{"taxonomy":"content_category","embeddable":true,"href":"https:\/\/www.internetsociety.org\/es\/wp-json\/wp\/v2\/content_category?post=166590"},{"taxonomy":"author","embeddable":true,"href":"https:\/\/www.internetsociety.org\/es\/wp-json\/wp\/v2\/ppma_author?post=166590"}],"curies":[{"name":"wp","href":"https:\/\/api.w.org\/{rel}","templated":true}]}}