{"id":166223,"date":"2022-03-22T09:58:48","date_gmt":"2022-03-22T09:58:48","guid":{"rendered":"https:\/\/www.internetsociety.org\/?page_id=166223"},"modified":"2025-09-19T18:05:07","modified_gmt":"2025-09-19T18:05:07","slug":"becas-de-mitad-de-carrera","status":"publish","type":"page","link":"https:\/\/www.internetsociety.org\/es\/fellowships\/mid-career\/","title":{"rendered":"Becas de Mitad de Carrera"},"content":{"rendered":"\n<div class=\"wp-block-cover is-light has-background-dim-20 has-depth-blue-background-color has-background-dim\" style=\"min-height:600px;aspect-ratio:unset;\"><img decoding=\"async\" class=\"wp-block-cover__image-background wp-image-166103\" alt=\"Man with long hair smiling walking between the lines at an event\" src=\"https:\/\/www.internetsociety.org\/wp-content\/uploads\/2022\/03\/Fellows-mid-e1647859347233.jpg\" style=\"object-position:50% 50%\" data-object-fit=\"cover\" data-object-position=\"50% 50%\"\/><span aria-hidden=\"true\" class=\"wp-block-cover__background has-background-dim-0 has-background-dim\"><\/span><div class=\"wp-block-cover__inner-container is-layout-flow wp-block-cover-is-layout-flow\">\n<p class=\"has-text-align-center has-large-font-size\"><\/p>\n<\/div><\/div>\n\n\n\n<section class=\"wp-block-uagb-columns uagb-columns__wrap uagb-columns__background-color uagb-columns__stack-mobile uagb-columns__valign- uagb-columns__gap-10 align uagb-block-483db077 uagb-columns__columns-2 uagb-columns__max_width-theme\"><div class=\"uagb-columns__overlay\"><\/div><div class=\"uagb-columns__inner-wrap uagb-columns__columns-2\">\n<div class=\"wp-block-uagb-column uagb-column__wrap uagb-column__background-color uagb-block-a520f38e\"><div class=\"uagb-column__overlay\"><\/div>\n<h1 class=\"wp-block-heading has-accent-purple-color has-text-color uag-hide-desktop uag-hide-tab\">Becas de Mitad de Carrera<\/h1>\n\n\n\n<div style=\"height:20px\" aria-hidden=\"true\" class=\"wp-block-spacer uag-hide-desktop uag-hide-tab\"><\/div>\n\n\n\n<section class=\"wp-block-uagb-columns uagb-columns__wrap uagb-columns__background-color uagb-columns__stack-mobile uagb-columns__valign- uagb-columns__gap-10 align uagb-block-d419938b uagb-columns__columns-1 uagb-columns__max_width-theme background-image-fallback-black\"><div class=\"uagb-columns__overlay\"><\/div><div class=\"uagb-columns__inner-wrap uagb-columns__columns-1\">\n<div class=\"wp-block-uagb-column uagb-column__wrap uagb-column__background-undefined uagb-block-595c3f5a\"><div class=\"uagb-column__overlay\"><\/div>\n<h2 class=\"wp-block-heading has-neutral-white-color has-text-color has-28-font-size\" id=\"at-a-glance\">En un vistazo<\/h2>\n\n\n\n<div style=\"height:20px\" aria-hidden=\"true\" class=\"wp-block-spacer\"><\/div>\n\n\n\n<p class=\"has-neutral-white-color has-text-color has-18-font-size\">Estado actual:<br>cerrado<\/p>\n\n\n\n<p class=\"has-neutral-white-color has-text-color has-18-font-size\"><\/p>\n\n\n\n<div class=\"wp-block-buttons is-content-justification-left is-layout-flex wp-container-core-buttons-is-layout-fdcfc74e wp-block-buttons-is-layout-flex\">\n<div class=\"wp-block-button is-style-fill\"><a class=\"wp-block-button__link has-accent-purple-color has-neutral-white-background-color has-text-color has-background wp-element-button\" href=\"https:\/\/www.internetsociety.org\/fellowships\/mid-career\/\"><strong><strong>M\u00e1s informaci\u00f3n<\/strong><\/strong><\/a><\/div>\n<\/div>\n\n\n\n<p class=\"has-neutral-white-color has-text-color has-18-font-size\"><\/p>\n<\/div>\n<\/div><\/section>\n<\/div>\n\n\n\n<div class=\"wp-block-uagb-column uagb-column__wrap uagb-column__background-undefined uagb-block-5c672ad5\"><div class=\"uagb-column__overlay\"><\/div>\n<h1 class=\"wp-block-heading has-accent-purple-color has-text-color uag-hide-mob\" id=\"early-career-fellowship\">Becas de Mitad de Carrera<\/h1>\n\n\n\n<div style=\"height:20px\" aria-hidden=\"true\" class=\"wp-block-spacer uag-hide-mob\"><\/div>\n\n\n\n<p>Anticiparse, adaptarse y abrazar el cambio acarreado por el avance tecnol\u00f3gico, requiere un mucho mayor entendimiento de las innumerables fuerzas interconectadas que dan forma a nuestra sociedades y econom\u00edas. La Beca de mitad de carrera, provee esos saberes a los l\u00edderes de hoy.<\/p>\n\n\n\n<h3 class=\"wp-block-heading has-32-font-size\">Sobre el programa<\/h3>\n\n\n\n<div style=\"height:20px\" aria-hidden=\"true\" class=\"wp-block-spacer\"><\/div>\n\n\n\n<p>La Beca de mitad de carrera ofrece, a 15 becados, acceso a expertos e instituciones educativas de nivel mundial en un programa de 7 meses, desde Junio hasta Diciembre.<\/p>\n\n\n\n<p>Equipar\u00e1 a los campeones globales de Internet que se encuentran a mitad de sus carreras, con conocimientos, habilidades y herramientas para hacer posibles liderazgos inclusivos, innovadores, hol\u00edsticos y estrat\u00e9gicos a trav\u00e9s del cambio y la disrupci\u00f3n.<\/p>\n\n\n\n<h3 class=\"wp-block-heading has-32-font-size\">\u00bfQuienes pueden aplicar?<\/h3>\n\n\n\n<div style=\"height:20px\" aria-hidden=\"true\" class=\"wp-block-spacer\"><\/div>\n\n\n\n<p>Los candidatos deben ser profesionales en roles de liderazgo que se encuentren a mitad de sus carreras, trabajando en el ecosistema de Internet en el nivel t\u00e9cnico, pol\u00edtico, econ\u00f3mico o social.&nbsp; Deben:<\/p>\n\n\n\n<ul class=\"wp-block-list\">\n<li>Contar con un t\u00edtulo Universitario y al menos 10 a\u00f1os de experiencia relevante, que incluya liderar o gestionar equipos y\/o proyectos.<\/li>\n\n\n\n<li>Tener experiencia sobre el espacio de Internet a nivel t\u00e9cnico, pol\u00edtico, societario u otro.&nbsp;<\/li>\n\n\n\n<li>Trabajar en una posici\u00f3n\/organizaci\u00f3n que este abordando desaf\u00edos digitales o afrontando la disrupci\u00f3n y transformaci\u00f3n digital.<\/li>\n\n\n\n<li>Querer resolver problemas, trabajar en equipos multi-disciplinarios y adquirir nuevos conocimientos y habilidades.<\/li>\n\n\n\n<li>Querer asegurarse de que Internet permanezca abierta, globalmente conectada, segura y confiable.<\/li>\n\n\n\n<li>Tener acceso confiable a una conexi\u00f3n de Internet de banda ancha y dispositivos relevantes.<\/li>\n\n\n\n<li>Tener posibilidades de participar por seis horas semanales -aproximadamente- durante siete meses.<\/li>\n\n\n\n<li>Tener competencia en ingl\u00e9s oral y escrito.<\/li>\n\n\n\n<li>Ser miembros de&nbsp;Internet&nbsp;Society&nbsp;<\/li>\n<\/ul>\n\n\n\n<div style=\"height:20px\" aria-hidden=\"true\" class=\"wp-block-spacer\"><\/div>\n\n\n\n<h2 class=\"wp-block-heading has-accent-purple-color has-text-color has-26-font-size\"><span style=\"line-height: 1.4\"><span class=\"tadv-color\" style=\"color:#7e245c\">Si cumple con estos requisitos, visite la <a href=\"https:\/\/www.internetsociety.org\/fellowships\/mid-career\/\"><span style=\"text-decoration: underline;\">p\u00e1gina web en ingl\u00e9s.<\/span><\/a><\/span><\/span><\/h2>\n<\/div>\n<\/div><\/section>\n\n\n\n<p class=\"has-text-align-center has-neutral-white-color has-ground-navy-background-color has-text-color has-background has-12-font-size\">Cr\u00e9dito de la imagen principal: \u00a9Frederic Courbet\/Panos Pictures<\/p>\n","protected":false},"excerpt":{"rendered":"<p><b>Lleve su carrera al pr\u00f3ximo nivel y defienda la Internet del ma\u00f1ana.<\/b><br \/>\nLos campeones globales de Internet de mitad de carrera obtendr\u00e1n el conocimiento, las habilidades y las herramientas para permitir un liderazgo inclusivo, innovador, hol\u00edstico y estrat\u00e9gico. Aplica hoy.<\/p>\n","protected":false},"author":46,"featured_media":167528,"parent":224073,"menu_order":0,"comment_status":"closed","ping_status":"closed","template":"page-wide.php","meta":{"_acf_changed":false,"_uag_custom_page_level_css":"","footnotes":""},"categories":[5694,5675,119],"tags":[6150,6149],"region_news_regions":[6030],"content_category":[],"ppma_author":[4057],"class_list":["post-166223","page","type-page","status-publish","has-post-thumbnail","hentry","category-comunidad","category-dar-forma-a-la-internet-del-futuro","category-quienes-somos","tag-becas","tag-exalumnos","region_news_regions-global"],"acf":[],"uagb_featured_image_src":{"full":["https:\/\/www.internetsociety.org\/wp-content\/uploads\/2022\/04\/Fellows-mid-small.jpeg",600,275,false],"thumbnail":["https:\/\/www.internetsociety.org\/wp-content\/uploads\/2022\/04\/Fellows-mid-small-150x150.jpeg",150,150,true],"medium":["https:\/\/www.internetsociety.org\/wp-content\/uploads\/2022\/04\/Fellows-mid-small-450x206.jpeg",450,206,true],"medium_large":["https:\/\/www.internetsociety.org\/wp-content\/uploads\/2022\/04\/Fellows-mid-small.jpeg",600,275,false],"large":["https:\/\/www.internetsociety.org\/wp-content\/uploads\/2022\/04\/Fellows-mid-small.jpeg",600,275,false],"1536x1536":["https:\/\/www.internetsociety.org\/wp-content\/uploads\/2022\/04\/Fellows-mid-small.jpeg",600,275,false],"2048x2048":["https:\/\/www.internetsociety.org\/wp-content\/uploads\/2022\/04\/Fellows-mid-small.jpeg",600,275,false],"post-thumbnail":["https:\/\/www.internetsociety.org\/wp-content\/uploads\/2022\/04\/Fellows-mid-small-250x115.jpeg",250,115,true],"square":["https:\/\/www.internetsociety.org\/wp-content\/uploads\/2022\/04\/Fellows-mid-small.jpeg",600,275,false],"gform-image-choice-sm":["https:\/\/www.internetsociety.org\/wp-content\/uploads\/2022\/04\/Fellows-mid-small.jpeg",300,138,false],"gform-image-choice-md":["https:\/\/www.internetsociety.org\/wp-content\/uploads\/2022\/04\/Fellows-mid-small.jpeg",400,183,false],"gform-image-choice-lg":["https:\/\/www.internetsociety.org\/wp-content\/uploads\/2022\/04\/Fellows-mid-small.jpeg",600,275,false]},"uagb_author_info":{"display_name":"Ivana Trbovic","author_link":"https:\/\/www.internetsociety.org\/es\/author\/trbovic\/"},"uagb_comment_info":0,"uagb_excerpt":"Lleve su carrera al pr\u00f3ximo nivel y defienda la Internet del ma\u00f1ana. Los campeones globales de Internet de mitad de carrera obtendr\u00e1n el conocimiento, las habilidades y las herramientas para permitir un liderazgo inclusivo, innovador, hol\u00edstico y estrat\u00e9gico. Aplica hoy.","_links":{"self":[{"href":"https:\/\/www.internetsociety.org\/es\/wp-json\/wp\/v2\/pages\/166223","targetHints":{"allow":["GET"]}}],"collection":[{"href":"https:\/\/www.internetsociety.org\/es\/wp-json\/wp\/v2\/pages"}],"about":[{"href":"https:\/\/www.internetsociety.org\/es\/wp-json\/wp\/v2\/types\/page"}],"author":[{"embeddable":true,"href":"https:\/\/www.internetsociety.org\/es\/wp-json\/wp\/v2\/users\/46"}],"replies":[{"embeddable":true,"href":"https:\/\/www.internetsociety.org\/es\/wp-json\/wp\/v2\/comments?post=166223"}],"version-history":[{"count":0,"href":"https:\/\/www.internetsociety.org\/es\/wp-json\/wp\/v2\/pages\/166223\/revisions"}],"up":[{"embeddable":true,"href":"https:\/\/www.internetsociety.org\/es\/wp-json\/wp\/v2\/pages\/224073"}],"wp:featuredmedia":[{"embeddable":true,"href":"https:\/\/www.internetsociety.org\/es\/wp-json\/wp\/v2\/media\/167528"}],"wp:attachment":[{"href":"https:\/\/www.internetsociety.org\/es\/wp-json\/wp\/v2\/media?parent=166223"}],"wp:term":[{"taxonomy":"category","embeddable":true,"href":"https:\/\/www.internetsociety.org\/es\/wp-json\/wp\/v2\/categories?post=166223"},{"taxonomy":"post_tag","embeddable":true,"href":"https:\/\/www.internetsociety.org\/es\/wp-json\/wp\/v2\/tags?post=166223"},{"taxonomy":"region_news_regions","embeddable":true,"href":"https:\/\/www.internetsociety.org\/es\/wp-json\/wp\/v2\/region_news_regions?post=166223"},{"taxonomy":"content_category","embeddable":true,"href":"https:\/\/www.internetsociety.org\/es\/wp-json\/wp\/v2\/content_category?post=166223"},{"taxonomy":"author","embeddable":true,"href":"https:\/\/www.internetsociety.org\/es\/wp-json\/wp\/v2\/ppma_author?post=166223"}],"curies":[{"name":"wp","href":"https:\/\/api.w.org\/{rel}","templated":true}]}}