{"id":162659,"date":"2018-11-10T02:15:27","date_gmt":"2018-11-10T02:15:27","guid":{"rendered":"https:\/\/www.internetsociety.org\/fundacion\/"},"modified":"2023-10-11T12:29:28","modified_gmt":"2023-10-11T12:29:28","slug":"fundacion","status":"publish","type":"page","link":"https:\/\/www.internetsociety.org\/es\/fundacion\/","title":{"rendered":"Fundaci\u00f3n Internet Society"},"content":{"rendered":"\n<section class=\"wp-block-uagb-columns uagb-columns__wrap uagb-columns__background-image uagb-columns__stack-mobile uagb-columns__valign- uagb-columns__gap-10 align uagb-block-a046b7b6 uagb-columns__columns-1 uagb-columns__max_width-theme background-image-fallback-black\"><div class=\"uagb-columns__overlay\"><\/div><div class=\"uagb-columns__inner-wrap uagb-columns__columns-1\">\n<div class=\"wp-block-uagb-column uagb-column__wrap uagb-column__background-undefined uagb-block-dea12069\"><div class=\"uagb-column__overlay\"><\/div>\n<div style=\"height:100px\" aria-hidden=\"true\" class=\"wp-block-spacer\"><\/div>\n\n\n\n<h1 class=\"wp-block-heading has-neutral-white-color has-text-color\">Fundaci\u00f3n Internet Society<\/h1>\n\n\n\n<div style=\"height:100px\" aria-hidden=\"true\" class=\"wp-block-spacer\"><\/div>\n<\/div>\n<\/div><\/section>\n\n\n\n<div class=\"wp-block-columns is-layout-flex wp-container-core-columns-is-layout-9d6595d7 wp-block-columns-is-layout-flex\">\n<div class=\"wp-block-column is-layout-flow wp-block-column-is-layout-flow\" style=\"flex-basis:10%\"><\/div>\n\n\n\n<div class=\"wp-block-column is-layout-flow wp-block-column-is-layout-flow\" style=\"flex-basis:80%\">\n<div style=\"height:40px\" aria-hidden=\"true\" class=\"wp-block-spacer\"><\/div>\n\n\n\n<h2 class=\"wp-block-heading has-accent-purple-color has-text-color\">A lo largo de los a\u00f1os, Internet Society ha apoyado el trabajo inspirador de personas que creen en el poder de Internet. <\/h2>\n\n\n\n<div style=\"height:40px\" aria-hidden=\"true\" class=\"wp-block-spacer\"><\/div>\n\n\n\n<p class=\"has-18-font-size\">La creaci\u00f3n de la Fundaci\u00f3n Internet Society fue un hito importante para nuestra organizaci\u00f3n y para nuestro trabajo a favor de un Internet m\u00e1s grande y m\u00e1s fuerte para todos. Reflejaba el siguiente paso en nuestros programas de concesi\u00f3n de subvenciones y abr\u00eda nuevas oportunidades para iniciativas estrechamente alineadas con nuestra misi\u00f3n.<\/p>\n\n\n\n<p class=\"has-18-font-size\">Como fuente central de todos los <a href=\"https:\/\/www.isocfoundation.org\/es\/programas-de-subvenciones\/\" target=\"_blank\" rel=\"noreferrer noopener\">programas de subvenciones<\/a>, la Fundaci\u00f3n Internet Society ofrece financiaci\u00f3n para nuestra comunidad y ampl\u00eda nuestro alcance a nuevas \u00e1reas en las que podemos tener un impacto positivo a trav\u00e9s de la filantrop\u00eda. Fundada como organizaci\u00f3n de apoyo a Internet Society, la Fundaci\u00f3n Internet Society ha seguido evolucionando, asumiendo recientemente un papel m\u00e1s importante en el mantenimiento y la promoci\u00f3n del trabajo realizado por Internet Society.<\/p>\n\n\n\n<div style=\"height:10px\" aria-hidden=\"true\" class=\"wp-block-spacer\"><\/div>\n\n\n\n<div class=\"wp-block-buttons is-vertical is-layout-flex wp-container-core-buttons-is-layout-8cf370e7 wp-block-buttons-is-layout-flex\">\n<div class=\"wp-block-button\"><a class=\"wp-block-button__link has-white-color has-accent-purple-background-color has-text-color has-background wp-element-button\" href=\"https:\/\/www.isocfoundation.org\/\">Sigue leyendo sobre la Fundaci\u00f3n y su trabajo<\/a><\/div>\n<\/div>\n\n\n\n<div style=\"height:30px\" aria-hidden=\"true\" class=\"wp-block-spacer\"><\/div>\n<\/div>\n\n\n\n<div class=\"wp-block-column is-layout-flow wp-block-column-is-layout-flow\" style=\"flex-basis:10%\"><\/div>\n<\/div>\n\n\n\n<p class=\"has-text-align-center has-neutral-white-color has-ground-navy-background-color has-text-color has-background has-12-font-size\">Derecho de autor: \u00a9<em style=\"font-size: 14px;\"> <\/em>Roopa Gogineni \/ Panos Pictures<\/p>\n","protected":false},"excerpt":{"rendered":"<p>Fundaci\u00f3n Internet Society A lo largo de los a\u00f1os, Internet Society ha apoyado el trabajo inspirador de personas que creen en el poder de Internet. La creaci\u00f3n de la Fundaci\u00f3n Internet Society fue un hito importante para nuestra organizaci\u00f3n y para nuestro trabajo a favor de un Internet m\u00e1s grande y m\u00e1s fuerte para todos. [&hellip;]<\/p>\n","protected":false},"author":14,"featured_media":0,"parent":0,"menu_order":0,"comment_status":"closed","ping_status":"closed","template":"page-wide.php","meta":{"_acf_changed":false,"_uag_custom_page_level_css":"","footnotes":""},"categories":[119],"tags":[],"region_news_regions":[],"content_category":[],"ppma_author":[4048],"class_list":["post-162659","page","type-page","status-publish","hentry","category-quienes-somos"],"acf":[],"uagb_featured_image_src":{"full":false,"thumbnail":false,"medium":false,"medium_large":false,"large":false,"1536x1536":false,"2048x2048":false,"post-thumbnail":false,"square":false,"gform-image-choice-sm":false,"gform-image-choice-md":false,"gform-image-choice-lg":false},"uagb_author_info":{"display_name":"Dan York","author_link":"https:\/\/www.internetsociety.org\/es\/author\/york\/"},"uagb_comment_info":0,"uagb_excerpt":"Fundaci\u00f3n Internet Society A lo largo de los a\u00f1os, Internet Society ha apoyado el trabajo inspirador de personas que creen en el poder de Internet. La creaci\u00f3n de la Fundaci\u00f3n Internet Society fue un hito importante para nuestra organizaci\u00f3n y para nuestro trabajo a favor de un Internet m\u00e1s grande y m\u00e1s fuerte para todos.&hellip;","_links":{"self":[{"href":"https:\/\/www.internetsociety.org\/es\/wp-json\/wp\/v2\/pages\/162659","targetHints":{"allow":["GET"]}}],"collection":[{"href":"https:\/\/www.internetsociety.org\/es\/wp-json\/wp\/v2\/pages"}],"about":[{"href":"https:\/\/www.internetsociety.org\/es\/wp-json\/wp\/v2\/types\/page"}],"author":[{"embeddable":true,"href":"https:\/\/www.internetsociety.org\/es\/wp-json\/wp\/v2\/users\/14"}],"replies":[{"embeddable":true,"href":"https:\/\/www.internetsociety.org\/es\/wp-json\/wp\/v2\/comments?post=162659"}],"version-history":[{"count":0,"href":"https:\/\/www.internetsociety.org\/es\/wp-json\/wp\/v2\/pages\/162659\/revisions"}],"wp:attachment":[{"href":"https:\/\/www.internetsociety.org\/es\/wp-json\/wp\/v2\/media?parent=162659"}],"wp:term":[{"taxonomy":"category","embeddable":true,"href":"https:\/\/www.internetsociety.org\/es\/wp-json\/wp\/v2\/categories?post=162659"},{"taxonomy":"post_tag","embeddable":true,"href":"https:\/\/www.internetsociety.org\/es\/wp-json\/wp\/v2\/tags?post=162659"},{"taxonomy":"region_news_regions","embeddable":true,"href":"https:\/\/www.internetsociety.org\/es\/wp-json\/wp\/v2\/region_news_regions?post=162659"},{"taxonomy":"content_category","embeddable":true,"href":"https:\/\/www.internetsociety.org\/es\/wp-json\/wp\/v2\/content_category?post=162659"},{"taxonomy":"author","embeddable":true,"href":"https:\/\/www.internetsociety.org\/es\/wp-json\/wp\/v2\/ppma_author?post=162659"}],"curies":[{"name":"wp","href":"https:\/\/api.w.org\/{rel}","templated":true}]}}