{"id":161238,"date":"2021-12-01T13:29:39","date_gmt":"2021-12-01T13:29:39","guid":{"rendered":"https:\/\/www.internetsociety.org\/?page_id=161238"},"modified":"2026-03-13T16:59:15","modified_gmt":"2026-03-13T16:59:15","slug":"proximos-eventos","status":"publish","type":"page","link":"https:\/\/www.internetsociety.org\/es\/events\/upcoming\/","title":{"rendered":"Asista a un Evento"},"content":{"rendered":"\n<section class=\"wp-block-uagb-columns uagb-columns__wrap uagb-columns__background-color uagb-columns__stack-tablet uagb-columns__valign-top uagb-columns__gap-10 align uagb-block-70afd3e2 uagb-columns__columns-1 uagb-columns__max_width-theme uag-hide-desktop uag-hide-tab\"><div class=\"uagb-columns__overlay\"><\/div><div class=\"uagb-columns__inner-wrap uagb-columns__columns-1\">\n<div class=\"wp-block-uagb-column uagb-column__wrap uagb-column__background-color uagb-block-1c88c709 animated fadeIn slow\"><div class=\"uagb-column__overlay\"><\/div>\n<h1 class=\"wp-block-heading\">Eventos<\/h1>\n\n\n\n<div style=\"height:30px\" aria-hidden=\"true\" class=\"wp-block-spacer\"><\/div>\n\n\n\n<figure class=\"wp-block-image size-full uag-hide-desktop\"><img loading=\"lazy\" decoding=\"async\" width=\"1000\" height=\"450\" src=\"https:\/\/www.internetsociety.org\/wp-content\/uploads\/2024\/05\/Medium-_DSC7643-e1715264549436.jpg\" alt=\"personas en una conferencia escuchando\" class=\"wp-image-210180\" srcset=\"https:\/\/www.internetsociety.org\/wp-content\/uploads\/2024\/05\/Medium-_DSC7643-e1715264549436.jpg 1000w, https:\/\/www.internetsociety.org\/wp-content\/uploads\/2024\/05\/Medium-_DSC7643-e1715264549436-450x203.jpg 450w, https:\/\/www.internetsociety.org\/wp-content\/uploads\/2024\/05\/Medium-_DSC7643-e1715264549436-768x346.jpg 768w, https:\/\/www.internetsociety.org\/wp-content\/uploads\/2024\/05\/Medium-_DSC7643-e1715264549436-250x113.jpg 250w\" sizes=\"auto, (max-width: 1000px) 100vw, 1000px\" \/><\/figure>\n<\/div>\n<\/div><\/section>\n\n\n\n<section class=\"wp-block-uagb-columns uagb-columns__wrap uagb-columns__background-image uagb-columns__stack-mobile uagb-columns__valign- uagb-columns__gap-10 align uagb-block-d6a40f3e uagb-columns__columns-1 uagb-columns__max_width-custom background-image-fallback-black uag-hide-mob\"><div class=\"uagb-columns__overlay\"><\/div><div class=\"uagb-columns__inner-wrap uagb-columns__columns-1\">\n<div class=\"wp-block-uagb-column uagb-column__wrap uagb-column__background-undefined uagb-block-87a6a79b\"><div class=\"uagb-column__overlay\"><\/div>\n<h1 class=\"wp-block-heading has-text-color has-link-color wp-elements-60f971cb5b313af1195a2dc5e108051f\" style=\"color:#ffffff\">Eventos<\/h1>\n<\/div>\n<\/div><\/section>\n\n\n\n<section class=\"wp-block-uagb-columns uagb-columns__wrap uagb-columns__background-color uagb-columns__stack-tablet uagb-columns__valign- uagb-columns__gap-10 align uagb-block-29daa086 uagb-columns__columns-1 uagb-columns__max_width-custom\"><div class=\"uagb-columns__overlay\"><\/div><div class=\"uagb-columns__inner-wrap uagb-columns__columns-1\">\n<div class=\"wp-block-uagb-column uagb-column__wrap uagb-column__background-undefined uagb-block-48634806\"><div class=\"uagb-column__overlay\"><\/div>\n<h2 class=\"wp-block-heading has-text-align-left has-depth-blue-color has-text-color has-32-font-size\"><strong>Relaci\u00f3nese con personas en el coraz\u00f3n de Internet.<\/strong><\/h2>\n\n\n\n<div style=\"height:40px\" aria-hidden=\"true\" class=\"wp-block-spacer\"><\/div>\n\n\n\n<h3 class=\"wp-block-heading has-32-font-size uag-hide-tab uag-hide-mob\">Eventos Destacados<\/h3>\n\n\n\n<h3 class=\"wp-block-heading uag-hide-desktop\">Eventos Destacados<\/h3>\n\n\n\n<div style=\"height:20px\" aria-hidden=\"true\" class=\"wp-block-spacer\"><\/div>\n\n\n\n<section class=\"wp-block-uagb-columns uagb-columns__wrap uagb-columns__background-none uagb-columns__stack-tablet uagb-columns__valign-top uagb-columns__gap-10 align uagb-block-0c8abc1f uagb-columns__columns-3 uagb-columns__max_width-custom\"><div class=\"uagb-columns__overlay\"><\/div><div class=\"uagb-columns__inner-wrap uagb-columns__columns-3\">\n<div class=\"wp-block-uagb-column uagb-column__wrap uagb-column__background-color uagb-block-c5cbb46e\"><div class=\"uagb-column__overlay\"><\/div>\n<figure class=\"wp-block-image size-full is-style-default margin-bottom-0 vertical-align-bottom\"><img decoding=\"async\" src=\"https:\/\/www.internetsociety.org\/wp-content\/uploads\/2021\/12\/GEC_background_450.png\" alt=\"Cuadrados de diferentes colores.\" class=\"wp-image-246306\" style=\"aspect-ratio:3\/2;object-fit:cover\"\/><\/figure>\n\n\n\n<div style=\"height:20px\" aria-hidden=\"true\" class=\"wp-block-spacer\"><\/div>\n\n\n\n<div class=\"wp-block-uagb-info-box uagb-block-7475369c uagb-infobox__content-wrap  uagb-infobox_cta-type-all uagb-infobox-icon-above-title uagb-infobox-image-valign-top\"><a href=\"https:\/\/www.globalencryption.org\/events\/ged\/\" class=\"uagb-infobox-link-wrap uagb-infbox__link-to-all\" target=\"_self\" aria-label=\"Infobox Link\" rel=\"noopener noreferrer\" onclick=\"return true;\"><\/a><div class=\"uagb-ifb-content\"><div class=\"uagb-ifb-title-wrap\"><h3 class=\"uagb-ifb-title\">D\u00eda Mundial del Cifrado<\/h3><\/div><p class=\"uagb-ifb-desc\">Dice a los gobiernos de todo el mundo que proteger y fortalecer el cifrado es fundamental para hacer que Internet sea m\u00e1s segura para sus ciudadanos.<\/p><div class=\"uagb-ifb-button-wrapper wp-block-button\"><\/div><\/div><\/div>\n<\/div>\n\n\n\n<div class=\"wp-block-uagb-column uagb-column__wrap uagb-column__background-color uagb-block-74b7a2c7\"><div class=\"uagb-column__overlay\"><\/div>\n<figure class=\"wp-block-image size-full is-style-default margin-bottom-0 vertical-align-bottom\"><img decoding=\"async\" src=\"https:\/\/www.internetsociety.org\/wp-content\/uploads\/2025\/03\/Medium-62.jpg\" alt=\"Un grupo de personas conversa en un evento animado.\" class=\"wp-image-246307\" style=\"aspect-ratio:3\/2;object-fit:cover\"\/><\/figure>\n\n\n\n<div style=\"height:20px\" aria-hidden=\"true\" class=\"wp-block-spacer\"><\/div>\n\n\n\n<div class=\"wp-block-uagb-info-box uagb-block-8987a0a2 uagb-infobox__content-wrap  uagb-infobox_cta-type-all uagb-infobox-icon-above-title uagb-infobox-image-valign-top\"><a href=\"https:\/\/www.internetsociety.org\/events\/isoc-at-events-2026\/\" class=\"uagb-infobox-link-wrap uagb-infbox__link-to-all\" target=\"_self\" aria-label=\"Infobox Link\" rel=\"noopener noreferrer\" onclick=\"return true;\"><\/a><div class=\"uagb-ifb-content\"><div class=\"uagb-ifb-title-wrap\"><h3 class=\"uagb-ifb-title\">Eventos ISOC@ 2026<\/h3><\/div><p class=\"uagb-ifb-desc\">Los eventos de ISOC@ ofrecen a los miembros de Internet Society la oportunidad de conectar con sus pares, representantes de los cap\u00edtulos, representantes de las organizaciones asociadas, miembros de la Junta Directiva, el personal de Internet Society y las partes interesadas clave.<\/p><div class=\"uagb-ifb-button-wrapper wp-block-button\"><\/div><\/div><\/div>\n<\/div>\n\n\n\n<div class=\"wp-block-uagb-column uagb-column__wrap uagb-column__background-color uagb-block-4d8f3576\"><div class=\"uagb-column__overlay\"><\/div>\n<figure class=\"wp-block-image size-full is-style-default margin-bottom-0 vertical-align-bottom\"><img decoding=\"async\" src=\"https:\/\/www.internetsociety.org\/wp-content\/uploads\/2026\/01\/woman-computer-screen-1.jpg\" alt=\"Una mujer sentada a una mesa, concentrada en su port\u00e1til mientras trabaja o estudia.\" class=\"wp-image-246304\" style=\"aspect-ratio:3\/2;object-fit:cover\"\/><\/figure>\n\n\n\n<div style=\"height:20px\" aria-hidden=\"true\" class=\"wp-block-spacer\"><\/div>\n\n\n\n<div class=\"wp-block-uagb-info-box uagb-block-4fea2dee uagb-infobox__content-wrap  uagb-infobox_cta-type-all uagb-infobox-icon-above-title uagb-infobox-image-valign-top\"><a href=\"https:\/\/www.internetsociety.org\/events\/community-calls-2026\/\" class=\"uagb-infobox-link-wrap uagb-infbox__link-to-all\" target=\"_self\" aria-label=\"Infobox Link\" rel=\"noopener noreferrer\" onclick=\"return true;\"><\/a><div class=\"uagb-ifb-content\"><div class=\"uagb-ifb-title-wrap\"><h3 class=\"uagb-ifb-title\">Llamadas de la Comunidad 2026<\/h3><\/div><p class=\"uagb-ifb-desc\">\u00danase a nosotros para impulsar acciones colectivas en todo el ecosistema de Internet y destacar los logros de nuestra comunidad.<\/p><div class=\"uagb-ifb-button-wrapper wp-block-button\"><\/div><\/div><\/div>\n<\/div>\n<\/div><\/section>\n\n\n\n<section class=\"wp-block-uagb-columns uagb-columns__wrap uagb-columns__background-none uagb-columns__stack-tablet uagb-columns__valign-top uagb-columns__gap-10 align uagb-block-48db6465 uagb-columns__columns-3 uagb-columns__max_width-custom\"><div class=\"uagb-columns__overlay\"><\/div><div class=\"uagb-columns__inner-wrap uagb-columns__columns-3\">\n<div class=\"wp-block-uagb-column uagb-column__wrap uagb-column__background-color uagb-block-6b97c79e\"><div class=\"uagb-column__overlay\"><\/div>\n<figure class=\"wp-block-image size-full is-style-default margin-bottom-0 vertical-align-bottom\"><img loading=\"lazy\" decoding=\"async\" width=\"1000\" height=\"667\" src=\"https:\/\/www.internetsociety.org\/wp-content\/uploads\/2025\/03\/Medium-AFPIF-270.jpg\" alt=\"Un hombre y una mujer se dan la mano sonriendo.\" class=\"wp-image-222882\" style=\"aspect-ratio:3\/2;object-fit:cover\" srcset=\"https:\/\/www.internetsociety.org\/wp-content\/uploads\/2025\/03\/Medium-AFPIF-270.jpg 1000w, https:\/\/www.internetsociety.org\/wp-content\/uploads\/2025\/03\/Medium-AFPIF-270-450x300.jpg 450w, https:\/\/www.internetsociety.org\/wp-content\/uploads\/2025\/03\/Medium-AFPIF-270-768x512.jpg 768w, https:\/\/www.internetsociety.org\/wp-content\/uploads\/2025\/03\/Medium-AFPIF-270-250x167.jpg 250w\" sizes=\"auto, (max-width: 1000px) 100vw, 1000px\" \/><\/figure>\n\n\n\n<div style=\"height:20px\" aria-hidden=\"true\" class=\"wp-block-spacer\"><\/div>\n\n\n\n<div class=\"wp-block-uagb-info-box uagb-block-631a0812 uagb-infobox__content-wrap  uagb-infobox_cta-type-all uagb-infobox-icon-above-title uagb-infobox-image-valign-top\"><a href=\"https:\/\/www.internetsociety.org\/events\/peering-roadshows\/\" class=\"uagb-infobox-link-wrap uagb-infbox__link-to-all\" target=\"_self\" aria-label=\"Infobox Link\" rel=\"noopener noreferrer\" onclick=\"return true;\"><\/a><div class=\"uagb-ifb-content\"><div class=\"uagb-ifb-title-wrap\"><h3 class=\"uagb-ifb-title\">Peering Roadshows<\/h3><\/div><p class=\"uagb-ifb-desc\">Eventos en los que los administradores de redes pueden aprender mejores pr\u00e1cticas para mantener una conectividad local confiable y asequible, conectar con otros expertos locales y fortalecer sus habilidades t\u00e9cnicas.<\/p><div class=\"uagb-ifb-button-wrapper wp-block-button\"><\/div><\/div><\/div>\n<\/div>\n\n\n\n<div class=\"wp-block-uagb-column uagb-column__wrap uagb-column__background-color uagb-block-20d62d34\"><div class=\"uagb-column__overlay\"><\/div>\n<figure class=\"wp-block-image size-full is-style-default margin-bottom-0 vertical-align-bottom\"><img loading=\"lazy\" decoding=\"async\" width=\"450\" height=\"300\" src=\"https:\/\/www.internetsociety.org\/wp-content\/uploads\/2024\/05\/conference-room-ndss.jpg\" alt=\"Personas sentadas en una sala de reuniones participando en una conferencia.\" class=\"wp-image-210244\" style=\"aspect-ratio:3\/2;object-fit:cover\" srcset=\"https:\/\/www.internetsociety.org\/wp-content\/uploads\/2024\/05\/conference-room-ndss.jpg 450w, https:\/\/www.internetsociety.org\/wp-content\/uploads\/2024\/05\/conference-room-ndss-250x167.jpg 250w\" sizes=\"auto, (max-width: 450px) 100vw, 450px\" \/><\/figure>\n\n\n\n<div style=\"height:20px\" aria-hidden=\"true\" class=\"wp-block-spacer\"><\/div>\n\n\n\n<div class=\"wp-block-uagb-info-box uagb-block-918574a3 uagb-infobox__content-wrap  uagb-infobox_cta-type-all uagb-infobox-icon-above-title uagb-infobox-image-valign-top\"><a href=\"https:\/\/internetsociety.org\/es\/action-plan\/ndss-symposium\/\" class=\"uagb-infobox-link-wrap uagb-infbox__link-to-all\" target=\"_self\" aria-label=\"Infobox Link\" rel=\"noopener noreferrer\" onclick=\"return true;\"><\/a><div class=\"uagb-ifb-content\"><div class=\"uagb-ifb-title-wrap\"><h3 class=\"uagb-ifb-title\">Symposio NDSS<\/h3><\/div><p class=\"uagb-ifb-desc\">Fomenta el intercambio de informaci\u00f3n entre investigadores y profesionales de la seguridad de redes y sistemas distribuidos.<\/p><div class=\"uagb-ifb-button-wrapper wp-block-button\"><\/div><\/div><\/div>\n<\/div>\n\n\n\n<div class=\"wp-block-uagb-column uagb-column__wrap uagb-column__background-color uagb-block-f7183249\"><div class=\"uagb-column__overlay\"><\/div>\n<figure class=\"wp-block-image size-full is-style-default margin-bottom-0 vertical-align-bottom\"><img decoding=\"async\" src=\"https:\/\/www.internetsociety.org\/wp-content\/uploads\/2025\/02\/APAC-workshop-woman-smiling.jpg\" alt=\"Una mujer con un pa\u00f1uelo en la cabeza sonr\u00ede c\u00e1lidamente mientras est\u00e1 sentada a una mesa.\" class=\"wp-image-246305\" style=\"aspect-ratio:3\/2;object-fit:cover\"\/><\/figure>\n\n\n\n<div style=\"height:20px\" aria-hidden=\"true\" class=\"wp-block-spacer\"><\/div>\n\n\n\n<div class=\"wp-block-uagb-info-box uagb-block-428ecaf1 uagb-infobox__content-wrap  uagb-infobox_cta-type-all uagb-infobox-icon-above-title uagb-infobox-image-valign-top\"><a href=\"https:\/\/www.internetsociety.org\/es\/events\/community-workshops\/\" class=\"uagb-infobox-link-wrap uagb-infbox__link-to-all\" target=\"_self\" aria-label=\"Infobox Link\" rel=\"noopener noreferrer\" onclick=\"return true;\"><\/a><div class=\"uagb-ifb-content\"><div class=\"uagb-ifb-title-wrap\"><h3 class=\"uagb-ifb-title\">Talleres comunitarios<\/h3><\/div><p class=\"uagb-ifb-desc\">Para miembros de la comunidad dise\u00f1ados para incorporar herramientas y desarrollar competencias y habilidades pr\u00e1cticas para construir y defender una Internet asequible, confiable y segura para todos.<\/p><div class=\"uagb-ifb-button-wrapper wp-block-button\"><\/div><\/div><\/div>\n<\/div>\n<\/div><\/section>\n\n\n\n<div style=\"height:20px\" aria-hidden=\"true\" class=\"wp-block-spacer\"><\/div>\n\n\n\n<h3 class=\"wp-block-heading has-32-font-size uag-hide-tab uag-hide-mob\">Pr\u00f3ximos Eventos<\/h3>\n\n\n\n<h3 class=\"wp-block-heading uag-hide-desktop\">Pr\u00f3ximos Eventos<\/h3>\n\n\n<div class=\"pt-cv-wrapper\"><div class=\"pt-cv-view pt-cv-grid pt-cv-colsys pt-cv-same-height pt-cv-pgregular\" id=\"pt-cv-view-32da5919kn\"><div data-id=\"pt-cv-page-1\" class=\"pt-cv-page cv-npf\" data-cvc=\"3\" data-cvct=\"2\" data-cvcm=\"1\"><div class=\"col-md-4 col-sm-6 col-xs-12 pt-cv-content-item pt-cv-1-col\"  data-pid=\"0\"><div class='pt-cv-ifield'><div class=\"pt-cv-no-post\">No se han encontrado entradas.<\/div><\/div><\/div><\/div><\/div><\/div>\t\t\t<style type=\"text\/css\" id=\"pt-cv-inline-style-52e50dbpu4\">#pt-cv-view-32da5919kn .pt-cv-title a, #pt-cv-view-32da5919kn  .panel-title { font-weight: 600 !important; }\n#pt-cv-view-32da5919kn .pt-cv-readmore  { color: #ffffff !important; background-color: #00aeef !important; }\n#pt-cv-view-32da5919kn .pt-cv-readmore:hover  { color: #ffffff !important; background-color: #00aeef !important; }\n#pt-cv-view-32da5919kn  + .pt-cv-pagination-wrapper .pt-cv-more , #pt-cv-view-32da5919kn  + .pt-cv-pagination-wrapper .pagination .active a, .pt-cv-pagination[data-sid='32da5919kn'] .active a { color: #3a82e4 !important; }\n#pt-cv-view-32da5919kn .img-rounded, #pt-cv-view-32da5919kn .pt-cv-hover-wrapper { -webkit-border-radius: 6px !important; -moz-border-radius: 6px !important; border-radius: 6px !important; }\n#pt-cv-view-32da5919kn .pt-cv-cap-w-img { border-bottom-left-radius: 6px !important; border-bottom-right-radius: 6px !important; }<\/style>\r\n\t\t\t\n\n\n\n<div style=\"height:40px\" aria-hidden=\"true\" class=\"wp-block-spacer\"><\/div>\n\n\n\n<div class=\"wp-block-buttons uag-hide-tab uag-hide-mob is-content-justification-right is-layout-flex wp-container-core-buttons-is-layout-1888cafc wp-block-buttons-is-layout-flex\">\n<div class=\"wp-block-button\"><a class=\"wp-block-button__link has-ground-navy-color has-neutral-putty-background-color has-text-color has-background wp-element-button\" href=\"https:\/\/www.internetsociety.org\/es\/events\/past\/\" style=\"border-radius:200px\">Ver Eventos Pasados<\/a><\/div>\n<\/div>\n\n\n\n<div class=\"wp-block-buttons uag-hide-desktop is-content-justification-center is-layout-flex wp-container-core-buttons-is-layout-5590e8cb wp-block-buttons-is-layout-flex\">\n<div class=\"wp-block-button\"><a class=\"wp-block-button__link has-ground-navy-color has-neutral-putty-background-color has-text-color has-background wp-element-button\" href=\"https:\/\/www.internetsociety.org\/es\/events\/past\/\" style=\"border-radius:200px\">Ver Eventos Pasados<\/a><\/div>\n<\/div>\n\n\n\n<div style=\"height:40px\" aria-hidden=\"true\" class=\"wp-block-spacer\"><\/div>\n<\/div>\n<\/div><\/section>\n\n\n\n<p class=\"has-text-align-center has-neutral-white-color has-ground-navy-background-color has-text-color has-background has-link-color has-12-font-size wp-elements-e04cce812d5d30aa8008edc3887c68cc\">Derechos d&#8217;autor: \u00a9Roopa Gogineni \/ Panos Pictures<\/p>\n","protected":false},"excerpt":{"rendered":"<p><b>Con\u00e9ctese con nosotros globalmente y en l\u00ednea.<\/b><br \/>\n<br \/>\nVea nuestros pr\u00f3ximos eventos para ver d\u00f3nde estaremos a continuaci\u00f3n. De forma virtual y en persona, esperamos verlo en eventos enfocados en proteger y hacer crecer Internet.<\/p>\n","protected":false},"author":46,"featured_media":246636,"parent":0,"menu_order":0,"comment_status":"closed","ping_status":"closed","template":"page-wide.php","meta":{"_acf_changed":false,"_uag_custom_page_level_css":"","footnotes":""},"categories":[119],"tags":[6310],"region_news_regions":[],"content_category":[],"ppma_author":[4057],"class_list":["post-161238","page","type-page","status-publish","has-post-thumbnail","hentry","category-quienes-somos","tag-pagina-principal"],"acf":[],"uagb_featured_image_src":{"full":["https:\/\/www.internetsociety.org\/wp-content\/uploads\/2024\/05\/Medium-_DSC7643-e1715264549436.jpg",1000,450,false],"thumbnail":["https:\/\/www.internetsociety.org\/wp-content\/uploads\/2024\/05\/Medium-_DSC7643-e1715264549436-150x150.jpg",150,150,true],"medium":["https:\/\/www.internetsociety.org\/wp-content\/uploads\/2024\/05\/Medium-_DSC7643-e1715264549436-450x203.jpg",450,203,true],"medium_large":["https:\/\/www.internetsociety.org\/wp-content\/uploads\/2024\/05\/Medium-_DSC7643-e1715264549436-768x346.jpg",768,346,true],"large":["https:\/\/www.internetsociety.org\/wp-content\/uploads\/2024\/05\/Medium-_DSC7643-e1715264549436.jpg",1000,450,false],"1536x1536":["https:\/\/www.internetsociety.org\/wp-content\/uploads\/2024\/05\/Medium-_DSC7643-e1715264549436.jpg",1000,450,false],"2048x2048":["https:\/\/www.internetsociety.org\/wp-content\/uploads\/2024\/05\/Medium-_DSC7643-e1715264549436.jpg",1000,450,false],"post-thumbnail":["https:\/\/www.internetsociety.org\/wp-content\/uploads\/2024\/05\/Medium-_DSC7643-e1715264549436-250x113.jpg",250,113,true],"square":["https:\/\/www.internetsociety.org\/wp-content\/uploads\/2024\/05\/Medium-_DSC7643-e1715264549436-600x450.jpg",600,450,true],"gform-image-choice-sm":["https:\/\/www.internetsociety.org\/wp-content\/uploads\/2024\/05\/Medium-_DSC7643-e1715264549436.jpg",300,135,false],"gform-image-choice-md":["https:\/\/www.internetsociety.org\/wp-content\/uploads\/2024\/05\/Medium-_DSC7643-e1715264549436.jpg",400,180,false],"gform-image-choice-lg":["https:\/\/www.internetsociety.org\/wp-content\/uploads\/2024\/05\/Medium-_DSC7643-e1715264549436.jpg",600,270,false]},"uagb_author_info":{"display_name":"Ivana Trbovic","author_link":"https:\/\/www.internetsociety.org\/es\/author\/trbovic\/"},"uagb_comment_info":0,"uagb_excerpt":"Con\u00e9ctese con nosotros globalmente y en l\u00ednea. Vea nuestros pr\u00f3ximos eventos para ver d\u00f3nde estaremos a continuaci\u00f3n. De forma virtual y en persona, esperamos verlo en eventos enfocados en proteger y hacer crecer Internet.","_links":{"self":[{"href":"https:\/\/www.internetsociety.org\/es\/wp-json\/wp\/v2\/pages\/161238","targetHints":{"allow":["GET"]}}],"collection":[{"href":"https:\/\/www.internetsociety.org\/es\/wp-json\/wp\/v2\/pages"}],"about":[{"href":"https:\/\/www.internetsociety.org\/es\/wp-json\/wp\/v2\/types\/page"}],"author":[{"embeddable":true,"href":"https:\/\/www.internetsociety.org\/es\/wp-json\/wp\/v2\/users\/46"}],"replies":[{"embeddable":true,"href":"https:\/\/www.internetsociety.org\/es\/wp-json\/wp\/v2\/comments?post=161238"}],"version-history":[{"count":0,"href":"https:\/\/www.internetsociety.org\/es\/wp-json\/wp\/v2\/pages\/161238\/revisions"}],"wp:featuredmedia":[{"embeddable":true,"href":"https:\/\/www.internetsociety.org\/es\/wp-json\/wp\/v2\/media\/246636"}],"wp:attachment":[{"href":"https:\/\/www.internetsociety.org\/es\/wp-json\/wp\/v2\/media?parent=161238"}],"wp:term":[{"taxonomy":"category","embeddable":true,"href":"https:\/\/www.internetsociety.org\/es\/wp-json\/wp\/v2\/categories?post=161238"},{"taxonomy":"post_tag","embeddable":true,"href":"https:\/\/www.internetsociety.org\/es\/wp-json\/wp\/v2\/tags?post=161238"},{"taxonomy":"region_news_regions","embeddable":true,"href":"https:\/\/www.internetsociety.org\/es\/wp-json\/wp\/v2\/region_news_regions?post=161238"},{"taxonomy":"content_category","embeddable":true,"href":"https:\/\/www.internetsociety.org\/es\/wp-json\/wp\/v2\/content_category?post=161238"},{"taxonomy":"author","embeddable":true,"href":"https:\/\/www.internetsociety.org\/es\/wp-json\/wp\/v2\/ppma_author?post=161238"}],"curies":[{"name":"wp","href":"https:\/\/api.w.org\/{rel}","templated":true}]}}