{"id":159633,"date":"2021-12-03T20:21:41","date_gmt":"2021-12-03T20:21:41","guid":{"rendered":"https:\/\/www.internetsociety.org\/?page_id=159633"},"modified":"2023-12-11T15:21:19","modified_gmt":"2023-12-11T15:21:19","slug":"chapterthon-2020","status":"publish","type":"page","link":"https:\/\/www.internetsociety.org\/es\/grants\/chapterthon\/2020\/","title":{"rendered":"Chapterthon 2020"},"content":{"rendered":"\n<div class=\"wp-block-cover is-light\" style=\"min-height:400px;aspect-ratio:unset;\"><span aria-hidden=\"true\" class=\"wp-block-cover__background has-background-dim-0 has-background-dim\"><\/span><video class=\"wp-block-cover__video-background intrinsic-ignore\" autoplay muted loop playsinline src=\"https:\/\/www.internetsociety.org\/wp-content\/uploads\/2020\/08\/I-Heart-The-Internet-Education-1920x1080-1.mp4\" data-object-fit=\"cover\"><\/video><div class=\"wp-block-cover__inner-container is-layout-flow wp-block-cover-is-layout-flow\">\n<p class=\"has-large-font-size\"><\/p>\n<\/div><\/div>\n\n\n\n<section class=\"wp-block-uagb-columns uagb-columns__wrap uagb-columns__background-color uagb-columns__stack-mobile uagb-columns__valign- uagb-columns__gap-10 align uagb-block-3d8c4a73 uagb-columns__columns-2 uagb-columns__max_width-theme\"><div class=\"uagb-columns__overlay\"><\/div><div class=\"uagb-columns__inner-wrap uagb-columns__columns-2\">\n<div class=\"wp-block-uagb-column uagb-column__wrap uagb-column__background-color uagb-block-93dba360\"><div class=\"uagb-column__overlay\"><\/div>\n<div style=\"height:40px\" aria-hidden=\"true\" class=\"wp-block-spacer\"><\/div>\n\n\n\n<figure class=\"wp-block-embed is-type-video is-provider-youtube wp-block-embed-youtube wp-embed-aspect-16-9 wp-has-aspect-ratio\"><div class=\"wp-block-embed__wrapper\">\n<iframe loading=\"lazy\" title=\"Chapterthon 2020 Winners\" width=\"500\" height=\"281\" src=\"https:\/\/www.youtube.com\/embed\/ArTMMFskuGk?feature=oembed\" frameborder=\"0\" allow=\"accelerometer; autoplay; clipboard-write; encrypted-media; gyroscope; picture-in-picture; web-share\" referrerpolicy=\"strict-origin-when-cross-origin\" allowfullscreen><\/iframe>\n<\/div><\/figure>\n<\/div>\n\n\n\n<div class=\"wp-block-uagb-column uagb-column__wrap uagb-column__background-undefined uagb-block-1689d2cd\"><div class=\"uagb-column__overlay\"><\/div>\n<div style=\"height:40px\" aria-hidden=\"true\" class=\"wp-block-spacer\"><\/div>\n\n\n\n<h1 class=\"wp-block-heading has-depth-green-color has-text-color\">Chapterthon 2020<\/h1>\n\n\n\n<div style=\"height:30px\" aria-hidden=\"true\" class=\"wp-block-spacer\"><\/div>\n\n\n\n<h2 class=\"wp-block-heading has-green-color has-text-color has-26-font-size\">Queremos darles un impulso a sus actividades creativas, innovadoras y transformadoras que favorezcan a la comunidad, cuenten con la comunidad y emanen de la comunidad. <\/h2>\n\n\n\n<div style=\"height:30px\" aria-hidden=\"true\" class=\"wp-block-spacer\"><\/div>\n\n\n\n<h2 class=\"wp-block-heading has-depth-green-color has-text-color has-48-font-size\">Ganadores <\/h2>\n\n\n\n<div style=\"height:30px\" aria-hidden=\"true\" class=\"wp-block-spacer\"><\/div>\n\n\n\n<p>A trav\u00e9s de dos rondas de votaci\u00f3n, hizo o\u00edr su voz, eligiendo a tres ganadores de Chapterthon. Enhorabuena a: <\/p>\n\n\n\n<ol class=\"wp-block-list\">\n<li>Hait\u00ed Cap\u00edtulo que desarroll\u00f3 el programa SmartMom 2020 y capacit\u00f3 a mujeres y madres locales en el uso del dinero m\u00f3vil.<\/li>\n\n\n\n<li>Cap\u00edtulo de Panam\u00e1 que desarroll\u00f3 un incre\u00edble manual para la inclusi\u00f3n digital mediante el uso de Raspberry PI <\/li>\n\n\n\n<li>Cap\u00edtulo de Yemen que reforz\u00f3 la conciencia digital en las escuelas y capacit\u00f3 a estudiantes de secundaria para continuar su educaci\u00f3n durante las emergencias. <\/li>\n<\/ol>\n\n\n\n<div style=\"height:10px\" aria-hidden=\"true\" class=\"wp-block-spacer\"><\/div>\n\n\n\n<p class=\"has-green-color has-text-color\">\u00a1Muchas gracias a nuestros Cap\u00edtulos! Conozca los proyectos de Chapterthon y descargue un plano de proyecto para ayudar a construir una Internet m\u00e1s grande y m\u00e1s fuerte.<\/p>\n\n\n\n<div style=\"height:20px\" aria-hidden=\"true\" class=\"wp-block-spacer\"><\/div>\n\n\n\n<div class=\"wp-block-buttons is-vertical is-layout-flex wp-container-core-buttons-is-layout-8cf370e7 wp-block-buttons-is-layout-flex\">\n<div class=\"wp-block-button is-style-fill\"><a class=\"wp-block-button__link has-neutral-white-color has-depth-green-background-color has-text-color has-background wp-element-button\" href=\"https:\/\/www.internetsociety.org\/grants\/chapterthon\/2020\/projects\/\">Ver todos los proyectos 2020<\/a><\/div>\n<\/div>\n<\/div>\n<\/div><\/section>\n\n\n\n<section class=\"wp-block-uagb-columns uagb-columns__wrap uagb-columns__background-color uagb-columns__stack-mobile uagb-columns__valign- uagb-columns__gap-10 align uagb-block-f7a2662b uagb-columns__columns-2 uagb-columns__max_width-theme\"><div class=\"uagb-columns__overlay\"><\/div><div class=\"uagb-columns__inner-wrap uagb-columns__columns-2\">\n<div class=\"wp-block-uagb-column uagb-column__wrap uagb-column__background-color uagb-block-36c4fbc3\"><div class=\"uagb-column__overlay\"><\/div>\n<section class=\"wp-block-uagb-columns uagb-columns__wrap uagb-columns__background-image uagb-columns__stack-mobile uagb-columns__valign- uagb-columns__gap-10 align uagb-block-f22bb570 uagb-columns__columns-1 uagb-columns__max_width-theme background-image-fallback-black\"><div class=\"uagb-columns__overlay\"><\/div><div class=\"uagb-columns__inner-wrap uagb-columns__columns-1\">\n<div class=\"wp-block-uagb-column uagb-column__wrap uagb-column__background-undefined uagb-block-082caa05\"><div class=\"uagb-column__overlay\"><\/div>\n<p class=\"has-neutral-white-color has-text-color\">El Chapterthon es una oportunidad para que los miembros de los Cap\u00edtulos participen en un marat\u00f3n global de Internet Society. Los miembros presentan sus ideas de proyecto a los l\u00edderes de sus Cap\u00edtulos. Cada Cap\u00edtulo seleccionar\u00e1 y enviar\u00e1 un proyecto para participar en el Chapterthon. Los proyectos para el Chapterthon se llevan a cabo con un plazo y presupuestos predefinidos para alcanzar un objetivo com\u00fan a favor del desarrollo de Internet. <\/p>\n<\/div>\n<\/div><\/section>\n<\/div>\n\n\n\n<div class=\"wp-block-uagb-column uagb-column__wrap uagb-column__background-undefined uagb-block-a02ff20c\"><div class=\"uagb-column__overlay\"><\/div>\n<h2 class=\"wp-block-heading has-depth-green-color has-text-color has-48-font-size\">I Heart the Internet<\/h2>\n\n\n\n<div style=\"height:30px\" aria-hidden=\"true\" class=\"wp-block-spacer\"><\/div>\n\n\n\n<p>Mientras el a\u00f1o sigue estando marcado por las perturbaciones en todo el mundo, vamos a dedicar el Chapterthon a la gente y al medio que nos ayuda a salir adelante. <\/p>\n\n\n\n<p>Env\u00ede un manual y tutorial \u00abh\u00e1galo usted mismo\u00bb de una actividad que demuestre que su Cap\u00edtulo est\u00e1 trabajando para garantizar que Internet siga siendo un salvavidas que enriquece la vida de la gente durante y despu\u00e9s de la COVID-19.<\/p>\n\n\n\n<p>Su proyecto formar\u00e1 parte de una base de conocimiento \u00abh\u00e1galo usted mismo\u00bb alimentado por la comunidad, es decir, un recurso para pares y socios de todo el mundo que permitir\u00e1 ampliar el impacto de tus innovaciones y soluciones.<\/p>\n\n\n\n<div style=\"height:30px\" aria-hidden=\"true\" class=\"wp-block-spacer\"><\/div>\n\n\n\n<h2 class=\"wp-block-heading has-depth-green-color has-text-color has-48-font-size\">\u00bfC\u00f3mo participo? <\/h2>\n\n\n\n<div style=\"height:30px\" aria-hidden=\"true\" class=\"wp-block-spacer\"><\/div>\n\n\n\n<p>Animamos a los miembros de todos los Cap\u00edtulos a: <\/p>\n\n\n\n<ol class=\"wp-block-list\">\n<li>Pensar en un proyecto enmarcado en uno de los temas mencionados anteriormente.<\/li>\n\n\n\n<li>Ponerse en contacto con otros miembros del Cap\u00edtulo y formar un equipo.<\/li>\n\n\n\n<li>Asegurarse de que la comunidad a la que quieran ayudar est\u00e9 interesada en sumarse al proyecto.<\/li>\n\n\n\n<li>Estudiar las posibilidades de patrocinio local.<\/li>\n\n\n\n<li>Enviar su idea de proyecto y presupuesto estimado a la direcci\u00f3n del Cap\u00edtulo.<\/li>\n<\/ol>\n\n\n\n<p>La direcci\u00f3n del Cap\u00edtulo se encargar\u00e1 de seleccionar el proyecto que lo representar\u00e1 en la competici\u00f3n del Chapterthon y de presentar la solicitud. Solo se puede presentar un proyecto por Cap\u00edtulo.<\/p>\n\n\n\n<div style=\"height:30px\" aria-hidden=\"true\" class=\"wp-block-spacer\"><\/div>\n\n\n\n<h2 class=\"wp-block-heading has-depth-green-color has-text-color has-48-font-size\">Instrucciones para presentar una solicitud <\/h2>\n\n\n\n<div style=\"height:30px\" aria-hidden=\"true\" class=\"wp-block-spacer\"><\/div>\n\n\n\n<ul class=\"wp-block-list\">\n<li>Instamos a los miembros a que presenten sus ideas de proyecto para el Chapterthon a la direcci\u00f3n\/junta directiva del Cap\u00edtulo.<\/li>\n\n\n\n<li>La direcci\u00f3n\/junta directiva del Cap\u00edtulo deber\u00e1 encargarse de seleccionar y presentar el proyecto que lo representar\u00e1 en la competici\u00f3n del Chapterthon.<\/li>\n\n\n\n<li>Solo se puede presentar una solicitud de proyecto por Cap\u00edtulo.<\/li>\n\n\n\n<li>Solo se aceptar\u00e1n las solicitudes presentadas a trav\u00e9s de MemberNova.<\/li>\n\n\n\n<li>Los proyectos del Chapterthon deben presentarse en Ingl\u00e9s, Franc\u00e9s o Espa\u00f1ol. <\/li>\n<\/ul>\n\n\n\n<div style=\"height:30px\" aria-hidden=\"true\" class=\"wp-block-spacer\"><\/div>\n\n\n\n<h2 class=\"wp-block-heading has-depth-green-color has-text-color has-48-font-size\">Proceso de revisi\u00f3n de las solicitudes <\/h2>\n\n\n\n<div style=\"height:30px\" aria-hidden=\"true\" class=\"wp-block-spacer\"><\/div>\n\n\n\n<p>El personal de Internet Society revisar\u00e1 las solicitudes para comprobar si las actividades se adec\u00faan a los requisitos y las directrices del programa de forma que se reflejen los valores y la misi\u00f3n de Internet Society. Durante este periodo, el personal podr\u00eda ponerse en contacto con los solicitantes para pedirles m\u00e1s informaci\u00f3n.<\/p>\n\n\n\n<p>El comit\u00e9 de expertos del Chapterthon y la comunidad de miembros de Internet Society seleccionar\u00e1n el mejor proyecto.<\/p>\n\n\n\n<div style=\"height:20px\" aria-hidden=\"true\" class=\"wp-block-spacer\"><\/div>\n\n\n\n<h3 class=\"wp-block-heading has-32-font-size\">Solicitudes aceptadas <\/h3>\n\n\n\n<div style=\"height:20px\" aria-hidden=\"true\" class=\"wp-block-spacer\"><\/div>\n\n\n\n<p>Los Cap\u00edtulos y SIG que reciban las subvenciones de Internet Society deber\u00e1n firmar un contrato de subvenci\u00f3n para que se pueda abonar la financiaci\u00f3n. <\/p>\n\n\n\n<p>Tambi\u00e9n deber\u00e1n hacer lo siguiente: <\/p>\n\n\n\n<p>Ejecutar el proyecto: un plan de acci\u00f3n (manual y videotutorial casero) seg\u00fan los plazos del programa (tabla anterior). <\/p>\n\n\n\n<ul class=\"wp-block-list\">\n<li><a href=\"https:\/\/www.internetsociety.org\/wp-content\/uploads\/2017\/11\/Easy_Guide_to_Video_Making.pdf\" target=\"_blank\" rel=\"noreferrer noopener\">Gu\u00eda para la creaci\u00f3n del v\u00eddeo<\/a><\/li>\n\n\n\n<li><a href=\"https:\/\/www.internetsociety.org\/wp-content\/uploads\/2019\/06\/Chapterthon_Video_Production_Guide.pdf\" target=\"_blank\" rel=\"noreferrer noopener\">Las cinco fases de la producci\u00f3n de v\u00eddeo<\/a><\/li>\n<\/ul>\n\n\n\n<p>En el\u00a0<a href=\"https:\/\/community.internetsociety.org\/s\/home-community?locale=es\" target=\"_blank\" rel=\"noreferrer noopener\">portal de miembros<\/a>\u00a0encontrar\u00e1 las instrucciones para aportar esta informaci\u00f3n.<\/p>\n\n\n\n<div style=\"height:40px\" aria-hidden=\"true\" class=\"wp-block-spacer\"><\/div>\n\n\n\n<h2 class=\"wp-block-heading has-depth-green-color has-text-color has-48-font-size\">\u00bfQu\u00e9 recibir\u00e1n los cap\u00edtulos ganadores? <\/h2>\n\n\n\n<div style=\"height:30px\" aria-hidden=\"true\" class=\"wp-block-spacer\"><\/div>\n\n\n\n<p>El comit\u00e9 de expertos del Chapterthon y la comunidad de miembros de Internet Society seleccionar\u00e1n el mejor proyecto. Los tres proyectos ganadores recibir\u00e1n un premio.<\/p>\n\n\n\n<p>Los ganadores se anunciar\u00e1n en las listas de distribuci\u00f3n, redes sociales, blogs y mensajes de la comunidad.<\/p>\n\n\n\n<p>Todos los v\u00eddeos de los proyectos se publicar\u00e1n en el sitio web y en el canal de YouTube para crear una base de datos \u00abI Heart the Internet Knowledge Hub\u00bb con tutoriales y manuales que muestren las iniciativas de los Cap\u00edtulos y los miembros de Internet Society para garantizar que Internet siga siendo un salvavidas y enriquezca la vida de las personas durante y despu\u00e9s de la COVID-19.<\/p>\n<\/div>\n<\/div><\/section>\n\n\n\n<section class=\"wp-block-uagb-columns uagb-columns__wrap uagb-columns__background-color uagb-columns__stack-mobile uagb-columns__valign- uagb-columns__gap-10 align uagb-block-d5b09cc3 uagb-columns__columns-2 uagb-columns__max_width-theme\"><div class=\"uagb-columns__overlay\"><\/div><div class=\"uagb-columns__inner-wrap uagb-columns__columns-2\">\n<div class=\"wp-block-uagb-column uagb-column__wrap uagb-column__background-color uagb-block-b9f45886\"><div class=\"uagb-column__overlay\"><\/div>\n<section class=\"wp-block-uagb-columns uagb-columns__wrap uagb-columns__background-color uagb-columns__stack-mobile uagb-columns__valign- uagb-columns__gap-10 align uagb-block-2768ada8 uagb-columns__columns-1 uagb-columns__max_width-theme background-image-fallback-black\"><div class=\"uagb-columns__overlay\"><\/div><div class=\"uagb-columns__inner-wrap uagb-columns__columns-1\">\n<div class=\"wp-block-uagb-column uagb-column__wrap uagb-column__background-image uagb-block-4575155c\"><div class=\"uagb-column__overlay\"><\/div>\n<h2 class=\"wp-block-heading has-neutral-white-color has-text-color has-26-font-size\">\u00bfQu\u00e9 significa \u201cproyecto\u201d? <\/h2>\n\n\n\n<div style=\"height:20px\" aria-hidden=\"true\" class=\"wp-block-spacer\"><\/div>\n\n\n\n<p class=\"has-neutral-white-color has-text-color\">Se trata de un plan de acci\u00f3n o \u00abmanual y tutorial h\u00e1galo usted mismo\u00bb sobre una soluci\u00f3n innovadora para ayudar a su comunidad durante la COVID-19. Su proyecto se a\u00f1adir\u00e1 a la base de datos \u00abI Heart the Internet Knowledge Hub\u00bb. Recuerde que el proyecto es el&nbsp;<em>plan de acci\u00f3n<\/em>&nbsp;y no la puesta en marcha de la actividad. <\/p>\n<\/div>\n<\/div><\/section>\n<\/div>\n\n\n\n<div class=\"wp-block-uagb-column uagb-column__wrap uagb-column__background-undefined uagb-block-3e8abb30\"><div class=\"uagb-column__overlay\"><\/div>\n<h2 class=\"wp-block-heading has-depth-green-color has-text-color has-48-font-size\" id=\"eligibility\">Elegibilidad y requisitos<\/h2>\n\n\n\n<div style=\"height:30px\" aria-hidden=\"true\" class=\"wp-block-spacer\"><\/div>\n\n\n\n<p>Para acceder a la financiaci\u00f3n del Chapterton 2020 su soluci\u00f3n inspirada en el tema I Heart the Internet debe pertenecer a una de las siguientes categor\u00edas:<\/p>\n\n\n\n<ul class=\"wp-block-list\">\n<li>Ofrecer conexi\u00f3n y acceso a servicios de Internet<\/li>\n\n\n\n<li>Aumentar la conciencia y las competencias digitales para aumentar la inclusi\u00f3n en toda la comunidad<\/li>\n\n\n\n<li>Mejorar la confianza en Internet para que la gente se conecte de forma segura y confidencial<\/li>\n\n\n\n<li>Fomentar servicios de Internet que ofrezcan oportunidades de desarrollo econ\u00f3mico y social<\/li>\n\n\n\n<li>\u00a1Innove! Lanzamiento de iniciativas nuevas para neutralizar el impacto de la COVID-19 <\/li>\n<\/ul>\n\n\n\n<div style=\"height:20px\" aria-hidden=\"true\" class=\"wp-block-spacer\"><\/div>\n\n\n\n<h3 class=\"wp-block-heading has-32-font-size\">Requisitos de elegibilidad<strong>&nbsp;<\/strong> <\/h3>\n\n\n\n<div style=\"height:20px\" aria-hidden=\"true\" class=\"wp-block-spacer\"><\/div>\n\n\n\n<ul class=\"wp-block-list\">\n<li>El Chapterthon va exclusivamente dirigida a Cap\u00edtulos y SIG de Internet Society.<\/li>\n\n\n\n<li>Podr\u00e1n participar todos los Cap\u00edtulos de Internet Society con buena reputaci\u00f3n (la fase de renovaci\u00f3n previa se realizar\u00e1 de manera individual) y tendr\u00e1n que cumplir los est\u00e1ndares m\u00ednimos de Cap\u00edtulos seg\u00fan lo establecido en los&nbsp;<a href=\"https:\/\/www.internetsociety.org\/chapters\/start\/application\/chapter-charter\/\" target=\"_blank\" rel=\"noreferrer noopener\">estatutos del Cap\u00edtulo<\/a>.<\/li>\n\n\n\n<li>Las solicitudes de los Cap\u00edtulos inmersos en un proceso de rejuvenecimiento no se tendr\u00e1n en cuenta.<\/li>\n\n\n\n<li>Para acceder a la financiaci\u00f3n de este a\u00f1o, los Cap\u00edtulos y los SIG deber\u00e1n enviar los informes de financiaci\u00f3n obligatorios de a\u00f1os anteriores.<\/li>\n\n\n\n<li>Para recibir la financiaci\u00f3n los Cap\u00edtulos deben tener una cuenta bancaria oficial con el nombre jur\u00eddico del Cap\u00edtulo.<\/li>\n\n\n\n<li>Los miembros del Cap\u00edtulo\/SIG deben trabajar con los l\u00edderes de su Cap\u00edtulo\/SIG para desarrollar los proyectos. <\/li>\n<\/ul>\n\n\n\n<div style=\"height:30px\" aria-hidden=\"true\" class=\"wp-block-spacer\"><\/div>\n\n\n\n<h3 class=\"wp-block-heading has-32-font-size\">Financiaci\u00f3n<\/h3>\n\n\n\n<div style=\"height:20px\" aria-hidden=\"true\" class=\"wp-block-spacer\"><\/div>\n\n\n\n<p>Los proyectos seleccionados recibir\u00e1n una financiaci\u00f3n de 2.000 USD como m\u00e1ximo y los participantes tendr\u00e1n dos meses para finalizar el proyecto. <\/p>\n\n\n\n<div style=\"height:30px\" aria-hidden=\"true\" class=\"wp-block-spacer\"><\/div>\n\n\n\n<h2 class=\"wp-block-heading has-depth-green-color has-text-color has-48-font-size\">M\u00e1s informaci\u00f3n  <\/h2>\n\n\n\n<div style=\"height:30px\" aria-hidden=\"true\" class=\"wp-block-spacer\"><\/div>\n\n\n\n<ul class=\"wp-block-list\">\n<li><a href=\"https:\/\/www.internetsociety.org\/es\/become-a-member\/\">Convi\u00e9rtase en un miembro<\/a><\/li>\n\n\n\n<li>Incorp\u00f3rese&nbsp;a<a href=\"https:\/\/www.internetsociety.org\/es\/chapters\/\">&nbsp;un cap\u00edtulo<\/a>&nbsp;o&nbsp;<a href=\"https:\/\/www.internetsociety.org\/es\/sigs\/\">Grupo de inter\u00e9s especial<\/a><\/li>\n\n\n\n<li>Descubra c\u00f3mo puede ayudar a&nbsp;<a href=\"\/?cat_ID=29\">conectar al mundo<\/a><\/li>\n\n\n\n<li>Descubra m\u00e1s acerca de las&nbsp;<a href=\"https:\/\/www.internetsociety.org\/es\/issues\/redes-comunitarias-es\/\">Redes comunitarias<\/a><\/li>\n\n\n\n<li>\u00bfPreguntas? Comun\u00edquese con&nbsp;<a href=\"mailto:chapter-support@isoc.org\">chapter-support@isoc.org<\/a>.<\/li>\n<\/ul>\n<\/div>\n<\/div><\/section>\n","protected":false},"excerpt":{"rendered":"<p>Mientras el a\u00f1o sigue estando marcado por las perturbaciones en todo el mundo, vamos a dedicar el Chapterthon a la gente y al medio que nos ayuda a salir adelante. <\/p>\n","protected":false},"author":11,"featured_media":129032,"parent":0,"menu_order":0,"comment_status":"closed","ping_status":"closed","template":"page-wide.php","meta":{"_acf_changed":false,"_uag_custom_page_level_css":"","footnotes":""},"categories":[5694],"tags":[],"region_news_regions":[],"content_category":[],"ppma_author":[5657],"class_list":["post-159633","page","type-page","status-publish","has-post-thumbnail","hentry","category-comunidad"],"acf":[],"uagb_featured_image_src":{"full":["https:\/\/www.internetsociety.org\/wp-content\/uploads\/2020\/12\/I-Heart-the-Internet-Yellow.jpg",1200,675,false],"thumbnail":["https:\/\/www.internetsociety.org\/wp-content\/uploads\/2020\/12\/I-Heart-the-Internet-Yellow-150x150.jpg",150,150,true],"medium":["https:\/\/www.internetsociety.org\/wp-content\/uploads\/2020\/12\/I-Heart-the-Internet-Yellow-450x253.jpg",450,253,true],"medium_large":["https:\/\/www.internetsociety.org\/wp-content\/uploads\/2020\/12\/I-Heart-the-Internet-Yellow-768x432.jpg",768,432,true],"large":["https:\/\/www.internetsociety.org\/wp-content\/uploads\/2020\/12\/I-Heart-the-Internet-Yellow-1024x576.jpg",1024,576,true],"1536x1536":["https:\/\/www.internetsociety.org\/wp-content\/uploads\/2020\/12\/I-Heart-the-Internet-Yellow.jpg",1200,675,false],"2048x2048":["https:\/\/www.internetsociety.org\/wp-content\/uploads\/2020\/12\/I-Heart-the-Internet-Yellow.jpg",1200,675,false],"post-thumbnail":["https:\/\/www.internetsociety.org\/wp-content\/uploads\/2020\/12\/I-Heart-the-Internet-Yellow-250x141.jpg",250,141,true],"square":["https:\/\/www.internetsociety.org\/wp-content\/uploads\/2020\/12\/I-Heart-the-Internet-Yellow-600x600.jpg",600,600,true],"gform-image-choice-sm":["https:\/\/www.internetsociety.org\/wp-content\/uploads\/2020\/12\/I-Heart-the-Internet-Yellow.jpg",300,169,false],"gform-image-choice-md":["https:\/\/www.internetsociety.org\/wp-content\/uploads\/2020\/12\/I-Heart-the-Internet-Yellow.jpg",400,225,false],"gform-image-choice-lg":["https:\/\/www.internetsociety.org\/wp-content\/uploads\/2020\/12\/I-Heart-the-Internet-Yellow.jpg",600,338,false]},"uagb_author_info":{"display_name":"Internet Society","author_link":"https:\/\/www.internetsociety.org\/es\/author\/isoc\/"},"uagb_comment_info":0,"uagb_excerpt":"Mientras el a\u00f1o sigue estando marcado por las perturbaciones en todo el mundo, vamos a dedicar el Chapterthon a la gente y al medio que nos ayuda a salir adelante.","_links":{"self":[{"href":"https:\/\/www.internetsociety.org\/es\/wp-json\/wp\/v2\/pages\/159633","targetHints":{"allow":["GET"]}}],"collection":[{"href":"https:\/\/www.internetsociety.org\/es\/wp-json\/wp\/v2\/pages"}],"about":[{"href":"https:\/\/www.internetsociety.org\/es\/wp-json\/wp\/v2\/types\/page"}],"author":[{"embeddable":true,"href":"https:\/\/www.internetsociety.org\/es\/wp-json\/wp\/v2\/users\/11"}],"replies":[{"embeddable":true,"href":"https:\/\/www.internetsociety.org\/es\/wp-json\/wp\/v2\/comments?post=159633"}],"version-history":[{"count":0,"href":"https:\/\/www.internetsociety.org\/es\/wp-json\/wp\/v2\/pages\/159633\/revisions"}],"wp:featuredmedia":[{"embeddable":true,"href":"https:\/\/www.internetsociety.org\/es\/wp-json\/wp\/v2\/media\/129032"}],"wp:attachment":[{"href":"https:\/\/www.internetsociety.org\/es\/wp-json\/wp\/v2\/media?parent=159633"}],"wp:term":[{"taxonomy":"category","embeddable":true,"href":"https:\/\/www.internetsociety.org\/es\/wp-json\/wp\/v2\/categories?post=159633"},{"taxonomy":"post_tag","embeddable":true,"href":"https:\/\/www.internetsociety.org\/es\/wp-json\/wp\/v2\/tags?post=159633"},{"taxonomy":"region_news_regions","embeddable":true,"href":"https:\/\/www.internetsociety.org\/es\/wp-json\/wp\/v2\/region_news_regions?post=159633"},{"taxonomy":"content_category","embeddable":true,"href":"https:\/\/www.internetsociety.org\/es\/wp-json\/wp\/v2\/content_category?post=159633"},{"taxonomy":"author","embeddable":true,"href":"https:\/\/www.internetsociety.org\/es\/wp-json\/wp\/v2\/ppma_author?post=159633"}],"curies":[{"name":"wp","href":"https:\/\/api.w.org\/{rel}","templated":true}]}}