{"id":158793,"date":"2021-12-01T17:33:00","date_gmt":"2021-12-01T17:33:00","guid":{"rendered":"https:\/\/www.internetsociety.org\/?page_id=158793"},"modified":"2023-07-12T11:16:30","modified_gmt":"2023-07-12T11:16:30","slug":"programa-beyond-the-net","status":"publish","type":"page","link":"https:\/\/www.internetsociety.org\/es\/beyond-the-net\/","title":{"rendered":"Programa Beyond the Net"},"content":{"rendered":"\n<div class=\"wp-block-cover\" style=\"min-height:400px;aspect-ratio:unset;\"><span aria-hidden=\"true\" class=\"wp-block-cover__background has-background-dim-0 has-background-dim\"><\/span><img loading=\"lazy\" decoding=\"async\" width=\"1280\" height=\"550\" class=\"wp-block-cover__image-background wp-image-86577\" alt=\"a young girl clapping her hands\" src=\"https:\/\/www.internetsociety.org\/wp-content\/uploads\/2018\/09\/Beyond_the_Net_Funding_Programme_2.jpg\" data-object-fit=\"cover\" srcset=\"https:\/\/www.internetsociety.org\/wp-content\/uploads\/2018\/09\/Beyond_the_Net_Funding_Programme_2.jpg 1280w, https:\/\/www.internetsociety.org\/wp-content\/uploads\/2018\/09\/Beyond_the_Net_Funding_Programme_2-300x129.jpg 300w, https:\/\/www.internetsociety.org\/wp-content\/uploads\/2018\/09\/Beyond_the_Net_Funding_Programme_2-768x330.jpg 768w, https:\/\/www.internetsociety.org\/wp-content\/uploads\/2018\/09\/Beyond_the_Net_Funding_Programme_2-1024x440.jpg 1024w, https:\/\/www.internetsociety.org\/wp-content\/uploads\/2018\/09\/Beyond_the_Net_Funding_Programme_2-250x107.jpg 250w\" sizes=\"auto, (max-width: 1280px) 100vw, 1280px\" \/><div class=\"wp-block-cover__inner-container is-layout-flow wp-block-cover-is-layout-flow\">\n<p class=\"has-large-font-size\"><\/p>\n<\/div><\/div>\n\n\n\n<section class=\"wp-block-uagb-columns uagb-columns__wrap uagb-columns__background-color uagb-columns__stack-mobile uagb-columns__valign- uagb-columns__gap-10 align uagb-block-e8ca739c uagb-columns__columns-2 uagb-columns__max_width-theme\"><div class=\"uagb-columns__overlay\"><\/div><div class=\"uagb-columns__inner-wrap uagb-columns__columns-2\">\n<div class=\"wp-block-uagb-column uagb-column__wrap uagb-column__background-color uagb-block-19a20a31\"><div class=\"uagb-column__overlay\"><\/div>\n<div style=\"height:40px\" aria-hidden=\"true\" class=\"wp-block-spacer\"><\/div>\n\n\n\n<section class=\"wp-block-uagb-columns uagb-columns__wrap uagb-columns__background-color uagb-columns__stack-mobile uagb-columns__valign- uagb-columns__gap-10 align uagb-block-4a39bf6e uagb-columns__columns-1 uagb-columns__max_width-theme background-image-fallback-black\"><div class=\"uagb-columns__overlay\"><\/div><div class=\"uagb-columns__inner-wrap uagb-columns__columns-1\">\n<div class=\"wp-block-uagb-column uagb-column__wrap uagb-column__background-undefined uagb-block-b0f1f085\"><div class=\"uagb-column__overlay\"><\/div>\n<h2 class=\"wp-block-heading has-text-align-left has-white-color has-text-color has-32-font-size\" id=\"timeline\">Ahora parte de la Fundaci\u00f3n de Internet Society<\/h2>\n\n\n\n<div style=\"height:40px\" aria-hidden=\"true\" class=\"wp-block-spacer\"><\/div>\n\n\n\n<p class=\"has-white-color has-text-color has-18-font-size\">A partir de febrero de 2019, el programa de financiamiento Beyond the Net es parte de la cartera de subvenciones de la Fundaci\u00f3n de Internet Society. Como fuente central de todos nuestros programas de subvenciones, la Fundaci\u00f3n nos brinda la m\u00e1xima flexibilidad para ampliar las oportunidades para nuestra comunidad y para ampliar nuestro alcance a nuevas \u00e1reas en las que podemos tener un impacto positivo. <\/p>\n<\/div>\n<\/div><\/section>\n<\/div>\n\n\n\n<div class=\"wp-block-uagb-column uagb-column__wrap uagb-column__background-undefined uagb-block-978085a9\"><div class=\"uagb-column__overlay\"><\/div>\n<div style=\"height:40px\" aria-hidden=\"true\" class=\"wp-block-spacer\"><\/div>\n\n\n\n<h1 class=\"wp-block-heading has-text-align-left has-depth-blue-color has-text-color\">Programa Beyond the Net<\/h1>\n\n\n\n<div style=\"height:20px\" aria-hidden=\"true\" class=\"wp-block-spacer\"><\/div>\n\n\n\n<p>En Internet Society, creemos que Internet tiene el poder de cambiar vidas. Es por eso que hemos lanzado el programa de financiamiento Beyond the Net, que brinda a todos la oportunidad de marcar una diferencia positiva y unirse a nosotros en nuestra misi\u00f3n de proporcionar acceso a Internet abierto y seguro para todos.<\/p>\n\n\n\n<p>Nuestro programa de financiamiento Beyond the Net brinda a los miembros de Internet Society la oportunidad de contribuir a un nivel local o regional por medio de un Cap\u00edtulo de Internet Society. Apoyamos ideas brillantes que funcionan en asociaci\u00f3n con organizaciones locales para empoderar a las personas de todo el mundo.<\/p>\n\n\n\n<div style=\"height:10px\" aria-hidden=\"true\" class=\"wp-block-spacer\"><\/div>\n\n\n\n<div class=\"wp-block-buttons is-vertical is-layout-flex wp-container-core-buttons-is-layout-8cf370e7 wp-block-buttons-is-layout-flex\">\n<div class=\"wp-block-button\"><a class=\"wp-block-button__link has-white-color has-depth-blue-background-color has-text-color has-background wp-element-button\" href=\"https:\/\/www.isocfoundation.org\/es\/\">Visite el sitio web de la Fundaci\u00f3n<\/a><\/div>\n\n\n\n<div class=\"wp-block-button is-style-outline is-style-outline--1\"><a class=\"wp-block-button__link has-depth-blue-color has-text-color wp-element-button\" href=\"https:\/\/www.internetsociety.org\/beyond-the-net\/grants\/\">Conoce las becas anteriores a 2019<\/a><\/div>\n<\/div>\n<\/div>\n<\/div><\/section>\n","protected":false},"excerpt":{"rendered":"<p>A partir de febrero de 2019, el programa de financiamiento Beyond the Net es parte de la cartera de subvenciones de la Fundaci\u00f3n de Internet Society. <\/p>\n","protected":false},"author":11,"featured_media":0,"parent":0,"menu_order":0,"comment_status":"closed","ping_status":"closed","template":"page-wide.php","meta":{"_acf_changed":false,"_uag_custom_page_level_css":"","footnotes":""},"categories":[5694],"tags":[],"region_news_regions":[],"content_category":[],"ppma_author":[5657],"class_list":["post-158793","page","type-page","status-publish","hentry","category-comunidad"],"acf":[],"uagb_featured_image_src":{"full":false,"thumbnail":false,"medium":false,"medium_large":false,"large":false,"1536x1536":false,"2048x2048":false,"post-thumbnail":false,"square":false,"gform-image-choice-sm":false,"gform-image-choice-md":false,"gform-image-choice-lg":false},"uagb_author_info":{"display_name":"Internet Society","author_link":"https:\/\/www.internetsociety.org\/es\/author\/isoc\/"},"uagb_comment_info":0,"uagb_excerpt":"A partir de febrero de 2019, el programa de financiamiento Beyond the Net es parte de la cartera de subvenciones de la Fundaci\u00f3n de Internet Society.","_links":{"self":[{"href":"https:\/\/www.internetsociety.org\/es\/wp-json\/wp\/v2\/pages\/158793","targetHints":{"allow":["GET"]}}],"collection":[{"href":"https:\/\/www.internetsociety.org\/es\/wp-json\/wp\/v2\/pages"}],"about":[{"href":"https:\/\/www.internetsociety.org\/es\/wp-json\/wp\/v2\/types\/page"}],"author":[{"embeddable":true,"href":"https:\/\/www.internetsociety.org\/es\/wp-json\/wp\/v2\/users\/11"}],"replies":[{"embeddable":true,"href":"https:\/\/www.internetsociety.org\/es\/wp-json\/wp\/v2\/comments?post=158793"}],"version-history":[{"count":0,"href":"https:\/\/www.internetsociety.org\/es\/wp-json\/wp\/v2\/pages\/158793\/revisions"}],"wp:attachment":[{"href":"https:\/\/www.internetsociety.org\/es\/wp-json\/wp\/v2\/media?parent=158793"}],"wp:term":[{"taxonomy":"category","embeddable":true,"href":"https:\/\/www.internetsociety.org\/es\/wp-json\/wp\/v2\/categories?post=158793"},{"taxonomy":"post_tag","embeddable":true,"href":"https:\/\/www.internetsociety.org\/es\/wp-json\/wp\/v2\/tags?post=158793"},{"taxonomy":"region_news_regions","embeddable":true,"href":"https:\/\/www.internetsociety.org\/es\/wp-json\/wp\/v2\/region_news_regions?post=158793"},{"taxonomy":"content_category","embeddable":true,"href":"https:\/\/www.internetsociety.org\/es\/wp-json\/wp\/v2\/content_category?post=158793"},{"taxonomy":"author","embeddable":true,"href":"https:\/\/www.internetsociety.org\/es\/wp-json\/wp\/v2\/ppma_author?post=158793"}],"curies":[{"name":"wp","href":"https:\/\/api.w.org\/{rel}","templated":true}]}}