{"id":158291,"date":"2021-11-15T18:49:21","date_gmt":"2021-11-15T18:49:21","guid":{"rendered":"https:\/\/www.internetsociety.org\/?page_id=158291"},"modified":"2025-04-30T12:53:38","modified_gmt":"2025-04-30T12:53:38","slug":"shaping-future-of-the-internet","status":"publish","type":"page","link":"https:\/\/www.internetsociety.org\/es\/shaping-future-of-the-internet\/","title":{"rendered":"Desarrolle su potencial como Campe\u00f3n de Internet. Para todas las personas."},"content":{"rendered":"\n<section class=\"wp-block-uagb-columns uagb-columns__wrap uagb-columns__background-image uagb-columns__stack-mobile uagb-columns__valign- uagb-columns__gap-10 align uagb-block-d6a40f3e uagb-columns__columns-1 uagb-columns__max_width-theme background-image-fallback-black uag-hide-tab uag-hide-mob\"><div class=\"uagb-columns__overlay\"><\/div><div class=\"uagb-columns__inner-wrap uagb-columns__columns-1\">\n<div class=\"wp-block-uagb-column uagb-column__wrap uagb-column__background-undefined uagb-block-87a6a79b\"><div class=\"uagb-column__overlay\"><\/div>\n<h1 class=\"wp-block-heading has-neutral-white-color has-text-color\">Desarrolle su potencial <br>como Campe\u00f3n de Internet. <br>Para todas las personas.<\/h1>\n<\/div>\n<\/div><\/section>\n\n\n\n<div class=\"wp-block-columns uag-hide-desktop is-layout-flex wp-container-core-columns-is-layout-9d6595d7 wp-block-columns-is-layout-flex\">\n<div class=\"wp-block-column uag-hide-mob is-layout-flow wp-block-column-is-layout-flow\" style=\"flex-basis:10%\"><\/div>\n\n\n\n<div class=\"wp-block-column is-layout-flow wp-block-column-is-layout-flow\" style=\"flex-basis:80%\">\n<div style=\"height:30px\" aria-hidden=\"true\" class=\"wp-block-spacer\"><\/div>\n\n\n\n<h1 class=\"wp-block-heading has-text-align-left\">Desarrolle su potencial como Campe\u00f3n de Internet. Para todas las personas.<\/h1>\n\n\n\n<div style=\"height:30px\" aria-hidden=\"true\" class=\"wp-block-spacer\"><\/div>\n\n\n\n<figure class=\"wp-block-image size-large\"><img loading=\"lazy\" decoding=\"async\" width=\"1172\" height=\"659\" src=\"https:\/\/www.internetsociety.org\/wp-content\/uploads\/2021\/11\/170917_IS-4-e1704801138448.jpg\" alt=\"A young woman talking to a man turned with his back\" class=\"wp-image-156613\" srcset=\"https:\/\/www.internetsociety.org\/wp-content\/uploads\/2021\/11\/170917_IS-4-e1704801138448.jpg 1172w, https:\/\/www.internetsociety.org\/wp-content\/uploads\/2021\/11\/170917_IS-4-e1704801138448-450x253.jpg 450w, https:\/\/www.internetsociety.org\/wp-content\/uploads\/2021\/11\/170917_IS-4-e1704801138448-1024x576.jpg 1024w, https:\/\/www.internetsociety.org\/wp-content\/uploads\/2021\/11\/170917_IS-4-e1704801138448-768x432.jpg 768w, https:\/\/www.internetsociety.org\/wp-content\/uploads\/2021\/11\/170917_IS-4-e1704801138448-250x141.jpg 250w\" sizes=\"auto, (max-width: 1172px) 100vw, 1172px\" \/><\/figure>\n<\/div>\n\n\n\n<div class=\"wp-block-column uag-hide-mob is-layout-flow wp-block-column-is-layout-flow\" style=\"flex-basis:10%\"><\/div>\n<\/div>\n\n\n\n<div class=\"wp-block-columns is-layout-flex wp-container-core-columns-is-layout-9d6595d7 wp-block-columns-is-layout-flex\">\n<div class=\"wp-block-column is-layout-flow wp-block-column-is-layout-flow\" style=\"flex-basis:10%\"><\/div>\n\n\n\n<div class=\"wp-block-column is-layout-flow wp-block-column-is-layout-flow\" style=\"flex-basis:80%\">\n<div style=\"height:40px\" aria-hidden=\"true\" class=\"wp-block-spacer uag-hide-mob\"><\/div>\n\n\n\n<h2 class=\"wp-block-heading has-accent-purple-color has-text-color has-48-font-size\">El futuro de Internet est\u00e1 en sus manos. Nuestros programas est\u00e1n dise\u00f1ados para brindarle las herramientas que necesita para tener \u00e9xito.<\/h2>\n\n\n\n<div style=\"height:40px\" aria-hidden=\"true\" class=\"wp-block-spacer\"><\/div>\n\n\n\n<p class=\"has-18-font-size\">Internet floreci\u00f3 gracias a la comunidad de personas que trabajaron sin descanso para que creciera. Aunque contin\u00faa expandi\u00e9ndose y evolucionando todos los d\u00edas, Internet enfrenta amenazas y desaf\u00edos en muchos frentes. Por eso hemos desarrollado una gama de programas para que puedas moldear el futuro de Internet. <\/p>\n\n\n\n<p class=\"has-18-font-size\">Nuestros programas:<\/p>\n\n\n\n<ul class=\"wp-block-list has-18-font-size\">\n<li>Ampliar\u00e1n sus conocimientos.<\/li>\n\n\n\n<li>Le proporcionar\u00e1n los conocimientos, las habilidades y las competencias necesarias para convertirse en un l\u00edder de Internet.<\/li>\n\n\n\n<li>Acelerar\u00e1n su carrera.<\/li>\n\n\n\n<li>Le brindar\u00e1n acceso a los principales pensadores y organizaciones de Internet de la actualidad.<\/li>\n\n\n\n<li>Le permitir\u00e1n liderar proyectos que le proporcionen experiencia pr\u00e1ctica mientras hace avanzar Internet a nivel global.<\/li>\n<\/ul>\n<\/div>\n\n\n\n<div class=\"wp-block-column is-layout-flow wp-block-column-is-layout-flow\" style=\"flex-basis:10%\"><\/div>\n<\/div>\n\n\n\n<div style=\"height:30px\" aria-hidden=\"true\" class=\"wp-block-spacer uag-hide-mob\"><\/div>\n\n\n\n<div class=\"wp-block-columns margin-bottom-0 has-neutral-white-background-color has-background is-layout-flex wp-container-core-columns-is-layout-9d6595d7 wp-block-columns-is-layout-flex\">\n<div class=\"wp-block-column is-layout-flow wp-block-column-is-layout-flow\" style=\"flex-basis:5.5%\"><\/div>\n\n\n\n<div class=\"wp-block-column is-layout-flow wp-block-column-is-layout-flow\" style=\"flex-basis:89%\">\n<div style=\"height:40px\" aria-hidden=\"true\" class=\"wp-block-spacer\"><\/div>\n\n\n\n<div class=\"wp-block-media-text alignwide has-media-on-the-right is-stacked-on-mobile is-vertically-aligned-top is-image-fill-element\" style=\"grid-template-columns:auto 33%\"><div class=\"wp-block-media-text__content\">\n<div style=\"height:20px\" aria-hidden=\"true\" class=\"wp-block-spacer\"><\/div>\n\n\n\n<div class=\"wp-block-uagb-info-box uagb-block-be6031fd uagb-infobox__content-wrap  uagb-infobox-icon-above-title uagb-infobox-image-valign-top\"><div class=\"uagb-ifb-content\"><div class=\"uagb-ifb-title-wrap\"><h3 class=\"uagb-ifb-title\">\u00danase a una red global de l\u00edderes de Internet<\/h3><\/div><p class=\"uagb-ifb-desc\">Graduarse de uno de nuestros programas es solo el comienzo de su viaje. \u00a1La red de exalumnos de Internet Society lo estar\u00e1 esperando! Contin\u00fae su crecimiento como l\u00edder de Internet uni\u00e9ndose a una comunidad de expertos influyentes en Internet. Deje su huella en el futuro de una Internet abierta, conectada globalmente, segura y confiable.<\/p><\/div><\/div>\n\n\n\n<div style=\"height:20px\" aria-hidden=\"true\" class=\"wp-block-spacer\"><\/div>\n\n\n\n<div class=\"wp-block-buttons is-vertical is-content-justification-left is-layout-flex wp-container-core-buttons-is-layout-c0ca7d81 wp-block-buttons-is-layout-flex\">\n<div class=\"wp-block-button is-style-fill\"><a class=\"wp-block-button__link has-neutral-white-color has-depth-green-background-color has-text-color has-background wp-element-button\" href=\"https:\/\/www.internetsociety.org\/es\/shaping-future-of-the-internet\/alumni-network\/\">Aprende m\u00e1s<\/a><\/div>\n<\/div>\n<\/div><figure class=\"wp-block-media-text__media\"><img loading=\"lazy\" decoding=\"async\" width=\"1000\" height=\"667\" src=\"https:\/\/www.internetsociety.org\/wp-content\/uploads\/2021\/11\/Medium-_DSC8616.jpg\" alt=\"A picture of a woman, a participant of a conference\" class=\"wp-image-156617 size-large\" style=\"object-position:50% 50%\" srcset=\"https:\/\/www.internetsociety.org\/wp-content\/uploads\/2021\/11\/Medium-_DSC8616.jpg 1000w, https:\/\/www.internetsociety.org\/wp-content\/uploads\/2021\/11\/Medium-_DSC8616-450x300.jpg 450w, https:\/\/www.internetsociety.org\/wp-content\/uploads\/2021\/11\/Medium-_DSC8616-768x512.jpg 768w, https:\/\/www.internetsociety.org\/wp-content\/uploads\/2021\/11\/Medium-_DSC8616-250x167.jpg 250w\" sizes=\"auto, (max-width: 1000px) 100vw, 1000px\" \/><\/figure><\/div>\n\n\n\n<div style=\"height:40px\" aria-hidden=\"true\" class=\"wp-block-spacer\"><\/div>\n<\/div>\n\n\n\n<div class=\"wp-block-column is-layout-flow wp-block-column-is-layout-flow\" style=\"flex-basis:10%\"><\/div>\n<\/div>\n\n\n\n<div class=\"wp-block-columns is-layout-flex wp-container-core-columns-is-layout-9d6595d7 wp-block-columns-is-layout-flex\">\n<div class=\"wp-block-column is-layout-flow wp-block-column-is-layout-flow\" style=\"flex-basis:10%\"><\/div>\n\n\n\n<div class=\"wp-block-column is-layout-flow wp-block-column-is-layout-flow\" style=\"flex-basis:80%\">\n<div style=\"height:40px\" aria-hidden=\"true\" class=\"wp-block-spacer uag-hide-mob\"><\/div>\n\n\n\n<h3 class=\"wp-block-heading has-green-color has-text-color has-32-font-size uag-hide-tab uag-hide-mob\" id=\"fellowships\">Programas que ofrecemos<\/h3>\n\n\n\n<h3 class=\"wp-block-heading has-green-color has-text-color uag-hide-desktop\">Programas que ofrecemos<\/h3>\n\n\n\n<div style=\"height:30px\" aria-hidden=\"true\" class=\"wp-block-spacer\"><\/div>\n\n\n\n<p class=\"has-18-font-size\">Independientemente de la etapa de su carrera en la que se encuentre, tenemos un programa para usted. Tanto si desea desarrollar nuevas habilidades como fortalecer sus competencias actuales, podr\u00e1 hacerlo rode\u00e1ndose de una comunidad global de l\u00edderes de Internet con ideas afines. <\/p>\n\n\n\n<p class=\"has-18-font-size\">Lo que elija hacer hoy cambiar\u00e1 la Internet del ma\u00f1ana.<\/p>\n<\/div>\n\n\n\n<div class=\"wp-block-column uag-hide-mob is-layout-flow wp-block-column-is-layout-flow\" style=\"flex-basis:10%\"><\/div>\n<\/div>\n\n\n\n<section class=\"wp-block-uagb-columns uagb-columns__wrap uagb-columns__background-color uagb-columns__stack-tablet uagb-columns__valign-top uagb-columns__gap-10 align uagb-block-0c8abc1f uagb-columns__columns-2 uagb-columns__max_width-theme\"><div class=\"uagb-columns__overlay\"><\/div><div class=\"uagb-columns__inner-wrap uagb-columns__columns-2\">\n<div class=\"wp-block-uagb-column uagb-column__wrap uagb-column__background-color uagb-block-c5cbb46e\"><div class=\"uagb-column__overlay\"><\/div>\n<figure class=\"wp-block-image size-full is-style-default margin-bottom-0 vertical-align-bottom\"><img loading=\"lazy\" decoding=\"async\" width=\"1350\" height=\"900\" src=\"https:\/\/www.internetsociety.org\/wp-content\/uploads\/2021\/03\/Day-1-197-min.jpg\" alt=\"a group of people looking at camera smiling\" class=\"wp-image-134860\" style=\"aspect-ratio:16\/9;object-fit:cover\" srcset=\"https:\/\/www.internetsociety.org\/wp-content\/uploads\/2021\/03\/Day-1-197-min.jpg 1350w, https:\/\/www.internetsociety.org\/wp-content\/uploads\/2021\/03\/Day-1-197-min-450x300.jpg 450w, https:\/\/www.internetsociety.org\/wp-content\/uploads\/2021\/03\/Day-1-197-min-1024x683.jpg 1024w, https:\/\/www.internetsociety.org\/wp-content\/uploads\/2021\/03\/Day-1-197-min-768x512.jpg 768w, https:\/\/www.internetsociety.org\/wp-content\/uploads\/2021\/03\/Day-1-197-min-250x167.jpg 250w\" sizes=\"auto, (max-width: 1350px) 100vw, 1350px\" \/><\/figure>\n\n\n\n<div style=\"height:20px\" aria-hidden=\"true\" class=\"wp-block-spacer\"><\/div>\n\n\n\n<div class=\"wp-block-uagb-info-box uagb-block-3bce8a59 uagb-infobox__content-wrap  uagb-infobox-icon-above-title uagb-infobox-image-valign-top\"><div class=\"uagb-ifb-content\"><div class=\"uagb-ifb-title-wrap\"><h4 class=\"uagb-ifb-title\">Programas de Liderazgo<\/h4><\/div><p class=\"uagb-ifb-desc\">Gane una perspectiva \u00fanica sobre Internet y potencie su carrera como l\u00edder de Internet. <br><br><a href=\"https:\/\/www.internetsociety.org\/es\/fellowships\/early-career\/\">Beca de Inicio de Carrera<\/a> <br><br><a href=\"https:\/\/www.internetsociety.org\/es\/fellowships\/mid-career\/\">Beca de Mitad de Carrera<\/a><\/p><\/div><\/div>\n<\/div>\n\n\n\n<div class=\"wp-block-uagb-column uagb-column__wrap uagb-column__background-color uagb-block-74b7a2c7\"><div class=\"uagb-column__overlay\"><\/div>\n<figure class=\"wp-block-image size-full is-style-default margin-bottom-0 vertical-align-bottom\"><img loading=\"lazy\" decoding=\"async\" width=\"1280\" height=\"705\" src=\"https:\/\/www.internetsociety.org\/wp-content\/uploads\/2021\/10\/IETF-Hackathon-IETF95.jpg\" alt=\"three persons sit at a desk and discuss\" class=\"wp-image-151724\" style=\"aspect-ratio:16\/9;object-fit:cover\" srcset=\"https:\/\/www.internetsociety.org\/wp-content\/uploads\/2021\/10\/IETF-Hackathon-IETF95.jpg 1280w, https:\/\/www.internetsociety.org\/wp-content\/uploads\/2021\/10\/IETF-Hackathon-IETF95-450x248.jpg 450w, https:\/\/www.internetsociety.org\/wp-content\/uploads\/2021\/10\/IETF-Hackathon-IETF95-1024x564.jpg 1024w, https:\/\/www.internetsociety.org\/wp-content\/uploads\/2021\/10\/IETF-Hackathon-IETF95-768x423.jpg 768w, https:\/\/www.internetsociety.org\/wp-content\/uploads\/2021\/10\/IETF-Hackathon-IETF95-250x138.jpg 250w\" sizes=\"auto, (max-width: 1280px) 100vw, 1280px\" \/><\/figure>\n\n\n\n<div style=\"height:20px\" aria-hidden=\"true\" class=\"wp-block-spacer\"><\/div>\n\n\n\n<div class=\"wp-block-uagb-info-box uagb-block-db51008b uagb-infobox__content-wrap  uagb-infobox-icon-above-title uagb-infobox-image-valign-top\"><div class=\"uagb-ifb-content\"><div class=\"uagb-ifb-title-wrap\"><h4 class=\"uagb-ifb-title\">Programas de Pol\u00edticas de Internet<\/h4><\/div><p class=\"uagb-ifb-desc\">Haga frente a los retos de Internet en la intersecci\u00f3n entre la tecnolog\u00eda y la gobernanza. <br><br><a href=\"https:\/\/www.internetsociety.org\/deploy360\/dnssec\/community\/\">Beca de la Comunidad<\/a><br><br><a href=\"https:\/\/www.internetsociety.org\/es\/policy-programs\/igf-youth-ambassadors\/\">Programa de J\u00f3venes Embajadores<\/a> <br><br><a href=\"https:\/\/www.internetsociety.org\/policy-programs\/policymakers-program-to-ietf\/\">Programa para Legisladores<\/a><\/p><\/div><\/div>\n<\/div>\n<\/div><\/section>\n\n\n\n<section class=\"wp-block-uagb-columns uagb-columns__wrap uagb-columns__background-color uagb-columns__stack-tablet uagb-columns__valign-top uagb-columns__gap-10 align uagb-block-54e3e97d uagb-columns__columns-2 uagb-columns__max_width-theme\"><div class=\"uagb-columns__overlay\"><\/div><div class=\"uagb-columns__inner-wrap uagb-columns__columns-2\">\n<div class=\"wp-block-uagb-column uagb-column__wrap uagb-column__background-color uagb-block-876cb58f\"><div class=\"uagb-column__overlay\"><\/div>\n<figure class=\"wp-block-image size-full is-style-default margin-bottom-0 vertical-align-bottom\"><img loading=\"lazy\" decoding=\"async\" width=\"1440\" height=\"700\" src=\"https:\/\/www.internetsociety.org\/wp-content\/uploads\/2024\/04\/AFPIF-2023-participants.jpg\" alt=\"A diverse group of individuals engaged in a meeting, seated around a conference table.\" class=\"wp-image-209354\" srcset=\"https:\/\/www.internetsociety.org\/wp-content\/uploads\/2024\/04\/AFPIF-2023-participants.jpg 1440w, https:\/\/www.internetsociety.org\/wp-content\/uploads\/2024\/04\/AFPIF-2023-participants-450x219.jpg 450w, https:\/\/www.internetsociety.org\/wp-content\/uploads\/2024\/04\/AFPIF-2023-participants-1024x498.jpg 1024w, https:\/\/www.internetsociety.org\/wp-content\/uploads\/2024\/04\/AFPIF-2023-participants-768x373.jpg 768w, https:\/\/www.internetsociety.org\/wp-content\/uploads\/2024\/04\/AFPIF-2023-participants-250x122.jpg 250w\" sizes=\"auto, (max-width: 1440px) 100vw, 1440px\" \/><\/figure>\n\n\n\n<div style=\"height:20px\" aria-hidden=\"true\" class=\"wp-block-spacer\"><\/div>\n\n\n\n<div class=\"wp-block-uagb-info-box uagb-block-8cc00990 uagb-infobox__content-wrap  uagb-infobox-icon-above-title uagb-infobox-image-valign-top\"><div class=\"uagb-ifb-content\"><div class=\"uagb-ifb-title-wrap\"><h4 class=\"uagb-ifb-title\">Programas T\u00e9cnicos<\/h4><\/div><p class=\"uagb-ifb-desc\">Expanda sus habilidades t\u00e9cnicas para hacer crecer Internet.<br><br><a href=\"https:\/\/www.internetsociety.org\/fellowships\/afpif\/\">Beca de Peering<\/a><br><br><a href=\"https:\/\/www.internetsociety.org\/fellowships\/ndss-symposium\/\">Beca del Simposio de NDSS<\/a><\/p><\/div><\/div>\n<\/div>\n\n\n\n<div class=\"wp-block-uagb-column uagb-column__wrap uagb-column__background-color uagb-block-dc93bfde\"><div class=\"uagb-column__overlay\"><\/div>\n<figure class=\"wp-block-image size-full is-style-default margin-bottom-0 vertical-align-bottom\"><img loading=\"lazy\" decoding=\"async\" width=\"1450\" height=\"700\" src=\"https:\/\/www.internetsociety.org\/wp-content\/uploads\/2023\/09\/morocco-training-class.jpg\" alt=\"a woman and men listening to a class\" class=\"wp-image-199335\" srcset=\"https:\/\/www.internetsociety.org\/wp-content\/uploads\/2023\/09\/morocco-training-class.jpg 1450w, https:\/\/www.internetsociety.org\/wp-content\/uploads\/2023\/09\/morocco-training-class-450x217.jpg 450w, https:\/\/www.internetsociety.org\/wp-content\/uploads\/2023\/09\/morocco-training-class-1024x494.jpg 1024w, https:\/\/www.internetsociety.org\/wp-content\/uploads\/2023\/09\/morocco-training-class-768x371.jpg 768w, https:\/\/www.internetsociety.org\/wp-content\/uploads\/2023\/09\/morocco-training-class-250x121.jpg 250w\" sizes=\"auto, (max-width: 1450px) 100vw, 1450px\" \/><\/figure>\n\n\n\n<div style=\"height:20px\" aria-hidden=\"true\" class=\"wp-block-spacer\"><\/div>\n\n\n\n<div class=\"wp-block-uagb-info-box uagb-block-99eeee14 uagb-infobox__content-wrap  uagb-infobox-icon-above-title uagb-infobox-image-valign-top\"><div class=\"uagb-ifb-content\"><div class=\"uagb-ifb-title-wrap\"><h4 class=\"uagb-ifb-title\">Learning @ Internet Society<\/h4><\/div><p class=\"uagb-ifb-desc\">Sigue&nbsp;<a href=\"https:\/\/www.internetsociety.org\/es\/learning\/\">cursos en l\u00ednea con moderador<\/a>, cursos presenciales (cuando sea seguro hacerlo) o tutoriales dise\u00f1ados seg\u00fan sus intereses y necesidades.<\/p><\/div><\/div>\n<\/div>\n<\/div><\/section>\n\n\n\n<div class=\"wp-block-columns margin-bottom-0 has-neutral-white-background-color has-background is-layout-flex wp-container-core-columns-is-layout-9d6595d7 wp-block-columns-is-layout-flex\">\n<div class=\"wp-block-column is-layout-flow wp-block-column-is-layout-flow\" style=\"flex-basis:10%\"><\/div>\n\n\n\n<div class=\"wp-block-column is-layout-flow wp-block-column-is-layout-flow\" style=\"flex-basis:80%\">\n<div style=\"height:40px\" aria-hidden=\"true\" class=\"wp-block-spacer\"><\/div>\n\n\n\n<div class=\"wp-block-media-text alignwide is-stacked-on-mobile is-image-fill-element\" style=\"grid-template-columns:33% auto\"><figure class=\"wp-block-media-text__media\"><img loading=\"lazy\" decoding=\"async\" width=\"700\" height=\"467\" src=\"https:\/\/www.internetsociety.org\/wp-content\/uploads\/2021\/11\/Medium-Community-Networks-Summit-South-Africa-September-2018.jpg\" alt=\"A man smiling and holding papers\" class=\"wp-image-156622 size-large\" style=\"object-position:50% 50%\" srcset=\"https:\/\/www.internetsociety.org\/wp-content\/uploads\/2021\/11\/Medium-Community-Networks-Summit-South-Africa-September-2018.jpg 700w, https:\/\/www.internetsociety.org\/wp-content\/uploads\/2021\/11\/Medium-Community-Networks-Summit-South-Africa-September-2018-450x300.jpg 450w, https:\/\/www.internetsociety.org\/wp-content\/uploads\/2021\/11\/Medium-Community-Networks-Summit-South-Africa-September-2018-250x167.jpg 250w\" sizes=\"auto, (max-width: 700px) 100vw, 700px\" \/><\/figure><div class=\"wp-block-media-text__content\">\n<div style=\"height:20px\" aria-hidden=\"true\" class=\"wp-block-spacer\"><\/div>\n\n\n\n<div class=\"wp-block-uagb-info-box uagb-block-4f6a4e25 uagb-infobox__content-wrap  uagb-infobox-icon-above-title uagb-infobox-image-valign-top\"><div class=\"uagb-ifb-content\"><div class=\"uagb-ifb-title-wrap\"><h4 class=\"uagb-ifb-title\">\u00bfPor qu\u00e9 Internet Society?<\/h4><\/div><p class=\"uagb-ifb-desc\">Durante 30 a\u00f1os, Internet Society ha empoderado a personas de todo el mundo para que contribuyan con el desarrollo de Internet, asegurando que esta incre\u00edble red global en la que confiamos miles de millones de personas permanezca abierta, conectada globalmente, segura y confiable. Las personas l\u00edderes de Internet conf\u00edan en nosotros porque ayudamos a construir y dar forma a Internet. <br>&nbsp;<br>Nuestros programas han estado habilitando, equipando y apoyando a las personas defensoras de Internet a nivel mundial durante m\u00e1s de 10 a\u00f1os. Nuestro enfoque de educaci\u00f3n se basa en el aprendizaje social; queremos escucharlo y alentarlo a que aprenda con nosotros. Ofrecemos a los participantes del programa la oportunidad de establecer contactos y aprender de los expertos de la industria y de Internet Society, as\u00ed como de nuestros socios acad\u00e9micos.<\/p><\/div><\/div>\n<\/div><\/div>\n\n\n\n<div style=\"height:40px\" aria-hidden=\"true\" class=\"wp-block-spacer uag-hide-mob\"><\/div>\n<\/div>\n\n\n\n<div class=\"wp-block-column is-layout-flow wp-block-column-is-layout-flow\" style=\"flex-basis:10%\"><\/div>\n<\/div>\n\n\n\n<p class=\"has-text-align-center has-neutral-white-color has-ground-navy-background-color has-text-color has-background has-12-font-size\">Derechos de autor: <br>\u00a9Tsutsumida Pictures, \u00a9 Levani Zhorzholiani, \u00a9 Urban Pixel Lebanon, \u00a9 Internet Society, \u00a9 Aubrey Attuquaye Korley, \u00a9 Rachid ait Mansour, \u00a9 Internet Society \/ Nyani Quarmyne \/ Panos Pictures<\/p>\n","protected":false},"excerpt":{"rendered":"<p>El futuro de Internet est\u00e1 en sus manos. Nuestros programas est\u00e1n dise\u00f1ados para brindarle las herramientas que necesita para tener \u00e9xito. <\/p>\n","protected":false},"author":1720,"featured_media":156615,"parent":0,"menu_order":0,"comment_status":"closed","ping_status":"closed","template":"page-wide.php","meta":{"_acf_changed":false,"_uag_custom_page_level_css":"","footnotes":""},"categories":[119],"tags":[],"region_news_regions":[],"content_category":[],"ppma_author":[5657],"class_list":["post-158291","page","type-page","status-publish","has-post-thumbnail","hentry","category-quienes-somos"],"acf":[],"uagb_featured_image_src":{"full":["https:\/\/www.internetsociety.org\/wp-content\/uploads\/2021\/11\/170917_IS-4-e1704801138448.jpg",1350,660,false],"thumbnail":["https:\/\/www.internetsociety.org\/wp-content\/uploads\/2021\/11\/170917_IS-4-150x150.jpg",150,150,true],"medium":["https:\/\/www.internetsociety.org\/wp-content\/uploads\/2021\/11\/170917_IS-4-450x220.jpg",450,220,true],"medium_large":["https:\/\/www.internetsociety.org\/wp-content\/uploads\/2021\/11\/170917_IS-4-768x375.jpg",768,375,true],"large":["https:\/\/www.internetsociety.org\/wp-content\/uploads\/2021\/11\/170917_IS-4-1024x501.jpg",1024,501,true],"1536x1536":["https:\/\/www.internetsociety.org\/wp-content\/uploads\/2021\/11\/170917_IS-4-e1704801138448.jpg",1350,660,false],"2048x2048":["https:\/\/www.internetsociety.org\/wp-content\/uploads\/2021\/11\/170917_IS-4-e1704801138448.jpg",1350,660,false],"post-thumbnail":["https:\/\/www.internetsociety.org\/wp-content\/uploads\/2021\/11\/170917_IS-4-250x122.jpg",250,122,true],"square":["https:\/\/www.internetsociety.org\/wp-content\/uploads\/2021\/11\/170917_IS-4-600x600.jpg",600,600,true],"gform-image-choice-sm":["https:\/\/www.internetsociety.org\/wp-content\/uploads\/2021\/11\/170917_IS-4-e1704801138448.jpg",300,147,false],"gform-image-choice-md":["https:\/\/www.internetsociety.org\/wp-content\/uploads\/2021\/11\/170917_IS-4-e1704801138448.jpg",400,196,false],"gform-image-choice-lg":["https:\/\/www.internetsociety.org\/wp-content\/uploads\/2021\/11\/170917_IS-4-e1704801138448.jpg",600,293,false]},"uagb_author_info":{"display_name":"Jelena Mirkovic","author_link":"https:\/\/www.internetsociety.org\/es\/author\/"},"uagb_comment_info":0,"uagb_excerpt":"El futuro de Internet est\u00e1 en sus manos. Nuestros programas est\u00e1n dise\u00f1ados para brindarle las herramientas que necesita para tener \u00e9xito.","_links":{"self":[{"href":"https:\/\/www.internetsociety.org\/es\/wp-json\/wp\/v2\/pages\/158291","targetHints":{"allow":["GET"]}}],"collection":[{"href":"https:\/\/www.internetsociety.org\/es\/wp-json\/wp\/v2\/pages"}],"about":[{"href":"https:\/\/www.internetsociety.org\/es\/wp-json\/wp\/v2\/types\/page"}],"author":[{"embeddable":true,"href":"https:\/\/www.internetsociety.org\/es\/wp-json\/wp\/v2\/users\/1720"}],"replies":[{"embeddable":true,"href":"https:\/\/www.internetsociety.org\/es\/wp-json\/wp\/v2\/comments?post=158291"}],"version-history":[{"count":0,"href":"https:\/\/www.internetsociety.org\/es\/wp-json\/wp\/v2\/pages\/158291\/revisions"}],"wp:featuredmedia":[{"embeddable":true,"href":"https:\/\/www.internetsociety.org\/es\/wp-json\/wp\/v2\/media\/156615"}],"wp:attachment":[{"href":"https:\/\/www.internetsociety.org\/es\/wp-json\/wp\/v2\/media?parent=158291"}],"wp:term":[{"taxonomy":"category","embeddable":true,"href":"https:\/\/www.internetsociety.org\/es\/wp-json\/wp\/v2\/categories?post=158291"},{"taxonomy":"post_tag","embeddable":true,"href":"https:\/\/www.internetsociety.org\/es\/wp-json\/wp\/v2\/tags?post=158291"},{"taxonomy":"region_news_regions","embeddable":true,"href":"https:\/\/www.internetsociety.org\/es\/wp-json\/wp\/v2\/region_news_regions?post=158291"},{"taxonomy":"content_category","embeddable":true,"href":"https:\/\/www.internetsociety.org\/es\/wp-json\/wp\/v2\/content_category?post=158291"},{"taxonomy":"author","embeddable":true,"href":"https:\/\/www.internetsociety.org\/es\/wp-json\/wp\/v2\/ppma_author?post=158291"}],"curies":[{"name":"wp","href":"https:\/\/api.w.org\/{rel}","templated":true}]}}