{"id":158231,"date":"2021-12-01T13:05:54","date_gmt":"2021-12-01T13:05:54","guid":{"rendered":"https:\/\/www.internetsociety.org\/?page_id=158231"},"modified":"2023-07-12T10:35:04","modified_gmt":"2023-07-12T10:35:04","slug":"chapterthon-2019","status":"publish","type":"page","link":"https:\/\/www.internetsociety.org\/es\/grants\/chapterthon\/2019\/","title":{"rendered":"Chapterthon 2019"},"content":{"rendered":"\n<div class=\"wp-block-cover background-image-fallback-black\" style=\"min-height:400px;aspect-ratio:unset;\"><span aria-hidden=\"true\" class=\"wp-block-cover__background has-background-dim-0 has-background-dim\"><\/span><img loading=\"lazy\" decoding=\"async\" width=\"1396\" height=\"796\" class=\"wp-block-cover__image-background wp-image-102020\" alt=\"Un hombre y una mujer con tres hijos, uno de los cuales sostiene un gallo, posando para una foto\" src=\"https:\/\/www.internetsociety.org\/wp-content\/uploads\/2019\/06\/Community-Networks-Murambinda-Zimbabwe-August-2018.jpg\" style=\"object-position:50% 35%\" data-object-fit=\"cover\" data-object-position=\"50% 35%\" srcset=\"https:\/\/www.internetsociety.org\/wp-content\/uploads\/2019\/06\/Community-Networks-Murambinda-Zimbabwe-August-2018.jpg 1396w, https:\/\/www.internetsociety.org\/wp-content\/uploads\/2019\/06\/Community-Networks-Murambinda-Zimbabwe-August-2018-450x257.jpg 450w, https:\/\/www.internetsociety.org\/wp-content\/uploads\/2019\/06\/Community-Networks-Murambinda-Zimbabwe-August-2018-768x438.jpg 768w, https:\/\/www.internetsociety.org\/wp-content\/uploads\/2019\/06\/Community-Networks-Murambinda-Zimbabwe-August-2018-1024x584.jpg 1024w, https:\/\/www.internetsociety.org\/wp-content\/uploads\/2019\/06\/Community-Networks-Murambinda-Zimbabwe-August-2018-250x143.jpg 250w\" sizes=\"auto, (max-width: 1396px) 100vw, 1396px\" \/><div class=\"wp-block-cover__inner-container is-layout-flow wp-block-cover-is-layout-flow\">\n<p class=\"has-large-font-size\"><\/p>\n<\/div><\/div>\n\n\n\n<section class=\"wp-block-uagb-columns uagb-columns__wrap uagb-columns__background-color uagb-columns__stack-mobile uagb-columns__valign- uagb-columns__gap-10 align uagb-block-50e460ad uagb-columns__columns-2 uagb-columns__max_width-theme\"><div class=\"uagb-columns__overlay\"><\/div><div class=\"uagb-columns__inner-wrap uagb-columns__columns-2\">\n<div class=\"wp-block-uagb-column uagb-column__wrap uagb-column__background-color uagb-block-11d3a7ac\"><div class=\"uagb-column__overlay\"><\/div>\n<div style=\"height:40px\" aria-hidden=\"true\" class=\"wp-block-spacer\"><\/div>\n\n\n\n<figure class=\"wp-block-embed is-type-video is-provider-youtube wp-block-embed-youtube wp-embed-aspect-16-9 wp-has-aspect-ratio\"><div class=\"wp-block-embed__wrapper\">\n<iframe loading=\"lazy\" title=\"Chapterthon 2019 Winners\" width=\"500\" height=\"281\" src=\"https:\/\/www.youtube.com\/embed\/lLY_f-85EVg?feature=oembed\" frameborder=\"0\" allow=\"accelerometer; autoplay; clipboard-write; encrypted-media; gyroscope; picture-in-picture; web-share\" referrerpolicy=\"strict-origin-when-cross-origin\" allowfullscreen><\/iframe>\n<\/div><\/figure>\n<\/div>\n\n\n\n<div class=\"wp-block-uagb-column uagb-column__wrap uagb-column__background-undefined uagb-block-13789f92\"><div class=\"uagb-column__overlay\"><\/div>\n<div style=\"height:40px\" aria-hidden=\"true\" class=\"wp-block-spacer\"><\/div>\n\n\n\n<h1 class=\"wp-block-heading has-text-align-left has-depth-green-color has-text-color\">Chapterthon 2019 <\/h1>\n\n\n\n<div style=\"height:30px\" aria-hidden=\"true\" class=\"wp-block-spacer\"><\/div>\n\n\n\n<h2 class=\"wp-block-heading has-depth-green-color has-text-color has-48-font-size\">Ganadores <\/h2>\n\n\n\n<div style=\"height:30px\" aria-hidden=\"true\" class=\"wp-block-spacer\"><\/div>\n\n\n\n<p>1er premio: <a href=\"http:\/\/isoc-ny.org\/\">Cap\u00edtulo de Nueva York de EE. UU.<\/a><br>Primera instalaci\u00f3n anual NYC Mesh: este proyecto tiene como objetivo movilizar un gran equipo de voluntarios en un solo d\u00eda para expandir la red comunitaria NYC Mesh a al menos seis nuevas ubicaciones y conectar \u00e1reas desatendidas de la ciudad de Nueva York.<\/p>\n\n\n\n<p>2do premio: <a href=\"http:\/\/internetsouthafrica.org.za\/\">Cap\u00edtulo de Sud\u00e1frica<\/a><br>Hotspots Wi-Fi de Qokolweni: este proyecto proporcionar\u00e1 hotspots para peque\u00f1as comunidades desfavorecidas que requieren una conexi\u00f3n a Internet para comunicarse y aprender.<\/p>\n\n\n\n<p>3er premio: <a href=\"http:\/\/www.isoc.gh\/\">Cap\u00edtulo de Ghana<\/a><br>RADIONET: Este proyecto tiene como objetivo crear un sistema de acceso a la informaci\u00f3n para las comunidades locales, en su propio idioma, proporcionando un sistema de transmisi\u00f3n de FM donde las comunidades rurales no pueden acceder.<\/p>\n\n\n\n<p class=\"has-green-color has-text-color\">Un gran agradecimiento a nuestros Cap\u00edtulos por sus importantes avances hacia la conexi\u00f3n del mundo, \u00a1una comunidad a la vez!<\/p>\n\n\n\n<div style=\"height:20px\" aria-hidden=\"true\" class=\"wp-block-spacer\"><\/div>\n\n\n\n<div class=\"wp-block-buttons is-vertical is-layout-flex wp-container-core-buttons-is-layout-8cf370e7 wp-block-buttons-is-layout-flex\">\n<div class=\"wp-block-button is-style-fill\"><a class=\"wp-block-button__link has-neutral-white-color has-depth-green-background-color has-text-color has-background wp-element-button\" href=\"https:\/\/www.internetsociety.org\/grants\/chapterthon\/2019\/projects\/\">Ver los proyectos<\/a><\/div>\n<\/div>\n<\/div>\n<\/div><\/section>\n\n\n\n<section class=\"wp-block-uagb-columns uagb-columns__wrap uagb-columns__background-color uagb-columns__stack-mobile uagb-columns__valign- uagb-columns__gap-10 align uagb-block-f4703966 uagb-columns__columns-2 uagb-columns__max_width-theme\"><div class=\"uagb-columns__overlay\"><\/div><div class=\"uagb-columns__inner-wrap uagb-columns__columns-2\">\n<div class=\"wp-block-uagb-column uagb-column__wrap uagb-column__background-color uagb-block-9d69dcc3\"><div class=\"uagb-column__overlay\"><\/div>\n<section class=\"wp-block-uagb-columns uagb-columns__wrap uagb-columns__background-image uagb-columns__stack-mobile uagb-columns__valign- uagb-columns__gap-10 align uagb-block-4f6e6cc2 uagb-columns__columns-1 uagb-columns__max_width-theme background-image-fallback-black\"><div class=\"uagb-columns__overlay\"><\/div><div class=\"uagb-columns__inner-wrap uagb-columns__columns-1\">\n<div class=\"wp-block-uagb-column uagb-column__wrap uagb-column__background-undefined uagb-block-69e34e28\"><div class=\"uagb-column__overlay\"><\/div>\n<p class=\"has-neutral-white-color has-text-color\">El Chapterthon es una competencia internacional entre los cap\u00edtulos de Internet Society. En esta competencia,&nbsp;todos los&nbsp;cap\u00edtulos de Internet Society pueden participar a trav\u00e9s del desarrollo de un proyecto que busca&nbsp;alcanzar un objetivo com\u00fan relacionado con el desarrollo de la educaci\u00f3n y de la Internet, con un mismo plazo y un mismo presupuesto. Cada proyecto presentar\u00e1 un video de 3 minutos de duraci\u00f3n donde se describir\u00e1n&nbsp;los detalles y beneficios del proyecto para la comunidad. Los proyectos ganadores recibir\u00e1n un premio. <\/p>\n<\/div>\n<\/div><\/section>\n<\/div>\n\n\n\n<div class=\"wp-block-uagb-column uagb-column__wrap uagb-column__background-undefined uagb-block-45e5f060\"><div class=\"uagb-column__overlay\"><\/div>\n<h2 class=\"wp-block-heading has-depth-green-color has-text-color has-48-font-size\">\u00bfQu\u00e9 es Chapterthon? <\/h2>\n\n\n\n<div style=\"height:30px\" aria-hidden=\"true\" class=\"wp-block-spacer\"><\/div>\n\n\n\n<p>Nuestro mundo est\u00e1&nbsp;conectado digitalmente&nbsp;m\u00e1s que nunca, aunque sigue habiendo barreras para la mitad de la poblaci\u00f3n mundial que todav\u00eda no est\u00e1 conectada.<\/p>\n\n\n\n<p>Para hacer frente a este problema, estamos trabajando con comunidades de todo el mundo para lograr que algunos de los lugares a los que es m\u00e1s dif\u00edcil llegar est\u00e9n conectados.<\/p>\n\n\n\n<p>Para 2019, los proyectos del cap\u00edtulo ayudaron a Conectar a los no conectados porque inclusive la \u00faltima persona del planeta est\u00e1 incluida en la consigna de Internet para \u00abtodos\u00bb, y no descansaremos hasta que cada persona tenga la opci\u00f3n de elegir estar conectada.&nbsp;<\/p>\n\n\n\n<p>Est\u00e1bamos buscando entre nuestros cap\u00edtulos y los Grupos de Inter\u00e9s Especial (SIG), proyectos a corto plazo creativos, innovadores y que tengan impacto y que se desarrollen \u00abpara la comunidad, con la comunidad y por la comunidad\u00bb.<\/p>\n\n\n\n<div style=\"height:30px\" aria-hidden=\"true\" class=\"wp-block-spacer\"><\/div>\n\n\n\n<h2 class=\"wp-block-heading has-depth-green-color has-text-color has-48-font-size\">\u00bfC\u00f3mo participo?<\/h2>\n\n\n\n<div style=\"height:30px\" aria-hidden=\"true\" class=\"wp-block-spacer\"><\/div>\n\n\n\n<p>Invitamos a todos los miembros del cap\u00edtulo a hacer lo siguiente:<\/p>\n\n\n\n<ol class=\"wp-block-list\" id=\"block-24b59c61-f628-4965-81f4-20bb0e1f32bc\">\n<li>Pensar en un proyecto que encaje en los temas mencionados anteriormente.<\/li>\n\n\n\n<li>Contactar a otros miembros del cap\u00edtulo y formar un equipo.<\/li>\n\n\n\n<li>Asegurarse de que la comunidad&nbsp;a la que desea ayudar est\u00e1 interesada en participar junto con usted en el proyecto.<\/li>\n\n\n\n<li>Evaluar oportunidades de auspicio local.<\/li>\n\n\n\n<li>Enviar su idea de proyecto y presupuesto estimado al Consejo del cap\u00edtulo.<\/li>\n\n\n\n<li>Para facilitar la preparaci\u00f3n de su solicitud, descargue el&nbsp;<a href=\"https:\/\/www.internetsociety.org\/wp-content\/uploads\/2019\/06\/Chapterthon2019-Questionnaire_Spanish_Latin_America.docx\">cuestionario<\/a>.<\/li>\n<\/ol>\n\n\n\n<p>El consejo del cap\u00edtulo fue responsable de seleccionar el proyecto que representaba al cap\u00edtulo en la competencia Chapterthon&nbsp;y de presentar la solicitud.&nbsp;Cada cap\u00edtulo podr\u00eda presentar solo un proyecto.<\/p>\n\n\n\n<div style=\"height:30px\" aria-hidden=\"true\" class=\"wp-block-spacer\"><\/div>\n\n\n\n<h2 class=\"wp-block-heading has-depth-green-color has-text-color has-48-font-size\">Proceso de revisi\u00f3n de solicitudes <\/h2>\n\n\n\n<div style=\"height:30px\" aria-hidden=\"true\" class=\"wp-block-spacer\"><\/div>\n\n\n\n<p>El personal de Internet Society revis\u00f3 las solicitudes para determinar si las actividades cumplen con los criterios de&nbsp;elegibilidad y las pautas del programa,&nbsp;de&nbsp;una manera que refleje los valores y la misi\u00f3n de Internet Society. Durante este per\u00edodo, el personal podr\u00e1 contactarse con los solicitantes para solicitar m\u00e1s informaci\u00f3n.<\/p>\n\n\n\n<p>El panel de expertos del Chapterthon&nbsp;junto con la comunidad de miembros de Internet Society&nbsp;seleccionaron al mejor proyecto.<\/p>\n\n\n\n<div style=\"height:20px\" aria-hidden=\"true\" class=\"wp-block-spacer\"><\/div>\n\n\n\n<h3 class=\"wp-block-heading has-32-font-size\">Candidatos seleccionados<\/h3>\n\n\n\n<div style=\"height:20px\" aria-hidden=\"true\" class=\"wp-block-spacer\"><\/div>\n\n\n\n<p>En el caso de las ayudas econ\u00f3micas adjudicadas por Internet Society&nbsp;a los cap\u00edtulos y a los SIG, se tuvo que firmar un convenio de ayuda financiera para desembolsar los fondos. <\/p>\n\n\n\n<div style=\"height:40px\" aria-hidden=\"true\" class=\"wp-block-spacer\"><\/div>\n\n\n\n<h2 class=\"wp-block-heading has-depth-green-color has-text-color has-48-font-size\">\u00bfQu\u00e9 recibir\u00e1n los cap\u00edtulos ganadores?<\/h2>\n\n\n\n<div style=\"height:30px\" aria-hidden=\"true\" class=\"wp-block-spacer\"><\/div>\n\n\n\n<ul class=\"wp-block-list\">\n<li>El panel de expertos del Chapterthon&nbsp;junto con la comunidad de miembros de Internet Society&nbsp;seleccionaron el mejor proyecto.<\/li>\n\n\n\n<li>Los tres mejores proyectos recibieron un premio.<\/li>\n\n\n\n<li>Todos los participantes recibieron un certificado de participaci\u00f3n luego de enviar el informe del proyecto y el video.<\/li>\n\n\n\n<li>Subimos todos los videos de proyectos al sitio web y al canal de YouTube de Internet Society.<\/li>\n\n\n\n<li>El ganador sse anunci\u00f3 \u00e1 en listas de correo electr\u00f3nico, en medios sociales y en el blog de Proyectos comunitarios.<\/li>\n<\/ul>\n\n\n\n<div style=\"height:30px\" aria-hidden=\"true\" class=\"wp-block-spacer\"><\/div>\n\n\n\n<h2 class=\"wp-block-heading has-depth-green-color has-text-color has-48-font-size\" id=\"eligibility\">Elegibilidad y requisitos<\/h2>\n\n\n\n<div style=\"height:30px\" aria-hidden=\"true\" class=\"wp-block-spacer\"><\/div>\n\n\n\n<p class=\"has-green-color has-text-color\">Para poder participar en el financiamiento del Chapterthon&nbsp;2019, su proyecto \u2018Conectar a los no conectados\u2019 ten\u00eda que incluirse en una de las siguientes categor\u00edas:<\/p>\n\n\n\n<ul class=\"wp-block-list\">\n<li>Brindar acceso a zonas rurales, remotas y urbanas desfavorecidas,<\/li>\n\n\n\n<li>Potenciar las plataformas de las redes comunitarias actuales mediante un mejor acceso a la informaci\u00f3n y a los servicios,<\/li>\n\n\n\n<li>Mejorar el desarrollo de las habilidades digitales para una mayor inclusi\u00f3n de toda la comunidad,<\/li>\n\n\n\n<li>Promover las redes comunitarias que ofrezcan oportunidades para el desarrollo econ\u00f3mico y social, e<\/li>\n\n\n\n<li>\u00a1Innovar! Ayudar a generar nuevas formas de ofrecer conectividad a Internet.<\/li>\n<\/ul>\n\n\n\n<div style=\"height:20px\" aria-hidden=\"true\" class=\"wp-block-spacer\"><\/div>\n\n\n\n<h3 class=\"wp-block-heading has-32-font-size\">Requisitos de elegibilidad<strong>&nbsp;<\/strong><\/h3>\n\n\n\n<div style=\"height:20px\" aria-hidden=\"true\" class=\"wp-block-spacer\"><\/div>\n\n\n\n<ul class=\"wp-block-list\">\n<li>Los cap\u00edtulos y los SIG de Internet Society activos (lo que incluye aquellos en proceso de pre-reactivaci\u00f3n) podr\u00edan aplicarse, y deb\u00edan cumplir como m\u00ednimo con los est\u00e1ndares del cap\u00edtulo que se se\u00f1alan en&nbsp;<a href=\"https:\/\/www.internetsociety.org\/chapters\/start\/application\/chapter-charter\/\">el Estatuto del cap\u00edtulo<\/a>.<\/li>\n\n\n\n<li>No se pudieron considerar las solicitudes de los cap\u00edtulos que est\u00e1n pasando por un proceso de reactivaci\u00f3n. <\/li>\n\n\n\n<li>Los SIG podr\u00edan postularse para proyectos, de manera ideal en colaboraci\u00f3n con&nbsp;<a href=\"https:\/\/www.internetsociety.org\/es\/chapters\/#find-your-chapter\">un cap\u00edtulo local<\/a>,&nbsp;y definir las funciones y responsabilidades a trav\u00e9s de un memorando de entendimiento, que se presentado junto con la solicitud del cap\u00edtulo. De ser aprobado, el cap\u00edtulo ten\u00eda que asumir responsabilidad por los fondos y por rendir cuentas&nbsp;del desarrollo y los logros del proyecto.<\/li>\n\n\n\n<li>Para ser elegible para la ayuda financiera de 2019, los cap\u00edtulos y los SIG deben haber presentado los informes de financiamiento requeridos de a\u00f1os anteriores.<\/li>\n\n\n\n<li>Solo los cap\u00edtulos con una cuenta bancaria oficial a su nombre podr\u00edan recibir fondos de Internet Society.<\/li>\n\n\n\n<li>El Chapterthon es un programa de financiamiento&nbsp;de cap\u00edtulos. Los miembros de cada cap\u00edtulo tuvieron que trabajar con sus l\u00edderes para desarrollar sus proyectos.<\/li>\n<\/ul>\n\n\n\n<div style=\"height:20px\" aria-hidden=\"true\" class=\"wp-block-spacer\"><\/div>\n\n\n\n<h3 class=\"wp-block-heading has-32-font-size\">Financiamiento<\/h3>\n\n\n\n<div style=\"height:20px\" aria-hidden=\"true\" class=\"wp-block-spacer\"><\/div>\n\n\n\n<p>Todos los proyectos recibieron un financiamiento de hasta USD 2,000 y los participantes tuvieron dos meses para completar su proyecto.<\/p>\n\n\n\n<div style=\"height:30px\" aria-hidden=\"true\" class=\"wp-block-spacer\"><\/div>\n\n\n\n<h2 class=\"wp-block-heading has-text-align-left has-depth-green-color has-text-color has-48-font-size\" id=\"timeline\">M\u00e1s informaci\u00f3n<\/h2>\n\n\n\n<div style=\"height:30px\" aria-hidden=\"true\" class=\"wp-block-spacer\"><\/div>\n\n\n\n<ul class=\"wp-block-list\">\n<li><a href=\"https:\/\/www.internetsociety.org\/es\/become-a-member\/\">Convi\u00e9rtase en un miembro<\/a><\/li>\n\n\n\n<li>Incorp\u00f3rese&nbsp;a&nbsp;<a href=\"https:\/\/www.internetsociety.org\/es\/chapters\/\">un cap\u00edtulo<\/a>&nbsp;o&nbsp;<a href=\"https:\/\/www.internetsociety.org\/es\/sigs\/\">Grupo de inter\u00e9s especial<\/a><\/li>\n\n\n\n<li>Descubra c\u00f3mo puede ayudar a&nbsp;<a href=\"\/?cat_ID=29\">conectar al mundo<\/a><\/li>\n\n\n\n<li>Descubra m\u00e1s acerca de las&nbsp;<a href=\"https:\/\/www.internetsociety.org\/es\/issues\/redes-comunitarias\/\">Redes comunitarias<\/a><\/li>\n<\/ul>\n\n\n\n<div style=\"height:20px\" aria-hidden=\"true\" class=\"wp-block-spacer\"><\/div>\n\n\n\n<h3 class=\"wp-block-heading has-32-font-size\">\u00bfPreguntas?<\/h3>\n\n\n\n<div style=\"height:20px\" aria-hidden=\"true\" class=\"wp-block-spacer\"><\/div>\n\n\n\n<ul class=\"wp-block-list\">\n<li>Si tiene preguntas sobre este programa o el proceso de solicitud, comun\u00edquese con <a href=\"mailto:chapter-support@isoc.org\">chapter-support@isoc.org<\/a>.<\/li>\n<\/ul>\n<\/div>\n<\/div><\/section>\n\n\n\n<p class=\"has-text-align-center has-white-color has-ground-navy-background-color has-text-color has-background has-12-font-size\">Credito de imagen: \u00a9 Internet Society \/ Nyani Quarmyne \/ Panos Pictures<\/p>\n","protected":false},"excerpt":{"rendered":"<p>Para 2019, los proyectos del cap\u00edtulos ayudaron a conectar a los no conectados porque inclusive la \u00faltima persona del planeta est\u00e1 incluida en la consigna de Internet para \u00abtodos\u00bb.<\/p>\n","protected":false},"author":11,"featured_media":102021,"parent":0,"menu_order":0,"comment_status":"closed","ping_status":"closed","template":"page-wide.php","meta":{"_acf_changed":false,"_uag_custom_page_level_css":"","footnotes":""},"categories":[5694],"tags":[],"region_news_regions":[],"content_category":[],"ppma_author":[5657],"class_list":["post-158231","page","type-page","status-publish","has-post-thumbnail","hentry","category-comunidad"],"acf":[],"uagb_featured_image_src":{"full":["https:\/\/www.internetsociety.org\/wp-content\/uploads\/2019\/06\/Community-Networks-Murambinda-Zimbabwe-August-2018.jpg",1396,796,false],"thumbnail":["https:\/\/www.internetsociety.org\/wp-content\/uploads\/2019\/06\/Community-Networks-Murambinda-Zimbabwe-August-2018-150x150.jpg",150,150,true],"medium":["https:\/\/www.internetsociety.org\/wp-content\/uploads\/2019\/06\/Community-Networks-Murambinda-Zimbabwe-August-2018-450x257.jpg",450,257,true],"medium_large":["https:\/\/www.internetsociety.org\/wp-content\/uploads\/2019\/06\/Community-Networks-Murambinda-Zimbabwe-August-2018-768x438.jpg",768,438,true],"large":["https:\/\/www.internetsociety.org\/wp-content\/uploads\/2019\/06\/Community-Networks-Murambinda-Zimbabwe-August-2018-1024x584.jpg",1024,584,true],"1536x1536":["https:\/\/www.internetsociety.org\/wp-content\/uploads\/2019\/06\/Community-Networks-Murambinda-Zimbabwe-August-2018.jpg",1396,796,false],"2048x2048":["https:\/\/www.internetsociety.org\/wp-content\/uploads\/2019\/06\/Community-Networks-Murambinda-Zimbabwe-August-2018.jpg",1396,796,false],"post-thumbnail":["https:\/\/www.internetsociety.org\/wp-content\/uploads\/2019\/06\/Community-Networks-Murambinda-Zimbabwe-August-2018-250x143.jpg",250,143,true],"square":["https:\/\/www.internetsociety.org\/wp-content\/uploads\/2019\/06\/Community-Networks-Murambinda-Zimbabwe-August-2018-600x600.jpg",600,600,true],"gform-image-choice-sm":["https:\/\/www.internetsociety.org\/wp-content\/uploads\/2019\/06\/Community-Networks-Murambinda-Zimbabwe-August-2018.jpg",300,171,false],"gform-image-choice-md":["https:\/\/www.internetsociety.org\/wp-content\/uploads\/2019\/06\/Community-Networks-Murambinda-Zimbabwe-August-2018.jpg",400,228,false],"gform-image-choice-lg":["https:\/\/www.internetsociety.org\/wp-content\/uploads\/2019\/06\/Community-Networks-Murambinda-Zimbabwe-August-2018.jpg",600,342,false]},"uagb_author_info":{"display_name":"Internet Society","author_link":"https:\/\/www.internetsociety.org\/es\/author\/isoc\/"},"uagb_comment_info":0,"uagb_excerpt":"Para 2019, los proyectos del cap\u00edtulos ayudaron a conectar a los no conectados porque inclusive la \u00faltima persona del planeta est\u00e1 incluida en la consigna de Internet para \u00abtodos\u00bb.","_links":{"self":[{"href":"https:\/\/www.internetsociety.org\/es\/wp-json\/wp\/v2\/pages\/158231","targetHints":{"allow":["GET"]}}],"collection":[{"href":"https:\/\/www.internetsociety.org\/es\/wp-json\/wp\/v2\/pages"}],"about":[{"href":"https:\/\/www.internetsociety.org\/es\/wp-json\/wp\/v2\/types\/page"}],"author":[{"embeddable":true,"href":"https:\/\/www.internetsociety.org\/es\/wp-json\/wp\/v2\/users\/11"}],"replies":[{"embeddable":true,"href":"https:\/\/www.internetsociety.org\/es\/wp-json\/wp\/v2\/comments?post=158231"}],"version-history":[{"count":0,"href":"https:\/\/www.internetsociety.org\/es\/wp-json\/wp\/v2\/pages\/158231\/revisions"}],"wp:featuredmedia":[{"embeddable":true,"href":"https:\/\/www.internetsociety.org\/es\/wp-json\/wp\/v2\/media\/102021"}],"wp:attachment":[{"href":"https:\/\/www.internetsociety.org\/es\/wp-json\/wp\/v2\/media?parent=158231"}],"wp:term":[{"taxonomy":"category","embeddable":true,"href":"https:\/\/www.internetsociety.org\/es\/wp-json\/wp\/v2\/categories?post=158231"},{"taxonomy":"post_tag","embeddable":true,"href":"https:\/\/www.internetsociety.org\/es\/wp-json\/wp\/v2\/tags?post=158231"},{"taxonomy":"region_news_regions","embeddable":true,"href":"https:\/\/www.internetsociety.org\/es\/wp-json\/wp\/v2\/region_news_regions?post=158231"},{"taxonomy":"content_category","embeddable":true,"href":"https:\/\/www.internetsociety.org\/es\/wp-json\/wp\/v2\/content_category?post=158231"},{"taxonomy":"author","embeddable":true,"href":"https:\/\/www.internetsociety.org\/es\/wp-json\/wp\/v2\/ppma_author?post=158231"}],"curies":[{"name":"wp","href":"https:\/\/api.w.org\/{rel}","templated":true}]}}