{"id":158191,"date":"2021-11-29T19:09:42","date_gmt":"2021-11-29T19:09:42","guid":{"rendered":"https:\/\/www.internetsociety.org\/?page_id=158191"},"modified":"2023-07-12T10:24:03","modified_gmt":"2023-07-12T10:24:03","slug":"chapterthon-2017","status":"publish","type":"page","link":"https:\/\/www.internetsociety.org\/es\/grants\/chapterthon\/2017\/","title":{"rendered":"Chapterthon 2017"},"content":{"rendered":"\n<div class=\"wp-block-cover is-light\" style=\"min-height:500px;aspect-ratio:unset;\"><span aria-hidden=\"true\" class=\"wp-block-cover__background has-background-dim-0 has-background-dim\"><\/span><img loading=\"lazy\" decoding=\"async\" width=\"1280\" height=\"516\" class=\"wp-block-cover__image-background wp-image-158669\" alt=\"una chica con el cartel de Coding Sisters a su lado\" src=\"https:\/\/www.internetsociety.org\/wp-content\/uploads\/2021\/11\/chapterthon2017-winner.png\" data-object-fit=\"cover\" srcset=\"https:\/\/www.internetsociety.org\/wp-content\/uploads\/2021\/11\/chapterthon2017-winner.png 1280w, https:\/\/www.internetsociety.org\/wp-content\/uploads\/2021\/11\/chapterthon2017-winner-450x181.png 450w, https:\/\/www.internetsociety.org\/wp-content\/uploads\/2021\/11\/chapterthon2017-winner-1024x413.png 1024w, https:\/\/www.internetsociety.org\/wp-content\/uploads\/2021\/11\/chapterthon2017-winner-768x310.png 768w, https:\/\/www.internetsociety.org\/wp-content\/uploads\/2021\/11\/chapterthon2017-winner-250x101.png 250w\" sizes=\"auto, (max-width: 1280px) 100vw, 1280px\" \/><div class=\"wp-block-cover__inner-container is-layout-flow wp-block-cover-is-layout-flow\">\n<p class=\"has-large-font-size\"><\/p>\n<\/div><\/div>\n\n\n\n<section class=\"wp-block-uagb-columns uagb-columns__wrap uagb-columns__background-color uagb-columns__stack-mobile uagb-columns__valign- uagb-columns__gap-10 align uagb-block-0008a49b uagb-columns__columns-2 uagb-columns__max_width-theme\"><div class=\"uagb-columns__overlay\"><\/div><div class=\"uagb-columns__inner-wrap uagb-columns__columns-2\">\n<div class=\"wp-block-uagb-column uagb-column__wrap uagb-column__background-color uagb-block-5a86d692\"><div class=\"uagb-column__overlay\"><\/div>\n<div style=\"height:40px\" aria-hidden=\"true\" class=\"wp-block-spacer\"><\/div>\n\n\n\n<figure class=\"wp-block-embed is-type-video is-provider-youtube wp-block-embed-youtube wp-embed-aspect-16-9 wp-has-aspect-ratio\"><div class=\"wp-block-embed__wrapper\">\n<iframe loading=\"lazy\" title=\"Chapterthon 2017 - Coding Sisters\" width=\"500\" height=\"281\" src=\"https:\/\/www.youtube.com\/embed\/DZZt7YMS7fA?feature=oembed\" frameborder=\"0\" allow=\"accelerometer; autoplay; clipboard-write; encrypted-media; gyroscope; picture-in-picture; web-share\" referrerpolicy=\"strict-origin-when-cross-origin\" allowfullscreen><\/iframe>\n<\/div><\/figure>\n<\/div>\n\n\n\n<div class=\"wp-block-uagb-column uagb-column__wrap uagb-column__background-undefined uagb-block-ee2482fd\"><div class=\"uagb-column__overlay\"><\/div>\n<div style=\"height:40px\" aria-hidden=\"true\" class=\"wp-block-spacer\"><\/div>\n\n\n\n<h1 class=\"wp-block-heading has-text-align-left has-depth-green-color has-text-color\">Chapterthon 2017: Escuelas digitales <\/h1>\n\n\n\n<div style=\"height:30px\" aria-hidden=\"true\" class=\"wp-block-spacer\"><\/div>\n\n\n\n<h2 class=\"wp-block-heading has-depth-green-color has-text-color has-48-font-size\">Ganadores <\/h2>\n\n\n\n<div style=\"height:30px\" aria-hidden=\"true\" class=\"wp-block-spacer\"><\/div>\n\n\n\n<p>Treinta los cap\u00edtulos de Internet Society de todas las regiones han trabajado arduamente para extender los beneficios del uso de Internet en la educaci\u00f3n a sus comunidades. Conectando escuelas a Internet, ense\u00f1ando c\u00f3digos a ni\u00f1as, capacitando profesores y padres, creando conciencia sobre el uso seguro de Internet, desarrollando una plataforma en l\u00ednea para una escuela y ayudando a crear contenido educativo y local son solo algunos ejemplos del incre\u00edble trabajo hecho por nuestros Cap\u00edtulos. <\/p>\n\n\n\n<p>Cada proyecto ha demostrado a nosotros una vez m\u00e1s que Internet juega un papel importante para lograr el Objetivo de Desarrollo Sostenible en Educaci\u00f3n. Cada proyecto ha contribuido a dar forma al futuro de los ni\u00f1os, los padres y los profesores.<\/p>\n\n\n\n<p class=\"has-green-color has-text-color\">Si bien todos los proyectos han dejado una marca importante en las escuelas locales, los miembros de la comunidad de Internet Society han votado y seleccionado el mejor. El ganador de Chapterthon 2017 es el Cap\u00edtulo Internet Society Turkey para el proyecto Coding Sisters, que ten\u00eda el objetivo de ampliar las oportunidades para que las ni\u00f1as pueden involucrarse m\u00e1s en el campo de STEM. <\/p>\n\n\n\n<div style=\"height:10px\" aria-hidden=\"true\" class=\"wp-block-spacer\"><\/div>\n\n\n\n<div class=\"wp-block-buttons is-vertical is-layout-flex wp-container-core-buttons-is-layout-8cf370e7 wp-block-buttons-is-layout-flex\">\n<div class=\"wp-block-button is-style-fill\"><a class=\"wp-block-button__link has-neutral-white-color has-depth-green-background-color has-text-color has-background wp-element-button\" href=\"https:\/\/www.internetsociety.org\/es\/grants\/chapterthon\/2017\/projects\/\">Ver los proyectos<\/a><\/div>\n<\/div>\n\n\n\n<div style=\"height:30px\" aria-hidden=\"true\" class=\"wp-block-spacer\"><\/div>\n\n\n\n<h2 class=\"wp-block-heading has-depth-green-color has-text-color has-48-font-size\">Chapterthon \u00ab\u00a1Escuelas digitales!\u00bb es el ganador del Premio WSIS 2018 <\/h2>\n\n\n\n<div style=\"height:30px\" aria-hidden=\"true\" class=\"wp-block-spacer\"><\/div>\n\n\n\n<p>Chapterthon 2017 ha ganado el Premio WSIS 2018 para la Categor\u00eda C11: Cooperaci\u00f3n Internacional y Regional.&nbsp;<a href=\"https:\/\/www.itu.int\/net4\/wsis\/prizes\/2018\/\" target=\"_blank\" rel=\"noreferrer noopener\">WSIS Prizes<\/a>&nbsp;es un concurso internacional \u00fanico desarrollado para mostrar los proyectos que est\u00e1n aprovechando el poder de las TIC para alcanzar los ODS de las Naciones Unidas, 17 objetivos mundiales dedicados a construir un mundo mejor para 2030. <\/p>\n\n\n\n<p>30 Los cap\u00edtulos de Internet Society de todas las regiones han trabajado arduamente para extender los beneficios del uso de Internet en la educaci\u00f3n a sus comunidades. Conectando escuelas a Internet, ense\u00f1ando c\u00f3digos a ni\u00f1as, capacitando profesores y padres, creando conciencia sobre el uso seguro de Internet, desarrollando una plataforma en l\u00ednea para una escuela y ayudando a crear contenido educativo y local son solo algunos ejemplos del incre\u00edble trabajo hecho por nuestros Cap\u00edtulos.<\/p>\n<\/div>\n<\/div><\/section>\n\n\n\n<section class=\"wp-block-uagb-columns uagb-columns__wrap uagb-columns__background-color uagb-columns__stack-mobile uagb-columns__valign- uagb-columns__gap-10 align uagb-block-a7883854 uagb-columns__columns-2 uagb-columns__max_width-theme\"><div class=\"uagb-columns__overlay\"><\/div><div class=\"uagb-columns__inner-wrap uagb-columns__columns-2\">\n<div class=\"wp-block-uagb-column uagb-column__wrap uagb-column__background-color uagb-block-25a606ce\"><div class=\"uagb-column__overlay\"><\/div>\n<section class=\"wp-block-uagb-columns uagb-columns__wrap uagb-columns__background-image uagb-columns__stack-mobile uagb-columns__valign- uagb-columns__gap-10 align uagb-block-6b64e8c1 uagb-columns__columns-1 uagb-columns__max_width-theme background-image-fallback-black\"><div class=\"uagb-columns__overlay\"><\/div><div class=\"uagb-columns__inner-wrap uagb-columns__columns-1\">\n<div class=\"wp-block-uagb-column uagb-column__wrap uagb-column__background-undefined uagb-block-f76cb906\"><div class=\"uagb-column__overlay\"><\/div>\n<p class=\"has-neutral-white-color has-text-color\">Un Chapterthon es una competencia internacional entre los Cap\u00edtulos de Internet Society. Los Cap\u00edtulos pueden participar desarrollando un proyecto destinado a alcanzar un objetivo com\u00fan relacionado con el desarrollo de la educaci\u00f3n y de Internet, dentro de un mismo plazo y un mismo presupuesto. Una vez finalizados los proyectos, el mejor recibe un premio. <\/p>\n<\/div>\n<\/div><\/section>\n<\/div>\n\n\n\n<div class=\"wp-block-uagb-column uagb-column__wrap uagb-column__background-undefined uagb-block-f5e5adb8\"><div class=\"uagb-column__overlay\"><\/div>\n<h2 class=\"wp-block-heading has-depth-green-color has-text-color has-48-font-size\">\u00bfQu\u00e9 es un Chapterthon? <\/h2>\n\n\n\n<div style=\"height:30px\" aria-hidden=\"true\" class=\"wp-block-spacer\"><\/div>\n\n\n\n<p>Internet Society (ISOC) busca mejorar la calidad de vida de las personas de todo el mundo ofreci\u00e9ndoles el valioso acceso a una Internet abierta, confiable y global. La adopci\u00f3n de los 17 Objetivos de desarrollo sostenible (SDG) de la ONU en septiembre de 2015 nos proporcion\u00f3 un marco claro para aumentar nuestros esfuerzos de desarrollo y reforzar el compromiso de llevar los beneficios de una Internet conectada globalmente a todos.<\/p>\n\n\n\n<p>Siempre hemos considerado a Internet como un facilitador cr\u00edtico del desarrollo sostenible y creemos que el acceso a Internet ayudar\u00e1 a acelerar el logro de todos los SDG.<\/p>\n\n\n\n<p>Para hacerlo realidad y mostrar el impacto de Internet en el logro de los SDG, queremos ayudar a nuestros Cap\u00edtulos a producir cambios en un SDG en particular: el SDG4, Garantizar una educaci\u00f3n inclusiva, equitativa y de calidad y promover oportunidades de aprendizaje durante toda la vida para todos.<\/p>\n\n\n\n<p>El tema para 2017 es Educaci\u00f3n e Internet. Los proyectos deben ajustarse a una de las siguientes categor\u00edas: <\/p>\n\n\n\n<ul class=\"wp-block-list\">\n<li>Alfabetizaci\u00f3n digital<\/li>\n\n\n\n<li>Rastro digital<\/li>\n\n\n\n<li>Eventos de codificaci\u00f3n<\/li>\n\n\n\n<li>Conferencias en l\u00ednea<\/li>\n\n\n\n<li>Capacitaci\u00f3n de personas en su comunidad<\/li>\n\n\n\n<li>Desarrollo de conectividad para una escuela o instituci\u00f3n educativa<\/li>\n<\/ul>\n<\/div>\n<\/div><\/section>\n","protected":false},"excerpt":{"rendered":"<p>Treinta los cap\u00edtulos de Internet Society de todas las regiones han trabajado arduamente para extender los beneficios del uso de Internet en la educaci\u00f3n a sus comunidades. <\/p>\n","protected":false},"author":11,"featured_media":158669,"parent":0,"menu_order":0,"comment_status":"closed","ping_status":"closed","template":"page-wide.php","meta":{"_acf_changed":false,"_uag_custom_page_level_css":"","footnotes":""},"categories":[5694],"tags":[],"region_news_regions":[],"content_category":[],"ppma_author":[5657],"class_list":["post-158191","page","type-page","status-publish","has-post-thumbnail","hentry","category-comunidad"],"acf":[],"uagb_featured_image_src":{"full":["https:\/\/www.internetsociety.org\/wp-content\/uploads\/2021\/11\/chapterthon2017-winner.png",1280,516,false],"thumbnail":["https:\/\/www.internetsociety.org\/wp-content\/uploads\/2021\/11\/chapterthon2017-winner-150x150.png",150,150,true],"medium":["https:\/\/www.internetsociety.org\/wp-content\/uploads\/2021\/11\/chapterthon2017-winner-450x181.png",450,181,true],"medium_large":["https:\/\/www.internetsociety.org\/wp-content\/uploads\/2021\/11\/chapterthon2017-winner-768x310.png",768,310,true],"large":["https:\/\/www.internetsociety.org\/wp-content\/uploads\/2021\/11\/chapterthon2017-winner-1024x413.png",1024,413,true],"1536x1536":["https:\/\/www.internetsociety.org\/wp-content\/uploads\/2021\/11\/chapterthon2017-winner.png",1280,516,false],"2048x2048":["https:\/\/www.internetsociety.org\/wp-content\/uploads\/2021\/11\/chapterthon2017-winner.png",1280,516,false],"post-thumbnail":["https:\/\/www.internetsociety.org\/wp-content\/uploads\/2021\/11\/chapterthon2017-winner-250x101.png",250,101,true],"square":["https:\/\/www.internetsociety.org\/wp-content\/uploads\/2021\/11\/chapterthon2017-winner-600x516.png",600,516,true],"gform-image-choice-sm":["https:\/\/www.internetsociety.org\/wp-content\/uploads\/2021\/11\/chapterthon2017-winner.png",300,121,false],"gform-image-choice-md":["https:\/\/www.internetsociety.org\/wp-content\/uploads\/2021\/11\/chapterthon2017-winner.png",400,161,false],"gform-image-choice-lg":["https:\/\/www.internetsociety.org\/wp-content\/uploads\/2021\/11\/chapterthon2017-winner.png",600,242,false]},"uagb_author_info":{"display_name":"Internet Society","author_link":"https:\/\/www.internetsociety.org\/es\/author\/isoc\/"},"uagb_comment_info":0,"uagb_excerpt":"Treinta los cap\u00edtulos de Internet Society de todas las regiones han trabajado arduamente para extender los beneficios del uso de Internet en la educaci\u00f3n a sus comunidades.","_links":{"self":[{"href":"https:\/\/www.internetsociety.org\/es\/wp-json\/wp\/v2\/pages\/158191","targetHints":{"allow":["GET"]}}],"collection":[{"href":"https:\/\/www.internetsociety.org\/es\/wp-json\/wp\/v2\/pages"}],"about":[{"href":"https:\/\/www.internetsociety.org\/es\/wp-json\/wp\/v2\/types\/page"}],"author":[{"embeddable":true,"href":"https:\/\/www.internetsociety.org\/es\/wp-json\/wp\/v2\/users\/11"}],"replies":[{"embeddable":true,"href":"https:\/\/www.internetsociety.org\/es\/wp-json\/wp\/v2\/comments?post=158191"}],"version-history":[{"count":0,"href":"https:\/\/www.internetsociety.org\/es\/wp-json\/wp\/v2\/pages\/158191\/revisions"}],"wp:featuredmedia":[{"embeddable":true,"href":"https:\/\/www.internetsociety.org\/es\/wp-json\/wp\/v2\/media\/158669"}],"wp:attachment":[{"href":"https:\/\/www.internetsociety.org\/es\/wp-json\/wp\/v2\/media?parent=158191"}],"wp:term":[{"taxonomy":"category","embeddable":true,"href":"https:\/\/www.internetsociety.org\/es\/wp-json\/wp\/v2\/categories?post=158191"},{"taxonomy":"post_tag","embeddable":true,"href":"https:\/\/www.internetsociety.org\/es\/wp-json\/wp\/v2\/tags?post=158191"},{"taxonomy":"region_news_regions","embeddable":true,"href":"https:\/\/www.internetsociety.org\/es\/wp-json\/wp\/v2\/region_news_regions?post=158191"},{"taxonomy":"content_category","embeddable":true,"href":"https:\/\/www.internetsociety.org\/es\/wp-json\/wp\/v2\/content_category?post=158191"},{"taxonomy":"author","embeddable":true,"href":"https:\/\/www.internetsociety.org\/es\/wp-json\/wp\/v2\/ppma_author?post=158191"}],"curies":[{"name":"wp","href":"https:\/\/api.w.org\/{rel}","templated":true}]}}