{"id":158182,"date":"2021-11-29T09:12:16","date_gmt":"2021-11-29T09:12:16","guid":{"rendered":"https:\/\/www.internetsociety.org\/?page_id=158182"},"modified":"2023-07-12T10:08:49","modified_gmt":"2023-07-12T10:08:49","slug":"chapterthon-2018","status":"publish","type":"page","link":"https:\/\/www.internetsociety.org\/es\/grants\/chapterthon\/2018\/","title":{"rendered":"Chapterthon 2018"},"content":{"rendered":"\n<div class=\"wp-block-cover\" style=\"min-height:400px;aspect-ratio:unset;\"><span aria-hidden=\"true\" class=\"wp-block-cover__background has-background-dim-0 has-background-dim\"><\/span><img loading=\"lazy\" decoding=\"async\" width=\"1280\" height=\"550\" class=\"wp-block-cover__image-background wp-image-91892\" alt=\"collage\" src=\"https:\/\/www.internetsociety.org\/wp-content\/uploads\/2018\/12\/Chapterthon_Blog_cover.jpg\" data-object-fit=\"cover\" srcset=\"https:\/\/www.internetsociety.org\/wp-content\/uploads\/2018\/12\/Chapterthon_Blog_cover.jpg 1280w, https:\/\/www.internetsociety.org\/wp-content\/uploads\/2018\/12\/Chapterthon_Blog_cover-450x193.jpg 450w, https:\/\/www.internetsociety.org\/wp-content\/uploads\/2018\/12\/Chapterthon_Blog_cover-768x330.jpg 768w, https:\/\/www.internetsociety.org\/wp-content\/uploads\/2018\/12\/Chapterthon_Blog_cover-1024x440.jpg 1024w, https:\/\/www.internetsociety.org\/wp-content\/uploads\/2018\/12\/Chapterthon_Blog_cover-250x107.jpg 250w\" sizes=\"auto, (max-width: 1280px) 100vw, 1280px\" \/><div class=\"wp-block-cover__inner-container is-layout-flow wp-block-cover-is-layout-flow\">\n<p class=\"has-large-font-size\"><\/p>\n<\/div><\/div>\n\n\n\n<section class=\"wp-block-uagb-columns uagb-columns__wrap uagb-columns__background-color uagb-columns__stack-mobile uagb-columns__valign- uagb-columns__gap-10 align uagb-block-6aee71d7 uagb-columns__columns-2 uagb-columns__max_width-theme\"><div class=\"uagb-columns__overlay\"><\/div><div class=\"uagb-columns__inner-wrap uagb-columns__columns-2\">\n<div class=\"wp-block-uagb-column uagb-column__wrap uagb-column__background-color uagb-block-797d4fe0\"><div class=\"uagb-column__overlay\"><\/div>\n<div style=\"height:40px\" aria-hidden=\"true\" class=\"wp-block-spacer\"><\/div>\n\n\n\n<figure class=\"wp-block-embed is-type-video is-provider-youtube wp-block-embed-youtube wp-embed-aspect-16-9 wp-has-aspect-ratio\"><div class=\"wp-block-embed__wrapper\">\n<iframe loading=\"lazy\" title=\"Benin Chapter  \u2013 Chapterthon 2018 - IoT Low Hightech\" width=\"500\" height=\"281\" src=\"https:\/\/www.youtube.com\/embed\/Zr-mReztMYc?feature=oembed\" frameborder=\"0\" allow=\"accelerometer; autoplay; clipboard-write; encrypted-media; gyroscope; picture-in-picture; web-share\" referrerpolicy=\"strict-origin-when-cross-origin\" allowfullscreen><\/iframe>\n<\/div><\/figure>\n\n\n\n<div style=\"height:100px\" aria-hidden=\"true\" class=\"wp-block-spacer\"><\/div>\n\n\n\n<section class=\"wp-block-uagb-columns uagb-columns__wrap uagb-columns__background-image uagb-columns__stack-mobile uagb-columns__valign- uagb-columns__gap-10 align uagb-block-8e706ce5 uagb-columns__columns-1 uagb-columns__max_width-theme background-image-fallback-black\"><div class=\"uagb-columns__overlay\"><\/div><div class=\"uagb-columns__inner-wrap uagb-columns__columns-1\">\n<div class=\"wp-block-uagb-column uagb-column__wrap uagb-column__background-undefined uagb-block-93728436\"><div class=\"uagb-column__overlay\"><\/div>\n<p class=\"has-neutral-white-color has-text-color\">Un Chapterthon es una competencia internacional entre los Cap\u00edtulos de Internet Society. Los Cap\u00edtulos pueden participar desarrollando un proyecto destinado a alcanzar un objetivo com\u00fan relacionado con el desarrollo de la educaci\u00f3n y de Internet, dentro de un mismo plazo y un mismo presupuesto. Una vez finalizados los proyectos, el mejor recibe un premio. <\/p>\n<\/div>\n<\/div><\/section>\n<\/div>\n\n\n\n<div class=\"wp-block-uagb-column uagb-column__wrap uagb-column__background-undefined uagb-block-edeff44c\"><div class=\"uagb-column__overlay\"><\/div>\n<div style=\"height:40px\" aria-hidden=\"true\" class=\"wp-block-spacer\"><\/div>\n\n\n\n<h1 class=\"wp-block-heading has-text-align-left has-depth-green-color has-text-color\">Chapterthon 2018<\/h1>\n\n\n\n<div style=\"height:30px\" aria-hidden=\"true\" class=\"wp-block-spacer\"><\/div>\n\n\n\n<h2 class=\"wp-block-heading has-depth-green-color has-text-color has-48-font-size\">Ganadores <\/h2>\n\n\n\n<div style=\"height:30px\" aria-hidden=\"true\" class=\"wp-block-spacer\"><\/div>\n\n\n\n<p>Cuarenta y tres cap\u00edtulos participaron en el desaf\u00edo de Internet de las cosas (IoT) 2018. <\/p>\n\n\n\n<p class=\"has-green-color has-text-color\"><a href=\"https:\/\/www.internetsociety.org\/blog\/2018\/12\/the-benin-chapter-wins-chapterthon-2018\/\">Felicitaciones al Cap\u00edtulo de Benin<\/a>, ganador del Chapterthon 2018, y a los otros finalistas: \u00a1Cap\u00edtulo de Afganist\u00e1n y Cap\u00edtulo de Brasil! <\/p>\n\n\n\n<div style=\"height:20px\" aria-hidden=\"true\" class=\"wp-block-spacer\"><\/div>\n\n\n\n<div class=\"wp-block-buttons is-vertical is-layout-flex wp-container-core-buttons-is-layout-8cf370e7 wp-block-buttons-is-layout-flex\">\n<div class=\"wp-block-button is-style-fill\"><a class=\"wp-block-button__link has-neutral-white-color has-depth-green-background-color has-text-color has-background wp-element-button\" href=\"https:\/\/www.internetsociety.org\/grants\/chapterthon\/2018\/projects\/\">Ver los 2018 proyectos<\/a><\/div>\n<\/div>\n\n\n\n<div style=\"height:50px\" aria-hidden=\"true\" class=\"wp-block-spacer\"><\/div>\n\n\n\n<h2 class=\"wp-block-heading has-depth-green-color has-text-color has-48-font-size\">\u00bfQu\u00e9 es un Chapterthon? <\/h2>\n\n\n\n<div style=\"height:30px\" aria-hidden=\"true\" class=\"wp-block-spacer\"><\/div>\n\n\n\n<p>Internet Society (ISOC) busca mejorar la calidad de vida de las personas de todo el mundo ofreci\u00e9ndoles el valioso acceso al Internet abierto, confiable y global.&nbsp;&nbsp;<\/p>\n\n\n\n<p>Seg\u00fan el reporte de <a href=\"https:\/\/future.internetsociety.org\/es\/\">Internet Society 2017 \u201cGlobal Internet Report<\/a> la seguridad sera un desafio m\u00e1s grande de los diez proximos a\u00f1os, donde el IoT jugara un papel critico.<\/p>\n\n\n\n<p><a href=\"https:\/\/www.internetsociety.org\/iot\/\">Internet de las cosas (IoT)<\/a> promete cambiar la forma en que vivimos para mejor. Las proyecciones sobre el impacto del IoT en Internet y la econom\u00eda global son impresionantes, ya que pronostican un crecimiento explosivo en el n\u00famero de dispositivos IoT y su uso en una amplia gama de aplicaciones nuevas y emocionantes. Seg\u00fan una estimaci\u00f3n, \u00ablos dispositivos conectados sumar\u00e1n 38.500 millones en 2020, frente a los 13.400 millones en 2015\u00bb.<\/p>\n\n\n\n<p>Por este motivo, lo invitamos a participar en el Chapterthon 2018 y trabajar todos juntos para hacer de un mundo cada vez m\u00e1s conectado un lugar m\u00e1s seguro.<\/p>\n\n\n\n<p>Para 2018, el tema es Internet de las cosas (IoT): juntos forjamos el futuro. El proyecto debe encajar en una de las siguientes categor\u00edas: <\/p>\n\n\n\n<ul class=\"wp-block-list\">\n<li>Las campa\u00f1as de sensibilizaci\u00f3n y educaci\u00f3n de los consumidores sobre el Internet de las cosas (IoT) en general y la seguridad de la IO, en particular IoT, es la raz\u00f3n por la cual es importante mantenerlo seguro.<\/li>\n\n\n\n<li>Programa de promoci\u00f3n para que los legisladores alienten a tomar un papel activo en la orientaci\u00f3n del mercado de la IoT y fortalecer la protecci\u00f3n para los consumidores.<\/li>\n\n\n\n<li>Promoci\u00f3n del marco de confianza OTA IoT (<a href=\"https:\/\/www.internetsociety.org\/es\/iot\/trust-framework\/\">OTA IoT Trust Framework<\/a>)&nbsp;que requiere una responsabilidad compartida que incluya la industria (fabricantes y minoristas) que abarque la seguridad y la privacidad.<\/li>\n\n\n\n<li>Desarrollo de las soluciones inteligentes de IoT, teniendo cuenta del calendario del programa (1.5 meses para completarlo).<\/li>\n\n\n\n<li>Creaci\u00f3n de videos en idiomas locales seg\u00fan los puntos de arriba.<\/li>\n<\/ul>\n<\/div>\n<\/div><\/section>\n","protected":false},"excerpt":{"rendered":"<p>Cuarenta y tres cap\u00edtulos participaron en el desaf\u00edo de Internet de las cosas (IoT) 2018. <\/p>\n","protected":false},"author":11,"featured_media":79964,"parent":0,"menu_order":0,"comment_status":"closed","ping_status":"closed","template":"page-wide.php","meta":{"_acf_changed":false,"_uag_custom_page_level_css":"","footnotes":""},"categories":[5694],"tags":[],"region_news_regions":[],"content_category":[],"ppma_author":[5657],"class_list":["post-158182","page","type-page","status-publish","has-post-thumbnail","hentry","category-comunidad"],"acf":[],"uagb_featured_image_src":{"full":["https:\/\/www.internetsociety.org\/wp-content\/uploads\/2018\/05\/markus-spiske-197281-unsplash-e1638293270368.jpg",1280,1920,false],"thumbnail":["https:\/\/www.internetsociety.org\/wp-content\/uploads\/2018\/05\/markus-spiske-197281-unsplash-150x150.jpg",150,150,true],"medium":["https:\/\/www.internetsociety.org\/wp-content\/uploads\/2018\/05\/markus-spiske-197281-unsplash-200x300.jpg",200,300,true],"medium_large":["https:\/\/www.internetsociety.org\/wp-content\/uploads\/2018\/05\/markus-spiske-197281-unsplash-768x1152.jpg",768,1152,true],"large":["https:\/\/www.internetsociety.org\/wp-content\/uploads\/2018\/05\/markus-spiske-197281-unsplash-683x1024.jpg",683,1024,true],"1536x1536":["https:\/\/www.internetsociety.org\/wp-content\/uploads\/2018\/05\/markus-spiske-197281-unsplash-e1638293270368.jpg",1024,1536,false],"2048x2048":["https:\/\/www.internetsociety.org\/wp-content\/uploads\/2018\/05\/markus-spiske-197281-unsplash-e1638293270368.jpg",1280,1920,false],"post-thumbnail":["https:\/\/www.internetsociety.org\/wp-content\/uploads\/2018\/05\/markus-spiske-197281-unsplash-250x375.jpg",250,375,true],"square":["https:\/\/www.internetsociety.org\/wp-content\/uploads\/2018\/05\/markus-spiske-197281-unsplash-600x600.jpg",600,600,true],"gform-image-choice-sm":["https:\/\/www.internetsociety.org\/wp-content\/uploads\/2018\/05\/markus-spiske-197281-unsplash-e1638293270368.jpg",200,300,false],"gform-image-choice-md":["https:\/\/www.internetsociety.org\/wp-content\/uploads\/2018\/05\/markus-spiske-197281-unsplash-e1638293270368.jpg",267,400,false],"gform-image-choice-lg":["https:\/\/www.internetsociety.org\/wp-content\/uploads\/2018\/05\/markus-spiske-197281-unsplash-e1638293270368.jpg",400,600,false]},"uagb_author_info":{"display_name":"Internet Society","author_link":"https:\/\/www.internetsociety.org\/es\/author\/isoc\/"},"uagb_comment_info":0,"uagb_excerpt":"Cuarenta y tres cap\u00edtulos participaron en el desaf\u00edo de Internet de las cosas (IoT) 2018.","_links":{"self":[{"href":"https:\/\/www.internetsociety.org\/es\/wp-json\/wp\/v2\/pages\/158182","targetHints":{"allow":["GET"]}}],"collection":[{"href":"https:\/\/www.internetsociety.org\/es\/wp-json\/wp\/v2\/pages"}],"about":[{"href":"https:\/\/www.internetsociety.org\/es\/wp-json\/wp\/v2\/types\/page"}],"author":[{"embeddable":true,"href":"https:\/\/www.internetsociety.org\/es\/wp-json\/wp\/v2\/users\/11"}],"replies":[{"embeddable":true,"href":"https:\/\/www.internetsociety.org\/es\/wp-json\/wp\/v2\/comments?post=158182"}],"version-history":[{"count":0,"href":"https:\/\/www.internetsociety.org\/es\/wp-json\/wp\/v2\/pages\/158182\/revisions"}],"wp:featuredmedia":[{"embeddable":true,"href":"https:\/\/www.internetsociety.org\/es\/wp-json\/wp\/v2\/media\/79964"}],"wp:attachment":[{"href":"https:\/\/www.internetsociety.org\/es\/wp-json\/wp\/v2\/media?parent=158182"}],"wp:term":[{"taxonomy":"category","embeddable":true,"href":"https:\/\/www.internetsociety.org\/es\/wp-json\/wp\/v2\/categories?post=158182"},{"taxonomy":"post_tag","embeddable":true,"href":"https:\/\/www.internetsociety.org\/es\/wp-json\/wp\/v2\/tags?post=158182"},{"taxonomy":"region_news_regions","embeddable":true,"href":"https:\/\/www.internetsociety.org\/es\/wp-json\/wp\/v2\/region_news_regions?post=158182"},{"taxonomy":"content_category","embeddable":true,"href":"https:\/\/www.internetsociety.org\/es\/wp-json\/wp\/v2\/content_category?post=158182"},{"taxonomy":"author","embeddable":true,"href":"https:\/\/www.internetsociety.org\/es\/wp-json\/wp\/v2\/ppma_author?post=158182"}],"curies":[{"name":"wp","href":"https:\/\/api.w.org\/{rel}","templated":true}]}}