{"id":158064,"date":"2021-11-29T18:33:12","date_gmt":"2021-11-29T18:33:12","guid":{"rendered":"https:\/\/www.internetsociety.org\/?page_id=158064"},"modified":"2025-09-24T10:43:02","modified_gmt":"2025-09-24T10:43:02","slug":"america-latina-y-el-caribe-chapterthon-2016","status":"publish","type":"page","link":"https:\/\/www.internetsociety.org\/es\/grants-and-awards\/lac-chapterthon\/","title":{"rendered":"America Latina y el Caribe Chapterthon 2016"},"content":{"rendered":"\n<div class=\"wp-block-cover is-light\" style=\"min-height:400px;aspect-ratio:unset;\"><span aria-hidden=\"true\" class=\"wp-block-cover__background has-background-dim-0 has-background-dim\"><\/span><img loading=\"lazy\" decoding=\"async\" width=\"1280\" height=\"720\" class=\"wp-block-cover__image-background wp-image-60863\" alt=\"una mujer montando un caballo y un hombre con un sombrero a su lado\" src=\"https:\/\/www.internetsociety.org\/wp-content\/uploads\/2015\/12\/maxresdefault.winner.jpg\" data-object-fit=\"cover\"\/><div class=\"wp-block-cover__inner-container is-layout-flow wp-block-cover-is-layout-flow\">\n<p class=\"has-large-font-size\"><\/p>\n<\/div><\/div>\n\n\n\n<section class=\"wp-block-uagb-columns uagb-columns__wrap uagb-columns__background-color uagb-columns__stack-mobile uagb-columns__valign- uagb-columns__gap-10 align uagb-block-17f06de4 uagb-columns__columns-2 uagb-columns__max_width-theme\"><div class=\"uagb-columns__overlay\"><\/div><div class=\"uagb-columns__inner-wrap uagb-columns__columns-2\">\n<div class=\"wp-block-uagb-column uagb-column__wrap uagb-column__background-color uagb-block-ed20c98f\"><div class=\"uagb-column__overlay\"><\/div>\n<div style=\"height:40px\" aria-hidden=\"true\" class=\"wp-block-spacer\"><\/div>\n\n\n\n<section class=\"wp-block-uagb-columns uagb-columns__wrap uagb-columns__background-none uagb-columns__stack-mobile uagb-columns__valign- uagb-columns__gap-10 align uagb-block-88c93cfb uagb-columns__columns-1 uagb-columns__max_width-theme\"><div class=\"uagb-columns__overlay\"><\/div><div class=\"uagb-columns__inner-wrap uagb-columns__columns-1\">\n<div class=\"wp-block-uagb-column uagb-column__wrap uagb-column__background-undefined uagb-block-9ae9ea43\"><div class=\"uagb-column__overlay\"><\/div>\n<figure class=\"wp-block-embed is-type-video is-provider-youtube wp-block-embed-youtube wp-embed-aspect-16-9 wp-has-aspect-ratio\"><div class=\"wp-block-embed__wrapper\">\n<iframe loading=\"lazy\" title=\"Chapterthon 2016 - Conectividad\" width=\"500\" height=\"281\" src=\"https:\/\/www.youtube.com\/embed\/fGFwK75PFDM?feature=oembed\" frameborder=\"0\" allow=\"accelerometer; autoplay; clipboard-write; encrypted-media; gyroscope; picture-in-picture; web-share\" referrerpolicy=\"strict-origin-when-cross-origin\" allowfullscreen><\/iframe>\n<\/div><\/figure>\n<\/div>\n<\/div><\/section>\n\n\n\n<div style=\"height:60px\" aria-hidden=\"true\" class=\"wp-block-spacer\"><\/div>\n<\/div>\n\n\n\n<div class=\"wp-block-uagb-column uagb-column__wrap uagb-column__background-undefined uagb-block-7d2af7b8\"><div class=\"uagb-column__overlay\"><\/div>\n<div style=\"height:40px\" aria-hidden=\"true\" class=\"wp-block-spacer\"><\/div>\n\n\n\n<h1 class=\"wp-block-heading has-text-align-left has-depth-green-color has-text-color\">America Latina y el Caribe Chapterthon 2016<\/h1>\n\n\n\n<div style=\"height:30px\" aria-hidden=\"true\" class=\"wp-block-spacer\"><\/div>\n\n\n\n<h2 class=\"wp-block-heading has-depth-green-color has-text-color has-48-font-size\"><span style=\"line-height: 1.4\">Ganador y proyectos<\/span><\/h2>\n\n\n\n<div style=\"height:30px\" aria-hidden=\"true\" class=\"wp-block-spacer\"><\/div>\n\n\n\n<p class=\"has-green-color has-text-color\">Despu\u00e9s de seis meses de planificaci\u00f3n y ejecuci\u00f3n de diferentes proyectos de nuestros cap\u00edtulos, el ganador es&nbsp;el Cap\u00edtulo de Venezuela con el proyecto Empowering \u201cLos Nevados\u201d through ICTs usage for social benefit. <\/p>\n\n\n\n<p>Otros LAC Chapterthon 2016 Proyectos<\/p>\n\n\n\n<ul class=\"wp-block-list\">\n<li>Argentina: Connecting communities including people<\/li>\n\n\n\n<li>Chile: Community Mesh-networking for Ukamau\u2019s Social Movement<\/li>\n\n\n\n<li>El Salvador: Debate on National Security vs. Privacy on the Internet<\/li>\n\n\n\n<li>Nicaragua: Abisinia Internet Caf\u00e9<\/li>\n\n\n\n<li>Mexico: How to bring the Internet to a Mayan community that doesn\u2019t even have phone service? A project in collaboration with the Internet Society and World Possible: Agua Azul, Quintana Roo<\/li>\n<\/ul>\n\n\n\n<div style=\"height:30px\" aria-hidden=\"true\" class=\"wp-block-spacer\"><\/div>\n\n\n\n<h2 class=\"wp-block-heading has-depth-green-color has-text-color has-48-font-size\">\u00bfQu\u00e9 es Chapterthon?<\/h2>\n\n\n\n<div style=\"height:30px\" aria-hidden=\"true\" class=\"wp-block-spacer\"><\/div>\n\n\n\n<p>Es una marat\u00f3n de cap\u00edtulos, donde todos los cap\u00edtulos de la regi\u00f3n de Latinoam\u00e9rica y El Caribe (LAC) pueden participar desarrollando un proyecto, bajo un mismo presupuesto y una misma l\u00ednea de tiempo, con el objetivo de alcanzar una meta com\u00fan relacionada con el desarrollo de la regi\u00f3n. Para el 2016 el tema del Chapterthon ser\u00e1 CONECTIVIDAD&nbsp;<em>(Enti\u00e9ndase por proyectos de conectividad a los proyectos que promuevan el desarrollo econ\u00f3mico o social de una comunidad espec\u00edfica)<\/em>.<\/p>\n\n\n\n<p>El Chapterthon contar\u00e1 con 2 fases:<\/p>\n\n\n\n<p><strong>Fase 1: Involucraci\u00f3n de la comunidad<\/strong><\/p>\n\n\n\n<p>Se invit\u00f3 y comunicar\u00e1 a la comunidad LAC para ser parte del evento y hubo un concurso para crear un logo para el mismo. Los logos recibidos fueron sometidos a votaci\u00f3n por parte de la comunidad y el mejor logo gan\u00f3 $150.&nbsp;<a href=\"#concurso\">Vea m\u00e1s detalles del concurso del logo.<\/a><\/p>\n\n\n\n<p><strong>Fase 2: Desarrollo de proyectos<\/strong><\/p>\n\n\n\n<p>Los cap\u00edtulos desarrollaron sus proyectos de acuerdo a las premisas descritas para el evento. Cada cap\u00edtulo proporcion\u00f3 un video de su proyecto, el cual fue compartido con la comunidad y sometido a votaci\u00f3n. El cap\u00edtulo ganador recibi\u00f3 $3000.<\/p>\n\n\n\n<p>Todos los proyectos deb\u00edan basarse en el tema seleccionado para el Chapterthon, en este caso, CONECTIVIDAD. Los cap\u00edtulos fueron liberes de seleccionar el proyecto espec\u00edfico y el grupo de trabajo con el que desarrollaron el proyecto. Los miembros de cap\u00edtulo podr\u00edan haber enviado sus propuestas al cap\u00edtulo, sin embargo, la decisi\u00f3n final sobre la selecci\u00f3n del proyecto a desarrollar fue tomada por los miembros de junta directiva de cada cap\u00edtulo.<\/p>\n\n\n\n<div style=\"height:30px\" aria-hidden=\"true\" class=\"wp-block-spacer\"><\/div>\n\n\n\n<h2 class=\"wp-block-heading has-depth-green-color has-text-color has-48-font-size\">\u00bfQu\u00e9 recibir\u00e1n los cap\u00edtulos ganadores?<\/h2>\n\n\n\n<div style=\"height:30px\" aria-hidden=\"true\" class=\"wp-block-spacer\"><\/div>\n\n\n\n<ul class=\"wp-block-list\">\n<li>Todos los miembros desarrolladores de proyectos recibieron un certificado de participaci\u00f3n.<\/li>\n\n\n\n<li>Todos los videos de los proyectos se compartieron en nuestro sitio web con la comunidad mundial. La comunidad vot\u00f3 por el proyecto de su preferencia. El proyecto con mayor votos fue elegido como ganador, recibi\u00f3 $3000 y el video del proyecto fue presentado durante nuestro Intercommunity 2016!<\/li>\n\n\n\n<li>Los $3000 se depositaron directamente a la cuenta habilitada por el cap\u00edtulo ganador. ISOC no pag\u00f3 costos relacionados con la transferencia u otros cargos relacionados con la transacci\u00f3n o dep\u00f3sito.&nbsp;El prop\u00f3sito de los $3000 d\u00f3lares era soportar las operaciones del cap\u00edtulo.&nbsp;&nbsp;<\/li>\n<\/ul>\n\n\n\n<div style=\"height:30px\" aria-hidden=\"true\" class=\"wp-block-spacer\"><\/div>\n\n\n\n<h2 class=\"wp-block-heading has-depth-green-color has-text-color has-48-font-size\" id=\"eligibility\">Elegibilidad y requisitos<\/h2>\n\n\n\n<div style=\"height:30px\" aria-hidden=\"true\" class=\"wp-block-spacer\"><\/div>\n\n\n\n<p>El Chapterthon estaba abierto a todos los cap\u00edtulos de la regi\u00f3n LAC sin restricciones.<\/p>\n\n\n\n<div style=\"height:20px\" aria-hidden=\"true\" class=\"wp-block-spacer\"><\/div>\n\n\n\n<h3 class=\"wp-block-heading has-32-font-size\">Criterios de selecci\u00f3n de proyectos<\/h3>\n\n\n\n<div style=\"height:20px\" aria-hidden=\"true\" class=\"wp-block-spacer\"><\/div>\n\n\n\n<ul class=\"wp-block-list\">\n<li>Las propuestas de proyectos deb\u00edan estar alineadas con los valores y principios de ISOC y deb\u00edan estar direccionado al menos a un objetivo estrat\u00e9gico de ISOC<\/li>\n\n\n\n<li>El Cap\u00edtulo ten\u00eda que ser un cap\u00edtulo activo y en regla de acuerdo a las normas m\u00ednimas establecidas para los cap\u00edtulos.<\/li>\n\n\n\n<li>Cap\u00edtulos en formaci\u00f3n pudieron participar (Deber\u00edan haber entregado al menos los estatutos)<\/li>\n\n\n\n<li>El capitulo no debe haber recibido fondos adicionales para proyectos o programas existentes, ni puede presentar proyectos existentes al concurso.<\/li>\n\n\n\n<li>El cap\u00edtulo y\/o el l\u00edder(es) del proyecto acordaron dar cr\u00e9dito a ISOC al hacer declaraciones p\u00fablicas \u2013 \u201cEste proyecto fue posible en parte gracias a una donaci\u00f3n de Internet Society \u00abe incluir el logotipo oficial de ISOC.<\/li>\n\n\n\n<li>El cap\u00edtulo y\/o los l\u00edderes del proyecto se comprometieron a compartir el conocimiento, la experiencia y los resultados con la comunidad de ISOC.<\/li>\n<\/ul>\n\n\n\n<div style=\"height:20px\" aria-hidden=\"true\" class=\"wp-block-spacer\"><\/div>\n\n\n\n<h3 class=\"wp-block-heading has-32-font-size\">Requerimientos espec\u00edficos para los proyectos <\/h3>\n\n\n\n<div style=\"height:20px\" aria-hidden=\"true\" class=\"wp-block-spacer\"><\/div>\n\n\n\n<ul class=\"wp-block-list\">\n<li>Las propuestas de proyectos de los cap\u00edtulos deber\u00edan ser el resultado del trabajo en equipo. El rol de cada miembro del proyecto deber\u00edan describirse claramente en la solicitud. No se aceptaron aplicaciones unipersonales.<\/li>\n\n\n\n<li>Las propuestas de proyectos en las que los cap\u00edtulos participaron activamente deb\u00edan explicar su papel en el proyecto. <\/li>\n\n\n\n<li>La participaci\u00f3n del Cap\u00edtulo debe haber validado con una carta de apoyo<\/li>\n\n\n\n<li>Las propuestas de proyectos ten\u00edan que demostrar la capacidad del equipo de proyecto para gestionar eficazmente un proyecto y las diferentes actividades relacionadas con el mismo: presupuesto, cronograma, resultados, monitoreo, informes, etc.<\/li>\n\n\n\n<li>La propuesta de proyecto ten\u00edan que demostrar la colaboraci\u00f3n con las entidades locales (si aplica); Se les anim\u00f3 a contribuir al proyecto con dinero en efectivo o en especie. Para demostrar este compromiso se recomend\u00f3 obtener una carta de apoyo de la contraparte.<\/li>\n<\/ul>\n\n\n\n<div style=\"height:20px\" aria-hidden=\"true\" class=\"wp-block-spacer\"><\/div>\n\n\n\n<h3 class=\"wp-block-heading has-32-font-size\">Reglas para el Chapterthon 2016<\/h3>\n\n\n\n<div style=\"height:20px\" aria-hidden=\"true\" class=\"wp-block-spacer\"><\/div>\n\n\n\n<ol class=\"wp-block-list\">\n<li>Todos los proyectos deben estar relacionados con el t\u00f3pico seleccionado para el 2016: CONECTIVIDAD.&nbsp;Los cap\u00edtulos tuvieron libertad para seleccionar su proyecto y el equipo de trabajo que desarroll\u00f3 el proyecto. Los miembros de cap\u00edtulos pod\u00edan enviar propuestas de proyectos al capitulo, sin embargo, la decisi\u00f3n final del proyecto a desarrollar fue tomada por la junta directiva de cada cap\u00edtulo.<\/li>\n\n\n\n<li>Los cap\u00edtulos contaron con $2000 para desarrollar el proyecto,&nbsp;sin embargo, podr\u00edan buscar patrocinio adicional.<\/li>\n\n\n\n<li>Para recibir los $2000 de financiamiento del proyecto,&nbsp;los cap\u00edtulos debieron haberse aplicar por medio de Beyond the net, bajo las mismas premisas y condiciones de este programa. La propuesta debe haber sido enviada por el equipo que desarroll\u00f3 el proyecto. <\/li>\n\n\n\n<li>Los cap\u00edtulos participantes tuvieron&nbsp;3 meses para desarrollar el proyecto&nbsp;(mayo, junio y julio 2016). Proyectos entregados fuera de estas fechas no fueron considerados para el premio.<\/li>\n\n\n\n<li>Los cap\u00edtulos participantes debieron completar el proyecto de acuerdo a las fechas l\u00edmites previstas&nbsp;y no no pudieron solicitar extensiones a las mismas. Incumplimiento en fechas de entrega descalific\u00f3 al proyecto de forma inmediata.<\/li>\n\n\n\n<li>Los cap\u00edtulos participantes deb\u00edan enviar&nbsp;un video de&nbsp;3 minutos&nbsp;que inclu\u00eda:<br>a. El objetivo del proyecto<br>b. C\u00f3mo el proyecto benefici\u00f3 a la comunidad seleccionada<br>c. La comunidad beneficiada<\/li>\n\n\n\n<li>Los proyectos deben tener garantizada auto sostenibilidad por al menos 3 a\u00f1os.<\/li>\n<\/ol>\n\n\n\n<div style=\"height:30px\" aria-hidden=\"true\" class=\"wp-block-spacer\"><\/div>\n\n\n\n<h2 class=\"wp-block-heading has-text-align-left has-depth-green-color has-text-color has-48-font-size\" id=\"concurso\">Concurso del logo <\/h2>\n\n\n\n<div style=\"height:30px\" aria-hidden=\"true\" class=\"wp-block-spacer\"><\/div>\n\n\n\n<p>Como parte de nuestro primer Chapterthon 2016 para la regi\u00f3n de LAC, invitamos a todos nuestros miembros que quisieran participar en el dise\u00f1o de un logotipo creativo, innovador y profesional para promover nuestro evento. Por favor, lea a continuaci\u00f3n la informaci\u00f3n sobre el concurso.<\/p>\n\n\n\n<div style=\"height:20px\" aria-hidden=\"true\" class=\"wp-block-spacer\"><\/div>\n\n\n\n<h3 class=\"wp-block-heading has-32-font-size\">\u00bfQui\u00e9n puede participar?<\/h3>\n\n\n\n<div style=\"height:20px\" aria-hidden=\"true\" class=\"wp-block-spacer\"><\/div>\n\n\n\n<p>El concurso estuvo abierto para todos los miembros de la regi\u00f3n de LAC sin exclusi\u00f3n alguna. Los miembros podr\u00eda participar individualmente o en grupo. Nuevos miembros o miembros recientes podr\u00eda participar.<\/p>\n\n\n\n<div style=\"height:20px\" aria-hidden=\"true\" class=\"wp-block-spacer\"><\/div>\n\n\n\n<h3 class=\"wp-block-heading has-32-font-size\">Requerimientos del logo<\/h3>\n\n\n\n<div style=\"height:20px\" aria-hidden=\"true\" class=\"wp-block-spacer\"><\/div>\n\n\n\n<ul class=\"wp-block-list\">\n<li><strong>Profesional<\/strong>: Este logo se puede utilizar en nuestro sitio web, nuestros plataformas de medios sociales y otros medios (papeler\u00eda, folletos, camisetas, etc.). Por lo tanto, si bien queremos que el logo sea llamativo, es importante que tambi\u00e9n era legible y claro.<\/li>\n\n\n\n<li><strong>Tema<\/strong>: El logo ten\u00eda que promover el tema de nuestro evento: Conectividad y el trabajo en equipo! . El logo deber\u00eda haber incluido las palabras \u00abChapterthon 2016\u00bb<\/li>\n\n\n\n<li><strong>Color<\/strong>: No hubo limitaciones en cuanto al color. Sin embargo, el logo ten\u00eda lucir bien a color (si lo hay) o blanco y negro.<\/li>\n\n\n\n<li><strong>Integridad<\/strong>: El Logo no puede contener material con derechos de autor. El logo ten\u00eda que ser una creaci\u00f3n original de el participante(s). El logo no puede incluir im\u00e1genes con licencia que se hayan publicado anteriormente. &nbsp;Los logos no pueden contener material obsceno.<\/li>\n\n\n\n<li><strong>Resoluci\u00f3n<\/strong>: Alta resoluci\u00f3n de 300 dpi o superior. Ten\u00eda que ser f\u00e1cilmente reproducible y escalable para formato grande y peque\u00f1o.<\/li>\n<\/ul>\n\n\n\n<div style=\"height:20px\" aria-hidden=\"true\" class=\"wp-block-spacer\"><\/div>\n\n\n\n<h3 class=\"wp-block-heading has-32-font-size\">Selecci\u00f3n del ganador<\/h3>\n\n\n\n<div style=\"height:20px\" aria-hidden=\"true\" class=\"wp-block-spacer\"><\/div>\n\n\n\n<p>El logo ganador fue seleccionado por nuestra comunidad.<\/p>\n\n\n\n<div style=\"height:20px\" aria-hidden=\"true\" class=\"wp-block-spacer\"><\/div>\n\n\n\n<h3 class=\"wp-block-heading has-32-font-size\">Propiedad intelectual<\/h3>\n\n\n\n<div style=\"height:20px\" aria-hidden=\"true\" class=\"wp-block-spacer\"><\/div>\n\n\n\n<ol class=\"wp-block-list\">\n<li>Todos los trabajos presentados ten\u00edan que ser originales y no basados en dise\u00f1os preexistentes<\/li>\n\n\n\n<li>Los concursantes acordaron que los logos proporcionados son propiedad exclusiva de &nbsp;ISOC y que podr\u00edan mostrarse p\u00fablicamente en los sitios web y redes sociales de ISOC.<\/li>\n<\/ol>\n\n\n\n<div style=\"height:20px\" aria-hidden=\"true\" class=\"wp-block-spacer\"><\/div>\n\n\n\n<h3 class=\"wp-block-heading has-32-font-size\">Aprobaci\u00f3n<\/h3>\n\n\n\n<div style=\"height:20px\" aria-hidden=\"true\" class=\"wp-block-spacer\"><\/div>\n\n\n\n<p>La participaci\u00f3n implic\u00f3 la aceptaci\u00f3n plena e incondicional del participante a las reglas relacionadas con el concurso. Al participar en el Concurso, el Participante represent\u00f3 y garantiz\u00f3 que \u00e9l \/ ella hab\u00eda le\u00eddo y se aceptado participar de acuerdo con estas reglas.<\/p>\n\n\n\n<div style=\"height:20px\" aria-hidden=\"true\" class=\"wp-block-spacer\"><\/div>\n\n\n\n<h3 class=\"wp-block-heading has-32-font-size\">Premio<\/h3>\n\n\n\n<div style=\"height:20px\" aria-hidden=\"true\" class=\"wp-block-spacer\"><\/div>\n\n\n\n<p>El ganador del Concurso recibi\u00f3 un premio de $150, que se deposit\u00f3 a una cuenta bancaria. ISOC no pag\u00f3 los honorarios de transferencia u otros cargos relacionados con la transacci\u00f3n o dep\u00f3sito.<\/p>\n\n\n\n<div style=\"height:20px\" aria-hidden=\"true\" class=\"wp-block-spacer\"><\/div>\n\n\n\n<h2 class=\"wp-block-heading has-text-align-left has-depth-green-color has-text-color has-48-font-size\" id=\"timeline\">Alguna pregunta?<\/h2>\n\n\n\n<div style=\"height:30px\" aria-hidden=\"true\" class=\"wp-block-spacer\"><\/div>\n\n\n\n<p>Por favor si\u00e9ntase en la libertad de contactar a&nbsp;<a href=\"mailto:quiros@isoc.org\">quiros@isoc.org<\/a>, para cualquier duda o consulta sobre la actividad.<\/p>\n<\/div>\n<\/div><\/section>\n","protected":false},"excerpt":{"rendered":"<p>Chapterthon 2016 es una marat\u00f3n de cap\u00edtulos, donde todos los cap\u00edtulos de la regi\u00f3n de Latinoam\u00e9rica y El Caribe (LAC) pueden participar desarrollando un proyecto, bajo un mismo presupuesto y una misma l\u00ednea de tiempo, con el objetivo de alcanzar una meta com\u00fan relacionada con el desarrollo de la regi\u00f3n.<\/p>\n","protected":false},"author":1720,"featured_media":60863,"parent":62277,"menu_order":0,"comment_status":"closed","ping_status":"closed","template":"page-wide.php","meta":{"_acf_changed":false,"_uag_custom_page_level_css":"","footnotes":""},"categories":[5694],"tags":[],"region_news_regions":[71],"content_category":[],"ppma_author":[5657],"class_list":["post-158064","page","type-page","status-publish","has-post-thumbnail","hentry","category-comunidad","region_news_regions-america-latina-y-el-caribe"],"acf":[],"uagb_featured_image_src":{"full":["https:\/\/www.internetsociety.org\/wp-content\/uploads\/2015\/12\/maxresdefault.winner.jpg",1280,720,false],"thumbnail":["https:\/\/www.internetsociety.org\/wp-content\/uploads\/2015\/12\/maxresdefault.winner.jpg",150,84,false],"medium":["https:\/\/www.internetsociety.org\/wp-content\/uploads\/2015\/12\/maxresdefault.winner.jpg",450,253,false],"medium_large":["https:\/\/www.internetsociety.org\/wp-content\/uploads\/2015\/12\/maxresdefault.winner.jpg",768,432,false],"large":["https:\/\/www.internetsociety.org\/wp-content\/uploads\/2015\/12\/maxresdefault.winner.jpg",1024,576,false],"1536x1536":["https:\/\/www.internetsociety.org\/wp-content\/uploads\/2015\/12\/maxresdefault.winner.jpg",1280,720,false],"2048x2048":["https:\/\/www.internetsociety.org\/wp-content\/uploads\/2015\/12\/maxresdefault.winner.jpg",1280,720,false],"post-thumbnail":["https:\/\/www.internetsociety.org\/wp-content\/uploads\/2015\/12\/maxresdefault.winner.jpg",250,141,false],"square":["https:\/\/www.internetsociety.org\/wp-content\/uploads\/2015\/12\/maxresdefault.winner.jpg",600,338,false],"gform-image-choice-sm":["https:\/\/www.internetsociety.org\/wp-content\/uploads\/2015\/12\/maxresdefault.winner.jpg",300,169,false],"gform-image-choice-md":["https:\/\/www.internetsociety.org\/wp-content\/uploads\/2015\/12\/maxresdefault.winner.jpg",400,225,false],"gform-image-choice-lg":["https:\/\/www.internetsociety.org\/wp-content\/uploads\/2015\/12\/maxresdefault.winner.jpg",600,338,false]},"uagb_author_info":{"display_name":"Jelena Mirkovic","author_link":"https:\/\/www.internetsociety.org\/es\/author\/"},"uagb_comment_info":0,"uagb_excerpt":"Chapterthon 2016 es una marat\u00f3n de cap\u00edtulos, donde todos los cap\u00edtulos de la regi\u00f3n de Latinoam\u00e9rica y El Caribe (LAC) pueden participar desarrollando un proyecto, bajo un mismo presupuesto y una misma l\u00ednea de tiempo, con el objetivo de alcanzar una meta com\u00fan relacionada con el desarrollo de la regi\u00f3n.","_links":{"self":[{"href":"https:\/\/www.internetsociety.org\/es\/wp-json\/wp\/v2\/pages\/158064","targetHints":{"allow":["GET"]}}],"collection":[{"href":"https:\/\/www.internetsociety.org\/es\/wp-json\/wp\/v2\/pages"}],"about":[{"href":"https:\/\/www.internetsociety.org\/es\/wp-json\/wp\/v2\/types\/page"}],"author":[{"embeddable":true,"href":"https:\/\/www.internetsociety.org\/es\/wp-json\/wp\/v2\/users\/1720"}],"replies":[{"embeddable":true,"href":"https:\/\/www.internetsociety.org\/es\/wp-json\/wp\/v2\/comments?post=158064"}],"version-history":[{"count":0,"href":"https:\/\/www.internetsociety.org\/es\/wp-json\/wp\/v2\/pages\/158064\/revisions"}],"up":[{"embeddable":true,"href":"https:\/\/www.internetsociety.org\/es\/wp-json\/wp\/v2\/pages\/62277"}],"wp:featuredmedia":[{"embeddable":true,"href":"https:\/\/www.internetsociety.org\/es\/wp-json\/wp\/v2\/media\/60863"}],"wp:attachment":[{"href":"https:\/\/www.internetsociety.org\/es\/wp-json\/wp\/v2\/media?parent=158064"}],"wp:term":[{"taxonomy":"category","embeddable":true,"href":"https:\/\/www.internetsociety.org\/es\/wp-json\/wp\/v2\/categories?post=158064"},{"taxonomy":"post_tag","embeddable":true,"href":"https:\/\/www.internetsociety.org\/es\/wp-json\/wp\/v2\/tags?post=158064"},{"taxonomy":"region_news_regions","embeddable":true,"href":"https:\/\/www.internetsociety.org\/es\/wp-json\/wp\/v2\/region_news_regions?post=158064"},{"taxonomy":"content_category","embeddable":true,"href":"https:\/\/www.internetsociety.org\/es\/wp-json\/wp\/v2\/content_category?post=158064"},{"taxonomy":"author","embeddable":true,"href":"https:\/\/www.internetsociety.org\/es\/wp-json\/wp\/v2\/ppma_author?post=158064"}],"curies":[{"name":"wp","href":"https:\/\/api.w.org\/{rel}","templated":true}]}}