{"id":152770,"date":"2021-07-26T08:54:00","date_gmt":"2021-07-26T08:54:00","guid":{"rendered":"https:\/\/www.internetsociety.org\/?page_id=152770"},"modified":"2024-03-05T12:28:14","modified_gmt":"2024-03-05T12:28:14","slug":"grupos-de-interes-especial","status":"publish","type":"page","link":"https:\/\/www.internetsociety.org\/es\/sigs\/","title":{"rendered":"Grupos de Inter\u00e9s Especial y Grupos Permanentes"},"content":{"rendered":"\n<section class=\"wp-block-uagb-columns uagb-columns__wrap uagb-columns__background-image uagb-columns__stack-mobile uagb-columns__valign- uagb-columns__gap-10 align uagb-block-d6a40f3e uagb-columns__columns-1 uagb-columns__max_width-theme background-image-fallback-black\"><div class=\"uagb-columns__overlay\"><\/div><div class=\"uagb-columns__inner-wrap uagb-columns__columns-1\">\n<div class=\"wp-block-uagb-column uagb-column__wrap uagb-column__background-undefined uagb-block-87a6a79b\"><div class=\"uagb-column__overlay\"><\/div>\n<h1 class=\"wp-block-heading has-neutral-white-color has-text-color\">Grupos de Inter\u00e9s Especial y<br> Grupos Permanentes<\/h1>\n<\/div>\n<\/div><\/section>\n\n\n\n<div class=\"wp-block-columns is-layout-flex wp-container-core-columns-is-layout-9d6595d7 wp-block-columns-is-layout-flex\">\n<div class=\"wp-block-column is-layout-flow wp-block-column-is-layout-flow\" style=\"flex-basis:10%\"><\/div>\n\n\n\n<div class=\"wp-block-column is-layout-flow wp-block-column-is-layout-flow\" style=\"flex-basis:80%\">\n<div style=\"height:40px\" aria-hidden=\"true\" class=\"wp-block-spacer\"><\/div>\n\n\n\n<h2 class=\"wp-block-heading has-accent-purple-color has-text-color has-48-font-size\">\u00danase a personas de ideas afines sobre los temas que lo inspiran. Dondequiera que est\u00e9 en el mundo.\n&nbsp;<\/h2>\n\n\n\n<div style=\"height:40px\" aria-hidden=\"true\" class=\"wp-block-spacer\"><\/div>\n\n\n\n<p class=\"has-18-font-size\">\u00bfTiene el compromiso de hacer que Internet sea m\u00e1s accesible? \u00bfSiente emoci\u00f3n por la tecnolog\u00eda y c\u00f3mo puede cambiar el mundo? \u00bfQuiere compartir su experiencia y aprender de sus compa\u00f1eros?<\/p>\n\n\n\n<p class=\"has-18-font-size\">Con\u00e9ctese con otros miembros sobre los temas que le apasionan, \u00a1temas elegidos por la comunidad de Internet Society!<\/p>\n\n\n\n<div style=\"height:20px\" aria-hidden=\"true\" class=\"wp-block-spacer\"><\/div>\n\n\n\n<h3 class=\"wp-block-heading has-32-font-size\">Grupos de Inter\u00e9s Especial<\/h3>\n<\/div>\n\n\n\n<div class=\"wp-block-column is-layout-flow wp-block-column-is-layout-flow\" style=\"flex-basis:10%\"><\/div>\n<\/div>\n\n\n\n<div class=\"wp-block-columns is-layout-flex wp-container-core-columns-is-layout-9d6595d7 wp-block-columns-is-layout-flex\">\n<div class=\"wp-block-column is-layout-flow wp-block-column-is-layout-flow\" style=\"flex-basis:11%\"><\/div>\n\n\n\n<div class=\"wp-block-column is-layout-flow wp-block-column-is-layout-flow\" style=\"flex-basis:15%\">\n<figure class=\"wp-block-image size-full margin-bottom-0 vertical-align-bottom\"><img loading=\"lazy\" decoding=\"async\" width=\"450\" height=\"224\" src=\"https:\/\/www.internetsociety.org\/wp-content\/uploads\/2021\/10\/access.jpeg\" alt=\"un hombre y una mujer en el techo de un edificio entre antenas\" class=\"wp-image-152726\" srcset=\"https:\/\/www.internetsociety.org\/wp-content\/uploads\/2021\/10\/access.jpeg 450w, https:\/\/www.internetsociety.org\/wp-content\/uploads\/2021\/10\/access-250x124.jpeg 250w\" sizes=\"auto, (max-width: 450px) 100vw, 450px\" \/><\/figure>\n\n\n\n<div class=\"wp-block-cover is-light\" style=\"min-height:50px;aspect-ratio:unset;\"><span aria-hidden=\"true\" class=\"wp-block-cover__background has-neutral-white-background-color has-background-dim-100 has-background-dim\"><\/span><div class=\"wp-block-cover__inner-container is-layout-flow wp-block-cover-is-layout-flow\">\n<h4 class=\"wp-block-heading has-depth-green-color has-text-color has-18-font-size\"><a href=\"https:\/\/www.internetsociety.org\/sigs\/affordable-internet-access\/\"><strong>Acceso Asequible a Internet<\/strong><\/a><\/h4>\n<\/div><\/div>\n\n\n\n<div style=\"height:30px\" aria-hidden=\"true\" class=\"wp-block-spacer\"><\/div>\n<\/div>\n\n\n\n<div class=\"wp-block-column is-layout-flow wp-block-column-is-layout-flow\" style=\"flex-basis:15%\">\n<figure class=\"wp-block-image size-full margin-bottom-0 vertical-align-bottom\"><img loading=\"lazy\" decoding=\"async\" width=\"450\" height=\"225\" src=\"https:\/\/www.internetsociety.org\/wp-content\/uploads\/2021\/10\/cybersecurity.jpg\" alt=\"una pantalla con cadenas de datos\" class=\"wp-image-152729\" srcset=\"https:\/\/www.internetsociety.org\/wp-content\/uploads\/2021\/10\/cybersecurity.jpg 450w, https:\/\/www.internetsociety.org\/wp-content\/uploads\/2021\/10\/cybersecurity-250x125.jpg 250w\" sizes=\"auto, (max-width: 450px) 100vw, 450px\" \/><\/figure>\n\n\n\n<div class=\"wp-block-cover is-light\" style=\"min-height:50px;aspect-ratio:unset;\"><span aria-hidden=\"true\" class=\"wp-block-cover__background has-neutral-white-background-color has-background-dim-100 has-background-dim\"><\/span><div class=\"wp-block-cover__inner-container is-layout-flow wp-block-cover-is-layout-flow\">\n<h4 class=\"wp-block-heading has-depth-green-color has-text-color has-18-font-size\"><a href=\"https:\/\/www.internetsociety.org\/sigs\/cybersecurity\/\"><strong>Ciberseguridad<\/strong><\/a><\/h4>\n\n\n\n<div style=\"height:15px\" aria-hidden=\"true\" class=\"wp-block-spacer\"><\/div>\n<\/div><\/div>\n\n\n\n<div style=\"height:10px\" aria-hidden=\"true\" class=\"wp-block-spacer\"><\/div>\n<\/div>\n\n\n\n<div class=\"wp-block-column is-layout-flow wp-block-column-is-layout-flow\" style=\"flex-basis:15%\">\n<figure class=\"wp-block-image size-full margin-bottom-0 vertical-align-bottom\"><img loading=\"lazy\" decoding=\"async\" width=\"450\" height=\"225\" src=\"https:\/\/www.internetsociety.org\/wp-content\/uploads\/2024\/03\/data-girl-AI-SMALL.jpg\" alt=\"A woman standing in front of a large screen projected with water.\" class=\"wp-image-207684\" srcset=\"https:\/\/www.internetsociety.org\/wp-content\/uploads\/2024\/03\/data-girl-AI-SMALL.jpg 450w, https:\/\/www.internetsociety.org\/wp-content\/uploads\/2024\/03\/data-girl-AI-SMALL-250x125.jpg 250w\" sizes=\"auto, (max-width: 450px) 100vw, 450px\" \/><\/figure>\n\n\n\n<div class=\"wp-block-cover is-light\" style=\"min-height:50px;aspect-ratio:unset;\"><span aria-hidden=\"true\" class=\"wp-block-cover__background has-neutral-white-background-color has-background-dim-100 has-background-dim\"><\/span><div class=\"wp-block-cover__inner-container is-layout-flow wp-block-cover-is-layout-flow\">\n<h4 class=\"wp-block-heading has-depth-green-color has-text-color has-18-font-size\"><a href=\"https:\/\/www.internetsociety.org\/sigs\/artificial-intelligence-ai\/\"><strong>Inteligencia Artificial<\/strong><\/a><\/h4>\n\n\n\n<div style=\"height:15px\" aria-hidden=\"true\" class=\"wp-block-spacer\"><\/div>\n<\/div><\/div>\n\n\n\n<div style=\"height:30px\" aria-hidden=\"true\" class=\"wp-block-spacer\"><\/div>\n<\/div>\n\n\n\n<div class=\"wp-block-column is-layout-flow wp-block-column-is-layout-flow\" style=\"flex-basis:15%\">\n<figure class=\"wp-block-image size-full margin-bottom-0 vertical-align-bottom\"><img loading=\"lazy\" decoding=\"async\" width=\"450\" height=\"225\" src=\"https:\/\/www.internetsociety.org\/wp-content\/uploads\/2021\/10\/education.jpeg\" alt=\"un grupo de ni\u00f1as de la escuela\" class=\"wp-image-152717\" srcset=\"https:\/\/www.internetsociety.org\/wp-content\/uploads\/2021\/10\/education.jpeg 450w, https:\/\/www.internetsociety.org\/wp-content\/uploads\/2021\/10\/education-250x125.jpeg 250w\" sizes=\"auto, (max-width: 450px) 100vw, 450px\" \/><\/figure>\n\n\n\n<div class=\"wp-block-cover is-light\" style=\"min-height:50px;aspect-ratio:unset;\"><span aria-hidden=\"true\" class=\"wp-block-cover__background has-neutral-white-background-color has-background-dim-100 has-background-dim\"><\/span><div class=\"wp-block-cover__inner-container is-layout-flow wp-block-cover-is-layout-flow\">\n<h4 class=\"wp-block-heading has-depth-green-color has-text-color has-18-font-size\"><a href=\"https:\/\/www.internetsociety.org\/sigs\/internet-for-education\/\"><strong>Internet para la Educaci\u00f3n<\/strong><\/a><\/h4>\n<\/div><\/div>\n\n\n\n<div style=\"height:30px\" aria-hidden=\"true\" class=\"wp-block-spacer\"><\/div>\n<\/div>\n\n\n\n<div class=\"wp-block-column is-layout-flow wp-block-column-is-layout-flow\" style=\"flex-basis:15%\">\n<figure class=\"wp-block-image size-full margin-bottom-0 vertical-align-bottom\"><img loading=\"lazy\" decoding=\"async\" width=\"450\" height=\"225\" src=\"https:\/\/www.internetsociety.org\/wp-content\/uploads\/2021\/10\/online-safety.jpg\" alt=\"una mujer sentada en la cama en la oscuridad con una computadora port\u00e1til\" class=\"wp-image-152720\" srcset=\"https:\/\/www.internetsociety.org\/wp-content\/uploads\/2021\/10\/online-safety.jpg 450w, https:\/\/www.internetsociety.org\/wp-content\/uploads\/2021\/10\/online-safety-250x125.jpg 250w\" sizes=\"auto, (max-width: 450px) 100vw, 450px\" \/><\/figure>\n\n\n\n<div class=\"wp-block-cover is-light\" style=\"min-height:50px;aspect-ratio:unset;\"><span aria-hidden=\"true\" class=\"wp-block-cover__background has-neutral-white-background-color has-background-dim-100 has-background-dim\"><\/span><div class=\"wp-block-cover__inner-container is-layout-flow wp-block-cover-is-layout-flow\">\n<h4 class=\"wp-block-heading has-depth-green-color has-text-color has-18-font-size\"><a href=\"https:\/\/www.internetsociety.org\/sigs\/online-safety\/\"><strong>Seguridad en L\u00ednea<\/strong><\/a><\/h4>\n\n\n\n<div style=\"height:15px\" aria-hidden=\"true\" class=\"wp-block-spacer\"><\/div>\n<\/div><\/div>\n\n\n\n<div style=\"height:30px\" aria-hidden=\"true\" class=\"wp-block-spacer\"><\/div>\n<\/div>\n\n\n\n<div class=\"wp-block-column is-layout-flow wp-block-column-is-layout-flow\" style=\"flex-basis:14%\"><\/div>\n<\/div>\n\n\n\n<div class=\"wp-block-columns is-layout-flex wp-container-core-columns-is-layout-9d6595d7 wp-block-columns-is-layout-flex\">\n<div class=\"wp-block-column is-layout-flow wp-block-column-is-layout-flow\" style=\"flex-basis:10%\"><\/div>\n\n\n\n<div class=\"wp-block-column is-layout-flow wp-block-column-is-layout-flow\" style=\"flex-basis:80%\">\n<h3 class=\"wp-block-heading has-32-font-size\">Grupos Permanentes<\/h3>\n<\/div>\n\n\n\n<div class=\"wp-block-column is-layout-flow wp-block-column-is-layout-flow\" style=\"flex-basis:10%\"><\/div>\n<\/div>\n\n\n\n<div class=\"wp-block-columns is-layout-flex wp-container-core-columns-is-layout-9d6595d7 wp-block-columns-is-layout-flex\">\n<div class=\"wp-block-column is-layout-flow wp-block-column-is-layout-flow\" style=\"flex-basis:11%\"><\/div>\n\n\n\n<div class=\"wp-block-column is-layout-flow wp-block-column-is-layout-flow\" style=\"flex-basis:15%\">\n<figure class=\"wp-block-image size-full margin-bottom-0 vertical-align-bottom\"><img loading=\"lazy\" decoding=\"async\" width=\"451\" height=\"224\" src=\"https:\/\/www.internetsociety.org\/wp-content\/uploads\/2021\/10\/accessibility-min.png\" alt=\"Ni\u00f1os y ni\u00f1as frente a computadoras trabajando\" class=\"wp-image-152732\" srcset=\"https:\/\/www.internetsociety.org\/wp-content\/uploads\/2021\/10\/accessibility-min.png 451w, https:\/\/www.internetsociety.org\/wp-content\/uploads\/2021\/10\/accessibility-min-250x124.png 250w\" sizes=\"auto, (max-width: 451px) 100vw, 451px\" \/><\/figure>\n\n\n\n<div class=\"wp-block-cover is-light\" style=\"min-height:50px;aspect-ratio:unset;\"><span aria-hidden=\"true\" class=\"wp-block-cover__background has-neutral-white-background-color has-background-dim-100 has-background-dim\"><\/span><div class=\"wp-block-cover__inner-container is-layout-flow wp-block-cover-is-layout-flow\">\n<h4 class=\"wp-block-heading has-depth-green-color has-text-color has-18-font-size\"><a href=\"https:\/\/www.internetsociety.org\/sigs\/accessibility\/\"><strong>Accesibilidad<\/strong><\/a><\/h4>\n<\/div><\/div>\n\n\n\n<div style=\"height:30px\" aria-hidden=\"true\" class=\"wp-block-spacer\"><\/div>\n<\/div>\n\n\n\n<div class=\"wp-block-column is-layout-flow wp-block-column-is-layout-flow\" style=\"flex-basis:15%\">\n<figure class=\"wp-block-image size-full margin-bottom-0 vertical-align-bottom\"><img loading=\"lazy\" decoding=\"async\" width=\"450\" height=\"225\" src=\"https:\/\/www.internetsociety.org\/wp-content\/uploads\/2021\/10\/gender.jpeg\" alt=\"Un hombre y una mujer sentados a la mesa durante una conferencia.\" class=\"wp-image-152738\" srcset=\"https:\/\/www.internetsociety.org\/wp-content\/uploads\/2021\/10\/gender.jpeg 450w, https:\/\/www.internetsociety.org\/wp-content\/uploads\/2021\/10\/gender-250x125.jpeg 250w\" sizes=\"auto, (max-width: 450px) 100vw, 450px\" \/><\/figure>\n\n\n\n<div class=\"wp-block-cover is-light\" style=\"min-height:50px;aspect-ratio:unset;\"><span aria-hidden=\"true\" class=\"wp-block-cover__background has-neutral-white-background-color has-background-dim-100 has-background-dim\"><\/span><div class=\"wp-block-cover__inner-container is-layout-flow wp-block-cover-is-layout-flow\">\n<h4 class=\"wp-block-heading has-depth-green-color has-text-color has-18-font-size\"><a href=\"https:\/\/www.internetsociety.org\/sigs\/gender\/\"><strong>G\u00e9nero<\/strong><\/a><\/h4>\n<\/div><\/div>\n\n\n\n<div style=\"height:10px\" aria-hidden=\"true\" class=\"wp-block-spacer\"><\/div>\n<\/div>\n\n\n\n<div class=\"wp-block-column is-layout-flow wp-block-column-is-layout-flow\" style=\"flex-basis:15%\">\n<figure class=\"wp-block-image size-full margin-bottom-0 vertical-align-bottom\"><img loading=\"lazy\" decoding=\"async\" width=\"450\" height=\"225\" src=\"https:\/\/www.internetsociety.org\/wp-content\/uploads\/2021\/10\/youth.jpg\" alt=\"Dos ni\u00f1as y dos ni\u00f1os parados en el techo y observando una ciudad a lo lejos\" class=\"wp-image-152735\" srcset=\"https:\/\/www.internetsociety.org\/wp-content\/uploads\/2021\/10\/youth.jpg 450w, https:\/\/www.internetsociety.org\/wp-content\/uploads\/2021\/10\/youth-250x125.jpg 250w\" sizes=\"auto, (max-width: 450px) 100vw, 450px\" \/><\/figure>\n\n\n\n<div class=\"wp-block-cover is-light\" style=\"min-height:50px;aspect-ratio:unset;\"><span aria-hidden=\"true\" class=\"wp-block-cover__background has-neutral-white-background-color has-background-dim-100 has-background-dim\"><\/span><div class=\"wp-block-cover__inner-container is-layout-flow wp-block-cover-is-layout-flow\">\n<h4 class=\"wp-block-heading has-depth-green-color has-text-color has-18-font-size\"><a href=\"https:\/\/www.internetsociety.org\/sigs\/youth-standing-group\/\"><strong>Juventudes<\/strong><\/a><\/h4>\n<\/div><\/div>\n\n\n\n<div style=\"height:30px\" aria-hidden=\"true\" class=\"wp-block-spacer\"><\/div>\n<\/div>\n\n\n\n<div class=\"wp-block-column is-layout-flow wp-block-column-is-layout-flow\" style=\"flex-basis:15%\"><\/div>\n\n\n\n<div class=\"wp-block-column is-layout-flow wp-block-column-is-layout-flow\" style=\"flex-basis:15%\"><\/div>\n\n\n\n<div class=\"wp-block-column is-layout-flow wp-block-column-is-layout-flow\" style=\"flex-basis:14%\"><\/div>\n<\/div>\n\n\n\n<div class=\"wp-block-columns is-layout-flex wp-container-core-columns-is-layout-9d6595d7 wp-block-columns-is-layout-flex\">\n<div class=\"wp-block-column is-layout-flow wp-block-column-is-layout-flow\" style=\"flex-basis:10%\"><\/div>\n\n\n\n<div class=\"wp-block-column is-layout-flow wp-block-column-is-layout-flow\" style=\"flex-basis:80%\">\n<h4 class=\"wp-block-heading has-accent-purple-color has-text-color has-32-font-size\">\u00a1Aproveche el d\u00eda! Contribuya a una Internet a\u00fan mejor.<\/h4>\n\n\n\n<div style=\"height:20px\" aria-hidden=\"true\" class=\"wp-block-spacer\"><\/div>\n\n\n\n<div class=\"wp-block-buttons is-vertical is-content-justification-left is-layout-flex wp-container-core-buttons-is-layout-c0ca7d81 wp-block-buttons-is-layout-flex\">\n<div class=\"wp-block-button\"><a class=\"wp-block-button__link has-neutral-white-color has-accent-purple-background-color has-text-color has-background wp-element-button\" href=\"https:\/\/community.internetsociety.org\/s\/searchdirectory?id=a2FUO0000000uIL&amp;locale=es\">\u00danase hoy a un Grupo de Inter\u00e9s Especial<\/a><\/div>\n<\/div>\n\n\n\n<div style=\"height:30px\" aria-hidden=\"true\" class=\"wp-block-spacer\"><\/div>\n<\/div>\n\n\n\n<div class=\"wp-block-column is-layout-flow wp-block-column-is-layout-flow\" style=\"flex-basis:10%\"><\/div>\n<\/div>\n\n\n\n<div class=\"wp-block-columns margin-bottom-0 has-neutral-white-background-color has-background is-layout-flex wp-container-core-columns-is-layout-9d6595d7 wp-block-columns-is-layout-flex\">\n<div class=\"wp-block-column is-layout-flow wp-block-column-is-layout-flow\" style=\"flex-basis:10%\"><\/div>\n\n\n\n<div class=\"wp-block-column is-layout-flow wp-block-column-is-layout-flow\" style=\"flex-basis:80%\">\n<div style=\"height:30px\" aria-hidden=\"true\" class=\"wp-block-spacer\"><\/div>\n\n\n\n<h3 class=\"wp-block-heading\">Historias de Impacto<\/h3>\n\n\n\n<div style=\"height:40px\" aria-hidden=\"true\" class=\"wp-block-spacer\"><\/div>\n\n\n\n<p class=\"has-18-font-size\">Descubra c\u00f3mo los grupos de inter\u00e9s especial y los cap\u00edtulos est\u00e1n marcando la diferencia y dando forma a la Internet del futuro.<\/p>\n\n\n\n\t\t\t<div class=\"wp-block-uagb-post-grid uagb-post-grid  uagb-post__image-position-top uagb-post__image-disabled uagb-block-d6a67b9a     uagb-post__items uagb-post__columns-3 is-grid uagb-post__columns-tablet-2 uagb-post__columns-mobile-1 uagb-post__equal-height\" data-total=\"0\" style=\"\">\n\n\t\t\t\t\t\t\t\t\t<p class=\"uagb-post__no-posts\">\n\t\t\t\t\t\tNo post found!\t\t\t\t\t<\/p>\n\t\t\t\t\t\t\t\t\t\t<div class=\"uagb-post-pagination-wrap\">\n\t\t\t\t\t\t\t\t\t\t\t<\/div>\n\t\t\t\t\t\t\t\t<\/div>\n\t\t\t\n\n\n<div style=\"height:30px\" aria-hidden=\"true\" class=\"wp-block-spacer\"><\/div>\n<\/div>\n\n\n\n<div class=\"wp-block-column is-layout-flow wp-block-column-is-layout-flow\" style=\"flex-basis:10%\"><\/div>\n<\/div>\n\n\n\n<p class=\"has-text-align-center has-white-color has-ground-navy-background-color has-text-color has-background has-12-font-size\">Derechos de autor:<br>Imagen principal: \u00a9 Chris Gregory, Internet para la Educaci\u00f3n: \u00a9 Internet Society\/Nyani Quarmyne\/Panos Pictures, Acceso Asequible a Internet: \u00a9 Chris Gregory, G\u00e9nero: <meta charset=\"utf-8\">\u00a9 Internet Society\/Nyani Quarmyne\/Panos Pictures<\/p>\n","protected":false},"excerpt":{"rendered":"<p><b>\u00danase a personas que piensan como usted en relaci\u00f3n a cuestiones de Internet que lo inspiren. Dondequiera que est\u00e9.<br \/>\n<\/b><br \/>Sin importar sus intereses, hay un grupo para usted.<\/p>\n","protected":false},"author":46,"featured_media":153033,"parent":0,"menu_order":0,"comment_status":"closed","ping_status":"closed","template":"page-wide.php","meta":{"_acf_changed":false,"_uag_custom_page_level_css":"","footnotes":""},"categories":[5694,119],"tags":[2764],"region_news_regions":[],"content_category":[],"ppma_author":[4057],"class_list":["post-152770","page","type-page","status-publish","has-post-thumbnail","hentry","category-comunidad","category-quienes-somos","tag-sig"],"acf":[],"uagb_featured_image_src":{"full":["https:\/\/www.internetsociety.org\/wp-content\/uploads\/2021\/10\/CTG9096-min-e1634667126744-1.jpeg",600,274,false],"thumbnail":["https:\/\/www.internetsociety.org\/wp-content\/uploads\/2021\/10\/CTG9096-min-e1634667126744-1-150x150.jpeg",150,150,true],"medium":["https:\/\/www.internetsociety.org\/wp-content\/uploads\/2021\/10\/CTG9096-min-e1634667126744-1-450x206.jpeg",450,206,true],"medium_large":["https:\/\/www.internetsociety.org\/wp-content\/uploads\/2021\/10\/CTG9096-min-e1634667126744-1.jpeg",600,274,false],"large":["https:\/\/www.internetsociety.org\/wp-content\/uploads\/2021\/10\/CTG9096-min-e1634667126744-1.jpeg",600,274,false],"1536x1536":["https:\/\/www.internetsociety.org\/wp-content\/uploads\/2021\/10\/CTG9096-min-e1634667126744-1.jpeg",600,274,false],"2048x2048":["https:\/\/www.internetsociety.org\/wp-content\/uploads\/2021\/10\/CTG9096-min-e1634667126744-1.jpeg",600,274,false],"post-thumbnail":["https:\/\/www.internetsociety.org\/wp-content\/uploads\/2021\/10\/CTG9096-min-e1634667126744-1-250x114.jpeg",250,114,true],"square":["https:\/\/www.internetsociety.org\/wp-content\/uploads\/2021\/10\/CTG9096-min-e1634667126744-1.jpeg",600,274,false],"gform-image-choice-sm":["https:\/\/www.internetsociety.org\/wp-content\/uploads\/2021\/10\/CTG9096-min-e1634667126744-1.jpeg",300,137,false],"gform-image-choice-md":["https:\/\/www.internetsociety.org\/wp-content\/uploads\/2021\/10\/CTG9096-min-e1634667126744-1.jpeg",400,183,false],"gform-image-choice-lg":["https:\/\/www.internetsociety.org\/wp-content\/uploads\/2021\/10\/CTG9096-min-e1634667126744-1.jpeg",600,274,false]},"uagb_author_info":{"display_name":"Ivana Trbovic","author_link":"https:\/\/www.internetsociety.org\/es\/author\/trbovic\/"},"uagb_comment_info":0,"uagb_excerpt":"\u00danase a personas que piensan como usted en relaci\u00f3n a cuestiones de Internet que lo inspiren. Dondequiera que est\u00e9. Sin importar sus intereses, hay un grupo para usted.","_links":{"self":[{"href":"https:\/\/www.internetsociety.org\/es\/wp-json\/wp\/v2\/pages\/152770","targetHints":{"allow":["GET"]}}],"collection":[{"href":"https:\/\/www.internetsociety.org\/es\/wp-json\/wp\/v2\/pages"}],"about":[{"href":"https:\/\/www.internetsociety.org\/es\/wp-json\/wp\/v2\/types\/page"}],"author":[{"embeddable":true,"href":"https:\/\/www.internetsociety.org\/es\/wp-json\/wp\/v2\/users\/46"}],"replies":[{"embeddable":true,"href":"https:\/\/www.internetsociety.org\/es\/wp-json\/wp\/v2\/comments?post=152770"}],"version-history":[{"count":0,"href":"https:\/\/www.internetsociety.org\/es\/wp-json\/wp\/v2\/pages\/152770\/revisions"}],"wp:featuredmedia":[{"embeddable":true,"href":"https:\/\/www.internetsociety.org\/es\/wp-json\/wp\/v2\/media\/153033"}],"wp:attachment":[{"href":"https:\/\/www.internetsociety.org\/es\/wp-json\/wp\/v2\/media?parent=152770"}],"wp:term":[{"taxonomy":"category","embeddable":true,"href":"https:\/\/www.internetsociety.org\/es\/wp-json\/wp\/v2\/categories?post=152770"},{"taxonomy":"post_tag","embeddable":true,"href":"https:\/\/www.internetsociety.org\/es\/wp-json\/wp\/v2\/tags?post=152770"},{"taxonomy":"region_news_regions","embeddable":true,"href":"https:\/\/www.internetsociety.org\/es\/wp-json\/wp\/v2\/region_news_regions?post=152770"},{"taxonomy":"content_category","embeddable":true,"href":"https:\/\/www.internetsociety.org\/es\/wp-json\/wp\/v2\/content_category?post=152770"},{"taxonomy":"author","embeddable":true,"href":"https:\/\/www.internetsociety.org\/es\/wp-json\/wp\/v2\/ppma_author?post=152770"}],"curies":[{"name":"wp","href":"https:\/\/api.w.org\/{rel}","templated":true}]}}