{"id":151607,"date":"2021-09-28T11:17:29","date_gmt":"2021-09-28T11:17:29","guid":{"rendered":"https:\/\/www.internetsociety.org\/?page_id=151607"},"modified":"2023-12-11T15:44:08","modified_gmt":"2023-12-11T15:44:08","slug":"chapterthon-2021-proyectos","status":"publish","type":"page","link":"https:\/\/www.internetsociety.org\/es\/grants\/chapterthon\/2021\/projects\/","title":{"rendered":"Chapterthon 2021 Proyectos"},"content":{"rendered":"\n<section class=\"wp-block-uagb-columns uagb-columns__wrap uagb-columns__background-image uagb-columns__stack-mobile uagb-columns__valign- uagb-columns__gap-10 align uagb-block-cc3d0c5d uagb-columns__columns-1 uagb-columns__max_width-theme background-image-fallback-black\"><div class=\"uagb-columns__overlay\"><\/div><div class=\"uagb-columns__inner-wrap uagb-columns__columns-1\">\n<div class=\"wp-block-uagb-column uagb-column__wrap uagb-column__background-undefined uagb-block-d60c9d63\"><div class=\"uagb-column__overlay\"><\/div>\n<div style=\"height:60px\" aria-hidden=\"true\" class=\"wp-block-spacer\"><\/div>\n\n\n\n<p class=\"has-neutral-white-color has-text-color has-18-font-size\"><a href=\"https:\/\/www.internetsociety.org\/es\/grants\/chapterthon\/2021\/\"><span class=\"tadv-color\" style=\"color:#eff2ec\">Chapterthon 2021<\/span><\/a> &gt; Chapterthon 2021 Proyectos<\/p>\n\n\n\n<div style=\"height:30px\" aria-hidden=\"true\" class=\"wp-block-spacer\"><\/div>\n\n\n\n<h1 class=\"wp-block-heading has-neutral-white-color has-text-color\">Chapterthon 2021 Proyectos<\/h1>\n\n\n\n<div style=\"height:60px\" aria-hidden=\"true\" class=\"wp-block-spacer\"><\/div>\n<\/div>\n<\/div><\/section>\n\n\n\n<div class=\"wp-block-columns is-layout-flex wp-container-core-columns-is-layout-9d6595d7 wp-block-columns-is-layout-flex\">\n<div class=\"wp-block-column is-layout-flow wp-block-column-is-layout-flow\" style=\"flex-basis:10%\"><\/div>\n\n\n\n<div class=\"wp-block-column is-layout-flow wp-block-column-is-layout-flow\" style=\"flex-basis:80%\">\n<div style=\"height:40px\" aria-hidden=\"true\" class=\"wp-block-spacer\"><\/div>\n\n\n\n<h2 class=\"wp-block-heading has-accent-purple-color has-text-color has-32-font-size\">Somos Internet Society. Abogamos, educamos, colaboramos y nos movilizamos por una Internet saludable y pr\u00f3spera para todas las personas.<\/h2>\n\n\n\n<div style=\"height:20px\" aria-hidden=\"true\" class=\"wp-block-spacer\"><\/div>\n\n\n\n<p class=\"has-18-font-size\">Para nuestro <a href=\"https:\/\/www.internetsociety.org\/es\/grants\/chapterthon\/2021\/\">Chapterthon 2021<\/a>, los cap\u00edtulos de Internet Society desarrollaron proyectos que marcan una diferencia significativa en sus comunidades y m\u00e1s all\u00e1. Eligieron un problema urgente, colaboraron para resolverlo y ahora usted y otros pueden devolver el favor. Descargue los planos, luego replique y escale el impacto de los proyectos.<\/p>\n\n\n\n<p class=\"has-18-font-size\">Los ganadores del Chapterthon de cada regi\u00f3n ganar\u00e1n un paquete de premios, incluida la oportunidad de albergar su propio stand en la Community Week de Internet Society (noviembre de 2021) para presentar sus proyectos del Chapterthon a la comunidad en general.<\/p>\n\n\n\n<p class=\"has-18-font-size\">Gracias a todos los miembros que votaron, los ganadores se anunciar\u00e1n pronto.<\/p>\n\n\n\n<p class=\"has-18-font-size\"><a href=\"https:\/\/www.internetsociety.org\/grants\/chapterthon\/2021\/projects\/\">Visite nuestra p\u00e1gina en ingl\u00e9s<\/a> para ver todos los proyectos.<\/p>\n\n\n\n<div style=\"height:30px\" aria-hidden=\"true\" class=\"wp-block-spacer\"><\/div>\n\n\n\n<p class=\"has-12-font-size\">\u00bfTodav\u00eda no es miembro? <a href=\"https:\/\/community.internetsociety.org\/s\/new-registration?locale=es\" target=\"_blank\" rel=\"noreferrer noopener\">Reg\u00edstrese hoy<\/a> para unirse a una comunidad de campeones de Internet globales. Si tiene alguna pregunta, comun\u00edquese con <a href=\"mailto:globalmembership@isoc.org\">globalmembership@isoc.org<\/a>.<\/p>\n\n\n\n<div style=\"height:40px\" aria-hidden=\"true\" class=\"wp-block-spacer\"><\/div>\n<\/div>\n\n\n\n<div class=\"wp-block-column is-layout-flow wp-block-column-is-layout-flow\" style=\"flex-basis:10%\"><\/div>\n<\/div>\n","protected":false},"excerpt":{"rendered":"<p>Para nuestro Chapterthon 2021, los cap\u00edtulos de Internet Society desarrollaron proyectos que marcan una diferencia significativa en sus comunidades y m\u00e1s all\u00e1. <\/p>\n","protected":false},"author":46,"featured_media":151598,"parent":141476,"menu_order":0,"comment_status":"closed","ping_status":"closed","template":"page-wide.php","meta":{"_acf_changed":false,"_uag_custom_page_level_css":"","footnotes":""},"categories":[5694],"tags":[],"region_news_regions":[],"content_category":[],"ppma_author":[4057],"class_list":["post-151607","page","type-page","status-publish","has-post-thumbnail","hentry","category-comunidad"],"acf":[],"uagb_featured_image_src":{"full":["https:\/\/www.internetsociety.org\/wp-content\/uploads\/2021\/10\/IMG_3552-e1633080691786.jpeg",1280,611,false],"thumbnail":["https:\/\/www.internetsociety.org\/wp-content\/uploads\/2021\/10\/IMG_3552-150x150.jpeg",150,150,true],"medium":["https:\/\/www.internetsociety.org\/wp-content\/uploads\/2021\/10\/IMG_3552-450x215.jpeg",450,215,true],"medium_large":["https:\/\/www.internetsociety.org\/wp-content\/uploads\/2021\/10\/IMG_3552-768x367.jpeg",768,367,true],"large":["https:\/\/www.internetsociety.org\/wp-content\/uploads\/2021\/10\/IMG_3552-1024x489.jpeg",1024,489,true],"1536x1536":["https:\/\/www.internetsociety.org\/wp-content\/uploads\/2021\/10\/IMG_3552-e1633080691786.jpeg",1280,611,false],"2048x2048":["https:\/\/www.internetsociety.org\/wp-content\/uploads\/2021\/10\/IMG_3552-e1633080691786.jpeg",1280,611,false],"post-thumbnail":["https:\/\/www.internetsociety.org\/wp-content\/uploads\/2021\/10\/IMG_3552-250x119.jpeg",250,119,true],"square":["https:\/\/www.internetsociety.org\/wp-content\/uploads\/2021\/10\/IMG_3552-600x600.jpeg",600,600,true],"gform-image-choice-sm":["https:\/\/www.internetsociety.org\/wp-content\/uploads\/2021\/10\/IMG_3552-e1633080691786.jpeg",300,143,false],"gform-image-choice-md":["https:\/\/www.internetsociety.org\/wp-content\/uploads\/2021\/10\/IMG_3552-e1633080691786.jpeg",400,191,false],"gform-image-choice-lg":["https:\/\/www.internetsociety.org\/wp-content\/uploads\/2021\/10\/IMG_3552-e1633080691786.jpeg",600,286,false]},"uagb_author_info":{"display_name":"Ivana Trbovic","author_link":"https:\/\/www.internetsociety.org\/es\/author\/trbovic\/"},"uagb_comment_info":0,"uagb_excerpt":"Para nuestro Chapterthon 2021, los cap\u00edtulos de Internet Society desarrollaron proyectos que marcan una diferencia significativa en sus comunidades y m\u00e1s all\u00e1.","_links":{"self":[{"href":"https:\/\/www.internetsociety.org\/es\/wp-json\/wp\/v2\/pages\/151607","targetHints":{"allow":["GET"]}}],"collection":[{"href":"https:\/\/www.internetsociety.org\/es\/wp-json\/wp\/v2\/pages"}],"about":[{"href":"https:\/\/www.internetsociety.org\/es\/wp-json\/wp\/v2\/types\/page"}],"author":[{"embeddable":true,"href":"https:\/\/www.internetsociety.org\/es\/wp-json\/wp\/v2\/users\/46"}],"replies":[{"embeddable":true,"href":"https:\/\/www.internetsociety.org\/es\/wp-json\/wp\/v2\/comments?post=151607"}],"version-history":[{"count":0,"href":"https:\/\/www.internetsociety.org\/es\/wp-json\/wp\/v2\/pages\/151607\/revisions"}],"up":[{"embeddable":true,"href":"https:\/\/www.internetsociety.org\/es\/wp-json\/wp\/v2\/pages\/141476"}],"wp:featuredmedia":[{"embeddable":true,"href":"https:\/\/www.internetsociety.org\/es\/wp-json\/wp\/v2\/media\/151598"}],"wp:attachment":[{"href":"https:\/\/www.internetsociety.org\/es\/wp-json\/wp\/v2\/media?parent=151607"}],"wp:term":[{"taxonomy":"category","embeddable":true,"href":"https:\/\/www.internetsociety.org\/es\/wp-json\/wp\/v2\/categories?post=151607"},{"taxonomy":"post_tag","embeddable":true,"href":"https:\/\/www.internetsociety.org\/es\/wp-json\/wp\/v2\/tags?post=151607"},{"taxonomy":"region_news_regions","embeddable":true,"href":"https:\/\/www.internetsociety.org\/es\/wp-json\/wp\/v2\/region_news_regions?post=151607"},{"taxonomy":"content_category","embeddable":true,"href":"https:\/\/www.internetsociety.org\/es\/wp-json\/wp\/v2\/content_category?post=151607"},{"taxonomy":"author","embeddable":true,"href":"https:\/\/www.internetsociety.org\/es\/wp-json\/wp\/v2\/ppma_author?post=151607"}],"curies":[{"name":"wp","href":"https:\/\/api.w.org\/{rel}","templated":true}]}}