{"id":143538,"date":"2022-10-12T12:16:00","date_gmt":"2022-10-12T12:16:00","guid":{"rendered":"https:\/\/www.internetsociety.org\/?page_id=143538"},"modified":"2025-11-19T20:28:47","modified_gmt":"2025-11-19T20:28:47","slug":"jovenes-embajadores-del-igf","status":"publish","type":"page","link":"https:\/\/www.internetsociety.org\/es\/policy-programs\/youth-ambassadors\/","title":{"rendered":"Programa de J\u00f3venes Embajadores"},"content":{"rendered":"\n<div class=\"wp-block-cover aligncenter is-light has-parallax\" style=\"min-height:600px;aspect-ratio:unset;\"><div class=\"wp-block-cover__image-background wp-image-151893 has-parallax\" style=\"background-position:50% 50%;background-image:url(https:\/\/www.internetsociety.org\/wp-content\/uploads\/2021\/10\/Image-from-iOS-1-e1633459238236.jpg)\"><\/div><span aria-hidden=\"true\" class=\"wp-block-cover__background has-background-dim-0 has-background-dim\"><\/span><div class=\"wp-block-cover__inner-container is-layout-flow wp-block-cover-is-layout-flow\">\n<p class=\"has-large-font-size\"><\/p>\n<\/div><\/div>\n\n\n\n<section class=\"wp-block-uagb-columns uagb-columns__wrap uagb-columns__background-color uagb-columns__stack-mobile uagb-columns__valign- uagb-columns__gap-10 align uagb-block-483db077 uagb-columns__columns-2 uagb-columns__max_width-theme\"><div class=\"uagb-columns__overlay\"><\/div><div class=\"uagb-columns__inner-wrap uagb-columns__columns-2\">\n<div class=\"wp-block-uagb-column uagb-column__wrap uagb-column__background-color uagb-block-a520f38e\"><div class=\"uagb-column__overlay\"><\/div>\n<h1 class=\"wp-block-heading has-depth-blue-color has-text-color uag-hide-desktop uag-hide-tab\">Programa de J\u00f3venes Embajadores<\/h1>\n\n\n\n<div style=\"height:20px\" aria-hidden=\"true\" class=\"wp-block-spacer uag-hide-desktop uag-hide-tab\"><\/div>\n\n\n\n<section class=\"wp-block-uagb-columns uagb-columns__wrap uagb-columns__background-color uagb-columns__stack-mobile uagb-columns__valign- uagb-columns__gap-10 align uagb-block-d419938b uagb-columns__columns-1 uagb-columns__max_width-theme background-image-fallback-black\"><div class=\"uagb-columns__overlay\"><\/div><div class=\"uagb-columns__inner-wrap uagb-columns__columns-1\">\n<div class=\"wp-block-uagb-column uagb-column__wrap uagb-column__background-undefined uagb-block-595c3f5a\"><div class=\"uagb-column__overlay\"><\/div>\n<h2 class=\"wp-block-heading has-neutral-white-color has-text-color has-28-font-size\" id=\"at-a-glance\">En un vistazo<\/h2>\n\n\n\n<div style=\"height:20px\" aria-hidden=\"true\" class=\"wp-block-spacer\"><\/div>\n\n\n\n<p class=\"has-neutral-white-color has-text-color has-18-font-size\">Estado actual:<br>abierto<\/p>\n\n\n\n<p class=\"has-neutral-white-color has-text-color has-18-font-size\"><\/p>\n\n\n\n<div class=\"wp-block-buttons is-content-justification-left is-layout-flex wp-container-core-buttons-is-layout-fdcfc74e wp-block-buttons-is-layout-flex\">\n<div class=\"wp-block-button is-style-fill\"><a class=\"wp-block-button__link has-depth-blue-color has-neutral-white-background-color has-text-color has-background wp-element-button\" href=\"https:\/\/www.internetsociety.org\/policy-programs\/youth-ambassadors\/\"><strong><strong><strong>M\u00e1s informaci\u00f3n<\/strong><\/strong><\/strong><\/a><\/div>\n<\/div>\n\n\n\n<p class=\"has-neutral-white-color has-text-color has-18-font-size\"><\/p>\n<\/div>\n<\/div><\/section>\n<\/div>\n\n\n\n<div class=\"wp-block-uagb-column uagb-column__wrap uagb-column__background-undefined uagb-block-5c672ad5\"><div class=\"uagb-column__overlay\"><\/div>\n<h1 class=\"wp-block-heading has-depth-blue-color has-text-color uag-hide-mob\" id=\"early-career-fellowship\">Programa de J\u00f3venes Embajadores<\/h1>\n\n\n\n<div style=\"height:20px\" aria-hidden=\"true\" class=\"wp-block-spacer uag-hide-mob\"><\/div>\n\n\n\n<p>\u00bfDesea:<br>\u2713 tener un gran impacto en la gobernanza de Internet en su comunidad?<br>\u2713 recibir capacitaci\u00f3n y conectarse con una red de personas clave con influencia en la esfera de la gobernanza de Internet?<br>\u2713 participar en eventos sobre Internet?<br>\u2713 obtener acceso a una plataforma donde pueda alzar su voz acerca de los asuntos de Internet que le interesan?<br>\u2713 influenciar pol\u00edticas que defiendan Internet?<\/p>\n\n\n\n<h2 class=\"wp-block-heading has-text-color has-26-font-size\" style=\"color:#1d69d3\"><span style=\"line-height: 1.4\">\u00a1Convi\u00e9rtase en un Joven Embajador!<\/span><\/h2>\n\n\n\n<div style=\"height:20px\" aria-hidden=\"true\" class=\"wp-block-spacer\"><\/div>\n\n\n\n<p>Cada a\u00f1o, Internet Society selecciona a quince personas j\u00f3venes y apasionadas para participar en nuestro Programa de J\u00f3venes Embajadores, equipando a la pr\u00f3xima generaci\u00f3n de l\u00edderes de Internet para colaborar e innovar para un mundo mejor.<\/p>\n\n\n\n<div style=\"height:20px\" aria-hidden=\"true\" class=\"wp-block-spacer\"><\/div>\n\n\n\n<h3 class=\"wp-block-heading\">\u00bfQui\u00e9n puede aplicar?<\/h3>\n\n\n\n<div style=\"height:20px\" aria-hidden=\"true\" class=\"wp-block-spacer\"><\/div>\n\n\n\n<p>Su solicitud tiene que ser completada en ingl\u00e9s.<\/p>\n\n\n\n<p>Todas las personas solicitantes deben:<\/p>\n\n\n\n<ul class=\"wp-block-list\">\n<li>Tener de 18 a 30 a\u00f1os al momento de la aplicaci\u00f3n.<\/li>\n\n\n\n<li>Tener fluidez al leer, hablar y escribir en ingl\u00e9s.<\/li>\n\n\n\n<li>Sentirse c\u00f3modo hablando en p\u00fablico y expresando sus opiniones.<\/li>\n\n\n\n<li>Tener acceso continuo a Internet durante todas las fases del programa as\u00ed como el equipo apropiado.<\/li>\n\n\n\n<li>Ser capaz de comprometerse a dedicar al menos 4 horas semanales durante los 12 meses de duraci\u00f3n del programa.<\/li>\n\n\n\n<li>Estar disponible para participar en reuniones y seminarios en l\u00ednea semanales, generalmente de 11h a 16h UTC.<\/li>\n\n\n\n<li>Poder viajar y tener un pasaporte v\u00e1lido.<\/li>\n\n\n\n<li>No haber sido seleccionado anteriomente por Internet Society como embajador del IGF, becario de&nbsp;Youth@IGF&nbsp;o Joven Embajador del IGF o Joven Embajador.<\/li>\n<\/ul>\n\n\n\n<div style=\"height:20px\" aria-hidden=\"true\" class=\"wp-block-spacer\"><\/div>\n\n\n\n<h4 class=\"wp-block-heading has-depth-blue-color has-text-color has-26-font-size\">Si cumple con estos requisitos, visite&nbsp;la <a href=\"https:\/\/www.internetsociety.org\/policy-programs\/youth-ambassadors\/\">p\u00e1gina web en ingl\u00e9s<\/a>&nbsp;y obtenga m\u00e1s informaci\u00f3n sobre el programa.<\/h4>\n<\/div>\n<\/div><\/section>\n","protected":false},"excerpt":{"rendered":"<p><b>Esta es tu oportunidad de convertirte en un agente de cambio.<\/b><br \/>Profundiza en tus conocimientos, recibe orientaci\u00f3n de l\u00edderes y expertos clave de Internet y ampl\u00eda tus habilidades de defensa y liderazgo. Inscr\u00edbete hoy mismo en el Programa de J\u00f3venes Embajadores.<\/p>\n","protected":false},"author":46,"featured_media":186695,"parent":224073,"menu_order":0,"comment_status":"closed","ping_status":"closed","template":"page-wide.php","meta":{"_acf_changed":false,"_uag_custom_page_level_css":"","footnotes":""},"categories":[5694,5675,119],"tags":[6150,6149],"region_news_regions":[6030],"content_category":[],"ppma_author":[4057],"class_list":["post-143538","page","type-page","status-publish","has-post-thumbnail","hentry","category-comunidad","category-dar-forma-a-la-internet-del-futuro","category-quienes-somos","tag-becas","tag-exalumnos","region_news_regions-global"],"acf":[],"uagb_featured_image_src":{"full":["https:\/\/www.internetsociety.org\/wp-content\/uploads\/2023\/02\/Fellows-at-table-small.jpg",600,274,false],"thumbnail":["https:\/\/www.internetsociety.org\/wp-content\/uploads\/2023\/02\/Fellows-at-table-small-150x150.jpg",150,150,true],"medium":["https:\/\/www.internetsociety.org\/wp-content\/uploads\/2023\/02\/Fellows-at-table-small-450x206.jpg",450,206,true],"medium_large":["https:\/\/www.internetsociety.org\/wp-content\/uploads\/2023\/02\/Fellows-at-table-small.jpg",600,274,false],"large":["https:\/\/www.internetsociety.org\/wp-content\/uploads\/2023\/02\/Fellows-at-table-small.jpg",600,274,false],"1536x1536":["https:\/\/www.internetsociety.org\/wp-content\/uploads\/2023\/02\/Fellows-at-table-small.jpg",600,274,false],"2048x2048":["https:\/\/www.internetsociety.org\/wp-content\/uploads\/2023\/02\/Fellows-at-table-small.jpg",600,274,false],"post-thumbnail":["https:\/\/www.internetsociety.org\/wp-content\/uploads\/2023\/02\/Fellows-at-table-small-250x114.jpg",250,114,true],"square":["https:\/\/www.internetsociety.org\/wp-content\/uploads\/2023\/02\/Fellows-at-table-small.jpg",600,274,false],"gform-image-choice-sm":["https:\/\/www.internetsociety.org\/wp-content\/uploads\/2023\/02\/Fellows-at-table-small.jpg",300,137,false],"gform-image-choice-md":["https:\/\/www.internetsociety.org\/wp-content\/uploads\/2023\/02\/Fellows-at-table-small.jpg",400,183,false],"gform-image-choice-lg":["https:\/\/www.internetsociety.org\/wp-content\/uploads\/2023\/02\/Fellows-at-table-small.jpg",600,274,false]},"uagb_author_info":{"display_name":"Ivana Trbovic","author_link":"https:\/\/www.internetsociety.org\/es\/author\/trbovic\/"},"uagb_comment_info":0,"uagb_excerpt":"Esta es tu oportunidad de convertirte en un agente de cambio.Profundiza en tus conocimientos, recibe orientaci\u00f3n de l\u00edderes y expertos clave de Internet y ampl\u00eda tus habilidades de defensa y liderazgo. Inscr\u00edbete hoy mismo en el Programa de J\u00f3venes Embajadores.","_links":{"self":[{"href":"https:\/\/www.internetsociety.org\/es\/wp-json\/wp\/v2\/pages\/143538","targetHints":{"allow":["GET"]}}],"collection":[{"href":"https:\/\/www.internetsociety.org\/es\/wp-json\/wp\/v2\/pages"}],"about":[{"href":"https:\/\/www.internetsociety.org\/es\/wp-json\/wp\/v2\/types\/page"}],"author":[{"embeddable":true,"href":"https:\/\/www.internetsociety.org\/es\/wp-json\/wp\/v2\/users\/46"}],"replies":[{"embeddable":true,"href":"https:\/\/www.internetsociety.org\/es\/wp-json\/wp\/v2\/comments?post=143538"}],"version-history":[{"count":0,"href":"https:\/\/www.internetsociety.org\/es\/wp-json\/wp\/v2\/pages\/143538\/revisions"}],"up":[{"embeddable":true,"href":"https:\/\/www.internetsociety.org\/es\/wp-json\/wp\/v2\/pages\/224073"}],"wp:featuredmedia":[{"embeddable":true,"href":"https:\/\/www.internetsociety.org\/es\/wp-json\/wp\/v2\/media\/186695"}],"wp:attachment":[{"href":"https:\/\/www.internetsociety.org\/es\/wp-json\/wp\/v2\/media?parent=143538"}],"wp:term":[{"taxonomy":"category","embeddable":true,"href":"https:\/\/www.internetsociety.org\/es\/wp-json\/wp\/v2\/categories?post=143538"},{"taxonomy":"post_tag","embeddable":true,"href":"https:\/\/www.internetsociety.org\/es\/wp-json\/wp\/v2\/tags?post=143538"},{"taxonomy":"region_news_regions","embeddable":true,"href":"https:\/\/www.internetsociety.org\/es\/wp-json\/wp\/v2\/region_news_regions?post=143538"},{"taxonomy":"content_category","embeddable":true,"href":"https:\/\/www.internetsociety.org\/es\/wp-json\/wp\/v2\/content_category?post=143538"},{"taxonomy":"author","embeddable":true,"href":"https:\/\/www.internetsociety.org\/es\/wp-json\/wp\/v2\/ppma_author?post=143538"}],"curies":[{"name":"wp","href":"https:\/\/api.w.org\/{rel}","templated":true}]}}