{"id":138770,"date":"2021-04-22T18:24:25","date_gmt":"2021-04-22T18:24:25","guid":{"rendered":"https:\/\/www.internetsociety.org\/?page_id=138770"},"modified":"2025-12-23T18:51:54","modified_gmt":"2025-12-23T18:51:54","slug":"modo-internet-de-interconectarse-iwn","status":"publish","type":"page","link":"https:\/\/www.internetsociety.org\/es\/learning\/iwn\/","title":{"rendered":"Lo que Internet Necesita para Existir"},"content":{"rendered":"\n<section class=\"wp-block-uagb-columns uagb-columns__wrap uagb-columns__background-image uagb-columns__stack-mobile uagb-columns__valign- uagb-columns__gap-10 align uagb-block-33a4ecb6 uagb-columns__columns-1 uagb-columns__max_width-theme background-image-fallback-black\"><div class=\"uagb-columns__overlay\"><\/div><div class=\"uagb-columns__inner-wrap uagb-columns__columns-1\">\n<div class=\"wp-block-uagb-column uagb-column__wrap uagb-column__background-undefined uagb-block-2c5ae01d\"><div class=\"uagb-column__overlay\"><\/div>\n<p class=\"has-neutral-white-color has-text-color has-18-font-size\"><a href=\"https:\/\/www.internetsociety.org\/es\/learning\/\">Learning<\/a> &gt; Lo que Internet Necesita para Existir<\/p>\n\n\n\n<div style=\"height:30px\" aria-hidden=\"true\" class=\"wp-block-spacer\"><\/div>\n\n\n\n<h1 class=\"wp-block-heading has-neutral-white-color has-text-color\">Lo que Internet Necesita para Existir<\/h1>\n<\/div>\n<\/div><\/section>\n\n\n\n<section class=\"wp-block-uagb-columns uagb-columns__wrap uagb-columns__background-none uagb-columns__stack-tablet uagb-columns__valign- uagb-columns__gap-5 align uagb-columns__reverse-tablet uagb-block-b632bda2 uagb-columns__columns-2 uagb-columns__max_width-theme\"><div class=\"uagb-columns__overlay\"><\/div><div class=\"uagb-columns__inner-wrap uagb-columns__columns-2\">\n<div class=\"wp-block-uagb-column uagb-column__wrap uagb-column__background-undefined uagb-block-ca94cf39\"><div class=\"uagb-column__overlay\"><\/div>\n<h2 class=\"wp-block-heading has-48-font-size\" id=\"que-es-el-curso-iwn\">\u00bfQu\u00e9 es este curso?<\/h2>\n\n\n\n<div style=\"height:20px\" aria-hidden=\"true\" class=\"wp-block-spacer\"><\/div>\n\n\n\n<p>Este curso es una introducci\u00f3n a <a href=\"https:\/\/www.internetsociety.org\/es\/resources\/doc\/2020\/internet-impact-assessment-toolkit\/critical-properties-of-the-internet\/\">las propiedades cr\u00edticas del Modo Internet de Interconectarse<\/a>. Ayudar\u00e1 a los alumnos a comprender los cimientos que sustentan la salud y el \u00e9xito de Internet, y c\u00f3mo protegerlos para garantizar que Internet pueda evolucionar para alcanzar su m\u00e1ximo potencial.<\/p>\n\n\n\n<div style=\"height:30px\" aria-hidden=\"true\" class=\"wp-block-spacer\"><\/div>\n\n\n\n<h3 class=\"wp-block-heading\" id=\"cuales-son-los-objetivos-del-curso\">\u00bfCu\u00e1les son los objetivos del curso?<\/h3>\n\n\n\n<div style=\"height:20px\" aria-hidden=\"true\" class=\"wp-block-spacer\"><\/div>\n\n\n\n<ul class=\"wp-block-list\">\n<li>Descubrir qu\u00e9 tecnolog\u00edas y acciones clave ayudaron a impulsar Internet <\/li>\n\n\n\n<li>Conozca qu\u00e9 es el Modo Internet de interconectarse y las cinco propiedades esenciales que forman la base que sustenta Internet<\/li>\n\n\n\n<li>Descubrir c\u00f3mo identificar amenazas al Modo Internet de interconectarse, con ejemplos de casos de uso existentes <\/li>\n\n\n\n<li>Descubra c\u00f3mo la realizaci\u00f3n de una evaluaci\u00f3n del impacto de Internet puede ayudar a evitar que las pol\u00edticas, tecnolog\u00edas y tendencias da\u00f1en Internet<\/li>\n\n\n\n<li>Obtenga m\u00e1s informaci\u00f3n sobre el kit de herramientas de evaluaci\u00f3n del impacto de Internet y c\u00f3mo puede ayudar a los usuarios a proteger la base que mantiene Internet funcionando para todos <\/li>\n<\/ul>\n\n\n\n<div style=\"height:30px\" aria-hidden=\"true\" class=\"wp-block-spacer\"><\/div>\n\n\n\n<h3 class=\"wp-block-heading\" id=\"quien-deberia-asistir-a-este-curso\">\u00bfCu\u00e1les son los resultados esperados de este curso?<\/h3>\n\n\n\n<div style=\"height:20px\" aria-hidden=\"true\" class=\"wp-block-spacer\"><\/div>\n\n\n\n<ul class=\"wp-block-list\">\n<li>Explicar qu\u00e9 es el Modo Internet de Interconectarse.<\/li>\n\n\n\n<li>Explicar las cinco propiedades esenciales que conforman sus principios fundamentales.<\/li>\n\n\n\n<li>Reconocer y entender las posibles amenazas al Modo Internet de Interconectarse.<\/li>\n\n\n\n<li>Identificar ejemplos de casos de uso de la vida real.<\/li>\n\n\n\n<li>Aplicar los principios de las evaluaciones del impacto en Internet.<\/li>\n\n\n\n<li>Evaluar y evitar pol\u00edticas, tecnolog\u00edas y tendencias que afecten negativamente a una Internet abierta, segura, globalmente conectada y confiable.<\/li>\n\n\n\n<li>Comprender y usar el Kit de herramientas para la evaluaci\u00f3n del Impacto en Internet de ISOC.<\/li>\n\n\n\n<li>Proteger las partes fundamentales de Internet y garantizar su funcionalidad permanente para todos los usuarios como una red abierta, segura, globalmente conectada y confiable.<\/li>\n<\/ul>\n\n\n\n<div style=\"height:30px\" aria-hidden=\"true\" class=\"wp-block-spacer\"><\/div>\n\n\n\n<h3 class=\"wp-block-heading\" id=\"quien-deberia-asistir-a-este-curso\">\u00bfQui\u00e9n deber\u00eda asistir a este curso?<\/h3>\n\n\n\n<div style=\"height:20px\" aria-hidden=\"true\" class=\"wp-block-spacer\"><\/div>\n\n\n\n<p>Este curso no tiene prerrequisitos; se recomienda haber cursado Introducci\u00f3n a las operaciones de redes pero no es obligatorio. <\/p>\n\n\n\n<p>Debe asistir a este curso si:<\/p>\n\n\n\n<ul class=\"wp-block-list\">\n<li>Es una persona formuladora de pol\u00edticas, tecn\u00f3loga, o defensora que trabaja en asuntos relacionados con la regulaci\u00f3n de Internet <\/li>\n\n\n\n<li>Tiene un conocimiento b\u00e1sico de c\u00f3mo funciona Internet y le gustar\u00eda aprender sobre la base fundamental que lo mantiene funcionando para todos <\/li>\n\n\n\n<li>Quiere crear conocimientos sobre la importancia de proteger la base fundamental de Internet<\/li>\n\n\n\n<li>Desea poder abogar para evitar que una pol\u00edtica, tecnolog\u00eda o tendencia da\u00f1e las bases de Internet<\/li>\n\n\n\n<li>Desea conocer las consideraciones b\u00e1sicas para incluir en una evaluaci\u00f3n de impacto de Internet <\/li>\n<\/ul>\n\n\n\n<div style=\"height:30px\" aria-hidden=\"true\" class=\"wp-block-spacer\"><\/div>\n\n\n\n<h3 class=\"wp-block-heading\" id=\"como-me-inscribo-a-un-curso\">\u00bfC\u00f3mo me inscribo a un curso?<\/h3>\n\n\n\n<div style=\"height:20px\" aria-hidden=\"true\" class=\"wp-block-spacer\"><\/div>\n\n\n<div class=\"wp-block-uagb-faq uagb-faq__outer-wrap uagb-block-ee3f4d4c uagb-faq-icon-row-reverse uagb-faq-layout-accordion uagb-faq-expand-first-false uagb-faq-inactive-other-true uagb-faq__wrap uagb-buttons-layout-wrap uagb-faq-equal-height     \" data-faqtoggle=\"true\" role=\"tablist\"><div class=\"wp-block-uagb-faq-child uagb-faq-child__outer-wrap uagb-faq-item uagb-block-3871838e \" role=\"tab\" tabindex=\"0\"><div class=\"uagb-faq-questions-button uagb-faq-questions\">\t\t\t<span class=\"uagb-icon uagb-faq-icon-wrap\">\n\t\t\t\t\t\t\t\t<svg xmlns=\"https:\/\/www.w3.org\/2000\/svg\" viewBox= \"0 0 448 512\"><path d=\"M432 256c0 17.69-14.33 32.01-32 32.01H256v144c0 17.69-14.33 31.99-32 31.99s-32-14.3-32-31.99v-144H48c-17.67 0-32-14.32-32-32.01s14.33-31.99 32-31.99H192v-144c0-17.69 14.33-32.01 32-32.01s32 14.32 32 32.01v144h144C417.7 224 432 238.3 432 256z\"><\/path><\/svg>\n\t\t\t\t\t\t\t<\/span>\n\t\t\t\t\t\t<span class=\"uagb-icon-active uagb-faq-icon-wrap\">\n\t\t\t\t\t\t\t\t<svg xmlns=\"https:\/\/www.w3.org\/2000\/svg\" viewBox= \"0 0 448 512\"><path d=\"M400 288h-352c-17.69 0-32-14.32-32-32.01s14.31-31.99 32-31.99h352c17.69 0 32 14.3 32 31.99S417.7 288 400 288z\"><\/path><\/svg>\n\t\t\t\t\t\t\t<\/span>\n\t\t\t<h3 class=\"uagb-question\">\u00bfC\u00f3mo accedo a la plataforma de aprendizaje como miembro de Internet Society?<\/h3><\/div><div class=\"uagb-faq-content\"><p>Como miembro de Internet Society, puede iniciar sesi\u00f3n en <a href=\"https:\/\/learning.internetsociety.org\/\">learning.internetsociety.org<\/a> con sus credenciales de inicio de sesi\u00f3n de miembro. No es necesario crear una cuenta nueva. Si no recuerda su informaci\u00f3n de inicio de sesi\u00f3n, seleccione <strong>\u00bfOlvid\u00f3 su informaci\u00f3n de inicio de sesi\u00f3n?<\/strong> para recibir su nombre de usuario por correo electr\u00f3nico y recibir un enlace para restablecer su contrase\u00f1a. Una vez que haya iniciado sesi\u00f3n, podr\u00e1 ver el cat\u00e1logo de cursos y seleccionar el curso en el que desea inscribirse.<\/p><\/div><\/div><div class=\"wp-block-uagb-faq-child uagb-faq-child__outer-wrap uagb-faq-item uagb-block-7202f018 \" role=\"tab\" tabindex=\"0\"><div class=\"uagb-faq-questions-button uagb-faq-questions\">\t\t\t<span class=\"uagb-icon uagb-faq-icon-wrap\">\n\t\t\t\t\t\t\t\t<svg xmlns=\"https:\/\/www.w3.org\/2000\/svg\" viewBox= \"0 0 448 512\"><path d=\"M432 256c0 17.69-14.33 32.01-32 32.01H256v144c0 17.69-14.33 31.99-32 31.99s-32-14.3-32-31.99v-144H48c-17.67 0-32-14.32-32-32.01s14.33-31.99 32-31.99H192v-144c0-17.69 14.33-32.01 32-32.01s32 14.32 32 32.01v144h144C417.7 224 432 238.3 432 256z\"><\/path><\/svg>\n\t\t\t\t\t\t\t<\/span>\n\t\t\t\t\t\t<span class=\"uagb-icon-active uagb-faq-icon-wrap\">\n\t\t\t\t\t\t\t\t<svg xmlns=\"https:\/\/www.w3.org\/2000\/svg\" viewBox= \"0 0 448 512\"><path d=\"M400 288h-352c-17.69 0-32-14.32-32-32.01s14.31-31.99 32-31.99h352c17.69 0 32 14.3 32 31.99S417.7 288 400 288z\"><\/path><\/svg>\n\t\t\t\t\t\t\t<\/span>\n\t\t\t<h3 class=\"uagb-question\">\u00bfC\u00f3mo accedo a la plataforma de aprendizaje si no soy miembro?<\/h3><\/div><div class=\"uagb-faq-content\"><p>Tanto los invitados como los miembros de Internet Society pueden acceder a la plataforma de aprendizaje. Para registrarse bajo cualquiera de estas premisas, haga clic en <strong>Registrarse<\/strong> en el cuadro de inicio de sesi\u00f3n en <a href=\"https:\/\/learning.internetsociety.org\/\">learning.internetsociety.org<\/a>. A continuaci\u00f3n, reg\u00edstrese como miembro o haga clic en el <strong>formulario de registro de invitado<\/strong> para registrarse como invitado. Una vez que cree una cuenta, puede usar las credenciales que cre\u00f3 (nombre de usuario y contrase\u00f1a) para iniciar sesi\u00f3n en <a href=\"https:\/\/learning.internetsociety.org\/\">learning.internetsociety.org<\/a>. Despu\u00e9s de haber iniciado sesi\u00f3n, podr\u00e1 ver el cat\u00e1logo de cursos e inscribirse en ellos.<\/p><\/div><\/div><div class=\"wp-block-uagb-faq-child uagb-faq-child__outer-wrap uagb-faq-item uagb-block-e92f05db \" role=\"tab\" tabindex=\"0\"><div class=\"uagb-faq-questions-button uagb-faq-questions\">\t\t\t<span class=\"uagb-icon uagb-faq-icon-wrap\">\n\t\t\t\t\t\t\t\t<svg xmlns=\"https:\/\/www.w3.org\/2000\/svg\" viewBox= \"0 0 448 512\"><path d=\"M432 256c0 17.69-14.33 32.01-32 32.01H256v144c0 17.69-14.33 31.99-32 31.99s-32-14.3-32-31.99v-144H48c-17.67 0-32-14.32-32-32.01s14.33-31.99 32-31.99H192v-144c0-17.69 14.33-32.01 32-32.01s32 14.32 32 32.01v144h144C417.7 224 432 238.3 432 256z\"><\/path><\/svg>\n\t\t\t\t\t\t\t<\/span>\n\t\t\t\t\t\t<span class=\"uagb-icon-active uagb-faq-icon-wrap\">\n\t\t\t\t\t\t\t\t<svg xmlns=\"https:\/\/www.w3.org\/2000\/svg\" viewBox= \"0 0 448 512\"><path d=\"M400 288h-352c-17.69 0-32-14.32-32-32.01s14.31-31.99 32-31.99h352c17.69 0 32 14.3 32 31.99S417.7 288 400 288z\"><\/path><\/svg>\n\t\t\t\t\t\t\t<\/span>\n\t\t\t<h3 class=\"uagb-question\">\u00bfC\u00f3mo me inscribo a un curso?<\/h3><\/div><div class=\"uagb-faq-content\"><p>Explore los cursos disponibles en el cat\u00e1logo de cursos o use la barra de b\u00fasqueda para encontrar el curso en el que le gustar\u00eda inscribirse. En la p\u00e1gina de cada curso, haga clic en el bot\u00f3n \u00abInscribirse\u00bb, en la esquina superior derecha de la p\u00e1gina para ser agregado inmediatamente a un curso. Una vez que se haya inscrito correctamente, podr\u00e1 ver el curso en \u00abMis cursos y planes de aprendizaje\u00bb. Tambi\u00e9n podr\u00e1 ver informaci\u00f3n sobre la persona instructora del curso, los foros del curso y acceder a los m\u00f3dulos que est\u00e9n disponibles. Si el curso a\u00fan no ha comenzado, no ver\u00e1 ning\u00fan m\u00f3dulo hasta el d\u00eda en que comience.<\/p><\/div><\/div><div class=\"wp-block-uagb-faq-child uagb-faq-child__outer-wrap uagb-faq-item uagb-block-31bb6110 \" role=\"tab\" tabindex=\"0\"><div class=\"uagb-faq-questions-button uagb-faq-questions\">\t\t\t<span class=\"uagb-icon uagb-faq-icon-wrap\">\n\t\t\t\t\t\t\t\t<svg xmlns=\"https:\/\/www.w3.org\/2000\/svg\" viewBox= \"0 0 448 512\"><path d=\"M432 256c0 17.69-14.33 32.01-32 32.01H256v144c0 17.69-14.33 31.99-32 31.99s-32-14.3-32-31.99v-144H48c-17.67 0-32-14.32-32-32.01s14.33-31.99 32-31.99H192v-144c0-17.69 14.33-32.01 32-32.01s32 14.32 32 32.01v144h144C417.7 224 432 238.3 432 256z\"><\/path><\/svg>\n\t\t\t\t\t\t\t<\/span>\n\t\t\t\t\t\t<span class=\"uagb-icon-active uagb-faq-icon-wrap\">\n\t\t\t\t\t\t\t\t<svg xmlns=\"https:\/\/www.w3.org\/2000\/svg\" viewBox= \"0 0 448 512\"><path d=\"M400 288h-352c-17.69 0-32-14.32-32-32.01s14.31-31.99 32-31.99h352c17.69 0 32 14.3 32 31.99S417.7 288 400 288z\"><\/path><\/svg>\n\t\t\t\t\t\t\t<\/span>\n\t\t\t<h3 class=\"uagb-question\">\u00bfC\u00f3mo me uno a la lista de espera de un curso?<\/h3><\/div><div class=\"uagb-faq-content\"><p>Si se encuentra en la p\u00e1gina de un curso y el bot\u00f3n en la esquina superior derecha de la p\u00e1gina dice \u00abInscribirse (lista de espera)\u00bb, esto significa que el curso ha alcanzado el n\u00famero m\u00e1ximo de participantes que pueden inscribirse. Puede hacer clic en el bot\u00f3n para unirse a la lista de espera del curso y se le notificar\u00e1 si hay un lugar disponible.<\/p><\/div><\/div><div class=\"wp-block-uagb-faq-child uagb-faq-child__outer-wrap uagb-faq-item uagb-block-c5c8f876 \" role=\"tab\" tabindex=\"0\"><div class=\"uagb-faq-questions-button uagb-faq-questions\">\t\t\t<span class=\"uagb-icon uagb-faq-icon-wrap\">\n\t\t\t\t\t\t\t\t<svg xmlns=\"https:\/\/www.w3.org\/2000\/svg\" viewBox= \"0 0 448 512\"><path d=\"M432 256c0 17.69-14.33 32.01-32 32.01H256v144c0 17.69-14.33 31.99-32 31.99s-32-14.3-32-31.99v-144H48c-17.67 0-32-14.32-32-32.01s14.33-31.99 32-31.99H192v-144c0-17.69 14.33-32.01 32-32.01s32 14.32 32 32.01v144h144C417.7 224 432 238.3 432 256z\"><\/path><\/svg>\n\t\t\t\t\t\t\t<\/span>\n\t\t\t\t\t\t<span class=\"uagb-icon-active uagb-faq-icon-wrap\">\n\t\t\t\t\t\t\t\t<svg xmlns=\"https:\/\/www.w3.org\/2000\/svg\" viewBox= \"0 0 448 512\"><path d=\"M400 288h-352c-17.69 0-32-14.32-32-32.01s14.31-31.99 32-31.99h352c17.69 0 32 14.3 32 31.99S417.7 288 400 288z\"><\/path><\/svg>\n\t\t\t\t\t\t\t<\/span>\n\t\t\t<h3 class=\"uagb-question\">\u00bfC\u00f3mo selecciono el formato de curso correcto?<\/h3><\/div><div class=\"uagb-faq-content\"><p>Al navegar por el cat\u00e1logo de cursos, ver\u00e1 varias versiones del mismo curso disponibles. Todos los cursos est\u00e1n disponibles en ingl\u00e9s, franc\u00e9s y espa\u00f1ol, as\u00ed que primero seleccione el idioma adecuado para usted. Puede hacerlo en el cat\u00e1logo de cursos seleccionando el idioma de su elecci\u00f3n en el filtro de la izquierda, o eligiendo el curso que denota el idioma correcto (EN = ingl\u00e9s, FR = franc\u00e9s, ES = espa\u00f1ol).<br><br>Tambi\u00e9n tiene la opci\u00f3n de elegir el formato que mejor se adapte a su tipo de conexi\u00f3n. Todos los cursos tienen 3 opciones de formato: ancho de banda alto, ancho de banda bajo y basado en texto para todas las conexiones. En el cat\u00e1logo de cursos, puede filtrar por opci\u00f3n de ancho de banda en el filtro de la izquierda, o seleccionar la pesta\u00f1a \u00abInformaci\u00f3n adicional\u00bb al ver un curso para ver qu\u00e9 conexi\u00f3n de ancho de banda ha seleccionado.<br><br>Si tiene alguna pregunta sobre qu\u00e9 versi\u00f3n es mejor para usted, no dude en comunicarse con nosotros en <a href=\"mailto:learning@isoc.org\">learning@isoc.org<\/a> para obtener ayuda.<\/p><\/div><\/div><\/div>\n\n\n<div style=\"height:20px\" aria-hidden=\"true\" class=\"wp-block-spacer\"><\/div>\n\n\n\n\n<div class=\"wp-block-buttons is-vertical is-content-justification-left is-layout-flex wp-container-core-buttons-is-layout-c0ca7d81 wp-block-buttons-is-layout-flex\">\n<div class=\"wp-block-button\"><a class=\"wp-block-button__link has-depth-teal-background-color has-background wp-element-button\" href=\"https:\/\/learning.internetsociety.org\/learn\/lp\/1766\/lo-que-internet-necesita-para-existir-2026?generated_by=13044&amp;hash=7fd5a0d5ab2625c6238f249ea4fbb3c1a201ce3d\">Reg\u00edstrase ahora<\/a><\/div>\n<\/div>\n\n<\/div>\n\n\n\n<div class=\"wp-block-uagb-column uagb-column__wrap uagb-column__background-none uagb-block-e01e15f4\"><div class=\"uagb-column__overlay\"><\/div>\n<div class=\"wp-block-cover is-light\" style=\"min-height:200px;aspect-ratio:unset;\"><span aria-hidden=\"true\" class=\"wp-block-cover__background has-neutral-white-background-color has-background-dim-100 has-background-dim\"><\/span><div class=\"wp-block-cover__inner-container is-layout-flow wp-block-cover-is-layout-flow\">\n<p class=\"has-text-align-center\">Tutorial a su propio ritmo<\/p>\n\n\n\n<p class=\"has-text-align-center\">Duraci\u00f3n aproximada:<br> 20 horas<\/p>\n\n\n\n<p class=\"has-text-align-center\">Disponible<br>en espa\u00f1ol, franc\u00e9s e ingl\u00e9s<\/p>\n\n\n\n<p class=\"has-text-align-center\">Ofrecido en l\u00ednea todo el a\u00f1o<\/p>\n\n\n\n\n<div class=\"wp-block-buttons is-vertical is-content-justification-center is-layout-flex wp-container-core-buttons-is-layout-4b2eccd6 wp-block-buttons-is-layout-flex\">\n<div class=\"wp-block-button\"><a class=\"wp-block-button__link has-depth-teal-background-color has-background wp-element-button\" href=\"https:\/\/learning.internetsociety.org\/learn\/lp\/1766\/lo-que-internet-necesita-para-existir-2026?generated_by=13044&amp;hash=7fd5a0d5ab2625c6238f249ea4fbb3c1a201ce3d\">Reg\u00edstrase ahora<\/a><\/div>\n<\/div>\n\n<\/div><\/div>\n<\/div>\n<\/div><\/section>\n","protected":false},"excerpt":{"rendered":"<p>Este curso es una introducci\u00f3n a las propiedades cr\u00edticas del Modo Internet de Interconectarse.<\/p>\n","protected":false},"author":46,"featured_media":187781,"parent":134928,"menu_order":13,"comment_status":"closed","ping_status":"closed","template":"page-wide.php","meta":{"_acf_changed":false,"_uag_custom_page_level_css":"","footnotes":""},"categories":[],"tags":[6027],"region_news_regions":[6030],"content_category":[],"ppma_author":[4057],"class_list":["post-138770","page","type-page","status-publish","has-post-thumbnail","hentry","tag-curso-a-su-propio-ritmo","region_news_regions-global"],"acf":[],"uagb_featured_image_src":{"full":["https:\/\/www.internetsociety.org\/wp-content\/uploads\/2023\/03\/TeL-What-the-Internet-Needs-to-Exist-Course.jpg",800,400,false],"thumbnail":["https:\/\/www.internetsociety.org\/wp-content\/uploads\/2023\/03\/TeL-What-the-Internet-Needs-to-Exist-Course-150x150.jpg",150,150,true],"medium":["https:\/\/www.internetsociety.org\/wp-content\/uploads\/2023\/03\/TeL-What-the-Internet-Needs-to-Exist-Course-450x225.jpg",450,225,true],"medium_large":["https:\/\/www.internetsociety.org\/wp-content\/uploads\/2023\/03\/TeL-What-the-Internet-Needs-to-Exist-Course-768x384.jpg",768,384,true],"large":["https:\/\/www.internetsociety.org\/wp-content\/uploads\/2023\/03\/TeL-What-the-Internet-Needs-to-Exist-Course.jpg",800,400,false],"1536x1536":["https:\/\/www.internetsociety.org\/wp-content\/uploads\/2023\/03\/TeL-What-the-Internet-Needs-to-Exist-Course.jpg",800,400,false],"2048x2048":["https:\/\/www.internetsociety.org\/wp-content\/uploads\/2023\/03\/TeL-What-the-Internet-Needs-to-Exist-Course.jpg",800,400,false],"post-thumbnail":["https:\/\/www.internetsociety.org\/wp-content\/uploads\/2023\/03\/TeL-What-the-Internet-Needs-to-Exist-Course-250x125.jpg",250,125,true],"square":["https:\/\/www.internetsociety.org\/wp-content\/uploads\/2023\/03\/TeL-What-the-Internet-Needs-to-Exist-Course-600x400.jpg",600,400,true],"gform-image-choice-sm":["https:\/\/www.internetsociety.org\/wp-content\/uploads\/2023\/03\/TeL-What-the-Internet-Needs-to-Exist-Course.jpg",300,150,false],"gform-image-choice-md":["https:\/\/www.internetsociety.org\/wp-content\/uploads\/2023\/03\/TeL-What-the-Internet-Needs-to-Exist-Course.jpg",400,200,false],"gform-image-choice-lg":["https:\/\/www.internetsociety.org\/wp-content\/uploads\/2023\/03\/TeL-What-the-Internet-Needs-to-Exist-Course.jpg",600,300,false]},"uagb_author_info":{"display_name":"Ivana Trbovic","author_link":"https:\/\/www.internetsociety.org\/es\/author\/trbovic\/"},"uagb_comment_info":0,"uagb_excerpt":"Este curso es una introducci\u00f3n a las propiedades cr\u00edticas del Modo Internet de Interconectarse.","_links":{"self":[{"href":"https:\/\/www.internetsociety.org\/es\/wp-json\/wp\/v2\/pages\/138770","targetHints":{"allow":["GET"]}}],"collection":[{"href":"https:\/\/www.internetsociety.org\/es\/wp-json\/wp\/v2\/pages"}],"about":[{"href":"https:\/\/www.internetsociety.org\/es\/wp-json\/wp\/v2\/types\/page"}],"author":[{"embeddable":true,"href":"https:\/\/www.internetsociety.org\/es\/wp-json\/wp\/v2\/users\/46"}],"replies":[{"embeddable":true,"href":"https:\/\/www.internetsociety.org\/es\/wp-json\/wp\/v2\/comments?post=138770"}],"version-history":[{"count":0,"href":"https:\/\/www.internetsociety.org\/es\/wp-json\/wp\/v2\/pages\/138770\/revisions"}],"up":[{"embeddable":true,"href":"https:\/\/www.internetsociety.org\/es\/wp-json\/wp\/v2\/pages\/134928"}],"wp:featuredmedia":[{"embeddable":true,"href":"https:\/\/www.internetsociety.org\/es\/wp-json\/wp\/v2\/media\/187781"}],"wp:attachment":[{"href":"https:\/\/www.internetsociety.org\/es\/wp-json\/wp\/v2\/media?parent=138770"}],"wp:term":[{"taxonomy":"category","embeddable":true,"href":"https:\/\/www.internetsociety.org\/es\/wp-json\/wp\/v2\/categories?post=138770"},{"taxonomy":"post_tag","embeddable":true,"href":"https:\/\/www.internetsociety.org\/es\/wp-json\/wp\/v2\/tags?post=138770"},{"taxonomy":"region_news_regions","embeddable":true,"href":"https:\/\/www.internetsociety.org\/es\/wp-json\/wp\/v2\/region_news_regions?post=138770"},{"taxonomy":"content_category","embeddable":true,"href":"https:\/\/www.internetsociety.org\/es\/wp-json\/wp\/v2\/content_category?post=138770"},{"taxonomy":"author","embeddable":true,"href":"https:\/\/www.internetsociety.org\/es\/wp-json\/wp\/v2\/ppma_author?post=138770"}],"curies":[{"name":"wp","href":"https:\/\/api.w.org\/{rel}","templated":true}]}}