{"id":135372,"date":"2021-10-02T21:35:00","date_gmt":"2021-10-02T21:35:00","guid":{"rendered":"https:\/\/www.internetsociety.org\/?page_id=135372"},"modified":"2025-09-19T18:06:03","modified_gmt":"2025-09-19T18:06:03","slug":"programa-de-inicio-de-carrera","status":"publish","type":"page","link":"https:\/\/www.internetsociety.org\/es\/fellowships\/early-career\/","title":{"rendered":"Programa de Inicio de Carrera"},"content":{"rendered":"\n<div class=\"wp-block-cover is-light\" style=\"min-height:600px;aspect-ratio:unset;\"><span aria-hidden=\"true\" class=\"wp-block-cover__background has-background-dim-0 has-background-dim\"><\/span><img loading=\"lazy\" decoding=\"async\" width=\"1350\" height=\"900\" class=\"wp-block-cover__image-background wp-image-134860\" alt=\"a group of people looking at camera smiling\" src=\"https:\/\/www.internetsociety.org\/wp-content\/uploads\/2021\/03\/Day-1-197-min.jpg\" data-object-fit=\"cover\" srcset=\"https:\/\/www.internetsociety.org\/wp-content\/uploads\/2021\/03\/Day-1-197-min.jpg 1350w, https:\/\/www.internetsociety.org\/wp-content\/uploads\/2021\/03\/Day-1-197-min-450x300.jpg 450w, https:\/\/www.internetsociety.org\/wp-content\/uploads\/2021\/03\/Day-1-197-min-1024x683.jpg 1024w, https:\/\/www.internetsociety.org\/wp-content\/uploads\/2021\/03\/Day-1-197-min-768x512.jpg 768w, https:\/\/www.internetsociety.org\/wp-content\/uploads\/2021\/03\/Day-1-197-min-250x167.jpg 250w\" sizes=\"auto, (max-width: 1350px) 100vw, 1350px\" \/><div class=\"wp-block-cover__inner-container is-layout-flow wp-block-cover-is-layout-flow\">\n<p class=\"has-text-align-center has-large-font-size\"><\/p>\n<\/div><\/div>\n\n\n\n<section class=\"wp-block-uagb-columns uagb-columns__wrap uagb-columns__background-color uagb-columns__stack-mobile uagb-columns__valign- uagb-columns__gap-10 align uagb-block-483db077 uagb-columns__columns-2 uagb-columns__max_width-theme\"><div class=\"uagb-columns__overlay\"><\/div><div class=\"uagb-columns__inner-wrap uagb-columns__columns-2\">\n<div class=\"wp-block-uagb-column uagb-column__wrap uagb-column__background-color uagb-block-a520f38e\"><div class=\"uagb-column__overlay\"><\/div>\n<h1 class=\"wp-block-heading has-accent-purple-color has-text-color uag-hide-desktop uag-hide-tab\">Programa de Inicio de Carrera<\/h1>\n\n\n\n<div style=\"height:20px\" aria-hidden=\"true\" class=\"wp-block-spacer uag-hide-desktop uag-hide-tab\"><\/div>\n\n\n\n<section class=\"wp-block-uagb-columns uagb-columns__wrap uagb-columns__background-color uagb-columns__stack-mobile uagb-columns__valign- uagb-columns__gap-10 align uagb-block-d419938b uagb-columns__columns-1 uagb-columns__max_width-theme background-image-fallback-black\"><div class=\"uagb-columns__overlay\"><\/div><div class=\"uagb-columns__inner-wrap uagb-columns__columns-1\">\n<div class=\"wp-block-uagb-column uagb-column__wrap uagb-column__background-undefined uagb-block-595c3f5a\"><div class=\"uagb-column__overlay\"><\/div>\n<h2 class=\"wp-block-heading has-neutral-white-color has-text-color has-28-font-size\" id=\"at-a-glance\">En un vistazo<\/h2>\n\n\n\n<div style=\"height:20px\" aria-hidden=\"true\" class=\"wp-block-spacer\"><\/div>\n\n\n\n<p class=\"has-neutral-white-color has-text-color has-18-font-size\">Estado actual:<br>cerrado<\/p>\n\n\n\n<p class=\"has-neutral-white-color has-text-color has-18-font-size\"><\/p>\n\n\n\n<div class=\"wp-block-buttons is-content-justification-left is-layout-flex wp-container-core-buttons-is-layout-fdcfc74e wp-block-buttons-is-layout-flex\">\n<div class=\"wp-block-button is-style-fill\"><a class=\"wp-block-button__link has-accent-purple-color has-neutral-white-background-color has-text-color has-background wp-element-button\" href=\"https:\/\/www.internetsociety.org\/fellowships\/early-career\/\"><strong>M\u00e1s informaci\u00f3n<\/strong><\/a><\/div>\n<\/div>\n\n\n\n<p class=\"has-neutral-white-color has-text-color has-18-font-size\"><\/p>\n<\/div>\n<\/div><\/section>\n<\/div>\n\n\n\n<div class=\"wp-block-uagb-column uagb-column__wrap uagb-column__background-undefined uagb-block-5c672ad5\"><div class=\"uagb-column__overlay\"><\/div>\n<h1 class=\"wp-block-heading has-accent-purple-color has-text-color uag-hide-mob\" id=\"early-career-fellowship\">Programa de Inicio de Carrera<\/h1>\n\n\n\n<p>Internet es un recurso de posibilidades y oportunidades que ha transformado nuestras vidas mejor\u00e1ndolas. Es donde colaboramos, compartimos ideas y fortalecemos lazos. Es donde trabajamos, aprendemos, nos comunicamos e innovamos.<\/p>\n\n\n\n<p>Internet ha prosperado y evolucionado debido a su esp\u00edritu subyacente: arquitectura abierta y cultura de colaboraci\u00f3n para el bien colectivo.<\/p>\n\n\n\n<p>Cada vez m\u00e1s, existen desaf\u00edos en todo el mundo para los principios fundamentales de Internet. Para ayudar a abordar estos desaf\u00edos, nuestro Programa de Inicio de Carrera est\u00e1 dise\u00f1ado para empoderar a una nueva y diversa generaci\u00f3n de campeones de Internet que cerrar\u00e1n la brecha entre la tecnolog\u00eda y las pol\u00edticas, y se convertir\u00e1n en defensores de una Internet abierta, conectada de manera global, segura y confiable.<\/p>\n\n\n\n<p>Los becarios tendr\u00e1n acceso a importantes actores de Internet, principales pensadores y organizaciones de la actualidad, al tiempo que obtendr\u00e1n apoyo directo para fomentar su crecimiento profesional.<\/p>\n\n\n\n<p><strong>Se requiere dominio del ingl\u00e9s verbal y escrito<\/strong> para ser seleccionado como Becario del Programa de Inicio de Carrera.<\/p>\n\n\n\n<p>Adem\u00e1s, para postular, las personas candidatas deben tener:<\/p>\n\n\n\n<ul class=\"wp-block-list\">\n<li>Un t\u00edtulo universitario \/ vocacional y al menos dos a\u00f1os de experiencia laboral en un campo relacionado con Internet; o al menos cuatro a\u00f1os de experiencia laboral en un campo relacionado con Internet;<\/li>\n\n\n\n<li>Una propuesta de proyecto interesante para hacer crecer y \/ o fortalecer a Internet;<\/li>\n\n\n\n<li>Acceso confiable a la conexi\u00f3n a Internet de banda ancha y al dispositivo correspondiente;<\/li>\n\n\n\n<li>Disponibilidad para participar plenamente en la experiencia de 5 meses.<\/li>\n<\/ul>\n\n\n\n<div style=\"height:20px\" aria-hidden=\"true\" class=\"wp-block-spacer\"><\/div>\n\n\n\n<h2 class=\"wp-block-heading has-accent-purple-color has-text-color has-26-font-size\"><span style=\"line-height: 1.4\"><span class=\"tadv-color\" style=\"color:#7e245c\">Si cumple con estos requisitos, visite la <a href=\"https:\/\/www.internetsociety.org\/fellowships\/early-career\/\"><span style=\"text-decoration: underline;\">p\u00e1gina web en ingl\u00e9s.<\/span><\/a><\/span><\/span><\/h2>\n<\/div>\n<\/div><\/section>\n\n\n\n<p class=\"has-text-align-center has-neutral-white-color has-ground-navy-background-color has-text-color has-background has-link-color has-12-font-size wp-elements-cbd048991d9a465e2370d54f9895ba5f\">Cr\u00e9dito de la imagen principal: \u00a9 Urban Pixel Lebanon<\/p>\n","protected":false},"excerpt":{"rendered":"<p><b>Este programa equipa a los campeones de Internet para que se conviertan en los futuros l\u00edderes que Internet necesita.<\/b><br \/>\n<br \/>Desarrolle su conocimiento a trav\u00e9s de cursos, sesiones de discusi\u00f3n, trabajo en proyectos y oportunidades de colaboraci\u00f3n y tutor\u00eda sin igual. <\/p>\n","protected":false},"author":46,"featured_media":134791,"parent":224073,"menu_order":0,"comment_status":"closed","ping_status":"closed","template":"page-wide.php","meta":{"_acf_changed":false,"_uag_custom_page_level_css":"","footnotes":""},"categories":[5694,5675,119],"tags":[6150,6149],"region_news_regions":[6030],"content_category":[],"ppma_author":[4057],"class_list":["post-135372","page","type-page","status-publish","has-post-thumbnail","hentry","category-comunidad","category-dar-forma-a-la-internet-del-futuro","category-quienes-somos","tag-becas","tag-exalumnos","region_news_regions-global"],"acf":[],"uagb_featured_image_src":{"full":["https:\/\/www.internetsociety.org\/wp-content\/uploads\/2021\/03\/early-career-fellowship-e1668597304544.jpeg",1280,550,false],"thumbnail":["https:\/\/www.internetsociety.org\/wp-content\/uploads\/2021\/03\/early-career-fellowship-150x150.jpeg",150,150,true],"medium":["https:\/\/www.internetsociety.org\/wp-content\/uploads\/2021\/03\/early-career-fellowship-450x193.jpeg",450,193,true],"medium_large":["https:\/\/www.internetsociety.org\/wp-content\/uploads\/2021\/03\/early-career-fellowship-768x330.jpeg",768,330,true],"large":["https:\/\/www.internetsociety.org\/wp-content\/uploads\/2021\/03\/early-career-fellowship-1024x440.jpeg",1024,440,true],"1536x1536":["https:\/\/www.internetsociety.org\/wp-content\/uploads\/2021\/03\/early-career-fellowship-e1668597304544.jpeg",1280,550,false],"2048x2048":["https:\/\/www.internetsociety.org\/wp-content\/uploads\/2021\/03\/early-career-fellowship-e1668597304544.jpeg",1280,550,false],"post-thumbnail":["https:\/\/www.internetsociety.org\/wp-content\/uploads\/2021\/03\/early-career-fellowship-250x107.jpeg",250,107,true],"square":["https:\/\/www.internetsociety.org\/wp-content\/uploads\/2021\/03\/early-career-fellowship-600x550.jpeg",600,550,true],"gform-image-choice-sm":["https:\/\/www.internetsociety.org\/wp-content\/uploads\/2021\/03\/early-career-fellowship-e1668597304544.jpeg",300,129,false],"gform-image-choice-md":["https:\/\/www.internetsociety.org\/wp-content\/uploads\/2021\/03\/early-career-fellowship-e1668597304544.jpeg",400,172,false],"gform-image-choice-lg":["https:\/\/www.internetsociety.org\/wp-content\/uploads\/2021\/03\/early-career-fellowship-e1668597304544.jpeg",600,258,false]},"uagb_author_info":{"display_name":"Ivana Trbovic","author_link":"https:\/\/www.internetsociety.org\/es\/author\/trbovic\/"},"uagb_comment_info":0,"uagb_excerpt":"Este programa equipa a los campeones de Internet para que se conviertan en los futuros l\u00edderes que Internet necesita. Desarrolle su conocimiento a trav\u00e9s de cursos, sesiones de discusi\u00f3n, trabajo en proyectos y oportunidades de colaboraci\u00f3n y tutor\u00eda sin igual.","_links":{"self":[{"href":"https:\/\/www.internetsociety.org\/es\/wp-json\/wp\/v2\/pages\/135372","targetHints":{"allow":["GET"]}}],"collection":[{"href":"https:\/\/www.internetsociety.org\/es\/wp-json\/wp\/v2\/pages"}],"about":[{"href":"https:\/\/www.internetsociety.org\/es\/wp-json\/wp\/v2\/types\/page"}],"author":[{"embeddable":true,"href":"https:\/\/www.internetsociety.org\/es\/wp-json\/wp\/v2\/users\/46"}],"replies":[{"embeddable":true,"href":"https:\/\/www.internetsociety.org\/es\/wp-json\/wp\/v2\/comments?post=135372"}],"version-history":[{"count":0,"href":"https:\/\/www.internetsociety.org\/es\/wp-json\/wp\/v2\/pages\/135372\/revisions"}],"up":[{"embeddable":true,"href":"https:\/\/www.internetsociety.org\/es\/wp-json\/wp\/v2\/pages\/224073"}],"wp:featuredmedia":[{"embeddable":true,"href":"https:\/\/www.internetsociety.org\/es\/wp-json\/wp\/v2\/media\/134791"}],"wp:attachment":[{"href":"https:\/\/www.internetsociety.org\/es\/wp-json\/wp\/v2\/media?parent=135372"}],"wp:term":[{"taxonomy":"category","embeddable":true,"href":"https:\/\/www.internetsociety.org\/es\/wp-json\/wp\/v2\/categories?post=135372"},{"taxonomy":"post_tag","embeddable":true,"href":"https:\/\/www.internetsociety.org\/es\/wp-json\/wp\/v2\/tags?post=135372"},{"taxonomy":"region_news_regions","embeddable":true,"href":"https:\/\/www.internetsociety.org\/es\/wp-json\/wp\/v2\/region_news_regions?post=135372"},{"taxonomy":"content_category","embeddable":true,"href":"https:\/\/www.internetsociety.org\/es\/wp-json\/wp\/v2\/content_category?post=135372"},{"taxonomy":"author","embeddable":true,"href":"https:\/\/www.internetsociety.org\/es\/wp-json\/wp\/v2\/ppma_author?post=135372"}],"curies":[{"name":"wp","href":"https:\/\/api.w.org\/{rel}","templated":true}]}}