{"id":134957,"date":"2021-02-09T18:12:16","date_gmt":"2021-02-09T18:12:16","guid":{"rendered":"https:\/\/www.internetsociety.org\/?page_id=134957"},"modified":"2025-12-23T18:51:01","modified_gmt":"2025-12-23T18:51:01","slug":"huellas-digitales","status":"publish","type":"page","link":"https:\/\/www.internetsociety.org\/es\/learning\/huellas-digitales\/","title":{"rendered":"Huellas Digitales"},"content":{"rendered":"\n<section class=\"wp-block-uagb-columns uagb-columns__wrap uagb-columns__background-image uagb-columns__stack-mobile uagb-columns__valign- uagb-columns__gap-10 align uagb-block-7f305f59 uagb-columns__columns-1 uagb-columns__max_width-theme background-image-fallback-black\"><div class=\"uagb-columns__overlay\"><\/div><div class=\"uagb-columns__inner-wrap uagb-columns__columns-1\">\n<div class=\"wp-block-uagb-column uagb-column__wrap uagb-column__background-undefined uagb-block-1f9a624a\"><div class=\"uagb-column__overlay\"><\/div>\n<p class=\"has-neutral-white-color has-text-color has-18-font-size\"><a href=\"https:\/\/www.internetsociety.org\/es\/learning\/\">Learning<\/a> &gt; Huellas Digitales<\/p>\n\n\n\n<div style=\"height:30px\" aria-hidden=\"true\" class=\"wp-block-spacer\"><\/div>\n\n\n\n<h1 class=\"wp-block-heading has-neutral-white-color has-text-color\">Huellas Digitales<\/h1>\n<\/div>\n<\/div><\/section>\n\n\n\n<section class=\"wp-block-uagb-columns uagb-columns__wrap uagb-columns__background-none uagb-columns__stack-tablet uagb-columns__valign- uagb-columns__gap-5 align uagb-columns__reverse-tablet uagb-block-db110c51 uagb-columns__columns-2 uagb-columns__max_width-theme\"><div class=\"uagb-columns__overlay\"><\/div><div class=\"uagb-columns__inner-wrap uagb-columns__columns-2\">\n<div class=\"wp-block-uagb-column uagb-column__wrap uagb-column__background-undefined uagb-block-aebe3cbf\"><div class=\"uagb-column__overlay\"><\/div>\n<h2 class=\"wp-block-heading has-48-font-size\" id=\"que-es-el-curso-huellas-digitales\">\u00bfQu\u00e9 es el curso Huellas Digitales?<\/h2>\n\n\n\n<div style=\"height:20px\" aria-hidden=\"true\" class=\"wp-block-spacer\"><\/div>\n\n\n\n<p>Todos los d\u00edas, queramos o no, la mayor\u00eda de nosotros contribuimos a formar un retrato cada vez mayor de qui\u00e9nes somos en l\u00ednea, un retrato que probablemente sea m\u00e1s p\u00fablico de lo que suponemos. <\/p>\n\n\n\n<p>Este retrato ayuda a las empresas a orientar el contenido a mercados y consumidores espec\u00edficos, ayuda a los empleadores a investigar sus antecedentes y a los anunciantes a realizar un seguimiento de sus movimientos en varios sitios web. Haga lo que haga en l\u00ednea, es posible que est\u00e9 dejando huellas digitales. <\/p>\n\n\n\n<p>Este curso le brinda una comprensi\u00f3n de los diferentes senderos que est\u00e1 dejando en Internet y c\u00f3mo esto podr\u00eda afectarlo. Si bien es imposible no tener huellas digitales, los primeros pasos para reducir sus huellas digitales y administrar su identidad digital no son tan dif\u00edciles. <\/p>\n\n\n\n<div style=\"height:30px\" aria-hidden=\"true\" class=\"wp-block-spacer\"><\/div>\n\n\n\n<h3 class=\"wp-block-heading\" id=\"cuales-son-los-objetivos-del-curso\">\u00bfCu\u00e1les son los objetivos del curso?<\/h3>\n\n\n\n<div style=\"height:20px\" aria-hidden=\"true\" class=\"wp-block-spacer\"><\/div>\n\n\n\n<ul class=\"wp-block-list\">\n<li>Comprender qu\u00e9 es una huella digital y sus beneficios y costos  <\/li>\n\n\n\n<li>Comprender c\u00f3mo los usuarios cotidianos de Internet pueden crear una huella digital sustancial <\/li>\n\n\n\n<li>Comprender la econom\u00eda de la huella digital de los usuarios de Internet<\/li>\n\n\n\n<li>Descubrir si la p\u00e9rdida de privacidad en Internet se considera un problema <\/li>\n\n\n\n<li>Comprender las diferencias en las huellas digitales creadas por diferentes dispositivos<\/li>\n\n\n\n<li>Aprender c\u00f3mo gestionar su huella digital en su rutina en l\u00ednea<\/li>\n\n\n\n<li>Saber qui\u00e9n lo rastrea en Internet y c\u00f3mo lo hacen<\/li>\n\n\n\n<li>Obtener una descripci\u00f3n general de los matices de lo que puede significar una huella digital en diferentes partes del mundo<\/li>\n\n\n\n<li>Descubrir c\u00f3mo las leyes de privacidad en diferentes partes del mundo pueden afectar su huella digital<\/li>\n<\/ul>\n\n\n\n<div style=\"height:30px\" aria-hidden=\"true\" class=\"wp-block-spacer\"><\/div>\n\n\n\n<h3 class=\"wp-block-heading\" id=\"quien-debe-asistir-a-este-curso\">\u00bfCu\u00e1les son los resultados esperados de este curso?<\/h3>\n\n\n\n<div style=\"height:20px\" aria-hidden=\"true\" class=\"wp-block-spacer\"><\/div>\n\n\n\n<ul class=\"wp-block-list\">\n<li><strong>M\u00f3dulo 1<\/strong>: \u00bfQu\u00e9 es una huella digital?\n<ul class=\"wp-block-list\">\n<li>Los estudiantes podr\u00e1n <strong>articular<\/strong> una definici\u00f3n clara de una huella digital y ofrecer ejemplos tanto de consecuencias positivas como negativas.<\/li>\n<\/ul>\n<\/li>\n\n\n\n<li><strong>M\u00f3dulo 2<\/strong>: \u00bfPor qu\u00e9 empezamos a dejar huellas digitales tan grandes?\n<ul class=\"wp-block-list\">\n<li>Los alumnos podr\u00e1n <strong>describir<\/strong> diferentes formas en que los individuos contribuyen a su huella digital sin saberlo, por ejemplo, con su actividad en redes sociales, compras en l\u00ednea e historial de b\u00fasquedas en Internet.<\/li>\n<\/ul>\n<\/li>\n\n\n\n<li><strong>M\u00f3dulo 3<\/strong>: \u00bfCu\u00e1l es el beneficio econ\u00f3mico para los usuarios de Internet?\n<ul class=\"wp-block-list\">\n<li>Los estudiantes podr\u00e1n <strong>analizar <\/strong>c\u00f3mo las empresas y organizaciones obtienen beneficios econ\u00f3micos con los datos de los usuarios, y c\u00f3mo esto afecta la privacidad individual y el bienestar de la sociedad.<\/li>\n<\/ul>\n<\/li>\n\n\n\n<li><strong>M\u00f3dulo 4<\/strong>: \u00bfLas huellas digitales son un problema?\n<ul class=\"wp-block-list\">\n<li>Los alumnos podr\u00e1n <strong>evaluar de forma cr\u00edtica<\/strong> los riesgos asociados con las filtraciones de datos, el robo de identidad y la vigilancia, y argumentar a favor o en contra de la importancia de la privacidad en l\u00ednea.<\/li>\n<\/ul>\n<\/li>\n\n\n\n<li><strong>M\u00f3dulo 5<\/strong>: \u00bfLos diferentes dispositivos dejan huellas digitales?\n<ul class=\"wp-block-list\">\n<li>Los estudiantes podr\u00e1n <strong>identificar<\/strong> las huellas digitales particulares creadas por diversos dispositivos, como tel\u00e9fonos inteligentes, computadoras port\u00e1tiles y dispositivos IoT, y explicar c\u00f3mo estas huellas difieren en t\u00e9rminos de la confidencialidad de los datos y los potenciales riesgos.<\/li>\n<\/ul>\n<\/li>\n\n\n\n<li><strong>M\u00f3dulo 6<\/strong>: \u00bfC\u00f3mo puedo gestionar mis huellas digitales?\n<ul class=\"wp-block-list\">\n<li>Los alumnos podr\u00e1n <strong>implementar t\u00e9cnicas pr\u00e1cticas, <\/strong>como contrase\u00f1as fuertes, ajustes de privacidad y h\u00e1bitos de navegaci\u00f3n segura, para minimizar su huella digital y proteger su informaci\u00f3n personal.<\/li>\n<\/ul>\n<\/li>\n\n\n\n<li><strong>M\u00f3dulo 7<\/strong>: \u00bfQui\u00e9n est\u00e1 siguiendo mi actividad y c\u00f3mo lo hacen?\n<ul class=\"wp-block-list\">\n<li>Los alumnos podr\u00e1n <strong>reconocer<\/strong> a los diversos actores involucrados en el seguimiento en l\u00ednea, incluyendo los anunciantes, corredores de datos y organismos gubernamentales, y explicar las t\u00e1cticas que usan para recabar datos de los usuarios.<\/li>\n<\/ul>\n<\/li>\n\n\n\n<li><strong>M\u00f3dulo 8<\/strong>: \u00bfQu\u00e9 din\u00e1micas operan en el mundo de las huellas digitales?\n<ul class=\"wp-block-list\">\n<li>Los estudiantes podr\u00e1n <strong>comparar<\/strong> y contrastar c\u00f3mo las diferentes culturas y sistemas legales ven la privacidad digital y lo que esto significa para los derechos individuales y las normas sociales.<\/li>\n<\/ul>\n<\/li>\n\n\n\n<li><strong>M\u00f3dulo 9<\/strong>: \u00bfC\u00f3mo afecta la legislaci\u00f3n a las huellas digitales?\n<ul class=\"wp-block-list\">\n<li>Los estudiantes podr\u00e1n <strong>evaluar <\/strong>el impacto de normativas sobre privacidad espec\u00edficas, por ejemplo, el Reglamento General de Protecci\u00f3n de Datos (RGPD) y la Ley de Privacidad del Consumidor de California (CCPA), sobre los derechos individuales a la privacidad y las pr\u00e1cticas empresariales, y analizar los retos que plantea la aplicaci\u00f3n de estas leyes en un panorama digital globalizado.<\/li>\n<\/ul>\n<\/li>\n<\/ul>\n\n\n\n<div style=\"height:30px\" aria-hidden=\"true\" class=\"wp-block-spacer\"><\/div>\n\n\n\n<h3 class=\"wp-block-heading\" id=\"quien-debe-asistir-a-este-curso\">\u00bfQui\u00e9n debe asistir a este curso?<\/h3>\n\n\n\n<div style=\"height:20px\" aria-hidden=\"true\" class=\"wp-block-spacer\"><\/div>\n\n\n\n<p>Este curso no tiene prerrequisitos.<\/p>\n\n\n\n<p>Debe asistir a este curso si:<\/p>\n\n\n\n<ul class=\"wp-block-list\">\n<li>Desea comprender lo que es una huella digital<\/li>\n\n\n\n<li>Le gustar\u00eda comprender las implicaciones y los efectos de su huella digital <\/li>\n\n\n\n<li>Quiere reducir su huella digital y gestionar su identidad digital en Internet<\/li>\n<\/ul>\n\n\n\n<div style=\"height:30px\" aria-hidden=\"true\" class=\"wp-block-spacer\"><\/div>\n\n\n\n<h3 class=\"wp-block-heading\" id=\"como-me-inscribo-a-un-curso\">\u00bfC\u00f3mo me inscribo a un curso?<\/h3>\n\n\n\n<div style=\"height:20px\" aria-hidden=\"true\" class=\"wp-block-spacer\"><\/div>\n\n\n<div class=\"wp-block-uagb-faq uagb-faq__outer-wrap uagb-block-a5c11524 uagb-faq-icon-row-reverse uagb-faq-layout-accordion uagb-faq-expand-first-false uagb-faq-inactive-other-true uagb-faq__wrap uagb-buttons-layout-wrap uagb-faq-equal-height     \" data-faqtoggle=\"true\" role=\"tablist\"><div class=\"wp-block-uagb-faq-child uagb-faq-child__outer-wrap uagb-faq-item uagb-block-081a7e83 \" role=\"tab\" tabindex=\"0\"><div class=\"uagb-faq-questions-button uagb-faq-questions\">\t\t\t<span class=\"uagb-icon uagb-faq-icon-wrap\">\n\t\t\t\t\t\t\t\t<svg xmlns=\"https:\/\/www.w3.org\/2000\/svg\" viewBox= \"0 0 448 512\"><path d=\"M432 256c0 17.69-14.33 32.01-32 32.01H256v144c0 17.69-14.33 31.99-32 31.99s-32-14.3-32-31.99v-144H48c-17.67 0-32-14.32-32-32.01s14.33-31.99 32-31.99H192v-144c0-17.69 14.33-32.01 32-32.01s32 14.32 32 32.01v144h144C417.7 224 432 238.3 432 256z\"><\/path><\/svg>\n\t\t\t\t\t\t\t<\/span>\n\t\t\t\t\t\t<span class=\"uagb-icon-active uagb-faq-icon-wrap\">\n\t\t\t\t\t\t\t\t<svg xmlns=\"https:\/\/www.w3.org\/2000\/svg\" viewBox= \"0 0 448 512\"><path d=\"M400 288h-352c-17.69 0-32-14.32-32-32.01s14.31-31.99 32-31.99h352c17.69 0 32 14.3 32 31.99S417.7 288 400 288z\"><\/path><\/svg>\n\t\t\t\t\t\t\t<\/span>\n\t\t\t<h3 class=\"uagb-question\">\u00bfC\u00f3mo accedo a la plataforma de aprendizaje como miembro de Internet Society?<\/h3><\/div><div class=\"uagb-faq-content\"><p>Como miembro de Internet Society, puede iniciar sesi\u00f3n en <a href=\"https:\/\/learning.internetsociety.org\/\">learning.internetsociety.org<\/a> con sus credenciales de inicio de sesi\u00f3n de miembro. No es necesario crear una cuenta nueva. Si no recuerda su informaci\u00f3n de inicio de sesi\u00f3n, seleccione <strong>\u00bfOlvid\u00f3 su informaci\u00f3n de inicio de sesi\u00f3n?<\/strong> para recibir su nombre de usuario por correo electr\u00f3nico y recibir un enlace para restablecer su contrase\u00f1a. Una vez que haya iniciado sesi\u00f3n, podr\u00e1 ver el cat\u00e1logo de cursos y seleccionar el curso en el que desea inscribirse.<\/p><\/div><\/div><div class=\"wp-block-uagb-faq-child uagb-faq-child__outer-wrap uagb-faq-item uagb-block-a2b6f744 \" role=\"tab\" tabindex=\"0\"><div class=\"uagb-faq-questions-button uagb-faq-questions\">\t\t\t<span class=\"uagb-icon uagb-faq-icon-wrap\">\n\t\t\t\t\t\t\t\t<svg xmlns=\"https:\/\/www.w3.org\/2000\/svg\" viewBox= \"0 0 448 512\"><path d=\"M432 256c0 17.69-14.33 32.01-32 32.01H256v144c0 17.69-14.33 31.99-32 31.99s-32-14.3-32-31.99v-144H48c-17.67 0-32-14.32-32-32.01s14.33-31.99 32-31.99H192v-144c0-17.69 14.33-32.01 32-32.01s32 14.32 32 32.01v144h144C417.7 224 432 238.3 432 256z\"><\/path><\/svg>\n\t\t\t\t\t\t\t<\/span>\n\t\t\t\t\t\t<span class=\"uagb-icon-active uagb-faq-icon-wrap\">\n\t\t\t\t\t\t\t\t<svg xmlns=\"https:\/\/www.w3.org\/2000\/svg\" viewBox= \"0 0 448 512\"><path d=\"M400 288h-352c-17.69 0-32-14.32-32-32.01s14.31-31.99 32-31.99h352c17.69 0 32 14.3 32 31.99S417.7 288 400 288z\"><\/path><\/svg>\n\t\t\t\t\t\t\t<\/span>\n\t\t\t<h3 class=\"uagb-question\">\u00bfC\u00f3mo accedo a la plataforma de aprendizaje si no soy miembro?<\/h3><\/div><div class=\"uagb-faq-content\"><p>Tanto los invitados como los miembros de Internet Society pueden acceder a la plataforma de aprendizaje. Para registrarse bajo cualquiera de estas premisas, haga clic en <strong>Registrarse<\/strong> en el cuadro de inicio de sesi\u00f3n en <a href=\"https:\/\/learning.internetsociety.org\/\">learning.internetsociety.org<\/a>. A continuaci\u00f3n, reg\u00edstrese como miembro o haga clic en el <strong>formulario de registro de invitado<\/strong> para registrarse como invitado. Una vez que cree una cuenta, puede usar las credenciales que cre\u00f3 (nombre de usuario y contrase\u00f1a) para iniciar sesi\u00f3n en <a href=\"https:\/\/learning.internetsociety.org\/\">learning.internetsociety.org<\/a>. Despu\u00e9s de haber iniciado sesi\u00f3n, podr\u00e1 ver el cat\u00e1logo de cursos e inscribirse en ellos.<\/p><\/div><\/div><div class=\"wp-block-uagb-faq-child uagb-faq-child__outer-wrap uagb-faq-item uagb-block-220559bd \" role=\"tab\" tabindex=\"0\"><div class=\"uagb-faq-questions-button uagb-faq-questions\">\t\t\t<span class=\"uagb-icon uagb-faq-icon-wrap\">\n\t\t\t\t\t\t\t\t<svg xmlns=\"https:\/\/www.w3.org\/2000\/svg\" viewBox= \"0 0 448 512\"><path d=\"M432 256c0 17.69-14.33 32.01-32 32.01H256v144c0 17.69-14.33 31.99-32 31.99s-32-14.3-32-31.99v-144H48c-17.67 0-32-14.32-32-32.01s14.33-31.99 32-31.99H192v-144c0-17.69 14.33-32.01 32-32.01s32 14.32 32 32.01v144h144C417.7 224 432 238.3 432 256z\"><\/path><\/svg>\n\t\t\t\t\t\t\t<\/span>\n\t\t\t\t\t\t<span class=\"uagb-icon-active uagb-faq-icon-wrap\">\n\t\t\t\t\t\t\t\t<svg xmlns=\"https:\/\/www.w3.org\/2000\/svg\" viewBox= \"0 0 448 512\"><path d=\"M400 288h-352c-17.69 0-32-14.32-32-32.01s14.31-31.99 32-31.99h352c17.69 0 32 14.3 32 31.99S417.7 288 400 288z\"><\/path><\/svg>\n\t\t\t\t\t\t\t<\/span>\n\t\t\t<h3 class=\"uagb-question\">\u00bfC\u00f3mo me inscribo a un curso?<\/h3><\/div><div class=\"uagb-faq-content\"><p>Explore los cursos disponibles en el cat\u00e1logo de cursos o use la barra de b\u00fasqueda para encontrar el curso en el que le gustar\u00eda inscribirse. En la p\u00e1gina de cada curso, haga clic en el bot\u00f3n \u00abInscribirse\u00bb, en la esquina superior derecha de la p\u00e1gina para ser agregado inmediatamente a un curso. Una vez que se haya inscrito correctamente, podr\u00e1 ver el curso en \u00abMis cursos y planes de aprendizaje\u00bb. Tambi\u00e9n podr\u00e1 ver informaci\u00f3n sobre la persona instructora del curso, los foros del curso y acceder a los m\u00f3dulos que est\u00e9n disponibles. Si el curso a\u00fan no ha comenzado, no ver\u00e1 ning\u00fan m\u00f3dulo hasta el d\u00eda en que comience.<\/p><\/div><\/div><div class=\"wp-block-uagb-faq-child uagb-faq-child__outer-wrap uagb-faq-item uagb-block-f9f37445 \" role=\"tab\" tabindex=\"0\"><div class=\"uagb-faq-questions-button uagb-faq-questions\">\t\t\t<span class=\"uagb-icon uagb-faq-icon-wrap\">\n\t\t\t\t\t\t\t\t<svg xmlns=\"https:\/\/www.w3.org\/2000\/svg\" viewBox= \"0 0 448 512\"><path d=\"M432 256c0 17.69-14.33 32.01-32 32.01H256v144c0 17.69-14.33 31.99-32 31.99s-32-14.3-32-31.99v-144H48c-17.67 0-32-14.32-32-32.01s14.33-31.99 32-31.99H192v-144c0-17.69 14.33-32.01 32-32.01s32 14.32 32 32.01v144h144C417.7 224 432 238.3 432 256z\"><\/path><\/svg>\n\t\t\t\t\t\t\t<\/span>\n\t\t\t\t\t\t<span class=\"uagb-icon-active uagb-faq-icon-wrap\">\n\t\t\t\t\t\t\t\t<svg xmlns=\"https:\/\/www.w3.org\/2000\/svg\" viewBox= \"0 0 448 512\"><path d=\"M400 288h-352c-17.69 0-32-14.32-32-32.01s14.31-31.99 32-31.99h352c17.69 0 32 14.3 32 31.99S417.7 288 400 288z\"><\/path><\/svg>\n\t\t\t\t\t\t\t<\/span>\n\t\t\t<h3 class=\"uagb-question\">\u00bfC\u00f3mo me uno a la lista de espera de un curso?<\/h3><\/div><div class=\"uagb-faq-content\"><p>Si se encuentra en la p\u00e1gina de un curso y el bot\u00f3n en la esquina superior derecha de la p\u00e1gina dice \u00abInscribirse (lista de espera)\u00bb, esto significa que el curso ha alcanzado el n\u00famero m\u00e1ximo de participantes que pueden inscribirse. Puede hacer clic en el bot\u00f3n para unirse a la lista de espera del curso y se le notificar\u00e1 si hay un lugar disponible.<\/p><\/div><\/div><div class=\"wp-block-uagb-faq-child uagb-faq-child__outer-wrap uagb-faq-item uagb-block-a4b15fc3 \" role=\"tab\" tabindex=\"0\"><div class=\"uagb-faq-questions-button uagb-faq-questions\">\t\t\t<span class=\"uagb-icon uagb-faq-icon-wrap\">\n\t\t\t\t\t\t\t\t<svg xmlns=\"https:\/\/www.w3.org\/2000\/svg\" viewBox= \"0 0 448 512\"><path d=\"M432 256c0 17.69-14.33 32.01-32 32.01H256v144c0 17.69-14.33 31.99-32 31.99s-32-14.3-32-31.99v-144H48c-17.67 0-32-14.32-32-32.01s14.33-31.99 32-31.99H192v-144c0-17.69 14.33-32.01 32-32.01s32 14.32 32 32.01v144h144C417.7 224 432 238.3 432 256z\"><\/path><\/svg>\n\t\t\t\t\t\t\t<\/span>\n\t\t\t\t\t\t<span class=\"uagb-icon-active uagb-faq-icon-wrap\">\n\t\t\t\t\t\t\t\t<svg xmlns=\"https:\/\/www.w3.org\/2000\/svg\" viewBox= \"0 0 448 512\"><path d=\"M400 288h-352c-17.69 0-32-14.32-32-32.01s14.31-31.99 32-31.99h352c17.69 0 32 14.3 32 31.99S417.7 288 400 288z\"><\/path><\/svg>\n\t\t\t\t\t\t\t<\/span>\n\t\t\t<h3 class=\"uagb-question\">\u00bfC\u00f3mo selecciono el formato de curso correcto?<\/h3><\/div><div class=\"uagb-faq-content\"><p>Al navegar por el cat\u00e1logo de cursos, ver\u00e1 varias versiones del mismo curso disponibles. Todos los cursos est\u00e1n disponibles en ingl\u00e9s, franc\u00e9s y espa\u00f1ol, as\u00ed que primero seleccione el idioma adecuado para usted. Puede hacerlo en el cat\u00e1logo de cursos seleccionando el idioma de su elecci\u00f3n en el filtro de la izquierda, o eligiendo el curso que denota el idioma correcto (EN = ingl\u00e9s, FR = franc\u00e9s, ES = espa\u00f1ol).<br><br>Tambi\u00e9n tiene la opci\u00f3n de elegir el formato que mejor se adapte a su tipo de conexi\u00f3n. Todos los cursos tienen 3 opciones de formato: ancho de banda alto, ancho de banda bajo y basado en texto para todas las conexiones. En el cat\u00e1logo de cursos, puede filtrar por opci\u00f3n de ancho de banda en el filtro de la izquierda, o seleccionar la pesta\u00f1a \u00abInformaci\u00f3n adicional\u00bb al ver un curso para ver qu\u00e9 conexi\u00f3n de ancho de banda ha seleccionado.<br><br>Si tiene alguna pregunta sobre qu\u00e9 versi\u00f3n es mejor para usted, no dude en comunicarse con nosotros en <a href=\"mailto:learning@isoc.org\">learning@isoc.org<\/a> para obtener ayuda.<\/p><\/div><\/div><\/div>\n\n\n<div style=\"height:20px\" aria-hidden=\"true\" class=\"wp-block-spacer\"><\/div>\n\n\n\n\n<div class=\"wp-block-buttons is-vertical is-content-justification-left is-layout-flex wp-container-core-buttons-is-layout-c0ca7d81 wp-block-buttons-is-layout-flex\">\n<div class=\"wp-block-button\"><a class=\"wp-block-button__link has-depth-teal-background-color has-background wp-element-button\" href=\"https:\/\/learning.internetsociety.org\/learn\/lp\/1769\/huellas-digitales-2026?generated_by=13044&amp;hash=a31f504cba8e2693c7ed86ecf3c0c9392ff37af7\">Reg\u00edstrese ahora<\/a><\/div>\n<\/div>\n\n<\/div>\n\n\n\n<div class=\"wp-block-uagb-column uagb-column__wrap uagb-column__background-none uagb-block-30088ca5\"><div class=\"uagb-column__overlay\"><\/div>\n<div class=\"wp-block-cover is-light\" style=\"min-height:200px;aspect-ratio:unset;\"><span aria-hidden=\"true\" class=\"wp-block-cover__background has-neutral-white-background-color has-background-dim-100 has-background-dim\"><\/span><div class=\"wp-block-cover__inner-container is-layout-flow wp-block-cover-is-layout-flow\">\n<p class=\"has-text-align-center\">Tutorial a su propio ritmo<\/p>\n\n\n\n<p class=\"has-text-align-center\">Duraci\u00f3n:<br>aproximadamente 20 horas<\/p>\n\n\n\n<p class=\"has-text-align-center\">Disponible<br>en espa\u00f1ol, franc\u00e9s e ingl\u00e9s<\/p>\n\n\n\n<p class=\"has-text-align-center\">Ofrecido en l\u00ednea todo el a\u00f1o<\/p>\n\n\n\n\n<div class=\"wp-block-buttons is-vertical is-content-justification-center is-layout-flex wp-container-core-buttons-is-layout-4b2eccd6 wp-block-buttons-is-layout-flex\">\n<div class=\"wp-block-button\"><a class=\"wp-block-button__link has-depth-teal-background-color has-background wp-element-button\" href=\"https:\/\/learning.internetsociety.org\/learn\/lp\/1769\/huellas-digitales-2026?generated_by=13044&amp;hash=a31f504cba8e2693c7ed86ecf3c0c9392ff37af7\">Reg\u00edstrese ahora<\/a><\/div>\n<\/div>\n\n<\/div><\/div>\n<\/div>\n<\/div><\/section>\n","protected":false},"excerpt":{"rendered":"<p>En este curso, se le brinda una comprensi\u00f3n de los diferentes rastros que est\u00e1 dejando en Internet y de c\u00f3mo esto podr\u00eda afectarlo<\/p>\n","protected":false},"author":46,"featured_media":187579,"parent":134928,"menu_order":2,"comment_status":"closed","ping_status":"closed","template":"page-wide.php","meta":{"_acf_changed":false,"_uag_custom_page_level_css":"","footnotes":""},"categories":[],"tags":[6027],"region_news_regions":[],"content_category":[],"ppma_author":[4057],"class_list":["post-134957","page","type-page","status-publish","has-post-thumbnail","hentry","tag-curso-a-su-propio-ritmo"],"acf":[],"uagb_featured_image_src":{"full":["https:\/\/www.internetsociety.org\/wp-content\/uploads\/2023\/03\/TeL-Digital-Footprints-Course.jpg",800,400,false],"thumbnail":["https:\/\/www.internetsociety.org\/wp-content\/uploads\/2023\/03\/TeL-Digital-Footprints-Course-150x150.jpg",150,150,true],"medium":["https:\/\/www.internetsociety.org\/wp-content\/uploads\/2023\/03\/TeL-Digital-Footprints-Course-450x225.jpg",450,225,true],"medium_large":["https:\/\/www.internetsociety.org\/wp-content\/uploads\/2023\/03\/TeL-Digital-Footprints-Course-768x384.jpg",768,384,true],"large":["https:\/\/www.internetsociety.org\/wp-content\/uploads\/2023\/03\/TeL-Digital-Footprints-Course.jpg",800,400,false],"1536x1536":["https:\/\/www.internetsociety.org\/wp-content\/uploads\/2023\/03\/TeL-Digital-Footprints-Course.jpg",800,400,false],"2048x2048":["https:\/\/www.internetsociety.org\/wp-content\/uploads\/2023\/03\/TeL-Digital-Footprints-Course.jpg",800,400,false],"post-thumbnail":["https:\/\/www.internetsociety.org\/wp-content\/uploads\/2023\/03\/TeL-Digital-Footprints-Course-250x125.jpg",250,125,true],"square":["https:\/\/www.internetsociety.org\/wp-content\/uploads\/2023\/03\/TeL-Digital-Footprints-Course-600x400.jpg",600,400,true],"gform-image-choice-sm":["https:\/\/www.internetsociety.org\/wp-content\/uploads\/2023\/03\/TeL-Digital-Footprints-Course.jpg",300,150,false],"gform-image-choice-md":["https:\/\/www.internetsociety.org\/wp-content\/uploads\/2023\/03\/TeL-Digital-Footprints-Course.jpg",400,200,false],"gform-image-choice-lg":["https:\/\/www.internetsociety.org\/wp-content\/uploads\/2023\/03\/TeL-Digital-Footprints-Course.jpg",600,300,false]},"uagb_author_info":{"display_name":"Ivana Trbovic","author_link":"https:\/\/www.internetsociety.org\/es\/author\/trbovic\/"},"uagb_comment_info":0,"uagb_excerpt":"En este curso, se le brinda una comprensi\u00f3n de los diferentes rastros que est\u00e1 dejando en Internet y de c\u00f3mo esto podr\u00eda afectarlo","_links":{"self":[{"href":"https:\/\/www.internetsociety.org\/es\/wp-json\/wp\/v2\/pages\/134957","targetHints":{"allow":["GET"]}}],"collection":[{"href":"https:\/\/www.internetsociety.org\/es\/wp-json\/wp\/v2\/pages"}],"about":[{"href":"https:\/\/www.internetsociety.org\/es\/wp-json\/wp\/v2\/types\/page"}],"author":[{"embeddable":true,"href":"https:\/\/www.internetsociety.org\/es\/wp-json\/wp\/v2\/users\/46"}],"replies":[{"embeddable":true,"href":"https:\/\/www.internetsociety.org\/es\/wp-json\/wp\/v2\/comments?post=134957"}],"version-history":[{"count":0,"href":"https:\/\/www.internetsociety.org\/es\/wp-json\/wp\/v2\/pages\/134957\/revisions"}],"up":[{"embeddable":true,"href":"https:\/\/www.internetsociety.org\/es\/wp-json\/wp\/v2\/pages\/134928"}],"wp:featuredmedia":[{"embeddable":true,"href":"https:\/\/www.internetsociety.org\/es\/wp-json\/wp\/v2\/media\/187579"}],"wp:attachment":[{"href":"https:\/\/www.internetsociety.org\/es\/wp-json\/wp\/v2\/media?parent=134957"}],"wp:term":[{"taxonomy":"category","embeddable":true,"href":"https:\/\/www.internetsociety.org\/es\/wp-json\/wp\/v2\/categories?post=134957"},{"taxonomy":"post_tag","embeddable":true,"href":"https:\/\/www.internetsociety.org\/es\/wp-json\/wp\/v2\/tags?post=134957"},{"taxonomy":"region_news_regions","embeddable":true,"href":"https:\/\/www.internetsociety.org\/es\/wp-json\/wp\/v2\/region_news_regions?post=134957"},{"taxonomy":"content_category","embeddable":true,"href":"https:\/\/www.internetsociety.org\/es\/wp-json\/wp\/v2\/content_category?post=134957"},{"taxonomy":"author","embeddable":true,"href":"https:\/\/www.internetsociety.org\/es\/wp-json\/wp\/v2\/ppma_author?post=134957"}],"curies":[{"name":"wp","href":"https:\/\/api.w.org\/{rel}","templated":true}]}}