{"id":130390,"date":"2020-09-24T09:51:50","date_gmt":"2020-09-24T09:51:50","guid":{"rendered":"http:\/\/www.internetsociety.org\/?page_id=130390"},"modified":"2025-10-24T17:17:31","modified_gmt":"2025-10-24T17:17:31","slug":"asociaciones-de-desarrollo-de-infraestructura-y-comunidad","status":"publish","type":"page","link":"https:\/\/www.internetsociety.org\/es\/issues\/infrastructure-and-community-development\/partnerships\/","title":{"rendered":"Asociaciones de Desarrollo de Infraestructura y Comunidad"},"content":{"rendered":"\n<section class=\"wp-block-uagb-columns uagb-columns__wrap uagb-columns__background-image uagb-columns__stack-mobile uagb-columns__valign- uagb-columns__gap-10 align uagb-block-17c780e7 uagb-columns__columns-1 uagb-columns__max_width-theme background-image-fallback-black\"><div class=\"uagb-columns__overlay\"><\/div><div class=\"uagb-columns__inner-wrap uagb-columns__columns-1\">\n<div class=\"wp-block-uagb-column uagb-column__wrap uagb-column__background-undefined uagb-block-b8b24735\"><div class=\"uagb-column__overlay\"><\/div>\n<div style=\"height:60px\" aria-hidden=\"true\" class=\"wp-block-spacer\"><\/div>\n\n\n\n<p class=\"has-neutral-white-color has-text-color has-18-font-size\"><a href=\"https:\/\/www.internetsociety.org\/es\/action-plan\/sustainable-peering-infrastructure\/\">Infraestructura de peering sustentable<\/a> &gt; Asociaciones de Desarrollo de Infraestructura y Comunidad<\/p>\n\n\n\n<div style=\"height:30px\" aria-hidden=\"true\" class=\"wp-block-spacer\"><\/div>\n\n\n\n<h1 class=\"wp-block-heading has-neutral-white-color has-text-color\">Asociaciones de Desarrollo de Infraestructura y Comunidad<\/h1>\n\n\n\n<div style=\"height:60px\" aria-hidden=\"true\" class=\"wp-block-spacer\"><\/div>\n<\/div>\n<\/div><\/section>\n\n\n\n<div class=\"wp-block-columns margin-bottom-0 has-neutral-white-background-color has-background is-layout-flex wp-container-core-columns-is-layout-9d6595d7 wp-block-columns-is-layout-flex\">\n<div class=\"wp-block-column is-layout-flow wp-block-column-is-layout-flow\" style=\"flex-basis:10%\"><\/div>\n\n\n\n<div class=\"wp-block-column is-layout-flow wp-block-column-is-layout-flow\" style=\"flex-basis:80%\">\n<div style=\"height:40px\" aria-hidden=\"true\" class=\"wp-block-spacer\"><\/div>\n\n\n\n<h2 class=\"wp-block-heading has-accent-purple-color has-text-color has-32-font-size\">La construcci\u00f3n de infraestructura resiliente y el fomento de comunidades colaborativas requieren el apoyo de socios.<\/h2>\n\n\n\n<div style=\"height:20px\" aria-hidden=\"true\" class=\"wp-block-spacer\"><\/div>\n\n\n\n<p class=\"has-18-font-size\">Nos sentimos honrados de tener una asociaci\u00f3n invaluable con:<\/p>\n<\/div>\n\n\n\n<div class=\"wp-block-column is-layout-flow wp-block-column-is-layout-flow\" style=\"flex-basis:10%\"><\/div>\n<\/div>\n\n\n\n<section class=\"wp-block-uagb-columns uagb-columns__wrap uagb-columns__background-color uagb-columns__stack-mobile uagb-columns__valign- uagb-columns__gap-10 align uagb-block-58347409 uagb-columns__columns-4 uagb-columns__max_width-theme margin-bottom-0\"><div class=\"uagb-columns__overlay\"><\/div><div class=\"uagb-columns__inner-wrap uagb-columns__columns-4\">\n<div class=\"wp-block-uagb-column uagb-column__wrap uagb-column__background-color uagb-block-9cbdba68\"><div class=\"uagb-column__overlay\"><\/div>\n<div style=\"height:30px\" aria-hidden=\"true\" class=\"wp-block-spacer\"><\/div>\n\n\n<div class=\"wp-block-image\">\n<figure class=\"aligncenter size-full is-resized\"><a href=\"https:\/\/www.flexoptix.net\/en\/\"><img loading=\"lazy\" decoding=\"async\" src=\"https:\/\/www.internetsociety.org\/wp-content\/uploads\/2021\/04\/2021FlexoptixLinearLogo_rgb_white.png\" alt=\"Flexoptix horizontal logo\" class=\"wp-image-139053\" style=\"object-fit:contain;width:250px;height:38px\" width=\"250\" height=\"38\" srcset=\"https:\/\/www.internetsociety.org\/wp-content\/uploads\/2021\/04\/2021FlexoptixLinearLogo_rgb_white.png 500w, https:\/\/www.internetsociety.org\/wp-content\/uploads\/2021\/04\/2021FlexoptixLinearLogo_rgb_white-450x66.png 450w, https:\/\/www.internetsociety.org\/wp-content\/uploads\/2021\/04\/2021FlexoptixLinearLogo_rgb_white-250x37.png 250w\" sizes=\"auto, (max-width: 250px) 100vw, 250px\" \/><\/a><\/figure>\n<\/div>\n\n\n<div style=\"height:30px\" aria-hidden=\"true\" class=\"wp-block-spacer\"><\/div>\n\n\n\n<p class=\"has-18-font-size\">Nos asociamos con Flexoptix para proporcionar&nbsp;transceptores \u00f3pticos y <a href=\"https:\/\/www.internetsociety.org\/events\/virtual-workshop-optical-transceiver-basics-for-african-ixps\/\">capacitaciones t\u00e9cnicas<\/a>&nbsp;a los puntos de intercambio de Internet.<\/p>\n<\/div>\n\n\n\n<div class=\"wp-block-uagb-column uagb-column__wrap uagb-column__background-color uagb-block-fe83d12e\"><div class=\"uagb-column__overlay\"><\/div><div class=\"wp-block-image\">\n<figure class=\"aligncenter size-full is-resized\"><a href=\"https:\/\/www.icann.org\/\"><img loading=\"lazy\" decoding=\"async\" src=\"https:\/\/www.internetsociety.org\/wp-content\/uploads\/2021\/12\/ICANN-250x150-1.png\" alt=\"ICANN logo\" class=\"wp-image-162355\" style=\"object-fit:cover;width:100px;height:80px\" width=\"100\" height=\"80\"\/><\/a><\/figure>\n<\/div>\n\n\n<div style=\"height:20px\" aria-hidden=\"true\" class=\"wp-block-spacer\"><\/div>\n\n\n\n<p class=\"has-18-font-size\">Internet Society trabaja con ICANN para llevar a cabo <a href=\"https:\/\/www.internetsociety.org\/news\/press-releases\/2023\/coalition-for-digital-africa-announces-internet-exchange-point-initiative\/\">la Iniciativa IXP de la Coalici\u00f3n para \u00c1frica Digital<\/a> con el fin de apoyar el desarrollo de una infraestructura de Internet s\u00f3lida y segura en \u00c1frica.<\/p>\n<\/div>\n\n\n\n<div class=\"wp-block-uagb-column uagb-column__wrap uagb-column__background-color uagb-block-d6acb8e4\"><div class=\"uagb-column__overlay\"><\/div>\n<div style=\"height:25px\" aria-hidden=\"true\" class=\"wp-block-spacer\"><\/div>\n\n\n<div class=\"wp-block-image is-style-default margin-bottom-0 vertical-align-bottom\">\n<figure class=\"aligncenter size-full is-resized\"><a href=\"https:\/\/www.ixpmanager.org\/\"><img loading=\"lazy\" decoding=\"async\" src=\"https:\/\/www.internetsociety.org\/wp-content\/uploads\/2020\/09\/ixp-manager-logo.png\" alt=\"IXP Manager logo\" class=\"wp-image-123980\" style=\"object-fit:cover;width:112px;height:42px\" width=\"112\" height=\"42\" srcset=\"https:\/\/www.internetsociety.org\/wp-content\/uploads\/2020\/09\/ixp-manager-logo.png 376w, https:\/\/www.internetsociety.org\/wp-content\/uploads\/2020\/09\/ixp-manager-logo-250x94.png 250w\" sizes=\"auto, (max-width: 112px) 100vw, 112px\" \/><\/a><\/figure>\n<\/div>\n\n\n<div style=\"height:30px\" aria-hidden=\"true\" class=\"wp-block-spacer\"><\/div>\n\n\n\n<p class=\"has-18-font-size\"><a href=\"https:\/\/www.ixpmanager.org\/\">IXP Manager<\/a> es una herramienta de fuente abierta utilizada por m\u00e1s de 130 IXP a nivel mundial. IXP Manager ha sido un gran socio de Internet Society por m\u00e1s de cuatro a\u00f1os. En 2020 apoyamos a IXP Manager como patrocinador platino y continuamos fortaleciendo nuestra asociaci\u00f3n para respaldar el desarrollo de los IXP.<\/p>\n<\/div>\n\n\n\n<div class=\"wp-block-uagb-column uagb-column__wrap uagb-column__background-color uagb-block-655111ca\"><div class=\"uagb-column__overlay\"><\/div><div class=\"wp-block-image is-style-default margin-bottom-0 vertical-align-bottom\">\n<figure class=\"aligncenter size-full is-resized\"><a href=\"https:\/\/about.meta.com\/\"><img loading=\"lazy\" decoding=\"async\" src=\"https:\/\/www.internetsociety.org\/wp-content\/uploads\/2022\/01\/meta-logo.png\" alt=\"Meta logo\" class=\"wp-image-163060\" style=\"object-fit:cover;width:195px;height:84px\" width=\"195\" height=\"84\" srcset=\"https:\/\/www.internetsociety.org\/wp-content\/uploads\/2022\/01\/meta-logo.png 650w, https:\/\/www.internetsociety.org\/wp-content\/uploads\/2022\/01\/meta-logo-450x194.png 450w, https:\/\/www.internetsociety.org\/wp-content\/uploads\/2022\/01\/meta-logo-250x108.png 250w\" sizes=\"auto, (max-width: 195px) 100vw, 195px\" \/><\/a><\/figure>\n<\/div>\n\n\n<div style=\"height:10px\" aria-hidden=\"true\" class=\"wp-block-spacer\"><\/div>\n\n\n\n<p class=\"has-18-font-size\">Internet Society y Meta colaboran para promover el <a href=\"https:\/\/www.internetsociety.org\/news\/press-releases\/2023\/global-partnership-with-meta-to-grow-the-internet-and-strengthen-local-ecosystems\/\">desarrollo de infraestructuras de IXP, la formaci\u00f3n y el compromiso de la comunidad<\/a> para aumentar el n\u00famero de IXP y apoyar la expansi\u00f3n de los IXP existentes en todo el mundo.<\/p>\n<\/div>\n<\/div><\/section>\n\n\n\n<div class=\"wp-block-columns margin-bottom-0 has-neutral-white-background-color has-background is-layout-flex wp-container-core-columns-is-layout-9d6595d7 wp-block-columns-is-layout-flex\">\n<div class=\"wp-block-column is-layout-flow wp-block-column-is-layout-flow\" style=\"flex-basis:10%\"><\/div>\n\n\n\n<div class=\"wp-block-column is-layout-flow wp-block-column-is-layout-flow\" style=\"flex-basis:80%\">\n<h3 class=\"wp-block-heading has-32-font-size\">Regional IXP Associations<\/h3>\n<\/div>\n\n\n\n<div class=\"wp-block-column is-layout-flow wp-block-column-is-layout-flow\" style=\"flex-basis:10%\"><\/div>\n<\/div>\n\n\n\n<section class=\"wp-block-uagb-columns uagb-columns__wrap uagb-columns__background-color uagb-columns__stack-mobile uagb-columns__valign- uagb-columns__gap-10 align uagb-block-4ee0553e uagb-columns__columns-4 uagb-columns__max_width-theme\"><div class=\"uagb-columns__overlay\"><\/div><div class=\"uagb-columns__inner-wrap uagb-columns__columns-4\">\n<div class=\"wp-block-uagb-column uagb-column__wrap uagb-column__background-color uagb-block-af4382d4\"><div class=\"uagb-column__overlay\"><\/div>\n<div style=\"height:20px\" aria-hidden=\"true\" class=\"wp-block-spacer\"><\/div>\n\n\n<div class=\"wp-block-image is-style-default\">\n<figure class=\"aligncenter size-large is-resized\"><a href=\"https:\/\/www.af-ix.net\/\"><img loading=\"lazy\" decoding=\"async\" src=\"https:\/\/www.internetsociety.org\/wp-content\/uploads\/2020\/05\/AF-IX-Logo.jpg\" alt=\"African IXP Association logo\" class=\"wp-image-114596\" style=\"width:100px;height:75px\" width=\"100\" height=\"75\" srcset=\"https:\/\/www.internetsociety.org\/wp-content\/uploads\/2020\/05\/AF-IX-Logo.jpg 536w, https:\/\/www.internetsociety.org\/wp-content\/uploads\/2020\/05\/AF-IX-Logo-450x338.jpg 450w, https:\/\/www.internetsociety.org\/wp-content\/uploads\/2020\/05\/AF-IX-Logo-250x188.jpg 250w\" sizes=\"auto, (max-width: 100px) 100vw, 100px\" \/><\/a><\/figure>\n<\/div>\n\n\n<div style=\"height:20px\" aria-hidden=\"true\" class=\"wp-block-spacer\"><\/div>\n\n\n\n<p class=\"has-18-font-size\">Nos asociamos con la African IXP Association (Af-IX) para organizar los eventos&nbsp;<a href=\"https:\/\/www.afpif.org\/\">AfPIF<\/a>&nbsp;y&nbsp;<a href=\"https:\/\/www.afpif.org\/virtual-peering-series-africa\/\">la Serie Virtual de Intercambio de tr\u00e1fico \u2013 Africa<\/a>, as\u00ed como otras actividades de desarrollo de los IXP como creaci\u00f3n de capacidad,&nbsp;<a href=\"http:\/\/arda.af-ix.net\/ARP\/index.php\">proyectos de medici\u00f3n<\/a>, etc.<\/p>\n<\/div>\n\n\n\n<div class=\"wp-block-uagb-column uagb-column__wrap uagb-column__background-color uagb-block-618956e7\"><div class=\"uagb-column__overlay\"><\/div>\n<div style=\"height:25px\" aria-hidden=\"true\" class=\"wp-block-spacer\"><\/div>\n\n\n<div class=\"wp-block-image is-style-default\">\n<figure class=\"aligncenter size-medium is-resized\"><a href=\"https:\/\/apix.asia\/\"><img loading=\"lazy\" decoding=\"async\" src=\"https:\/\/www.internetsociety.org\/wp-content\/uploads\/2020\/10\/apix-logo-450x269.png\" alt=\"Asia Pacific Internet Exchange Association logo\" class=\"wp-image-125143\" style=\"width:113px;height:67px\" width=\"113\" height=\"67\" srcset=\"https:\/\/www.internetsociety.org\/wp-content\/uploads\/2020\/10\/apix-logo-450x269.png 450w, https:\/\/www.internetsociety.org\/wp-content\/uploads\/2020\/10\/apix-logo-1024x612.png 1024w, https:\/\/www.internetsociety.org\/wp-content\/uploads\/2020\/10\/apix-logo-768x459.png 768w, https:\/\/www.internetsociety.org\/wp-content\/uploads\/2020\/10\/apix-logo-250x150.png 250w, https:\/\/www.internetsociety.org\/wp-content\/uploads\/2020\/10\/apix-logo.png 1162w\" sizes=\"auto, (max-width: 113px) 100vw, 113px\" \/><\/a><\/figure>\n<\/div>\n\n\n<div style=\"height:25px\" aria-hidden=\"true\" class=\"wp-block-spacer\"><\/div>\n\n\n\n<p class=\"has-18-font-size\"><a href=\"https:\/\/apix.asia\/\">La Asociaci\u00f3n de Intercambio de Internet de Asia-Pac\u00edfico (APIX)<\/a> es nuestro socio m\u00e1s reciente para coordinar y apoyar las actividades de desarrollo de los IXP en Asia-Pac\u00edfico.<\/p>\n<\/div>\n\n\n\n<div class=\"wp-block-uagb-column uagb-column__wrap uagb-column__background-color uagb-block-8b713340\"><div class=\"uagb-column__overlay\"><\/div>\n<div style=\"height:35px\" aria-hidden=\"true\" class=\"wp-block-spacer\"><\/div>\n\n\n<div class=\"wp-block-image is-style-default\">\n<figure class=\"aligncenter size-large is-resized\"><a href=\"https:\/\/lac-ix.org\/\"><img loading=\"lazy\" decoding=\"async\" src=\"https:\/\/www.internetsociety.org\/wp-content\/uploads\/2020\/09\/logo_LAC-IX.png\" alt=\"Latin America and Caribbean IXPs logo\" class=\"wp-image-124211\" style=\"object-fit:cover;width:140px;height:51px\" width=\"140\" height=\"51\"\/><\/a><\/figure>\n<\/div>\n\n\n<div style=\"height:33px\" aria-hidden=\"true\" class=\"wp-block-spacer\"><\/div>\n\n\n\n<p class=\"has-18-font-size\">Estamos llevando a cabo un programa piloto con el Registro de Direcciones de Internet para Am\u00e9rica Latina y el Caribe (LACNIC) para apoyar a los IXP en sus etapas iniciales. Juntos participamos en actividades de creaci\u00f3n de capacidad y comunidad para los IXP, incluido el&nbsp;<a href=\"https:\/\/www.manrs.org\/ixps\/\">programa MANRS IXP<\/a>.<\/p>\n<\/div>\n\n\n\n<div class=\"wp-block-uagb-column uagb-column__wrap uagb-column__background-color uagb-block-e8fc3ff4\"><div class=\"uagb-column__overlay\"><\/div>\n<div style=\"height:40px\" aria-hidden=\"true\" class=\"wp-block-spacer\"><\/div>\n\n\n<div class=\"wp-block-image\">\n<figure class=\"aligncenter size-full is-resized\"><a href=\"https:\/\/www.euro-ix.net\/en\/\"><img loading=\"lazy\" decoding=\"async\" src=\"https:\/\/www.internetsociety.org\/wp-content\/uploads\/2018\/03\/logo.132b1317c927.png\" alt=\"European Internet Exchange Association logo\" class=\"wp-image-76426\" style=\"object-fit:cover;width:160px;height:35px\" width=\"160\" height=\"35\" srcset=\"https:\/\/www.internetsociety.org\/wp-content\/uploads\/2018\/03\/logo.132b1317c927.png 320w, https:\/\/www.internetsociety.org\/wp-content\/uploads\/2018\/03\/logo.132b1317c927-300x66.png 300w, https:\/\/www.internetsociety.org\/wp-content\/uploads\/2018\/03\/logo.132b1317c927-250x55.png 250w\" sizes=\"auto, (max-width: 160px) 100vw, 160px\" \/><\/a><\/figure>\n<\/div>\n\n\n<div style=\"height:37px\" aria-hidden=\"true\" class=\"wp-block-spacer\"><\/div>\n\n\n\n<p class=\"has-18-font-size\">Nos asociamos con la Asociaci\u00f3n Europea de Intercambio de Internet (EURO-IX) para apoyar el desarrollo de los IXP a trav\u00e9s de su&nbsp;<a href=\"https:\/\/www.euro-ix.net\/en\/support-ixps\/fellowship-sponsors\/\">Programa de Becas<\/a>&nbsp;y el proyecto de&nbsp;<a href=\"https:\/\/ixpdb.euro-ix.net\/en\/sponsors\/\">Base de Datos de IXP<\/a>.<\/p>\n<\/div>\n<\/div><\/section>\n\n\n\n<div class=\"wp-block-columns are-vertically-aligned-center margin-bottom-0 has-neutral-green-background-color has-background is-layout-flex wp-container-core-columns-is-layout-9d6595d7 wp-block-columns-is-layout-flex\">\n<div class=\"wp-block-column is-vertically-aligned-center is-layout-flow wp-block-column-is-layout-flow\" style=\"flex-basis:10%\"><\/div>\n\n\n\n<div class=\"wp-block-column is-vertically-aligned-center is-layout-flow wp-block-column-is-layout-flow\" style=\"flex-basis:50%\">\n<div style=\"height:40px\" aria-hidden=\"true\" class=\"wp-block-spacer\"><\/div>\n\n\n\n<h4 class=\"wp-block-heading has-28-font-size\">Para crecer, Internet necesita una comunidad s\u00f3lida que la respalde.<\/h4>\n\n\n\n<div style=\"height:40px\" aria-hidden=\"true\" class=\"wp-block-spacer\"><\/div>\n<\/div>\n\n\n\n<div class=\"wp-block-column is-vertically-aligned-center is-layout-flow wp-block-column-is-layout-flow\" style=\"flex-basis:30%\">\n<div style=\"height:40px\" aria-hidden=\"true\" class=\"wp-block-spacer\"><\/div>\n\n\n\n<div class=\"wp-block-buttons is-horizontal is-content-justification-center is-layout-flex wp-container-core-buttons-is-layout-499968f5 wp-block-buttons-is-layout-flex\">\n<div class=\"wp-block-button is-style-outline is-style-outline--1\"><a class=\"wp-block-button__link has-depth-green-color has-text-color has-background wp-element-button\" href=\"mailto:partnerships@isoc.org\" style=\"background-color:#ffffff\">As\u00f3ciese con nosotros<\/a><\/div>\n\n\n\n<div class=\"wp-block-button\"><a class=\"wp-block-button__link has-depth-green-background-color has-background wp-element-button\" href=\"https:\/\/www.internetsociety.org\/es\/issues\/desarrollo-de-infraestructura-y-comunidad\/\">Conozca nuestro trabajo en proyectos<\/a><\/div>\n<\/div>\n\n\n\n<div style=\"height:40px\" aria-hidden=\"true\" class=\"wp-block-spacer\"><\/div>\n<\/div>\n\n\n\n<div class=\"wp-block-column is-vertically-aligned-center is-layout-flow wp-block-column-is-layout-flow\" style=\"flex-basis:10%\"><\/div>\n<\/div>\n\n\n\n<p class=\"has-text-align-center has-neutral-white-color has-ground-navy-background-color has-text-color has-background has-12-font-size\">Derechos de autor: \u00a9 Nyani Quarmyne \/ Panos Pictures<\/p>\n","protected":false},"excerpt":{"rendered":"<p>Construir infraestructuras resilientes y fomentar comunidades colaborativas requiere el apoyo de los socios.<\/p>\n","protected":false},"author":46,"featured_media":114899,"parent":168098,"menu_order":0,"comment_status":"closed","ping_status":"closed","template":"page-wide.php","meta":{"_acf_changed":false,"_uag_custom_page_level_css":"","footnotes":""},"categories":[67],"tags":[],"region_news_regions":[],"content_category":[],"ppma_author":[4057],"class_list":["post-130390","page","type-page","status-publish","has-post-thumbnail","hentry","category-acceso-es"],"acf":[],"uagb_featured_image_src":{"full":["https:\/\/www.internetsociety.org\/wp-content\/uploads\/2020\/05\/20190822_093047_DSCF3480.jpg",1400,700,false],"thumbnail":["https:\/\/www.internetsociety.org\/wp-content\/uploads\/2020\/05\/20190822_093047_DSCF3480-150x150.jpg",150,150,true],"medium":["https:\/\/www.internetsociety.org\/wp-content\/uploads\/2020\/05\/20190822_093047_DSCF3480-450x225.jpg",450,225,true],"medium_large":["https:\/\/www.internetsociety.org\/wp-content\/uploads\/2020\/05\/20190822_093047_DSCF3480-768x384.jpg",768,384,true],"large":["https:\/\/www.internetsociety.org\/wp-content\/uploads\/2020\/05\/20190822_093047_DSCF3480-1024x512.jpg",1024,512,true],"1536x1536":["https:\/\/www.internetsociety.org\/wp-content\/uploads\/2020\/05\/20190822_093047_DSCF3480.jpg",1400,700,false],"2048x2048":["https:\/\/www.internetsociety.org\/wp-content\/uploads\/2020\/05\/20190822_093047_DSCF3480.jpg",1400,700,false],"post-thumbnail":["https:\/\/www.internetsociety.org\/wp-content\/uploads\/2020\/05\/20190822_093047_DSCF3480-250x125.jpg",250,125,true],"square":["https:\/\/www.internetsociety.org\/wp-content\/uploads\/2020\/05\/20190822_093047_DSCF3480-600x600.jpg",600,600,true],"gform-image-choice-sm":["https:\/\/www.internetsociety.org\/wp-content\/uploads\/2020\/05\/20190822_093047_DSCF3480.jpg",300,150,false],"gform-image-choice-md":["https:\/\/www.internetsociety.org\/wp-content\/uploads\/2020\/05\/20190822_093047_DSCF3480.jpg",400,200,false],"gform-image-choice-lg":["https:\/\/www.internetsociety.org\/wp-content\/uploads\/2020\/05\/20190822_093047_DSCF3480.jpg",600,300,false]},"uagb_author_info":{"display_name":"Ivana Trbovic","author_link":"https:\/\/www.internetsociety.org\/es\/author\/trbovic\/"},"uagb_comment_info":0,"uagb_excerpt":"Construir infraestructuras resilientes y fomentar comunidades colaborativas requiere el apoyo de los socios.","_links":{"self":[{"href":"https:\/\/www.internetsociety.org\/es\/wp-json\/wp\/v2\/pages\/130390","targetHints":{"allow":["GET"]}}],"collection":[{"href":"https:\/\/www.internetsociety.org\/es\/wp-json\/wp\/v2\/pages"}],"about":[{"href":"https:\/\/www.internetsociety.org\/es\/wp-json\/wp\/v2\/types\/page"}],"author":[{"embeddable":true,"href":"https:\/\/www.internetsociety.org\/es\/wp-json\/wp\/v2\/users\/46"}],"replies":[{"embeddable":true,"href":"https:\/\/www.internetsociety.org\/es\/wp-json\/wp\/v2\/comments?post=130390"}],"version-history":[{"count":0,"href":"https:\/\/www.internetsociety.org\/es\/wp-json\/wp\/v2\/pages\/130390\/revisions"}],"up":[{"embeddable":true,"href":"https:\/\/www.internetsociety.org\/es\/wp-json\/wp\/v2\/pages\/168098"}],"wp:featuredmedia":[{"embeddable":true,"href":"https:\/\/www.internetsociety.org\/es\/wp-json\/wp\/v2\/media\/114899"}],"wp:attachment":[{"href":"https:\/\/www.internetsociety.org\/es\/wp-json\/wp\/v2\/media?parent=130390"}],"wp:term":[{"taxonomy":"category","embeddable":true,"href":"https:\/\/www.internetsociety.org\/es\/wp-json\/wp\/v2\/categories?post=130390"},{"taxonomy":"post_tag","embeddable":true,"href":"https:\/\/www.internetsociety.org\/es\/wp-json\/wp\/v2\/tags?post=130390"},{"taxonomy":"region_news_regions","embeddable":true,"href":"https:\/\/www.internetsociety.org\/es\/wp-json\/wp\/v2\/region_news_regions?post=130390"},{"taxonomy":"content_category","embeddable":true,"href":"https:\/\/www.internetsociety.org\/es\/wp-json\/wp\/v2\/content_category?post=130390"},{"taxonomy":"author","embeddable":true,"href":"https:\/\/www.internetsociety.org\/es\/wp-json\/wp\/v2\/ppma_author?post=130390"}],"curies":[{"name":"wp","href":"https:\/\/api.w.org\/{rel}","templated":true}]}}