{"id":127734,"date":"2020-12-06T17:56:06","date_gmt":"2020-12-06T17:56:06","guid":{"rendered":"http:\/\/www.internetsociety.org\/?page_id=127734"},"modified":"2023-04-28T13:59:49","modified_gmt":"2023-04-28T13:59:49","slug":"hacer-crecer-internet","status":"publish","type":"page","link":"https:\/\/www.internetsociety.org\/es\/action-plan\/2021\/growing-the-internet\/","title":{"rendered":"Hacer crecer Internet"},"content":{"rendered":"\n<section class=\"wp-block-uagb-section uagb-section__wrap uagb-section__background-color uagb-block-4230b30c\" id=\"growing-the-internet\"><div class=\"uagb-section__overlay\"><\/div><div class=\"uagb-section__inner-wrap\"><\/div><\/section>\n\n\n\n<section class=\"wp-block-uagb-section uagb-section__wrap uagb-section__background-image uagb-block-533d0828 ap-banner-small background-image-fallback-black\"><div class=\"uagb-section__overlay\"><\/div><div class=\"uagb-section__inner-wrap\">\n<p class=\"has-neutral-white-color has-text-color has-18-font-size\"><a href=\"https:\/\/www.internetsociety.org\/es\/action-plan\/2021\/\">Plan de Acci\u00f3n 2021<\/a>&nbsp; \/ Hacer crecer Internet<\/p>\n\n\n\n<div style=\"height:30px\" aria-hidden=\"true\" class=\"wp-block-spacer\"><\/div>\n\n\n\n<h1 class=\"wp-block-heading has-neutral-white-color has-text-color has-60-font-size\">Hacer crecer Internet<\/h1>\n<\/div><\/section>\n\n\n\n<section class=\"wp-block-uagb-section uagb-section__wrap uagb-section__background-color uagb-block-0126c48e ap-internal-content\"><div class=\"uagb-section__overlay\"><\/div><div class=\"uagb-section__inner-wrap\">\n<p>Todo el mundo deber\u00eda tener acceso a Internet. Es un recurso que cambia la vida, y mientras siga siendo necesario, no dejaremos de esforzarnos para aumentar su alcance y resiliencia. Tenemos la firme determinaci\u00f3n de cerrar la brecha digital aunando a las personas y la tecnolog\u00eda que se necesita para dar a todas las personas el acceso que desean.<br><br>Esto implica fomentar la confianza y la colaboraci\u00f3n entre quienes construyen y mantienen Internet. Implica tambi\u00e9n mejorar las redes comunitarias y los puntos de intercambio de Internet ya establecidos, e implementar otros nuevos. E implica apoyar las buenas decisiones y pol\u00edticas proporcionando una plataforma \u00fanica para ofrecer una visi\u00f3n consolidada y fiable acerca de la resiliencia y los bloqueos de Internet, y el Modo Internet de Interconectarse.<\/p>\n\n\n\n<h2 class=\"wp-block-heading has-48-font-size\">Construir redes comunitarias<\/h2>\n\n\n\n<div style=\"height:20px\" aria-hidden=\"true\" class=\"wp-block-spacer\"><\/div>\n\n\n\n<h3 class=\"wp-block-heading has-32-font-size\">Cerrar la brecha de la conectividad<\/h3>\n\n\n\n<div style=\"height:10px\" aria-hidden=\"true\" class=\"wp-block-spacer\"><\/div>\n\n\n\n<p>A\u00fan queda mucho por hacer para conectar a las personas que quieren estar conectadas. Casi la mitad de la poblaci\u00f3n mundial sigue sin tener acceso fiable a Internet. Estas comunidades e individuos desconectados \u2014que viven en comunidades rurales, remotas y urbanas\u2014 est\u00e1n en todos los continentes. Cada d\u00eda sin conexi\u00f3n a Internet es un d\u00eda de oportunidades perdidas.<\/p>\n\n\n\n<p>Los enfoques tradicionales y convencionales del acceso a Internet suelen dar buenos resultados, pero no pueden resolver todos los problemas. Las redes comunitarias son soluciones locales de acceso complementario para salvar la brecha de la conectividad permitiendo que cualquier persona, en cualquier lugar, se conecte a Internet con las herramientas y el apoyo adecuados. Se trata de redes construidas por las personas para atender sus propias necesidades en sus propias comunidades. Internet Society ha marcado la diferencia en esta \u00e1rea durante mucho tiempo. En 2021, seguiremos centr\u00e1ndonos en el desarrollo y la habilitaci\u00f3n de las redes comunitarias y las comunidades que las apoyan.<\/p>\n\n\n\n<h4 class=\"wp-block-heading\">El poder de las redes humanas<\/h4>\n\n\n\n<div style=\"height:10px\" aria-hidden=\"true\" class=\"wp-block-spacer\"><\/div>\n\n\n\n<p>Creemos que cualquier persona puede construir y mantener una red comunitaria con el respaldo adecuado. Desde el desarrollo comunitario y la promoci\u00f3n de pol\u00edticas hasta la financiaci\u00f3n y la creaci\u00f3n de capacidad t\u00e9cnica, trabajamos para ayudar a las personas que participan en redes comunitarias nuevas o ya existentes.<\/p>\n\n\n\n<p>Sabemos que construir una red humana fuerte es esencial para la salud y el \u00e9xito a largo plazo de una red comunitaria. Para ello, convocamos a expertos, socios, encargados de formular pol\u00edticas y organismos reguladores.<\/p>\n\n\n\n<h4 class=\"wp-block-heading\">Apoyar las redes comunitarias nuevas y las ya existentes<\/h4>\n\n\n\n<div style=\"height:10px\" aria-hidden=\"true\" class=\"wp-block-spacer\"><\/div>\n\n\n\n<p>En 2021, apoyaremos un total de 10 redes comunitarias nuevas y ya existentes. Con respecto a las nuevas, identificaremos comunidades que est\u00e9n listas para construir una red y las ayudaremos a implementarla. Con respecto a las ya existentes, ayudaremos a las comunidades a aumentar su cobertura y capacidad t\u00e9cnica.<\/p>\n\n\n\n<h4 class=\"wp-block-heading\">Ampliar nuestro trabajo a trav\u00e9s de nuevas asociaciones<\/h4>\n\n\n\n<div style=\"height:10px\" aria-hidden=\"true\" class=\"wp-block-spacer\"><\/div>\n\n\n\n<p>Podemos lograr m\u00e1s trabajando juntos con nuestros socios. Por eso colaboraremos con cinco nuevos socios que pueden ayudarnos a ampliar nuestro trabajo de implementar y promover las redes comunitarias, extender nuestros esfuerzos de promoci\u00f3n y construir una base de apoyo m\u00e1s s\u00f3lida.<\/p>\n\n\n\n<h4 class=\"wp-block-heading\">Crear una red mundial de promotores de Redes Comunitarias<\/h4>\n\n\n\n<div style=\"height:10px\" aria-hidden=\"true\" class=\"wp-block-spacer\"><\/div>\n\n\n\n<p>Capacitaremos a 300 personas en habilidades y conocimientos esenciales sobre cuestiones t\u00e9cnicas y asuntos relacionados con la construcci\u00f3n de comunidades y pol\u00edticas directamente relacionados con las redes comunitarias a trav\u00e9s de nuestros cursos en l\u00ednea, moderados o a ritmo propio, y de las actividades de desarrollo de la capacidad regional.<\/p>\n\n\n\n<p>Adem\u00e1s, impartiremos una capacitaci\u00f3n m\u00e1s avanzada a 15 L\u00edderes de Redes Comunitarias motivados que hayan tenido experiencia pr\u00e1ctica de creaci\u00f3n de una red comunitaria en su propia comunidad o regi\u00f3n. Como resultado de la capacitaci\u00f3n, estos promotores avanzados de las redes comunitarias pueden actuar como multiplicadores sobre el terreno, defendiendo el modelo de conectividad y creaci\u00f3n de capacidad a nivel local y regional que promueve Internet Society.<\/p>\n\n\n\n<h4 class=\"wp-block-heading\">Centrarse en la capacidad local<\/h4>\n\n\n\n<div style=\"height:10px\" aria-hidden=\"true\" class=\"wp-block-spacer\"><\/div>\n\n\n\n<p>Las redes sostenibles son impulsadas por las comunidades a las que apoyan. En colaboraci\u00f3n con otros actores que comparten nuestros objetivos, continuaremos ampliando, fomentando y defendiendo pol\u00edticas y reglamentos favorables al desarrollo de las redes comunitarias. Confiamos en que, para finales de a\u00f1o, al menos cinco pa\u00edses y organizaciones actualizar\u00e1n sus pol\u00edticas, reglamentos, normas o proyectos en apoyo de las redes comunitarias.<\/p>\n\n\n\n<p>Como parte del fomento del talento humano tan importante para las redes comunitarias, seguiremos organizando Cumbres de Redes Comunitarias, cambiando el formato para transformar los eventos presenciales en eventos totalmente virtuales. Estos eventos regionales brindan a los participantes la oportunidad de examinar los desaf\u00edos propios de su entorno, identificar problemas comunes, proponer soluciones, ampliar sus conocimientos t\u00e9cnicos y de pol\u00edticas, y celebrar los \u00e9xitos. Lo que es m\u00e1s importante, crean redes de networkers, es decir, grupos de organizaciones y personas con ideas afines que apoyan el crecimiento de las redes comunitarias como forma de ayudar a cerrar la brecha digital.<\/p>\n\n\n\n<h3 class=\"wp-block-heading\">Fomentar el desarrollo de infraestructura y comunidad <\/h3>\n\n\n\n<div style=\"height:20px\" aria-hidden=\"true\" class=\"wp-block-spacer\"><\/div>\n\n\n\n<h4 class=\"wp-block-heading\">Desarrollar las comunidades que desarrollan Internet<\/h4>\n\n\n\n<div style=\"height:10px\" aria-hidden=\"true\" class=\"wp-block-spacer\"><\/div>\n\n\n\n<p>Todav\u00eda hay muchos lugares donde el acceso a Internet se caracteriza por la baja velocidad, los costos altos y un servicio poco fiable. Los puntos de intercambio de tr\u00e1fico (IXP) ayudan a corregir esta disparidad y contribuyen al crecimiento de Internet fortaleciendo la infraestructura, aumentando la disponibilidad y creando rutas m\u00e1s cortas, m\u00e1s directas y m\u00e1s baratas para el tr\u00e1fico local.<\/p>\n\n\n\n<p>Al igual que las Redes Comunitarias, el desarrollo de los IXP depende de la capacitaci\u00f3n de expertos t\u00e9cnicos locales, el fomento de comunidades interesadas y la colaboraci\u00f3n con los encargados de formular pol\u00edticas y los organismos reguladores para apoyar su desarrollo. Con este fin, seguimos empe\u00f1ados en fomentar fuertes comunidades t\u00e9cnicas y operativas de apoyo que puedan ayudar a planificar, construir y mantener la infraestructura de interconexi\u00f3n.<\/p>\n\n\n\n<h4 class=\"wp-block-heading\">Crear nuevos IXP y mejorar los ya existentes<\/h4>\n\n\n\n<div style=\"height:10px\" aria-hidden=\"true\" class=\"wp-block-spacer\"><\/div>\n\n\n\n<p>Seguiremos trabajando con nuestros socios para facilitar la creaci\u00f3n de nuevos IXP, mejorar los ya existentes, brindar capacitaci\u00f3n, desarrollar la capacidad local y promover pol\u00edticas que apoyen la creaci\u00f3n y el desarrollo de los IXP y el ecosistema de interconexi\u00f3n.<\/p>\n\n\n\n<p>En 2021, estableceremos cinco nuevos IXP y mejoraremos 15 de los ya existentes, proporcionando apoyo t\u00e9cnico y en materia de desarrollo, pol\u00edticas y reglamentos para ayudarlos a madurar y progresar. Conseguiremos la ayuda de cinco socios para ampliar nuestros esfuerzos relacionados con la mejora de la experiencia en Internet, haciendo que las conexiones locales y regionales sean m\u00e1s densas y variadas. Tambi\u00e9n trabajaremos con los encargados de formular pol\u00edticas y los organismos reguladores de cinco pa\u00edses proporcion\u00e1ndoles asesoramiento t\u00e9cnico basado en pruebas y mejores pr\u00e1cticas para apoyar decisiones de pol\u00edtica y reglamentaci\u00f3n que promuevan los IXP.<\/p>\n\n\n\n<h4 class=\"wp-block-heading\">Desarrollar la capacidad y el liderazgo<\/h4>\n\n\n\n<div style=\"height:10px\" aria-hidden=\"true\" class=\"wp-block-spacer\"><\/div>\n\n\n\n<p>Podemos ayudar a crear una Internet m\u00e1s resiliente y asequible para todos dotando a las comunidades de conocimientos t\u00e9cnicos. Para asegurarnos de que las personas tengan las habilidades y los conocimientos necesarios para apoyar a los IXP nuevos o ya existentes, capacitaremos a 500 personas en las mejores pr\u00e1cticas para la construcci\u00f3n, el funcionamiento y el mantenimiento de las redes de Internet.<\/p>\n\n\n\n<h3 class=\"wp-block-heading\">Medir Internet<\/h3>\n\n\n\n<div style=\"height:20px\" aria-hidden=\"true\" class=\"wp-block-spacer\"><\/div>\n\n\n\n<h4 class=\"wp-block-heading\">Internet en n\u00fameros <\/h4>\n\n\n\n<div style=\"height:10px\" aria-hidden=\"true\" class=\"wp-block-spacer\"><\/div>\n\n\n\n<p>Utilizaremos los datos consolidados en la plataforma Insights para identificar tendencias, generar informes y describir situaciones basadas en datos acerca de Internet. Dado que los datos pueden influir en la elaboraci\u00f3n de pol\u00edticas y las decisiones relacionadas con las perturbaciones de Internet y la inversi\u00f3n en tecnolog\u00edas e infraestructura, <i>Insights<\/i> ser\u00e1 un recurso para encargados de formular pol\u00edticas, investigadores, periodistas, operadores de redes, grupos de la sociedad civil, tecn\u00f3logos y entusiastas de Internet.<\/p>\n\n\n\n<h4 class=\"wp-block-heading\">Posibilidades a trav\u00e9s de asociaciones<\/h4>\n\n\n\n<div style=\"height:10px\" aria-hidden=\"true\" class=\"wp-block-spacer\"><\/div>\n\n\n\n<p>En 2021 daremos prioridad a la promoci\u00f3n de <i>Insights<\/i> como recurso \u00fatil para cualquiera que est\u00e9 interesado en lo que las mediciones de Internet pueden decirnos sobre el estado de la red de redes. Formaremos tres asociaciones con grupos de medici\u00f3n, socios en materia de datos, economistas o todos ellos para incorporar cifras y modelos financieros a Insights y promover la plataforma en sus redes y su p\u00fablico.<\/p>\n\n\n\n<p>La puesta en marcha inicial de <i>Insights<\/i> tiene por objeto medir las interrupciones de Internet y la implementaci\u00f3n de nuevas tecnolog\u00edas que contribuyan a la evoluci\u00f3n de la red. En 2021, seguiremos desarrollando la plataforma con la versi\u00f3n 2, que incorporar\u00e1 mejoras basadas en las reacciones a la versi\u00f3n inicial. La versi\u00f3n 2 ampliar\u00e1 la plataforma para abarcar mediciones adicionales de la resiliencia de Internet y para poner de relieve ejemplos del Modo Internet de Interconectarse.<\/p>\n\n\n\n<div class=\"wp-block-buttons is-layout-flex wp-block-buttons-is-layout-flex\">\n<div class=\"wp-block-button\"><a class=\"wp-block-button__link has-neutral-white-color has-depth-green-background-color has-text-color has-background wp-element-button\" href=\"http:\/\/www.internetsociety.org\/wp-content\/uploads\/2020\/12\/InternetSociety-ActionPlan2021-es.pdf\" target=\"_blank\" rel=\"noreferrer noopener\">Descargar el plan completo<\/a><\/div>\n<\/div>\n<\/div><\/section>\n\n\n\n<section class=\"wp-block-uagb-columns uagb-columns__wrap uagb-columns__background-color uagb-columns__stack-mobile uagb-columns__valign- uagb-columns__gap-0 align uagb-block-067c1099 uagb-columns__columns-3 uagb-columns__max_width-theme uagb-columns__background-undefined uagb-columns__valign-undefined alignundefined ap-navbar\" id=\"browse\"><div class=\"uagb-columns__overlay\"><\/div><div class=\"uagb-columns__inner-wrap uagb-columns__columns-3\">\n<div class=\"wp-block-uagb-column uagb-column__wrap uagb-column__background-color uagb-block-f5133bec\"><div class=\"uagb-column__overlay\"><\/div>\n<div class=\"wp-block-buttons is-layout-flex wp-block-buttons-is-layout-flex\">\n<div class=\"wp-block-button\"><a class=\"wp-block-button__link has-ground-navy-background-color has-background wp-element-button\" href=\"https:\/\/www.internetsociety.org\/es\/action-plan\/2021\/\" rel=\"#growing-the-internet\">Plan de Acci\u00f3n 2021<\/a><\/div>\n<\/div>\n<\/div>\n\n\n\n<div class=\"wp-block-uagb-column uagb-column__wrap uagb-column__background-color uagb-block-60a4c872\"><div class=\"uagb-column__overlay\"><\/div>\n<div class=\"wp-block-buttons is-layout-flex wp-block-buttons-is-layout-flex\">\n<div class=\"wp-block-button\"><a class=\"wp-block-button__link has-neutral-white-color has-depth-blue-background-color has-text-color has-background wp-element-button\" href=\"https:\/\/www.internetsociety.org\/es\/action-plan\/2021\/strengthening-the-internet\/\" rel=\"#strengthening-the-internet\">Fortalecer Internet<\/a><\/div>\n<\/div>\n<\/div>\n\n\n\n<div class=\"wp-block-uagb-column uagb-column__wrap uagb-column__background-color uagb-block-cd1de700\"><div class=\"uagb-column__overlay\"><\/div>\n<div class=\"wp-block-buttons is-layout-flex wp-block-buttons-is-layout-flex\">\n<div class=\"wp-block-button\"><a class=\"wp-block-button__link has-depth-green-background-color has-background wp-element-button\" href=\"https:\/\/www.internetsociety.org\/es\/action-plan\/2021\/empowering-people-to-take-action\/\" rel=\"#empowering-people-to-take-action\">Empoderar a las personas para que act\u00faen<\/a><\/div>\n<\/div>\n\n\n\n<p><\/p>\n<\/div>\n<\/div><\/section>\n\n\n\n<section class=\"wp-block-uagb-section uagb-section__wrap uagb-section__background-image uagb-block-9bb36082 ap-member-cta background-image-fallback-black\"><div class=\"uagb-section__overlay\"><\/div><div class=\"uagb-section__inner-wrap\">\n<div class=\"wp-block-uagb-advanced-heading uagb-block-65a73f66\"><h2 class=\"uagb-heading-text\">Creando una Internet para todo el mundo en todas partes<\/h2><\/div>\n\n\n\n<div style=\"height:30px\" aria-hidden=\"true\" class=\"wp-block-spacer\"><\/div>\n\n\n\n<div class=\"wp-block-buttons is-content-justification-center is-layout-flex wp-container-core-buttons-is-layout-16018d1d wp-block-buttons-is-layout-flex\">\n<div class=\"wp-block-button is-style-fill\"><a class=\"wp-block-button__link has-ground-navy-color has-neutral-white-background-color has-text-color has-background wp-element-button\" href=\"https:\/\/www.internetsociety.org\/es\/become-a-member\/\">Convi\u00e9rtase en miembro<\/a><\/div>\n\n\n\n<div class=\"wp-block-button is-style-outline is-style-outline--1\"><a class=\"wp-block-button__link has-neutral-white-color has-text-color wp-element-button\" href=\"https:\/\/www.internetsociety.org\/es\/mission\/\" style=\"border-radius:50px\">Nuestra misi\u00f3n<\/a><\/div>\n<\/div>\n\n\n\n<div style=\"height:30px\" aria-hidden=\"true\" class=\"wp-block-spacer\"><\/div>\n\n\n\n<section class=\"wp-block-uagb-columns uagb-columns__wrap uagb-columns__background-none uagb-columns__stack-mobile uagb-columns__valign- uagb-columns__gap-10 align uagb-block-f325bb97 uagb-columns__columns-3 uagb-columns__max_width-theme\"><div class=\"uagb-columns__overlay\"><\/div><div class=\"uagb-columns__inner-wrap uagb-columns__columns-3\">\n<div class=\"wp-block-uagb-column uagb-column__wrap uagb-column__background-undefined uagb-block-7e95a2fb\"><div class=\"uagb-column__overlay\"><\/div><figure  id=\"svgItem-global\" tabindex=\"0\" aria-label=\"SVG image for number: 166,696 members\" class=\"number_wrapper\" style=\"background-color:transparent; display: block; text-align:center\"><svg aria-hidden=\"true\" role=\"img\" class=\"number number-1 medium\"><use xmlns:xlink=\"http:\/\/www.w3.org\/1999\/xlink\" xlink:href=\"#icon-1\"><\/use><\/svg><svg aria-hidden=\"true\" role=\"img\" class=\"number number-6 medium\"><use xmlns:xlink=\"http:\/\/www.w3.org\/1999\/xlink\" xlink:href=\"#icon-6\"><\/use><\/svg><svg aria-hidden=\"true\" role=\"img\" class=\"number number-6 medium\"><use xmlns:xlink=\"http:\/\/www.w3.org\/1999\/xlink\" xlink:href=\"#icon-6\"><\/use><\/svg><svg aria-hidden=\"true\" role=\"img\" class=\"number number-comma medium\"><use xmlns:xlink=\"http:\/\/www.w3.org\/1999\/xlink\" xlink:href=\"#icon-comma\"><\/use><\/svg><svg aria-hidden=\"true\" role=\"img\" class=\"number number-6 medium\"><use xmlns:xlink=\"http:\/\/www.w3.org\/1999\/xlink\" xlink:href=\"#icon-6\"><\/use><\/svg><svg aria-hidden=\"true\" role=\"img\" class=\"number number-9 medium\"><use xmlns:xlink=\"http:\/\/www.w3.org\/1999\/xlink\" xlink:href=\"#icon-9\"><\/use><\/svg><svg aria-hidden=\"true\" role=\"img\" class=\"number number-6 medium\"><use xmlns:xlink=\"http:\/\/www.w3.org\/1999\/xlink\" xlink:href=\"#icon-6\"><\/use><\/svg><\/figure>\n\n\n<p class=\"has-text-align-center has-neutral-white-color has-text-color\"><strong>Miembros<\/strong><\/p>\n<\/div>\n\n\n\n<div class=\"wp-block-uagb-column uagb-column__wrap uagb-column__background-undefined uagb-block-1d0da81a\"><div class=\"uagb-column__overlay\"><\/div><figure  id=\"svgItem-chapters\" tabindex=\"0\" aria-label=\"SVG image for number: 132 members\" class=\"number_wrapper\" style=\"background-color:transparent; display: block; text-align:center\"><svg aria-hidden=\"true\" role=\"img\" class=\"number number-1 medium\"><use xmlns:xlink=\"http:\/\/www.w3.org\/1999\/xlink\" xlink:href=\"#icon-1\"><\/use><\/svg><svg aria-hidden=\"true\" role=\"img\" class=\"number number-3 medium\"><use xmlns:xlink=\"http:\/\/www.w3.org\/1999\/xlink\" xlink:href=\"#icon-3\"><\/use><\/svg><svg aria-hidden=\"true\" role=\"img\" class=\"number number-2 medium\"><use xmlns:xlink=\"http:\/\/www.w3.org\/1999\/xlink\" xlink:href=\"#icon-2\"><\/use><\/svg><\/figure>\n\n\n<p class=\"has-text-align-center has-neutral-white-color has-text-color\"><strong>Cap\u00edtulos y SIG<\/strong><\/p>\n<\/div>\n\n\n\n<div class=\"wp-block-uagb-column uagb-column__wrap uagb-column__background-undefined uagb-block-7c9c6842\"><div class=\"uagb-column__overlay\"><\/div><figure  id=\"svgItem-orgs\" tabindex=\"0\" aria-label=\"SVG image for number: 81 members\" class=\"number_wrapper\" style=\"background-color:transparent; display: block; text-align:center\"><svg aria-hidden=\"true\" role=\"img\" class=\"number number-8 medium\"><use xmlns:xlink=\"http:\/\/www.w3.org\/1999\/xlink\" xlink:href=\"#icon-8\"><\/use><\/svg><svg aria-hidden=\"true\" role=\"img\" class=\"number number-1 medium\"><use xmlns:xlink=\"http:\/\/www.w3.org\/1999\/xlink\" xlink:href=\"#icon-1\"><\/use><\/svg><\/figure>\n\n\n<p class=\"has-text-align-center has-neutral-white-color has-text-color\"><strong>Miembros de organizaci\u00f3n<\/strong><\/p>\n<\/div>\n<\/div><\/section>\n<\/div><\/section>\n\n\n\n<p class=\"has-text-align-center has-neutral-white-color has-ground-navy-background-color has-text-color has-background has-12-font-size\"><span class=\"has-small-font-size\">Derechos de auto<\/span>r: \u00a9 Internet Society \/ Nyani Quarmyne \/ Panos Pictures<\/p>\n\n\n\n<p><\/p>\n","protected":false},"excerpt":{"rendered":"<p>Tenemos la firme determinaci\u00f3n de cerrar la brecha digital aunando a las personas y la tecnolog\u00eda que se necesita para dar a todas las personas el acceso que desean.<\/p>\n","protected":false},"author":48,"featured_media":126800,"parent":127670,"menu_order":0,"comment_status":"closed","ping_status":"closed","template":"page-wide.php","meta":{"_acf_changed":false,"_uag_custom_page_level_css":"","footnotes":""},"categories":[119],"tags":[],"region_news_regions":[],"content_category":[],"ppma_author":[4039],"class_list":["post-127734","page","type-page","status-publish","has-post-thumbnail","hentry","category-quienes-somos"],"acf":[],"uagb_featured_image_src":{"full":["https:\/\/www.internetsociety.org\/wp-content\/uploads\/2020\/11\/Medium-Community-Networks-Suusamyr-Net-Kyrgyzstan-2018-1.jpg",1000,667,false],"thumbnail":["https:\/\/www.internetsociety.org\/wp-content\/uploads\/2020\/11\/Medium-Community-Networks-Suusamyr-Net-Kyrgyzstan-2018-1-150x150.jpg",150,150,true],"medium":["https:\/\/www.internetsociety.org\/wp-content\/uploads\/2020\/11\/Medium-Community-Networks-Suusamyr-Net-Kyrgyzstan-2018-1-450x300.jpg",450,300,true],"medium_large":["https:\/\/www.internetsociety.org\/wp-content\/uploads\/2020\/11\/Medium-Community-Networks-Suusamyr-Net-Kyrgyzstan-2018-1-768x512.jpg",768,512,true],"large":["https:\/\/www.internetsociety.org\/wp-content\/uploads\/2020\/11\/Medium-Community-Networks-Suusamyr-Net-Kyrgyzstan-2018-1.jpg",1000,667,false],"1536x1536":["https:\/\/www.internetsociety.org\/wp-content\/uploads\/2020\/11\/Medium-Community-Networks-Suusamyr-Net-Kyrgyzstan-2018-1.jpg",1000,667,false],"2048x2048":["https:\/\/www.internetsociety.org\/wp-content\/uploads\/2020\/11\/Medium-Community-Networks-Suusamyr-Net-Kyrgyzstan-2018-1.jpg",1000,667,false],"post-thumbnail":["https:\/\/www.internetsociety.org\/wp-content\/uploads\/2020\/11\/Medium-Community-Networks-Suusamyr-Net-Kyrgyzstan-2018-1-250x167.jpg",250,167,true],"square":["https:\/\/www.internetsociety.org\/wp-content\/uploads\/2020\/11\/Medium-Community-Networks-Suusamyr-Net-Kyrgyzstan-2018-1-600x600.jpg",600,600,true],"gform-image-choice-sm":["https:\/\/www.internetsociety.org\/wp-content\/uploads\/2020\/11\/Medium-Community-Networks-Suusamyr-Net-Kyrgyzstan-2018-1.jpg",300,200,false],"gform-image-choice-md":["https:\/\/www.internetsociety.org\/wp-content\/uploads\/2020\/11\/Medium-Community-Networks-Suusamyr-Net-Kyrgyzstan-2018-1.jpg",400,267,false],"gform-image-choice-lg":["https:\/\/www.internetsociety.org\/wp-content\/uploads\/2020\/11\/Medium-Community-Networks-Suusamyr-Net-Kyrgyzstan-2018-1.jpg",600,400,false]},"uagb_author_info":{"display_name":"Henri Wohlfarth","author_link":"https:\/\/www.internetsociety.org\/es\/author\/wohlfarth\/"},"uagb_comment_info":0,"uagb_excerpt":"Tenemos la firme determinaci\u00f3n de cerrar la brecha digital aunando a las personas y la tecnolog\u00eda que se necesita para dar a todas las personas el acceso que desean.","_links":{"self":[{"href":"https:\/\/www.internetsociety.org\/es\/wp-json\/wp\/v2\/pages\/127734","targetHints":{"allow":["GET"]}}],"collection":[{"href":"https:\/\/www.internetsociety.org\/es\/wp-json\/wp\/v2\/pages"}],"about":[{"href":"https:\/\/www.internetsociety.org\/es\/wp-json\/wp\/v2\/types\/page"}],"author":[{"embeddable":true,"href":"https:\/\/www.internetsociety.org\/es\/wp-json\/wp\/v2\/users\/48"}],"replies":[{"embeddable":true,"href":"https:\/\/www.internetsociety.org\/es\/wp-json\/wp\/v2\/comments?post=127734"}],"version-history":[{"count":0,"href":"https:\/\/www.internetsociety.org\/es\/wp-json\/wp\/v2\/pages\/127734\/revisions"}],"up":[{"embeddable":true,"href":"https:\/\/www.internetsociety.org\/es\/wp-json\/wp\/v2\/pages\/127670"}],"wp:featuredmedia":[{"embeddable":true,"href":"https:\/\/www.internetsociety.org\/es\/wp-json\/wp\/v2\/media\/126800"}],"wp:attachment":[{"href":"https:\/\/www.internetsociety.org\/es\/wp-json\/wp\/v2\/media?parent=127734"}],"wp:term":[{"taxonomy":"category","embeddable":true,"href":"https:\/\/www.internetsociety.org\/es\/wp-json\/wp\/v2\/categories?post=127734"},{"taxonomy":"post_tag","embeddable":true,"href":"https:\/\/www.internetsociety.org\/es\/wp-json\/wp\/v2\/tags?post=127734"},{"taxonomy":"region_news_regions","embeddable":true,"href":"https:\/\/www.internetsociety.org\/es\/wp-json\/wp\/v2\/region_news_regions?post=127734"},{"taxonomy":"content_category","embeddable":true,"href":"https:\/\/www.internetsociety.org\/es\/wp-json\/wp\/v2\/content_category?post=127734"},{"taxonomy":"author","embeddable":true,"href":"https:\/\/www.internetsociety.org\/es\/wp-json\/wp\/v2\/ppma_author?post=127734"}],"curies":[{"name":"wp","href":"https:\/\/api.w.org\/{rel}","templated":true}]}}