{"id":127179,"date":"2020-08-12T15:01:54","date_gmt":"2020-08-12T15:01:54","guid":{"rendered":"http:\/\/www.internetsociety.org\/covid19-policy-recommendations\/"},"modified":"2022-07-14T10:06:14","modified_gmt":"2022-07-14T10:06:14","slug":"covid19-policy-recommendations","status":"publish","type":"page","link":"https:\/\/www.internetsociety.org\/es\/covid19-policy-recommendations\/","title":{"rendered":"Recomendaciones de pol\u00edticas durante la pandemia de COVID-19"},"content":{"rendered":"\n<div class=\"wp-block-cover aligncenter\" style=\"min-height:500px;aspect-ratio:unset;\"><span aria-hidden=\"true\" class=\"wp-block-cover__background has-background-dim\"><\/span><img loading=\"lazy\" decoding=\"async\" width=\"1024\" height=\"680\" class=\"wp-block-cover__image-background wp-image-119816\" src=\"https:\/\/www.internetsociety.org\/wp-content\/uploads\/2020\/08\/GirlsLearningToType.jpg\" style=\"object-position:50% 30%\" data-object-fit=\"cover\" data-object-position=\"50% 30%\" srcset=\"https:\/\/www.internetsociety.org\/wp-content\/uploads\/2020\/08\/GirlsLearningToType.jpg 1024w, https:\/\/www.internetsociety.org\/wp-content\/uploads\/2020\/08\/GirlsLearningToType-450x299.jpg 450w, https:\/\/www.internetsociety.org\/wp-content\/uploads\/2020\/08\/GirlsLearningToType-768x510.jpg 768w, https:\/\/www.internetsociety.org\/wp-content\/uploads\/2020\/08\/GirlsLearningToType-250x166.jpg 250w\" sizes=\"auto, (max-width: 1024px) 100vw, 1024px\" \/><div class=\"wp-block-cover__inner-container is-layout-flow wp-block-cover-is-layout-flow\">\n<h1 class=\"has-text-align-center wp-block-heading\">Construir una Internet m\u00e1s grande y m\u00e1s fuerte<\/h1>\n\n\n\n<div style=\"height:40px\" aria-hidden=\"true\" class=\"wp-block-spacer\"><\/div>\n\n\n\n<div class=\"wp-block-buttons animated zoomIn is-content-justification-center is-layout-flex wp-container-core-buttons-is-layout-16018d1d wp-block-buttons-is-layout-flex\">\n<div class=\"wp-block-button\"><a class=\"wp-block-button__link has-green-background-color has-background\" href=\"https:\/\/www.internetsociety.org\/wp-content\/uploads\/2020\/09\/COVID-19-policy-asks.pdf\">Descargar las recomendaciones de pol\u00edticas<\/a><\/div>\n<\/div>\n<\/div><\/div>\n\n\n\n<div class=\"wp-block-group has-ground-navy-color has-neutral-white-background-color has-text-color has-background\"><div class=\"wp-block-group__inner-container is-layout-flow wp-block-group-is-layout-flow\">\n<h2 class=\"has-text-align-center wp-block-heading\">Recomendaciones de pol\u00edticas durante la pandemia de COVID-19<\/h2>\n\n\n\n<div style=\"height:40px\" aria-hidden=\"true\" class=\"wp-block-spacer\"><\/div>\n\n\n\n<p><span style=\"color:#0c1c2c\" class=\"tadv-color\">Durante los \u00faltimos meses, el coronavirus ha demostrado al mundo lo importante que es Internet durante una crisis.<\/span><\/p>\n\n\n\n<p><span style=\"color:#0c1c2c\" class=\"tadv-color\">Internet ha permitido que millones de personas contin\u00faen trabajando y estudiando mientras siguen las \u00f3rdenes de quedarse en casa. Ha brindado acceso a informaci\u00f3n de salud fundamental y ha permitido que las familias, separadas por restricciones de viaje o por la cuarentena, se mantengan en contacto. Y, a pesar de los importantes aumentos en el volumen de tr\u00e1fico en sus redes, Internet ha demostrado que est\u00e1 a la altura del desaf\u00edo. Su base t\u00e9cnica, una red de redes operadas de manera cooperativa por proveedores de servicios y plataformas, ha garantizado que Internet no haya experimentado fallas catastr\u00f3ficas.<\/span><\/p>\n\n\n\n<p class=\"has-ground-navy-color has-text-color\">La pandemia actual ha demostrado que Internet es, de hecho, una fuerza positiva.<\/p>\n\n\n\n<p class=\"has-ground-navy-color has-text-color\">Sin embargo, el coronavirus tambi\u00e9n ha puesto de manifiesto muchos desaf\u00edos. Casi el 50 % de la poblaci\u00f3n mundial no ha podido trabajar o estudiar desde casa porque no tiene acceso a Internet. Para muchas personas que s\u00ed tienen acceso, las bajas velocidades y los altos precios caracterizan su servicio de Internet, impidi\u00e9ndoles participar en la vida cotidiana. Las aplicaciones de rastreo de contactos plantean problemas de privacidad en todo el mundo. Los ataques cibern\u00e9ticos dirigidos al sector sanitario han aumentado. Y, a pesar de la clara necesidad de un cifrado fuerte de extremo a extremo a medida que m\u00e1s personas trabajan, realizan operaciones bancarias y acceden a la atenci\u00f3n m\u00e9dica en l\u00ednea, los organismos encargados de hacer cumplir la ley siguen pidiendo acceso de puerta trasera (backdoor) a las comunicaciones y datos cifrados.<\/p>\n\n\n\n<p>Podemos salir de esta crisis con una Internet m\u00e1s grande, m\u00e1s fuerte y m\u00e1s confiable, independientemente de las condiciones de crisis temporal. Si se aprobasen ahora, las pol\u00edticas digitales adecuadas pueden respaldar la recuperaci\u00f3n econ\u00f3mica mundial y garantizar que nadie se quede atr\u00e1s.<\/p>\n<\/div><\/div>\n\n\n\n<div class=\"wp-block-group animated pulse fast has-neutral-white-color has-ground-blue-background-color has-text-color has-background\"><div class=\"wp-block-group__inner-container is-layout-flow wp-block-group-is-layout-flow\">\n<h4 class=\"has-neutral-white-color has-text-color wp-block-heading\">Hay acciones espec\u00edficas que podemos tomar para asegurarnos de que las comunidades rurales, remotas y urbanas desatendidas y subatendidas tengan el acceso que necesitan, y para proteger a los usuarios de Internet y la infraestructura cr\u00edtica de Internet.<\/h4>\n<\/div><\/div>\n\n\n\n<div class=\"wp-block-cover is-light\" style=\"min-height:350px;aspect-ratio:unset;\"><span aria-hidden=\"true\" class=\"wp-block-cover__background has-background-dim\"><\/span><img decoding=\"async\" class=\"wp-block-cover__image-background wp-image-118423\" src=\"https:\/\/www.internetsociety.org\/wp-content\/uploads\/2020\/07\/DSC_7717-e1594837456289.jpg\" style=\"object-position:50% 50%\" data-object-fit=\"cover\" data-object-position=\"50% 50%\"\/><div class=\"wp-block-cover__inner-container is-layout-flow wp-block-cover-is-layout-flow\">\n<h3 class=\"has-text-align-center wp-block-heading\">Asegurarse de que aquellos que necesitan acceso, ahora mismo, lo obtengan.&nbsp;<\/h3>\n<\/div><\/div>\n\n\n\n<div class=\"wp-block-group animated pulse has-neutral-white-background-color has-background\"><div class=\"wp-block-group__inner-container is-layout-flow wp-block-group-is-layout-flow\">\n<h4 class=\"has-ground-blue-color has-text-color wp-block-heading\">Para garantizar el acceso permanente y sostenible para todas las personas, los legisladores y reguladores deben eliminar las barreras a la conectividad impulsada por la comunidad y facilitar el acceso de las comunidades a los recursos.<\/h4>\n<\/div><\/div>\n\n\n\n<div class=\"wp-block-group has-neutral-white-background-color has-background\"><div class=\"wp-block-group__inner-container is-layout-flow wp-block-group-is-layout-flow\">\n<ol class=\"wp-block-list\" type=\"1\"><li>Hacer inversiones para garantizar que todos puedan acceder a Internet en tiempos de crisis, antes de que ocurra una crisis. La respuesta a las crisis debe tenerse en cuenta en los procesos de las pol\u00edticas del d\u00eda a d\u00eda para que las medidas de emergencia, como los puntos de acceso Wi-Fi comunitarios, se puedan activar cuando sea necesario.<\/li><li>Asegurar que el acceso al espectro otorgado a las instalaciones que albergan estaciones de acceso Wi-Fi de emergencia se mantenga permanente despu\u00e9s de que se levanten las \u00f3rdenes de quedarse en casa.<\/li><li>Alentar a las compa\u00f1\u00edas navieras a dar mayor prioridad a la entrega de equipos de telecomunicaciones para garantizar un r\u00e1pido despliegue de redes. Suspender o acelerar el despacho de aduanas y los aranceles de importaci\u00f3n para facilitar la ayuda a las comunidades afectadas.<\/li><li>Mejorar el conocimiento y la capacidad locales para implementar y mantener redes r\u00e1pidamente. En los \u00faltimos meses, las \u00f3rdenes de quedarse en casa y de distanciamiento social han demostrado ser un desaf\u00edo en lo que respecta a implementar nuevas redes o reparar las existentes.<\/li><li>Fomentar pol\u00edticas que apoyen el desarrollo de redes comunitarias a nivel federal, regional y local. Modificar la legislaci\u00f3n que proh\u00edbe o limita el desarrollo de estas redes. Dar prioridad a las redes en malla para abordar el problema de la asequibilidad en \u00e1reas urbanas.<\/li><li>Involucrar a los gobiernos locales u organizaciones representativas durante las primeras etapas de planificaci\u00f3n de cualquier proyecto o pol\u00edtica en su \u00e1rea. Este compromiso debe realizarse comunidad por comunidad para garantizar que se tengan en cuenta sus prioridades, desaf\u00edos y oportunidades \u00fanicos.<\/li><li>Hacer que los criterios para los mecanismos de financiaci\u00f3n nuevos y existentes, como las subvenciones y los pr\u00e9stamos gubernamentales, fondos de servicio universal y subvenciones de fundaciones privadas, est\u00e9n disponibles para soluciones de acceso complementarias, como las redes comunitarias.<\/li><li>Facilitar el acceso asequible al espectro para soluciones de conectividad complementarias, como las redes comunitarias. Priorizar las \u00e1reas rurales, remotas y otras \u00e1reas desatendidas para las asignaciones de espectro.<\/li><li>Optimizar los marcos de otorgamiento de licencias asequibles para beneficio de la comunidad y los proveedores de servicios de Internet (ISP) locales\/regionales.<\/li><li>Considerar la aplicaci\u00f3n de Dig Once (una pol\u00edtica que obligar\u00eda a implementar la fibra como parte de proyectos de construcci\u00f3n como la construcci\u00f3n de carreteras) y compartir infraestructura (donde dos o m\u00e1s proveedores de telecomunicaciones comparten infraestructura f\u00edsica en un esfuerzo por reducir costos) para facilitar el despliegue eficiente de fibra de media milla.<\/li><\/ol>\n<\/div><\/div>\n\n\n\n<div class=\"wp-block-cover\" style=\"min-height:350px;aspect-ratio:unset;\"><span aria-hidden=\"true\" class=\"wp-block-cover__background has-background-dim\"><\/span><img loading=\"lazy\" decoding=\"async\" width=\"1400\" height=\"933\" class=\"wp-block-cover__image-background wp-image-116967\" src=\"https:\/\/www.internetsociety.org\/wp-content\/uploads\/2020\/06\/20191028_111839_DSCF5752.jpg\" style=\"object-position:51% 30%\" data-object-fit=\"cover\" data-object-position=\"51% 30%\" srcset=\"https:\/\/www.internetsociety.org\/wp-content\/uploads\/2020\/06\/20191028_111839_DSCF5752.jpg 1400w, https:\/\/www.internetsociety.org\/wp-content\/uploads\/2020\/06\/20191028_111839_DSCF5752-450x300.jpg 450w, https:\/\/www.internetsociety.org\/wp-content\/uploads\/2020\/06\/20191028_111839_DSCF5752-1024x682.jpg 1024w, https:\/\/www.internetsociety.org\/wp-content\/uploads\/2020\/06\/20191028_111839_DSCF5752-768x512.jpg 768w, https:\/\/www.internetsociety.org\/wp-content\/uploads\/2020\/06\/20191028_111839_DSCF5752-250x167.jpg 250w\" sizes=\"auto, (max-width: 1400px) 100vw, 1400px\" \/><div class=\"wp-block-cover__inner-container is-layout-flow wp-block-cover-is-layout-flow\">\n<h3 class=\"has-text-align-center wp-block-heading\">Mantener fuerte a Internet.<\/h3>\n<\/div><\/div>\n\n\n\n<div class=\"wp-block-group animated pulse has-neutral-white-background-color has-background\"><div class=\"wp-block-group__inner-container is-layout-flow wp-block-group-is-layout-flow\">\n<h4 class=\"has-ground-blue-color has-text-color wp-block-heading\">Los legisladores y los operadores de redes deben proteger los flujos de datos en l\u00ednea y garantizar que las personas y las organizaciones sigan confiando en Internet.<\/h4>\n<\/div><\/div>\n\n\n\n<div class=\"wp-block-group has-neutral-white-background-color has-background\"><div class=\"wp-block-group__inner-container is-layout-flow wp-block-group-is-layout-flow\">\n<ol class=\"wp-block-list\" type=\"1\"><li>Asegurarse de que Internet permanezca abierta, conectada globalmente, segura y confiable. Los debates complejos en materia de regulaci\u00f3n no deben tomarse a la ligera en el contexto de la pandemia. Toda pol\u00edtica o reglamentaci\u00f3n de emergencia que se adopte debe reconocer la naturaleza descentralizada y distribuida de Internet.<\/li><li>Mantener la seguridad como la m\u00e1xima prioridad para las pol\u00edticas y regulaciones del gobierno. Las pol\u00edticas y regulaciones deben apoyar el uso del cifrado de extremo a extremo para proteger a los ciudadanos, los pa\u00edses y las econom\u00edas nacionales en todas partes.<\/li><li>No utilice bloqueos de Internet ni acciones de bloqueo de contenido para abordar problemas sociales o c\u00edvicos. A menudo exacerban el problema en lugar de resolverlo, ya que las acciones sirven para ocultar brevemente el problema de la vista.<\/li><\/ol>\n<\/div><\/div>\n\n\n\n<div class=\"wp-block-cover\" style=\"min-height:350px;aspect-ratio:unset;\"><span aria-hidden=\"true\" class=\"wp-block-cover__background has-background-dim\"><\/span><img loading=\"lazy\" decoding=\"async\" width=\"1280\" height=\"550\" class=\"wp-block-cover__image-background wp-image-119342\" src=\"https:\/\/www.internetsociety.org\/wp-content\/uploads\/2020\/07\/community-networks-covid-india.jpg\" style=\"object-position:49% 19%\" data-object-fit=\"cover\" data-object-position=\"49% 19%\" srcset=\"https:\/\/www.internetsociety.org\/wp-content\/uploads\/2020\/07\/community-networks-covid-india.jpg 1280w, https:\/\/www.internetsociety.org\/wp-content\/uploads\/2020\/07\/community-networks-covid-india-450x193.jpg 450w, https:\/\/www.internetsociety.org\/wp-content\/uploads\/2020\/07\/community-networks-covid-india-1024x440.jpg 1024w, https:\/\/www.internetsociety.org\/wp-content\/uploads\/2020\/07\/community-networks-covid-india-768x330.jpg 768w, https:\/\/www.internetsociety.org\/wp-content\/uploads\/2020\/07\/community-networks-covid-india-250x107.jpg 250w\" sizes=\"auto, (max-width: 1280px) 100vw, 1280px\" \/><div class=\"wp-block-cover__inner-container is-layout-flow wp-block-cover-is-layout-flow\">\n<h3 class=\"has-text-align-center wp-block-heading\">Una buena pol\u00edtica depende de informaci\u00f3n s\u00f3lida, mediciones confiables y datos precisos.<\/h3>\n<\/div><\/div>\n\n\n\n<div class=\"wp-block-group animated pulse has-neutral-white-background-color has-background\"><div class=\"wp-block-group__inner-container is-layout-flow wp-block-group-is-layout-flow\">\n<h4 class=\"has-ground-blue-color has-text-color wp-block-heading\">Los legisladores y reguladores deben tomar medidas para comprender mejor los desaf\u00edos de la conectividad y la seguridad.<\/h4>\n<\/div><\/div>\n\n\n\n<div class=\"wp-block-group has-neutral-white-background-color has-background\"><div class=\"wp-block-group__inner-container is-layout-flow wp-block-group-is-layout-flow\">\n<ol class=\"wp-block-list\" type=\"1\"><li>Interactuar con proveedores de servicios de Internet (ISP) peque\u00f1os, medianos y grandes, actores locales relevantes y expertos t\u00e9cnicos reconocidos al generar pol\u00edticas para proteger o apoyar la infraestructura de servicios de Internet. Se deben consultar fuentes de datos confiables, como grupos de operadores de redes (NOG), registros de nombres de dominio y registros regionales de Internet (RIR).<\/li><li>Los gobiernos y los reguladores deben llevar a cabo, apoyar o promover investigaciones que busquen lo siguiente:<ul><li>Realizar mediciones de la velocidad, el rendimiento y la calidad de la conexi\u00f3n a Internet, en asociaci\u00f3n con organizaciones especializadas como Measurement Lab, Ookla y OpenSignal.<\/li><li>Reunir estad\u00edsticas y datos confiables sobre el uso de Internet en \u00e1reas desatendidas, as\u00ed tambi\u00e9n sobre los precios de los servicios de Internet, incluidos los l\u00edmites de ancho de banda y las tarifas por uso excesivo.<\/li><li>Proporcionar informaci\u00f3n cualitativa sobre qui\u00e9nes est\u00e1n desatendidos y subatendidos, y d\u00f3nde se necesita la inversi\u00f3n y la acci\u00f3n adecuadas.<\/li><\/ul><\/li><li>En la mayor medida posible, recopilar, proporcionar acceso abierto y aprovechar los datos relacionados con la ubicaci\u00f3n de la infraestructura cr\u00edtica de acceso a Internet, como torres de telefon\u00eda celular, fibra terrestre, cables submarinos y centros de datos.<\/li><\/ol>\n\n\n\n<div class=\"wp-block-buttons animated zoomIn is-content-justification-center is-layout-flex wp-container-core-buttons-is-layout-16018d1d wp-block-buttons-is-layout-flex\">\n<div class=\"wp-block-button\"><a class=\"wp-block-button__link has-green-background-color has-background\" href=\"https:\/\/www.internetsociety.org\/wp-content\/uploads\/2020\/09\/COVID-19-policy-asks.pdf\">Descargar las recomendaciones de pol\u00edticas<\/a><\/div>\n<\/div>\n\n\n\n<p><\/p>\n<\/div><\/div>\n\n\n\n<p class=\"has-text-align-center has-neutral-white-color has-ground-navy-background-color has-text-color has-background has-12-font-size\"><em>Im\u00e1genes:<\/em><br><em><em>Participantes del programa de capacitaci\u00f3n sobre redes comunitarias y miembros de la comunidad en Ulukhaktok, Territorios del Noroeste \u00a9 Angela Gzowski<\/em><\/em><br><em><em>Delegados en la 4ta. Cumbre Anual sobre Redes Comunitarias en \u00c1frica en la Universidad de Dodoma, Tanzania el 30 de octubre de 2019. \u00a9 Internet Society \/ Nyani Quarmyne \/ Panos Pictures<\/em><\/em><br><em><em>El proyecto Community Network Champions de Internet Society reuni\u00f3 a colegas de \u00c1frica, el Caribe, Asia Central, Oriente Medio y las islas del Pac\u00edfico en un programa de intercambio de conocimientos y capacitaci\u00f3n inmersiva de 10 d\u00edas en la India. \u00a9 Internet Society \/ Atul Loke \/ Panos Pictures<\/em><\/em><\/p>\n","protected":false},"excerpt":{"rendered":"<p>Recomendaciones de pol\u00edticas durante la pandemia de COVID-19 Durante los \u00faltimos meses, el coronavirus ha demostrado al mundo lo importante que es Internet durante una crisis. Internet ha permitido que millones de personas contin\u00faen trabajando y estudiando mientras siguen las \u00f3rdenes de quedarse en casa. Ha brindado acceso a informaci\u00f3n de salud fundamental y ha [&hellip;]<\/p>\n","protected":false},"author":46,"featured_media":118397,"parent":0,"menu_order":0,"comment_status":"closed","ping_status":"closed","template":"page-wide.php","meta":{"_acf_changed":false,"_uag_custom_page_level_css":"","footnotes":""},"categories":[98],"tags":[],"region_news_regions":[],"content_category":[],"ppma_author":[4057],"class_list":["post-127179","page","type-page","status-publish","has-post-thumbnail","hentry","category-public-policy"],"acf":[],"uagb_featured_image_src":{"full":["https:\/\/www.internetsociety.org\/wp-content\/uploads\/2020\/07\/DSC_7949.jpg",1400,933,false],"thumbnail":["https:\/\/www.internetsociety.org\/wp-content\/uploads\/2020\/07\/DSC_7949-150x150.jpg",150,150,true],"medium":["https:\/\/www.internetsociety.org\/wp-content\/uploads\/2020\/07\/DSC_7949-450x300.jpg",450,300,true],"medium_large":["https:\/\/www.internetsociety.org\/wp-content\/uploads\/2020\/07\/DSC_7949-768x512.jpg",768,512,true],"large":["https:\/\/www.internetsociety.org\/wp-content\/uploads\/2020\/07\/DSC_7949-1024x682.jpg",1024,682,true],"1536x1536":["https:\/\/www.internetsociety.org\/wp-content\/uploads\/2020\/07\/DSC_7949.jpg",1400,933,false],"2048x2048":["https:\/\/www.internetsociety.org\/wp-content\/uploads\/2020\/07\/DSC_7949.jpg",1400,933,false],"post-thumbnail":["https:\/\/www.internetsociety.org\/wp-content\/uploads\/2020\/07\/DSC_7949-250x167.jpg",250,167,true],"square":["https:\/\/www.internetsociety.org\/wp-content\/uploads\/2020\/07\/DSC_7949-600x600.jpg",600,600,true],"gform-image-choice-sm":["https:\/\/www.internetsociety.org\/wp-content\/uploads\/2020\/07\/DSC_7949.jpg",300,200,false],"gform-image-choice-md":["https:\/\/www.internetsociety.org\/wp-content\/uploads\/2020\/07\/DSC_7949.jpg",400,267,false],"gform-image-choice-lg":["https:\/\/www.internetsociety.org\/wp-content\/uploads\/2020\/07\/DSC_7949.jpg",600,400,false]},"uagb_author_info":{"display_name":"Ivana Trbovic","author_link":"https:\/\/www.internetsociety.org\/es\/author\/trbovic\/"},"uagb_comment_info":0,"uagb_excerpt":"Recomendaciones de pol\u00edticas durante la pandemia de COVID-19 Durante los \u00faltimos meses, el coronavirus ha demostrado al mundo lo importante que es Internet durante una crisis. Internet ha permitido que millones de personas contin\u00faen trabajando y estudiando mientras siguen las \u00f3rdenes de quedarse en casa. Ha brindado acceso a informaci\u00f3n de salud fundamental y ha&hellip;","_links":{"self":[{"href":"https:\/\/www.internetsociety.org\/es\/wp-json\/wp\/v2\/pages\/127179","targetHints":{"allow":["GET"]}}],"collection":[{"href":"https:\/\/www.internetsociety.org\/es\/wp-json\/wp\/v2\/pages"}],"about":[{"href":"https:\/\/www.internetsociety.org\/es\/wp-json\/wp\/v2\/types\/page"}],"author":[{"embeddable":true,"href":"https:\/\/www.internetsociety.org\/es\/wp-json\/wp\/v2\/users\/46"}],"replies":[{"embeddable":true,"href":"https:\/\/www.internetsociety.org\/es\/wp-json\/wp\/v2\/comments?post=127179"}],"version-history":[{"count":0,"href":"https:\/\/www.internetsociety.org\/es\/wp-json\/wp\/v2\/pages\/127179\/revisions"}],"wp:featuredmedia":[{"embeddable":true,"href":"https:\/\/www.internetsociety.org\/es\/wp-json\/wp\/v2\/media\/118397"}],"wp:attachment":[{"href":"https:\/\/www.internetsociety.org\/es\/wp-json\/wp\/v2\/media?parent=127179"}],"wp:term":[{"taxonomy":"category","embeddable":true,"href":"https:\/\/www.internetsociety.org\/es\/wp-json\/wp\/v2\/categories?post=127179"},{"taxonomy":"post_tag","embeddable":true,"href":"https:\/\/www.internetsociety.org\/es\/wp-json\/wp\/v2\/tags?post=127179"},{"taxonomy":"region_news_regions","embeddable":true,"href":"https:\/\/www.internetsociety.org\/es\/wp-json\/wp\/v2\/region_news_regions?post=127179"},{"taxonomy":"content_category","embeddable":true,"href":"https:\/\/www.internetsociety.org\/es\/wp-json\/wp\/v2\/content_category?post=127179"},{"taxonomy":"author","embeddable":true,"href":"https:\/\/www.internetsociety.org\/es\/wp-json\/wp\/v2\/ppma_author?post=127179"}],"curies":[{"name":"wp","href":"https:\/\/api.w.org\/{rel}","templated":true}]}}