{"id":113495,"date":"2017-05-30T14:17:50","date_gmt":"2017-05-30T14:17:50","guid":{"rendered":"https:\/\/www.internetsociety.org\/mission\/"},"modified":"2025-10-31T13:02:09","modified_gmt":"2025-10-31T13:02:09","slug":"mission","status":"publish","type":"page","link":"https:\/\/www.internetsociety.org\/es\/mission\/","title":{"rendered":"Nuestra Misi\u00f3n"},"content":{"rendered":"\n<section class=\"wp-block-uagb-columns uagb-columns__wrap uagb-columns__background-image uagb-columns__stack-mobile uagb-columns__valign- uagb-columns__gap-10 align uagb-block-d6a40f3e uagb-columns__columns-1 uagb-columns__max_width-custom\"><div class=\"uagb-columns__overlay\"><\/div><div class=\"uagb-columns__inner-wrap uagb-columns__columns-1\">\n<div class=\"wp-block-uagb-column uagb-column__wrap uagb-column__background-undefined uagb-block-87a6a79b\"><div class=\"uagb-column__overlay\"><\/div>\n<h1 class=\"wp-block-heading\">Nuestra Misi\u00f3n<\/h1>\n<\/div>\n<\/div><\/section>\n\n\n\n<section class=\"wp-block-uagb-columns uagb-columns__wrap uagb-columns__background-color uagb-columns__stack-tablet uagb-columns__valign- uagb-columns__gap-10 align uagb-block-29daa086 uagb-columns__columns-1 uagb-columns__max_width-custom\"><div class=\"uagb-columns__overlay\"><\/div><div class=\"uagb-columns__inner-wrap uagb-columns__columns-1\">\n<div class=\"wp-block-uagb-column uagb-column__wrap uagb-column__background-undefined uagb-block-48634806\"><div class=\"uagb-column__overlay\"><\/div>\n<h2 class=\"wp-block-heading has-text-align-left has-accent-purple-color has-text-color has-32-font-size\"><strong>Nuestra visi\u00f3n: Internet es para todas las personas.<\/strong><\/h2>\n\n\n\n<div style=\"height:40px\" aria-hidden=\"true\" class=\"wp-block-spacer\"><\/div>\n\n\n\n<h3 class=\"wp-block-heading has-green-color has-text-color has-32-font-size\">Nuestra Misi\u00f3n<\/h3>\n\n\n\n<div style=\"height:30px\" aria-hidden=\"true\" class=\"wp-block-spacer\"><\/div>\n\n\n\n<p class=\"has-18-font-size\">Internet Society apoya y promueve el desarrollo de Internet como una infraestructura t\u00e9cnica global, un recurso para enriquecer la vida de las personas y una fuerza para el bien en la sociedad.<\/p>\n\n\n\n<p class=\"has-18-font-size\">Nuestro trabajo se alinea con nuestros objetivos para que Internet sea abierta, globalmente&nbsp;conectada, segura&nbsp;y confiable. Buscamos colaboraci\u00f3n con todas las&nbsp;personas&nbsp;que comparten estos objetivos.<\/p>\n\n\n\n<p class=\"has-18-font-size\">En conjunto, nos centramos en:<\/p>\n\n\n\n<ul class=\"wp-block-list has-18-font-size\">\n<li>Construir y apoyar a las comunidades que hacen que Internet funcione<\/li>\n\n\n\n<li>Avanzar en el desarrollo y la aplicaci\u00f3n de infraestructura, tecnolog\u00edas y est\u00e1ndares abiertos&nbsp;de Internet<\/li>\n\n\n\n<li>Abogar por una pol\u00edtica que sea consistente con nuestra visi\u00f3n de Internet.<\/li>\n<\/ul>\n\n\n\n<div style=\"height:30px\" aria-hidden=\"true\" class=\"wp-block-spacer\"><\/div>\n\n\n\n<h4 class=\"wp-block-heading has-green-color has-text-color\">Actividades Destacadas<\/h4>\n\n\n\n<div style=\"height:30px\" aria-hidden=\"true\" class=\"wp-block-spacer\"><\/div>\n\n\n\n<p class=\"has-18-font-size\">Para ayudar a lograr nuestra misi\u00f3n, Internet Society:<\/p>\n\n\n\n<ul class=\"wp-block-list has-18-font-size\">\n<li>Facilita el desarrollo abierto de est\u00e1ndares, protocolos, administraci\u00f3n e infraestructura t\u00e9cnica de Internet.<\/li>\n\n\n\n<li>Apoya la educaci\u00f3n en los pa\u00edses en desarrollo espec\u00edficamente, y donde exista la necesidad.<\/li>\n\n\n\n<li>Promueve el desarrollo profesional y construye una comunidad para fomentar la participaci\u00f3n y el liderazgo en \u00e1reas importantes para la evoluci\u00f3n de Internet.<\/li>\n\n\n\n<li>Proporciona informaci\u00f3n confiable sobre Internet.<\/li>\n\n\n\n<li>Proporciona foros para la discusi\u00f3n de temas que afectan la evoluci\u00f3n, el desarrollo y el uso de Internet en contextos t\u00e9cnicos, comerciales, sociales y de otro tipo.<\/li>\n\n\n\n<li>Fomenta un entorno para la cooperaci\u00f3n internacional, la comunidad y una cultura que permite que funcione la autogobernanza.<\/li>\n\n\n\n<li>Sirve como punto focal para los esfuerzos de cooperaci\u00f3n para promover Internet como una herramienta positiva para beneficiar a todas las personas en todo el mundo.<\/li>\n\n\n\n<li>Proporciona gesti\u00f3n y coordinaci\u00f3n para iniciativas estrat\u00e9gicas y esfuerzos de divulgaci\u00f3n en contextos humanitarios, educativos, sociales y de otro tipo.<\/li>\n<\/ul>\n<\/div>\n<\/div><\/section>\n\n\n\n<section class=\"wp-block-uagb-columns uagb-columns__wrap uagb-columns__background-color uagb-columns__stack-tablet uagb-columns__valign-top uagb-columns__gap-10 align uagb-block-28598c2e uagb-columns__columns-2 uagb-columns__max_width-custom\"><div class=\"uagb-columns__overlay\"><\/div><div class=\"uagb-columns__inner-wrap uagb-columns__columns-2\">\n<div class=\"wp-block-uagb-column uagb-column__wrap uagb-column__background-color uagb-block-0876264a\"><div class=\"uagb-column__overlay\"><\/div>\n<h5 class=\"wp-block-heading has-depth-teal-color has-text-color\">Ayuda a que Internet siga siendo para todos. Dona a nuestra causa.<\/h5>\n<\/div>\n\n\n\n<div class=\"wp-block-uagb-column uagb-column__wrap uagb-column__background-color uagb-block-e26e6e61\"><div class=\"uagb-column__overlay\"><\/div>\n<div class=\"wp-block-buttons is-horizontal is-content-justification-center is-layout-flex wp-container-core-buttons-is-layout-499968f5 wp-block-buttons-is-layout-flex\">\n<div class=\"wp-block-button animated fadeIn is-style-outline is-style-outline--1\"><a class=\"wp-block-button__link has-depth-teal-color has-text-color wp-element-button\" href=\"https:\/\/internetsociety.org\/es\/donate\/\"><strong>\u2665 Donar<\/strong><\/a><\/div>\n<\/div>\n<\/div>\n<\/div><\/section>\n\n\n\n<p><\/p>\n","protected":false},"excerpt":{"rendered":"<p>Nuestra Misi\u00f3n Nuestra visi\u00f3n: Internet es para todas las personas. Nuestra Misi\u00f3n Internet Society apoya y promueve el desarrollo de Internet como una infraestructura t\u00e9cnica global, un recurso para enriquecer la vida de las personas y una fuerza para el bien en la sociedad. Nuestro trabajo se alinea con nuestros objetivos para que Internet sea [&hellip;]<\/p>\n","protected":false},"author":11,"featured_media":106716,"parent":0,"menu_order":0,"comment_status":"closed","ping_status":"closed","template":"page-wide.php","meta":{"_acf_changed":false,"_uag_custom_page_level_css":"","footnotes":""},"categories":[119],"tags":[],"region_news_regions":[],"content_category":[],"ppma_author":[4374],"class_list":["post-113495","page","type-page","status-publish","has-post-thumbnail","hentry","category-quienes-somos"],"acf":[],"uagb_featured_image_src":{"full":["https:\/\/www.internetsociety.org\/wp-content\/uploads\/2019\/10\/isoc-purple.jpg",1400,637,false],"thumbnail":["https:\/\/www.internetsociety.org\/wp-content\/uploads\/2019\/10\/isoc-purple-150x150.jpg",150,150,true],"medium":["https:\/\/www.internetsociety.org\/wp-content\/uploads\/2019\/10\/isoc-purple-450x205.jpg",450,205,true],"medium_large":["https:\/\/www.internetsociety.org\/wp-content\/uploads\/2019\/10\/isoc-purple-768x349.jpg",768,349,true],"large":["https:\/\/www.internetsociety.org\/wp-content\/uploads\/2019\/10\/isoc-purple-1024x466.jpg",1024,466,true],"1536x1536":["https:\/\/www.internetsociety.org\/wp-content\/uploads\/2019\/10\/isoc-purple.jpg",1400,637,false],"2048x2048":["https:\/\/www.internetsociety.org\/wp-content\/uploads\/2019\/10\/isoc-purple.jpg",1400,637,false],"post-thumbnail":["https:\/\/www.internetsociety.org\/wp-content\/uploads\/2019\/10\/isoc-purple-250x114.jpg",250,114,true],"square":["https:\/\/www.internetsociety.org\/wp-content\/uploads\/2019\/10\/isoc-purple-600x600.jpg",600,600,true],"gform-image-choice-sm":["https:\/\/www.internetsociety.org\/wp-content\/uploads\/2019\/10\/isoc-purple.jpg",300,137,false],"gform-image-choice-md":["https:\/\/www.internetsociety.org\/wp-content\/uploads\/2019\/10\/isoc-purple.jpg",400,182,false],"gform-image-choice-lg":["https:\/\/www.internetsociety.org\/wp-content\/uploads\/2019\/10\/isoc-purple.jpg",600,273,false]},"uagb_author_info":{"display_name":"Internet Society","author_link":"https:\/\/www.internetsociety.org\/es\/author\/isoc\/"},"uagb_comment_info":0,"uagb_excerpt":"Nuestra Misi\u00f3n Nuestra visi\u00f3n: Internet es para todas las personas. Nuestra Misi\u00f3n Internet Society apoya y promueve el desarrollo de Internet como una infraestructura t\u00e9cnica global, un recurso para enriquecer la vida de las personas y una fuerza para el bien en la sociedad. Nuestro trabajo se alinea con nuestros objetivos para que Internet sea&hellip;","_links":{"self":[{"href":"https:\/\/www.internetsociety.org\/es\/wp-json\/wp\/v2\/pages\/113495","targetHints":{"allow":["GET"]}}],"collection":[{"href":"https:\/\/www.internetsociety.org\/es\/wp-json\/wp\/v2\/pages"}],"about":[{"href":"https:\/\/www.internetsociety.org\/es\/wp-json\/wp\/v2\/types\/page"}],"author":[{"embeddable":true,"href":"https:\/\/www.internetsociety.org\/es\/wp-json\/wp\/v2\/users\/11"}],"replies":[{"embeddable":true,"href":"https:\/\/www.internetsociety.org\/es\/wp-json\/wp\/v2\/comments?post=113495"}],"version-history":[{"count":0,"href":"https:\/\/www.internetsociety.org\/es\/wp-json\/wp\/v2\/pages\/113495\/revisions"}],"wp:featuredmedia":[{"embeddable":true,"href":"https:\/\/www.internetsociety.org\/es\/wp-json\/wp\/v2\/media\/106716"}],"wp:attachment":[{"href":"https:\/\/www.internetsociety.org\/es\/wp-json\/wp\/v2\/media?parent=113495"}],"wp:term":[{"taxonomy":"category","embeddable":true,"href":"https:\/\/www.internetsociety.org\/es\/wp-json\/wp\/v2\/categories?post=113495"},{"taxonomy":"post_tag","embeddable":true,"href":"https:\/\/www.internetsociety.org\/es\/wp-json\/wp\/v2\/tags?post=113495"},{"taxonomy":"region_news_regions","embeddable":true,"href":"https:\/\/www.internetsociety.org\/es\/wp-json\/wp\/v2\/region_news_regions?post=113495"},{"taxonomy":"content_category","embeddable":true,"href":"https:\/\/www.internetsociety.org\/es\/wp-json\/wp\/v2\/content_category?post=113495"},{"taxonomy":"author","embeddable":true,"href":"https:\/\/www.internetsociety.org\/es\/wp-json\/wp\/v2\/ppma_author?post=113495"}],"curies":[{"name":"wp","href":"https:\/\/api.w.org\/{rel}","templated":true}]}}