{"id":105484,"date":"2020-07-10T15:50:23","date_gmt":"2020-07-10T15:50:23","guid":{"rendered":"https:\/\/www.internetsociety.org\/?page_id=105484"},"modified":"2025-04-07T10:16:43","modified_gmt":"2025-04-07T10:16:43","slug":"curso-beca-sobre-construyendo-redes-comunitarias-inalambricas","status":"publish","type":"page","link":"https:\/\/www.internetsociety.org\/es\/learning\/building-wireless-community-networks-course-scholarship\/","title":{"rendered":"Convocatoria para participar en los cursos sobre  redes comunitarias"},"content":{"rendered":"\n<section class=\"wp-block-uagb-columns uagb-columns__wrap uagb-columns__background-image uagb-columns__stack-mobile uagb-columns__valign- uagb-columns__gap-10 align uagb-block-0984ca62 uagb-columns__columns-1 uagb-columns__max_width-theme background-image-fallback-black\"><div class=\"uagb-columns__overlay\"><\/div><div class=\"uagb-columns__inner-wrap uagb-columns__columns-1\">\n<div class=\"wp-block-uagb-column uagb-column__wrap uagb-column__background-undefined uagb-block-d3bc82dd\"><div class=\"uagb-column__overlay\"><\/div>\n<div style=\"height:100px\" aria-hidden=\"true\" class=\"wp-block-spacer\"><\/div>\n\n\n\n<h1 class=\"wp-block-heading has-neutral-white-color has-text-color\">Convocatoria para obtener becas<\/h1>\n\n\n\n<div style=\"height:20px\" aria-hidden=\"true\" class=\"wp-block-spacer\"><\/div>\n\n\n\n<h2 class=\"wp-block-heading has-neutral-white-color has-text-color has-link-color has-48-font-size wp-elements-281f2a4fbcd7604b9f089998f1f25d06\">Para participar en los cursos: Construyendo Redes Inal\u00e1mbricas Comunitarias y Evaluaci\u00f3n de la Preparaci\u00f3n de las Redes Comunitarias<\/h2>\n\n\n\n<div style=\"height:100px\" aria-hidden=\"true\" class=\"wp-block-spacer\"><\/div>\n<\/div>\n<\/div><\/section>\n\n\n\n<div class=\"wp-block-columns is-layout-flex wp-container-core-columns-is-layout-9d6595d7 wp-block-columns-is-layout-flex\">\n<div class=\"wp-block-column is-layout-flow wp-block-column-is-layout-flow\" style=\"flex-basis:9%\"><\/div>\n\n\n\n<div class=\"wp-block-column is-layout-flow wp-block-column-is-layout-flow\" style=\"flex-basis:84%\">\n<div style=\"height:40px\" aria-hidden=\"true\" class=\"wp-block-spacer\"><\/div>\n\n\n<div class=\"wp-block-image\">\n<figure class=\"alignright is-resized\"><a href=\"http:\/\/www.citel.oas.org\/\"><img loading=\"lazy\" decoding=\"async\" width=\"450\" height=\"113\" src=\"https:\/\/www.internetsociety.org\/wp-content\/uploads\/2019\/09\/OEA-CITEL-grey-spanish-450x113.png\" alt=\"OEA CITEL\" class=\"wp-image-105496\" style=\"width:338px;height:85px\" srcset=\"https:\/\/www.internetsociety.org\/wp-content\/uploads\/2019\/09\/OEA-CITEL-grey-spanish-450x113.png 450w, https:\/\/www.internetsociety.org\/wp-content\/uploads\/2019\/09\/OEA-CITEL-grey-spanish-250x63.png 250w, https:\/\/www.internetsociety.org\/wp-content\/uploads\/2019\/09\/OEA-CITEL-grey-spanish.png 500w\" sizes=\"auto, (max-width: 450px) 100vw, 450px\" \/><\/a><\/figure>\n<\/div>\n\n<div class=\"wp-block-image\">\n<figure class=\"alignright is-resized\"><a href=\"https:\/\/www.internetsociety.org\/es\/\"><img loading=\"lazy\" decoding=\"async\" width=\"450\" height=\"150\" src=\"https:\/\/www.internetsociety.org\/wp-content\/uploads\/2019\/04\/isoc-dark-rgb_logo-1-450x150.png\" alt=\"Internet Society\" class=\"wp-image-100032\" style=\"width:225px;height:75px\" srcset=\"https:\/\/www.internetsociety.org\/wp-content\/uploads\/2019\/04\/isoc-dark-rgb_logo-1-450x150.png 450w, https:\/\/www.internetsociety.org\/wp-content\/uploads\/2019\/04\/isoc-dark-rgb_logo-1-250x83.png 250w, https:\/\/www.internetsociety.org\/wp-content\/uploads\/2019\/04\/isoc-dark-rgb_logo-1.png 618w\" sizes=\"auto, (max-width: 450px) 100vw, 450px\" \/><\/a><\/figure>\n<\/div>\n\n\n<p>El Grupo de Trabajo sobre la Creaci\u00f3n de Capacidad y Desarrollo de Recursos Humanos de la CITEL, en coordinaci\u00f3n con la Secretar\u00eda de la CITEL, tienen el principal objetivo de fortalecer los esfuerzos de la CITEL en materia de becas y capacitaciones en cursos de inter\u00e9s de los Estados Miembros de la CITEL\/OEA.<\/p>\n\n\n\n<p>En seguimiento al programa de cursos de la CITEL para el a\u00f1o 2025 (COM\/CITEL RES. 336 (XLII-24)) y gracias al generoso ofrecimiento de 400 becas de Internet Society (ISOC) respondiendo a su compromiso con la Alianza TIC 2030 Am\u00e9ricas, y en concordancia con el objetivo de \u201cPromover el desarrollo abierto, la evoluci\u00f3n y el uso de Internet para el beneficio de todas las personas en todo el mundo\u201d tienen el gusto de anunciar el lanzamiento de la beca para participar en los cursos \u201cEvaluaci\u00f3n de la Preparaci\u00f3n de Redes Comunitarias\u201d y \u201cConstruyendo Redes Inal\u00e1mbricas Comunitarias\u201d, que se realizar\u00e1n en l\u00ednea, el primero del 5 de mayo al 6 de junio de 2025, y el segundo del 23 de junio al 25 de julio de 2025.<\/p>\n\n\n\n<p class=\"has-text-align-left\"><strong>La plazo final para el registro es el 25 de abril (12:00 PM EST, Washington, DC).<\/strong><\/p>\n\n\n\n<div class=\"wp-block-buttons is-layout-flex wp-block-buttons-is-layout-flex\">\n<div class=\"wp-block-button\"><a class=\"wp-block-button__link has-neutral-white-color has-depth-green-background-color has-text-color has-background wp-element-button\" href=\"#form\"><strong>Aplica ahora<\/strong><\/a><\/div>\n<\/div>\n\n\n\n<div style=\"height:40px\" aria-hidden=\"true\" class=\"wp-block-spacer\"><\/div>\n\n\n\n<h2 class=\"wp-block-heading has-48-font-size\">Detalle de los cursos<\/h2>\n\n\n\n<div style=\"height:20px\" aria-hidden=\"true\" class=\"wp-block-spacer\"><\/div>\n\n\n\n<h3 class=\"wp-block-heading has-32-font-size\">Evaluaci\u00f3n de la preparaci\u00f3n de Redes Comunitarias (5 de mayo\u20136 de junio de 2025)<\/h3>\n\n\n\n<div style=\"height:20px\" aria-hidden=\"true\" class=\"wp-block-spacer\"><\/div>\n\n\n\n<p>Cubre los aspectos cr\u00edticos a considerar, sobre el despliegue y la sostenibilidad de una red comunitaria. El curso proporcionar\u00e1 m\u00e9todos para analizar y evaluar si una red comunitaria re\u00fane condiciones favorables para su despliegue y operaci\u00f3n exitosa. El curso tambi\u00e9n compartir\u00e1 algunos elementos pr\u00e1cticos relacionados con la operaci\u00f3n de servicios de telecomunicaciones asequibles y de calidad en un lugar determinado, as\u00ed como los aspectos regulatorios relacionados.<\/p>\n\n\n\n<div style=\"height:20px\" aria-hidden=\"true\" class=\"wp-block-spacer\"><\/div>\n\n\n\n<h4 class=\"wp-block-heading has-28-font-size\">Objetivos espec\u00edficos:<\/h4>\n\n\n\n<div style=\"height:20px\" aria-hidden=\"true\" class=\"wp-block-spacer\"><\/div>\n\n\n\n<ul class=\"wp-block-list\">\n<li>Comprender la funci\u00f3n y los servicios de una red comunitaria<\/li>\n\n\n\n<li>Comprender ampliamente la planificaci\u00f3n y despliegue de redes comunitarias<\/li>\n\n\n\n<li>Evaluar estructuras organizativas sostenibles y aliados estrat\u00e9gicos<\/li>\n\n\n\n<li>Evaluar la sostenibilidad financiera y otros componentes que deben tomarse en cuenta para garantizar el \u00e9xito en el despliegue y operaci\u00f3n de una red comunitaria.<\/li>\n<\/ul>\n\n\n\n<div style=\"height:40px\" aria-hidden=\"true\" class=\"wp-block-spacer\"><\/div>\n\n\n\n<h3 class=\"wp-block-heading has-32-font-size\">Construyendo Redes Inal\u00e1mbricas Comunitarias (23 de junio\u201325 de julio 2025)<\/h3>\n\n\n\n<div style=\"height:20px\" aria-hidden=\"true\" class=\"wp-block-spacer\"><\/div>\n\n\n\n<p>Consiste en capacitar a los miembros de la comunidad en tecnolog\u00eda inal\u00e1mbrica y equipos de Wi-Fi, que utilizan las bandas de espectro de 2,4 GHz y 5,8 GHz sin licencia para crear redes inal\u00e1mbricas de propiedad y operaci\u00f3n comunitaria, permiti\u00e9ndoles no solo ejecutar y administrar estas redes, sino tambi\u00e9n transferir conocimientos.<\/p>\n\n\n\n<div style=\"height:20px\" aria-hidden=\"true\" class=\"wp-block-spacer\"><\/div>\n\n\n\n<h4 class=\"wp-block-heading has-28-font-size\">Objetivos espec\u00edficos:<\/h4>\n\n\n\n<div style=\"height:20px\" aria-hidden=\"true\" class=\"wp-block-spacer\"><\/div>\n\n\n\n<ul class=\"wp-block-list\">\n<li>Adquirir conocimientos t\u00e9cnicos y conceptos b\u00e1sicos de la creaci\u00f3n de redes comunitarias inal\u00e1mbricas.<\/li>\n\n\n\n<li>Conocer experiencias para que el alumno tenga referencias de como dise\u00f1ar con eficiencia redes comunitarias inal\u00e1mbricas.<\/li>\n\n\n\n<li>Adquirir conocimientos necesarios para dise\u00f1ar un plan de implementaci\u00f3n de redes comunitarias inal\u00e1mbricas.<\/li>\n\n\n\n<li>Transferir conocimientos sobre redes comunitarias inal\u00e1mbricas a otros en la comunidad.<\/li>\n<\/ul>\n\n\n\n<div style=\"height:20px\" aria-hidden=\"true\" class=\"wp-block-spacer\"><\/div>\n\n\n\n<div class=\"wp-block-cover is-light\" style=\"min-height:200px;aspect-ratio:unset;\"><span aria-hidden=\"true\" class=\"wp-block-cover__background has-neutral-white-background-color has-background-dim-100 has-background-dim\"><\/span><div class=\"wp-block-cover__inner-container is-layout-constrained wp-block-cover-is-layout-constrained\">\n<p class=\"has-ground-navy-color has-text-color\">El primer curso va a ser llevado a cabo a distancia (online) del 5 de mayo al 6 de junio de 2025 (5 semanas). Se impartir\u00e1 en espa\u00f1ol e ingl\u00e9s y tendr\u00e1 una carga de 8 horas semanales. El segundo curso tendr\u00e1 el mismo enfoque, comenzando el 23 de junio y finalizando el 25 de julio (5 semanas). <\/p>\n\n\n\n<p class=\"has-ground-navy-color has-text-color\">Se ofrecen un total 400 becas totales (350 becas para participantes de habla espa\u00f1ola y 50 becas para participantes de habla inglesa) que se registren \u201cpor orden de llegada\u201d.<\/p>\n<\/div><\/div>\n\n\n\n<div style=\"height:30px\" aria-hidden=\"true\" class=\"wp-block-spacer\"><\/div>\n\n\n\n<h3 class=\"wp-block-heading\">Perfil del participante:<\/h3>\n\n\n\n<div style=\"height:20px\" aria-hidden=\"true\" class=\"wp-block-spacer\"><\/div>\n\n\n\n<p>Son bienvenidos los siguientes postulantes:<\/p>\n\n\n\n<ul class=\"wp-block-list\">\n<li>Ciudadanos\/residentes permanentes de los Estados miembros de la OEA<\/li>\n\n\n\n<li>Miembros asociados de CITEL<\/li>\n\n\n\n<li>Ministerios y secretarias de telecomunicaciones y\/o TIC de los estados miembros de la OEA<\/li>\n\n\n\n<li>Entes reguladores del sector de telecomunicaciones\/TIC de los estados miembros de la OEA<\/li>\n\n\n\n<li>Profesionales y t\u00e9cnicos en telecomunicaciones\/ TIC<\/li>\n\n\n\n<li>Sociedad civil y comunidades interesadas.<\/li>\n<\/ul>\n\n\n\n<div style=\"height:20px\" aria-hidden=\"true\" class=\"wp-block-spacer\"><\/div>\n\n\n\n<h3 class=\"wp-block-heading\">Postulaci\u00f3n y proceso de selecci\u00f3n<\/h3>\n\n\n\n<div style=\"height:20px\" aria-hidden=\"true\" class=\"wp-block-spacer\"><\/div>\n\n\n\n<h4 class=\"wp-block-heading\">Elegibilidad<\/h4>\n\n\n\n<div style=\"height:20px\" aria-hidden=\"true\" class=\"wp-block-spacer\"><\/div>\n\n\n\n<ul class=\"wp-block-list\">\n<li>Ser ciudadano o residente permanente de cualquiera de los Estados Miembros de la OEA.<\/li>\n\n\n\n<li>No haber sido beneficiario de una beca de CITEL dentro de los \u00faltimos seis meses<\/li>\n<\/ul>\n\n\n\n<div style=\"height:20px\" aria-hidden=\"true\" class=\"wp-block-spacer\"><\/div>\n\n\n\n<h4 class=\"wp-block-heading\">Detalles de la postulaci\u00f3n<\/h4>\n\n\n\n<div style=\"height:20px\" aria-hidden=\"true\" class=\"wp-block-spacer\"><\/div>\n\n\n\n<ul class=\"wp-block-list\">\n<li><strong>Plazo m\u00e1ximo de postulaci\u00f3n: 25 de abril de 2025<\/strong><\/li>\n\n\n\n<li>La selecci\u00f3n de participantes para el curso\/beca se realizar\u00e1 por el criterio de orden de llegada \u201cpor orden de llegada\u201d \/ \u201cfirst come first serve\u201d.<\/li>\n\n\n\n<li>Se publicar\u00e1 la lista de los seleccionados(as), el 28 de abril de 2025 a las 12:00 pm (EST, Washington, DC) en la p\u00e1gina web de la CITEL.<\/li>\n\n\n\n<li>Los\/Las beneficiarios(as) deber\u00e1n aceptar oficialmente la beca llenando y firmado el Formulario de Aceptaci\u00f3n de Beca que la CITEL\/ISOC le har\u00e1 llegar en l\u00ednea. Si por alguna raz\u00f3n, no se recibe confirmaci\u00f3n antes del comienzo del curso o el seleccionado indica tener alg\u00fan inconveniente de seguir este curso, la beca se entregar\u00e1 a la siguiente persona en la lista de registrados.<\/li>\n\n\n\n<li>El(la) participante deber\u00e1 completar un cuestionario de satisfacci\u00f3n de curso que ser\u00e1 suministrado al final del programa.<\/li>\n<\/ul>\n\n\n\n<div style=\"height:20px\" aria-hidden=\"true\" class=\"wp-block-spacer\"><\/div>\n\n\n\n<p>Para m\u00e1s informaci\u00f3n sobre este curso, p\u00f3ngase en contacto con Roberto Zambrana (<a href=\"mailto:zambrana@isocfoundation.org\">zambrana@isocfoundation.org<\/a>) y Mar\u00eda Celeste Fuenmayor (<a href=\"mailto:mfuenmayor@oas.org\">mfuenmayor@oas.org<\/a>).<\/p>\n\n\n\n<div style=\"height:20px\" aria-hidden=\"true\" class=\"wp-block-spacer\"><\/div>\n<\/div>\n\n\n\n<div class=\"wp-block-column is-layout-flow wp-block-column-is-layout-flow\" style=\"flex-basis:9%\"><\/div>\n<\/div>\n\n\n\n<div class=\"wp-block-columns has-neutral-white-background-color has-background is-layout-flex wp-container-core-columns-is-layout-9d6595d7 wp-block-columns-is-layout-flex\" id=\"form\">\n<div class=\"wp-block-column is-layout-flow wp-block-column-is-layout-flow\" style=\"flex-basis:10%\"><\/div>\n\n\n\n<div class=\"wp-block-column is-layout-flow wp-block-column-is-layout-flow\" style=\"flex-basis:80%\">\n<div style=\"height:40px\" aria-hidden=\"true\" class=\"wp-block-spacer\"><\/div>\n\n\n\n\n\n<p class=\"has-12-font-size\"><em>Nota: La Secretar\u00eda General de la Organizaci\u00f3n de los Estados Americanos (SG\/OEA) se reserva el derecho a cancelar este anuncio de beca en cualquier momento del proceso. La OEA, SG\/OEA, CITEL e Internet Society y su personal no ser\u00e1n responsables por ninguna acci\u00f3n que devenga de la informaci\u00f3n en este anuncio.<\/em><\/p>\n\n\n\n<div style=\"height:40px\" aria-hidden=\"true\" class=\"wp-block-spacer\"><\/div>\n<\/div>\n\n\n\n<div class=\"wp-block-column is-layout-flow wp-block-column-is-layout-flow\" style=\"flex-basis:10%\"><\/div>\n<\/div>\n","protected":false},"excerpt":{"rendered":"<p>Solicita la beca para el curso Construyendo Redes Comunitarias Inal\u00e1mbricas, que se realizar\u00e1 en l\u00ednea del 8 de abril al 19 de mayo de 2024.<\/p>\n","protected":false},"author":46,"featured_media":0,"parent":219129,"menu_order":0,"comment_status":"closed","ping_status":"closed","template":"page-wide.php","meta":{"_acf_changed":false,"_uag_custom_page_level_css":"","footnotes":""},"categories":[],"tags":[],"region_news_regions":[],"content_category":[],"ppma_author":[4057],"class_list":["post-105484","page","type-page","status-publish","hentry"],"acf":[],"uagb_featured_image_src":{"full":false,"thumbnail":false,"medium":false,"medium_large":false,"large":false,"1536x1536":false,"2048x2048":false,"post-thumbnail":false,"square":false,"gform-image-choice-sm":false,"gform-image-choice-md":false,"gform-image-choice-lg":false},"uagb_author_info":{"display_name":"Ivana Trbovic","author_link":"https:\/\/www.internetsociety.org\/es\/author\/trbovic\/"},"uagb_comment_info":0,"uagb_excerpt":"Solicita la beca para el curso Construyendo Redes Comunitarias Inal\u00e1mbricas, que se realizar\u00e1 en l\u00ednea del 8 de abril al 19 de mayo de 2024.","_links":{"self":[{"href":"https:\/\/www.internetsociety.org\/es\/wp-json\/wp\/v2\/pages\/105484","targetHints":{"allow":["GET"]}}],"collection":[{"href":"https:\/\/www.internetsociety.org\/es\/wp-json\/wp\/v2\/pages"}],"about":[{"href":"https:\/\/www.internetsociety.org\/es\/wp-json\/wp\/v2\/types\/page"}],"author":[{"embeddable":true,"href":"https:\/\/www.internetsociety.org\/es\/wp-json\/wp\/v2\/users\/46"}],"replies":[{"embeddable":true,"href":"https:\/\/www.internetsociety.org\/es\/wp-json\/wp\/v2\/comments?post=105484"}],"version-history":[{"count":0,"href":"https:\/\/www.internetsociety.org\/es\/wp-json\/wp\/v2\/pages\/105484\/revisions"}],"up":[{"embeddable":true,"href":"https:\/\/www.internetsociety.org\/es\/wp-json\/wp\/v2\/pages\/219129"}],"wp:attachment":[{"href":"https:\/\/www.internetsociety.org\/es\/wp-json\/wp\/v2\/media?parent=105484"}],"wp:term":[{"taxonomy":"category","embeddable":true,"href":"https:\/\/www.internetsociety.org\/es\/wp-json\/wp\/v2\/categories?post=105484"},{"taxonomy":"post_tag","embeddable":true,"href":"https:\/\/www.internetsociety.org\/es\/wp-json\/wp\/v2\/tags?post=105484"},{"taxonomy":"region_news_regions","embeddable":true,"href":"https:\/\/www.internetsociety.org\/es\/wp-json\/wp\/v2\/region_news_regions?post=105484"},{"taxonomy":"content_category","embeddable":true,"href":"https:\/\/www.internetsociety.org\/es\/wp-json\/wp\/v2\/content_category?post=105484"},{"taxonomy":"author","embeddable":true,"href":"https:\/\/www.internetsociety.org\/es\/wp-json\/wp\/v2\/ppma_author?post=105484"}],"curies":[{"name":"wp","href":"https:\/\/api.w.org\/{rel}","templated":true}]}}