{"id":101963,"date":"2019-06-13T10:39:17","date_gmt":"2019-06-13T10:39:17","guid":{"rendered":"https:\/\/www.internetsociety.org\/become-a-member\/code-of-conduct\/"},"modified":"2024-08-14T17:51:14","modified_gmt":"2024-08-14T17:51:14","slug":"code-of-conduct","status":"publish","type":"page","link":"https:\/\/www.internetsociety.org\/es\/become-a-member\/code-of-conduct\/","title":{"rendered":"C\u00f3digo de conducta para miembros individuales de la Internet Society"},"content":{"rendered":"\n<section class=\"wp-block-uagb-columns uagb-columns__wrap uagb-columns__background-image uagb-columns__stack-mobile uagb-columns__valign- uagb-columns__gap-10 align uagb-block-d6a40f3e uagb-columns__columns-1 uagb-columns__max_width-theme background-image-fallback-black\"><div class=\"uagb-columns__overlay\"><\/div><div class=\"uagb-columns__inner-wrap uagb-columns__columns-1\">\n<div class=\"wp-block-uagb-column uagb-column__wrap uagb-column__background-undefined uagb-block-87a6a79b\"><div class=\"uagb-column__overlay\"><\/div>\n<h1 class=\"wp-block-heading has-neutral-white-color has-text-color\">C\u00f3digo de conducta para miembros individuales de la Internet Society<\/h1>\n\n\n\n<div style=\"height:40px\" aria-hidden=\"true\" class=\"wp-block-spacer\"><\/div>\n\n\n\n<h2 class=\"wp-block-heading has-neutral-white-color has-text-color has-link-color wp-elements-12b8a96a7eb2d8d2c1864893a03233e5\">Participaci\u00f3n, protocolo y normas comunitarias<\/h2>\n\n\n\n<div style=\"height:40px\" aria-hidden=\"true\" class=\"wp-block-spacer\"><\/div>\n\n\n\n<p class=\"has-neutral-white-color has-text-color has-link-color wp-elements-ceae0a1004a93e9cfb68b3e370571be0\">Versi\u00f3n de 2019<\/p>\n<\/div>\n<\/div><\/section>\n\n\n\n<div class=\"wp-block-columns is-layout-flex wp-container-core-columns-is-layout-9d6595d7 wp-block-columns-is-layout-flex\">\n<div class=\"wp-block-column is-layout-flow wp-block-column-is-layout-flow\" style=\"flex-basis:10%\"><\/div>\n\n\n\n<div class=\"wp-block-column is-layout-flow wp-block-column-is-layout-flow\" style=\"flex-basis:80%\">\n<div style=\"height:40px\" aria-hidden=\"true\" class=\"wp-block-spacer uag-hide-mob\"><\/div>\n\n\n\n<h3 class=\"wp-block-heading has-accent-purple-color has-text-color has-link-color wp-elements-fa0bf979cb302f971205e42ea40126d5\">\u00a1Gracias por formar parte de la comunidad de la Internet Society!<\/h3>\n\n\n\n<div style=\"height:20px\" aria-hidden=\"true\" class=\"wp-block-spacer\"><\/div>\n\n\n\n<p class=\"has-18-font-size\"><a href=\"https:\/\/www.internetsociety.org\/es\/mission\/\">Nuestra misi\u00f3n<\/a> es crear una Internet abierta, segura, fiable y conectada a nivel mundial para todos.<\/p>\n\n\n\n<p class=\"has-18-font-size\">Para que nuestra comunidad mundial pueda colaborar, participar e intercambiar informaci\u00f3n, hemos configurado listas de debate y comunidades en l\u00ednea. Estos foros en l\u00ednea son un lugar para compartir informaci\u00f3n e ideas pertinentes a esta misi\u00f3n. Si bien alentamos un debate din\u00e1mico de ideas y opiniones, le pedimos que lea y respete el siguiente c\u00f3digo de conducta.<\/p>\n\n\n\n<p class=\"has-18-font-size\">Si tiene preguntas, p\u00f3ngase en contacto con el Equipo de membres\u00eda global (<a href=\"mailto:globalmembership@isoc.org\">globalmembership@isoc.org<\/a>). Nuestra prioridad es el di\u00e1logo civilizado. Nos reservamos el derecho de suspender la membres\u00eda de cualquier persona que infrinja este c\u00f3digo de conducta.<\/p>\n\n\n\n<div style=\"height:20px\" aria-hidden=\"true\" class=\"wp-block-spacer\"><\/div>\n\n\n\n<h4 class=\"wp-block-heading\">Participaci\u00f3n y normas comunitarias de la\u00a0Internet Society<\/h4>\n\n\n\n<div style=\"height:20px\" aria-hidden=\"true\" class=\"wp-block-spacer\"><\/div>\n\n\n\n<ul class=\"has-18-font-size wp-block-list\">\n<li>Trate a todos los usuarios y colegas de manera imparcial y equitativa. Estimule la conversaci\u00f3n, respete los puntos de vista de los dem\u00e1s y abst\u00e9ngase de los ataques personales.<\/li>\n\n\n\n<li>Respete los derechos de propiedad intelectual leg\u00edtimos, abst\u00e9ngase de plagiar obras y reconozca el m\u00e9rito de quienes conciben las ideas.<\/li>\n\n\n\n<li>No comparta las publicaciones de otros sin su permiso.<\/li>\n<\/ul>\n\n\n\n<div style=\"height:20px\" aria-hidden=\"true\" class=\"wp-block-spacer\"><\/div>\n\n\n\n<h4 class=\"wp-block-heading\">Protocolo de los debates grupales<\/h4>\n\n\n\n<div style=\"height:20px\" aria-hidden=\"true\" class=\"wp-block-spacer\"><\/div>\n\n\n\n<ul class=\"has-18-font-size wp-block-list\">\n<li>Queda estrictamente prohibido todo material difamatorio, abusivo, blasfemo, amenazante, ofensivo o il\u00edcito.<\/li>\n\n\n\n<li>No se tolerar\u00e1n mensajes ni lenguaje de car\u00e1cter discriminatorio, hostil o intimidante\u00a0ya sea por raza, origen \u00e9tnico, cultura, origen nacional, clase social o econ\u00f3mica, nivel de educaci\u00f3n, sexo, orientaci\u00f3n sexual, identidad y expresi\u00f3n de g\u00e9nero, edad, tama\u00f1o, situaci\u00f3n familiar, creencia pol\u00edtica, religi\u00f3n o capacidad f\u00edsica o mental.<\/li>\n\n\n\n<li>La Internet Society\u00a0aspira a crear y mantener una comunidad en donde personas de varias procedencias y culturas distintas reciban un trato respetuoso.<\/li>\n\n\n\n<li>Sea considerado y respetuoso respecto de los antecedentes ling\u00fc\u00edsticos: si bien el idioma de debate en los foros de discusi\u00f3n es principalmente el ingl\u00e9s (salvo que se especifique otra cosa), recuerde que no todos hablan\/escriben en ingl\u00e9s como lengua materna.<\/li>\n\n\n\n<li>Sea claro y conciso en las l\u00edneas de asunto para que los miembros puedan responder de forma adecuada y buscar en los archivos con facilidad.<\/li>\n\n\n\n<li>En las respuestas, incluya solo las partes relevantes del mensaje original.<\/li>\n\n\n\n<li>Env\u00ede un mensaje a toda la lista solo cuando sea beneficioso para todos. No env\u00ede respuestas de \u00abgracias\u00bb y \u00abyo tambi\u00e9n\u00bb a la lista completa.<\/li>\n\n\n\n<li>Evite los mensajes administrativos, tales como pedir que lo eliminen de la lista (utilice la interfaz web para cambiar sus ajustes personales).<\/li>\n\n\n\n<li>Cuando proceda, incluya el t\u00e9rmino \u00abMensaje largo\u00bb en la l\u00ednea de asunto o al comienzo del cuerpo del mensaje.<\/li>\n\n\n\n<li>No env\u00ede el mismo mensaje de forma masiva a varias listas o bibliotecas.<\/li>\n\n\n\n<li>No publique mensajes comerciales de manera generalizada.<\/li>\n\n\n\n<li>Sea cauto al debatir\u00a0sobre los productos. Todos los miembros pueden ver la informaci\u00f3n que se publica en las listas y en las bibliotecas. Los comentarios est\u00e1n sujetos a las leyes sobre difamaci\u00f3n, injurias y antimonopolio.<\/li>\n\n\n\n<li>Lea atentamente los puntos enumerados en la limitaci\u00f3n de responsabilidad y las normas legales que se encuentran a continuaci\u00f3n, en particular lo relativo a los derechos de autor de la informaci\u00f3n publicada.<\/li>\n<\/ul>\n\n\n\n<div style=\"height:20px\" aria-hidden=\"true\" class=\"wp-block-spacer\"><\/div>\n\n\n\n<h4 class=\"wp-block-heading\">Pol\u00edtica de privacidad<\/h4>\n\n\n\n<div style=\"height:20px\" aria-hidden=\"true\" class=\"wp-block-spacer\"><\/div>\n\n\n\n<p class=\"has-18-font-size\">La Internet Society\u00a0se compromete a respetar la privacidad de nuestros miembros y de quienes visiten nuestro sitio web. No vendemos, alquilamos ni compartimos informaci\u00f3n de identificaci\u00f3n personal compartida por nuestras visitas o la lista de correo de nuestros miembros. Para obtener m\u00e1s informaci\u00f3n,\u00a0<a href=\"https:\/\/www.internetsociety.org\/es\/privacy-policy\/\">consulte nuestra pol\u00edtica de privacidad completa<\/a>.<\/p>\n\n\n\n<div style=\"height:20px\" aria-hidden=\"true\" class=\"wp-block-spacer\"><\/div>\n\n\n\n<h4 class=\"wp-block-heading\">Normas legales<\/h4>\n\n\n\n<div style=\"height:20px\" aria-hidden=\"true\" class=\"wp-block-spacer\"><\/div>\n\n\n\n<p class=\"has-18-font-size\">No publique ninguna informaci\u00f3n ni ning\u00fan otro material protegido por derecho de autor sin permiso. Al publicar material, la parte que publica declara y garantiza ser titular del derecho de autor relativo a dicho material o contar con la autorizaci\u00f3n del titular del derecho de autor. Adem\u00e1s, la parte que publica le otorga a la Internet Society&nbsp;y a los usuarios de este sitio web el derecho no exclusivo y la licencia para exhibir, copiar, publicar, distribuir, transmitir, imprimir y utilizar dicha informaci\u00f3n u otro material.<\/p>\n\n\n\n<p class=\"has-18-font-size\">La Internet Society&nbsp;proporciona herramientas de comunicaci\u00f3n como un servicio para sus miembros.&nbsp;La Internet Society&nbsp;no se hace responsable de las opiniones ni de la informaci\u00f3n publicada en este sitio web o lista. La Internet Society&nbsp;monitorea pero no modera las publicaciones efectuadas en este sitio web o lista; pero si alguna publicaci\u00f3n inapropiada llega a conocimiento de la Internet Society, la Internet Society&nbsp;se reserva el derecho de tomar las medidas pertinentes, incluso, entre otros, dar por finalizado el acceso a todo usuario que no se atenga a estas pautas.<\/p>\n\n\n\n<div style=\"height:20px\" aria-hidden=\"true\" class=\"wp-block-spacer\"><\/div>\n\n\n\n<h4 class=\"wp-block-heading\">Limitaci\u00f3n de responsabilidad<\/h4>\n\n\n\n<div style=\"height:20px\" aria-hidden=\"true\" class=\"wp-block-spacer\"><\/div>\n\n\n\n<p class=\"has-18-font-size\">En la medida permitida por la ley, la Internet Society\u00a0(a) rechaza todas las declaraciones y garant\u00edas impl\u00edcitas (p. ej., garant\u00edas de comercializaci\u00f3n, adecuaci\u00f3n a un fin en particular, exactitud de datos y no violaci\u00f3n de derechos de terceros); (b) no garantiza que las herramientas de comunicaci\u00f3n funcionar\u00e1n sin interrupciones o errores, y (c) proporciona las herramientas de comunicaci\u00f3n (inclusive el contenido y la informaci\u00f3n) en las condiciones en que se encuentran y seg\u00fan disponibilidad. En la medida permitida por la ley (y a menos que la Internet Society\u00a0haya celebrado un acuerdo escrito por separado que anule este contrato), la Internet Society\u00a0no responde frente a usted ni frente a otros por da\u00f1os indirectos, incidentales, especiales, consecuentes o punitivos, ni por p\u00e9rdidas de datos, oportunidades, reputaci\u00f3n, ganancias o ingresos, relacionados con las herramientas de comunicaci\u00f3n (p. ej., declaraciones ofensivas o difamatorias; tiempo fuera de servicio o p\u00e9rdida, o usos o cambios a su informaci\u00f3n o contenido). Las obligaciones de la Internet Society\u00a0no exceder\u00e1n en ning\u00fan caso los USD\u00a01000 (para la suma agregada de todos los reclamos). Esta limitaci\u00f3n de responsabilidad es parte del fundamento del pacto entre usted y la Internet Society, y tendr\u00e1 aplicaci\u00f3n respecto de todos los reclamos de responsabilidad (p. ej., garant\u00eda, agravio, negligencia, responsabilidad contractual, derecho) incluso cuando se hubiere informado a la Internet Society\u00a0sobre la posibilidad de tales da\u00f1os, e incluso si dichos recursos fracasaran en su prop\u00f3sito fundamental.<\/p>\n\n\n\n<p class=\"has-neutral-white-background-color has-background has-18-font-size\"><strong>Inicia sesi\u00f3n en el <a href=\"https:\/\/community.internetsociety.org\/\">portal comunitario (AMS)<\/a> para actualizar tu perfil y la configuraci\u00f3n de tus preferencias.<\/strong><\/p>\n\n\n\n<div style=\"height:40px\" aria-hidden=\"true\" class=\"wp-block-spacer uag-hide-mob\"><\/div>\n<\/div>\n\n\n\n<div class=\"wp-block-column is-layout-flow wp-block-column-is-layout-flow\" style=\"flex-basis:10%\"><\/div>\n<\/div>\n","protected":false},"excerpt":{"rendered":"<p>C\u00f3digo de conducta para miembros individuales de la Internet Society Participaci\u00f3n, protocolo y normas comunitarias Versi\u00f3n de 2019 \u00a1Gracias por formar parte de la comunidad de la Internet Society! Nuestra misi\u00f3n es crear una Internet abierta, segura, fiable y conectada a nivel mundial para todos. Para que nuestra comunidad mundial pueda colaborar, participar e intercambiar [&hellip;]<\/p>\n","protected":false},"author":46,"featured_media":0,"parent":65927,"menu_order":0,"comment_status":"closed","ping_status":"closed","template":"page-wide.php","meta":{"_acf_changed":false,"_uag_custom_page_level_css":"","footnotes":""},"categories":[5694],"tags":[],"region_news_regions":[],"content_category":[],"ppma_author":[4057],"class_list":["post-101963","page","type-page","status-publish","hentry","category-comunidad"],"acf":[],"uagb_featured_image_src":{"full":false,"thumbnail":false,"medium":false,"medium_large":false,"large":false,"1536x1536":false,"2048x2048":false,"post-thumbnail":false,"square":false,"gform-image-choice-sm":false,"gform-image-choice-md":false,"gform-image-choice-lg":false},"uagb_author_info":{"display_name":"Ivana Trbovic","author_link":"https:\/\/www.internetsociety.org\/es\/author\/trbovic\/"},"uagb_comment_info":0,"uagb_excerpt":"C\u00f3digo de conducta para miembros individuales de la Internet Society Participaci\u00f3n, protocolo y normas comunitarias Versi\u00f3n de 2019 \u00a1Gracias por formar parte de la comunidad de la Internet Society! Nuestra misi\u00f3n es crear una Internet abierta, segura, fiable y conectada a nivel mundial para todos. Para que nuestra comunidad mundial pueda colaborar, participar e intercambiar&hellip;","_links":{"self":[{"href":"https:\/\/www.internetsociety.org\/es\/wp-json\/wp\/v2\/pages\/101963","targetHints":{"allow":["GET"]}}],"collection":[{"href":"https:\/\/www.internetsociety.org\/es\/wp-json\/wp\/v2\/pages"}],"about":[{"href":"https:\/\/www.internetsociety.org\/es\/wp-json\/wp\/v2\/types\/page"}],"author":[{"embeddable":true,"href":"https:\/\/www.internetsociety.org\/es\/wp-json\/wp\/v2\/users\/46"}],"replies":[{"embeddable":true,"href":"https:\/\/www.internetsociety.org\/es\/wp-json\/wp\/v2\/comments?post=101963"}],"version-history":[{"count":0,"href":"https:\/\/www.internetsociety.org\/es\/wp-json\/wp\/v2\/pages\/101963\/revisions"}],"up":[{"embeddable":true,"href":"https:\/\/www.internetsociety.org\/es\/wp-json\/wp\/v2\/pages\/65927"}],"wp:attachment":[{"href":"https:\/\/www.internetsociety.org\/es\/wp-json\/wp\/v2\/media?parent=101963"}],"wp:term":[{"taxonomy":"category","embeddable":true,"href":"https:\/\/www.internetsociety.org\/es\/wp-json\/wp\/v2\/categories?post=101963"},{"taxonomy":"post_tag","embeddable":true,"href":"https:\/\/www.internetsociety.org\/es\/wp-json\/wp\/v2\/tags?post=101963"},{"taxonomy":"region_news_regions","embeddable":true,"href":"https:\/\/www.internetsociety.org\/es\/wp-json\/wp\/v2\/region_news_regions?post=101963"},{"taxonomy":"content_category","embeddable":true,"href":"https:\/\/www.internetsociety.org\/es\/wp-json\/wp\/v2\/content_category?post=101963"},{"taxonomy":"author","embeddable":true,"href":"https:\/\/www.internetsociety.org\/es\/wp-json\/wp\/v2\/ppma_author?post=101963"}],"curies":[{"name":"wp","href":"https:\/\/api.w.org\/{rel}","templated":true}]}}